{"id":2726,"date":"2018-08-25T22:08:40","date_gmt":"2018-08-25T20:08:40","guid":{"rendered":"http:\/\/diablofans.ddev.site\/d2\/prostredi-lokace-4-akt\/"},"modified":"2018-08-25T22:08:40","modified_gmt":"2018-08-25T20:08:40","slug":"prostredi-lokace-4-akt","status":"publish","type":"page","link":"https:\/\/www.diablofans.cz\/d2\/prostredi-lokace-4-akt\/","title":{"rendered":"Prost\u0159ed\u00ed &#8211; Lokace &#8211; 4. akt"},"content":{"rendered":"<br \/>\n<h3>The Pandemonium Fortress (Pevnost Pandemonium)<\/h3>\n<p><a href=\"images\/zakladni-info\/prostredi\/lokace\/4akt\/pandemonium_fortress.jpg\" onclick=\"return hs.expand(this)\"><img loading=\"lazy\" decoding=\"async\" src=\"https:\/\/www.diablofans.cz\/d2\/wp-content\/uploads\/2018\/08\/pandemonium_fortress-nahled.jpg\" alt=\"pandemonium_fortress-nahled\" class=\"img-right\" width=\"300\" height=\"225\" \/><\/a> \u00darovn\u011b:<\/p>\n<ul>\n<li>\u017e\u00e1dn\u00e9<\/li>\n<\/ul>\n<p>Questy:<\/p>\n<ul>\n<li>\u017e\u00e1dn\u00e9<\/li>\n<\/ul>\n<p>Waypoint:<\/p>\n<ul>\n<li>ano (fixn\u011b um\u00edst\u011bn\u00a0\u2013 na severov\u00fdchod\u011b pevnosti)<\/li>\n<\/ul>\n<p>Dal\u0161\u00ed zaj\u00edmavosti:<\/p>\n<ul>\n<li>hlavn\u00ed s\u00eddlo 4.\u00a0aktu<\/li>\n<li>NPC postavy<\/li>\n<li>truhla<\/li>\n<li>mo\u017enost obchodu<\/li>\n<\/ul>\n<h3>Outer Steppes (Vn\u011bj\u0161\u00ed stepi)<\/h3>\n<p><a href=\"images\/zakladni-info\/prostredi\/lokace\/4akt\/outer_steeps.jpg\" onclick=\"return hs.expand(this)\"><img loading=\"lazy\" decoding=\"async\" src=\"https:\/\/www.diablofans.cz\/d2\/wp-content\/uploads\/2018\/08\/outer_steeps-nahled.jpg\" alt=\"Outer Steppes-nahled\" class=\"img-right\" width=\"300\" height=\"225\" \/><\/a> \u00darovn\u011b:<\/p>\n<ul>\n<li>\u017e\u00e1dn\u00e9<\/li>\n<\/ul>\n<p>Questy:<\/p>\n<ul>\n<li>\u017e\u00e1dn\u00e9<\/li>\n<\/ul>\n<p>Waypoint:<\/p>\n<ul>\n<li>ne<\/li>\n<\/ul>\n<p>Dal\u0161\u00ed zaj\u00edmavosti:<\/p>\n<ul>\n<li>\u017e\u00e1dn\u00e9<\/li>\n<\/ul>\n<h3 class=\"srovnat\">Plains of Despair (Pl\u00e1n\u011b zoufalstv\u00ed)<\/h3>\n<p><a href=\"images\/zakladni-info\/prostredi\/lokace\/4akt\/plains_of_despair.jpg\" onclick=\"return hs.expand(this)\"><img loading=\"lazy\" decoding=\"async\" src=\"https:\/\/www.diablofans.cz\/d2\/wp-content\/uploads\/2018\/08\/plains_of_despair-nahled.jpg\" alt=\"Plains of Despair-nahled\" class=\"img-right\" width=\"300\" height=\"225\" \/><\/a> \u00darovn\u011b:<\/p>\n<ul>\n<li>\u017e\u00e1dn\u00e9<\/li>\n<\/ul>\n<p>Questy:<\/p>\n<ul>\n<li><a href=\"https:\/\/www.diablofans.cz\/d2\/questy-4-akt#quest1\">The Fallen Angel<\/a> (padl\u00fd and\u011bl Izual)<\/li>\n<\/ul>\n<p>Waypoint:<\/p>\n<ul>\n<li>ne<\/li>\n<\/ul>\n<p>Dal\u0161\u00ed zaj\u00edmavosti:<\/p>\n<ul>\n<li>\u017e\u00e1dn\u00e9<\/li>\n<\/ul>\n<h3 class=\"srovnat\">City of the Damned (M\u011bsto zatracen\u00fdch)<\/h3>\n<p><a href=\"images\/zakladni-info\/prostredi\/lokace\/4akt\/city_of_the_damned.jpg\" onclick=\"return hs.expand(this)\"><img loading=\"lazy\" decoding=\"async\" src=\"https:\/\/www.diablofans.cz\/d2\/wp-content\/uploads\/2018\/08\/city_of_the_damned-nahled.jpg\" alt=\"City of the Damned-nahled\" class=\"img-right\" width=\"300\" height=\"225\" \/><\/a> \u00darovn\u011b:<\/p>\n<ul>\n<li>\u017e\u00e1dn\u00e9<\/li>\n<\/ul>\n<p>Questy:<\/p>\n<ul>\n<li>\u017e\u00e1dn\u00e9<\/li>\n<\/ul>\n<p>Waypoint:<\/p>\n<ul>\n<li>ano (fixn\u011b um\u00edst\u011bn\u00a0\u2013 nedaleko vstupu do River of Flame)<\/li>\n<\/ul>\n<p>Dal\u0161\u00ed zaj\u00edmavosti:<\/p>\n<ul>\n<li>\u017e\u00e1dn\u00e9<\/li>\n<\/ul>\n<h3>River of Flame (Ohniv\u00e1 \u0159eka)<\/h3>\n<p><a href=\"images\/zakladni-info\/prostredi\/lokace\/4akt\/river_of_flame.jpg\" onclick=\"return hs.expand(this)\"><img loading=\"lazy\" decoding=\"async\" src=\"https:\/\/www.diablofans.cz\/d2\/wp-content\/uploads\/2018\/08\/river_of_flame-nahled.jpg\" alt=\"River of Flame-nahled\" class=\"img-right\" width=\"300\" height=\"225\" \/><\/a> \u00darovn\u011b:<\/p>\n<ul>\n<li>\u017e\u00e1dn\u00e9<\/li>\n<\/ul>\n<p>Questy:<\/p>\n<ul>\n<li><a href=\"https:\/\/www.diablofans.cz\/d2\/questy-4-akt#quest2\">Hell&#8217;s\u00a0Forge<\/a><\/li>\n<\/ul>\n<p>Waypoint:<\/p>\n<ul>\n<li>ano (fixn\u011b um\u00edst\u011bn\u00a0\u2013 nedaleko od n\u011bj se nach\u00e1z\u00ed and\u011bl Hadriel)<\/li>\n<\/ul>\n<p>Dal\u0161\u00ed zaj\u00edmavosti:<\/p>\n<ul>\n<li>and\u011bl Hadriel<\/li>\n<li>unik\u00e1tn\u00ed boss Hephasto the Armorer st\u0159e\u017e\u00edc\u00ed pekelnou kov\u00e1rnu<\/li>\n<\/ul>\n<h3 id=\"chaos\"><a href=\"#chaos\">Chaos Sanctuary (Svatyn\u011b chaosu)<\/a><\/h3>\n<p><a href=\"images\/zakladni-info\/prostredi\/lokace\/4akt\/chaos_sanctuary.jpg\" onclick=\"return hs.expand(this)\"><img loading=\"lazy\" decoding=\"async\" src=\"https:\/\/www.diablofans.cz\/d2\/wp-content\/uploads\/2018\/08\/chaos_sanctuary-nahled.jpg\" alt=\"Chaos Sanctuary-nahled\" class=\"img-right\" width=\"300\" height=\"225\" \/><\/a> \u00darovn\u011b:<\/p>\n<ul>\n<li>\u017e\u00e1dn\u00e9<\/li>\n<\/ul>\n<p>Questy:<\/p>\n<ul>\n<li><a href=\"https:\/\/www.diablofans.cz\/d2\/questy-4-akt#quest3\">Terror&#8217;s\u00a0End<\/a> (Akt boss Diablo uprost\u0159ed pentagramu)<\/li>\n<\/ul>\n<p>Waypoint:<\/p>\n<ul>\n<li>ne<\/li>\n<\/ul>\n<p>Dal\u0161\u00ed zaj\u00edmavosti:<\/p>\n<ul>\n<li>fixn\u00ed podoba lokace<\/li>\n<li>pentagram uprost\u0159ed lokace<\/li>\n<li>syst\u00e9m 5\u00a0pe\u010det\u00ed (seals)<\/li>\n<li>unik\u00e1tn\u00ed bossov\u00e9 Grand Vizier of Chaos (jedna z\u00a0pe\u010det\u00ed na severoz\u00e1pad\u011b), Lord De Seis (pe\u010de\u0165 na v\u00fdchod\u011b) a Infector of Souls (jedna z\u00a0pe\u010det\u00ed na jihov\u00fdchod\u011b)<\/li>\n<\/ul>\n<p style=\"text-align:center\">&#8212;\u00a0\u2014 &#8212;\u00a0\u2014 &#8212;\u00a0\u2014 &#8212;\u00a0\u2014 &#8212;\u00a0\u2014 &#8212;\u00a0\u2014 &#8212;\u00a0\u2014 &#8212;\u00a0\u2014 &#8212;\u00a0\u2014 &#8212;\u00a0\u2014 &#8212;\u00a0\u2014\u00a0&#8212;<\/p>\n<p style=\"text-align:center\"><a href=\"https:\/\/www.diablofans.cz\/d2\/prostredi#lokace\">\u00ab Zp\u011bt do sekce Prost\u0159ed\u00ed\u00a0\u2013 Lokace.<\/a><\/p>\n<p> <!-- by Texy2! --><\/p>\n","protected":false},"excerpt":{"rendered":"<p>The Pandemonium Fortress (Pevnost Pandemonium) \u00darovn\u011b: \u017e\u00e1dn\u00e9 Questy: \u017e\u00e1dn\u00e9 Waypoint: ano (fixn\u011b um\u00edst\u011bn\u00a0\u2013 na severov\u00fdchod\u011b pevnosti) Dal\u0161\u00ed zaj\u00edmavosti: hlavn\u00ed s\u00eddlo 4.\u00a0aktu NPC postavy truhla mo\u017enost obchodu Outer Steppes (Vn\u011bj\u0161\u00ed stepi) \u00darovn\u011b: \u017e\u00e1dn\u00e9 Questy: \u017e\u00e1dn\u00e9 Waypoint: ne Dal\u0161\u00ed zaj\u00edmavosti: \u017e\u00e1dn\u00e9 Plains of Despair (Pl\u00e1n\u011b zoufalstv\u00ed) \u00darovn\u011b: \u017e\u00e1dn\u00e9 Questy: The Fallen Angel (padl\u00fd and\u011bl Izual) Waypoint: ne [&#8230;]<\/p>\n<p><a class=\"btn btn-secondary understrap-read-more-link\" href=\"https:\/\/www.diablofans.cz\/d2\/prostredi-lokace-4-akt\/\">\u010c\u00edst d\u00e1le&#8230;<span class=\"screen-reader-text\"> from Prost\u0159ed\u00ed &#8211; Lokace &#8211; 4. akt<\/span><\/a><\/p>\n","protected":false},"author":1,"featured_media":0,"parent":0,"menu_order":0,"comment_status":"open","ping_status":"open","template":"","meta":{"footnotes":""},"class_list":["post-2726","page","type-page","status-publish","hentry"],"_links":{"self":[{"href":"https:\/\/www.diablofans.cz\/d2\/wp-json\/wp\/v2\/pages\/2726","targetHints":{"allow":["GET"]}}],"collection":[{"href":"https:\/\/www.diablofans.cz\/d2\/wp-json\/wp\/v2\/pages"}],"about":[{"href":"https:\/\/www.diablofans.cz\/d2\/wp-json\/wp\/v2\/types\/page"}],"author":[{"embeddable":true,"href":"https:\/\/www.diablofans.cz\/d2\/wp-json\/wp\/v2\/users\/1"}],"replies":[{"embeddable":true,"href":"https:\/\/www.diablofans.cz\/d2\/wp-json\/wp\/v2\/comments?post=2726"}],"version-history":[{"count":0,"href":"https:\/\/www.diablofans.cz\/d2\/wp-json\/wp\/v2\/pages\/2726\/revisions"}],"wp:attachment":[{"href":"https:\/\/www.diablofans.cz\/d2\/wp-json\/wp\/v2\/media?parent=2726"}],"curies":[{"name":"wp","href":"https:\/\/api.w.org\/{rel}","templated":true}]}}