{"id":2727,"date":"2018-08-25T22:08:40","date_gmt":"2018-08-25T20:08:40","guid":{"rendered":"http:\/\/diablofans.ddev.site\/d2\/prostredi-lokace-3-akt\/"},"modified":"2018-08-25T22:08:40","modified_gmt":"2018-08-25T20:08:40","slug":"prostredi-lokace-3-akt","status":"publish","type":"page","link":"https:\/\/www.diablofans.cz\/d2\/prostredi-lokace-3-akt\/","title":{"rendered":"Prost\u0159ed\u00ed &#8211; Lokace &#8211; 3. akt"},"content":{"rendered":"<br \/>\n<h3>Kurast Docks (Kurastsk\u00e9 p\u0159\u00edstavy)<\/h3>\n<p><a href=\"images\/zakladni-info\/prostredi\/lokace\/3akt\/kurast_docks.jpg\" onclick=\"return hs.expand(this)\"><img loading=\"lazy\" decoding=\"async\" src=\"https:\/\/www.diablofans.cz\/d2\/wp-content\/uploads\/2018\/08\/kurast_docks-nahled.jpg\" alt=\"kurast_docks-nahled\" class=\"img-right\" width=\"300\" height=\"225\" \/><\/a> \u00darovn\u011b:<\/p>\n<ul>\n<li>\u017e\u00e1dn\u00e9<\/li>\n<\/ul>\n<p>Questy:<\/p>\n<ul>\n<li>\u017e\u00e1dn\u00e9<\/li>\n<\/ul>\n<p>Waypoint:<\/p>\n<ul>\n<li>ano (fixn\u011b um\u00edst\u011bn\u00a0\u2013 na jih od truhly)<\/li>\n<\/ul>\n<p>Dal\u0161\u00ed zaj\u00edmavosti:<\/p>\n<ul>\n<li>hlavn\u00ed s\u00eddlo 3.\u00a0aktu<\/li>\n<li>NPC postavy<\/li>\n<li>truhla<\/li>\n<li>mo\u017enost obchodu<\/li>\n<\/ul>\n<h3>Spider Forest (Pavou\u010d\u00ed les)<\/h3>\n<p><a href=\"images\/zakladni-info\/prostredi\/lokace\/3akt\/spider_forest.jpg\" onclick=\"return hs.expand(this)\"><img loading=\"lazy\" decoding=\"async\" src=\"https:\/\/www.diablofans.cz\/d2\/wp-content\/uploads\/2018\/08\/spider_forest-nahled.jpg\" alt=\"Spider Forest-nahled\" class=\"img-right\" width=\"300\" height=\"225\" \/><\/a> \u00darovn\u011b:<\/p>\n<ul>\n<li>\u017e\u00e1dn\u00e9<\/li>\n<\/ul>\n<p>Questy:<\/p>\n<ul>\n<li>\u017e\u00e1dn\u00e9<\/li>\n<\/ul>\n<p>Waypoint:<\/p>\n<ul>\n<li>ano<\/li>\n<\/ul>\n<p>Dal\u0161\u00ed zaj\u00edmavosti:<\/p>\n<ul>\n<li>vstup do jeskyn\u00ed Arachnid Lair a Spider Cavern<\/li>\n<\/ul>\n<h3>Arachnid Lair (Doup\u011b Arachnid\u016f)<\/h3>\n<p><a href=\"images\/zakladni-info\/prostredi\/lokace\/3akt\/arachnoids_den.jpg\" onclick=\"return hs.expand(this)\"><img loading=\"lazy\" decoding=\"async\" src=\"https:\/\/www.diablofans.cz\/d2\/wp-content\/uploads\/2018\/08\/arachnoids_den-nahled.jpg\" alt=\"Arachnoid's\u00a0Den-nahled\" class=\"img-right\" width=\"300\" height=\"225\" \/><\/a> \u00darovn\u011b:<\/p>\n<ul>\n<li>\u017e\u00e1dn\u00e9<\/li>\n<\/ul>\n<p>Questy:<\/p>\n<ul>\n<li>\u017e\u00e1dn\u00e9<\/li>\n<\/ul>\n<p>Waypoint:<\/p>\n<ul>\n<li>ne<\/li>\n<\/ul>\n<p>Dal\u0161\u00ed zaj\u00edmavosti:<\/p>\n<ul>\n<li>\u017e\u00e1dn\u00e9<\/li>\n<\/ul>\n<h3 class=\"srovnat\">Spider Cavern (Pavou\u010d\u00ed jeskyn\u011b)<\/h3>\n<p><a href=\"images\/zakladni-info\/prostredi\/lokace\/3akt\/spider_cavern.jpg\" onclick=\"return hs.expand(this)\"><img loading=\"lazy\" decoding=\"async\" src=\"https:\/\/www.diablofans.cz\/d2\/wp-content\/uploads\/2018\/08\/spider_cavern-nahled.jpg\" alt=\"Spider Cavern-nahled\" class=\"img-right\" width=\"300\" height=\"225\" \/><\/a> \u00darovn\u011b:<\/p>\n<ul>\n<li>\u017e\u00e1dn\u00e9<\/li>\n<\/ul>\n<p>Questy:<\/p>\n<ul>\n<li><a href=\"https:\/\/www.diablofans.cz\/d2\/questy-3-akt#quest3\">Khalim&#8217;s\u00a0Will<\/a> (Khalim&#8217;s\u00a0Eye)<\/li>\n<\/ul>\n<p>Waypoint:<\/p>\n<ul>\n<li>ne<\/li>\n<\/ul>\n<p>Dal\u0161\u00ed zaj\u00edmavosti:<\/p>\n<ul>\n<li>unik\u00e1tn\u00ed boss Sszark the Burning<\/li>\n<\/ul>\n<h3 class=\"srovnat\">Great Marsh (Velk\u00e9 mo\u010d\u00e1ly)<\/h3>\n<p><a href=\"images\/zakladni-info\/prostredi\/lokace\/3akt\/great_marsh.jpg\" onclick=\"return hs.expand(this)\"><img loading=\"lazy\" decoding=\"async\" src=\"https:\/\/www.diablofans.cz\/d2\/wp-content\/uploads\/2018\/08\/great_marsh-nahled.jpg\" alt=\"Great Marsh-nahled\" class=\"img-right\" width=\"300\" height=\"225\" \/><\/a> \u00darovn\u011b:<\/p>\n<ul>\n<li>\u017e\u00e1dn\u00e9<\/li>\n<\/ul>\n<p>Questy:<\/p>\n<ul>\n<li>\u017e\u00e1dn\u00e9<\/li>\n<\/ul>\n<p>Waypoint:<\/p>\n<ul>\n<li>ano<\/li>\n<\/ul>\n<p>Dal\u0161\u00ed zaj\u00edmavosti:<\/p>\n<ul>\n<li>\u017e\u00e1dn\u00e9<\/li>\n<\/ul>\n<h3 class=\"srovnat\">Flayer Jungle (D\u017eungle lidojed\u016f)<\/h3>\n<p><a href=\"images\/zakladni-info\/prostredi\/lokace\/3akt\/flayer_jungle.jpg\" onclick=\"return hs.expand(this)\"><img loading=\"lazy\" decoding=\"async\" src=\"https:\/\/www.diablofans.cz\/d2\/wp-content\/uploads\/2018\/08\/flayer_jungle-nahled.jpg\" alt=\"Flayer Jungle-nahled\" class=\"img-right\" width=\"300\" height=\"225\" \/><\/a> \u00darovn\u011b:<\/p>\n<ul>\n<li>\u017e\u00e1dn\u00e9<\/li>\n<\/ul>\n<p>Questy:<\/p>\n<ul>\n<li><a href=\"https:\/\/www.diablofans.cz\/d2\/questy-3-akt#quest2\">Blade of the Old Religion<\/a> (d\u00fdka Gidbinn)<\/li>\n<\/ul>\n<p>Waypoint:<\/p>\n<ul>\n<li>ano<\/li>\n<\/ul>\n<p>Dal\u0161\u00ed zaj\u00edmavosti:<\/p>\n<ul>\n<li>vstup do Swampy Pit a Flayer Dungeon<\/li>\n<\/ul>\n<h3 class=\"srovnat\">Flayer Dungeon (Hladomorna lidojed\u016f)<\/h3>\n<p><a href=\"images\/zakladni-info\/prostredi\/lokace\/3akt\/flayer_dungeon.jpg\" onclick=\"return hs.expand(this)\"><img loading=\"lazy\" decoding=\"async\" src=\"https:\/\/www.diablofans.cz\/d2\/wp-content\/uploads\/2018\/08\/flayer_dungeon-nahled.jpg\" alt=\"Flayer Dungeon-nahled\" class=\"img-right\" width=\"300\" height=\"225\" \/><\/a> \u00darovn\u011b:<\/p>\n<ul>\n<li>3<\/li>\n<\/ul>\n<p>Questy:<\/p>\n<ul>\n<li><a href=\"https:\/\/www.diablofans.cz\/d2\/questy-3-akt#quest3\">Khalim&#8217;s\u00a0Will<\/a> (Khalim&#8217;s\u00a0Brain)<\/li>\n<\/ul>\n<p>Waypoint:<\/p>\n<ul>\n<li>ne<\/li>\n<\/ul>\n<p>Dal\u0161\u00ed zaj\u00edmavosti:<\/p>\n<ul>\n<li>unik\u00e1tn\u00ed boss Witch Doctor Endugu ve Flayer Dungeon Level\u00a03<\/li>\n<\/ul>\n<h3>Swampy Pit (Bahnit\u00e1 \u0161achta)<\/h3>\n<p><a href=\"images\/zakladni-info\/prostredi\/lokace\/3akt\/swampy_pit.jpg\" onclick=\"return hs.expand(this)\"><img loading=\"lazy\" decoding=\"async\" src=\"https:\/\/www.diablofans.cz\/d2\/wp-content\/uploads\/2018\/08\/swampy_pit-nahled.jpg\" alt=\"Swampy Pit-nahled\" class=\"img-right\" width=\"300\" height=\"225\" \/><\/a> \u00darovn\u011b:<\/p>\n<ul>\n<li>3<\/li>\n<\/ul>\n<p>Questy:<\/p>\n<ul>\n<li>\u017e\u00e1dn\u00e9<\/li>\n<\/ul>\n<p>Waypoint:<\/p>\n<ul>\n<li>ne<\/li>\n<\/ul>\n<p>Dal\u0161\u00ed zaj\u00edmavosti:<\/p>\n<ul>\n<li>\u017e\u00e1dn\u00e9<\/li>\n<\/ul>\n<h3 class=\"srovnat\">Lower Kurast (Doln\u00ed Kurast)<\/h3>\n<p><a href=\"images\/zakladni-info\/prostredi\/lokace\/3akt\/lower_kurast.jpg\" onclick=\"return hs.expand(this)\"><img loading=\"lazy\" decoding=\"async\" src=\"https:\/\/www.diablofans.cz\/d2\/wp-content\/uploads\/2018\/08\/lower_kurast-nahled.jpg\" alt=\"Lower Kurast-nahled\" class=\"img-right\" width=\"300\" height=\"225\" \/><\/a> \u00darovn\u011b:<\/p>\n<ul>\n<li>\u017e\u00e1dn\u00e9<\/li>\n<\/ul>\n<p>Questy:<\/p>\n<ul>\n<li>\u017e\u00e1dn\u00e9<\/li>\n<\/ul>\n<p>Waypoint:<\/p>\n<ul>\n<li>ano<\/li>\n<\/ul>\n<p>Dal\u0161\u00ed zaj\u00edmavosti:<\/p>\n<ul>\n<li>unik\u00e1tn\u00ed boss Stormtree, kter\u00fd st\u0159e\u017e\u00ed vstup do Lower Kurastu z\u00a0Flayer\u00a0Jungle<\/li>\n<\/ul>\n<h3>Kurast Bazaar (Kurastsk\u00fd Bazar)<\/h3>\n<p><a href=\"images\/zakladni-info\/prostredi\/lokace\/3akt\/kurast_bazaar.jpg\" onclick=\"return hs.expand(this)\"><img loading=\"lazy\" decoding=\"async\" src=\"https:\/\/www.diablofans.cz\/d2\/wp-content\/uploads\/2018\/08\/kurast_bazaar-nahled.jpg\" alt=\"Kurast Bazaar-nahled\" class=\"img-right\" width=\"300\" height=\"225\" \/><\/a> \u00darovn\u011b:<\/p>\n<ul>\n<li>\u017e\u00e1dn\u00e9<\/li>\n<\/ul>\n<p>Questy:<\/p>\n<ul>\n<li>\u017e\u00e1dn\u00e9<\/li>\n<\/ul>\n<p>Waypoint:<\/p>\n<ul>\n<li>ano<\/li>\n<\/ul>\n<p>Dal\u0161\u00ed zaj\u00edmavosti:<\/p>\n<ul>\n<li>vstup do Disused Fane, Ruined Temple a Sewers<\/li>\n<\/ul>\n<h3>Disused Fane (Opu\u0161t\u011bn\u00fd chr\u00e1m)<\/h3>\n<p><a href=\"images\/zakladni-info\/prostredi\/lokace\/3akt\/disused_fane.jpg\" onclick=\"return hs.expand(this)\"><img loading=\"lazy\" decoding=\"async\" src=\"https:\/\/www.diablofans.cz\/d2\/wp-content\/uploads\/2018\/08\/disused_fane-nahled.jpg\" alt=\"Disused Fane-nahled\" class=\"img-right\" width=\"300\" height=\"225\" \/><\/a> \u00darovn\u011b:<\/p>\n<ul>\n<li>\u017e\u00e1dn\u00e9<\/li>\n<\/ul>\n<p>Questy:<\/p>\n<ul>\n<li>\u017e\u00e1dn\u00e9<\/li>\n<\/ul>\n<p>Waypoint:<\/p>\n<ul>\n<li>ne<\/li>\n<\/ul>\n<p>Dal\u0161\u00ed zaj\u00edmavosti:<\/p>\n<ul>\n<li>\u017e\u00e1dn\u00e9<\/li>\n<\/ul>\n<h3 class=\"srovnat\">Ruined Temple (Rozpadl\u00fd chr\u00e1m)<\/h3>\n<p><a href=\"images\/zakladni-info\/prostredi\/lokace\/3akt\/ruined_temple.jpg\" onclick=\"return hs.expand(this)\"><img loading=\"lazy\" decoding=\"async\" src=\"https:\/\/www.diablofans.cz\/d2\/wp-content\/uploads\/2018\/08\/ruined_temple-nahled.jpg\" alt=\"Ruined Temple-nahled\" class=\"img-right\" width=\"300\" height=\"225\" \/><\/a> \u00darovn\u011b:<\/p>\n<ul>\n<li>\u017e\u00e1dn\u00e9<\/li>\n<\/ul>\n<p>Questy:<\/p>\n<ul>\n<li><a href=\"https:\/\/www.diablofans.cz\/d2\/questy-3-akt#quest4\">Lam Esen&#8217;s\u00a0Tome<\/a> (kniha Lam Esen&#8217;s\u00a0Tome na podstavci)<\/li>\n<\/ul>\n<p>Waypoint:<\/p>\n<ul>\n<li>ne<\/li>\n<\/ul>\n<p>Dal\u0161\u00ed zaj\u00edmavosti:<\/p>\n<ul>\n<li>unik\u00e1tn\u00ed boss Battlemaid Sarina<\/li>\n<\/ul>\n<h3>Sewers (Stoky)<\/h3>\n<p><a href=\"images\/zakladni-info\/prostredi\/lokace\/3akt\/sewers.jpg\" onclick=\"return hs.expand(this)\"><img loading=\"lazy\" decoding=\"async\" src=\"https:\/\/www.diablofans.cz\/d2\/wp-content\/uploads\/2018\/08\/sewers-nahled.jpg\" alt=\"Sewers-nahled\" class=\"img-right\" width=\"300\" height=\"225\" \/><\/a> \u00darovn\u011b:<\/p>\n<ul>\n<li>2<\/li>\n<\/ul>\n<p>Questy:<\/p>\n<ul>\n<li><a href=\"https:\/\/www.diablofans.cz\/d2\/questy-3-akt#quest3\">Khalim&#8217;s\u00a0Will<\/a> (Khalim&#8217;s\u00a0Heart v\u00a0Sewers Level\u00a02)<\/li>\n<\/ul>\n<p>Waypoint:<\/p>\n<ul>\n<li>ne<\/li>\n<\/ul>\n<p>Dal\u0161\u00ed zaj\u00edmavosti:<\/p>\n<ul>\n<li>unik\u00e1tn\u00ed boss Icehawk Rifting<\/li>\n<\/ul>\n<h3>Upper Kurast (Horn\u00ed Kurast)<\/h3>\n<p><a href=\"images\/zakladni-info\/prostredi\/lokace\/3akt\/upper_kurast.jpg\" onclick=\"return hs.expand(this)\"><img loading=\"lazy\" decoding=\"async\" src=\"https:\/\/www.diablofans.cz\/d2\/wp-content\/uploads\/2018\/08\/upper_kurast-nahled.jpg\" alt=\"Upper Kurast-nahled\" class=\"img-right\" width=\"300\" height=\"225\" \/><\/a> \u00darovn\u011b:<\/p>\n<ul>\n<li>\u017e\u00e1dn\u00e9<\/li>\n<\/ul>\n<p>Questy:<\/p>\n<ul>\n<li>\u017e\u00e1dn\u00e9<\/li>\n<\/ul>\n<p>Waypoint:<\/p>\n<ul>\n<li>ano<\/li>\n<\/ul>\n<p>Dal\u0161\u00ed zaj\u00edmavosti:<\/p>\n<ul>\n<li>vstup do Forgotten Reliquary, Forgotten Temple a Sewers<\/li>\n<\/ul>\n<h3 class=\"srovnat\">Forgotten Reliquary (Zapomenut\u00fd relikvi\u00e1\u0159)<\/h3>\n<p><a href=\"images\/zakladni-info\/prostredi\/lokace\/3akt\/forgotten_reliquary.jpg\" onclick=\"return hs.expand(this)\"><img loading=\"lazy\" decoding=\"async\" src=\"https:\/\/www.diablofans.cz\/d2\/wp-content\/uploads\/2018\/08\/forgotten_reliquary-nahled.jpg\" alt=\"Forgotten Reliquary-nahled\" class=\"img-right\" width=\"300\" height=\"225\" \/><\/a> \u00darovn\u011b:<\/p>\n<ul>\n<li>\u017e\u00e1dn\u00e9<\/li>\n<\/ul>\n<p>Questy:<\/p>\n<ul>\n<li>\u017e\u00e1dn\u00e9<\/li>\n<\/ul>\n<p>Waypoint:<\/p>\n<ul>\n<li>ne<\/li>\n<\/ul>\n<p>Dal\u0161\u00ed zaj\u00edmavosti:<\/p>\n<ul>\n<li>\u017e\u00e1dn\u00e9<\/li>\n<\/ul>\n<h3 class=\"srovnat\">Forgotten Temple (Zapomenut\u00fd chr\u00e1m)<\/h3>\n<p><a href=\"images\/zakladni-info\/prostredi\/lokace\/3akt\/forgotten_temple.jpg\" onclick=\"return hs.expand(this)\"><img loading=\"lazy\" decoding=\"async\" src=\"https:\/\/www.diablofans.cz\/d2\/wp-content\/uploads\/2018\/08\/forgotten_temple-nahled.jpg\" alt=\"Forgotten Temple-nahled\" class=\"img-right\" width=\"300\" height=\"225\" \/><\/a> \u00darovn\u011b:<\/p>\n<ul>\n<li>\u017e\u00e1dn\u00e9<\/li>\n<\/ul>\n<p>Questy:<\/p>\n<ul>\n<li>\u017e\u00e1dn\u00e9<\/li>\n<\/ul>\n<p>Waypoint:<\/p>\n<ul>\n<li>ne<\/li>\n<\/ul>\n<p>Dal\u0161\u00ed zaj\u00edmavosti:<\/p>\n<ul>\n<li>\u017e\u00e1dn\u00e9<\/li>\n<\/ul>\n<h3 class=\"srovnat\">Kurast Causeway (Kurastsk\u00e1 hr\u00e1z)<\/h3>\n<p><a href=\"images\/zakladni-info\/prostredi\/lokace\/3akt\/kurast_causeway.jpg\" onclick=\"return hs.expand(this)\"><img loading=\"lazy\" decoding=\"async\" src=\"https:\/\/www.diablofans.cz\/d2\/wp-content\/uploads\/2018\/08\/kurast_causeway-nahled.jpg\" alt=\"Kurast Causeway-nahled\" class=\"img-right\" width=\"300\" height=\"225\" \/><\/a> \u00darovn\u011b:<\/p>\n<ul>\n<li>\u017e\u00e1dn\u00e9<\/li>\n<\/ul>\n<p>Questy:<\/p>\n<ul>\n<li>\u017e\u00e1dn\u00e9<\/li>\n<\/ul>\n<p>Waypoint:<\/p>\n<ul>\n<li>ne<\/li>\n<\/ul>\n<p>Dal\u0161\u00ed zaj\u00edmavosti:<\/p>\n<ul>\n<li>vstup do Disused Reliquary a Ruined Fane<\/li>\n<\/ul>\n<h3 class=\"srovnat\">Disused Reliquary (Opu\u0161t\u011bn\u00fd relikvi\u00e1\u0159)<\/h3>\n<p><a href=\"images\/zakladni-info\/prostredi\/lokace\/3akt\/disused_reliquary.jpg\" onclick=\"return hs.expand(this)\"><img loading=\"lazy\" decoding=\"async\" src=\"https:\/\/www.diablofans.cz\/d2\/wp-content\/uploads\/2018\/08\/disused_reliquary-nahled.jpg\" alt=\"Disused Reliquary-nahled\" class=\"img-right\" width=\"300\" height=\"225\" \/><\/a> \u00darovn\u011b:<\/p>\n<ul>\n<li>\u017e\u00e1dn\u00e9<\/li>\n<\/ul>\n<p>Questy:<\/p>\n<ul>\n<li>\u017e\u00e1dn\u00e9<\/li>\n<\/ul>\n<p>Waypoint:<\/p>\n<ul>\n<li>ne<\/li>\n<\/ul>\n<p>Dal\u0161\u00ed zaj\u00edmavosti:<\/p>\n<ul>\n<li>\u017e\u00e1dn\u00e9<\/li>\n<\/ul>\n<h3 class=\"srovnat\">Ruined Fane (Rozpadl\u00fd chr\u00e1m)<\/h3>\n<p><a href=\"images\/zakladni-info\/prostredi\/lokace\/3akt\/ruined_fane.jpg\" onclick=\"return hs.expand(this)\"><img loading=\"lazy\" decoding=\"async\" src=\"https:\/\/www.diablofans.cz\/d2\/wp-content\/uploads\/2018\/08\/ruined_fane-nahled.jpg\" alt=\"Ruined Fane-nahled\" class=\"img-right\" width=\"300\" height=\"225\" \/><\/a> \u00darovn\u011b:<\/p>\n<ul>\n<li>\u017e\u00e1dn\u00e9<\/li>\n<\/ul>\n<p>Questy:<\/p>\n<ul>\n<li>\u017e\u00e1dn\u00e9<\/li>\n<\/ul>\n<p>Waypoint:<\/p>\n<ul>\n<li>ne<\/li>\n<\/ul>\n<p>Dal\u0161\u00ed zaj\u00edmavosti:<\/p>\n<ul>\n<li>\u017e\u00e1dn\u00e9<\/li>\n<\/ul>\n<h3 class=\"srovnat\">Travincal<\/h3>\n<p><a href=\"images\/zakladni-info\/prostredi\/lokace\/3akt\/travincal.jpg\" onclick=\"return hs.expand(this)\"><img loading=\"lazy\" decoding=\"async\" src=\"https:\/\/www.diablofans.cz\/d2\/wp-content\/uploads\/2018\/08\/travincal-nahled.jpg\" alt=\"Travincal-nahled\" class=\"img-right\" width=\"300\" height=\"225\" \/><\/a> \u00darovn\u011b:<\/p>\n<ul>\n<li>\u017e\u00e1dn\u00e9<\/li>\n<\/ul>\n<p>Questy:<\/p>\n<ul>\n<li><a href=\"https:\/\/www.diablofans.cz\/d2\/questy-3-akt#quest3\">Khalim&#8217;s\u00a0Will<\/a> (Khalim&#8217;s\u00a0Flail vlastn\u00ed jeden z\u00a0\u010dlen\u016f High Council)<\/li>\n<li><a href=\"https:\/\/www.diablofans.cz\/d2\/questy-3-akt#quest5\">The Blackened Temple<\/a> (High Council\u00a0\u2013 \u010dlenov\u00e9 Vy\u0161\u0161\u00ed\u00a0rady)<\/li>\n<li><a href=\"https:\/\/www.diablofans.cz\/d2\/questy-3-akt#quest6\">The Guardian<\/a> (Compelling Orb a vstup do Durance of\u00a0Hate)<\/li>\n<\/ul>\n<p>Waypoint:<\/p>\n<ul>\n<li>ano (fixn\u011b um\u00edst\u011bn\u00a0\u2013 na z\u00e1pad\u011b)<\/li>\n<\/ul>\n<p>Dal\u0161\u00ed zaj\u00edmavosti:<\/p>\n<ul>\n<li>\u017e\u00e1dn\u00e9<\/li>\n<\/ul>\n<h3>Durance of Hate (Pevnost nen\u00e1visti)<\/h3>\n<p><a href=\"images\/zakladni-info\/prostredi\/lokace\/3akt\/durance_of_hate.jpg\" onclick=\"return hs.expand(this)\"><img loading=\"lazy\" decoding=\"async\" src=\"https:\/\/www.diablofans.cz\/d2\/wp-content\/uploads\/2018\/08\/durance_of_hate-nahled.jpg\" alt=\"Durance of Hate-nahled\" class=\"img-right\" width=\"300\" height=\"225\" \/><\/a> \u00darovn\u011b:<\/p>\n<ul>\n<li>3<\/li>\n<\/ul>\n<p>Questy:<\/p>\n<ul>\n<li><a href=\"https:\/\/www.diablofans.cz\/d2\/questy-3-akt#quest6\">The Guardian<\/a> (Akt boss Mephisto v\u00a0Durance of Hate Level\u00a03)<\/li>\n<\/ul>\n<p>Waypoint:<\/p>\n<ul>\n<li>ano (Durance of Hate Level 2)<\/li>\n<\/ul>\n<p>Dal\u0161\u00ed zaj\u00edmavosti:<\/p>\n<ul>\n<li>vstup do pekeln\u00e9ho port\u00e1lu uprost\u0159ed Durance of Hate Level\u00a03<\/li>\n<\/ul>\n<p class=\"srovnat\" style=\"text-align:center\">&#8212;\u00a0\u2014 &#8212;\u00a0\u2014 &#8212;\u00a0\u2014 &#8212;\u00a0\u2014 &#8212;\u00a0\u2014 &#8212;\u00a0\u2014 &#8212;\u00a0\u2014 &#8212;\u00a0\u2014 &#8212;\u00a0\u2014 &#8212;\u00a0\u2014 &#8212;\u00a0\u2014\u00a0&#8212;<\/p>\n<p style=\"text-align:center\"><a href=\"https:\/\/www.diablofans.cz\/d2\/prostredi#lokace\">\u00ab Zp\u011bt do sekce Prost\u0159ed\u00ed\u00a0\u2013 Lokace.<\/a><\/p>\n<p> <!-- by Texy2! --><\/p>\n","protected":false},"excerpt":{"rendered":"<p>Kurast Docks (Kurastsk\u00e9 p\u0159\u00edstavy) \u00darovn\u011b: \u017e\u00e1dn\u00e9 Questy: \u017e\u00e1dn\u00e9 Waypoint: ano (fixn\u011b um\u00edst\u011bn\u00a0\u2013 na jih od truhly) Dal\u0161\u00ed zaj\u00edmavosti: hlavn\u00ed s\u00eddlo 3.\u00a0aktu NPC postavy truhla mo\u017enost obchodu Spider Forest (Pavou\u010d\u00ed les) \u00darovn\u011b: \u017e\u00e1dn\u00e9 Questy: \u017e\u00e1dn\u00e9 Waypoint: ano Dal\u0161\u00ed zaj\u00edmavosti: vstup do jeskyn\u00ed Arachnid Lair a Spider Cavern Arachnid Lair (Doup\u011b Arachnid\u016f) \u00darovn\u011b: \u017e\u00e1dn\u00e9 Questy: \u017e\u00e1dn\u00e9 Waypoint: [&#8230;]<\/p>\n<p><a class=\"btn btn-secondary understrap-read-more-link\" href=\"https:\/\/www.diablofans.cz\/d2\/prostredi-lokace-3-akt\/\">\u010c\u00edst d\u00e1le&#8230;<span class=\"screen-reader-text\"> from Prost\u0159ed\u00ed &#8211; Lokace &#8211; 3. akt<\/span><\/a><\/p>\n","protected":false},"author":1,"featured_media":0,"parent":0,"menu_order":0,"comment_status":"open","ping_status":"open","template":"","meta":{"footnotes":""},"class_list":["post-2727","page","type-page","status-publish","hentry"],"_links":{"self":[{"href":"https:\/\/www.diablofans.cz\/d2\/wp-json\/wp\/v2\/pages\/2727","targetHints":{"allow":["GET"]}}],"collection":[{"href":"https:\/\/www.diablofans.cz\/d2\/wp-json\/wp\/v2\/pages"}],"about":[{"href":"https:\/\/www.diablofans.cz\/d2\/wp-json\/wp\/v2\/types\/page"}],"author":[{"embeddable":true,"href":"https:\/\/www.diablofans.cz\/d2\/wp-json\/wp\/v2\/users\/1"}],"replies":[{"embeddable":true,"href":"https:\/\/www.diablofans.cz\/d2\/wp-json\/wp\/v2\/comments?post=2727"}],"version-history":[{"count":0,"href":"https:\/\/www.diablofans.cz\/d2\/wp-json\/wp\/v2\/pages\/2727\/revisions"}],"wp:attachment":[{"href":"https:\/\/www.diablofans.cz\/d2\/wp-json\/wp\/v2\/media?parent=2727"}],"curies":[{"name":"wp","href":"https:\/\/api.w.org\/{rel}","templated":true}]}}