{"id":2730,"date":"2018-08-25T22:08:40","date_gmt":"2018-08-25T20:08:40","guid":{"rendered":"http:\/\/diablofans.ddev.site\/d2\/prostredi-lokace-5-akt\/"},"modified":"2018-08-25T22:08:40","modified_gmt":"2018-08-25T20:08:40","slug":"prostredi-lokace-5-akt","status":"publish","type":"page","link":"https:\/\/www.diablofans.cz\/d2\/prostredi-lokace-5-akt\/","title":{"rendered":"Prost\u0159ed\u00ed &#8211; Lokace &#8211; 5. akt"},"content":{"rendered":"<br \/>\n<h3>Harrogath<\/h3>\n<p><a href=\"images\/zakladni-info\/prostredi\/lokace\/5akt\/harrogath.jpg\" onclick=\"return hs.expand(this)\"><img loading=\"lazy\" decoding=\"async\" src=\"https:\/\/www.diablofans.cz\/d2\/wp-content\/uploads\/2018\/08\/harrogath-nahled.jpg\" alt=\"harrogath-nahled\" class=\"img-right\" width=\"300\" height=\"225\" \/><\/a> \u00darovn\u011b:<\/p>\n<ul>\n<li>\u017e\u00e1dn\u00e9<\/li>\n<\/ul>\n<p>Questy:<\/p>\n<ul>\n<li>\u017e\u00e1dn\u00e9<\/li>\n<\/ul>\n<p>Waypoint:<\/p>\n<ul>\n<li>ano (fixn\u011b um\u00edst\u011bn\u00a0\u2013 nalevo od truhly)<\/li>\n<\/ul>\n<p>Dal\u0161\u00ed zaj\u00edmavosti:<\/p>\n<ul>\n<li>hlavn\u00ed s\u00eddlo 5.\u00a0aktu<\/li>\n<li>NPC postavy<\/li>\n<li>truhla<\/li>\n<li>mo\u017enost obchodu<\/li>\n<\/ul>\n<h3>Bloody Foothills (Krvav\u00e9 \u00fapat\u00ed)<\/h3>\n<p><a href=\"images\/zakladni-info\/prostredi\/lokace\/5akt\/bloody_foothills.jpg\" onclick=\"return hs.expand(this)\"><img loading=\"lazy\" decoding=\"async\" src=\"https:\/\/www.diablofans.cz\/d2\/wp-content\/uploads\/2018\/08\/bloody_foothills-nahled.jpg\" alt=\"Bloody Foothills-nahled\" class=\"img-right\" width=\"300\" height=\"225\" \/><\/a> \u00darovn\u011b:<\/p>\n<ul>\n<li>\u017e\u00e1dn\u00e9<\/li>\n<\/ul>\n<p>Questy:<\/p>\n<ul>\n<li><a href=\"https:\/\/www.diablofans.cz\/d2\/questy-5-akt#quest1\">Siege on Harrogath<\/a><\/li>\n<\/ul>\n<p>Waypoint:<\/p>\n<ul>\n<li>ne<\/li>\n<\/ul>\n<p>Dal\u0161\u00ed zaj\u00edmavosti:<\/p>\n<ul>\n<li>unik\u00e1tn\u00ed bossov\u00e9 Dac Farren a Shenk The Overseer<\/li>\n<li>barba\u0159i bojuj\u00edc\u00ed na va\u0161\u00ed stran\u011b<\/li>\n<\/ul>\n<h3>Frigid Highlands (Ledov\u00e1 vrchovina)<\/h3>\n<p><a href=\"images\/zakladni-info\/prostredi\/lokace\/5akt\/frigid_highlands.jpg\" onclick=\"return hs.expand(this)\"><img loading=\"lazy\" decoding=\"async\" src=\"https:\/\/www.diablofans.cz\/d2\/wp-content\/uploads\/2018\/08\/frigid_highlands-nahled.jpg\" alt=\"Frigid Highlands-nahled\" class=\"img-right\" width=\"300\" height=\"225\" \/><\/a> \u00darovn\u011b:<\/p>\n<ul>\n<li>\u017e\u00e1dn\u00e9<\/li>\n<\/ul>\n<p>Questy:<\/p>\n<ul>\n<li><a href=\"https:\/\/www.diablofans.cz\/d2\/questy-5-akt#quest2\">Rescue on Mount Arreat<\/a> (v\u011bznice s\u00a0barbary)<\/li>\n<\/ul>\n<p>Waypoint:<\/p>\n<ul>\n<li>ano (fixn\u011b um\u00edst\u011bn\u00a0\u2013 nedaleko od v\u00fdchodu z\u00a0Bloody Foothils)<\/li>\n<\/ul>\n<p>Dal\u0161\u00ed zaj\u00edmavosti:<\/p>\n<ul>\n<li>vstup do lokace Abaddon<\/li>\n<li>unik\u00e1tn\u00ed bossov\u00e9 Eldritch the Rectifier st\u0159e\u017e\u00edc\u00ed vchod do Frigid Highlands, Eyeback the Unleashed a Sharptooth Slayer, kter\u00fd se nach\u00e1z\u00ed u\u00a0jedn\u00e9 z\u00a0v\u011bznic<\/li>\n<\/ul>\n<h3>Abaddon (Peklo)<\/h3>\n<p><a href=\"images\/zakladni-info\/prostredi\/lokace\/5akt\/abaddon.jpg\" onclick=\"return hs.expand(this)\"><img loading=\"lazy\" decoding=\"async\" src=\"https:\/\/www.diablofans.cz\/d2\/wp-content\/uploads\/2018\/08\/abaddon-nahled.jpg\" alt=\"Abaddon-nahled\" class=\"img-right\" width=\"300\" height=\"225\" \/><\/a> \u00darovn\u011b:<\/p>\n<ul>\n<li>\u017e\u00e1dn\u00e9<\/li>\n<\/ul>\n<p>Questy:<\/p>\n<ul>\n<li>\u017e\u00e1dn\u00e9<\/li>\n<\/ul>\n<p>Waypoint:<\/p>\n<ul>\n<li>ne<\/li>\n<\/ul>\n<p>Dal\u0161\u00ed zaj\u00edmavosti:<\/p>\n<ul>\n<li>\u017e\u00e1dn\u00e9<\/li>\n<\/ul>\n<h3 class=\"srovnat\">Arreat Plateau (Arreatsk\u00e1 n\u00e1horn\u00ed plo\u0161ina)<\/h3>\n<p><a href=\"images\/zakladni-info\/prostredi\/lokace\/5akt\/arreat_plateau.jpg\" onclick=\"return hs.expand(this)\"><img loading=\"lazy\" decoding=\"async\" src=\"https:\/\/www.diablofans.cz\/d2\/wp-content\/uploads\/2018\/08\/arreat_plateau-nahled.jpg\" alt=\"Arreat Plateau-nahled\" class=\"img-right\" width=\"300\" height=\"225\" \/><\/a> \u00darovn\u011b:<\/p>\n<ul>\n<li>\u017e\u00e1dn\u00e9<\/li>\n<\/ul>\n<p>Questy:<\/p>\n<ul>\n<li>\u017e\u00e1dn\u00e9<\/li>\n<\/ul>\n<p>Waypoint:<\/p>\n<ul>\n<li>ano<\/li>\n<\/ul>\n<p>Dal\u0161\u00ed zaj\u00edmavosti:<\/p>\n<ul>\n<li>vstup do lokace Pit of Acheron<\/li>\n<li>unik\u00e1tn\u00ed boss Thresh Socket st\u0159e\u017e\u00edc\u00ed vstup do jeskyn\u011b Crystalline Passage<\/li>\n<\/ul>\n<h3>Pit of Acheron (Pekeln\u00e1 hlubina)<\/h3>\n<p><a href=\"images\/zakladni-info\/prostredi\/lokace\/5akt\/pit_of_acheron.jpg\" onclick=\"return hs.expand(this)\"><img loading=\"lazy\" decoding=\"async\" src=\"https:\/\/www.diablofans.cz\/d2\/wp-content\/uploads\/2018\/08\/pit_of_acheron-nahled.jpg\" alt=\"Pit of Acheron-nahled\" class=\"img-right\" width=\"300\" height=\"225\" \/><\/a> \u00darovn\u011b:<\/p>\n<ul>\n<li>\u017e\u00e1dn\u00e9<\/li>\n<\/ul>\n<p>Questy:<\/p>\n<ul>\n<li>\u017e\u00e1dn\u00e9<\/li>\n<\/ul>\n<p>Waypoint:<\/p>\n<ul>\n<li>ne<\/li>\n<\/ul>\n<p>Dal\u0161\u00ed zaj\u00edmavosti:<\/p>\n<ul>\n<li>\u017e\u00e1dn\u00e9<\/li>\n<\/ul>\n<h3 class=\"srovnat\">Crystalline Passage (Krystalick\u00e1 chodba)<\/h3>\n<p><a href=\"images\/zakladni-info\/prostredi\/lokace\/5akt\/crystalline_passage.jpg\" onclick=\"return hs.expand(this)\"><img loading=\"lazy\" decoding=\"async\" src=\"https:\/\/www.diablofans.cz\/d2\/wp-content\/uploads\/2018\/08\/crystalline_passage-nahled.jpg\" alt=\"Crystalline Passage-nahled\" class=\"img-right\" width=\"300\" height=\"225\" \/><\/a> \u00darovn\u011b:<\/p>\n<ul>\n<li>\u017e\u00e1dn\u00e9<\/li>\n<\/ul>\n<p>Questy:<\/p>\n<ul>\n<li>\u017e\u00e1dn\u00e9<\/li>\n<\/ul>\n<p>Waypoint:<\/p>\n<ul>\n<li>ano<\/li>\n<\/ul>\n<p>Dal\u0161\u00ed zaj\u00edmavosti:<\/p>\n<ul>\n<li>vstup do Frozen River<\/li>\n<\/ul>\n<h3 class=\"srovnat\">Frozen River (Zamrzl\u00e1 \u0159eka)<\/h3>\n<p><a href=\"images\/zakladni-info\/prostredi\/lokace\/5akt\/frozen_river.jpg\" onclick=\"return hs.expand(this)\"><img loading=\"lazy\" decoding=\"async\" src=\"https:\/\/www.diablofans.cz\/d2\/wp-content\/uploads\/2018\/08\/frozen_river-nahled.jpg\" alt=\"Frozen River-nahled\" class=\"img-right\" width=\"300\" height=\"225\" \/><\/a> \u00darovn\u011b:<\/p>\n<ul>\n<li>\u017e\u00e1dn\u00e9<\/li>\n<\/ul>\n<p>Questy:<\/p>\n<ul>\n<li><a href=\"https:\/\/www.diablofans.cz\/d2\/questy-5-akt#quest3\">Prison of Ice<\/a> (Anya)<\/li>\n<\/ul>\n<p>Waypoint:<\/p>\n<ul>\n<li>ne<\/li>\n<\/ul>\n<p>Dal\u0161\u00ed zaj\u00edmavosti:<\/p>\n<ul>\n<li>unik\u00e1tn\u00ed boss Frozenstein, kter\u00fd hl\u00edd\u00e1 Anyu<\/li>\n<\/ul>\n<h3 class=\"srovnat\" id=\"nihlathaks-temple\">Nihlathak&#8217;s\u00a0Temple (Nihlathak\u016fv chr\u00e1m)<\/h3>\n<p><a href=\"images\/zakladni-info\/prostredi\/lokace\/5akt\/nihlathaks_temple.jpg\" onclick=\"return hs.expand(this)\"><img loading=\"lazy\" decoding=\"async\" src=\"https:\/\/www.diablofans.cz\/d2\/wp-content\/uploads\/2018\/08\/nihlathaks_temple-nahled.jpg\" alt=\"Nihlathak's\u00a0Temple-nahled\" class=\"img-right\" width=\"300\" height=\"225\" \/><\/a> \u00darovn\u011b:<\/p>\n<ul>\n<li>\u017e\u00e1dn\u00e9<\/li>\n<\/ul>\n<p>Questy:<\/p>\n<ul>\n<li>\u017e\u00e1dn\u00e9<\/li>\n<\/ul>\n<p>Waypoint:<\/p>\n<ul>\n<li>ne<\/li>\n<\/ul>\n<p>Dal\u0161\u00ed zaj\u00edmavosti:<\/p>\n<ul>\n<li>unik\u00e1tn\u00ed boss Pindleskin<\/li>\n<li>relativn\u011b nesmrteln\u00ed nep\u0159\u00e1tel\u00e9<\/li>\n<\/ul>\n<h3>Halls of Anguish (S\u00edn\u011b \u00fazkosti)<\/h3>\n<p><a href=\"images\/zakladni-info\/prostredi\/lokace\/5akt\/halls_of_anguish.jpg\" onclick=\"return hs.expand(this)\"><img loading=\"lazy\" decoding=\"async\" src=\"https:\/\/www.diablofans.cz\/d2\/wp-content\/uploads\/2018\/08\/halls_of_anguish-nahled.jpg\" alt=\"Halls of Anguish-nahled\" class=\"img-right\" width=\"300\" height=\"225\" \/><\/a> \u00darovn\u011b:<\/p>\n<ul>\n<li>\u017e\u00e1dn\u00e9<\/li>\n<\/ul>\n<p>Questy:<\/p>\n<ul>\n<li>\u017e\u00e1dn\u00e9<\/li>\n<\/ul>\n<p>Waypoint:<\/p>\n<ul>\n<li>ne<\/li>\n<\/ul>\n<p>Dal\u0161\u00ed zaj\u00edmavosti:<\/p>\n<ul>\n<li>\u017e\u00e1dn\u00e9<\/li>\n<\/ul>\n<h3 class=\"srovnat\">Halls of Pain (S\u00edn\u011b bolesti)<\/h3>\n<p><a href=\"images\/zakladni-info\/prostredi\/lokace\/5akt\/halls_of_pain.jpg\" onclick=\"return hs.expand(this)\"><img loading=\"lazy\" decoding=\"async\" src=\"https:\/\/www.diablofans.cz\/d2\/wp-content\/uploads\/2018\/08\/halls_of_pain-nahled.jpg\" alt=\"Halls of Pain-nahled\" class=\"img-right\" width=\"300\" height=\"225\" \/><\/a> \u00darovn\u011b:<\/p>\n<ul>\n<li>\u017e\u00e1dn\u00e9<\/li>\n<\/ul>\n<p>Questy:<\/p>\n<ul>\n<li>\u017e\u00e1dn\u00e9<\/li>\n<\/ul>\n<p>Waypoint:<\/p>\n<ul>\n<li>ano<\/li>\n<\/ul>\n<p>Dal\u0161\u00ed zaj\u00edmavosti:<\/p>\n<ul>\n<li>\u017e\u00e1dn\u00e9<\/li>\n<\/ul>\n<h3 class=\"srovnat\">Halls of Vaught (Vaughtovy s\u00edn\u011b)<\/h3>\n<p><a href=\"images\/zakladni-info\/prostredi\/lokace\/5akt\/halls_of_vaught.jpg\" onclick=\"return hs.expand(this)\"><img loading=\"lazy\" decoding=\"async\" src=\"https:\/\/www.diablofans.cz\/d2\/wp-content\/uploads\/2018\/08\/halls_of_vaught-nahled.jpg\" alt=\"Halls of Vaught-nahled\" class=\"img-right\" width=\"300\" height=\"225\" \/><\/a> \u00darovn\u011b:<\/p>\n<ul>\n<li>\u017e\u00e1dn\u00e9<\/li>\n<\/ul>\n<p>Questy:<\/p>\n<ul>\n<li><a href=\"https:\/\/www.diablofans.cz\/d2\/questy-5-akt#quest4\">Betrayal of Harrogath<\/a> (unik\u00e1tn\u00ed boss Nihlathak)<\/li>\n<\/ul>\n<p>Waypoint:<\/p>\n<ul>\n<li>ne<\/li>\n<\/ul>\n<p>Dal\u0161\u00ed zaj\u00edmavosti:<\/p>\n<ul>\n<li>\u017e\u00e1dn\u00e9<\/li>\n<\/ul>\n<h3>Glacial Trail (Ledovcov\u00e1 stezka)<\/h3>\n<p><a href=\"images\/zakladni-info\/prostredi\/lokace\/5akt\/glacial_trail.jpg\" onclick=\"return hs.expand(this)\"><img loading=\"lazy\" decoding=\"async\" src=\"https:\/\/www.diablofans.cz\/d2\/wp-content\/uploads\/2018\/08\/glacial_trail-nahled.jpg\" alt=\"Glacial Trail-nahled\" class=\"img-right\" width=\"300\" height=\"225\" \/><\/a> \u00darovn\u011b:<\/p>\n<ul>\n<li>\u017e\u00e1dn\u00e9<\/li>\n<\/ul>\n<p>Questy:<\/p>\n<ul>\n<li>\u017e\u00e1dn\u00e9<\/li>\n<\/ul>\n<p>Waypoint:<\/p>\n<ul>\n<li>ano<\/li>\n<\/ul>\n<p>Dal\u0161\u00ed zaj\u00edmavosti:<\/p>\n<ul>\n<li>vstup do Drifter Cavern<\/li>\n<li>unik\u00e1tn\u00ed boss Bonesaw Breaker<\/li>\n<\/ul>\n<h3>Drifter Cavern (Jeskyn\u011b vyvrhel\u016f)<\/h3>\n<p><a href=\"images\/zakladni-info\/prostredi\/lokace\/5akt\/drifter_cavern.jpg\" onclick=\"return hs.expand(this)\"><img loading=\"lazy\" decoding=\"async\" src=\"https:\/\/www.diablofans.cz\/d2\/wp-content\/uploads\/2018\/08\/drifter_cavern-nahled.jpg\" alt=\"Drifter Cavern-nahled\" class=\"img-right\" width=\"300\" height=\"225\" \/><\/a> \u00darovn\u011b:<\/p>\n<ul>\n<li>\u017e\u00e1dn\u00e9<\/li>\n<\/ul>\n<p>Questy:<\/p>\n<ul>\n<li>\u017e\u00e1dn\u00e9<\/li>\n<\/ul>\n<p>Waypoint:<\/p>\n<ul>\n<li>ne<\/li>\n<\/ul>\n<p>Dal\u0161\u00ed zaj\u00edmavosti:<\/p>\n<ul>\n<li>\u017e\u00e1dn\u00e9<\/li>\n<\/ul>\n<h3 class=\"srovnat\">Frozen Tundra (Zamrzl\u00e1 tundra)<\/h3>\n<p><a href=\"images\/zakladni-info\/prostredi\/lokace\/5akt\/frozen_tundra.jpg\" onclick=\"return hs.expand(this)\"><img loading=\"lazy\" decoding=\"async\" src=\"https:\/\/www.diablofans.cz\/d2\/wp-content\/uploads\/2018\/08\/frozen_tundra-nahled.jpg\" alt=\"Frozen Tundra-nahled\" class=\"img-right\" width=\"300\" height=\"225\" \/><\/a> \u00darovn\u011b:<\/p>\n<ul>\n<li>\u017e\u00e1dn\u00e9<\/li>\n<\/ul>\n<p>Questy:<\/p>\n<ul>\n<li>\u017e\u00e1dn\u00e9<\/li>\n<\/ul>\n<p>Waypoint:<\/p>\n<ul>\n<li>ano<\/li>\n<\/ul>\n<p>Dal\u0161\u00ed zaj\u00edmavosti:<\/p>\n<ul>\n<li>vstup do Infernal Pit<\/li>\n<\/ul>\n<h3 class=\"srovnat\">Infernal Pit (\u010e\u00e1belsk\u00e1 hlubina)<\/h3>\n<p><a href=\"images\/zakladni-info\/prostredi\/lokace\/5akt\/infernal_pit.jpg\" onclick=\"return hs.expand(this)\"><img loading=\"lazy\" decoding=\"async\" src=\"https:\/\/www.diablofans.cz\/d2\/wp-content\/uploads\/2018\/08\/infernal_pit-nahled.jpg\" alt=\"Infernal Pit-nahled\" class=\"img-right\" width=\"300\" height=\"225\" \/><\/a> \u00darovn\u011b:<\/p>\n<ul>\n<li>\u017e\u00e1dn\u00e9<\/li>\n<\/ul>\n<p>Questy:<\/p>\n<ul>\n<li>\u017e\u00e1dn\u00e9<\/li>\n<\/ul>\n<p>Waypoint:<\/p>\n<ul>\n<li>ne<\/li>\n<\/ul>\n<p>Dal\u0161\u00ed zaj\u00edmavosti:<\/p>\n<ul>\n<li>\u017e\u00e1dn\u00e9<\/li>\n<\/ul>\n<h3 class=\"srovnat\">The Ancient&#8217;s\u00a0Way (P\u011b\u0161ina sta\u0159e\u0161in\u016f)<\/h3>\n<p><a href=\"images\/zakladni-info\/prostredi\/lokace\/5akt\/the_ancients_way.jpg\" onclick=\"return hs.expand(this)\"><img loading=\"lazy\" decoding=\"async\" src=\"https:\/\/www.diablofans.cz\/d2\/wp-content\/uploads\/2018\/08\/the_ancients_way-nahled.jpg\" alt=\"The Ancient's\u00a0Way-nahled\" class=\"img-right\" width=\"300\" height=\"225\" \/><\/a> \u00darovn\u011b:<\/p>\n<ul>\n<li>\u017e\u00e1dn\u00e9<\/li>\n<\/ul>\n<p>Questy:<\/p>\n<ul>\n<li>\u017e\u00e1dn\u00e9<\/li>\n<\/ul>\n<p>Waypoint:<\/p>\n<ul>\n<li>ano<\/li>\n<\/ul>\n<p>Dal\u0161\u00ed zaj\u00edmavosti:<\/p>\n<ul>\n<li>vstup do Icy Cellar<\/li>\n<li>v\u00fdstup na Arreat Summit<\/li>\n<\/ul>\n<h3>Icy Cellar (Ledovcov\u00e9 sklepen\u00ed)<\/h3>\n<p><a href=\"images\/zakladni-info\/prostredi\/lokace\/5akt\/icy_cellar.jpg\" onclick=\"return hs.expand(this)\"><img loading=\"lazy\" decoding=\"async\" src=\"https:\/\/www.diablofans.cz\/d2\/wp-content\/uploads\/2018\/08\/icy_cellar-nahled.jpg\" alt=\"Icy Cellar-nahled\" class=\"img-right\" width=\"300\" height=\"225\" \/><\/a> \u00darovn\u011b:<\/p>\n<ul>\n<li>\u017e\u00e1dn\u00e9<\/li>\n<\/ul>\n<p>Questy:<\/p>\n<ul>\n<li>\u017e\u00e1dn\u00e9<\/li>\n<\/ul>\n<p>Waypoint:<\/p>\n<ul>\n<li>ne<\/li>\n<\/ul>\n<p>Dal\u0161\u00ed zaj\u00edmavosti:<\/p>\n<ul>\n<li>unik\u00e1tn\u00ed boss Snapchip Shatter<\/li>\n<\/ul>\n<h3 class=\"srovnat\">Arreat Summit (Vrchol Arreatu)<\/h3>\n<p><a href=\"images\/zakladni-info\/prostredi\/lokace\/5akt\/arreat_summit.jpg\" onclick=\"return hs.expand(this)\"><img loading=\"lazy\" decoding=\"async\" src=\"https:\/\/www.diablofans.cz\/d2\/wp-content\/uploads\/2018\/08\/arreat_summit-nahled.jpg\" alt=\"Arreat Summit-nahled\" class=\"img-right\" width=\"300\" height=\"225\" \/><\/a> \u00darovn\u011b:<\/p>\n<ul>\n<li>\u017e\u00e1dn\u00e9<\/li>\n<\/ul>\n<p>Questy:<\/p>\n<ul>\n<li><a href=\"https:\/\/www.diablofans.cz\/d2\/questy-5-akt#quest5\">Rite of Passage<\/a> (unik\u00e1tn\u00ed bossov\u00e9\u00a0\u2013 The Ancients: Talic, Korlic, Madawc)<\/li>\n<\/ul>\n<p>Waypoint:<\/p>\n<ul>\n<li>ne<\/li>\n<\/ul>\n<p>Dal\u0161\u00ed zaj\u00edmavosti:<\/p>\n<ul>\n<li>dokud nen\u00ed spln\u011bn quest, jedinou mo\u017enost\u00ed \u00faniku je Town\u00a0Portal<\/li>\n<\/ul>\n<h3>Worldstone Keep (Tvrz Worldstonu)<\/h3>\n<p><a href=\"images\/zakladni-info\/prostredi\/lokace\/5akt\/worldstone_keep.jpg\" onclick=\"return hs.expand(this)\"><img loading=\"lazy\" decoding=\"async\" src=\"https:\/\/www.diablofans.cz\/d2\/wp-content\/uploads\/2018\/08\/worldstone_keep-nahled.jpg\" alt=\"Worldstone Keep-nahled\" class=\"img-right\" width=\"300\" height=\"225\" \/><\/a> \u00darovn\u011b:<\/p>\n<ul>\n<li>\u017e\u00e1dn\u00e9<\/li>\n<\/ul>\n<p>Questy:<\/p>\n<ul>\n<li>\u017e\u00e1dn\u00e9<\/li>\n<\/ul>\n<p>Waypoint:<\/p>\n<ul>\n<li>ano (Worldstone Keep Level 2)<\/li>\n<\/ul>\n<p>Dal\u0161\u00ed zaj\u00edmavosti:<\/p>\n<ul>\n<li>p\u0159echody mezi jednotliv\u00fdmi \u00farovn\u011bmi jsou ve h\u0159e na map\u011b ozna\u010deny \u010derven\u011b<\/li>\n<\/ul>\n<h3>Throne of Destruction (Tr\u016fn zk\u00e1zy)<\/h3>\n<p><a href=\"images\/zakladni-info\/prostredi\/lokace\/5akt\/throne_of_destruction.jpg\" onclick=\"return hs.expand(this)\"><img loading=\"lazy\" decoding=\"async\" src=\"https:\/\/www.diablofans.cz\/d2\/wp-content\/uploads\/2018\/08\/throne_of_destruction-nahled.jpg\" alt=\"Throne of Destruction-nahled\" class=\"img-right\" width=\"300\" height=\"225\" \/><\/a> \u00darovn\u011b:<\/p>\n<ul>\n<li>\u017e\u00e1dn\u00e9<\/li>\n<\/ul>\n<p>Questy:<\/p>\n<ul>\n<li><a href=\"https:\/\/www.diablofans.cz\/d2\/questy-5-akt#quest6\">Eve of Destruction<\/a> (Baalovi minioni\u00a0\u2013 viz.\u00a0n\u00ed\u017ee)<\/li>\n<\/ul>\n<p>Waypoint:<\/p>\n<ul>\n<li>ne<\/li>\n<\/ul>\n<p>Dal\u0161\u00ed zaj\u00edmavosti:<\/p>\n<ul>\n<li>lokace je fixn\u00ed, poka\u017ed\u00e9 vypad\u00e1 stejn\u011b<\/li>\n<li>unik\u00e1tn\u00ed bossov\u00e9: Colenzo the Annihilator, Achmel the Cursed, Bartuc the Bloody, Ventar the Unholy a Lister the Tormenator<\/li>\n<\/ul>\n<h3>The Worldstone Chamber (Komnata Worldstonu)<\/h3>\n<p><a href=\"images\/zakladni-info\/prostredi\/lokace\/5akt\/the_worldstone_chamber.jpg\" onclick=\"return hs.expand(this)\"><img loading=\"lazy\" decoding=\"async\" src=\"https:\/\/www.diablofans.cz\/d2\/wp-content\/uploads\/2018\/08\/the_worldstone_chamber-nahled.jpg\" alt=\"The Worldstone Chamber-nahled\" class=\"img-right\" width=\"300\" height=\"225\" \/><\/a> \u00darovn\u011b:<\/p>\n<ul>\n<li>\u017e\u00e1dn\u00e9<\/li>\n<\/ul>\n<p>Questy:<\/p>\n<ul>\n<li><a href=\"https:\/\/www.diablofans.cz\/d2\/questy-5-akt#quest6\">Eve of Destruction<\/a> (Akt boss Baal uprost\u0159ed lokace)<\/li>\n<\/ul>\n<p>Waypoint:<\/p>\n<ul>\n<li>ne<\/li>\n<\/ul>\n<p>Dal\u0161\u00ed zaj\u00edmavosti:<\/p>\n<ul>\n<li>jedin\u00e1 mo\u017enost \u00faniku pomoc\u00ed Town Portalu<\/li>\n<li>v\u00a0severoz\u00e1padn\u00ed \u010d\u00e1sti lokace se nach\u00e1z\u00ed zlato<\/li>\n<\/ul>\n<p style=\"text-align:center\">&#8212;\u00a0\u2014 &#8212;\u00a0\u2014 &#8212;\u00a0\u2014 &#8212;\u00a0\u2014 &#8212;\u00a0\u2014 &#8212;\u00a0\u2014 &#8212;\u00a0\u2014 &#8212;\u00a0\u2014 &#8212;\u00a0\u2014 &#8212;\u00a0\u2014 &#8212;\u00a0\u2014\u00a0&#8212;<\/p>\n<p style=\"text-align:center\"><a href=\"https:\/\/www.diablofans.cz\/d2\/prostredi#lokace\">\u00ab Zp\u011bt do sekce Prost\u0159ed\u00ed\u00a0\u2013 Lokace.<\/a><\/p>\n<p> <!-- by Texy2! --><\/p>\n","protected":false},"excerpt":{"rendered":"<p>Harrogath \u00darovn\u011b: \u017e\u00e1dn\u00e9 Questy: \u017e\u00e1dn\u00e9 Waypoint: ano (fixn\u011b um\u00edst\u011bn\u00a0\u2013 nalevo od truhly) Dal\u0161\u00ed zaj\u00edmavosti: hlavn\u00ed s\u00eddlo 5.\u00a0aktu NPC postavy truhla mo\u017enost obchodu Bloody Foothills (Krvav\u00e9 \u00fapat\u00ed) \u00darovn\u011b: \u017e\u00e1dn\u00e9 Questy: Siege on Harrogath Waypoint: ne Dal\u0161\u00ed zaj\u00edmavosti: unik\u00e1tn\u00ed bossov\u00e9 Dac Farren a Shenk The Overseer barba\u0159i bojuj\u00edc\u00ed na va\u0161\u00ed stran\u011b Frigid Highlands (Ledov\u00e1 vrchovina) \u00darovn\u011b: \u017e\u00e1dn\u00e9 [&#8230;]<\/p>\n<p><a class=\"btn btn-secondary understrap-read-more-link\" href=\"https:\/\/www.diablofans.cz\/d2\/prostredi-lokace-5-akt\/\">\u010c\u00edst d\u00e1le&#8230;<span class=\"screen-reader-text\"> from Prost\u0159ed\u00ed &#8211; Lokace &#8211; 5. akt<\/span><\/a><\/p>\n","protected":false},"author":1,"featured_media":0,"parent":0,"menu_order":0,"comment_status":"open","ping_status":"open","template":"","meta":{"footnotes":""},"class_list":["post-2730","page","type-page","status-publish","hentry"],"_links":{"self":[{"href":"https:\/\/www.diablofans.cz\/d2\/wp-json\/wp\/v2\/pages\/2730","targetHints":{"allow":["GET"]}}],"collection":[{"href":"https:\/\/www.diablofans.cz\/d2\/wp-json\/wp\/v2\/pages"}],"about":[{"href":"https:\/\/www.diablofans.cz\/d2\/wp-json\/wp\/v2\/types\/page"}],"author":[{"embeddable":true,"href":"https:\/\/www.diablofans.cz\/d2\/wp-json\/wp\/v2\/users\/1"}],"replies":[{"embeddable":true,"href":"https:\/\/www.diablofans.cz\/d2\/wp-json\/wp\/v2\/comments?post=2730"}],"version-history":[{"count":0,"href":"https:\/\/www.diablofans.cz\/d2\/wp-json\/wp\/v2\/pages\/2730\/revisions"}],"wp:attachment":[{"href":"https:\/\/www.diablofans.cz\/d2\/wp-json\/wp\/v2\/media?parent=2730"}],"curies":[{"name":"wp","href":"https:\/\/api.w.org\/{rel}","templated":true}]}}