{"id":2731,"date":"2018-08-25T22:08:40","date_gmt":"2018-08-25T20:08:40","guid":{"rendered":"http:\/\/diablofans.ddev.site\/d2\/hardcore-2\/"},"modified":"2018-08-25T22:08:40","modified_gmt":"2018-08-25T20:08:40","slug":"hardcore-2","status":"publish","type":"page","link":"https:\/\/www.diablofans.cz\/d2\/hardcore-2\/","title":{"rendered":"Z\u00e1kladn\u00ed info &#8211; Hardcore"},"content":{"rendered":"\n<p>Hardcorov\u00e9 postavy jsou pro takov\u00e9 hr\u00e1\u010de, kte\u0159\u00ed si cht\u011bj\u00ed u\u017e\u00edt opravdov\u00e9 <strong>nebezpe\u010d\u00ed<\/strong>. Pokud hrajete na Battle.netu (d\u00e1le jen BN) a zvol\u00edte si, aby se va\u0161e postava zapisovala do \u017eeb\u0159\u00ed\u010dku, bude v\u00a0odd\u011blen\u00e9m \u017eeb\u0159\u00ed\u010dku pro Hardcore (d\u00e1le jen HC) a dostane speci\u00e1ln\u00ed \u201epoctu\u201c ve jm\u00e9nu, kter\u00e9 bude naps\u00e1no krvav\u011b \u010dervenou barvou. HC m\u00f3d je v\u0161ak k\u00a0dispozici na klasick\u00e9 h\u0159e jednoho hr\u00e1\u010de\u00a0\u2013 Single Player.<\/p>\n<p>V\u00a0HC <strong>\u017eijete pouze jednou<\/strong>, t\u00edm je my\u0161leno, \u017ee pokud zem\u0159ete, va\u0161e hern\u00ed postava nem\u016f\u017ee b\u00fdt nad\u00e1le pou\u017e\u00edv\u00e1na. V\u00a0p\u0159\u00edpad\u011b smrti ztrat\u00edte ve\u0161ker\u00e9 vybaven\u00ed va\u0161\u00ed postavy v\u010detn\u011b \u010dehokoliv, co jste si ulo\u017eili do truhly. Pouze pokud hrajete na BN nebo n\u011bjak\u00fd jin\u00fd druh Multiplayeru, je mo\u017en\u00e9 si nastavit aby v\u00e1\u0161 spoluhr\u00e1\u010d po va\u0161\u00ed smrti \u201esebral\u201c mrtvolu va\u0161\u00ed postavy a tak zachr\u00e1nil p\u0159edm\u011bty.<\/p>\n<p><em>Pozn\u00e1mka: Spole\u010dnost <strong>Blizzard Entertainment<\/strong> v\u00a0\u017e\u00e1dn\u00e9m p\u0159\u00edpad\u011b <strong>neru\u010d\u00ed<\/strong> za va\u0161e HC postavy. Pokud si zvol\u00edte hr\u00e1t za HC postavu, hrajete tak pouze na vlastn\u00ed riziko. Blizzard nezodpov\u00edd\u00e1 za smrt a ztracen\u00ed va\u0161\u00ed HC postavy z\u00a0\u017e\u00e1dn\u00e9ho d\u016fvodu\u00a0\u2013 nap\u0159\u00edklad kv\u016fli lagu, \u201ez\u00e1sahu Boha\u201c, kv\u016fli va\u0161\u00ed mal\u00e9 sest\u0159e nebo dal\u0161\u00edch jak\u00fdchkoliv d\u016fvod\u016f. Blizzard nebude a ani nem\u00e1 mo\u017enost navr\u00e1tit v\u00e1m va\u0161\u00ed HC postavu zp\u011bt. Proto prosby na spole\u010dnost Blizzard Entertainment jsou zbyte\u010dn\u00e9 a budou ignorov\u00e1ny. Stejn\u00e1 pravidla plat\u00ed tak\u00e9 pro realmy.<\/em><\/p>\n<h3>Tvorba Hardcore postavy<\/h3>\n<div style=\"width:216px\" class=\"img-right\"><img loading=\"lazy\" decoding=\"async\" src=\"https:\/\/www.diablofans.cz\/d2\/wp-content\/uploads\/2018\/08\/hardcore.jpg\" class=\"img-center\" alt=\"hardcore\" width=\"206\" height=\"91\" \/> <\/p>\n<p>Tvorba hardcore postavy.<\/p>\n<\/p><\/div>\n<p>Po spu\u0161t\u011bn\u00ed hry nebo BN vyberte mo\u017enost <em>Vytvo\u0159it novou postavu<\/em>. Pro vytvo\u0159en\u00ed postavy za\u0161krtn\u011bte <strong>tla\u010d\u00edtko \u201eHardcore\u201c<\/strong>. Nach\u00e1z\u00ed se pod m\u00edstem, kde p\u00ed\u0161ete jm\u00e9no va\u0161\u00ed postavy. Pokud hrajete Multiplayer a chcete se p\u0159ipojit k\u00a0n\u011bjak\u00e9 h\u0159e s\u00a0HC postavou, mus\u00edte m\u00edt vy tak\u00e9 HC postavu. Jin\u00fdmi slovy Multiplayer spolu mohou hr\u00e1t pouze hr\u00e1\u010di se stejn\u00fdm typem postav\u00a0\u2013 v\u00a0tomto p\u0159\u00edpad\u011b HC postav. D\u016fle\u017eit\u00e1 v\u011bc je, \u017ee HC postava se d\u00e1 vytvo\u0159it pouze v\u00a0p\u0159\u00edpad\u011b pokud jste <strong>zabili Baala<\/strong> s\u00a0norm\u00e1ln\u00ed (ne HC) postavou. Pokud jste tuto podm\u00ednku alespo\u0148 s\u00a0jednou va\u0161\u00ed postavou splnili, m\u016f\u017eete zalo\u017eit HC postavu.<\/p>\n<h3>V\u00fdhody Hardcoru<\/h3>\n<p>Va\u0161e jm\u00e9no je naps\u00e1no \u010derven\u011b a po zabit\u00ed Baala z\u00edsk\u00e1te pro va\u0161i postavu speci\u00e1ln\u00ed\u00a0titul:<\/p>\n<table>\n<thead>\n<tr>\n<th>Obt\u00ed\u017enost<\/th>\n<th>Titul<\/th>\n<\/tr>\n<\/thead>\n<tbody>\n<tr>\n<td>Normal<\/td>\n<td>Destroyer (Ni\u010ditel)<\/td>\n<\/tr>\n<tr>\n<td>Nightmare<\/td>\n<td>Conqueror (Dobyvatel)<\/td>\n<\/tr>\n<tr>\n<td>Hell<\/td>\n<td>Guardian (Ochr\u00e1nce)<\/td>\n<\/tr>\n<\/tbody>\n<\/table>\n<p>Pokud hrajete na BN a zvol\u00edte si, aby se va\u0161e postava zapisovala do \u017eeb\u0159\u00ed\u010dku (ladder)\u00a0\u2013 budete postupovat v\u00a0\u017eeb\u0159\u00ed\u010dku. V\u0161ude, kde se objev\u00edte, bude ka\u017ed\u00fd v\u011bd\u011bt, \u017ee jste je\u0161t\u011b nikdy nezem\u0159el. Budete pro\u017e\u00edvat vzru\u0161en\u00ed, \u017ee m\u00e1te jen jednu \u0161anci. HC m\u00f3d nen\u00ed pro ka\u017ed\u00e9ho, ale pouze pro experty. <strong>Pokud m\u00e1te strach z\u00a0um\u00edr\u00e1n\u00ed, nehrajte\u00a0HC.<\/strong><\/p>\n<h3>\u201ePosmrtn\u00fd \u017eivot\u201c<\/h3>\n<p>Mimo ostatn\u00edch v\u011bc\u00ed, kter\u00e9 byly ji\u017e uvedeny, se po va\u0161\u00ed smrti objev\u00ed v\u00fdzva stisknout kl\u00e1vesu Escape. Po stisknut\u00ed t\u00e9to kl\u00e1vesy najdete va\u0161\u00ed postavu v\u00a0menu postav jako <strong>ducha<\/strong>. Pokud hrajete na BN, najdete svou postavu tak\u00e9 jako ducha v\u00a0BN Chat Room (Chatovac\u00ed m\u00edstnost). Nyn\u00ed se ji\u017e nem\u016f\u017eete p\u0159ipojovat do hry a ani hru vytv\u00e1\u0159et. Pokud hrajete na BN, m\u016f\u017eete v\u0161ak st\u00e1le chatovat a va\u0161e um\u00edst\u011bn\u00ed na \u017eeb\u0159\u00ed\u010dku z\u016fst\u00e1v\u00e1.<\/p>\n<p>Pokud va\u0161\u00ed HC postavu vyma\u017eete, <strong>ztrat\u00edte tak pozici v\u00a0\u017eeb\u0159\u00ed\u010dku<\/strong>. Pamatujte: k\u00a0udr\u017een\u00ed va\u0161\u00ed postavy aktivn\u00ed (v\u00a0\u017eeb\u0159\u00ed\u010dku) s\u00a0n\u00ed mus\u00edte b\u00fdt p\u0159ihl\u00e1\u0161en minim\u00e1ln\u011b ka\u017ed\u00fdch 90\u00a0dn\u016f.<\/p>\n<div style=\"width:607px;margin-bottom:10px\" class=\"img-center\"><img loading=\"lazy\" decoding=\"async\" src=\"https:\/\/www.diablofans.cz\/d2\/wp-content\/uploads\/2018\/08\/smrt.jpg\" class=\"img-center\" alt=\"smrt\" width=\"597\" height=\"130\" \/> <\/p>\n<p>Smrt hardcore postavy.<\/p>\n<\/p><\/div>\n<h3>Z\u00e1chrana p\u0159edm\u011bt\u016f<\/h3>\n<p>Pokud zem\u0159ete, je tu mo\u017enost, \u017ee jin\u00fd hr\u00e1\u010d <strong>sebere va\u0161i v\u00fdbavu<\/strong>. Kdy\u017e zem\u0159ete, tento hr\u00e1\u010d mus\u00ed b\u00fdt s\u00a0v\u00e1mi ve h\u0159e a oba mus\u00edte souhlasit, aby on \u201evyzvedl\u201c va\u0161e v\u011bci. (d\u00e1 se to nastavit stisknut\u00edm kl\u00e1vesy P). D\u00edky tomu m\u00e1te p\u0159\u00edle\u017eitost zachr\u00e1nit p\u0159edm\u011bty, kter\u00e9 m\u00e1te na sob\u011b ve chv\u00edli, kdy zem\u0159ete. Bu\u010fte v\u0161ak opatrn\u00ed, tuto mo\u017enost pou\u017e\u00edvejte jen ve chv\u00edli, pokud hrajete s\u00a0hr\u00e1\u010dem, kter\u00e9mu v\u011b\u0159\u00edte. N\u011bkte\u0159\u00ed hr\u00e1\u010di se v\u00e1s mohou pokusit zab\u00edt, aby si vzali va\u0161e vybaven\u00ed (pokud m\u00e1te nastaveno, \u017ee si m\u016f\u017ee vz\u00edt v\u011bci po va\u0161\u00ed smrti). Tento zp\u016fsob obohacov\u00e1ni je v\u0161ak zak\u00e1zan\u00fd! Nikdy to ned\u011blejte!<\/p>\n<p>Pokud v\u0161ak hrajete s\u00a0kamar\u00e1dem nebo s\u00a0osobou, kter\u00e9 v\u011b\u0159\u00edte, je dobr\u00e9, kdy\u017e po zalo\u017een\u00ed nov\u00e9 HC postavy v\u00e1m p\u0159edm\u011bty z\u00a0p\u0159ede\u0161l\u00e9 postavy <strong>vr\u00e1t\u00ed<\/strong>.<\/p>\n<p>Pozor v\u0161ak, pokud stisknete Escape d\u0159\u00edve ne\u017e v\u00e1\u0161 spoluhr\u00e1\u010d \u201esebere\u201c va\u0161e mrtv\u00e9 t\u011blo, va\u0161e p\u0159edm\u011bty budou <strong>ztraceny<\/strong>. Nem\u016f\u017eete v\u0161ak poprosit spoluhr\u00e1\u010de, aby vybral i\u00a0v\u011bci, kter\u00e9 m\u00e1te v\u00a0truhle\u00a0\u2013 to toti\u017e nejde. <strong>Nikdo do<\/strong> va\u0161\u00ed <strong>truhly nem\u016f\u017ee<\/strong>. Pro bezpe\u010d\u00ed va\u0161ich p\u0159edm\u011bt\u016f v\u00a0truhle je p\u0159esu\u0148te k\u00a0jin\u00e9 postav\u011b nebo je nechte le\u017eet na zemi, aby mohly b\u00fdt sebr\u00e1ny jin\u00fdm hr\u00e1\u010dem.<\/p>\n<h3>Op\u011btovn\u00e9 pou\u017eit\u00ed jm\u00e9na mrtv\u00e9 HC postavy<\/h3>\n<p>M\u016f\u017eete vymazat va\u0161\u00ed mrtvou HC postavu a znovu si vytvo\u0159it novou se stejn\u00fdm jm\u00e9nem. Pozor v\u0161ak, pokud va\u0161\u00ed postavu sma\u017eete, <strong>ztrat\u00edte<\/strong> um\u00edst\u011bn\u00ed v\u00a0\u017eeb\u0159\u00ed\u010dku i\u00a0kdy\u017e m\u00e1te postavu se stejn\u00fdm jm\u00e9nem nov\u011b vytvo\u0159enou.<\/p>\n<h3>Rady a tipy pro hru na Hardcore<\/h3>\n<h4>\u017divoty jsou v\u0161echno<\/h4>\n<p>St\u00e1le se d\u00edvejte kolik m\u00e1te \u017eivot\u016f! Pokud v\u0161echen \u017eivot \u201eute\u010de\u201c, je konec. M\u011bjte na pam\u011bti, \u017ee pokud zem\u0159ete v\u00a0norm\u00e1ln\u00edm m\u00f3du, nic se ned\u011bje a pokra\u010dujete d\u00e1l, ale pokud zem\u0159e HC postava, u\u017e nad\u00e1le <strong>nem\u016f\u017ee pokra\u010dovat<\/strong> ve\u00a0h\u0159e.<\/p>\n<h4>Je\u0161t\u011b jednou \u017eivoty<\/h4>\n<p>Sna\u017ete se z\u00edskat <strong>co mo\u017en\u00e1 nejv\u00edce \u017eivot\u016f<\/strong>. Budete pravd\u011bpodobn\u011b pot\u0159ebovat d\u00e1vat v\u00edce bod\u016f do Vitality a zv\u00fd\u0161it si tak celkov\u00e9 \u017eivoty. Dobr\u00e9 jsou t\u00e9\u017e p\u0159edm\u011bty, kter\u00e9 zvy\u0161uj\u00ed v\u00e1\u0161 \u017eivot. Skv\u011blou pom\u016fckou jsou tak\u00e9 p\u0159edm\u011bty, kter\u00e9 maj\u00ed vlastnost s\u00e1n\u00ed \u017eivota (Life Stolen Per Hit)\u00a0\u2013 tato vlastnost je neoceniteln\u00e1\u00a0\u2013 pom\u00e1h\u00e1 v\u00e1m udr\u017eet si \u017eivot postavy na bezpe\u010dn\u00e9 hranici.<\/p>\n<h4>\u00dadr\u017eba opasku<\/h4>\n<p>Udr\u017eujte opasek u\u00a0va\u0161\u00ed postavy st\u00e1le pln\u00fd <strong>Healing<\/strong> a <strong>Rejuvenation<\/strong> elix\u00edry. Bu\u010fte v\u017edy p\u0159ipraveni je pou\u017e\u00edt. Rejuvenation pou\u017e\u00edvejte tehdy, kdy Healing lahvi\u010dka nesta\u010d\u00ed dopl\u0148ovat va\u0161e \u017eivoty\u00a0\u2013 zvl\u00e1\u0161t\u011b pak ve velk\u00e9 skupin\u011b monster.<\/p>\n<h4>\u00dat\u011bk, nejlep\u0161\u00ed zbra\u0148<\/h4>\n<p>Pou\u017e\u00edvejte \u00fat\u011bk. Pokud jde na v\u00e1s velik\u00e1 skupina nep\u0159\u00e1tel, je dobr\u00e9 \u201eroztahat\u201c si je na v\u011bt\u0161\u00ed plochu a <strong>jednoho po druh\u00e9m<\/strong> zne\u0161kodnit.<\/p>\n<h4>Bezpe\u010dnost<\/h4>\n<p>P\u0159i hran\u00ed na BN rad\u011bji opus\u0165te hru ve chv\u00edli kdy m\u00e1te slab\u00e9 spojen\u00ed a m\u00e1te velik\u00e9 <strong>lagy<\/strong>. \u010castokr\u00e1t se st\u00e1v\u00e1, \u017ee kv\u016fli tomuto HC postavy um\u00edraj\u00ed.<\/p>\n<h4>Kamar\u00e1d<\/h4>\n<p>Pou\u017e\u00edvejte \u201evyzved\u00e1vac\u00ed strategii\u201c. M\u011bjte s\u00a0sebou ve h\u0159e kamar\u00e1da, kter\u00fd p\u0159\u00edpadn\u011b po va\u0161\u00ed smrti <strong>sebere<\/strong> va\u0161e <strong>p\u0159edm\u011bty a<\/strong> pot\u00e9 v\u00e1m je <strong>vr\u00e1t\u00ed<\/strong>, a\u017e budete m\u00edt postavu\u00a0novou.<\/p>\n<h4>Je\u0161t\u011b jednou bezpe\u010dnost<\/h4>\n<p>D\u00e1vejte si pozor na to, kdo vstupuje do va\u0161\u00ed hry. Je mnoho hr\u00e1\u010d\u016f, kte\u0159\u00ed se v\u00e1s na Multiplayeru budou sna\u017eit zab\u00edt a z\u00edskat tak va\u0161i v\u00fdbavu. Na BN je dobr\u00e9 chr\u00e1nit zalo\u017eenou hru <strong>heslem<\/strong>, kter\u00e9 znaj\u00ed jen lid\u00e9, kter\u00fdm v\u011b\u0159\u00edte.<\/p>\n<p> <!-- by Texy2! --><\/p>\n","protected":false},"excerpt":{"rendered":"<p>Hardcorov\u00e9 postavy jsou pro takov\u00e9 hr\u00e1\u010de, kte\u0159\u00ed si cht\u011bj\u00ed u\u017e\u00edt opravdov\u00e9 nebezpe\u010d\u00ed. Pokud hrajete na Battle.netu (d\u00e1le jen BN) a zvol\u00edte si, aby se va\u0161e postava zapisovala do \u017eeb\u0159\u00ed\u010dku, bude v\u00a0odd\u011blen\u00e9m \u017eeb\u0159\u00ed\u010dku pro Hardcore (d\u00e1le jen HC) a dostane speci\u00e1ln\u00ed \u201epoctu\u201c ve jm\u00e9nu, kter\u00e9 bude naps\u00e1no krvav\u011b \u010dervenou barvou. HC m\u00f3d je v\u0161ak k\u00a0dispozici na [&#8230;]<\/p>\n<p><a class=\"btn btn-secondary understrap-read-more-link\" href=\"https:\/\/www.diablofans.cz\/d2\/hardcore-2\/\">\u010c\u00edst d\u00e1le&#8230;<span class=\"screen-reader-text\"> from Z\u00e1kladn\u00ed info &#8211; Hardcore<\/span><\/a><\/p>\n","protected":false},"author":1,"featured_media":0,"parent":0,"menu_order":0,"comment_status":"open","ping_status":"open","template":"","meta":{"footnotes":""},"class_list":["post-2731","page","type-page","status-publish","hentry"],"_links":{"self":[{"href":"https:\/\/www.diablofans.cz\/d2\/wp-json\/wp\/v2\/pages\/2731","targetHints":{"allow":["GET"]}}],"collection":[{"href":"https:\/\/www.diablofans.cz\/d2\/wp-json\/wp\/v2\/pages"}],"about":[{"href":"https:\/\/www.diablofans.cz\/d2\/wp-json\/wp\/v2\/types\/page"}],"author":[{"embeddable":true,"href":"https:\/\/www.diablofans.cz\/d2\/wp-json\/wp\/v2\/users\/1"}],"replies":[{"embeddable":true,"href":"https:\/\/www.diablofans.cz\/d2\/wp-json\/wp\/v2\/comments?post=2731"}],"version-history":[{"count":0,"href":"https:\/\/www.diablofans.cz\/d2\/wp-json\/wp\/v2\/pages\/2731\/revisions"}],"wp:attachment":[{"href":"https:\/\/www.diablofans.cz\/d2\/wp-json\/wp\/v2\/media?parent=2731"}],"curies":[{"name":"wp","href":"https:\/\/api.w.org\/{rel}","templated":true}]}}