{"id":2742,"date":"2018-08-25T22:08:40","date_gmt":"2018-08-25T20:08:40","guid":{"rendered":"http:\/\/diablofans.ddev.site\/d2\/multiplayer-pvp-necromancer\/"},"modified":"2018-08-25T22:08:40","modified_gmt":"2018-08-25T20:08:40","slug":"multiplayer-pvp-necromancer","status":"publish","type":"page","link":"https:\/\/www.diablofans.cz\/d2\/multiplayer-pvp-necromancer\/","title":{"rendered":"Multiplayer &#8211; PvP &#8211; Necromancer"},"content":{"rendered":"<br \/>\n<h3>Hra za Necromancera<\/h3>\n<p>Nekromancer je velmi v\u0161estrann\u00fd. Na \u00favod je dobr\u00e9 \u0159\u00edct, \u017ee lah\u016fdky jako Decrepify a <strong>Bone Prison<\/strong> jsou na 99% server\u016f zak\u00e1zan\u00e9, i\u00a0kdy\u017e Bone Prison b\u00fdv\u00e1 v\u011bt\u0161inou jen omezen\u00e9. A\u00a0to velmi omezuje va\u0161e mo\u017enosti. Je ale pravda, \u017ee nap\u0159. takov\u00fd Barbarian, stejn\u011b jako Druid, proti Bonemancerovi p\u0159\u00edli\u0161 \u0161anc\u00ed nem\u00e1. Nav\u00edc kdy\u017e je\u0161t\u011b zakouzl\u00edte <strong>Decrepify<\/strong>, tak v\u00e1s to snad ani nem\u016f\u017ee bavit. Necromancer je v\u00fdborn\u00fd tak\u00e9 proti Paladin\u016fm (Hammer\u016fm). Naopak obecn\u011b m\u00e1 probl\u00e9my s\u00a0Amazon a Assassin.<\/p>\n<p>S\u00a0Necromancerem se d\u00e1 mimo jin\u00e9 tak\u00e9 dob\u0159e ost\u0159elovat z\u00a0d\u00e1lky (pomoc\u00ed <strong>Bone Spirit<\/strong> \u010di <strong>Teeth<\/strong>). Proti Sorceress, Assassin a Amazon jsou v\u00fdborn\u00e9 Teeth. Va\u0161\u00ed hlavn\u00ed zbran\u00ed je ale <strong>Bone Spear<\/strong> a Bone Spirit. Pokud jste si vybrali cestu Poisonmancera, tak pou\u017e\u00edvat cokoli jin\u00e9ho ne\u017e <strong>Poison Novu<\/strong> je zbyte\u010dn\u00e9. Rad\u011bji Poison Novu podpo\u0159te pomoc\u00ed kletby <strong>Lower Resist<\/strong> a dor\u00e1\u017eejte bu\u010f pomoc\u00ed Bone Spirit, Teeth, nebo vhodn\u011b vykouzlen\u00fdm <strong>Fire Golem<\/strong>em.<\/p>\n<p>Necromancer m\u00e1 nev\u00fdhodu velk\u00e9 spot\u0159eby Many, proto v\u00e1m pomohou v\u011bci s\u00a0vlastnost\u00ed +x% Regenerate Mana, Damage Goes to Mana a samoz\u0159ejm\u011b v\u011bci + Mana a Energy. Sna\u017ete se, aby v\u00e1s nikdo netrefil, jedin\u00e9, co v\u00e1s toti\u017e chr\u00e1n\u00ed, je <strong>Bone Armor<\/strong>. Necromancer nav\u00edc obvykle nem\u00e1 p\u0159\u00edli\u0161 velk\u00e9 odolnosti, obranu \u010di \u0161anci na blokov\u00e1n\u00ed.<\/p>\n<h3>Hra proti Necromacerovi<\/h3>\n<p>Pokud vylo\u017een\u011b pot\u0159ebujete zab\u00edt Necromancera, pou\u017eijte <strong>FoHera<\/strong>, <strong>TrapAssku<\/strong> nebo <strong>Bowamu<\/strong>.<\/p>\n<p>Pokud hrajete za <strong>Sorceress<\/strong>, jsou va\u0161e \u0161ance v\u00a0podstat\u011b vyrovnan\u00e9 a z\u00e1le\u017e\u00ed na\u00a0hr\u00e1\u010di.<\/p>\n<p><strong>Druidov\u00e9<\/strong>, <strong>Barba\u0159i<\/strong> a <strong>Paladinov\u00e9<\/strong> to maj\u00ed velmi t\u011b\u017ek\u00e9. Poisonmancer je obzvl\u00e1\u0161t\u011b nebezpe\u010dn\u00fd, proto\u017ee b\u00fdv\u00e1 rychl\u00fd. N\u011bkdy ale nem\u00e1 Teleport (bu\u010f m\u00e1 TO nebo Bramble).<\/p>\n<p>Necromancer je celkov\u011b charakter, kter\u00fd se boj\u016fm na bl\u00edzko vyh\u00fdb\u00e1, tak\u017ee jakmile se k\u00a0n\u011bmu p\u0159ibl\u00ed\u017e\u00edte, okam\u017eit\u011b dostanete t\u00e9m\u011b\u0159 neredukovan\u00e9 z\u00e1sahy od Bone Spear\u016f a Bone Spirit\u016f.<\/p>\n<p>Za Amazon s\u00a0Javelinem jste na tom v\u00a0podstat\u011b stejn\u011b jako Paladin.<\/p>\n<p style=\"text-align:center\">&#8212;\u00a0\u2014 &#8212;\u00a0\u2014 &#8212;\u00a0\u2014 &#8212;\u00a0\u2014 &#8212;\u00a0\u2014 &#8212;\u00a0\u2014 &#8212;\u00a0\u2014 &#8212;\u00a0\u2014 &#8212;\u00a0\u2014 &#8212;\u00a0\u2014 &#8212;\u00a0\u2014\u00a0&#8212;<\/p>\n<p style=\"text-align:center\"><a href=\"https:\/\/www.diablofans.cz\/d2\/multiplayer-pvp\">\u00ab Zp\u011bt do sekce Multiplayer\u00a0\u2013 Player versus Player.<\/a><\/p>\n<p> <!-- by Texy2! --><\/p>\n","protected":false},"excerpt":{"rendered":"<p>Hra za Necromancera Nekromancer je velmi v\u0161estrann\u00fd. Na \u00favod je dobr\u00e9 \u0159\u00edct, \u017ee lah\u016fdky jako Decrepify a Bone Prison jsou na 99% server\u016f zak\u00e1zan\u00e9, i\u00a0kdy\u017e Bone Prison b\u00fdv\u00e1 v\u011bt\u0161inou jen omezen\u00e9. A\u00a0to velmi omezuje va\u0161e mo\u017enosti. Je ale pravda, \u017ee nap\u0159. takov\u00fd Barbarian, stejn\u011b jako Druid, proti Bonemancerovi p\u0159\u00edli\u0161 \u0161anc\u00ed nem\u00e1. Nav\u00edc kdy\u017e je\u0161t\u011b zakouzl\u00edte [&#8230;]<\/p>\n<p><a class=\"btn btn-secondary understrap-read-more-link\" href=\"https:\/\/www.diablofans.cz\/d2\/multiplayer-pvp-necromancer\/\">\u010c\u00edst d\u00e1le&#8230;<span class=\"screen-reader-text\"> from Multiplayer &#8211; PvP &#8211; Necromancer<\/span><\/a><\/p>\n","protected":false},"author":1,"featured_media":0,"parent":0,"menu_order":0,"comment_status":"open","ping_status":"open","template":"","meta":{"footnotes":""},"class_list":["post-2742","page","type-page","status-publish","hentry"],"_links":{"self":[{"href":"https:\/\/www.diablofans.cz\/d2\/wp-json\/wp\/v2\/pages\/2742","targetHints":{"allow":["GET"]}}],"collection":[{"href":"https:\/\/www.diablofans.cz\/d2\/wp-json\/wp\/v2\/pages"}],"about":[{"href":"https:\/\/www.diablofans.cz\/d2\/wp-json\/wp\/v2\/types\/page"}],"author":[{"embeddable":true,"href":"https:\/\/www.diablofans.cz\/d2\/wp-json\/wp\/v2\/users\/1"}],"replies":[{"embeddable":true,"href":"https:\/\/www.diablofans.cz\/d2\/wp-json\/wp\/v2\/comments?post=2742"}],"version-history":[{"count":0,"href":"https:\/\/www.diablofans.cz\/d2\/wp-json\/wp\/v2\/pages\/2742\/revisions"}],"wp:attachment":[{"href":"https:\/\/www.diablofans.cz\/d2\/wp-json\/wp\/v2\/media?parent=2742"}],"curies":[{"name":"wp","href":"https:\/\/api.w.org\/{rel}","templated":true}]}}