{"id":2792,"date":"2018-08-25T22:08:42","date_gmt":"2018-08-25T20:08:42","guid":{"rendered":"http:\/\/diablofans.ddev.site\/d2\/super-unikatni-bossove-3-akt\/"},"modified":"2018-08-25T22:08:42","modified_gmt":"2018-08-25T20:08:42","slug":"super-unikatni-bossove-3-akt","status":"publish","type":"page","link":"https:\/\/www.diablofans.cz\/d2\/super-unikatni-bossove-3-akt\/","title":{"rendered":"Super unik\u00e1tn\u00ed bossov\u00e9 &#8211; 3. akt"},"content":{"rendered":"\n<div class=\"unikatni-bossove\">\n<div><a href=\"images\/monstra\/unikatni-bossove\/3akt\/battlemaid-sarina.jpg\" onclick=\"return hs.expand(this)\"><img loading=\"lazy\" decoding=\"async\" src=\"https:\/\/www.diablofans.cz\/d2\/wp-content\/uploads\/2018\/08\/battlemaid-sarina-nahled.jpg\" alt=\"battlemaid-sarina-nahled\" class=\"img-left\" width=\"140\" height=\"125\" \/><\/a><\/div>\n<h3 id=\"battlemaid\">Battlemaid Sarina<\/h3>\n<ul>\n<li>Typ monstra: Flesh Hunter<\/li>\n<li>Vlastnosti: Extra Fast, Spectral Hit<\/li>\n<li>Lokace: Ruined Temple<\/li>\n<\/ul>\n<div class=\"srovnat\"><\/div>\n<div><a href=\"images\/monstra\/unikatni-bossove\/3akt\/bremm-sparkfist.jpg\" onclick=\"return hs.expand(this)\"><img loading=\"lazy\" decoding=\"async\" src=\"https:\/\/www.diablofans.cz\/d2\/wp-content\/uploads\/2018\/08\/bremm-sparkfist-nahled.jpg\" alt=\"bremm-sparkfist-nahled\" class=\"img-left\" width=\"140\" height=\"125\" \/><\/a><\/div>\n<h3 id=\"bremm\">Bremm Sparkfist<\/h3>\n<ul>\n<li>Typ monstra: Council Member<\/li>\n<li>Vlastnosti: Aura Enchanted (varies), Lightning Enchanted<\/li>\n<li>Lokace: Durance of Hate Level 3<\/li>\n<\/ul>\n<div class=\"srovnat\"><\/div>\n<div><a href=\"images\/monstra\/unikatni-bossove\/3akt\/geleb-flamefinger.jpg\" onclick=\"return hs.expand(this)\"><img loading=\"lazy\" decoding=\"async\" src=\"https:\/\/www.diablofans.cz\/d2\/wp-content\/uploads\/2018\/08\/geleb-flamefinger-nahled.jpg\" alt=\"geleb-flamefinger-nahled\" class=\"img-left\" width=\"140\" height=\"125\" \/><\/a><\/div>\n<h3 id=\"geleb\">Geleb Flamefinger<\/h3>\n<ul>\n<li>Typ monstra: Council Member<\/li>\n<li>Vlastnosti: Extra Strong, Fire Enchanted<\/li>\n<li>Lokace: Travincal<\/li>\n<\/ul>\n<div class=\"srovnat\"><\/div>\n<div><a href=\"images\/monstra\/unikatni-bossove\/3akt\/icehawk-riftwing.jpg\" onclick=\"return hs.expand(this)\"><img loading=\"lazy\" decoding=\"async\" src=\"https:\/\/www.diablofans.cz\/d2\/wp-content\/uploads\/2018\/08\/icehawk-riftwing-nahled.jpg\" alt=\"icehawk-riftwing-nahled\" class=\"img-left\" width=\"140\" height=\"125\" \/><\/a><\/div>\n<h3 id=\"icehawk\">Icehawk Riftwing<\/h3>\n<ul>\n<li>Typ monstra: Gloombat<\/li>\n<li>Vlastnosti: Cold Enchanted, Teleportation<\/li>\n<li>Lokace: Sewers Level 1<\/li>\n<\/ul>\n<div class=\"srovnat\"><\/div>\n<div><a href=\"images\/monstra\/unikatni-bossove\/3akt\/ismail-vilehand.jpg\" onclick=\"return hs.expand(this)\"><img loading=\"lazy\" decoding=\"async\" src=\"https:\/\/www.diablofans.cz\/d2\/wp-content\/uploads\/2018\/08\/ismail-vilehand-nahled.jpg\" alt=\"ismail-vilehand-nahled\" class=\"img-left\" width=\"140\" height=\"125\" \/><\/a><\/div>\n<h3 id=\"ismail\">Ismail Vilehand<\/h3>\n<ul>\n<li>Typ monstra: Council Member<\/li>\n<li>Vlastnosti: Extra Fast, Cursed<\/li>\n<li>Lokace: Travincal<\/li>\n<\/ul>\n<div class=\"srovnat\"><\/div>\n<div><a href=\"images\/monstra\/unikatni-bossove\/3akt\/maffer-dragonhand.jpg\" onclick=\"return hs.expand(this)\"><img loading=\"lazy\" decoding=\"async\" src=\"https:\/\/www.diablofans.cz\/d2\/wp-content\/uploads\/2018\/08\/maffer-dragonhand-nahled.jpg\" alt=\"maffer-dragonhand-nahled\" class=\"img-left\" width=\"140\" height=\"125\" \/><\/a><\/div>\n<h3 id=\"maffer\">Maffer Dragonhand<\/h3>\n<ul>\n<li>Typ monstra: Council Member<\/li>\n<li>Vlastnosti: Extra Fast, Extra Strong<\/li>\n<li>Lokace: Durance of Hate Level 3<\/li>\n<\/ul>\n<div class=\"srovnat\"><\/div>\n<div><a href=\"images\/monstra\/unikatni-bossove\/3akt\/mephisto.jpg\" onclick=\"return hs.expand(this)\"><img loading=\"lazy\" decoding=\"async\" src=\"https:\/\/www.diablofans.cz\/d2\/wp-content\/uploads\/2018\/08\/mephisto-nahled.jpg\" alt=\"mephisto-nahled\" class=\"img-left\" width=\"140\" height=\"125\" \/><\/a><\/div>\n<h3 id=\"mephisto\">Mephisto<\/h3>\n<ul>\n<li>Typ monstra: akt boss<\/li>\n<li>Lokace: Durance of Hate Level 3<\/li>\n<li><a href=\"https:\/\/www.diablofans.cz\/d2\/akt-bossove-mephisto\">V\u00edce informac\u00ed \u00bb<\/a><\/li>\n<\/ul>\n<div class=\"srovnat\"><\/div>\n<div><a href=\"images\/monstra\/unikatni-bossove\/3akt\/sszark-the-burning.jpg\" onclick=\"return hs.expand(this)\"><img loading=\"lazy\" decoding=\"async\" src=\"https:\/\/www.diablofans.cz\/d2\/wp-content\/uploads\/2018\/08\/sszark-the-burning-nahled.jpg\" alt=\"sszark-the-burning-nahled\" class=\"img-left\" width=\"140\" height=\"125\" \/><\/a><\/div>\n<h3 id=\"sszark\">Sszark the Burning<\/h3>\n<ul>\n<li>Typ monstra: Flame Spider<\/li>\n<li>Vlastnosti: Extra Strong, Cursed<\/li>\n<li>Lokace: Spider Cavern<\/li>\n<\/ul>\n<div class=\"srovnat\"><\/div>\n<div><a href=\"images\/monstra\/unikatni-bossove\/3akt\/stormtree.jpg\" onclick=\"return hs.expand(this)\"><img loading=\"lazy\" decoding=\"async\" src=\"https:\/\/www.diablofans.cz\/d2\/wp-content\/uploads\/2018\/08\/stormtree-nahled.jpg\" alt=\"stormtree-nahled\" class=\"img-left\" width=\"140\" height=\"125\" \/><\/a><\/div>\n<h3 id=\"stormtree\">Stormtree<\/h3>\n<ul>\n<li>Typ monstra: Thrasher<\/li>\n<li>Vlastnosti: Extra Fast, Lightning Enchanted<\/li>\n<li>Lokace: Entering Lower Kurast<\/li>\n<\/ul>\n<div class=\"srovnat\"><\/div>\n<div><a href=\"images\/monstra\/unikatni-bossove\/3akt\/toorc-icefist.jpg\" onclick=\"return hs.expand(this)\"><img loading=\"lazy\" decoding=\"async\" src=\"https:\/\/www.diablofans.cz\/d2\/wp-content\/uploads\/2018\/08\/toorc-icefist-nahled.jpg\" alt=\"toorc-icefist-nahled\" class=\"img-left\" width=\"140\" height=\"125\" \/><\/a><\/div>\n<h3 id=\"toorc\">Toorc Icefist<\/h3>\n<ul>\n<li>Typ monstra: Council Member<\/li>\n<li>Vlastnosti: Cold Enchanted, Stone Skin<\/li>\n<li>Lokace: Travincal<\/li>\n<\/ul>\n<div class=\"srovnat\"><\/div>\n<div><a href=\"images\/monstra\/unikatni-bossove\/3akt\/witch-doctor-endugu.jpg\" onclick=\"return hs.expand(this)\"><img loading=\"lazy\" decoding=\"async\" src=\"https:\/\/www.diablofans.cz\/d2\/wp-content\/uploads\/2018\/08\/witch-doctor-endugu-nahled.jpg\" alt=\"witch-doctor-endugu-nahled\" class=\"img-left\" width=\"140\" height=\"125\" \/><\/a><\/div>\n<h3 id=\"witchdoctor\">Witch Doctor Endugu<\/h3>\n<ul>\n<li>Typ monstra: Soul Killer Shaman<\/li>\n<li>Vlastnosti: Magic Resistant, Fire Enchanted<\/li>\n<li>Lokace: Flayer Dungeon Level 3<\/li>\n<\/ul>\n<div class=\"srovnat\"><\/div>\n<div><a href=\"images\/monstra\/unikatni-bossove\/3akt\/wyand-voidbringer.jpg\" onclick=\"return hs.expand(this)\"><img loading=\"lazy\" decoding=\"async\" src=\"https:\/\/www.diablofans.cz\/d2\/wp-content\/uploads\/2018\/08\/wyand-voidbringer-nahled.jpg\" alt=\"wyand-voidbringer-nahled\" class=\"img-left\" width=\"140\" height=\"125\" \/><\/a><\/div>\n<h3 id=\"wyand\">Wyand Voidbringer<\/h3>\n<ul>\n<li>Typ monstra: Council Member<\/li>\n<li>Vlastnosti: Mana Burn, Teleportation<\/li>\n<li>Lokace: Durance of Hate Level 3<\/li>\n<\/ul>\n<p class=\"srovnat\" style=\"text-align:center\">&#8212;\u00a0\u2014 &#8212;\u00a0\u2014 &#8212;\u00a0\u2014 &#8212;\u00a0\u2014 &#8212;\u00a0\u2014 &#8212;\u00a0\u2014 &#8212;\u00a0\u2014 &#8212;\u00a0\u2014 &#8212;\u00a0\u2014 &#8212;\u00a0\u2014 &#8212;\u00a0\u2014\u00a0&#8212;<\/p>\n<p style=\"text-align:center\"><a href=\"https:\/\/www.diablofans.cz\/d2\/monstra-rozdeleni\">\u00ab Zp\u011bt do sekce Monstra\u00a0\u2013 Rozd\u011blen\u00ed.<\/a><\/p>\n<\/p><\/div>\n<p> <!-- \/unikatni-bossove --> <!-- by Texy2! --><\/p>\n","protected":false},"excerpt":{"rendered":"<p>Battlemaid Sarina Typ monstra: Flesh Hunter Vlastnosti: Extra Fast, Spectral Hit Lokace: Ruined Temple Bremm Sparkfist Typ monstra: Council Member Vlastnosti: Aura Enchanted (varies), Lightning Enchanted Lokace: Durance of Hate Level 3 Geleb Flamefinger Typ monstra: Council Member Vlastnosti: Extra Strong, Fire Enchanted Lokace: Travincal Icehawk Riftwing Typ monstra: Gloombat Vlastnosti: Cold Enchanted, Teleportation Lokace: [&#8230;]<\/p>\n<p><a class=\"btn btn-secondary understrap-read-more-link\" href=\"https:\/\/www.diablofans.cz\/d2\/super-unikatni-bossove-3-akt\/\">\u010c\u00edst d\u00e1le&#8230;<span class=\"screen-reader-text\"> from Super unik\u00e1tn\u00ed bossov\u00e9 &#8211; 3. akt<\/span><\/a><\/p>\n","protected":false},"author":1,"featured_media":0,"parent":0,"menu_order":0,"comment_status":"open","ping_status":"open","template":"","meta":{"footnotes":""},"class_list":["post-2792","page","type-page","status-publish","hentry"],"_links":{"self":[{"href":"https:\/\/www.diablofans.cz\/d2\/wp-json\/wp\/v2\/pages\/2792","targetHints":{"allow":["GET"]}}],"collection":[{"href":"https:\/\/www.diablofans.cz\/d2\/wp-json\/wp\/v2\/pages"}],"about":[{"href":"https:\/\/www.diablofans.cz\/d2\/wp-json\/wp\/v2\/types\/page"}],"author":[{"embeddable":true,"href":"https:\/\/www.diablofans.cz\/d2\/wp-json\/wp\/v2\/users\/1"}],"replies":[{"embeddable":true,"href":"https:\/\/www.diablofans.cz\/d2\/wp-json\/wp\/v2\/comments?post=2792"}],"version-history":[{"count":0,"href":"https:\/\/www.diablofans.cz\/d2\/wp-json\/wp\/v2\/pages\/2792\/revisions"}],"wp:attachment":[{"href":"https:\/\/www.diablofans.cz\/d2\/wp-json\/wp\/v2\/media?parent=2792"}],"curies":[{"name":"wp","href":"https:\/\/api.w.org\/{rel}","templated":true}]}}