{"id":2797,"date":"2018-08-25T22:08:42","date_gmt":"2018-08-25T20:08:42","guid":{"rendered":"http:\/\/diablofans.ddev.site\/d2\/super-unikatni-bossove-2-akt-summoner\/"},"modified":"2018-08-25T22:08:42","modified_gmt":"2018-08-25T20:08:42","slug":"super-unikatni-bossove-2-akt-summoner","status":"publish","type":"page","link":"https:\/\/www.diablofans.cz\/d2\/super-unikatni-bossove-2-akt-summoner\/","title":{"rendered":"Super unik\u00e1tn\u00ed bossov\u00e9 &#8211; 2. akt &#8211; The Summoner"},"content":{"rendered":"\n<div><img loading=\"lazy\" decoding=\"async\" src=\"https:\/\/www.diablofans.cz\/d2\/wp-content\/uploads\/2018\/08\/summoner-popis.gif\" alt=\"summoner-popis\" class=\"img-right\" width=\"125\" height=\"150\" \/><\/div>\n<h3 id=\"historie\">Historie<\/h3>\n<p>Slavn\u00fd Vizjereisk\u00fd Summoner Horazon si sv\u00e9 doup\u011b vytvo\u0159il pod roz\u017ehaven\u00fdmi dunami nedaleko Lut Gholeinu. S\u00a0d\u00e9mony se vypo\u0159\u00e1d\u00e1val tak, \u017ee je vychytrale obelstil a sna\u017eil se je, pokud mo\u017eno, t\u00e9m\u011b\u0159 \u00fapln\u011b <strong>ovl\u00e1dat<\/strong> svoji <strong>mysl\u00ed<\/strong>. Jeliko\u017e jeho s\u00edla a moc st\u00e1le stoupala, za\u010dal se ob\u00e1vat samotn\u00fdch p\u00e1n\u016f Pekla, \u017ee by ho za jeho \u010diny mohli potrestat.<\/p>\n<p>Vytvo\u0159il tak <strong>Arcane Sanctuary<\/strong>, co\u017e m\u011bl b\u00fdt pokus o\u00a0zadr\u017een\u00ed vzdoruj\u00edc\u00edch m\u00e1g\u016f, zv\u011bdavc\u016f a jin\u00fdch n\u00ed\u017ee postaven\u00fdch d\u00e9mon\u016f. Summoner v\u011b\u0159il, \u017ee jednoho dne dok\u00e1\u017ee svou v\u016fl\u00ed ovl\u00e1dat S\u00edly pekeln\u00e9.<\/p>\n<p>Co ale nev\u011bd\u011bl byl fakt, \u017ee Zlo k\u00a0tomu vyu\u017e\u00edv\u00e1 lidstvo\u2026<\/p>\n<h3 id=\"popis\">Popis<\/h3>\n<p>To, \u017ee jste zrovna narazili na Summonera, pozn\u00e1te jednodu\u0161e. Ve va\u0161em okol\u00ed vzplanou ohniv\u00e9 zdi (Fire Wall) a z\u00a0d\u00e1lky se na v\u00e1s za\u010dnou \u0159\u00edtit prvn\u00ed ledov\u00e9 projektily (Glacial Spike). Mezi dal\u0161\u00ed Summonerovy dovednosti pat\u0159\u00ed Frost Nova, Fire Ball a Weaken. Summoner <strong>pat\u0159\u00ed k\u00a0nejmocn\u011bj\u0161\u00edm m\u00e1g\u016fm<\/strong>, tak\u017ee vysok\u00e9 odolnosti v\u00e1m mohou v\u00a0souboji proti n\u011bmu v\u00fdrazn\u011b pomoci (obzvl\u00e1\u0161t\u011b odolnost v\u016f\u010di ohni\u00a0\u2013 Fire Resistance).<\/p>\n<p>Summonerovy <strong>\u017eivoty<\/strong> jsou naopak <strong>velmi slab\u00e9<\/strong>. Jako super unik\u00e1tn\u00ed boss m\u00e1 opravdu m\u00e1lo \u017eivot\u016f, mo\u017en\u00e1 dokonce i\u00a0nejm\u00e9n\u011b ze v\u0161ech boss\u016f. Mnohdy je schopen zem\u0159\u00edt i\u00a0na jednu \u010di dv\u011b r\u00e1ny. Sna\u017ete se tedy vyh\u00fdbat jeho mistrovsk\u00fdm kouzl\u016fm a sna\u017ete se mu dostat na t\u011blo. Zasa\u010fte mu n\u011bkolik m\u00e1lo ran a m\u00e1te po probl\u00e9mech.<\/p>\n<h3 id=\"vlastnosti\">Vlastnosti<\/h3>\n<table style=\"text-align:center\">\n<thead>\n<tr>\n<th colspan=\"3\">Level<\/th>\n<th colspan=\"3\">Experience<\/th>\n<th colspan=\"3\">Hit Points<\/th>\n<\/tr>\n<\/thead>\n<tbody>\n<tr>\n<td>Normal<\/td>\n<td>Nightmare<\/td>\n<td>Hell<\/td>\n<td>Normal<\/td>\n<td>Nightmare<\/td>\n<td>Hell<\/td>\n<td>Normal<\/td>\n<td>Nightmare<\/td>\n<td>Hell<\/td>\n<\/tr>\n<tr>\n<td>18<\/td>\n<td>55<\/td>\n<td>80<\/td>\n<td>305<\/td>\n<td>26200<\/td>\n<td>130092<\/td>\n<td>82\u2013110<\/td>\n<td>1290\u20131642<\/td>\n<td>4265\u20137849<\/td>\n<\/tr>\n<\/tbody>\n<\/table>\n<table style=\"text-align:center\">\n<thead>\n<tr>\n<th colspan=\"3\">Defense<\/th>\n<th colspan=\"3\">% to Block<\/th>\n<\/tr>\n<\/thead>\n<tbody>\n<tr>\n<td>Normal<\/td>\n<td>Nightmare<\/td>\n<td>Hell<\/td>\n<td>Normal<\/td>\n<td>Nightmare<\/td>\n<td>Hell<\/td>\n<\/tr>\n<tr>\n<td>165<\/td>\n<td>642<\/td>\n<td>1328<\/td>\n<td colspan=\"3\">18<\/td>\n<\/tr>\n<\/tbody>\n<\/table>\n<table style=\"text-align:center\">\n<thead>\n<tr>\n<th colspan=\"3\">Damage Resist<\/th>\n<th colspan=\"3\">Magic Resist<\/th>\n<\/tr>\n<\/thead>\n<tbody>\n<tr>\n<td>Normal<\/td>\n<td>Nightmare<\/td>\n<td>Hell<\/td>\n<td>Normal<\/td>\n<td>Nightmare<\/td>\n<td>Hell<\/td>\n<\/tr>\n<tr>\n<td colspan=\"6\">0<\/td>\n<\/tr>\n<\/tbody>\n<\/table>\n<table style=\"text-align:center\">\n<thead>\n<tr>\n<th colspan=\"3\">Fire Resist<\/th>\n<th colspan=\"3\">Cold Resist<\/th>\n<\/tr>\n<\/thead>\n<tbody>\n<tr>\n<td>Normal<\/td>\n<td>Nightmare<\/td>\n<td>Hell<\/td>\n<td>Normal<\/td>\n<td>Nightmare<\/td>\n<td>Hell<\/td>\n<\/tr>\n<tr>\n<td colspan=\"2\">50<\/td>\n<td>75<\/td>\n<td colspan=\"2\">50<\/td>\n<td>75<\/td>\n<\/tr>\n<\/tbody>\n<\/table>\n<table style=\"text-align:center\">\n<thead>\n<tr>\n<th colspan=\"3\">Lightning Resist<\/th>\n<th colspan=\"3\">Poison Resist<\/th>\n<\/tr>\n<\/thead>\n<tbody>\n<tr>\n<td>Normal<\/td>\n<td>Nightmare<\/td>\n<td>Hell<\/td>\n<td>Normal<\/td>\n<td>Nightmare<\/td>\n<td>Hell<\/td>\n<\/tr>\n<tr>\n<td colspan=\"2\">50<\/td>\n<td>75<\/td>\n<td colspan=\"3\">0<\/td>\n<\/tr>\n<\/tbody>\n<\/table>\n<table style=\"text-align:center\">\n<thead>\n<tr>\n<th colspan=\"3\">Drain Effectiveness<\/th>\n<th colspan=\"3\">Immunities<\/th>\n<th colspan=\"3\">Chill Effectiveness<\/th>\n<\/tr>\n<\/thead>\n<tbody>\n<tr>\n<td>Normal<\/td>\n<td>Nightmare<\/td>\n<td>Hell<\/td>\n<td>Normal<\/td>\n<td>Nightmare<\/td>\n<td>Hell<\/td>\n<td>Normal<\/td>\n<td>Nightmare<\/td>\n<td>Hell<\/td>\n<\/tr>\n<tr>\n<td>100<\/td>\n<td>75<\/td>\n<td>50<\/td>\n<td colspan=\"3\">\u2013<\/td>\n<td>50<\/td>\n<td>40<\/td>\n<td>33<\/td>\n<\/tr>\n<\/tbody>\n<\/table>\n<p>Vysv\u011btlivky k\u00a0vlastnostem uveden\u00fdch v\u00a0tabulk\u00e1ch:<\/p>\n<ul>\n<li>Level = \u00farove\u0148<\/li>\n<li>Experience = zku\u0161enosti<\/li>\n<li>Life = \u017eivoty<\/li>\n<li>Normal = obt\u00ed\u017enost Normal (Norm\u00e1ln\u00ed)<\/li>\n<li>Nightmare = obt\u00ed\u017enost Nightmare (No\u010dn\u00ed M\u016fra)<\/li>\n<li>Hell = obt\u00ed\u017enost Hell (Peklo)<\/li>\n<li>Melee Attack 1, 2 = \u00fatok zbl\u00edzka 1, 2<\/li>\n<li>Attack Rating 1, 2 = \u00fato\u010dn\u00e9 hodnocen\u00ed 1, 2<\/li>\n<li>Defense = obrana<\/li>\n<li>% Block = x-procentn\u00ed \u0161ance na blokov\u00e1n\u00ed<\/li>\n<li>Damage Resist = odolnost v\u016f\u010di po\u0161kozen\u00ed<\/li>\n<li>Magic Resist = odolnost v\u016f\u010di magii<\/li>\n<li>Fire Resist = odolnost v\u016f\u010di ohni<\/li>\n<li>Cold Resist = odolnost v\u016f\u010di chladu<\/li>\n<li>Lightning Resist = odolnost v\u016f\u010di blesk\u016fm<\/li>\n<li>Poison Resist = odolnost v\u016f\u010di jedu<\/li>\n<li>Drain Effectiveness = \u00fa\u010dinnost s\u00e1n\u00ed<\/li>\n<li>Immunities = imunity<\/li>\n<li>Chill Effectiveness = \u00fa\u010dinnost chladu<\/li>\n<\/ul>\n<p style=\"text-align:center\">&#8212;\u00a0\u2014 &#8212;\u00a0\u2014 &#8212;\u00a0\u2014 &#8212;\u00a0\u2014 &#8212;\u00a0\u2014 &#8212;\u00a0\u2014 &#8212;\u00a0\u2014 &#8212;\u00a0\u2014 &#8212;\u00a0\u2014 &#8212;\u00a0\u2014 &#8212;\u00a0\u2014\u00a0&#8212;<\/p>\n<p style=\"text-align:center\"><a href=\"https:\/\/www.diablofans.cz\/d2\/super-unikatni-bossove-2-akt\">\u00ab Zp\u011bt do sekce Super unik\u00e1tn\u00ed bossov\u00e9\u00a0\u2013 2.\u00a0akt.<\/a><\/p>\n<p> <!-- by Texy2! --><\/p>\n","protected":false},"excerpt":{"rendered":"<p>Historie Slavn\u00fd Vizjereisk\u00fd Summoner Horazon si sv\u00e9 doup\u011b vytvo\u0159il pod roz\u017ehaven\u00fdmi dunami nedaleko Lut Gholeinu. S\u00a0d\u00e9mony se vypo\u0159\u00e1d\u00e1val tak, \u017ee je vychytrale obelstil a sna\u017eil se je, pokud mo\u017eno, t\u00e9m\u011b\u0159 \u00fapln\u011b ovl\u00e1dat svoji mysl\u00ed. Jeliko\u017e jeho s\u00edla a moc st\u00e1le stoupala, za\u010dal se ob\u00e1vat samotn\u00fdch p\u00e1n\u016f Pekla, \u017ee by ho za jeho \u010diny mohli potrestat. [&#8230;]<\/p>\n<p><a class=\"btn btn-secondary understrap-read-more-link\" href=\"https:\/\/www.diablofans.cz\/d2\/super-unikatni-bossove-2-akt-summoner\/\">\u010c\u00edst d\u00e1le&#8230;<span class=\"screen-reader-text\"> from Super unik\u00e1tn\u00ed bossov\u00e9 &#8211; 2. akt &#8211; The Summoner<\/span><\/a><\/p>\n","protected":false},"author":1,"featured_media":0,"parent":0,"menu_order":0,"comment_status":"open","ping_status":"open","template":"","meta":{"footnotes":""},"class_list":["post-2797","page","type-page","status-publish","hentry"],"_links":{"self":[{"href":"https:\/\/www.diablofans.cz\/d2\/wp-json\/wp\/v2\/pages\/2797","targetHints":{"allow":["GET"]}}],"collection":[{"href":"https:\/\/www.diablofans.cz\/d2\/wp-json\/wp\/v2\/pages"}],"about":[{"href":"https:\/\/www.diablofans.cz\/d2\/wp-json\/wp\/v2\/types\/page"}],"author":[{"embeddable":true,"href":"https:\/\/www.diablofans.cz\/d2\/wp-json\/wp\/v2\/users\/1"}],"replies":[{"embeddable":true,"href":"https:\/\/www.diablofans.cz\/d2\/wp-json\/wp\/v2\/comments?post=2797"}],"version-history":[{"count":0,"href":"https:\/\/www.diablofans.cz\/d2\/wp-json\/wp\/v2\/pages\/2797\/revisions"}],"wp:attachment":[{"href":"https:\/\/www.diablofans.cz\/d2\/wp-json\/wp\/v2\/media?parent=2797"}],"curies":[{"name":"wp","href":"https:\/\/api.w.org\/{rel}","templated":true}]}}