{"id":2814,"date":"2018-08-25T22:08:42","date_gmt":"2018-08-25T20:08:42","guid":{"rendered":"http:\/\/diablofans.ddev.site\/d2\/predmety-unique-normal-staves\/"},"modified":"2018-08-25T22:08:42","modified_gmt":"2018-08-25T20:08:42","slug":"predmety-unique-normal-staves","status":"publish","type":"page","link":"https:\/\/www.diablofans.cz\/d2\/predmety-unique-normal-staves\/","title":{"rendered":"Unique &#8211; Normal &#8211; Staves"},"content":{"rendered":"\n<div class=\"predmety\">\n<p style=\"text-align:center\"><a href=\"https:\/\/www.diablofans.cz\/d2\/predmety-unique\">Unik\u00e1tn\u00ed p\u0159edm\u011bty: Hole<\/a>\u00a0\u2013 <strong><a href=\"https:\/\/www.diablofans.cz\/d2\/predmety-unique-normal-staves\">Normal<\/a><\/strong>\u00a0\u2013 <a href=\"https:\/\/www.diablofans.cz\/d2\/predmety-unique-exceptional-staves\">Exceptional<\/a>\u00a0\u2013\u00a0<a href=\"https:\/\/www.diablofans.cz\/d2\/predmety-unique-elite-staves\">Elite<\/a><\/p>\n<div class=\"itemy_navigace\">\n<table>\n<thead>\n<tr>\n<th>Normal unik\u00e1ty<\/th>\n<\/tr>\n<\/thead>\n<tbody>\n<tr>\n<td><a href=\"https:\/\/www.diablofans.cz\/d2\/predmety-unique-normal-axes\">Axes<\/a><\/td>\n<\/tr>\n<tr>\n<td><a href=\"https:\/\/www.diablofans.cz\/d2\/predmety-unique-normal-bows\">Bows<\/a><\/td>\n<\/tr>\n<tr>\n<td><a href=\"https:\/\/www.diablofans.cz\/d2\/predmety-unique-normal-crossbows\">Crossbows<\/a><\/td>\n<\/tr>\n<tr>\n<td><a href=\"https:\/\/www.diablofans.cz\/d2\/predmety-unique-normal-daggers\">Daggers<\/a><\/td>\n<\/tr>\n<tr>\n<td><a href=\"https:\/\/www.diablofans.cz\/d2\/predmety-unique-normal-maces\">Maces<\/a><\/td>\n<\/tr>\n<tr>\n<td><a href=\"https:\/\/www.diablofans.cz\/d2\/predmety-unique-normal-polearms\">Polearms<\/a><\/td>\n<\/tr>\n<tr>\n<td><a href=\"https:\/\/www.diablofans.cz\/d2\/predmety-unique-normal-scepters\">Scepters<\/a><\/td>\n<\/tr>\n<tr>\n<td><a href=\"https:\/\/www.diablofans.cz\/d2\/predmety-unique-normal-spears\">Spears<\/a><\/td>\n<\/tr>\n<tr>\n<td><strong><a href=\"https:\/\/www.diablofans.cz\/d2\/predmety-unique-normal-staves\">Staves<\/a><\/strong><\/td>\n<\/tr>\n<tr>\n<td><a href=\"https:\/\/www.diablofans.cz\/d2\/predmety-unique-normal-swords\">Swords<\/a><\/td>\n<\/tr>\n<tr>\n<td><a href=\"https:\/\/www.diablofans.cz\/d2\/predmety-unique-normal-wands\">Wands<\/a><\/td>\n<\/tr>\n<tr>\n<th>Brn\u011bn\u00ed<\/th>\n<\/tr>\n<tr>\n<td><a href=\"https:\/\/www.diablofans.cz\/d2\/predmety-unique-normal-armor\">Armor<\/a><\/td>\n<\/tr>\n<tr>\n<td><a href=\"https:\/\/www.diablofans.cz\/d2\/predmety-unique-normal-belts\">Belts<\/a><\/td>\n<\/tr>\n<tr>\n<td><a href=\"https:\/\/www.diablofans.cz\/d2\/predmety-unique-normal-boots\">Boots<\/a><\/td>\n<\/tr>\n<tr>\n<td><a href=\"https:\/\/www.diablofans.cz\/d2\/predmety-unique-normal-gloves\">Gloves<\/a><\/td>\n<\/tr>\n<tr>\n<td><a href=\"https:\/\/www.diablofans.cz\/d2\/predmety-unique-normal-helms\">Helms<\/a><\/td>\n<\/tr>\n<tr>\n<td><a href=\"https:\/\/www.diablofans.cz\/d2\/predmety-unique-normal-shields\">Shields<\/a><\/td>\n<\/tr>\n<\/tbody>\n<\/table><\/div>\n<h3 class=\"zlata\"><a href=\"files\/predmety\/unique\/weapons\/staff\/normal\/bane ash short staff.d2i\">Bane Ash<\/a><\/h3>\n<div><img loading=\"lazy\" decoding=\"async\" src=\"https:\/\/www.diablofans.cz\/d2\/wp-content\/uploads\/2018\/08\/baneash.gif\" class=\"nahled\" alt=\"NazevPredmetu\" width=\"62\" height=\"118\" \/><\/div>\n<ul class=\"typ\">\n<li>Short Staff<\/li>\n<\/ul>\n<ul class=\"zaklady\">\n<li>Two-Hand Damage: 1\u00a0To (7\u20138)<\/li>\n<li>Durability: 20<\/li>\n<li>Base Weapon Speed: [-10]<\/li>\n<li>Required Level: 5<\/li>\n<\/ul>\n<ul class=\"vlastnosti\">\n<li>+50\u201360% Enhanced Damage (varies)<\/li>\n<li>+50% Damage To Undead<\/li>\n<li>20% Increased Attack Speed<\/li>\n<li>+30\u00a0To Mana<\/li>\n<li>Fire Resist +50%<\/li>\n<li>Adds 4\u20136 Fire Damage<\/li>\n<li>+5\u00a0To Fire Bolt (Sorceress Only)<\/li>\n<li>+2\u00a0To Warmth (Sorceress Only)<\/li>\n<li>(Patch 1.09\u00a0or later)<\/li>\n<\/ul>\n<p style=\"text-align:center\">&#8212;\u00a0\u2014 &#8212;\u00a0\u2014 &#8212;\u00a0\u2014 &#8212;\u00a0\u2014 &#8212;\u00a0\u2014 &#8212;\u00a0\u2014 &#8212;\u00a0\u2014 &#8212;\u00a0\u2014 &#8212;\u00a0\u2014 &#8212;\u00a0\u2014 &#8212;\u00a0\u2014\u00a0&#8212;<\/p>\n<h3 class=\"zlata\"><a href=\"files\/predmety\/unique\/weapons\/staff\/normal\/serpent lord long staff.d2i\">Serpent Lord<\/a><\/h3>\n<div><img loading=\"lazy\" decoding=\"async\" src=\"https:\/\/www.diablofans.cz\/d2\/wp-content\/uploads\/2018\/08\/serpentlord.gif\" class=\"nahled\" alt=\"Serpent Lord\" width=\"62\" height=\"118\" \/><\/div>\n<ul class=\"typ\">\n<li>Long Staff<\/li>\n<\/ul>\n<ul class=\"zaklady\">\n<li>Two-Hand Damage: 2\u00a0To (10\u201311)<\/li>\n<li>Durability: 30<\/li>\n<li>Base Weapon Speed: [0]<\/li>\n<li>Required Level: 9<\/li>\n<\/ul>\n<ul class=\"vlastnosti\">\n<li>30\u201340% Enhanced Damage (varies)<\/li>\n<li>+50% Damage To Undead<\/li>\n<li>+12\u00a0Poison Damage Over 3\u00a0Seconds<\/li>\n<li>100% Mana Stolen Per Hit<\/li>\n<li>\u201350% Target Defense<\/li>\n<li>+10\u00a0To Mana<\/li>\n<li>Poison Resist +50%<\/li>\n<li>\u20131 To Light Radius<\/li>\n<li>(Patch 1.09\u00a0or later)<\/li>\n<\/ul>\n<p style=\"text-align:center\">&#8212;\u00a0\u2014 &#8212;\u00a0\u2014 &#8212;\u00a0\u2014 &#8212;\u00a0\u2014 &#8212;\u00a0\u2014 &#8212;\u00a0\u2014 &#8212;\u00a0\u2014 &#8212;\u00a0\u2014 &#8212;\u00a0\u2014 &#8212;\u00a0\u2014 &#8212;\u00a0\u2014\u00a0&#8212;<\/p>\n<h3 class=\"zlata\"><a href=\"files\/predmety\/unique\/weapons\/staff\/normal\/spire of lazarus gnarled staff.d2i\">Spire of Lazarus<\/a><\/h3>\n<div><img loading=\"lazy\" decoding=\"async\" src=\"https:\/\/www.diablofans.cz\/d2\/wp-content\/uploads\/2018\/08\/lazarusspire.gif\" class=\"nahled\" alt=\"Spire of Lazarus\" width=\"62\" height=\"118\" \/><\/div>\n<ul class=\"typ\">\n<li>Gnarled Staff<\/li>\n<\/ul>\n<ul class=\"zaklady\">\n<li>Two-Hand Damage: 4\u00a0To 12<\/li>\n<li>Durability: 35<\/li>\n<li>Base Weapon Speed: [10]<\/li>\n<li>Required Level: 18<\/li>\n<\/ul>\n<ul class=\"vlastnosti\">\n<li>+50% Damage To Undead<\/li>\n<li>Adds 1\u201328 Lightning Damage<\/li>\n<li>+1\u00a0To Sorceress Skill Levels<\/li>\n<li>+2\u00a0To Lightning (Sorceress Only)<\/li>\n<li>+1\u00a0To Chain Lightning (Sorceress Only)<\/li>\n<li>+3\u00a0To Static Field (Sorceress Only)<\/li>\n<li>Regenerate Mana 43%<\/li>\n<li>+15\u00a0To Energy<\/li>\n<li>Damage Reduced By 5<\/li>\n<li>Lightning Resist +75%<\/li>\n<li>(Patch 1.09\u00a0or later)<\/li>\n<\/ul>\n<p style=\"text-align:center\">&#8212;\u00a0\u2014 &#8212;\u00a0\u2014 &#8212;\u00a0\u2014 &#8212;\u00a0\u2014 &#8212;\u00a0\u2014 &#8212;\u00a0\u2014 &#8212;\u00a0\u2014 &#8212;\u00a0\u2014 &#8212;\u00a0\u2014 &#8212;\u00a0\u2014 &#8212;\u00a0\u2014\u00a0&#8212;<\/p>\n<h3 class=\"zlata\"><a href=\"files\/predmety\/unique\/weapons\/staff\/normal\/the salamander battle staff.d2i\">The Salamander<\/a><\/h3>\n<div><img loading=\"lazy\" decoding=\"async\" src=\"https:\/\/www.diablofans.cz\/d2\/wp-content\/uploads\/2018\/08\/thesalamander.gif\" class=\"nahled\" alt=\"The Salamander\" width=\"62\" height=\"118\" \/><\/div>\n<ul class=\"typ\">\n<li>Battle Staff<\/li>\n<\/ul>\n<ul class=\"zaklady\">\n<li>Two-Hand Damage: 6\u00a0To 13<\/li>\n<li>Durability: 40<\/li>\n<li>Base Weapon Speed: [0]<\/li>\n<li>Required Level: 21<\/li>\n<\/ul>\n<ul class=\"vlastnosti\">\n<li>+50% Damage To Undead<\/li>\n<li>Adds 15\u201332 Fire Damage<\/li>\n<li>Fire Resist +30%<\/li>\n<li>+2\u00a0To Fire Skills<\/li>\n<li>+3\u00a0To Warmth (Sorceress Only)<\/li>\n<li>+2\u00a0To Fire Ball (Sorceress Only)<\/li>\n<li>+1\u00a0To Fire Wall (Sorceress Only)<\/li>\n<li>(Patch 1.09\u00a0or later)<\/li>\n<\/ul>\n<p style=\"text-align:center\">&#8212;\u00a0\u2014 &#8212;\u00a0\u2014 &#8212;\u00a0\u2014 &#8212;\u00a0\u2014 &#8212;\u00a0\u2014 &#8212;\u00a0\u2014 &#8212;\u00a0\u2014 &#8212;\u00a0\u2014 &#8212;\u00a0\u2014 &#8212;\u00a0\u2014 &#8212;\u00a0\u2014\u00a0&#8212;<\/p>\n<h3 class=\"zlata\"><a href=\"files\/predmety\/unique\/weapons\/staff\/normal\/the iron jang bong war staff.d2i\">The Iron Jang Bong<\/a><\/h3>\n<div><img loading=\"lazy\" decoding=\"async\" src=\"https:\/\/www.diablofans.cz\/d2\/wp-content\/uploads\/2018\/08\/theironlangbong.gif\" class=\"nahled\" alt=\"The Iron Jang Bong\" width=\"62\" height=\"118\" \/><\/div>\n<ul class=\"typ\">\n<li>War Staff<\/li>\n<\/ul>\n<ul class=\"zaklady\">\n<li>Two-Hand Damage: 24\u00a0To 56<\/li>\n<li>Durability: 50<\/li>\n<li>Base Weapon Speed: [20]<\/li>\n<li>Required Level: 28<\/li>\n<\/ul>\n<ul class=\"vlastnosti\">\n<li>100% Enhanced Damage<\/li>\n<li>+50% Damage To Undead<\/li>\n<li>50% Bonus To Attack Rating<\/li>\n<li>20% Faster Cast Rate<\/li>\n<li>+2\u00a0to Sorceress Skill Levels<\/li>\n<li>+3\u00a0To Frost Nova (Sorceress Only)<\/li>\n<li>+2\u00a0To Blaze (Sorceress Only)<\/li>\n<li>+2\u00a0To Nova (Sorceress Only)<\/li>\n<li>+30\u00a0Defense<\/li>\n<li>(Patch 1.09\u00a0or later)<\/li>\n<\/ul>\n<p style=\"text-align:center\">&#8212;\u00a0\u2014 &#8212;\u00a0\u2014 &#8212;\u00a0\u2014 &#8212;\u00a0\u2014 &#8212;\u00a0\u2014 &#8212;\u00a0\u2014 &#8212;\u00a0\u2014 &#8212;\u00a0\u2014 &#8212;\u00a0\u2014 &#8212;\u00a0\u2014 &#8212;\u00a0\u2014\u00a0&#8212;<\/p>\n<p style=\"text-align:center\"><a href=\"https:\/\/www.diablofans.cz\/d2\/predmety-unique\">\u00ab Zp\u011bt do sekce P\u0159edm\u011bty\u00a0\u2013 Unique.<\/a><\/p>\n<\/p><\/div>\n<p> <!-- by Texy2! --><\/p>\n","protected":false},"excerpt":{"rendered":"<p>Unik\u00e1tn\u00ed p\u0159edm\u011bty: Hole\u00a0\u2013 Normal\u00a0\u2013 Exceptional\u00a0\u2013\u00a0Elite Normal unik\u00e1ty Axes Bows Crossbows Daggers Maces Polearms Scepters Spears Staves Swords Wands Brn\u011bn\u00ed Armor Belts Boots Gloves Helms Shields Bane Ash Short Staff Two-Hand Damage: 1\u00a0To (7\u20138) Durability: 20 Base Weapon Speed: [-10] Required Level: 5 +50\u201360% Enhanced Damage (varies) +50% Damage To Undead 20% Increased Attack Speed +30\u00a0To [&#8230;]<\/p>\n<p><a class=\"btn btn-secondary understrap-read-more-link\" href=\"https:\/\/www.diablofans.cz\/d2\/predmety-unique-normal-staves\/\">\u010c\u00edst d\u00e1le&#8230;<span class=\"screen-reader-text\"> from Unique &#8211; Normal &#8211; Staves<\/span><\/a><\/p>\n","protected":false},"author":1,"featured_media":0,"parent":0,"menu_order":0,"comment_status":"open","ping_status":"open","template":"","meta":{"footnotes":""},"class_list":["post-2814","page","type-page","status-publish","hentry"],"_links":{"self":[{"href":"https:\/\/www.diablofans.cz\/d2\/wp-json\/wp\/v2\/pages\/2814","targetHints":{"allow":["GET"]}}],"collection":[{"href":"https:\/\/www.diablofans.cz\/d2\/wp-json\/wp\/v2\/pages"}],"about":[{"href":"https:\/\/www.diablofans.cz\/d2\/wp-json\/wp\/v2\/types\/page"}],"author":[{"embeddable":true,"href":"https:\/\/www.diablofans.cz\/d2\/wp-json\/wp\/v2\/users\/1"}],"replies":[{"embeddable":true,"href":"https:\/\/www.diablofans.cz\/d2\/wp-json\/wp\/v2\/comments?post=2814"}],"version-history":[{"count":0,"href":"https:\/\/www.diablofans.cz\/d2\/wp-json\/wp\/v2\/pages\/2814\/revisions"}],"wp:attachment":[{"href":"https:\/\/www.diablofans.cz\/d2\/wp-json\/wp\/v2\/media?parent=2814"}],"curies":[{"name":"wp","href":"https:\/\/api.w.org\/{rel}","templated":true}]}}