{"id":2819,"date":"2018-08-25T22:08:42","date_gmt":"2018-08-25T20:08:42","guid":{"rendered":"http:\/\/diablofans.ddev.site\/d2\/predmety-unique-normal-swords\/"},"modified":"2018-08-25T22:08:42","modified_gmt":"2018-08-25T20:08:42","slug":"predmety-unique-normal-swords","status":"publish","type":"page","link":"https:\/\/www.diablofans.cz\/d2\/predmety-unique-normal-swords\/","title":{"rendered":"Unique &#8211; Normal &#8211; Swords"},"content":{"rendered":"\n<div class=\"predmety\">\n<p style=\"text-align:center\"><a href=\"https:\/\/www.diablofans.cz\/d2\/predmety-unique\">Unik\u00e1tn\u00ed p\u0159edm\u011bty: Me\u010de<\/a>\u00a0\u2013 <strong><a href=\"https:\/\/www.diablofans.cz\/d2\/predmety-unique-normal-swords\">Normal<\/a><\/strong>\u00a0\u2013 <a href=\"https:\/\/www.diablofans.cz\/d2\/predmety-unique-exceptional-swords\">Exceptional<\/a>\u00a0\u2013\u00a0<a href=\"https:\/\/www.diablofans.cz\/d2\/predmety-unique-elite-swords\">Elite<\/a><\/p>\n<div class=\"itemy_navigace\">\n<table>\n<thead>\n<tr>\n<th>Normal unik\u00e1ty<\/th>\n<\/tr>\n<\/thead>\n<tbody>\n<tr>\n<td><a href=\"https:\/\/www.diablofans.cz\/d2\/predmety-unique-normal-axes\">Axes<\/a><\/td>\n<\/tr>\n<tr>\n<td><a href=\"https:\/\/www.diablofans.cz\/d2\/predmety-unique-normal-bows\">Bows<\/a><\/td>\n<\/tr>\n<tr>\n<td><a href=\"https:\/\/www.diablofans.cz\/d2\/predmety-unique-normal-crossbows\">Crossbows<\/a><\/td>\n<\/tr>\n<tr>\n<td><a href=\"https:\/\/www.diablofans.cz\/d2\/predmety-unique-normal-daggers\">Daggers<\/a><\/td>\n<\/tr>\n<tr>\n<td><a href=\"https:\/\/www.diablofans.cz\/d2\/predmety-unique-normal-maces\">Maces<\/a><\/td>\n<\/tr>\n<tr>\n<td><a href=\"https:\/\/www.diablofans.cz\/d2\/predmety-unique-normal-polearms\">Polearms<\/a><\/td>\n<\/tr>\n<tr>\n<td><a href=\"https:\/\/www.diablofans.cz\/d2\/predmety-unique-normal-scepters\">Scepters<\/a><\/td>\n<\/tr>\n<tr>\n<td><a href=\"https:\/\/www.diablofans.cz\/d2\/predmety-unique-normal-spears\">Spears<\/a><\/td>\n<\/tr>\n<tr>\n<td><a href=\"https:\/\/www.diablofans.cz\/d2\/predmety-unique-normal-staves\">Staves<\/a><\/td>\n<\/tr>\n<tr>\n<td><strong><a href=\"https:\/\/www.diablofans.cz\/d2\/predmety-unique-normal-swords\">Swords<\/a><\/strong><\/td>\n<\/tr>\n<tr>\n<td><a href=\"https:\/\/www.diablofans.cz\/d2\/predmety-unique-normal-wands\">Wands<\/a><\/td>\n<\/tr>\n<tr>\n<th>Brn\u011bn\u00ed<\/th>\n<\/tr>\n<tr>\n<td><a href=\"https:\/\/www.diablofans.cz\/d2\/predmety-unique-normal-armor\">Armor<\/a><\/td>\n<\/tr>\n<tr>\n<td><a href=\"https:\/\/www.diablofans.cz\/d2\/predmety-unique-normal-belts\">Belts<\/a><\/td>\n<\/tr>\n<tr>\n<td><a href=\"https:\/\/www.diablofans.cz\/d2\/predmety-unique-normal-boots\">Boots<\/a><\/td>\n<\/tr>\n<tr>\n<td><a href=\"https:\/\/www.diablofans.cz\/d2\/predmety-unique-normal-gloves\">Gloves<\/a><\/td>\n<\/tr>\n<tr>\n<td><a href=\"https:\/\/www.diablofans.cz\/d2\/predmety-unique-normal-helms\">Helms<\/a><\/td>\n<\/tr>\n<tr>\n<td><a href=\"https:\/\/www.diablofans.cz\/d2\/predmety-unique-normal-shields\">Shields<\/a><\/td>\n<\/tr>\n<\/tbody>\n<\/table><\/div>\n<h3 class=\"zlata\"><a href=\"files\/predmety\/unique\/weapons\/sword\/normal\/rixot's keen.d2i\">Rixot&#8217;s\u00a0Keen<\/a><\/h3>\n<div><img loading=\"lazy\" decoding=\"async\" src=\"https:\/\/www.diablofans.cz\/d2\/wp-content\/uploads\/2018\/08\/rixotskeen.gif\" class=\"nahled\" alt=\"Rixot's\u00a0Keen\" width=\"62\" height=\"118\" \/><\/div>\n<ul class=\"typ\">\n<li>Short Sword<\/li>\n<\/ul>\n<ul class=\"zaklady\">\n<li>One-Hand Damage: 9\u00a0To 14<\/li>\n<li>Durability: 24<\/li>\n<li>Base Weapon Speed: [0]<\/li>\n<li>Required Level: 2<\/li>\n<\/ul>\n<ul class=\"vlastnosti\">\n<li>+100% Enhanced Damage<\/li>\n<li>+5\u00a0To Minimum Damage<\/li>\n<li>25% Chance Of Crushing Blow<\/li>\n<li>20% Bonus To Attack Rating<\/li>\n<li>+25\u00a0Defense<\/li>\n<li>+2\u00a0To Light Radius<\/li>\n<li>(Any Patch)<\/li>\n<\/ul>\n<p style=\"text-align:center\">&#8212;\u00a0\u2014 &#8212;\u00a0\u2014 &#8212;\u00a0\u2014 &#8212;\u00a0\u2014 &#8212;\u00a0\u2014 &#8212;\u00a0\u2014 &#8212;\u00a0\u2014 &#8212;\u00a0\u2014 &#8212;\u00a0\u2014 &#8212;\u00a0\u2014 &#8212;\u00a0\u2014\u00a0&#8212;<\/p>\n<h3 class=\"zlata\"><a href=\"files\/predmety\/unique\/weapons\/sword\/normal\/blood crescent.d2i\">Blood Crescent<\/a><\/h3>\n<div><img loading=\"lazy\" decoding=\"async\" src=\"https:\/\/www.diablofans.cz\/d2\/wp-content\/uploads\/2018\/08\/bloodcrescent.gif\" class=\"nahled\" alt=\"Blood Crescent\" width=\"62\" height=\"118\" \/><\/div>\n<ul class=\"typ\">\n<li>Scimitar<\/li>\n<\/ul>\n<ul class=\"zaklady\">\n<li>One-Hand Damage: 3\u00a0To (9\u201310)<\/li>\n<li>Durability: 22<\/li>\n<li>Base Weapon Speed: [-20]<\/li>\n<li>Required Dexterity: 21<\/li>\n<li>Required Level: 7<\/li>\n<\/ul>\n<ul class=\"vlastnosti\">\n<li>+60\u201380% Enhanced Damage (varies)<\/li>\n<li>33% Chance Of Open Wounds<\/li>\n<li>15% Increased Attack Speed<\/li>\n<li>15% Life Stolen Per Hit<\/li>\n<li>All Resistances +15<\/li>\n<li>+15\u00a0To Life<\/li>\n<li>+4\u00a0To Light Radius<\/li>\n<li>(Patch 1.09\u00a0or later)<\/li>\n<\/ul>\n<p style=\"text-align:center\">&#8212;\u00a0\u2014 &#8212;\u00a0\u2014 &#8212;\u00a0\u2014 &#8212;\u00a0\u2014 &#8212;\u00a0\u2014 &#8212;\u00a0\u2014 &#8212;\u00a0\u2014 &#8212;\u00a0\u2014 &#8212;\u00a0\u2014 &#8212;\u00a0\u2014 &#8212;\u00a0\u2014\u00a0&#8212;<\/p>\n<h3 class=\"zlata\"><a href=\"files\/predmety\/unique\/weapons\/sword\/normal\/skewer of krintiz.d2i\">Skewer of Krintiz<\/a><\/h3>\n<div><img loading=\"lazy\" decoding=\"async\" src=\"https:\/\/www.diablofans.cz\/d2\/wp-content\/uploads\/2018\/08\/angelicsickle.gif\" class=\"nahled\" alt=\"Skewer of Krintiz\" width=\"28\" height=\"84\" \/><\/div>\n<ul class=\"typ\">\n<li>Sabre<\/li>\n<\/ul>\n<ul class=\"zaklady\">\n<li>One-Hand Damage: 7\u00a0To 19<\/li>\n<li>Durability: 32<\/li>\n<li>Base Weapon Speed: [-10]<\/li>\n<li>Required Strength: 25<\/li>\n<li>Required Dexterity: 25<\/li>\n<li>Required Level: 10<\/li>\n<\/ul>\n<ul class=\"vlastnosti\">\n<li>+50% Enhanced Damage<\/li>\n<li>Adds 3\u20137 Damage<\/li>\n<li>Ignore Target&#8217;s\u00a0Defense<\/li>\n<li>7% Mana Stolen Per Hit<\/li>\n<li>+10\u00a0To Dexterity<\/li>\n<li>+10\u00a0To Strength<\/li>\n<li>(Patch 1.09\u00a0or later)<\/li>\n<\/ul>\n<p style=\"text-align:center\">&#8212;\u00a0\u2014 &#8212;\u00a0\u2014 &#8212;\u00a0\u2014 &#8212;\u00a0\u2014 &#8212;\u00a0\u2014 &#8212;\u00a0\u2014 &#8212;\u00a0\u2014 &#8212;\u00a0\u2014 &#8212;\u00a0\u2014 &#8212;\u00a0\u2014 &#8212;\u00a0\u2014\u00a0&#8212;<\/p>\n<h3 class=\"zlata\"><a href=\"files\/predmety\/unique\/weapons\/sword\/normal\/gleamscythe.d2i\">Gleamscythe<\/a><\/h3>\n<div><img loading=\"lazy\" decoding=\"async\" src=\"https:\/\/www.diablofans.cz\/d2\/wp-content\/uploads\/2018\/08\/gleamscythe.gif\" class=\"nahled\" alt=\"Gleamscythe\" width=\"62\" height=\"118\" \/><\/div>\n<ul class=\"typ\">\n<li>Falchion<\/li>\n<\/ul>\n<ul class=\"zaklady\">\n<li>One-Hand Damage: (14\u201318) To (27\u201334)<\/li>\n<li>Durability: 32<\/li>\n<li>Base Weapon Speed: [20]<\/li>\n<li>Required Strength: 33<\/li>\n<li>Required Level: 13<\/li>\n<\/ul>\n<ul class=\"vlastnosti\">\n<li>+60\u2013100% Enhanced Damage (varies)<\/li>\n<li>Adds 3\u20135 Cold Damage\u00a0\u2013 2\u00a0Second Duration<\/li>\n<li>20% Increased Attack Speed<\/li>\n<li>+20\u00a0Defense<\/li>\n<li>+30\u00a0To Mana<\/li>\n<li>+3\u00a0To Light Radius<\/li>\n<li>(Patch 1.09\u00a0or later)<\/li>\n<\/ul>\n<p style=\"text-align:center\">&#8212;\u00a0\u2014 &#8212;\u00a0\u2014 &#8212;\u00a0\u2014 &#8212;\u00a0\u2014 &#8212;\u00a0\u2014 &#8212;\u00a0\u2014 &#8212;\u00a0\u2014 &#8212;\u00a0\u2014 &#8212;\u00a0\u2014 &#8212;\u00a0\u2014 &#8212;\u00a0\u2014\u00a0&#8212;<\/p>\n<h3 class=\"zlata\"><a href=\"files\/predmety\/unique\/weapons\/sword\/normal\/griswold's edge.d2i\">Griswold&#8217;s\u00a0Edge<\/a><\/h3>\n<div><img loading=\"lazy\" decoding=\"async\" src=\"https:\/\/www.diablofans.cz\/d2\/wp-content\/uploads\/2018\/08\/griswoldsedge.gif\" class=\"nahled\" alt=\"Griswold's\u00a0Edge\" width=\"62\" height=\"118\" \/><\/div>\n<ul class=\"typ\">\n<li>Broad Sword<\/li>\n<\/ul>\n<ul class=\"zaklady\">\n<li>One-Hand Damage: (12\u201315) To (25\u201330)<\/li>\n<li>Durability: 32<\/li>\n<li>Base Weapon Speed: [0]<\/li>\n<li>Required Strength: 48<\/li>\n<li>Required Level: 17<\/li>\n<\/ul>\n<ul class=\"vlastnosti\">\n<li>+80\u2013120% Enhanced Damage (varies)<\/li>\n<li>Adds (10\u201312) To (15\u201325) Fire Damage (varies)<\/li>\n<li>10% Increased Attack Speed<\/li>\n<li>+100\u00a0To Attack Rating<\/li>\n<li>+12\u00a0To Strength<\/li>\n<li>Knockback<\/li>\n<li>(Patch 1.09\u00a0or later)<\/li>\n<\/ul>\n<p style=\"text-align:center\">&#8212;\u00a0\u2014 &#8212;\u00a0\u2014 &#8212;\u00a0\u2014 &#8212;\u00a0\u2014 &#8212;\u00a0\u2014 &#8212;\u00a0\u2014 &#8212;\u00a0\u2014 &#8212;\u00a0\u2014 &#8212;\u00a0\u2014 &#8212;\u00a0\u2014 &#8212;\u00a0\u2014\u00a0&#8212;<\/p>\n<h3 class=\"zlata\"><a href=\"files\/predmety\/unique\/weapons\/sword\/normal\/hellplague.d2i\">Hellplague<\/a><\/h3>\n<div><img loading=\"lazy\" decoding=\"async\" src=\"https:\/\/www.diablofans.cz\/d2\/wp-content\/uploads\/2018\/08\/hellplague.gif\" class=\"nahled\" alt=\"Hellplague\" width=\"62\" height=\"118\" \/><\/div>\n<ul class=\"typ\">\n<li>Long Sword<\/li>\n<\/ul>\n<ul class=\"zaklady\">\n<li>One-Hand Damage: 5\u00a0To (32\u201334)<\/li>\n<li>Durability: 44<\/li>\n<li>Base Weapon Speed: [-10]<\/li>\n<li>Required Strength: 55<\/li>\n<li>Required Dexterity: 39<\/li>\n<li>Required Level: 22<\/li>\n<\/ul>\n<ul class=\"vlastnosti\">\n<li>+70\u201380% Enhanced Damage (varies)<\/li>\n<li>+2\u00a0To Fire Skills<\/li>\n<li>Adds 25\u201375 Fire Damage<\/li>\n<li>Adds 28\u201356 Poison Damage Over 6\u00a0Seconds<\/li>\n<li>5% Life Stolen Per Hit<\/li>\n<li>5% Mana Stolen Per Hit<\/li>\n<li>(Patch 1.09\u00a0or later)<\/li>\n<\/ul>\n<p style=\"text-align:center\">&#8212;\u00a0\u2014 &#8212;\u00a0\u2014 &#8212;\u00a0\u2014 &#8212;\u00a0\u2014 &#8212;\u00a0\u2014 &#8212;\u00a0\u2014 &#8212;\u00a0\u2014 &#8212;\u00a0\u2014 &#8212;\u00a0\u2014 &#8212;\u00a0\u2014 &#8212;\u00a0\u2014\u00a0&#8212;<\/p>\n<h3 class=\"zlata\"><a href=\"files\/predmety\/unique\/weapons\/sword\/normal\/culwens point.d2i\">Culwen&#8217;s\u00a0Point<\/a><\/h3>\n<div><img loading=\"lazy\" decoding=\"async\" src=\"https:\/\/www.diablofans.cz\/d2\/wp-content\/uploads\/2018\/08\/warsword.gif\" class=\"nahled\" alt=\"Culwen's\u00a0Point\" width=\"62\" height=\"118\" \/><\/div>\n<ul class=\"typ\">\n<li>War Sword<\/li>\n<\/ul>\n<ul class=\"zaklady\">\n<li>One-Hand Damage: (13\u201314) To (34\u201336)<\/li>\n<li>Durability: 44<\/li>\n<li>Base Weapon Speed: [0]<\/li>\n<li>Required Strength: 71<\/li>\n<li>Required Dexterity: 45<\/li>\n<li>Required Level: 29<\/li>\n<\/ul>\n<ul class=\"vlastnosti\">\n<li>+70\u201380% Enhanced Damage (varies)<\/li>\n<li>+1\u00a0To All skills<\/li>\n<li>Poison Length Reduced By 50%<\/li>\n<li>20% Increased Attack Speed<\/li>\n<li>20% Faster Hit Recovery<\/li>\n<li>+60\u00a0To Attack Rating<\/li>\n<li>(Any Patch)<\/li>\n<\/ul>\n<p style=\"text-align:center\">&#8212;\u00a0\u2014 &#8212;\u00a0\u2014 &#8212;\u00a0\u2014 &#8212;\u00a0\u2014 &#8212;\u00a0\u2014 &#8212;\u00a0\u2014 &#8212;\u00a0\u2014 &#8212;\u00a0\u2014 &#8212;\u00a0\u2014 &#8212;\u00a0\u2014 &#8212;\u00a0\u2014\u00a0&#8212;<\/p>\n<h3 class=\"zlata\"><a href=\"files\/predmety\/unique\/weapons\/sword\/normal\/shadowfang.d2i\">Shadowfang<\/a><\/h3>\n<div><img loading=\"lazy\" decoding=\"async\" src=\"https:\/\/www.diablofans.cz\/d2\/wp-content\/uploads\/2018\/08\/shadowfang.gif\" class=\"nahled\" alt=\"Shadowfang\" width=\"62\" height=\"118\" \/><\/div>\n<ul class=\"typ\">\n<li>Two-Handed Sword<\/li>\n<\/ul>\n<ul class=\"zaklady\">\n<li>One-Hand Damage: 4\u00a0To 18<\/li>\n<li>Two-Hand Damage: 16\u00a0To 34<\/li>\n<li>Durability: 44<\/li>\n<li>Base Weapon Speed: [0]<\/li>\n<li>Required Strength: 35<\/li>\n<li>Required Dexterity: 27<\/li>\n<li>Required Level: 12<\/li>\n<\/ul>\n<ul class=\"vlastnosti\">\n<li>100% Enhanced Damage<\/li>\n<li>Adds 10\u201330 Cold Damage, Cold Duration: 6\u00a0Seconds<\/li>\n<li>9% Mana Stolen Per Hit<\/li>\n<li>9% Life Stolen Per Hit<\/li>\n<li>Cold Resist 20%<\/li>\n<li>\u20132 To Light Radius<\/li>\n<li>(Patch 1.09\u00a0or later)<\/li>\n<\/ul>\n<p style=\"text-align:center\">&#8212;\u00a0\u2014 &#8212;\u00a0\u2014 &#8212;\u00a0\u2014 &#8212;\u00a0\u2014 &#8212;\u00a0\u2014 &#8212;\u00a0\u2014 &#8212;\u00a0\u2014 &#8212;\u00a0\u2014 &#8212;\u00a0\u2014 &#8212;\u00a0\u2014 &#8212;\u00a0\u2014\u00a0&#8212;<\/p>\n<h3 class=\"zlata\"><a href=\"files\/predmety\/unique\/weapons\/sword\/normal\/soulflay.d2i\">Soulflay<\/a><\/h3>\n<div><img loading=\"lazy\" decoding=\"async\" src=\"https:\/\/www.diablofans.cz\/d2\/wp-content\/uploads\/2018\/08\/soulflay.gif\" class=\"nahled\" alt=\"Soulflay\" width=\"62\" height=\"118\" \/><\/div>\n<ul class=\"typ\">\n<li>Claymore<\/li>\n<\/ul>\n<ul class=\"zaklady\">\n<li>One-Hand Damage: (8\u201310) To (20\u201324)<\/li>\n<li>Two-Hand Damage: (22\u201326) To (51\u201360)<\/li>\n<li>Durability: 50<\/li>\n<li>Base Weapon Speed: [10]<\/li>\n<li>Required Strength: 47<\/li>\n<li>Required Level: 19<\/li>\n<\/ul>\n<ul class=\"vlastnosti\">\n<li>+70\u2013100% Enhanced Damage (varies)<\/li>\n<li>+10% Increased Attack Speed<\/li>\n<li>4% Life Stolen Per Hit<\/li>\n<li>4\u201310% Mana Stolen Per Hit (varies)<\/li>\n<li>All Resistances +5<\/li>\n<li>(Patch 1.09\u00a0or later)<\/li>\n<\/ul>\n<p style=\"text-align:center\">&#8212;\u00a0\u2014 &#8212;\u00a0\u2014 &#8212;\u00a0\u2014 &#8212;\u00a0\u2014 &#8212;\u00a0\u2014 &#8212;\u00a0\u2014 &#8212;\u00a0\u2014 &#8212;\u00a0\u2014 &#8212;\u00a0\u2014 &#8212;\u00a0\u2014 &#8212;\u00a0\u2014\u00a0&#8212;<\/p>\n<h3 class=\"zlata\"><a href=\"files\/predmety\/unique\/weapons\/sword\/normal\/kinemils awl.d2i\">Kinemil&#8217;s\u00a0Awl<\/a><\/h3>\n<div><img loading=\"lazy\" decoding=\"async\" src=\"https:\/\/www.diablofans.cz\/d2\/wp-content\/uploads\/2018\/08\/kinemilsawl.gif\" class=\"nahled\" alt=\"Kinemil's\u00a0Awl\" width=\"62\" height=\"118\" \/><\/div>\n<ul class=\"typ\">\n<li>Giant Sword<\/li>\n<\/ul>\n<ul class=\"zaklady\">\n<li>One-Hand Damage: (5\u20136) To (28\u201332)<\/li>\n<li>Two-Hand Damage: (16\u201318) To (50\u201356)<\/li>\n<li>Durability: 50<\/li>\n<li>Base Weapon Speed: [0]<\/li>\n<li>Required Strength: 56<\/li>\n<li>Required Dexterity: 34<\/li>\n<li>Required Level: 23<\/li>\n<\/ul>\n<ul class=\"vlastnosti\">\n<li>+80\u2013100% Enhanced Damage (varies)<\/li>\n<li>+100\u2013150 To Attack Rating (varies)<\/li>\n<li>Adds 6-(20\u201340) Fire Damage (varies)<\/li>\n<li>+20\u00a0To Mana<\/li>\n<li>+6\u00a0To Holy Fire (Paladin Only)<\/li>\n<li>(Patch 1.09\u00a0or later)<\/li>\n<\/ul>\n<p style=\"text-align:center\">&#8212;\u00a0\u2014 &#8212;\u00a0\u2014 &#8212;\u00a0\u2014 &#8212;\u00a0\u2014 &#8212;\u00a0\u2014 &#8212;\u00a0\u2014 &#8212;\u00a0\u2014 &#8212;\u00a0\u2014 &#8212;\u00a0\u2014 &#8212;\u00a0\u2014 &#8212;\u00a0\u2014\u00a0&#8212;<\/p>\n<h3 class=\"zlata\"><a href=\"files\/predmety\/unique\/weapons\/sword\/normal\/blacktongue.d2i\">Blacktongue<\/a><\/h3>\n<div><img loading=\"lazy\" decoding=\"async\" src=\"https:\/\/www.diablofans.cz\/d2\/wp-content\/uploads\/2018\/08\/blacktongue.gif\" class=\"nahled\" alt=\"Blacktongue\" width=\"62\" height=\"118\" \/><\/div>\n<ul class=\"typ\">\n<li>Bastard Sword<\/li>\n<\/ul>\n<ul class=\"zaklady\">\n<li>One-Hand Damage: (10\u201311) To (28\u201330)<\/li>\n<li>Two-Hand Damage: (30\u201332) To (42\u201344)<\/li>\n<li>Durability: 40<\/li>\n<li>Base Weapon Speed: [10]<\/li>\n<li>Required Strength: 62<\/li>\n<li>Required Level: 26<\/li>\n<\/ul>\n<ul class=\"vlastnosti\">\n<li>+50\u201360% Enhanced Damage (varies)<\/li>\n<li>+113\u00a0Poison Damage Over 6\u00a0Seconds<\/li>\n<li>Prevent Monster Heal<\/li>\n<li>+50\u00a0To Attack Rating<\/li>\n<li>Poison Resist +50%<\/li>\n<li>(Patch 1.09\u00a0or later)<\/li>\n<\/ul>\n<p style=\"text-align:center\">&#8212;\u00a0\u2014 &#8212;\u00a0\u2014 &#8212;\u00a0\u2014 &#8212;\u00a0\u2014 &#8212;\u00a0\u2014 &#8212;\u00a0\u2014 &#8212;\u00a0\u2014 &#8212;\u00a0\u2014 &#8212;\u00a0\u2014 &#8212;\u00a0\u2014 &#8212;\u00a0\u2014\u00a0&#8212;<\/p>\n<h3 class=\"zlata\"><a href=\"files\/predmety\/unique\/weapons\/sword\/normal\/ripsaw.d2i\">Ripsaw<\/a><\/h3>\n<div><img loading=\"lazy\" decoding=\"async\" src=\"https:\/\/www.diablofans.cz\/d2\/wp-content\/uploads\/2018\/08\/ripsaw.gif\" class=\"nahled\" alt=\"Ripsaw\" width=\"62\" height=\"118\" \/><\/div>\n<ul class=\"typ\">\n<li>Flamberge<\/li>\n<\/ul>\n<ul class=\"zaklady\">\n<li>One-Hand Damage: (16\u201318) To (42\u201345)<\/li>\n<li>Two-Hand Damage: (23\u201326) To (61\u201367)<\/li>\n<li>Durability: 50<\/li>\n<li>Base Weapon Speed: [-10]<\/li>\n<li>Required Strength: 70<\/li>\n<li>Required Dexterity: 49<\/li>\n<li>Required Level: 26<\/li>\n<\/ul>\n<ul class=\"vlastnosti\">\n<li>+80\u2013100% Enhanced Damage (varies)<\/li>\n<li>+15\u00a0To Maximum Damage<\/li>\n<li>80% Chance Of Open Wounds<\/li>\n<li>6% Mana Stolen Per Hit<\/li>\n<li>(Patch 1.09\u00a0or later)<\/li>\n<\/ul>\n<p style=\"text-align:center\">&#8212;\u00a0\u2014 &#8212;\u00a0\u2014 &#8212;\u00a0\u2014 &#8212;\u00a0\u2014 &#8212;\u00a0\u2014 &#8212;\u00a0\u2014 &#8212;\u00a0\u2014 &#8212;\u00a0\u2014 &#8212;\u00a0\u2014 &#8212;\u00a0\u2014 &#8212;\u00a0\u2014\u00a0&#8212;<\/p>\n<h3 class=\"zlata\"><a href=\"files\/predmety\/unique\/weapons\/sword\/normal\/the patriarch.d2i\">The Patriarch<\/a><\/h3>\n<div><img loading=\"lazy\" decoding=\"async\" src=\"https:\/\/www.diablofans.cz\/d2\/wp-content\/uploads\/2018\/08\/thepatriarch.gif\" class=\"nahled\" alt=\"The Patriarch\" width=\"62\" height=\"118\" \/><\/div>\n<ul class=\"typ\">\n<li>Great Sword<\/li>\n<\/ul>\n<ul class=\"zaklady\">\n<li>One-Hand Damage: (24\u201326) to (40\u201344)<\/li>\n<li>Two-Hand Damage: (50\u201355) To (84\u201392)<\/li>\n<li>Durability: 50<\/li>\n<li>Base Weapon Speed: [10]<\/li>\n<li>Required Strength: 100<\/li>\n<li>Required Dexterity: 60<\/li>\n<li>Required Level: 29<\/li>\n<\/ul>\n<ul class=\"vlastnosti\">\n<li>+100\u2013120% Enhanced Damage (varies)<\/li>\n<li>Hit Blinds Target<\/li>\n<li>+10\u00a0To Strength<\/li>\n<li>100% Extra Gold From Monsters<\/li>\n<li>Magic Damage Reduced By 3<\/li>\n<li>Damage Reduced By 3<\/li>\n<li>(Patch 1.09\u00a0or later)<\/li>\n<\/ul>\n<p style=\"text-align:center\">&#8212;\u00a0\u2014 &#8212;\u00a0\u2014 &#8212;\u00a0\u2014 &#8212;\u00a0\u2014 &#8212;\u00a0\u2014 &#8212;\u00a0\u2014 &#8212;\u00a0\u2014 &#8212;\u00a0\u2014 &#8212;\u00a0\u2014 &#8212;\u00a0\u2014 &#8212;\u00a0\u2014\u00a0&#8212;<\/p>\n<p style=\"text-align:center\"><a href=\"https:\/\/www.diablofans.cz\/d2\/predmety-unique\">\u00ab Zp\u011bt do sekce P\u0159edm\u011bty\u00a0\u2013 Unique.<\/a><\/p>\n<\/p><\/div>\n<p> <!-- by Texy2! --><\/p>\n","protected":false},"excerpt":{"rendered":"<p>Unik\u00e1tn\u00ed p\u0159edm\u011bty: Me\u010de\u00a0\u2013 Normal\u00a0\u2013 Exceptional\u00a0\u2013\u00a0Elite Normal unik\u00e1ty Axes Bows Crossbows Daggers Maces Polearms Scepters Spears Staves Swords Wands Brn\u011bn\u00ed Armor Belts Boots Gloves Helms Shields Rixot&#8217;s\u00a0Keen Short Sword One-Hand Damage: 9\u00a0To 14 Durability: 24 Base Weapon Speed: [0] Required Level: 2 +100% Enhanced Damage +5\u00a0To Minimum Damage 25% Chance Of Crushing Blow 20% Bonus To [&#8230;]<\/p>\n<p><a class=\"btn btn-secondary understrap-read-more-link\" href=\"https:\/\/www.diablofans.cz\/d2\/predmety-unique-normal-swords\/\">\u010c\u00edst d\u00e1le&#8230;<span class=\"screen-reader-text\"> from Unique &#8211; Normal &#8211; Swords<\/span><\/a><\/p>\n","protected":false},"author":1,"featured_media":0,"parent":0,"menu_order":0,"comment_status":"open","ping_status":"open","template":"","meta":{"footnotes":""},"class_list":["post-2819","page","type-page","status-publish","hentry"],"_links":{"self":[{"href":"https:\/\/www.diablofans.cz\/d2\/wp-json\/wp\/v2\/pages\/2819","targetHints":{"allow":["GET"]}}],"collection":[{"href":"https:\/\/www.diablofans.cz\/d2\/wp-json\/wp\/v2\/pages"}],"about":[{"href":"https:\/\/www.diablofans.cz\/d2\/wp-json\/wp\/v2\/types\/page"}],"author":[{"embeddable":true,"href":"https:\/\/www.diablofans.cz\/d2\/wp-json\/wp\/v2\/users\/1"}],"replies":[{"embeddable":true,"href":"https:\/\/www.diablofans.cz\/d2\/wp-json\/wp\/v2\/comments?post=2819"}],"version-history":[{"count":0,"href":"https:\/\/www.diablofans.cz\/d2\/wp-json\/wp\/v2\/pages\/2819\/revisions"}],"wp:attachment":[{"href":"https:\/\/www.diablofans.cz\/d2\/wp-json\/wp\/v2\/media?parent=2819"}],"curies":[{"name":"wp","href":"https:\/\/api.w.org\/{rel}","templated":true}]}}