{"id":2838,"date":"2018-08-25T22:08:43","date_gmt":"2018-08-25T20:08:43","guid":{"rendered":"http:\/\/diablofans.ddev.site\/d2\/predmety-unique-exceptional-axes\/"},"modified":"2018-08-25T22:08:43","modified_gmt":"2018-08-25T20:08:43","slug":"predmety-unique-exceptional-axes","status":"publish","type":"page","link":"https:\/\/www.diablofans.cz\/d2\/predmety-unique-exceptional-axes\/","title":{"rendered":"Unique &#8211; Exceptional &#8211; Axes"},"content":{"rendered":"\n<div class=\"predmety\">\n<p style=\"text-align:center\"><a href=\"https:\/\/www.diablofans.cz\/d2\/predmety-unique\">Unik\u00e1tn\u00ed p\u0159edm\u011bty: Sekery<\/a>\u00a0\u2013 <a href=\"https:\/\/www.diablofans.cz\/d2\/predmety-unique-normal-axes\">Normal<\/a>\u00a0\u2013 <strong><a href=\"https:\/\/www.diablofans.cz\/d2\/predmety-unique-exceptional-axes\">Exceptional<\/a><\/strong>\u00a0\u2013\u00a0<a href=\"https:\/\/www.diablofans.cz\/d2\/predmety-unique-elite-axes\">Elite<\/a><\/p>\n<div class=\"itemy_navigace\">\n<table>\n<thead>\n<tr>\n<th>Exceptional unik\u00e1ty<\/th>\n<\/tr>\n<\/thead>\n<tbody>\n<tr>\n<td><strong><a href=\"https:\/\/www.diablofans.cz\/d2\/predmety-unique-exceptional-axes\">Axes<\/a><\/strong><\/td>\n<\/tr>\n<tr>\n<td><a href=\"https:\/\/www.diablofans.cz\/d2\/predmety-unique-exceptional-bows\">Bows<\/a><\/td>\n<\/tr>\n<tr>\n<td><a href=\"https:\/\/www.diablofans.cz\/d2\/predmety-unique-exceptional-crossbows\">Crossbows<\/a><\/td>\n<\/tr>\n<tr>\n<td><a href=\"https:\/\/www.diablofans.cz\/d2\/predmety-unique-exceptional-daggers\">Daggers<\/a><\/td>\n<\/tr>\n<tr>\n<td><a href=\"https:\/\/www.diablofans.cz\/d2\/predmety-unique-exceptional-maces\">Maces<\/a><\/td>\n<\/tr>\n<tr>\n<td><a href=\"https:\/\/www.diablofans.cz\/d2\/predmety-unique-exceptional-polearms\">Polearms<\/a><\/td>\n<\/tr>\n<tr>\n<td><a href=\"https:\/\/www.diablofans.cz\/d2\/predmety-unique-exceptional-scepters\">Scepters<\/a><\/td>\n<\/tr>\n<tr>\n<td><a href=\"https:\/\/www.diablofans.cz\/d2\/predmety-unique-exceptional-spears\">Spears<\/a><\/td>\n<\/tr>\n<tr>\n<td><a href=\"https:\/\/www.diablofans.cz\/d2\/predmety-unique-exceptional-staves\">Staves<\/a><\/td>\n<\/tr>\n<tr>\n<td><a href=\"https:\/\/www.diablofans.cz\/d2\/predmety-unique-exceptional-swords\">Swords<\/a><\/td>\n<\/tr>\n<tr>\n<td><a href=\"https:\/\/www.diablofans.cz\/d2\/predmety-unique-exceptional-throwing-weapons\">Throwing Weapons<\/a><\/td>\n<\/tr>\n<tr>\n<td><a href=\"https:\/\/www.diablofans.cz\/d2\/predmety-unique-exceptional-wands\">Wands<\/a><\/td>\n<\/tr>\n<tr>\n<th>Brn\u011bn\u00ed<\/th>\n<\/tr>\n<tr>\n<td><a href=\"https:\/\/www.diablofans.cz\/d2\/predmety-unique-exceptional-armor\">Armor<\/a><\/td>\n<\/tr>\n<tr>\n<td><a href=\"https:\/\/www.diablofans.cz\/d2\/predmety-unique-exceptional-belts\">Belts<\/a><\/td>\n<\/tr>\n<tr>\n<td><a href=\"https:\/\/www.diablofans.cz\/d2\/predmety-unique-exceptional-boots\">Boots<\/a><\/td>\n<\/tr>\n<tr>\n<td><a href=\"https:\/\/www.diablofans.cz\/d2\/predmety-unique-exceptional-gloves\">Gloves<\/a><\/td>\n<\/tr>\n<tr>\n<td><a href=\"https:\/\/www.diablofans.cz\/d2\/predmety-unique-exceptional-helms\">Helms<\/a><\/td>\n<\/tr>\n<tr>\n<td><a href=\"https:\/\/www.diablofans.cz\/d2\/predmety-unique-exceptional-shields\">Shields<\/a><\/td>\n<\/tr>\n<\/tbody>\n<\/table><\/div>\n<h3 class=\"zlata\"><a href=\"files\/predmety\/unique\/weapons\/axe\/exceptional\/coldkill.d2i\">Coldkill<\/a><\/h3>\n<div><img loading=\"lazy\" decoding=\"async\" src=\"https:\/\/www.diablofans.cz\/d2\/wp-content\/uploads\/2018\/08\/coldkill.gif\" class=\"nahled\" alt=\"Coldkill\" width=\"25\" height=\"62\" \/><\/div>\n<ul class=\"typ\">\n<li>Hatchet<\/li>\n<\/ul>\n<ul class=\"zaklady\">\n<li>One-Hand Damage: (25\u201329) To (52\u201360)<\/li>\n<li>Required Level: 36<\/li>\n<li>Required Strength: 25<\/li>\n<li>Required Dexterity: 25<\/li>\n<li>Durability: 28<\/li>\n<\/ul>\n<ul class=\"vlastnosti\">\n<li>+150\u2013190% Enhanced Damage (varies)<\/li>\n<li>30% Increased Attack Speed<\/li>\n<li>10% Chance To Cast Level 10\u00a0Ice Blast On Striking<\/li>\n<li>10% Chance To Cast Level 5\u00a0Frost Nova When Struck<\/li>\n<li>+40\u00a0Cold Damage\u00a0\u2013 2\u00a0Second Duration<\/li>\n<li>15% To Maximum Cold Resist<\/li>\n<li>Cold Resist +15%<\/li>\n<li>(Only Spawns In Patch 1.09\u00a0or later)<\/li>\n<\/ul>\n<p style=\"text-align:center\">&#8212;\u00a0\u2014 &#8212;\u00a0\u2014 &#8212;\u00a0\u2014 &#8212;\u00a0\u2014 &#8212;\u00a0\u2014 &#8212;\u00a0\u2014 &#8212;\u00a0\u2014 &#8212;\u00a0\u2014 &#8212;\u00a0\u2014 &#8212;\u00a0\u2014 &#8212;\u00a0\u2014\u00a0&#8212;<\/p>\n<h3 class=\"zlata\"><a href=\"files\/predmety\/unique\/weapons\/axe\/exceptional\/butcher's pupil.d2i\">Butcher&#8217;s\u00a0Pupil<\/a><\/h3>\n<div><img loading=\"lazy\" decoding=\"async\" src=\"https:\/\/www.diablofans.cz\/d2\/wp-content\/uploads\/2018\/08\/butcherspupil.gif\" class=\"nahled\" alt=\"Butcher's\u00a0Pupil\" width=\"48\" height=\"81\" \/><\/div>\n<ul class=\"typ\">\n<li>Cleaver<\/li>\n<\/ul>\n<ul class=\"zaklady\">\n<li>One-Hand Damage: (55\u201360) To (132\u2013149)<\/li>\n<li>Required Level: 39<\/li>\n<li>Required Strength: 68<\/li>\n<\/ul>\n<ul class=\"vlastnosti\">\n<li>+150\u2013200% Enhanced Damage (varies)<\/li>\n<li>Adds 30\u201350 Damage<\/li>\n<li>35% Deadly Strike<\/li>\n<li>25% Chance Of Open Wounds<\/li>\n<li>30% Increased Attack Speed<\/li>\n<li>Indestructible<\/li>\n<li>(Only Spawns In Patch 1.09\u00a0or later)<\/li>\n<\/ul>\n<p style=\"text-align:center\">&#8212;\u00a0\u2014 &#8212;\u00a0\u2014 &#8212;\u00a0\u2014 &#8212;\u00a0\u2014 &#8212;\u00a0\u2014 &#8212;\u00a0\u2014 &#8212;\u00a0\u2014 &#8212;\u00a0\u2014 &#8212;\u00a0\u2014 &#8212;\u00a0\u2014 &#8212;\u00a0\u2014\u00a0&#8212;<\/p>\n<h3 class=\"zlata\"><a href=\"files\/predmety\/unique\/weapons\/axe\/exceptional\/islestrike.d2i\">Islestrike<\/a><\/h3>\n<div><img loading=\"lazy\" decoding=\"async\" src=\"https:\/\/www.diablofans.cz\/d2\/wp-content\/uploads\/2018\/08\/doubleaxe.gif\" class=\"nahled\" alt=\"Islestrike\" width=\"62\" height=\"119\" \/><\/div>\n<ul class=\"typ\">\n<li>Twin Axe<\/li>\n<\/ul>\n<ul class=\"zaklady\">\n<li>One-Hand Damage: (35\u201337) To (102\u2013110)<\/li>\n<li>Required Level: 43<\/li>\n<li>Required Strength: 85<\/li>\n<li>Durability: 24<\/li>\n<\/ul>\n<ul class=\"vlastnosti\">\n<li>+170\u2013190% Enhanced Damage (varies)<\/li>\n<li>25% Chance Of Crushing Blow<\/li>\n<li>+2\u00a0To Druid Skill Levels<\/li>\n<li>+50\u00a0Defense vs. Missile<\/li>\n<li>+10\u00a0To All Attributes<\/li>\n<li>+1\u00a0Fury (Druid Only)<\/li>\n<li>+1\u00a0Maul (Druid Only)<\/li>\n<li>(Only Spawns In Patch 1.09\u00a0or later)<\/li>\n<\/ul>\n<p style=\"text-align:center\">&#8212;\u00a0\u2014 &#8212;\u00a0\u2014 &#8212;\u00a0\u2014 &#8212;\u00a0\u2014 &#8212;\u00a0\u2014 &#8212;\u00a0\u2014 &#8212;\u00a0\u2014 &#8212;\u00a0\u2014 &#8212;\u00a0\u2014 &#8212;\u00a0\u2014 &#8212;\u00a0\u2014\u00a0&#8212;<\/p>\n<h3 class=\"zlata\"><a href=\"files\/predmety\/unique\/weapons\/axe\/exceptional\/pompe's wrath.d2i\">Pompeii&#8217;s\u00a0Wrath<\/a><\/h3>\n<div><img loading=\"lazy\" decoding=\"async\" src=\"https:\/\/www.diablofans.cz\/d2\/wp-content\/uploads\/2018\/08\/mindrend.gif\" class=\"nahled\" alt=\"Pompeii's\u00a0Wrath\" width=\"62\" height=\"118\" \/><\/div>\n<ul class=\"typ\">\n<li>Crowbill<\/li>\n<\/ul>\n<ul class=\"zaklady\">\n<li>One-Hand Damage: (33\u201337) To (81\u201391)<\/li>\n<li>Required Level: 45<\/li>\n<li>Required Strength: 94<\/li>\n<li>Required Dexterity: 70<\/li>\n<li>Durability: 26<\/li>\n<\/ul>\n<ul class=\"vlastnosti\">\n<li>+140\u2013170% Enhanced Damage (varies)<\/li>\n<li>Adds 35\u2013150 Fire Damage<\/li>\n<li>Slows Target By 50%<\/li>\n<li>4% Chance To Cast Level 8\u00a0Volcano On Striking<\/li>\n<li>Knockback<\/li>\n<li>(Only Spawns In Patch 1.09\u00a0or later)<\/li>\n<\/ul>\n<p style=\"text-align:center\">&#8212;\u00a0\u2014 &#8212;\u00a0\u2014 &#8212;\u00a0\u2014 &#8212;\u00a0\u2014 &#8212;\u00a0\u2014 &#8212;\u00a0\u2014 &#8212;\u00a0\u2014 &#8212;\u00a0\u2014 &#8212;\u00a0\u2014 &#8212;\u00a0\u2014 &#8212;\u00a0\u2014\u00a0&#8212;<\/p>\n<h3 class=\"zlata\"><a href=\"files\/predmety\/unique\/weapons\/axe\/exceptional\/guardian naga.d2i\">Guardian Naga<\/a><\/h3>\n<div><img loading=\"lazy\" decoding=\"async\" src=\"https:\/\/www.diablofans.cz\/d2\/wp-content\/uploads\/2018\/08\/waraxe.gif\" class=\"nahled\" alt=\"Guardian Naga\" width=\"62\" height=\"119\" \/><\/div>\n<ul class=\"typ\">\n<li>Naga<\/li>\n<\/ul>\n<ul class=\"zaklady\">\n<li>One-Hand Damage: (40\u201344) To (132\u2013145)<\/li>\n<li>Required Level: 48<\/li>\n<li>Required Strength: 121<\/li>\n<li>Durability: 26<\/li>\n<\/ul>\n<ul class=\"vlastnosti\">\n<li>+150\u2013180% Enhanced Damage (varies)<\/li>\n<li>+20\u00a0To Maximum Damage<\/li>\n<li>+250\u00a0Poison Damage Over 10\u00a0Seconds<\/li>\n<li>5% Chance To Cast Level 8\u00a0Poison Nova On Striking<\/li>\n<li>Poison Resist +30%<\/li>\n<li>Attacker Takes Damage of 15<\/li>\n<li>(Only Spawns In Patch 1.09\u00a0or later)<\/li>\n<\/ul>\n<p style=\"text-align:center\">&#8212;\u00a0\u2014 &#8212;\u00a0\u2014 &#8212;\u00a0\u2014 &#8212;\u00a0\u2014 &#8212;\u00a0\u2014 &#8212;\u00a0\u2014 &#8212;\u00a0\u2014 &#8212;\u00a0\u2014 &#8212;\u00a0\u2014 &#8212;\u00a0\u2014 &#8212;\u00a0\u2014\u00a0&#8212;<\/p>\n<h3 class=\"zlata\"><a href=\"files\/predmety\/unique\/weapons\/axe\/exceptional\/warlord's trust.d2i\">Warlord&#8217;s\u00a0Trust<\/a><\/h3>\n<div><img loading=\"lazy\" decoding=\"async\" src=\"https:\/\/www.diablofans.cz\/d2\/wp-content\/uploads\/2018\/08\/largeaxe.gif\" class=\"nahled\" alt=\"Warlord's\u00a0Trust\" width=\"62\" height=\"119\" \/><\/div>\n<ul class=\"typ\">\n<li>Military Axe<\/li>\n<\/ul>\n<ul class=\"zaklady\">\n<li>Two-Hand Damage: 38\u00a0To 93<\/li>\n<li>Required Level: 35<\/li>\n<li>Required Strength: 73<\/li>\n<li>Durability: 30<\/li>\n<\/ul>\n<ul class=\"vlastnosti\">\n<li>Repairs 1\u00a0Durability In 4\u00a0Seconds<\/li>\n<li>+ (0.5\u00a0Per Character Level) 0\u201349 To Vitality (Based On Character\u00a0Level)<\/li>\n<li>Replenish Life +20<\/li>\n<li>All Resistances +10<\/li>\n<li>+75\u00a0Defense<\/li>\n<li>(Only Spawns In Patch 1.09\u00a0or later)<\/li>\n<\/ul>\n<p style=\"text-align:center\">&#8212;\u00a0\u2014 &#8212;\u00a0\u2014 &#8212;\u00a0\u2014 &#8212;\u00a0\u2014 &#8212;\u00a0\u2014 &#8212;\u00a0\u2014 &#8212;\u00a0\u2014 &#8212;\u00a0\u2014 &#8212;\u00a0\u2014 &#8212;\u00a0\u2014 &#8212;\u00a0\u2014\u00a0&#8212;<\/p>\n<h3 class=\"zlata\"><a href=\"files\/predmety\/unique\/weapons\/axe\/exceptional\/spellsteel.d2i\">Spellsteel<\/a><\/h3>\n<div><img loading=\"lazy\" decoding=\"async\" src=\"https:\/\/www.diablofans.cz\/d2\/wp-content\/uploads\/2018\/08\/broadaxe.gif\" class=\"nahled\" alt=\"Spellsteel\" width=\"62\" height=\"119\" \/><\/div>\n<ul class=\"typ\">\n<li>Bearded Axe<\/li>\n<\/ul>\n<ul class=\"zaklady\">\n<li>Two-Hand Damage: 55\u00a0To 129<\/li>\n<li>Required Level: 39<\/li>\n<li>Required Strength: 37<\/li>\n<li>Durability: 35<\/li>\n<\/ul>\n<ul class=\"vlastnosti\">\n<li>+165% Enhanced Damage<\/li>\n<li>10% Faster Cast Rate<\/li>\n<li>Requirements\u00a0\u201360%<\/li>\n<li>Regenerate Mana 25%<\/li>\n<li>+100\u00a0To Mana<\/li>\n<li>Level 12\u00a0Firestorm (60 Charges)<\/li>\n<li>Level 10\u00a0Holy Bolt (100 Charges)<\/li>\n<li>Level 3\u00a0Decrepify (30 Charges)<\/li>\n<li>Level l Teleport (20 Charges)<\/li>\n<li>Magic Damage Reduced By 12\u201315 (varies)<\/li>\n<li>(Only Spawns In Patch 1.09\u00a0or later)<\/li>\n<\/ul>\n<p style=\"text-align:center\">&#8212;\u00a0\u2014 &#8212;\u00a0\u2014 &#8212;\u00a0\u2014 &#8212;\u00a0\u2014 &#8212;\u00a0\u2014 &#8212;\u00a0\u2014 &#8212;\u00a0\u2014 &#8212;\u00a0\u2014 &#8212;\u00a0\u2014 &#8212;\u00a0\u2014 &#8212;\u00a0\u2014\u00a0&#8212;<\/p>\n<h3 class=\"zlata\"><a href=\"files\/predmety\/unique\/weapons\/axe\/exceptional\/stormrider.d2i\">Stormrider<\/a><\/h3>\n<div><img loading=\"lazy\" decoding=\"async\" src=\"https:\/\/www.diablofans.cz\/d2\/wp-content\/uploads\/2018\/08\/stormrider.gif\" class=\"nahled\" alt=\"Stormrider\" width=\"38\" height=\"76\" \/><\/div>\n<ul class=\"typ\">\n<li>Tabar<\/li>\n<\/ul>\n<ul class=\"zaklady\">\n<li>Two-Hand Damage: 83\u00a0\u2013 229<\/li>\n<li>Required Level: 41<\/li>\n<li>Required Strength: 101<\/li>\n<li>Durability: 90<\/li>\n<\/ul>\n<ul class=\"vlastnosti\">\n<li>+100% Enhanced Damage<\/li>\n<li>Adds 35\u201375 Damage<\/li>\n<li>Adds 1\u2013200 Lightning Damage<\/li>\n<li>15% Chance To Cast Level 5\u00a0Charged Bolt When Struck<\/li>\n<li>10% Chance To Cast Level 13\u201320 Charged Bolt On Striking (varies)<\/li>\n<li>5% Chance To Cast Level 10\u00a0Chain Lightning On Striking<\/li>\n<li>Attacker Takes Lightning Damage Of 15<\/li>\n<li>(Only Spawns In Patch 1.10\u00a0or later)<\/li>\n<\/ul>\n<p style=\"text-align:center\">&#8212;\u00a0\u2014 &#8212;\u00a0\u2014 &#8212;\u00a0\u2014 &#8212;\u00a0\u2014 &#8212;\u00a0\u2014 &#8212;\u00a0\u2014 &#8212;\u00a0\u2014 &#8212;\u00a0\u2014 &#8212;\u00a0\u2014 &#8212;\u00a0\u2014 &#8212;\u00a0\u2014\u00a0&#8212;<\/p>\n<h3 class=\"zlata\"><a href=\"files\/predmety\/unique\/weapons\/axe\/exceptional\/boneslayer blade.d2i\">Boneslayer Blade<\/a><\/h3>\n<div><img loading=\"lazy\" decoding=\"async\" src=\"https:\/\/www.diablofans.cz\/d2\/wp-content\/uploads\/2018\/08\/brainhew.gif\" class=\"nahled\" alt=\"Boneslayer Blade\" width=\"62\" height=\"118\" \/><\/div>\n<ul class=\"typ\">\n<li>Gothic Axe<\/li>\n<\/ul>\n<ul class=\"zaklady\">\n<li>Two-Hand Damage: (50\u201357) To (196\u2013224)<\/li>\n<li>Required Level: 42<\/li>\n<li>Required Strength: 115<\/li>\n<li>Required Dexterity: 79<\/li>\n<li>Durability: 50<\/li>\n<\/ul>\n<ul class=\"vlastnosti\">\n<li>+180\u2013220% Enhanced Damage (varies)<\/li>\n<li>+ (5 Per Character Level) 5\u2013495 To Attack Rating Against Undead (Based On Character\u00a0Level)<\/li>\n<li>+ (2.5\u00a0Per Character Level) 2\u2013247 % Damage To Undead (Based On Character\u00a0Level)<\/li>\n<li>50% Chance To Cast Level 12\u201328 Holy Bolt When Struck (varies)<\/li>\n<li>Level 20\u00a0Holy Bolt (200 Charges)<\/li>\n<li>20% Increased Attack Speed<\/li>\n<li>35% Bonus To Attack Rating<\/li>\n<li>+8\u00a0To Strength<\/li>\n<li>(Only Spawns In Patch 1.10\u00a0or later)<\/li>\n<\/ul>\n<p style=\"text-align:center\">&#8212;\u00a0\u2014 &#8212;\u00a0\u2014 &#8212;\u00a0\u2014 &#8212;\u00a0\u2014 &#8212;\u00a0\u2014 &#8212;\u00a0\u2014 &#8212;\u00a0\u2014 &#8212;\u00a0\u2014 &#8212;\u00a0\u2014 &#8212;\u00a0\u2014 &#8212;\u00a0\u2014\u00a0&#8212;<\/p>\n<h3 class=\"zlata\"><a href=\"files\/predmety\/unique\/weapons\/axe\/exceptional\/the minataur.d2i\">The Minotaur<\/a><\/h3>\n<div><img loading=\"lazy\" decoding=\"async\" src=\"https:\/\/www.diablofans.cz\/d2\/wp-content\/uploads\/2018\/08\/minotuar.gif\" class=\"nahled\" alt=\"The Minotaur\" width=\"45\" height=\"82\" \/><\/div>\n<ul class=\"typ\">\n<li>Ancient Axe<\/li>\n<\/ul>\n<ul class=\"zaklady\">\n<li>Two-Hand Damage: (123\u2013149) To (234\u2013285)<\/li>\n<li>Required Level: 45<\/li>\n<li>Required Strength: 125<\/li>\n<li>Durability: 50<\/li>\n<\/ul>\n<ul class=\"vlastnosti\">\n<li>+140\u2013200% Enhanced Damage (varies)<\/li>\n<li>Adds 20\u201330 Damage<\/li>\n<li>Slows Target By 50%<\/li>\n<li>30% Chance Of Crushing Blow<\/li>\n<li>Hit Blinds Target +2<\/li>\n<li>Half Freeze Duration<\/li>\n<li>+15\u201320 To Strength (varies)<\/li>\n<li>(Only Spawns In Patch 1.09\u00a0or later)<\/li>\n<\/ul>\n<p style=\"text-align:center\">&#8212;\u00a0\u2014 &#8212;\u00a0\u2014 &#8212;\u00a0\u2014 &#8212;\u00a0\u2014 &#8212;\u00a0\u2014 &#8212;\u00a0\u2014 &#8212;\u00a0\u2014 &#8212;\u00a0\u2014 &#8212;\u00a0\u2014 &#8212;\u00a0\u2014 &#8212;\u00a0\u2014\u00a0&#8212;<\/p>\n<p style=\"text-align:center\"><a href=\"https:\/\/www.diablofans.cz\/d2\/predmety-unique\">\u00ab Zp\u011bt do sekce P\u0159edm\u011bty\u00a0\u2013 Unique.<\/a><\/p>\n<\/p><\/div>\n<p> <!-- by Texy2! --><\/p>\n","protected":false},"excerpt":{"rendered":"<p>Unik\u00e1tn\u00ed p\u0159edm\u011bty: Sekery\u00a0\u2013 Normal\u00a0\u2013 Exceptional\u00a0\u2013\u00a0Elite Exceptional unik\u00e1ty Axes Bows Crossbows Daggers Maces Polearms Scepters Spears Staves Swords Throwing Weapons Wands Brn\u011bn\u00ed Armor Belts Boots Gloves Helms Shields Coldkill Hatchet One-Hand Damage: (25\u201329) To (52\u201360) Required Level: 36 Required Strength: 25 Required Dexterity: 25 Durability: 28 +150\u2013190% Enhanced Damage (varies) 30% Increased Attack Speed 10% Chance [&#8230;]<\/p>\n<p><a class=\"btn btn-secondary understrap-read-more-link\" href=\"https:\/\/www.diablofans.cz\/d2\/predmety-unique-exceptional-axes\/\">\u010c\u00edst d\u00e1le&#8230;<span class=\"screen-reader-text\"> from Unique &#8211; Exceptional &#8211; Axes<\/span><\/a><\/p>\n","protected":false},"author":1,"featured_media":0,"parent":0,"menu_order":0,"comment_status":"open","ping_status":"open","template":"","meta":{"footnotes":""},"class_list":["post-2838","page","type-page","status-publish","hentry"],"_links":{"self":[{"href":"https:\/\/www.diablofans.cz\/d2\/wp-json\/wp\/v2\/pages\/2838","targetHints":{"allow":["GET"]}}],"collection":[{"href":"https:\/\/www.diablofans.cz\/d2\/wp-json\/wp\/v2\/pages"}],"about":[{"href":"https:\/\/www.diablofans.cz\/d2\/wp-json\/wp\/v2\/types\/page"}],"author":[{"embeddable":true,"href":"https:\/\/www.diablofans.cz\/d2\/wp-json\/wp\/v2\/users\/1"}],"replies":[{"embeddable":true,"href":"https:\/\/www.diablofans.cz\/d2\/wp-json\/wp\/v2\/comments?post=2838"}],"version-history":[{"count":0,"href":"https:\/\/www.diablofans.cz\/d2\/wp-json\/wp\/v2\/pages\/2838\/revisions"}],"wp:attachment":[{"href":"https:\/\/www.diablofans.cz\/d2\/wp-json\/wp\/v2\/media?parent=2838"}],"curies":[{"name":"wp","href":"https:\/\/api.w.org\/{rel}","templated":true}]}}