{"id":2848,"date":"2018-08-25T22:08:44","date_gmt":"2018-08-25T20:08:44","guid":{"rendered":"http:\/\/diablofans.ddev.site\/d2\/predmety-unique-elite-daggers\/"},"modified":"2026-02-17T21:01:08","modified_gmt":"2026-02-17T20:01:08","slug":"predmety-unique-elite-daggers","status":"publish","type":"page","link":"https:\/\/www.diablofans.cz\/d2\/predmety-unique-elite-daggers\/","title":{"rendered":"Unique &#8211; Elite &#8211; Daggers"},"content":{"rendered":"<div class=\"predmety\">\n<p style=\"text-align: center;\"><a href=\"https:\/\/www.diablofans.cz\/d2\/predmety-unique\">Unik\u00e1tn\u00ed p\u0159edm\u011bty: D\u00fdky<\/a>\u00a0\u2013 <a href=\"https:\/\/www.diablofans.cz\/d2\/predmety-unique-normal-daggers\">Normal<\/a>\u00a0\u2013 <a href=\"https:\/\/www.diablofans.cz\/d2\/predmety-unique-exceptional-daggers\">Exceptional<\/a>\u00a0\u2013\u00a0<strong><a href=\"https:\/\/www.diablofans.cz\/d2\/predmety-unique-elite-daggers\">Elite<\/a><\/strong><\/p>\n<div class=\"itemy_navigace\">\n<table>\n<thead>\n<tr>\n<th>Elite unik\u00e1ty<\/th>\n<\/tr>\n<\/thead>\n<tbody>\n<tr>\n<td><a href=\"https:\/\/www.diablofans.cz\/d2\/predmety-unique-elite-axes\">Axes<\/a><\/td>\n<\/tr>\n<tr>\n<td><a href=\"https:\/\/www.diablofans.cz\/d2\/predmety-unique-elite-bows\">Bows<\/a><\/td>\n<\/tr>\n<tr>\n<td><a href=\"https:\/\/www.diablofans.cz\/d2\/predmety-unique-elite-crossbows\">Crossbows<\/a><\/td>\n<\/tr>\n<tr>\n<td><strong><a href=\"https:\/\/www.diablofans.cz\/d2\/predmety-unique-elite-daggers\">Daggers<\/a><\/strong><\/td>\n<\/tr>\n<tr>\n<td><a href=\"https:\/\/www.diablofans.cz\/d2\/predmety-unique-elite-javelins\">Javelins<\/a><\/td>\n<\/tr>\n<tr>\n<td><a href=\"https:\/\/www.diablofans.cz\/d2\/predmety-unique-elite-maces\">Maces<\/a><\/td>\n<\/tr>\n<tr>\n<td><a href=\"https:\/\/www.diablofans.cz\/d2\/predmety-unique-elite-polearms\">Polearms<\/a><\/td>\n<\/tr>\n<tr>\n<td><a href=\"https:\/\/www.diablofans.cz\/d2\/predmety-unique-elite-scepters\">Scepters<\/a><\/td>\n<\/tr>\n<tr>\n<td><a href=\"https:\/\/www.diablofans.cz\/d2\/predmety-unique-elite-spears\">Spears<\/a><\/td>\n<\/tr>\n<tr>\n<td><a href=\"https:\/\/www.diablofans.cz\/d2\/predmety-unique-elite-staves\">Staves<\/a><\/td>\n<\/tr>\n<tr>\n<td><a href=\"https:\/\/www.diablofans.cz\/d2\/predmety-unique-elite-swords\">Swords<\/a><\/td>\n<\/tr>\n<tr>\n<td><a href=\"https:\/\/www.diablofans.cz\/d2\/predmety-unique-elite-throwing-weapons\">Throwing Weapons<\/a><\/td>\n<\/tr>\n<tr>\n<td><a href=\"https:\/\/www.diablofans.cz\/d2\/predmety-unique-elite-wands\">Wands<\/a><\/td>\n<\/tr>\n<tr>\n<th>Brn\u011bn\u00ed<\/th>\n<\/tr>\n<tr>\n<td><a href=\"https:\/\/www.diablofans.cz\/d2\/predmety-unique-elite-armor\">Armor<\/a><\/td>\n<\/tr>\n<tr>\n<td><a href=\"https:\/\/www.diablofans.cz\/d2\/predmety-unique-elite-belts\">Belts<\/a><\/td>\n<\/tr>\n<tr>\n<td><a href=\"https:\/\/www.diablofans.cz\/d2\/predmety-unique-elite-boots\">Boots<\/a><\/td>\n<\/tr>\n<tr>\n<td><a href=\"https:\/\/www.diablofans.cz\/d2\/predmety-unique-elite-gloves\">Gloves<\/a><\/td>\n<\/tr>\n<tr>\n<td><a href=\"https:\/\/www.diablofans.cz\/d2\/predmety-unique-elite-helms\">Helms<\/a><\/td>\n<\/tr>\n<tr>\n<td><a href=\"https:\/\/www.diablofans.cz\/d2\/predmety-unique-elite-shields\">Shields<\/a><\/td>\n<\/tr>\n<\/tbody>\n<\/table>\n<\/div>\n<h3 class=\"zlata\"><span style=\"color: #c7b377;\">Wizardspike<\/span><\/h3>\n<div><img loading=\"lazy\" decoding=\"async\" class=\"nahled\" src=\"https:\/\/www.diablofans.cz\/d2\/wp-content\/uploads\/2018\/08\/dagger.gif\" alt=\"Wizardspike\" width=\"62\" height=\"118\" \/><\/div>\n<p>Bone Knife<\/p>\n<p>One-Hand Damage: 23\u00a0to 49<\/p>\n<p>Required Level: 61<\/p>\n<p>Required Strength: 38<\/p>\n<p>Required Dexterity: 75<\/p>\n<p>Base Weapon Speed: [-20]<\/p>\n<p><span style=\"color: #6969ff;\">\u2022 + (2 Per Character Level) 2\u2013198 To Mana (Based On Character Level)<\/span><\/p>\n<p><span style=\"color: #6969ff;\">\u2022 50% Faster Cast Rate<\/span><\/p>\n<p><span style=\"color: #6969ff;\">\u2022 Regenerate Mana 15%<\/span><\/p>\n<p><span style=\"color: #6969ff;\">\u2022 Increase Maximum Mana 15%<\/span><\/p>\n<p><span style=\"color: #6969ff;\">\u2022 All Resistances +75<\/span><\/p>\n<p><span style=\"color: #6969ff;\">\u2022 Indestructible<\/span><\/p>\n<p><span style=\"color: #6969ff;\">(Any Patch)<\/span><\/p>\n<hr \/>\n<h3 class=\"zlata\"><span style=\"color: #c7b377;\">Fleshripper<\/span><\/h3>\n<div><img loading=\"lazy\" decoding=\"async\" class=\"nahled\" src=\"https:\/\/www.diablofans.cz\/d2\/wp-content\/uploads\/2018\/08\/fleshripper.gif\" alt=\"Fleshripper\" width=\"32\" height=\"87\" \/><\/div>\n<p>Fanged Knife<\/p>\n<p>One-Hand Damage: (45\u201360) To (174\u2013228)<\/p>\n<p>Required Level: 68<\/p>\n<p>Required Strength: 42<\/p>\n<p>Required Dexterity: 86<\/p>\n<p>Durability: 36<\/p>\n<p>Base Weapon Speed: [-20]<\/p>\n<p><span style=\"color: #6969ff;\">\u2022 +200\u2013300% Enhanced Damage (varies)<\/span><\/p>\n<p><span style=\"color: #6969ff;\">\u2022 \u201350% Target Defense<\/span><\/p>\n<p><span style=\"color: #6969ff;\">\u2022 25% Chance of Crushing Blow<\/span><\/p>\n<p><span style=\"color: #6969ff;\">\u2022 33% Deadly Strike<\/span><\/p>\n<p><span style=\"color: #6969ff;\">\u2022 50% Chance of Open Wounds<\/span><\/p>\n<p><span style=\"color: #6969ff;\">\u2022 Prevent Monster Heal<\/span><\/p>\n<p><span style=\"color: #6969ff;\">\u2022 Slows Target By 20%<\/span><\/p>\n<p><span style=\"color: #6969ff;\">(1.10\u00a0Patch Only)<\/span><\/p>\n<hr \/>\n<h3 class=\"zlata\"><span style=\"color: #c7b377;\">Ghostflame<\/span><\/h3>\n<div><img loading=\"lazy\" decoding=\"async\" class=\"nahled\" src=\"https:\/\/www.diablofans.cz\/d2\/wp-content\/uploads\/2018\/08\/ghostflame.gif\" alt=\"Ghostflame\" width=\"26\" height=\"79\" \/><\/div>\n<p>Legend Spike<\/p>\n<p>One-Hand Damage: (133\u2013156) to (203\u2013238)<\/p>\n<p>Required Level: 67<\/p>\n<p>Required Strength: 55<\/p>\n<p>Required Dexterity: 57<\/p>\n<p>Durability: 55<\/p>\n<p>Base Weapon Speed: [-10]<\/p>\n<p><span style=\"color: #6969ff;\">\u2022 +190\u2013240% Enhanced Damage (varies)<\/span><\/p>\n<p><span style=\"color: #6969ff;\">\u2022 Ignore Target&#8217;s\u00a0Defense<\/span><\/p>\n<p><span style=\"color: #6969ff;\">\u2022 +108\u00a0Magic Damage<\/span><\/p>\n<p><span style=\"color: #6969ff;\">\u2022 10\u201315% Mana Stolen Per Hit (varies)<\/span><\/p>\n<p><span style=\"color: #6969ff;\">\u2022 +2\u00a0To Light Radius<\/span><\/p>\n<p><span style=\"color: #6969ff;\">\u2022 Indestructible<\/span><\/p>\n<p><span style=\"color: #6969ff;\">\u2022 Ethereal<\/span><\/p>\n<p><span style=\"color: #6969ff;\">(1.10 Patch Only)<\/span><\/p>\n<\/div>\n<hr \/>\n<h3 class=\"zlata\"><span style=\"color: #c7b377;\">Bloodpact Shard<\/span><\/h3>\n<div><\/div>\n<div><img loading=\"lazy\" decoding=\"async\" class=\"alignnone size-full wp-image-5092\" src=\"https:\/\/www.diablofans.cz\/d2\/wp-content\/uploads\/2026\/02\/bloodpact_shard.png\" alt=\"\" width=\"65\" height=\"65\" \/><\/div>\n<p>Mithril Point<\/p>\n<p>One-Hand Damage: 37-53<\/p>\n<p>Required Level: 67<\/p>\n<p>Required Strength: 55<\/p>\n<p>Required Dexterity: 98<\/p>\n<p>Base Weapon Speed: [-10]<\/p>\n<p><span style=\"color: #6969ff;\">\u2022 <span class=\"z-selectme-magic\">+1 to All Skills <\/span><\/span><\/p>\n<p><span style=\"color: #6969ff;\">\u2022 <span class=\"z-selectme-magic\">+30% Faster Cast Rat<\/span>e<\/span><\/p>\n<p><span style=\"color: #6969ff;\">\u2022 <span class=\"z-selectme-magic\">+10-15% to Maximum Life <\/span><\/span><\/p>\n<p><span style=\"color: #6969ff;\">\u2022 <span class=\"z-selectme-magic\">+2-3 to Blood Oath (Warlock only) <\/span><\/span><\/p>\n<p><span style=\"color: #6969ff;\">\u2022 <span class=\"z-selectme-magic\">+2-3 to Blood Boil (Warlock only) <\/span><\/span><\/p>\n<p><span style=\"color: #6969ff;\">\u2022 <span class=\"z-selectme-magic\">+1-3 to Bind Demon (Warlock only) <\/span><\/span><\/p>\n<p><span style=\"color: #6969ff;\">\u2022 <span class=\"z-selectme-magic\">+20-35% Better Chance of Getting Magic Items<\/span><\/span><\/p>\n<p><span style=\"color: #6969ff;\">\u2022 <span class=\"z-selectme-magic\">Slows Target by 25%<\/span><\/span><\/p>\n<p><span style=\"color: #6969ff;\">(Patch 3.00 or latter)<\/span><\/p>\n<div class=\"predmety\">\n<hr \/>\n<p style=\"text-align: center;\"><a href=\"https:\/\/www.diablofans.cz\/d2\/predmety-unique\">\u00ab Zp\u011bt do sekce P\u0159edm\u011bty\u00a0\u2013 Unique.<\/a><\/p>\n<\/div>\n<p><!-- by Texy2! --><\/p>\n","protected":false},"excerpt":{"rendered":"<p>Unik\u00e1tn\u00ed p\u0159edm\u011bty: D\u00fdky\u00a0\u2013 Normal\u00a0\u2013 Exceptional\u00a0\u2013\u00a0Elite Elite unik\u00e1ty Axes Bows Crossbows Daggers Javelins Maces Polearms Scepters Spears Staves Swords Throwing Weapons Wands Brn\u011bn\u00ed Armor Belts Boots Gloves Helms Shields Wizardspike Bone Knife One-Hand Damage: 23\u00a0to 49 Required Level: 61 Required Strength: 38 Required Dexterity: 75 Base Weapon Speed: [-20] \u2022 + (2 Per Character Level) 2\u2013198 [&#8230;]<\/p>\n<p><a class=\"btn btn-secondary understrap-read-more-link\" href=\"https:\/\/www.diablofans.cz\/d2\/predmety-unique-elite-daggers\/\">\u010c\u00edst d\u00e1le&#8230;<span class=\"screen-reader-text\"> from Unique &#8211; Elite &#8211; Daggers<\/span><\/a><\/p>\n","protected":false},"author":1,"featured_media":0,"parent":0,"menu_order":0,"comment_status":"open","ping_status":"open","template":"","meta":{"footnotes":""},"class_list":["post-2848","page","type-page","status-publish","hentry"],"_links":{"self":[{"href":"https:\/\/www.diablofans.cz\/d2\/wp-json\/wp\/v2\/pages\/2848","targetHints":{"allow":["GET"]}}],"collection":[{"href":"https:\/\/www.diablofans.cz\/d2\/wp-json\/wp\/v2\/pages"}],"about":[{"href":"https:\/\/www.diablofans.cz\/d2\/wp-json\/wp\/v2\/types\/page"}],"author":[{"embeddable":true,"href":"https:\/\/www.diablofans.cz\/d2\/wp-json\/wp\/v2\/users\/1"}],"replies":[{"embeddable":true,"href":"https:\/\/www.diablofans.cz\/d2\/wp-json\/wp\/v2\/comments?post=2848"}],"version-history":[{"count":5,"href":"https:\/\/www.diablofans.cz\/d2\/wp-json\/wp\/v2\/pages\/2848\/revisions"}],"predecessor-version":[{"id":5095,"href":"https:\/\/www.diablofans.cz\/d2\/wp-json\/wp\/v2\/pages\/2848\/revisions\/5095"}],"wp:attachment":[{"href":"https:\/\/www.diablofans.cz\/d2\/wp-json\/wp\/v2\/media?parent=2848"}],"curies":[{"name":"wp","href":"https:\/\/api.w.org\/{rel}","templated":true}]}}