{"id":2866,"date":"2018-08-25T22:08:44","date_gmt":"2018-08-25T20:08:44","guid":{"rendered":"http:\/\/diablofans.ddev.site\/d2\/predmety-unique-class-specific-sorceress\/"},"modified":"2018-08-25T22:08:44","modified_gmt":"2018-08-25T20:08:44","slug":"predmety-unique-class-specific-sorceress","status":"publish","type":"page","link":"https:\/\/www.diablofans.cz\/d2\/predmety-unique-class-specific-sorceress\/","title":{"rendered":"Unique &#8211; Class-Specific &#8211; Sorceress"},"content":{"rendered":"\n<div class=\"predmety\">\n<p style=\"text-align:center\"><a href=\"https:\/\/www.diablofans.cz\/d2\/predmety-unique\">Unik\u00e1tn\u00ed p\u0159edm\u011bty: H\u016flky<\/a>\u00a0\u2013 <strong><a href=\"https:\/\/www.diablofans.cz\/d2\/predmety-unique-class-specific-sorceress\">Class-Specific (Sorceress)<\/a><\/strong><\/p>\n<div class=\"itemy_navigace\">\n<table>\n<thead>\n<tr>\n<th>Class-Specific<\/th>\n<\/tr>\n<\/thead>\n<tbody>\n<tr>\n<td><a href=\"https:\/\/www.diablofans.cz\/d2\/predmety-unique-class-specific-amazon\">Amazon<\/a><\/td>\n<\/tr>\n<tr>\n<td><a href=\"https:\/\/www.diablofans.cz\/d2\/predmety-unique-class-specific-assassin\">Assassin<\/a><\/td>\n<\/tr>\n<tr>\n<td><a href=\"https:\/\/www.diablofans.cz\/d2\/predmety-unique-class-specific-barbarian\">Barbarian<\/a><\/td>\n<\/tr>\n<tr>\n<td><a href=\"https:\/\/www.diablofans.cz\/d2\/predmety-unique-class-specific-druid\">Druid<\/a><\/td>\n<\/tr>\n<tr>\n<td><a href=\"https:\/\/www.diablofans.cz\/d2\/predmety-unique-class-specific-necromancer\">Necromancer<\/a><\/td>\n<\/tr>\n<tr>\n<td><a href=\"https:\/\/www.diablofans.cz\/d2\/predmety-unique-class-specific-paladin\">Paladin<\/a><\/td>\n<\/tr>\n<tr>\n<td><strong><a href=\"https:\/\/www.diablofans.cz\/d2\/predmety-unique-class-specific-sorceress\">Sorceress<\/a><\/strong><\/td>\n<\/tr>\n<tr>\n<th>Ostatn\u00ed<\/th>\n<\/tr>\n<tr>\n<td><a href=\"https:\/\/www.diablofans.cz\/d2\/predmety-unique-ostatni-amulets\">Amulets<\/a><\/td>\n<\/tr>\n<tr>\n<td><a href=\"https:\/\/www.diablofans.cz\/d2\/predmety-unique-ostatni-charms\">Charms<\/a><\/td>\n<\/tr>\n<tr>\n<td><a href=\"https:\/\/www.diablofans.cz\/d2\/predmety-unique-ostatni-circlets\">Circlets<\/a><\/td>\n<\/tr>\n<tr>\n<td><a href=\"https:\/\/www.diablofans.cz\/d2\/predmety-unique-ostatni-jewels\">Jewels<\/a><\/td>\n<\/tr>\n<tr>\n<td><a href=\"https:\/\/www.diablofans.cz\/d2\/predmety-unique-ostatni-rings\">Rings<\/a><\/td>\n<\/tr>\n<\/tbody>\n<\/table><\/div>\n<h3 class=\"zlata\"><a href=\"files\/predmety\/unique\/class-items\/sorc\/the oculus.d2i\">The Oculus<\/a><\/h3>\n<div><img loading=\"lazy\" decoding=\"async\" src=\"https:\/\/www.diablofans.cz\/d2\/wp-content\/uploads\/2018\/08\/dragonstone.gif\" class=\"nahled\" alt=\"The Oculus\" width=\"28\" height=\"84\" \/><\/div>\n<ul class=\"typ\">\n<li>Swirling Crystal<\/li>\n<\/ul>\n<ul class=\"zaklady\">\n<li>One-Hand Damage: 18\u00a0To 42<\/li>\n<li>Required Level: 42<\/li>\n<li>Durability: 50<\/li>\n<li>Base Weapon Speed: [10]<\/li>\n<li>(Sorceress Only)<\/li>\n<\/ul>\n<ul class=\"vlastnosti\">\n<li>+3\u00a0To Sorceress Skill Levels<\/li>\n<li>+5\u00a0To Mana After Each Kill<\/li>\n<li>All Resistances +20<\/li>\n<li>25% Chance To Cast Level 1\u00a0Teleport When Struck<\/li>\n<li>+30% Faster Cast Rate<\/li>\n<li>+20\u00a0To Vitality<\/li>\n<li>+20\u00a0To Energy<\/li>\n<li>+20% Enhanced Defense<\/li>\n<li>50% Better Magic Find<\/li>\n<li>(Patch 1.09\u00a0or later)<\/li>\n<\/ul>\n<p style=\"text-align:center\">&#8212;\u00a0\u2014 &#8212;\u00a0\u2014 &#8212;\u00a0\u2014 &#8212;\u00a0\u2014 &#8212;\u00a0\u2014 &#8212;\u00a0\u2014 &#8212;\u00a0\u2014 &#8212;\u00a0\u2014 &#8212;\u00a0\u2014 &#8212;\u00a0\u2014 &#8212;\u00a0\u2014\u00a0&#8212;<\/p>\n<h3 class=\"zlata\"><a href=\"files\/predmety\/unique\/class-items\/sorc\/eschutas temper.d2i\">Eschuta&#8217;s\u00a0Temper<\/a><\/h3>\n<div><img loading=\"lazy\" decoding=\"async\" src=\"https:\/\/www.diablofans.cz\/d2\/wp-content\/uploads\/2018\/08\/sacredglobe.gif\" class=\"nahled\" alt=\"Eschuta's\u00a0Temper\" width=\"28\" height=\"56\" \/><\/div>\n<ul class=\"typ\">\n<li>Eldritch Orb<\/li>\n<\/ul>\n<ul class=\"zaklady\">\n<li>One-Hand Damage: 18\u00a0To 50<\/li>\n<li>Required Level: 72<\/li>\n<li>Durability: 30<\/li>\n<li>Base Weapon Speed: [-10]<\/li>\n<li>(Sorceress Only)<\/li>\n<\/ul>\n<ul class=\"vlastnosti\">\n<li>+1\u20133 To Sorceress Skill Levels (varies)<\/li>\n<li>+40% Faster Cast Rate<\/li>\n<li>+10\u201320% To Fire Skill Damage (varies)<\/li>\n<li>+10\u201320% To Lightning Skill Damage (varies)<\/li>\n<li>+20\u201330 To Energy (varies)<\/li>\n<li>(Patch 1.10\u00a0or later)<\/li>\n<\/ul>\n<p style=\"text-align:center\">&#8212;\u00a0\u2014 &#8212;\u00a0\u2014 &#8212;\u00a0\u2014 &#8212;\u00a0\u2014 &#8212;\u00a0\u2014 &#8212;\u00a0\u2014 &#8212;\u00a0\u2014 &#8212;\u00a0\u2014 &#8212;\u00a0\u2014 &#8212;\u00a0\u2014 &#8212;\u00a0\u2014\u00a0&#8212;<\/p>\n<h3 class=\"zlata\"><a href=\"files\/predmety\/unique\/class-items\/sorc\/deaths fatom.d2i\">Death&#8217;s\u00a0Fathom<\/a><\/h3>\n<div><img loading=\"lazy\" decoding=\"async\" src=\"https:\/\/www.diablofans.cz\/d2\/wp-content\/uploads\/2018\/08\/dragonstone.gif\" class=\"nahled\" alt=\"Death's\u00a0Fathom\" width=\"28\" height=\"84\" \/><\/div>\n<ul class=\"typ\">\n<li>Dimensional Shard<\/li>\n<\/ul>\n<ul class=\"zaklady\">\n<li>One-Hand Damage: 30\u00a0To 53<\/li>\n<li>Required Level: 73<\/li>\n<li>Durability: 50<\/li>\n<li>Base Weapon Speed: [10]<\/li>\n<li>(Sorceress Only)<\/li>\n<\/ul>\n<ul class=\"vlastnosti\">\n<li>+3\u00a0To Sorceress Skill Levels<\/li>\n<li>+20% Faster Cast Rate<\/li>\n<li>+15\u201330% To Cold Skill Damage (varies)<\/li>\n<li>Lightning Resist +25\u201340% (varies)<\/li>\n<li>Fire Resist +25\u201340% (varies)<\/li>\n<li>(Ladder Only)<\/li>\n<li>(Patch 1.10\u00a0or later)<\/li>\n<\/ul>\n<p style=\"text-align:center\">&#8212;\u00a0\u2014 &#8212;\u00a0\u2014 &#8212;\u00a0\u2014 &#8212;\u00a0\u2014 &#8212;\u00a0\u2014 &#8212;\u00a0\u2014 &#8212;\u00a0\u2014 &#8212;\u00a0\u2014 &#8212;\u00a0\u2014 &#8212;\u00a0\u2014 &#8212;\u00a0\u2014\u00a0&#8212;<\/p>\n<p style=\"text-align:center\"><a href=\"https:\/\/www.diablofans.cz\/d2\/predmety-unique\">\u00ab Zp\u011bt do sekce P\u0159edm\u011bty\u00a0\u2013 Unique.<\/a><\/p>\n<\/p><\/div>\n<p> <!-- by Texy2! --><\/p>\n","protected":false},"excerpt":{"rendered":"<p>Unik\u00e1tn\u00ed p\u0159edm\u011bty: H\u016flky\u00a0\u2013 Class-Specific (Sorceress) Class-Specific Amazon Assassin Barbarian Druid Necromancer Paladin Sorceress Ostatn\u00ed Amulets Charms Circlets Jewels Rings The Oculus Swirling Crystal One-Hand Damage: 18\u00a0To 42 Required Level: 42 Durability: 50 Base Weapon Speed: [10] (Sorceress Only) +3\u00a0To Sorceress Skill Levels +5\u00a0To Mana After Each Kill All Resistances +20 25% Chance To Cast Level [&#8230;]<\/p>\n<p><a class=\"btn btn-secondary understrap-read-more-link\" href=\"https:\/\/www.diablofans.cz\/d2\/predmety-unique-class-specific-sorceress\/\">\u010c\u00edst d\u00e1le&#8230;<span class=\"screen-reader-text\"> from Unique &#8211; Class-Specific &#8211; Sorceress<\/span><\/a><\/p>\n","protected":false},"author":1,"featured_media":0,"parent":0,"menu_order":0,"comment_status":"open","ping_status":"open","template":"","meta":{"footnotes":""},"class_list":["post-2866","page","type-page","status-publish","hentry"],"_links":{"self":[{"href":"https:\/\/www.diablofans.cz\/d2\/wp-json\/wp\/v2\/pages\/2866","targetHints":{"allow":["GET"]}}],"collection":[{"href":"https:\/\/www.diablofans.cz\/d2\/wp-json\/wp\/v2\/pages"}],"about":[{"href":"https:\/\/www.diablofans.cz\/d2\/wp-json\/wp\/v2\/types\/page"}],"author":[{"embeddable":true,"href":"https:\/\/www.diablofans.cz\/d2\/wp-json\/wp\/v2\/users\/1"}],"replies":[{"embeddable":true,"href":"https:\/\/www.diablofans.cz\/d2\/wp-json\/wp\/v2\/comments?post=2866"}],"version-history":[{"count":0,"href":"https:\/\/www.diablofans.cz\/d2\/wp-json\/wp\/v2\/pages\/2866\/revisions"}],"wp:attachment":[{"href":"https:\/\/www.diablofans.cz\/d2\/wp-json\/wp\/v2\/media?parent=2866"}],"curies":[{"name":"wp","href":"https:\/\/api.w.org\/{rel}","templated":true}]}}