{"id":2894,"date":"2018-08-25T22:08:46","date_gmt":"2018-08-25T20:08:46","guid":{"rendered":"http:\/\/diablofans.ddev.site\/d2\/predmety-setove-sady-hwanins-majesty\/"},"modified":"2018-08-25T22:08:46","modified_gmt":"2018-08-25T20:08:46","slug":"predmety-setove-sady-hwanins-majesty","status":"publish","type":"page","link":"https:\/\/www.diablofans.cz\/d2\/predmety-setove-sady-hwanins-majesty\/","title":{"rendered":"Setov\u00e9 p\u0159edm\u011bty &#8211; Hwanins Majesty"},"content":{"rendered":"\n<div class=\"predmety\"><sup><a href=\"https:\/\/www.diablofans.cz\/d2\/predmety-setove-sady-aldurs-watchtower\">Aldur&#8217;s<\/a> | <a href=\"https:\/\/www.diablofans.cz\/d2\/predmety-setove-sady-angelic-raiment\">Angelic<\/a> | <a href=\"https:\/\/www.diablofans.cz\/d2\/predmety-setove-sady-arcannas-tricks\">Arcanna&#8217;s<\/a> | <a href=\"https:\/\/www.diablofans.cz\/d2\/predmety-setove-sady-arctic-gear\">Arctic<\/a> | <a href=\"https:\/\/www.diablofans.cz\/d2\/predmety-setove-sady-berserkers-arsenal\">Berserker&#8217;s<\/a> | <a href=\"https:\/\/www.diablofans.cz\/d2\/predmety-setove-sady-bul-kathos-children\">Bul-Kathos&#8216;<\/a> | <a href=\"https:\/\/www.diablofans.cz\/d2\/predmety-setove-sady-cathans-traps\">Cathan&#8217;s<\/a> | <a href=\"https:\/\/www.diablofans.cz\/d2\/predmety-setove-sady-civerbs-vestments\">Civerb&#8217;s<\/a> | <a href=\"https:\/\/www.diablofans.cz\/d2\/predmety-setove-sady-cleglaws-brace\">Cleglaw&#8217;s<\/a> | <a href=\"https:\/\/www.diablofans.cz\/d2\/predmety-setove-sady-cow-kings-leathers\">Cow King&#8217;s<\/a> | <a href=\"https:\/\/www.diablofans.cz\/d2\/predmety-setove-sady-deaths-disguise\">Death&#8217;s<\/a> | <a href=\"https:\/\/www.diablofans.cz\/d2\/predmety-setove-sady-griswolds-legacy\">Griswold&#8217;s<\/a> | <a href=\"https:\/\/www.diablofans.cz\/d2\/predmety-setove-sady-heavens-brethren\">Heaven&#8217;s\u00a0Brethen<\/a> | <a href=\"https:\/\/www.diablofans.cz\/d2\/predmety-setove-sady-hsarus-defense\">Hsarus&#8216;<\/a> | <strong><a href=\"https:\/\/www.diablofans.cz\/d2\/predmety-setove-sady-hwanins-majesty\">Hwanin&#8217;s<\/a><\/strong> | <a href=\"https:\/\/www.diablofans.cz\/d2\/predmety-setove-sady-immortal-king\">Immortal King&#8217;s<\/a> | <a href=\"https:\/\/www.diablofans.cz\/d2\/predmety-setove-sady-infernal-tools\">Infernal Tools<\/a> | <a href=\"https:\/\/www.diablofans.cz\/d2\/predmety-setove-sady-irathas-finery\">Iratha&#8217;s<\/a> | <a href=\"https:\/\/www.diablofans.cz\/d2\/predmety-setove-sady-isenharts-armory\">Isenhart&#8217;s<\/a> | <a href=\"https:\/\/www.diablofans.cz\/d2\/predmety-setove-sady-mavinas-battle-hymn\">M&#8217;avina&#8217;s<\/a> | <a href=\"https:\/\/www.diablofans.cz\/d2\/predmety-setove-sady-milabregas-regalia\">Milabrega&#8217;s<\/a> | <a href=\"https:\/\/www.diablofans.cz\/d2\/predmety-setove-sady-najs-ancient-vestige\">Naj&#8217;s<\/a> | <a href=\"https:\/\/www.diablofans.cz\/d2\/predmety-setove-sady-natalyas-odium\">Natalya&#8217;s<\/a> | <a href=\"https:\/\/www.diablofans.cz\/d2\/predmety-setove-sady-orphans-call\">Orphan&#8217;s<\/a> | <a href=\"https:\/\/www.diablofans.cz\/d2\/predmety-setove-sady-sanders-folly\">Sander&#8217;s<\/a> | <a href=\"https:\/\/www.diablofans.cz\/d2\/predmety-setove-sady-sazabis-grand-tribute\">Sazabi&#8217;s<\/a> | <a href=\"https:\/\/www.diablofans.cz\/d2\/predmety-setove-sady-sigons-complete-steel\">Sigon&#8217;s<\/a> | <a href=\"https:\/\/www.diablofans.cz\/d2\/predmety-setove-sady-tal-rashas-wrappings\">Tal Rasha&#8217;s<\/a> | <a href=\"https:\/\/www.diablofans.cz\/d2\/predmety-setove-sady-tancreds-battlegear\">Tancred&#8217;s<\/a> | <a href=\"https:\/\/www.diablofans.cz\/d2\/predmety-setove-sady-the-disciple\">The Disciple<\/a> | <a href=\"https:\/\/www.diablofans.cz\/d2\/predmety-setove-sady-trang-ouls-avatar\">Trang-Oul&#8217;s<\/a> | <a href=\"https:\/\/www.diablofans.cz\/d2\/predmety-setove-sady-vidalas-rig\">Vidala&#8217;s<\/a> ||| <strong><a href=\"https:\/\/www.diablofans.cz\/d2\/predmety-setove\">\u00ab Zp\u011bt do sekce P\u0159edm\u011bty\u00a0\u2013 Sety<\/a><\/strong><\/sup> <\/p>\n<hr \/>\n<h3 class=\"zelena\"><a href=\"files\/predmety\/setove_sady\/exc-a-elite-sets\/hwanins_majesty\/helmet.d2i\">Hwanin&#8217;s\u00a0Splendor<\/a><\/h3>\n<div><img loading=\"lazy\" decoding=\"async\" src=\"https:\/\/www.diablofans.cz\/d2\/wp-content\/uploads\/2018\/08\/hwaninssplendor.gif\" class=\"nahled\" alt=\"Hwanin's\u00a0Splendor\" width=\"35\" height=\"51\" \/><\/div>\n<ul class=\"typ\">\n<li>Grand Crown<\/li>\n<\/ul>\n<ul class=\"zaklady\">\n<li>Defense: 228 (varies)(Base Defense: 78\u2013113)<\/li>\n<li>Required Level: 45<\/li>\n<li>Required Strength: 103<\/li>\n<li>Durability: 50<\/li>\n<\/ul>\n<ul class=\"vlastnosti\">\n<li>+100% Enhanced Defense<\/li>\n<li>Magic Damage Reduced by 10<\/li>\n<li>Cold Resist +37%<\/li>\n<li>Replenish Life +20<\/li>\n<\/ul>\n<p style=\"text-align:center\">&#8212;\u00a0\u2014 &#8212;\u00a0\u2014 &#8212;\u00a0\u2014 &#8212;\u00a0\u2014 &#8212;\u00a0\u2014 &#8212;\u00a0\u2014 &#8212;\u00a0\u2014 &#8212;\u00a0\u2014 &#8212;\u00a0\u2014 &#8212;\u00a0\u2014 &#8212;\u00a0\u2014\u00a0&#8212;<\/p>\n<h3 class=\"zelena\"><a href=\"files\/predmety\/setove_sady\/exc-a-elite-sets\/hwanins_majesty\/weapon.d2i\">Hwanin&#8217;s\u00a0Justice<\/a><\/h3>\n<div><img loading=\"lazy\" decoding=\"async\" src=\"https:\/\/www.diablofans.cz\/d2\/wp-content\/uploads\/2018\/08\/voulge.gif\" class=\"nahled\" alt=\"Hwanin's\u00a0Justice\" width=\"62\" height=\"118\" \/><\/div>\n<ul class=\"typ\">\n<li>Bill<\/li>\n<\/ul>\n<ul class=\"zaklady\">\n<li>Damage: 42\u00a0To 159 (100.5\u00a0Avg)<\/li>\n<li>Required Level: 28<\/li>\n<li>Required Strength: 95<\/li>\n<li>Polearm Class\u00a0\u2013 Very Fast Attack Speed<\/li>\n<\/ul>\n<ul class=\"vlastnosti\">\n<li>+200% Enhanced Damage<\/li>\n<li>+330\u00a0to Attack Rating<\/li>\n<li>Adds 5\u201325 lightning damage<\/li>\n<li>40% Increased Attack Speed<\/li>\n<li>10% Chance to cast Level 3\u00a0Ice Blast on striking<\/li>\n<li>Indestructible<\/li>\n<\/ul>\n<p style=\"text-align:center\">&#8212;\u00a0\u2014 &#8212;\u00a0\u2014 &#8212;\u00a0\u2014 &#8212;\u00a0\u2014 &#8212;\u00a0\u2014 &#8212;\u00a0\u2014 &#8212;\u00a0\u2014 &#8212;\u00a0\u2014 &#8212;\u00a0\u2014 &#8212;\u00a0\u2014 &#8212;\u00a0\u2014\u00a0&#8212;<\/p>\n<h3 class=\"zelena\"><a href=\"files\/predmety\/setove_sady\/exc-a-elite-sets\/hwanins_majesty\/armor.d2i\">Hwanin&#8217;s\u00a0Refuge<\/a><\/h3>\n<div><img loading=\"lazy\" decoding=\"async\" src=\"https:\/\/www.diablofans.cz\/d2\/wp-content\/uploads\/2018\/08\/scalemail.gif\" class=\"nahled\" alt=\"Hwanin's\u00a0Refuge\" width=\"62\" height=\"91\" \/><\/div>\n<ul class=\"typ\">\n<li>Tigulated Mail<\/li>\n<\/ul>\n<ul class=\"zaklady\">\n<li>Defense: 376\u2013390 (Base Defense: 176\u2013190)<\/li>\n<li>Required Level: 30<\/li>\n<li>Required Strength: 86<\/li>\n<li>Durability: 36<\/li>\n<\/ul>\n<ul class=\"vlastnosti\">\n<li>+100\u00a0to Life<\/li>\n<li>+200\u00a0Defense<\/li>\n<li>Poison Resist +27%<\/li>\n<li>10% Chance to cast Level 3\u00a0Static Field when struck<\/li>\n<\/ul>\n<p style=\"text-align:center\">&#8212;\u00a0\u2014 &#8212;\u00a0\u2014 &#8212;\u00a0\u2014 &#8212;\u00a0\u2014 &#8212;\u00a0\u2014 &#8212;\u00a0\u2014 &#8212;\u00a0\u2014 &#8212;\u00a0\u2014 &#8212;\u00a0\u2014 &#8212;\u00a0\u2014 &#8212;\u00a0\u2014\u00a0&#8212;<\/p>\n<h3 class=\"zelena\"><a href=\"files\/predmety\/setove_sady\/exc-a-elite-sets\/hwanins_majesty\/belt.d2i\">Hwanin&#8217;s\u00a0Blessing<\/a><\/h3>\n<div><img loading=\"lazy\" decoding=\"async\" src=\"https:\/\/www.diablofans.cz\/d2\/wp-content\/uploads\/2018\/08\/hwaninsblessing.gif\" class=\"nahled\" alt=\"Hwanin's\u00a0Blessing\" width=\"56\" height=\"25\" \/><\/div>\n<ul class=\"typ\">\n<li>Belt<\/li>\n<\/ul>\n<ul class=\"zaklady\">\n<li>Defense: 6\u2013153 (varies)(Base Defense: 5)<\/li>\n<li>Required Level: 35<\/li>\n<li>Required Strength: 25<\/li>\n<li>Durability: 16<\/li>\n<li>12\u00a0boxes<\/li>\n<\/ul>\n<ul class=\"vlastnosti\">\n<li>Adds 3\u201333 lightning damage<\/li>\n<li>12% Damage Taken Goes to Mana<\/li>\n<li>Prevent Monster Heal<\/li>\n<li>+1\u2013148 to Defense (Based on Character Level)<\/li>\n<\/ul>\n<p style=\"text-align:center\">&#8212;\u00a0\u2014 &#8212;\u00a0\u2014 &#8212;\u00a0\u2014 &#8212;\u00a0\u2014 &#8212;\u00a0\u2014 &#8212;\u00a0\u2014 &#8212;\u00a0\u2014 &#8212;\u00a0\u2014 &#8212;\u00a0\u2014 &#8212;\u00a0\u2014 &#8212;\u00a0\u2014\u00a0&#8212;<\/p>\n<p>\u010c\u00e1ste\u010dn\u00fd setov\u00fd bonus:<\/p>\n<ul class=\"zlata\">\n<li>+100\u00a0Defense (2 p\u0159edm\u011bty)<\/li>\n<li>+200\u00a0Defense (3 p\u0159edm\u011bty)<\/li>\n<\/ul>\n<p>Kompletn\u00ed setov\u00fd bonus:<\/p>\n<ul class=\"zlata\">\n<li>+2\u00a0To All Skills<\/li>\n<li>+30% Faster Run\/Walk<\/li>\n<li>20% Life Stolen Per Hit<\/li>\n<li>+300\u00a0Defense<\/li>\n<li>All Resistances +30<\/li>\n<\/ul>\n<p style=\"text-align:center\">&#8212;\u00a0\u2014 &#8212;\u00a0\u2014 &#8212;\u00a0\u2014 &#8212;\u00a0\u2014 &#8212;\u00a0\u2014 &#8212;\u00a0\u2014 &#8212;\u00a0\u2014 &#8212;\u00a0\u2014 &#8212;\u00a0\u2014 &#8212;\u00a0\u2014 &#8212;\u00a0\u2014\u00a0&#8212;<\/p>\n<p style=\"text-align:center\"><a href=\"https:\/\/www.diablofans.cz\/d2\/predmety-setove\">\u00ab Zp\u011bt do sekce P\u0159edm\u011bty\u00a0\u2013 Sety.<\/a><\/p>\n<\/p><\/div>\n<p> <!-- by Texy2! --><\/p>\n","protected":false},"excerpt":{"rendered":"<p>Aldur&#8217;s | Angelic | Arcanna&#8217;s | Arctic | Berserker&#8217;s | Bul-Kathos&#8216; | Cathan&#8217;s | Civerb&#8217;s | Cleglaw&#8217;s | Cow King&#8217;s | Death&#8217;s | Griswold&#8217;s | Heaven&#8217;s\u00a0Brethen | Hsarus&#8216; | Hwanin&#8217;s | Immortal King&#8217;s | Infernal Tools | Iratha&#8217;s | Isenhart&#8217;s | M&#8217;avina&#8217;s | Milabrega&#8217;s | Naj&#8217;s | Natalya&#8217;s | Orphan&#8217;s | Sander&#8217;s | Sazabi&#8217;s | [&#8230;]<\/p>\n<p><a class=\"btn btn-secondary understrap-read-more-link\" href=\"https:\/\/www.diablofans.cz\/d2\/predmety-setove-sady-hwanins-majesty\/\">\u010c\u00edst d\u00e1le&#8230;<span class=\"screen-reader-text\"> from Setov\u00e9 p\u0159edm\u011bty &#8211; Hwanins Majesty<\/span><\/a><\/p>\n","protected":false},"author":1,"featured_media":0,"parent":0,"menu_order":0,"comment_status":"open","ping_status":"open","template":"","meta":{"footnotes":""},"class_list":["post-2894","page","type-page","status-publish","hentry"],"_links":{"self":[{"href":"https:\/\/www.diablofans.cz\/d2\/wp-json\/wp\/v2\/pages\/2894","targetHints":{"allow":["GET"]}}],"collection":[{"href":"https:\/\/www.diablofans.cz\/d2\/wp-json\/wp\/v2\/pages"}],"about":[{"href":"https:\/\/www.diablofans.cz\/d2\/wp-json\/wp\/v2\/types\/page"}],"author":[{"embeddable":true,"href":"https:\/\/www.diablofans.cz\/d2\/wp-json\/wp\/v2\/users\/1"}],"replies":[{"embeddable":true,"href":"https:\/\/www.diablofans.cz\/d2\/wp-json\/wp\/v2\/comments?post=2894"}],"version-history":[{"count":0,"href":"https:\/\/www.diablofans.cz\/d2\/wp-json\/wp\/v2\/pages\/2894\/revisions"}],"wp:attachment":[{"href":"https:\/\/www.diablofans.cz\/d2\/wp-json\/wp\/v2\/media?parent=2894"}],"curies":[{"name":"wp","href":"https:\/\/api.w.org\/{rel}","templated":true}]}}