{"id":2989,"date":"2018-08-25T22:08:48","date_gmt":"2018-08-25T20:08:48","guid":{"rendered":"http:\/\/diablofans.ddev.site\/d2\/questy-specialni-pandemonium-event\/"},"modified":"2018-08-25T22:08:48","modified_gmt":"2018-08-25T20:08:48","slug":"questy-specialni-pandemonium-event","status":"publish","type":"page","link":"https:\/\/www.diablofans.cz\/d2\/questy-specialni-pandemonium-event\/","title":{"rendered":"Questy &#8211; Speci\u00e1ln\u00ed &#8211; The Pandemonium Event"},"content":{"rendered":"\n<p>Tento n\u00e1vod v\u00e1m pom\u016f\u017ee z\u00edskat <strong>Hellfire Torch<\/strong>, charm, kter\u00fd p\u0159id\u00e1v\u00e1 +3\u00a0ke v\u0161em skill\u016fm n\u00e1hodn\u00e9ho charakteru, +10\u00a0ke v\u0161em atribut\u016fm, +10\u00a0k\u00a0odolnostem a dal\u0161\u00ed u\u017eite\u010dn\u00e9 vlastnosti.<\/p>\n<h3>T\u0159i kl\u00ed\u010de<\/h3>\n<p>Abyste z\u00edskali tento charm, mus\u00edte zab\u00edt n\u011bkolik t\u011b\u017ek\u00fdch boss\u016f. Pot\u0159ebujete sehnat 3\u00a0sou\u010d\u00e1stky z\u00a03\u00a0r\u016fzn\u00fdch\u00a0kl\u00ed\u010d\u016f:<\/p>\n<ul>\n<li>Key of Terror<\/li>\n<li>Key of Hate<\/li>\n<li>Key of Destruction<\/li>\n<\/ul>\n<div><a href=\"images\/zakladni-info\/questy\/pandemonium-event\/inventar-key-of-hate.jpg\" onclick=\"return hs.expand(this)\"><img loading=\"lazy\" decoding=\"async\" src=\"https:\/\/www.diablofans.cz\/d2\/wp-content\/uploads\/2018\/08\/inventar-key-of-hate-nahled.jpg\" alt=\"inventar-key-of-hate-nahled\" class=\"img-right\" width=\"130\" height=\"106\" \/><\/a><\/div>\n<p>Kl\u00ed\u010de z\u00edsk\u00e1te (\u0161ance na zisk je 1:34) po zabit\u00ed n\u00e1sleduj\u00edc\u00edch boss\u016f v\u00a0lokalit\u00e1ch uveden\u00fdch v\u00a0z\u00e1vorce:<\/p>\n<ul>\n<li>Countess (Forgotten Tower)\u00a0\u2013 z\u00edsk\u00e1te Key of Terror<\/li>\n<li>Summoner (Arcane Sanctuary)\u00a0\u2013 z\u00edsk\u00e1te Key of Hate<\/li>\n<li>Nihlathak (Halla of Pain)\u00a0\u2013 z\u00edsk\u00e1te Key of Destruction<\/li>\n<\/ul>\n<h3>Port\u00e1l do Tristramu<\/h3>\n<p>A\u017e z\u00edsk\u00e1te v\u0161echny t\u0159i kl\u00ed\u010de, <strong>v\u00a05.\u00a0aktu na obt\u00ed\u017enosti Hell<\/strong> je pomoc\u00ed <a href=\"https:\/\/www.diablofans.cz\/d2\/horadric-cube\">horadrick\u00e9 kostky<\/a> spoj\u00edte. To by m\u011blo vytvo\u0159it port\u00e1l s\u00a0n\u00e1zvem \u201eThe Furnace of Pain\u201c pro Izuala, \u201eMatrons Den\u201c pro Lilith, nebo \u201eForgotten Sands\u201c pro Duriela.<\/p>\n<p>Po zabit\u00ed jednoho z\u00a0boss\u016f byste m\u011bli z\u00edskat jednu \u010d\u00e1st\u00a0t\u011bla:<\/p>\n<ul>\n<li>Diablo&#8217;s\u00a0Horn<\/li>\n<li>Baal&#8217;s\u00a0Eye<\/li>\n<li>Mephisto&#8217;s\u00a0Brain<\/li>\n<\/ul>\n<p>Pot\u00e9 mus\u00edte op\u011bt nasb\u00edrat sadu t\u0159\u00ed kl\u00ed\u010d\u016f a postup opakovat do doby, ne\u017e z\u00edsk\u00e1te v\u0161echny t\u0159i \u010d\u00e1sti t\u011bla. Jakmile je v\u0161echny se\u017eenete, um\u00edst\u011bte je do horadrick\u00e9 kostky a spojte. Vytvo\u0159\u00ed se port\u00e1l do Tristramu, kde na v\u00e1s bude \u010dekat Diablo, Mephisto a Baal spolu s\u00a0mnoha pomocn\u00edky (miniony).<\/p>\n<h3>Bossov\u00e9<\/h3>\n<h4>Izual<\/h4>\n<p><a href=\"images\/zakladni-info\/questy\/pandemonium-event\/izual.jpg\" onclick=\"return hs.expand(this)\"><img loading=\"lazy\" decoding=\"async\" src=\"https:\/\/www.diablofans.cz\/d2\/wp-content\/uploads\/2018\/08\/izual-nahled.jpg\" alt=\"izual-nahled\" class=\"img-right\" width=\"130\" height=\"98\" \/><\/a> Uber Izual m\u00e1 vysok\u00e9 odolnosti. Rada pro souboj s\u00a0Izualem zn\u00ed: neberte si na Izuala Sorceress. Vezm\u011bte si postavu, kter\u00e1 zp\u016fsobuje velk\u00e9 fyzick\u00e9 po\u0161kozen\u00ed (Physical Damage). Pokud trv\u00e1te na Sorceress, vezm\u011bte si alespo\u0148 kouzelnici soust\u0159ed\u011bnou na ohe\u0148\u00a0\u2013 Fire. Barbar \u010di Paladin by mohli b\u00fdt dal\u0161\u00edmi vhodn\u00fdmi volbami. Dejte si tak\u00e9 pozor na miniony v\u00a0bl\u00edzkosti Izuala. Mnoho z\u00a0nich je Immune to Magic\/Fire\/Cold\/Poison\/Lightning.<\/p>\n<div><a href=\"images\/zakladni-info\/questy\/pandemonium-event\/lilith.jpg\" onclick=\"return hs.expand(this)\"><img loading=\"lazy\" decoding=\"async\" src=\"https:\/\/www.diablofans.cz\/d2\/wp-content\/uploads\/2018\/08\/lilith-nahled.jpg\" alt=\"lilith-nahled\" class=\"img-right\" width=\"130\" height=\"98\" \/><\/a><\/div>\n<h4>Lilith<\/h4>\n<p>Lilith je vylep\u0161en\u00e1 verze Act Bosse Andariel. Zp\u016fsobuje p\u0159edev\u0161\u00edm jedov\u00e9 po\u0161kozen\u00ed, ale m\u00e1 tak\u00e9 velk\u00e9 fyzick\u00e9 po\u0161kozen\u00ed. Dobrou volbou pro souboj s\u00a0t\u00edmto bossem by mohl b\u00fdt Smiter build na Paladina v\u00a0kombinaci se Sorceress. Nezapome\u0148te tak\u00e9 na Antidote Potions, tedy protijedy.<\/p>\n<h4>Duriel<\/h4>\n<p><a href=\"images\/zakladni-info\/questy\/pandemonium-event\/duriel.jpg\" onclick=\"return hs.expand(this)\"><img loading=\"lazy\" decoding=\"async\" src=\"https:\/\/www.diablofans.cz\/d2\/wp-content\/uploads\/2018\/08\/duriel-nahled.jpg\" alt=\"duriel-nahled\" class=\"img-right\" width=\"130\" height=\"98\" \/><\/a> Zde se vyplat\u00ed podobn\u00e1 strategie jako u\u00a0LIlith, p\u0159i\u010dem\u017e Sorceress by se m\u011bla soust\u0159edit na kouzlo Blizzard.<\/p>\n<h3>V\u00edt\u011bzstv\u00ed<\/h3>\n<p>Kdy\u017e jsou v\u0161ichni mrtv\u00ed, vypadne n\u011bkolik charm\u016f. Jejich po\u010det z\u00e1vis\u00ed na po\u010dtu hr\u00e1\u010d\u016f. N\u00e1zev charmu by m\u011bl b\u00fdt \u201eStandard of the Hero\u201c a m\u011bl by p\u0159ipom\u00ednat tuto v\u00fdznamnou ud\u00e1lost, kterou va\u0161e postava za\u017eila a samoz\u0159ejm\u011b \u00fasp\u011b\u0161n\u011b absolvovala. Krom\u011b toho je tu je\u0161t\u011b Hellfire Large Charm, kter\u00fd vypadne pouze jeden. P\u0159id\u00e1v\u00e1 +3\u00a0ke skillu ur\u010dit\u00e9ho charakteru, kter\u00fd je zvolen n\u00e1hodn\u011b, a tak\u00e9 bonus k\u00a0atribut\u016fm a odolnostem. M\u016f\u017eete ho um\u00edstit do invent\u00e1\u0159e spolu s\u00a0Annihilem. M\u011bjte v\u0161ak na pam\u011bti, \u017ee m\u016f\u017eete vlastnit pouze jeden Hellfire\u00a0charm.<\/p>\n<div class=\"predmety\">\n<h3 class=\"zlata\" id=\"hellfire-torch\">Hellfire Torch<\/h3>\n<div><img loading=\"lazy\" decoding=\"async\" src=\"https:\/\/www.diablofans.cz\/d2\/wp-content\/uploads\/2018\/08\/hellfiretorch.jpg\" class=\"nahled\" alt=\"Hellfire Torch\" width=\"29\" height=\"57\" \/><\/div>\n<ul class=\"typ\">\n<li>Large Charm<\/li>\n<\/ul>\n<ul class=\"zaklady\">\n<li>Required Level: 75<\/li>\n<li>Pouze v\u00a0patchi 1.11\u00a0nebo vy\u0161\u0161\u00edm<\/li>\n<\/ul>\n<ul class=\"vlastnosti\">\n<li>5% Chance To Cast level 10\u00a0Firestorm On Striking<\/li>\n<li>+3\u00a0to all skill levels<\/li>\n<li>+10\u201320 To All Atributes<\/li>\n<li>All Resistances +10\u201320<\/li>\n<li>+8\u00a0to light radius<\/li>\n<li>Level 30\u00a0Hydra (10 charges)<\/li>\n<\/ul><\/div>\n<p>Hellfire Torch pro v\u0161echny hern\u00ed postavy\u00a0\u2013 verze 1.13:<\/p>\n<ul>\n<li><a href=\"files\/predmety\/klice-hellfire-torch\/1-13\/hellfire-torch-amazon.d2i\">Amazon<\/a><\/li>\n<li><a href=\"files\/predmety\/klice-hellfire-torch\/1-13\/hellfire-torch-assassin.d2i\">Assassin<\/a><\/li>\n<li><a href=\"files\/predmety\/klice-hellfire-torch\/1-13\/hellfire-torch-barbarian.d2i\">Barbarian<\/a><\/li>\n<li><a href=\"files\/predmety\/klice-hellfire-torch\/1-13\/hellfire-torch-druid.d2i\">Druid<\/a><\/li>\n<li><a href=\"files\/predmety\/klice-hellfire-torch\/1-13\/hellfire-torch-necromancer.d2i\">Necromancer<\/a><\/li>\n<li><a href=\"files\/predmety\/klice-hellfire-torch\/1-13\/hellfire-torch-paladin.d2i\">Paladin<\/a><\/li>\n<li><a href=\"files\/predmety\/klice-hellfire-torch\/1-13\/hellfire-torch-sorceress.d2i\">Sorceress<\/a><\/li>\n<\/ul>\n<div><a href=\"images\/zakladni-info\/questy\/pandemonium-event\/inventar-hellfire-torch.jpg\" onclick=\"return hs.expand(this)\"><img loading=\"lazy\" decoding=\"async\" src=\"https:\/\/www.diablofans.cz\/d2\/wp-content\/uploads\/2018\/08\/inventar-hellfire-torch-nahled.jpg\" alt=\"inventar-hellfire-torch-nahled\" class=\"img-right\" width=\"130\" height=\"85\" \/><\/a><\/div>\n<p>Nutno dodat, \u017ee v\u0161echny zm\u00edn\u011bn\u00e9 kl\u00ed\u010de lze nal\u00e9zt jen na obt\u00ed\u017enosti Hell. Nem\u00e9n\u011b d\u016fle\u017eit\u00e9 je tak\u00e9 to, \u017ee se kl\u00ed\u010de daj\u00ed naj\u00edt jen na realmech, tedy v\u00a0multiplayeru. Mohou v\u00e1m sice vypadnout i\u00a0na Single Playeru, ale nebude v\u00e1m umo\u017en\u011bno je pou\u017e\u00edt. Proto tu ale je k\u00a0dispozici n\u011bkolik program\u016f, kter\u00e9 tyto mo\u017enosti odemknou\u2026<\/p>\n<h3>PlugY The Survival Kit\u00a0\u2013 download<\/h3>\n<ul>\n<li>Tento program v\u00e1m krom\u011b mnoha r\u016fzn\u00fdch vylep\u0161en\u00ed ve h\u0159e odemkne pr\u00e1v\u011b mo\u017enost spln\u011bn\u00ed World Event a Uber questu.<\/li>\n<li>Download: <a href=\"index.php?docs&amp;file=27\">plugy_the_survival_kit_v9.00.exe<\/a><\/li>\n<\/ul>\n<h3>Hellgate patch\u00a0\u2013 download<\/h3>\n<ul>\n<li>Druh\u00e1 a lep\u0161\u00ed varianta pro mo\u017enost otev\u0159en\u00ed Uber levelu i\u00a0na singleplayeru. Jedn\u00e1 se o\u00a0speci\u00e1ln\u00ed patch, kter\u00fd byl pro b\u00fdval\u00fd Hellgate realm, ale pou\u017e\u00edt jde i\u00a0na singleplayer.<\/li>\n<li>Download: <a href=\"index.php?docs&amp;file=50\">Hellgatepatch.rar<\/a><\/li>\n<\/ul>\n<p style=\"text-align:center\"><sub><a href=\"#nahoru\">&#9650; Nahoru &#9650;<\/a><\/sub><\/p>\n<p style=\"text-align:center\">&#8212;\u00a0\u2014 &#8212;\u00a0\u2014 &#8212;\u00a0\u2014 &#8212;\u00a0\u2014 &#8212;\u00a0\u2014 &#8212;\u00a0\u2014 &#8212;\u00a0\u2014 &#8212;\u00a0\u2014 &#8212;\u00a0\u2014 &#8212;\u00a0\u2014 &#8212;\u00a0\u2014\u00a0&#8212;<\/p>\n<p style=\"text-align:center\"><a href=\"https:\/\/www.diablofans.cz\/d2\/questy#specialni\">\u00ab Zp\u011bt do sekce Questy.<\/a><\/p>\n<p> <!-- by Texy2! --><\/p>\n","protected":false},"excerpt":{"rendered":"<p>Tento n\u00e1vod v\u00e1m pom\u016f\u017ee z\u00edskat Hellfire Torch, charm, kter\u00fd p\u0159id\u00e1v\u00e1 +3\u00a0ke v\u0161em skill\u016fm n\u00e1hodn\u00e9ho charakteru, +10\u00a0ke v\u0161em atribut\u016fm, +10\u00a0k\u00a0odolnostem a dal\u0161\u00ed u\u017eite\u010dn\u00e9 vlastnosti. T\u0159i kl\u00ed\u010de Abyste z\u00edskali tento charm, mus\u00edte zab\u00edt n\u011bkolik t\u011b\u017ek\u00fdch boss\u016f. Pot\u0159ebujete sehnat 3\u00a0sou\u010d\u00e1stky z\u00a03\u00a0r\u016fzn\u00fdch\u00a0kl\u00ed\u010d\u016f: Key of Terror Key of Hate Key of Destruction Kl\u00ed\u010de z\u00edsk\u00e1te (\u0161ance na zisk je 1:34) po [&#8230;]<\/p>\n<p><a class=\"btn btn-secondary understrap-read-more-link\" href=\"https:\/\/www.diablofans.cz\/d2\/questy-specialni-pandemonium-event\/\">\u010c\u00edst d\u00e1le&#8230;<span class=\"screen-reader-text\"> from Questy &#8211; Speci\u00e1ln\u00ed &#8211; The Pandemonium Event<\/span><\/a><\/p>\n","protected":false},"author":1,"featured_media":0,"parent":0,"menu_order":0,"comment_status":"open","ping_status":"open","template":"","meta":{"footnotes":""},"class_list":["post-2989","page","type-page","status-publish","hentry"],"_links":{"self":[{"href":"https:\/\/www.diablofans.cz\/d2\/wp-json\/wp\/v2\/pages\/2989","targetHints":{"allow":["GET"]}}],"collection":[{"href":"https:\/\/www.diablofans.cz\/d2\/wp-json\/wp\/v2\/pages"}],"about":[{"href":"https:\/\/www.diablofans.cz\/d2\/wp-json\/wp\/v2\/types\/page"}],"author":[{"embeddable":true,"href":"https:\/\/www.diablofans.cz\/d2\/wp-json\/wp\/v2\/users\/1"}],"replies":[{"embeddable":true,"href":"https:\/\/www.diablofans.cz\/d2\/wp-json\/wp\/v2\/comments?post=2989"}],"version-history":[{"count":0,"href":"https:\/\/www.diablofans.cz\/d2\/wp-json\/wp\/v2\/pages\/2989\/revisions"}],"wp:attachment":[{"href":"https:\/\/www.diablofans.cz\/d2\/wp-json\/wp\/v2\/media?parent=2989"}],"curies":[{"name":"wp","href":"https:\/\/api.w.org\/{rel}","templated":true}]}}