{"id":2992,"date":"2018-08-25T22:08:48","date_gmt":"2018-08-25T20:08:48","guid":{"rendered":"http:\/\/diablofans.ddev.site\/d2\/spoluprace\/"},"modified":"2018-08-25T22:08:48","modified_gmt":"2018-08-25T20:08:48","slug":"spoluprace","status":"publish","type":"page","link":"https:\/\/www.diablofans.cz\/d2\/spoluprace\/","title":{"rendered":"Spolupr\u00e1ce"},"content":{"rendered":"<br \/>\n<h3>Diablo 2\u00a0LoD weby<\/h3>\n<p>Tento web spolupracuje s\u00a0vybran\u00fdmi weby, kter\u00e9 souvis\u00ed s\u00a0t\u00e9matem tohoto webu\u00a0\u2013 Diablo\u00a02\u00a0LoD. Odkazy na tyto weby jsou n\u00e1hodn\u011b zobrazov\u00e1ny dole na hlavn\u00ed str\u00e1nce. A\u00a0zde je jejich p\u0159ehled:<\/p>\n<ul>\n<li><a href=\"http:\/\/www.diablo2.ghry.cz\">http:\/\/www.diablo2.ghry.cz<\/a><\/li>\n<li><a href=\"http:\/\/www.suewebik.net\">http:\/\/www.suewebik.net<\/a><\/li>\n<li><a href=\"http:\/\/www.sweb.cz\/d2lodcz\">http:\/\/www.sweb.cz\/d2lodcz<\/a><\/li>\n<\/ul>\n<p><sup><em>Odkazy jsou se\u0159azeny podle abecedy.<\/em><\/sup><\/p>\n<h3>Ostatn\u00ed weby<\/h3>\n<p>Web Diablo2lod.Diablo3.cz spolupracuje tak\u00e9 s\u00a0vybran\u00fdmi weby, jejich\u017e t\u00e9ma je odli\u0161n\u00e9 od toho, kter\u00e9mu se v\u011bnuje tento web. I\u00a0tyto weby jsou k\u00a0dispozici dole na hlavn\u00ed str\u00e1nce. Konkr\u00e9tn\u011b jde o\u00a0n\u00e1sleduj\u00edc\u00ed\u00a0weby:<\/p>\n<ul>\n<li><a href=\"http:\/\/www.aoe3.vokr.com\">http:\/\/www.aoe3.vokr.com<\/a><\/li>\n<li><a href=\"http:\/\/www.born2play.cz\">http:\/\/www.born2play.cz<\/a><\/li>\n<li><a href=\"http:\/\/www.filiweb.cz\">http:\/\/www.filiweb.cz<\/a><\/li>\n<li><a href=\"http:\/\/www.guildwars.own.cz\">http:\/\/www.guildwars.own.cz<\/a><\/li>\n<li><a href=\"http:\/\/www.heath-ledger.xf.cz\">http:\/\/www.heath-ledger.xf.cz<\/a><\/li>\n<li><a href=\"http:\/\/www.sacred-city.cz\/\">http:\/\/www.sacred-city.cz\/<\/a><\/li>\n<li><a href=\"http:\/\/www.scifi.kx.cz\">http:\/\/www.scifi.kx.cz<\/a><\/li>\n<li><a href=\"http:\/\/www.starcraft-overmind.ic.cz\">http:\/\/www.starcraft-overmind.ic.cz<\/a><\/li>\n<li><a href=\"http:\/\/www.twoworlds.herniweb.cz\">http:\/\/www.twoworlds.herniweb.cz<\/a><\/li>\n<\/ul>\n<p><sup><em>Odkazy jsou se\u0159azeny podle abecedy.<\/em><\/sup><\/p>\n<h3 id=\"spolupracujte\"><a href=\"#spolupracujte\">M\u00e1te z\u00e1jem o\u00a0spolupr\u00e1ci?<\/a><\/h3>\n<div style=\"width:98px\" class=\"img-left\"><a href=\"http:\/\/diablo2lod.diablo3.cz\"><img loading=\"lazy\" decoding=\"async\" src=\"https:\/\/www.diablofans.cz\/d2\/wp-content\/uploads\/2018\/08\/d2lod-ikonka.gif\" style=\"border:1px solid #505050\" alt=\"d2lod-ikonka\" width=\"88\" height=\"31\" \/><\/a> <\/p>\n<p>Ikonka webu.<\/p>\n<\/p><\/div>\n<p>Tento web spolupracuje s\u00a0weby, kter\u00e9 jsou kvalitn\u011b zpracov\u00e1ny, obsahuj\u00ed p\u0159ehledn\u011b zpracovan\u00e9 informace o\u00a0dan\u00e9m oboru \u010di t\u00e9matu a maj\u00ed decentn\u00ed vzhled. M\u00e1te-li z\u00e1jem o\u00a0spolupr\u00e1ci, ozv\u011bte se na tento e-mail: <em>diablo3(zavin\u00e1\u010d)diablo3.cz<\/em><\/p>\n<p class=\"srovnat\">M\u00e1te-li sv\u016fj web, blog, f\u00f3rum \u010di jin\u00fd prostor, kde byste cht\u011bli um\u00edstit odkaz na tento web, zde je zdrojov\u00fd k\u00f3d ikonky tohoto webu (jej\u00ed n\u00e1hled je vid\u011bt vlevo):<\/p>\n<table style=\"background: #202020; width: 95%;\">\n<tbody>\n<tr>\n<td><code>&lt;a href=\"http:\/\/diablo2lod.diablo3.cz\" title=\"Diablo 2 Lord of Destruction | Diablo II\"&gt;&lt;img src=\"http:\/\/diablo2lod.diablo3.cz\/images\/d2lod-ikonka.gif\" alt=\"Diablo 2 ikonka\" \/&gt;&lt;\/a&gt;<\/code><\/td>\n<\/tr>\n<\/tbody>\n<\/table>\n<p> <!-- by Texy2! --><\/p>\n","protected":false},"excerpt":{"rendered":"<p>Diablo 2\u00a0LoD weby Tento web spolupracuje s\u00a0vybran\u00fdmi weby, kter\u00e9 souvis\u00ed s\u00a0t\u00e9matem tohoto webu\u00a0\u2013 Diablo\u00a02\u00a0LoD. Odkazy na tyto weby jsou n\u00e1hodn\u011b zobrazov\u00e1ny dole na hlavn\u00ed str\u00e1nce. A\u00a0zde je jejich p\u0159ehled: http:\/\/www.diablo2.ghry.cz http:\/\/www.suewebik.net http:\/\/www.sweb.cz\/d2lodcz Odkazy jsou se\u0159azeny podle abecedy. Ostatn\u00ed weby Web Diablo2lod.Diablo3.cz spolupracuje tak\u00e9 s\u00a0vybran\u00fdmi weby, jejich\u017e t\u00e9ma je odli\u0161n\u00e9 od toho, kter\u00e9mu se v\u011bnuje tento [&#8230;]<\/p>\n<p><a class=\"btn btn-secondary understrap-read-more-link\" href=\"https:\/\/www.diablofans.cz\/d2\/spoluprace\/\">\u010c\u00edst d\u00e1le&#8230;<span class=\"screen-reader-text\"> from Spolupr\u00e1ce<\/span><\/a><\/p>\n","protected":false},"author":1,"featured_media":0,"parent":0,"menu_order":0,"comment_status":"open","ping_status":"open","template":"","meta":{"footnotes":""},"class_list":["post-2992","page","type-page","status-publish","hentry"],"_links":{"self":[{"href":"https:\/\/www.diablofans.cz\/d2\/wp-json\/wp\/v2\/pages\/2992","targetHints":{"allow":["GET"]}}],"collection":[{"href":"https:\/\/www.diablofans.cz\/d2\/wp-json\/wp\/v2\/pages"}],"about":[{"href":"https:\/\/www.diablofans.cz\/d2\/wp-json\/wp\/v2\/types\/page"}],"author":[{"embeddable":true,"href":"https:\/\/www.diablofans.cz\/d2\/wp-json\/wp\/v2\/users\/1"}],"replies":[{"embeddable":true,"href":"https:\/\/www.diablofans.cz\/d2\/wp-json\/wp\/v2\/comments?post=2992"}],"version-history":[{"count":0,"href":"https:\/\/www.diablofans.cz\/d2\/wp-json\/wp\/v2\/pages\/2992\/revisions"}],"wp:attachment":[{"href":"https:\/\/www.diablofans.cz\/d2\/wp-json\/wp\/v2\/media?parent=2992"}],"curies":[{"name":"wp","href":"https:\/\/api.w.org\/{rel}","templated":true}]}}