{"id":3017,"date":"2018-08-25T22:08:48","date_gmt":"2018-08-25T20:08:48","guid":{"rendered":"http:\/\/diablofans.ddev.site\/d2\/mody-avalon\/"},"modified":"2018-08-25T22:08:48","modified_gmt":"2018-08-25T20:08:48","slug":"mody-avalon","status":"publish","type":"page","link":"https:\/\/www.diablofans.cz\/d2\/mody-avalon\/","title":{"rendered":"Mody &#8211; Avalon"},"content":{"rendered":"\n<p>Avalon je mod pro Diablo II Lord of Destruction verze 1.10 (bez \u010de\u0161tiny). <strong>Filozofie<\/strong> modu je u\u010dinit Diablo svi\u017en\u011bj\u0161\u00ed, \u017eiv\u011bj\u0161\u00ed, z\u00e1bavn\u011bj\u0161\u00ed pro star\u00e9 i\u00a0nov\u00e9 hr\u00e1\u010de a p\u0159itom nezni\u010dit p\u016fvodn\u00ed principy hry. M\u00e1 prost\u011b Diablo o\u017eivit. V\u00a0Avalonu je kladen d\u016fraz na t\u00fdmovou spolupr\u00e1ci. Autorem modu je Grammator.<\/p>\n<p><strong>P\u0159ed instalac\u00ed<\/strong> modu vypijte\/zni\u010dte v\u0161echny Full Rejuvenation Potions. Pokud to neud\u011bl\u00e1te, postava V\u00e1m nep\u016fjde na\u010d\u00edst (ochrana proti GODovi). Instalace je jednoduch\u00e1, jen p\u0159ema\u017ete soubor Patch_D2.mpq a *.dll soubory v\u00a0adres\u00e1\u0159i Diabla.<\/p>\n<p>Hlavn\u00edm <strong>l\u00e1kadlem<\/strong> Avalonu budou z\u0159ejm\u011b p\u0159edm\u011bty a Uberlevely, p\u0159ejdeme tedy k\u00a0detailn\u00edmu popisu v\u0161ech\u00a0zm\u011bn\u2026<\/p>\n<h3>Seznam zm\u011bn<\/h3>\n<h4>Nakupov\u00e1n\u00ed<\/h4>\n<p>U\u00a0Akary lze koupit gemy a u\u00a0Gheeda runy (kvalita El a\u017e Thul), u\u00a0Malah lze koupit Rejuvenation a Full Rejuvenation Potions.<\/p>\n<h4>Monstra<\/h4>\n<p>N\u011bkter\u00e1 monstra doznala zm\u011bn, v\u0161em monstr\u016fm byl zv\u00fd\u0161en level (\u010d\u00e1ste\u010dn\u011b kv\u016fli experience), tak\u017ee jsou t\u011b\u017e\u0161\u00ed na zabit\u00ed. P\u0159ibylo p\u00e1r imunit, p\u00e1r skill\u016f a spousta nov\u00fdch monster i\u00a0boss\u016f pro \u00fa\u010dely uber level\u016f a boss\u016f. <a href=\"https:\/\/www.diablofans.cz\/d2\/mody-avalon-monstra\">V\u00edce o\u00a0nov\u00fdch monstrech\u00a0\u00bb<\/a><\/p>\n<h4>Skilly<\/h4>\n<p><a href=\"https:\/\/www.diablofans.cz\/d2\/mody-avalon-skilly\">V\u00edce o\u00a0skillech \u00bb<\/a><\/p>\n<h4>Experience<\/h4>\n<p>Experience byly p\u011btkr\u00e1t zv\u00fd\u0161eny. Maxim\u00e1ln\u00ed dosa\u017eiteln\u00fd level je\u00a0110.<\/p>\n<h4>Uber Levely, Uber bossov\u00e9<\/h4>\n<p>Speci\u00e1ln\u00ed uber lokace a bossov\u00e9 maj\u00ed zvl\u00e1\u0161tn\u00ed sekci. <a href=\"https:\/\/www.diablofans.cz\/d2\/mody-avalon-uber-levely-bossove\">V\u00edce o\u00a0uber monstrech a lokac\u00edch\u00a0\u00bb<\/a><\/p>\n<h4>Mercenaries<\/h4>\n<p><a href=\"https:\/\/www.diablofans.cz\/d2\/mody-avalon-mercenaries\">V\u00edce o\u00a0Mercenaries \u00bb<\/a><\/p>\n<h4>Lokace<\/h4>\n<p>Byly poupraveny n\u011bkter\u00e9 lokace, v\u00a0n\u011bkter\u00fdch (ne uber) lokac\u00edch je pozm\u011bn\u011bna skladba a po\u010det monster. V\u00a0Tristramu je Cain a Wirt&#8217;s\u00a0Body posunuto bl\u00ed\u017e k\u00a0port\u00e1lu. <a href=\"https:\/\/www.diablofans.cz\/d2\/mody-avalon-avalon-uberlevel\">V\u00edce o\u00a0nov\u00e9 lokaci Avalon\u00a0\u00bb<\/a><\/p>\n<h4>Drop<\/h4>\n<p>Drop doznal hodn\u011b velk\u00fdch zm\u011bn, celkov\u011b je hodn\u011b zv\u00fd\u0161en hlavn\u011b drop Unique a Set Items, z\u00a0akt boss\u016f padaj\u00ed Unique v\u017edy, \u010dasem objev\u00edte n\u011bkter\u00e9 bosse a lokace s\u00a0velmi specifick\u00fdm dropem. N\u011bkter\u00e9 Unique mohou padnout jen v\u00a0uber levelech.<\/p>\n<h4>Items<\/h4>\n<p>P\u0159ibyla hromada nov\u00fdch unique, set i\u00a0rw a nav\u00edc speci\u00e1ln\u00edch item\u016f, je toho opravdu hodn\u011b. <a href=\"https:\/\/www.diablofans.cz\/d2\/mody-avalon-items\">V\u00edce o\u00a0nov\u00fdch p\u0159edm\u011btech\u00a0\u00bb<\/a><\/p>\n<p style=\"text-align:center\">&#8212;\u00a0\u2014 &#8212;\u00a0\u2014 &#8212;\u00a0\u2014 &#8212;\u00a0\u2014 &#8212;\u00a0\u2014 &#8212;\u00a0\u2014 &#8212;\u00a0\u2014 &#8212;\u00a0\u2014 &#8212;\u00a0\u2014 &#8212;\u00a0\u2014 &#8212;\u00a0\u2014\u00a0&#8212;<\/p>\n<h3 id=\"buildy\"><a href=\"#buildy\">Buildy<\/a><\/h3>\n<p>Buildy pro postavy na Avalon modu.<\/p>\n<p>Assassin:<\/p>\n<ul>\n<li><a href=\"https:\/\/www.diablofans.cz\/d2\/avalon-buildy-assassin-blade-fury\">Blade Fury<\/a><\/li>\n<\/ul>\n<p>Necromancer:<\/p>\n<ul>\n<li><a href=\"https:\/\/www.diablofans.cz\/d2\/avalon-buildy-necromancer-summoner\">Summoner<\/a><\/li>\n<\/ul>\n<p>Paladin:<\/p>\n<ul>\n<li><a href=\"https:\/\/www.diablofans.cz\/d2\/avalon-buildy-paladin-hammersmiter\">Hammersmiter<\/a><\/li>\n<li><a href=\"https:\/\/www.diablofans.cz\/d2\/avalon-buildy-paladin-smiter\">Smiter<\/a><\/li>\n<\/ul>\n<p>Sorceress:<\/p>\n<ul>\n<li><a href=\"https:\/\/www.diablofans.cz\/d2\/avalon-buildy-sorceress-cold\">Cold<\/a><\/li>\n<li><a href=\"https:\/\/www.diablofans.cz\/d2\/avalon-buildy-sorceress-hit-me-fireball\">Hit Me Fireball<\/a><\/li>\n<li><a href=\"https:\/\/www.diablofans.cz\/d2\/avalon-buildy-sorceress-light\">Light<\/a><\/li>\n<\/ul>\n<h3 style=\"text-align:center\">Trailer k\u00a0Avalonu<\/h3>\n<div><embed src=\"mediaplayer\/player.swf\" name=\"flashticker\" width=\"600\" height=\"274\" bgcolor=\"undefined\" allowscriptaccess=\"always\" allowfullscreen=\"true\" flashvars=\"file=http:\/\/diablo2lod.diablo3.cz\/videa\/mody\/avalon\/avalon-mod-trailer.flv&amp;image=.\/videa\/mody\/avalon\/avalon-mod-trailer-nahled.jpg&amp;backcolor=000000&amp;frontcolor=d6a973&amp;lightcolor=980303&amp;screencolor=000000&amp;bufferlength=5&amp;stretching=fill\" \/><\/div>\n<p style=\"text-align:center\">&#8212;\u00a0\u2014 &#8212;\u00a0\u2014 &#8212;\u00a0\u2014 &#8212;\u00a0\u2014 &#8212;\u00a0\u2014 &#8212;\u00a0\u2014 &#8212;\u00a0\u2014 &#8212;\u00a0\u2014 &#8212;\u00a0\u2014 &#8212;\u00a0\u2014 &#8212;\u00a0\u2014\u00a0&#8212;<\/p>\n<h3 style=\"text-align:center\">Screenshoty z\u00a0modu<\/h3>\n<div class=\"galerie\">\n<table class=\"noborder\">\n<tr>\n<td><a href=\"images\/mody\/avalon\/screeny\/screen01.jpg\" onclick=\"return hs.expand(this)\"><img loading=\"lazy\" decoding=\"async\" src=\"https:\/\/www.diablofans.cz\/d2\/wp-content\/uploads\/2018\/08\/screen01-nahled.jpg\" alt=\"obrazek\" width=\"190\" height=\"142\" \/><\/a><\/td>\n<td><a href=\"images\/mody\/avalon\/screeny\/screen02.jpg\" onclick=\"return hs.expand(this)\"><img loading=\"lazy\" decoding=\"async\" src=\"https:\/\/www.diablofans.cz\/d2\/wp-content\/uploads\/2018\/08\/screen02-nahled.jpg\" alt=\"obrazek\" width=\"190\" height=\"142\" \/><\/a><\/td>\n<td><a href=\"images\/mody\/avalon\/screeny\/screen03.jpg\" onclick=\"return hs.expand(this)\"><img loading=\"lazy\" decoding=\"async\" src=\"https:\/\/www.diablofans.cz\/d2\/wp-content\/uploads\/2018\/08\/screen03-nahled.jpg\" alt=\"obrazek\" width=\"190\" height=\"142\" \/><\/a><\/td>\n<\/tr>\n<tr>\n<td><a href=\"images\/mody\/avalon\/screeny\/screen04.jpg\" onclick=\"return hs.expand(this)\"><img loading=\"lazy\" decoding=\"async\" src=\"https:\/\/www.diablofans.cz\/d2\/wp-content\/uploads\/2018\/08\/screen04-nahled.jpg\" alt=\"obrazek\" width=\"190\" height=\"142\" \/><\/a><\/td>\n<td><a href=\"images\/mody\/avalon\/screeny\/screen05.jpg\" onclick=\"return hs.expand(this)\"><img loading=\"lazy\" decoding=\"async\" src=\"https:\/\/www.diablofans.cz\/d2\/wp-content\/uploads\/2018\/08\/screen05-nahled.jpg\" alt=\"obrazek\" width=\"190\" height=\"142\" \/><\/a><\/td>\n<td><a href=\"images\/mody\/avalon\/screeny\/screen06.jpg\" onclick=\"return hs.expand(this)\"><img loading=\"lazy\" decoding=\"async\" src=\"https:\/\/www.diablofans.cz\/d2\/wp-content\/uploads\/2018\/08\/screen06-nahled.jpg\" alt=\"obrazek\" width=\"190\" height=\"142\" \/><\/a><\/td>\n<\/tr>\n<tr>\n<td><a href=\"images\/mody\/avalon\/screeny\/screen07.jpg\" onclick=\"return hs.expand(this)\"><img loading=\"lazy\" decoding=\"async\" src=\"https:\/\/www.diablofans.cz\/d2\/wp-content\/uploads\/2018\/08\/screen07-nahled.jpg\" alt=\"obrazek\" width=\"190\" height=\"142\" \/><\/a><\/td>\n<td><a href=\"images\/mody\/avalon\/screeny\/screen08.jpg\" onclick=\"return hs.expand(this)\"><img loading=\"lazy\" decoding=\"async\" src=\"https:\/\/www.diablofans.cz\/d2\/wp-content\/uploads\/2018\/08\/screen08-nahled.jpg\" alt=\"obrazek\" width=\"190\" height=\"142\" \/><\/a><\/td>\n<td><a href=\"images\/mody\/avalon\/screeny\/screen09.jpg\" onclick=\"return hs.expand(this)\"><img loading=\"lazy\" decoding=\"async\" src=\"https:\/\/www.diablofans.cz\/d2\/wp-content\/uploads\/2018\/08\/screen09-nahled.jpg\" alt=\"obrazek\" width=\"190\" height=\"142\" \/><\/a><\/td>\n<\/tr>\n<tr>\n<td><a href=\"images\/mody\/avalon\/screeny\/screen10.jpg\" onclick=\"return hs.expand(this)\"><img loading=\"lazy\" decoding=\"async\" src=\"https:\/\/www.diablofans.cz\/d2\/wp-content\/uploads\/2018\/08\/screen10-nahled.jpg\" alt=\"obrazek\" width=\"190\" height=\"142\" \/><\/a><\/td>\n<td><a href=\"images\/mody\/avalon\/screeny\/screen11.jpg\" onclick=\"return hs.expand(this)\"><img loading=\"lazy\" decoding=\"async\" src=\"https:\/\/www.diablofans.cz\/d2\/wp-content\/uploads\/2018\/08\/screen11-nahled.jpg\" alt=\"obrazek\" width=\"190\" height=\"142\" \/><\/a><\/td>\n<td><a href=\"images\/mody\/avalon\/screeny\/screen12.jpg\" onclick=\"return hs.expand(this)\"><img loading=\"lazy\" decoding=\"async\" src=\"https:\/\/www.diablofans.cz\/d2\/wp-content\/uploads\/2018\/08\/screen12-nahled.jpg\" alt=\"obrazek\" width=\"190\" height=\"142\" \/><\/a><\/td>\n<\/tr>\n<tr>\n<td><a href=\"images\/mody\/avalon\/screeny\/screen13.jpg\" onclick=\"return hs.expand(this)\"><img loading=\"lazy\" decoding=\"async\" src=\"https:\/\/www.diablofans.cz\/d2\/wp-content\/uploads\/2018\/08\/screen13-nahled.jpg\" alt=\"obrazek\" width=\"190\" height=\"142\" \/><\/a><\/td>\n<td><a href=\"images\/mody\/avalon\/screeny\/screen14.jpg\" onclick=\"return hs.expand(this)\"><img loading=\"lazy\" decoding=\"async\" src=\"https:\/\/www.diablofans.cz\/d2\/wp-content\/uploads\/2018\/08\/screen14-nahled.jpg\" alt=\"obrazek\" width=\"190\" height=\"142\" \/><\/a><\/td>\n<td><a href=\"images\/mody\/avalon\/screeny\/screen15.jpg\" onclick=\"return hs.expand(this)\"><img loading=\"lazy\" decoding=\"async\" src=\"https:\/\/www.diablofans.cz\/d2\/wp-content\/uploads\/2018\/08\/screen15-nahled.jpg\" alt=\"obrazek\" width=\"190\" height=\"142\" \/><\/a><\/td>\n<\/tr>\n<tr>\n<td><a href=\"images\/mody\/avalon\/screeny\/screen16.jpg\" onclick=\"return hs.expand(this)\"><img loading=\"lazy\" decoding=\"async\" src=\"https:\/\/www.diablofans.cz\/d2\/wp-content\/uploads\/2018\/08\/screen16-nahled.jpg\" alt=\"obrazek\" width=\"190\" height=\"142\" \/><\/a><\/td>\n<td><a href=\"images\/mody\/avalon\/screeny\/screen17.jpg\" onclick=\"return hs.expand(this)\"><img loading=\"lazy\" decoding=\"async\" src=\"https:\/\/www.diablofans.cz\/d2\/wp-content\/uploads\/2018\/08\/screen17-nahled.jpg\" alt=\"obrazek\" width=\"190\" height=\"142\" \/><\/a><\/td>\n<td><a href=\"images\/mody\/avalon\/screeny\/screen18.jpg\" onclick=\"return hs.expand(this)\"><img loading=\"lazy\" decoding=\"async\" src=\"https:\/\/www.diablofans.cz\/d2\/wp-content\/uploads\/2018\/08\/screen18-nahled.jpg\" alt=\"obrazek\" width=\"190\" height=\"142\" \/><\/a><\/td>\n<\/tr>\n<tr>\n<td><a href=\"images\/mody\/avalon\/screeny\/screen19.jpg\" onclick=\"return hs.expand(this)\"><img loading=\"lazy\" decoding=\"async\" src=\"https:\/\/www.diablofans.cz\/d2\/wp-content\/uploads\/2018\/08\/screen19-nahled.jpg\" alt=\"obrazek\" width=\"190\" height=\"142\" \/><\/a><\/td>\n<td><a href=\"images\/mody\/avalon\/screeny\/screen20.jpg\" onclick=\"return hs.expand(this)\"><img loading=\"lazy\" decoding=\"async\" src=\"https:\/\/www.diablofans.cz\/d2\/wp-content\/uploads\/2018\/08\/screen20-nahled.jpg\" alt=\"obrazek\" width=\"190\" height=\"142\" \/><\/a><\/td>\n<td><a href=\"images\/mody\/avalon\/screeny\/screen21.jpg\" onclick=\"return hs.expand(this)\"><img loading=\"lazy\" decoding=\"async\" src=\"https:\/\/www.diablofans.cz\/d2\/wp-content\/uploads\/2018\/08\/screen21-nahled.jpg\" alt=\"obrazek\" width=\"190\" height=\"142\" \/><\/a><\/td>\n<\/tr>\n<tr>\n<td><a href=\"images\/mody\/avalon\/screeny\/screen22.jpg\" onclick=\"return hs.expand(this)\"><img loading=\"lazy\" decoding=\"async\" src=\"https:\/\/www.diablofans.cz\/d2\/wp-content\/uploads\/2018\/08\/screen22-nahled.jpg\" alt=\"obrazek\" width=\"190\" height=\"142\" \/><\/a><\/td>\n<td><a href=\"images\/mody\/avalon\/screeny\/screen23.jpg\" onclick=\"return hs.expand(this)\"><img loading=\"lazy\" decoding=\"async\" src=\"https:\/\/www.diablofans.cz\/d2\/wp-content\/uploads\/2018\/08\/screen23-nahled.jpg\" alt=\"obrazek\" width=\"190\" height=\"142\" \/><\/a><\/td>\n<td><a href=\"images\/mody\/avalon\/screeny\/screen24.jpg\" onclick=\"return hs.expand(this)\"><img loading=\"lazy\" decoding=\"async\" src=\"https:\/\/www.diablofans.cz\/d2\/wp-content\/uploads\/2018\/08\/screen24-nahled.jpg\" alt=\"obrazek\" width=\"190\" height=\"142\" \/><\/a><\/td>\n<\/tr>\n<tr>\n<td><a href=\"images\/mody\/avalon\/screeny\/screen25.jpg\" onclick=\"return hs.expand(this)\"><img loading=\"lazy\" decoding=\"async\" src=\"https:\/\/www.diablofans.cz\/d2\/wp-content\/uploads\/2018\/08\/screen25-nahled.jpg\" alt=\"obrazek\" width=\"190\" height=\"142\" \/><\/a><\/td>\n<td><a href=\"images\/mody\/avalon\/screeny\/screen26.jpg\" onclick=\"return hs.expand(this)\"><img loading=\"lazy\" decoding=\"async\" src=\"https:\/\/www.diablofans.cz\/d2\/wp-content\/uploads\/2018\/08\/screen26-nahled.jpg\" alt=\"obrazek\" width=\"190\" height=\"142\" \/><\/a><\/td>\n<td><a href=\"images\/mody\/avalon\/screeny\/screen27.jpg\" onclick=\"return hs.expand(this)\"><img loading=\"lazy\" decoding=\"async\" src=\"https:\/\/www.diablofans.cz\/d2\/wp-content\/uploads\/2018\/08\/screen27-nahled.jpg\" alt=\"obrazek\" width=\"190\" height=\"142\" \/><\/a><\/td>\n<\/tr>\n<tr>\n<td><a href=\"images\/mody\/avalon\/screeny\/screen28.jpg\" onclick=\"return hs.expand(this)\"><img loading=\"lazy\" decoding=\"async\" src=\"https:\/\/www.diablofans.cz\/d2\/wp-content\/uploads\/2018\/08\/screen28-nahled.jpg\" alt=\"obrazek\" width=\"190\" height=\"142\" \/><\/a><\/td>\n<td><a href=\"images\/mody\/avalon\/screeny\/screen29.jpg\" onclick=\"return hs.expand(this)\"><img loading=\"lazy\" decoding=\"async\" src=\"https:\/\/www.diablofans.cz\/d2\/wp-content\/uploads\/2018\/08\/screen29-nahled.jpg\" alt=\"obrazek\" width=\"190\" height=\"142\" \/><\/a><\/td>\n<td><\/td>\n<\/tr>\n<\/table><\/div>\n<p> <!-- \/galerie --> <\/p>\n<p style=\"text-align:center\"><sub><a href=\"#nahoru\">&#9650; Nahoru &#9650;<\/a><\/sub><\/p>\n<p style=\"text-align:center\">&#8212;\u00a0\u2014 &#8212;\u00a0\u2014 &#8212;\u00a0\u2014 &#8212;\u00a0\u2014 &#8212;\u00a0\u2014 &#8212;\u00a0\u2014 &#8212;\u00a0\u2014 &#8212;\u00a0\u2014 &#8212;\u00a0\u2014 &#8212;\u00a0\u2014 &#8212;\u00a0\u2014\u00a0&#8212;<\/p>\n<p style=\"text-align:center\"><a href=\"index.php?docs&amp;kat=M%F3dy\">\u00ab Zp\u011bt do sekce Download\u00a0\u2013 Mody.<\/a><\/p>\n<p> <!-- by Texy2! --><\/p>\n","protected":false},"excerpt":{"rendered":"<p>Avalon je mod pro Diablo II Lord of Destruction verze 1.10 (bez \u010de\u0161tiny). Filozofie modu je u\u010dinit Diablo svi\u017en\u011bj\u0161\u00ed, \u017eiv\u011bj\u0161\u00ed, z\u00e1bavn\u011bj\u0161\u00ed pro star\u00e9 i\u00a0nov\u00e9 hr\u00e1\u010de a p\u0159itom nezni\u010dit p\u016fvodn\u00ed principy hry. M\u00e1 prost\u011b Diablo o\u017eivit. V\u00a0Avalonu je kladen d\u016fraz na t\u00fdmovou spolupr\u00e1ci. Autorem modu je Grammator. P\u0159ed instalac\u00ed modu vypijte\/zni\u010dte v\u0161echny Full Rejuvenation Potions. Pokud [&#8230;]<\/p>\n<p><a class=\"btn btn-secondary understrap-read-more-link\" href=\"https:\/\/www.diablofans.cz\/d2\/mody-avalon\/\">\u010c\u00edst d\u00e1le&#8230;<span class=\"screen-reader-text\"> from Mody &#8211; Avalon<\/span><\/a><\/p>\n","protected":false},"author":1,"featured_media":0,"parent":0,"menu_order":0,"comment_status":"open","ping_status":"open","template":"","meta":{"footnotes":""},"class_list":["post-3017","page","type-page","status-publish","hentry"],"_links":{"self":[{"href":"https:\/\/www.diablofans.cz\/d2\/wp-json\/wp\/v2\/pages\/3017","targetHints":{"allow":["GET"]}}],"collection":[{"href":"https:\/\/www.diablofans.cz\/d2\/wp-json\/wp\/v2\/pages"}],"about":[{"href":"https:\/\/www.diablofans.cz\/d2\/wp-json\/wp\/v2\/types\/page"}],"author":[{"embeddable":true,"href":"https:\/\/www.diablofans.cz\/d2\/wp-json\/wp\/v2\/users\/1"}],"replies":[{"embeddable":true,"href":"https:\/\/www.diablofans.cz\/d2\/wp-json\/wp\/v2\/comments?post=3017"}],"version-history":[{"count":0,"href":"https:\/\/www.diablofans.cz\/d2\/wp-json\/wp\/v2\/pages\/3017\/revisions"}],"wp:attachment":[{"href":"https:\/\/www.diablofans.cz\/d2\/wp-json\/wp\/v2\/media?parent=3017"}],"curies":[{"name":"wp","href":"https:\/\/api.w.org\/{rel}","templated":true}]}}