{"id":3021,"date":"2018-08-25T22:08:48","date_gmt":"2018-08-25T20:08:48","guid":{"rendered":"http:\/\/diablofans.ddev.site\/d2\/mody-avalon-mercenaries\/"},"modified":"2018-08-25T22:08:48","modified_gmt":"2018-08-25T20:08:48","slug":"mody-avalon-mercenaries","status":"publish","type":"page","link":"https:\/\/www.diablofans.cz\/d2\/mody-avalon-mercenaries\/","title":{"rendered":"Mody &#8211; Avalon &#8211; Mercenaries"},"content":{"rendered":"\n<p>\u017dold\u00e1ci byli velmi vylep\u0161eni, vezmeme si je popo\u0159ad\u011b.<\/p>\n<h3>Rogue Scout<\/h3>\n<ul>\n<li>95\u00a0maximum resist<\/li>\n<li>2\u00d7 v\u00edc resist<\/li>\n<li>+50\u00a0hp\/lvl<\/li>\n<li>+15\u00a0def\/lvl<\/li>\n<li>+50\u00a0AR\/lvl<\/li>\n<\/ul>\n<p>Nov\u00e9 skilly:<\/p>\n<ul>\n<li>Freezing Arrow (cold)<\/li>\n<li>Immolation Arrow (fire)<\/li>\n<\/ul>\n<p>Dostaly masivn\u00ed bonus na elemental damage (20% lvl), \u0161anci na pierce a maj\u00ed v\u011bt\u0161\u00ed base physic damage.<\/p>\n<h3>Desert Mercenary<\/h3>\n<ul>\n<li>95\u00a0maximum resist<\/li>\n<li>2\u00d7 v\u00edc resist<\/li>\n<li>+100\u00a0hp\/lvl<\/li>\n<li>+45\u00a0def\/lvl<\/li>\n<li>+80\u00a0AR\/lvl<\/li>\n<\/ul>\n<p>Nov\u00e9 skilly:<\/p>\n<ul>\n<li>Fanaticism (Hell\u00a0\u2013 Offensive)<\/li>\n<li>Salvation (Hell\u00a0\u2013 Defensive)<\/li>\n<li>Conviction (Hell\u00a0\u2013 Combat)<\/li>\n<\/ul>\n<p>Maj\u00ed vy\u0161\u0161\u00ed base damage, vy\u0161\u0161\u00ed run\/walk speed.<\/p>\n<h3>Easter Sorcerer<\/h3>\n<ul>\n<li>95\u00a0maximum resist<\/li>\n<li>2\u00d7 v\u00edc resist<\/li>\n<li>+50\u00a0hp\/lvl<\/li>\n<\/ul>\n<p>Nov\u00e9 skilly:<\/p>\n<ul>\n<li>Blizzard (cold)<\/li>\n<li>Meteor (fire)<\/li>\n<li>Chain Lightning (lightning)<\/li>\n<\/ul>\n<p>Dostali masivn\u00ed bonus na elemental damage (50%\/lvl).<\/p>\n<h3>Barbarian<\/h3>\n<ul>\n<li>95\u00a0maximum resist<\/li>\n<li>2\u00d7 v\u00edc resist<\/li>\n<li>+125\u00a0hp\/lvl<\/li>\n<li>+75\u00a0def\/lvl<\/li>\n<li>+110\u00a0AR\/lvl<\/li>\n<\/ul>\n<p>Nov\u00e9 skilly:<\/p>\n<ul>\n<li>Berserk<\/li>\n<\/ul>\n<p>Maj\u00ed vy\u0161\u0161\u00ed base damage a \u0161anci na crushing blow.<\/p>\n<p style=\"text-align:center\"><sub><a href=\"#nahoru\">&#9650; Nahoru &#9650;<\/a><\/sub><\/p>\n<p style=\"text-align:center\">&#8212;\u00a0\u2014 &#8212;\u00a0\u2014 &#8212;\u00a0\u2014 &#8212;\u00a0\u2014 &#8212;\u00a0\u2014 &#8212;\u00a0\u2014 &#8212;\u00a0\u2014 &#8212;\u00a0\u2014 &#8212;\u00a0\u2014 &#8212;\u00a0\u2014 &#8212;\u00a0\u2014\u00a0&#8212;<\/p>\n<p style=\"text-align:center\"><a href=\"https:\/\/www.diablofans.cz\/d2\/mody-avalon\">\u00ab Zp\u011bt do sekce Mody\u00a0\u2013 Avalon.<\/a><\/p>\n<p> <!-- by Texy2! --><\/p>\n","protected":false},"excerpt":{"rendered":"<p>\u017dold\u00e1ci byli velmi vylep\u0161eni, vezmeme si je popo\u0159ad\u011b. Rogue Scout 95\u00a0maximum resist 2\u00d7 v\u00edc resist +50\u00a0hp\/lvl +15\u00a0def\/lvl +50\u00a0AR\/lvl Nov\u00e9 skilly: Freezing Arrow (cold) Immolation Arrow (fire) Dostaly masivn\u00ed bonus na elemental damage (20% lvl), \u0161anci na pierce a maj\u00ed v\u011bt\u0161\u00ed base physic damage. Desert Mercenary 95\u00a0maximum resist 2\u00d7 v\u00edc resist +100\u00a0hp\/lvl +45\u00a0def\/lvl +80\u00a0AR\/lvl Nov\u00e9 skilly: [&#8230;]<\/p>\n<p><a class=\"btn btn-secondary understrap-read-more-link\" href=\"https:\/\/www.diablofans.cz\/d2\/mody-avalon-mercenaries\/\">\u010c\u00edst d\u00e1le&#8230;<span class=\"screen-reader-text\"> from Mody &#8211; Avalon &#8211; Mercenaries<\/span><\/a><\/p>\n","protected":false},"author":1,"featured_media":0,"parent":0,"menu_order":0,"comment_status":"open","ping_status":"open","template":"","meta":{"footnotes":""},"class_list":["post-3021","page","type-page","status-publish","hentry"],"_links":{"self":[{"href":"https:\/\/www.diablofans.cz\/d2\/wp-json\/wp\/v2\/pages\/3021","targetHints":{"allow":["GET"]}}],"collection":[{"href":"https:\/\/www.diablofans.cz\/d2\/wp-json\/wp\/v2\/pages"}],"about":[{"href":"https:\/\/www.diablofans.cz\/d2\/wp-json\/wp\/v2\/types\/page"}],"author":[{"embeddable":true,"href":"https:\/\/www.diablofans.cz\/d2\/wp-json\/wp\/v2\/users\/1"}],"replies":[{"embeddable":true,"href":"https:\/\/www.diablofans.cz\/d2\/wp-json\/wp\/v2\/comments?post=3021"}],"version-history":[{"count":0,"href":"https:\/\/www.diablofans.cz\/d2\/wp-json\/wp\/v2\/pages\/3021\/revisions"}],"wp:attachment":[{"href":"https:\/\/www.diablofans.cz\/d2\/wp-json\/wp\/v2\/media?parent=3021"}],"curies":[{"name":"wp","href":"https:\/\/api.w.org\/{rel}","templated":true}]}}