{"id":3022,"date":"2018-08-25T22:08:48","date_gmt":"2018-08-25T20:08:48","guid":{"rendered":"http:\/\/diablofans.ddev.site\/d2\/mody-avalon-avalon-uberlevel\/"},"modified":"2018-08-25T22:08:48","modified_gmt":"2018-08-25T20:08:48","slug":"mody-avalon-avalon-uberlevel","status":"publish","type":"page","link":"https:\/\/www.diablofans.cz\/d2\/mody-avalon-avalon-uberlevel\/","title":{"rendered":"Mody &#8211; Avalon &#8211; Avalon Uberlevel"},"content":{"rendered":"\n<p>Avalon je absolutn\u00ed vrchol, nikde nejsou tu\u017e\u0161\u00ed monstra, hor\u0161\u00ed bossov\u00e9 ani lep\u0161\u00ed drop. Pro vstup do Avalonu pot\u0159ebujete n\u011bkolik\u00a0v\u011bc\u00ed.<\/p>\n<p>Code A, Code B, Code C, Fragment X, 3\u00d7 Summoning Elixir a Town Portal Scroll. Spojte v\u00a0horadric cube v\u00a0Kurast Docks na\u00a0hell.<\/p>\n<p>K\u00f3dy se daj\u00ed naj\u00edt mimo jin\u00e9 v\u00a0Crypt, summoning elix\u00edry v\u0161ude mo\u017en\u011b, Fragment X pad\u00e1 z\u00a0Bartuca s\u00a0\u0161anc\u00ed 16,5%\u00a0(1:6).<\/p>\n<p>Co tedy v\u00a0Avalonu m\u016f\u017eete potkat? Mapa je pevn\u00e1, v\u017edy stejn\u00e1, minimapa tu nefunguje. Pro pohyb v\u00a0Avalonu pot\u0159ebujete teleport (hned na za\u010d\u00e1tku pad\u00e1 s\u00a0velkou \u0161anc\u00ed Soulstone) Je tu n\u011bkolik \u201eoby\u010dejn\u00fdch\u201c monster, ka\u017ed\u00e9 z\u00a0t\u011bchto monster m\u00e1 i\u00a0sv\u00e9ho bosse, nav\u00edc tu je n\u011bkolik boss\u016f s\u00a0miniony i\u00a0od dal\u0161\u00edch monster a hromada uber boss\u016f, z\u00a0nich\u017e n\u011bkter\u00e9 u\u017e zn\u00e1te (tady jsou ale je\u0161t\u011b o\u00a0n\u011bco tvrd\u0161\u00ed).<\/p>\n<p>A\u00a0te\u010f podrobn\u011b:<\/p>\n<h3>Monstra Avalonu<\/h3>\n<h4>Doll<\/h4>\n<p>Panenky, sice na\u0161t\u011bst\u00ed nebouchaj\u00ed, ale zato jsou odporn\u00ed melee kille\u0159i s\u00a0obrovsk\u00fdm damage a men\u0161\u00edm po\u010dtem hp (ale ne mal\u00fdm).<\/p>\n<h4>Magic Elemental<\/h4>\n<p>Maj\u00ed brat\u0159\u00ed\u010dky ve Stony Tomb, vrhaj\u00ed bone spirity, jsou velmi siln\u00ed a odoln\u00ed proti\u00a0magii.<\/p>\n<h4>Priest of Death<\/h4>\n<p>L\u00e9\u010d\u00ed ostatn\u00ed, vrhaj\u00ed jedovat\u00e9 vlny, maj\u00ed i\u00a0velk\u00e9 melee damage a \u0161patn\u011b se zab\u00edjej\u00ed.<\/p>\n<h4>Death Maiden<\/h4>\n<p>Odporn\u00e9 sukuby s\u00a0velk\u00fdm magic damage na d\u00e1lku. Oproti ostatn\u00edm se ale zase docela dob\u0159e zab\u00edjej\u00ed. Maj\u00ed Iron Maiden.<\/p>\n<h4>Storm Bat<\/h4>\n<p>Bleskov\u00e9 monstrum, velk\u00e9 damage, hodn\u011b hp a odporn\u00e9 skilly.<\/p>\n<h4>Dark Sentry<\/h4>\n<p>Prvn\u00ed s\u00a0\u010d\u00edm se potk\u00e1te, d\u00e1vaj\u00ed velk\u00fd magic damage a maj\u00ed Harrier\u00a0Blast.<\/p>\n<h4>Wizard<\/h4>\n<p>Kouzeln\u00edci chr\u00e1n\u00edc\u00ed Krogotha, odoln\u00ed proti magii s\u00a0velk\u00fdm reperto\u00e1rem kouzel. Jist\u011b v\u00e1\u0161 pot\u011b\u0161\u00ed, \u017ee maj\u00ed Super Conviction.<\/p>\n<p>Dal\u0161\u00ed monstra, kter\u00e1 potk\u00e1te:<\/p>\n<p>Hadgehog, Pit Snake, Hell Bug, Blood Minion, Golden\u00a0Golem.<\/p>\n<p style=\"text-align:center\">&#8212;\u00a0\u2014 &#8212;\u00a0\u2014 &#8212;\u00a0\u2014 &#8212;\u00a0\u2014 &#8212;\u00a0\u2014 &#8212;\u00a0\u2014 &#8212;\u00a0\u2014 &#8212;\u00a0\u2014 &#8212;\u00a0\u2014 &#8212;\u00a0\u2014 &#8212;\u00a0\u2014\u00a0&#8212;<\/p>\n<h3>Bossov\u00e9<\/h3>\n<h4>Azure Lord<\/h4>\n<p>I\u00a0ten tu je, a dokonce hned na za\u010d\u00e1tku, takov\u00e1 men\u0161\u00ed rozcvi\u010dka.<\/p>\n<h4>Bug Lord<\/h4>\n<p>Velmi odoln\u00fd, velmi siln\u00fd, chce to p\u0159esilu.<\/p>\n<h4>Golden Queen<\/h4>\n<p>Ta tu nemohla chyb\u011bt, nem\u00e1te na n\u00ed moc prostoru.<\/p>\n<h4>Devil<\/h4>\n<p>Je asi jedin\u00fd z\u00a0uber boss\u016f, kter\u00fd opravdu pat\u0159\u00ed do Avalonu, mimo Avalon je to toti\u017e absolutn\u011b nejtu\u017e\u0161\u00ed boss, sv\u00e9 m\u00edsto zde si zaslou\u017e\u00ed.<\/p>\n<h4>Angel<\/h4>\n<p>Ten v\u00e1s p\u0159ili\u0161 tr\u00e1pit nebude, nen\u00ed hor\u0161\u00ed ne\u017e Devil.<\/p>\n<h4>Keeper<\/h4>\n<p>Jsou dva, jsou u\u00a0Krogotha, maj\u00ed neskute\u010dn\u011b mnoho hp a auru Salvation, mus\u00ed padnout jako prvn\u00ed ale nebude to nic lehk\u00e9ho, daj\u00ed se zab\u00edt jen s\u00a0physic damage a po\u0161kodit s\u00a0magic damage. Nav\u00edc maj\u00ed opravdu obrovsk\u00e9 damage, naprosto nejdokonalej\u0161\u00ed je proti nim Smiter, proto\u017ee je dr\u017e\u00ed ve stunu, mus\u00edte si je odl\u00e1kat od hlavn\u00ed v\u0159avy a pomalu je udolat, s\u00a0jejich Salvation jsou toti\u017e elemental charaktery proti v\u0161emu ostatn\u00edmu naprosto bezmocn\u00ed.<\/p>\n<h4>Krogoth<\/h4>\n<p>Archd\u00e9mon, boss boss\u016f, nejmocn\u011bj\u0161\u00ed monstrum, jak\u00e9 m\u016f\u017eete v\u00a0Diablu potkat, d\u00e1v\u00e1 si Mephista k\u00a0sn\u00eddani, Diabla k\u00a0ob\u011bdu a Baala k\u00a0ve\u010de\u0159i. Je odoln\u00fd, ale ne zase p\u0159\u00edli\u0161, za to m\u00e1 hromadu skill\u016f: Apocalypse aura\u00a0\u2013 jeho nejsiln\u011bj\u0161\u00ed zbra\u0148, v\u011bt\u0161inu charakter\u016f sund\u00e1 na jednu, dv\u011b r\u00e1ny, tak\u017ee je\u0161t\u011b ne\u017e stihnou dob\u011bhnout, jedin\u00e1 \u0161ance proti n\u00ed je amulet Mark of the Krogoth (co nejv\u00edc magic absorb a magic resist).<\/p>\n<ul>\n<li>Cold Fury\u00a0\u2013 rychl\u00e1 ledov\u00e1 st\u0159ela, kter\u00e1 se sama zam\u011b\u0159uje.<\/li>\n<li>Burning Hell\u00a0\u2013 sloup ohniv\u00e9ho pekla s\u00a0masivn\u00edm fire a physic damage.<\/li>\n<li>Fireclue\u00a0\u2013 smrt\u00edc\u00ed pro melee charaktery, obklop\u00ed Krogotha kruhy\u00a0ohn\u011b.<\/li>\n<li>Death Wave\u00a0\u2013 n\u00e1hern\u00e1 ale smrt\u00edc\u00ed, budete m\u00edt \u010das se j\u00ed pokochat a\u017e budete le\u017eet v\u00a0prachu.<\/li>\n<li>Magic Blast\u00a0\u2013 velk\u00e1 nova magick\u00e9 energie.<\/li>\n<li>Magic Bolt\u00a0\u2013 st\u0159ela magie, stejn\u00e1 jakou pou\u017e\u00edvaj\u00ed Death Sentry.<\/li>\n<\/ul>\n<p>Pro\u010d sem vlastn\u011b j\u00edt? V\u00a0Avalonu je naprosto dokonal\u00fd drop, pad\u00e1 tu \u00fapln\u011b v\u0161echo a v\u00a0hojn\u00e9m mno\u017estv\u00ed, nav\u00edc je to velk\u00e1 z\u00e1bava, skute\u010dn\u00e9 souboje, v\u00e1lky, bitvy. Je to z\u00e1\u017eitek, po t\u0159ech hodin\u00e1ch kone\u010dn\u011b skolit Krogotha.<\/p>\n<p>Dob\u0159e se bavte.<\/p>\n<h3 style=\"text-align:center\">Mapa Avalon Uberlevelu<\/h3>\n<div><a href=\"images\/mody\/avalon\/uber-mapa.png\" onclick=\"return hs.expand(this)\"><img loading=\"lazy\" decoding=\"async\" src=\"https:\/\/www.diablofans.cz\/d2\/wp-content\/uploads\/2018\/08\/uber-mapa-nahled.png\" class=\"img-center\" alt=\"uber-mapa-nahled\" width=\"500\" height=\"250\" \/><\/a><\/div>\n<p style=\"text-align:center\"><sub><a href=\"#nahoru\">&#9650; Nahoru &#9650;<\/a><\/sub><\/p>\n<p style=\"text-align:center\">&#8212;\u00a0\u2014 &#8212;\u00a0\u2014 &#8212;\u00a0\u2014 &#8212;\u00a0\u2014 &#8212;\u00a0\u2014 &#8212;\u00a0\u2014 &#8212;\u00a0\u2014 &#8212;\u00a0\u2014 &#8212;\u00a0\u2014 &#8212;\u00a0\u2014 &#8212;\u00a0\u2014\u00a0&#8212;<\/p>\n<p style=\"text-align:center\"><a href=\"https:\/\/www.diablofans.cz\/d2\/mody-avalon\">\u00ab Zp\u011bt do sekce Mody\u00a0\u2013 Avalon.<\/a><\/p>\n<p> <!-- by Texy2! --><\/p>\n","protected":false},"excerpt":{"rendered":"<p>Avalon je absolutn\u00ed vrchol, nikde nejsou tu\u017e\u0161\u00ed monstra, hor\u0161\u00ed bossov\u00e9 ani lep\u0161\u00ed drop. Pro vstup do Avalonu pot\u0159ebujete n\u011bkolik\u00a0v\u011bc\u00ed. Code A, Code B, Code C, Fragment X, 3\u00d7 Summoning Elixir a Town Portal Scroll. Spojte v\u00a0horadric cube v\u00a0Kurast Docks na\u00a0hell. K\u00f3dy se daj\u00ed naj\u00edt mimo jin\u00e9 v\u00a0Crypt, summoning elix\u00edry v\u0161ude mo\u017en\u011b, Fragment X pad\u00e1 z\u00a0Bartuca [&#8230;]<\/p>\n<p><a class=\"btn btn-secondary understrap-read-more-link\" href=\"https:\/\/www.diablofans.cz\/d2\/mody-avalon-avalon-uberlevel\/\">\u010c\u00edst d\u00e1le&#8230;<span class=\"screen-reader-text\"> from Mody &#8211; Avalon &#8211; Avalon Uberlevel<\/span><\/a><\/p>\n","protected":false},"author":1,"featured_media":0,"parent":0,"menu_order":0,"comment_status":"open","ping_status":"open","template":"","meta":{"footnotes":""},"class_list":["post-3022","page","type-page","status-publish","hentry"],"_links":{"self":[{"href":"https:\/\/www.diablofans.cz\/d2\/wp-json\/wp\/v2\/pages\/3022","targetHints":{"allow":["GET"]}}],"collection":[{"href":"https:\/\/www.diablofans.cz\/d2\/wp-json\/wp\/v2\/pages"}],"about":[{"href":"https:\/\/www.diablofans.cz\/d2\/wp-json\/wp\/v2\/types\/page"}],"author":[{"embeddable":true,"href":"https:\/\/www.diablofans.cz\/d2\/wp-json\/wp\/v2\/users\/1"}],"replies":[{"embeddable":true,"href":"https:\/\/www.diablofans.cz\/d2\/wp-json\/wp\/v2\/comments?post=3022"}],"version-history":[{"count":0,"href":"https:\/\/www.diablofans.cz\/d2\/wp-json\/wp\/v2\/pages\/3022\/revisions"}],"wp:attachment":[{"href":"https:\/\/www.diablofans.cz\/d2\/wp-json\/wp\/v2\/media?parent=3022"}],"curies":[{"name":"wp","href":"https:\/\/api.w.org\/{rel}","templated":true}]}}