{"id":3033,"date":"2018-08-25T22:08:48","date_gmt":"2018-08-25T20:08:48","guid":{"rendered":"http:\/\/diablofans.ddev.site\/d2\/vlastnosti-slows-target-by\/"},"modified":"2018-08-25T22:08:48","modified_gmt":"2018-08-25T20:08:48","slug":"vlastnosti-slows-target-by","status":"publish","type":"page","link":"https:\/\/www.diablofans.cz\/d2\/vlastnosti-slows-target-by\/","title":{"rendered":"Vlastnosti &#8211; Slows Target By x% (STB)"},"content":{"rendered":"\n<p>Slows Target By (zkr\u00e1cen\u011b STB) neboli \u010desky <em>Zpomalen\u00ed c\u00edle o\u00a0x%<\/em> je sp\u00ed\u0161e dopl\u0148kov\u00e1 vlastnost, kter\u00e1 <strong>dok\u00e1\u017ee zpomalit c\u00edl<\/strong> (tedy nep\u0159\u00edtele) o\u00a0x procent.<\/p>\n<h3>Princip<\/h3>\n<p>Nejv\u00edce z\u00e1le\u017e\u00ed na tom, jak vysok\u00e9 je ono procento (hodnota x), proto\u017ee \u010d\u00edm je jeho hodnota v\u011bt\u0161\u00ed, t\u00edm lze nep\u0159\u00edtele v\u00edce zpomalit. STB je lep\u0161\u00ed ne\u017e zmra\u017een\u00ed ledov\u00fdm po\u0161kozen\u00edm, proto\u017ee STB zpomal\u00ed nep\u0159\u00edtele v\u017edy stejn\u011b a nemohou b\u00fdt proti n\u011bmu n\u011bjak\u00e1 monstra imunn\u00ed. P\u0159i \u201eud\u011blen\u00ed\u201c STB nevypad\u00e1 ani jako zmra\u017een\u00ed, tak\u017ee p\u0159\u00ed\u0161era nen\u00ed potom v\u00a0modr\u00e9 barv\u011b, jako je tomu u\u00a0zmra\u017een\u00ed.<\/p>\n<p>Tato vlastnost je dobr\u00e1 zejm\u00e9na pro slab\u00e9 postavy, kter\u00e9 maj\u00ed n\u00edzk\u00fd level nebo jsou celkov\u011b slab\u00e9. V\u00fdpo\u010det pro tuto vlastnost \u017e\u00e1dn\u00fd neexistuje.<\/p>\n<div><img loading=\"lazy\" decoding=\"async\" src=\"https:\/\/www.diablofans.cz\/d2\/wp-content\/uploads\/2018\/08\/razortine.jpg\" class=\"img-center\" alt=\"razortine\" width=\"305\" height=\"193\" \/><\/div>\n<h4>Sn\u00ed\u017een\u00ed STB u\u00a0PvP<\/h4>\n<p>U\u00a0vlastnost\u00ed se m\u016f\u017eeme setk\u00e1vat tak\u00e9 s\u00a0omezen\u00edmi. Podobn\u011b tomu je i\u00a0u\u00a0vlastnosti STB. Zat\u00edmco proti norm\u00e1ln\u00edm monstr\u016fm je maxim\u00e1ln\u00ed zpomalen\u00ed 75%, proti monstr\u016fm, jako jsou bossov\u00e9 \u010di championi se maxim\u00e1ln\u00ed hranice sni\u017euje na 50%. Stejn\u011b tak jako p\u0159i PvP (<a href=\"https:\/\/www.diablofans.cz\/d2\/multiplayer-pvp\">Player vs. Player<\/a>), kdy se v\u017edy zmen\u0161\u00ed STB na max.\u00a050%.<\/p>\n<h3>V\u00fdskyt<\/h3>\n<p>STB se vyskytuje u\u00a0spousty p\u0159edm\u011bt\u016f. Zde je n\u011bkolik p\u0159\u00edklad\u016f:<\/p>\n<ul>\n<li><strong><span style=\"color: #908858;\">Razortine<\/span><\/strong>\u00a0\u2013 trojzubec<\/li>\n<li><strong><span style=\"color: #908858;\">Blackhorn&#8217;s\u00a0Face<\/span><\/strong>\u00a0\u2013 helma<\/li>\n<li><strong><span style=\"color: #908858;\">Eternity<\/span><\/strong>\u00a0\u2013 runov\u00e9 slovo<\/li>\n<\/ul>\n<p>Pokud budete m\u00edt \u0161t\u011bst\u00ed, na STB naraz\u00edte i\u00a0p\u0159i magick\u00fdch p\u0159edm\u011btech. Rare p\u0159edm\u011bty mohou samoz\u0159ejm\u011b poskytovat STB\u00a0tak\u00e9.<\/p>\n<p style=\"text-align:center\">&#8212;\u00a0\u2014 &#8212;\u00a0\u2014 &#8212;\u00a0\u2014 &#8212;\u00a0\u2014 &#8212;\u00a0\u2014 &#8212;\u00a0\u2014 &#8212;\u00a0\u2014 &#8212;\u00a0\u2014 &#8212;\u00a0\u2014 &#8212;\u00a0\u2014 &#8212;\u00a0\u2014\u00a0&#8212;<\/p>\n<p style=\"text-align:center\"><a href=\"https:\/\/www.diablofans.cz\/d2\/vlastnosti-predmetu\">\u00ab Zp\u011bt do sekce Vlastnosti p\u0159edm\u011bt\u016f.<\/a><\/p>\n<p> <!-- by Texy2! --><\/p>\n","protected":false},"excerpt":{"rendered":"<p>Slows Target By (zkr\u00e1cen\u011b STB) neboli \u010desky Zpomalen\u00ed c\u00edle o\u00a0x% je sp\u00ed\u0161e dopl\u0148kov\u00e1 vlastnost, kter\u00e1 dok\u00e1\u017ee zpomalit c\u00edl (tedy nep\u0159\u00edtele) o\u00a0x procent. Princip Nejv\u00edce z\u00e1le\u017e\u00ed na tom, jak vysok\u00e9 je ono procento (hodnota x), proto\u017ee \u010d\u00edm je jeho hodnota v\u011bt\u0161\u00ed, t\u00edm lze nep\u0159\u00edtele v\u00edce zpomalit. STB je lep\u0161\u00ed ne\u017e zmra\u017een\u00ed ledov\u00fdm po\u0161kozen\u00edm, proto\u017ee STB zpomal\u00ed [&#8230;]<\/p>\n<p><a class=\"btn btn-secondary understrap-read-more-link\" href=\"https:\/\/www.diablofans.cz\/d2\/vlastnosti-slows-target-by\/\">\u010c\u00edst d\u00e1le&#8230;<span class=\"screen-reader-text\"> from Vlastnosti &#8211; Slows Target By x% (STB)<\/span><\/a><\/p>\n","protected":false},"author":1,"featured_media":0,"parent":0,"menu_order":0,"comment_status":"open","ping_status":"open","template":"","meta":{"footnotes":""},"class_list":["post-3033","page","type-page","status-publish","hentry"],"_links":{"self":[{"href":"https:\/\/www.diablofans.cz\/d2\/wp-json\/wp\/v2\/pages\/3033","targetHints":{"allow":["GET"]}}],"collection":[{"href":"https:\/\/www.diablofans.cz\/d2\/wp-json\/wp\/v2\/pages"}],"about":[{"href":"https:\/\/www.diablofans.cz\/d2\/wp-json\/wp\/v2\/types\/page"}],"author":[{"embeddable":true,"href":"https:\/\/www.diablofans.cz\/d2\/wp-json\/wp\/v2\/users\/1"}],"replies":[{"embeddable":true,"href":"https:\/\/www.diablofans.cz\/d2\/wp-json\/wp\/v2\/comments?post=3033"}],"version-history":[{"count":0,"href":"https:\/\/www.diablofans.cz\/d2\/wp-json\/wp\/v2\/pages\/3033\/revisions"}],"wp:attachment":[{"href":"https:\/\/www.diablofans.cz\/d2\/wp-json\/wp\/v2\/media?parent=3033"}],"curies":[{"name":"wp","href":"https:\/\/api.w.org\/{rel}","templated":true}]}}