{"id":3048,"date":"2018-08-25T22:08:48","date_gmt":"2018-08-25T20:08:48","guid":{"rendered":"http:\/\/diablofans.ddev.site\/d2\/uberbossove-izual\/"},"modified":"2018-08-25T22:08:48","modified_gmt":"2018-08-25T20:08:48","slug":"uberbossove-izual","status":"publish","type":"page","link":"https:\/\/www.diablofans.cz\/d2\/uberbossove-izual\/","title":{"rendered":"\u00dcber bossov\u00e9 &#8211; \u00dcber Izual"},"content":{"rendered":"\n<div><img loading=\"lazy\" decoding=\"async\" src=\"https:\/\/www.diablofans.cz\/d2\/wp-content\/uploads\/2018\/08\/izual-popis.gif\" alt=\"izual-popis\" class=\"img-right\" width=\"175\" height=\"200\" \/><\/div>\n<h3>Typ monstra<\/h3>\n<p>Animal.<\/p>\n<p>Jeden z\u00a0men\u0161\u00edch boss\u016f speci\u00e1ln\u00edho questu <a href=\"https:\/\/www.diablofans.cz\/d2\/questy-specialni-pandemonium-event\">The Pandemonium Event<\/a>.<\/p>\n<h3 id=\"historie\">Historie<\/h3>\n<p>V\u00e1le\u010dn\u00edci poch\u00e1zej\u00edc\u00ed ze v\u0161ech kout\u016f Nebes (od K\u0159i\u0161\u0165\u00e1lov\u00e9 klenby, tedy od samotn\u00e9ho srdce Nebes, a\u017e po tajemnou Pekelnou kov\u00e1rnu) u\u017e odjak\u017eiva usilovali o\u00a0v\u00edt\u011bzstv\u00ed ve v\u011b\u010dn\u011b trvaj\u00edc\u00ed v\u00e1lce. Z\u00a0dosud vykonan\u00fdch \u010din\u016f t\u011bchto hrdin\u016f s\u00e1lala \u00facta a uzn\u00e1n\u00ed. <strong>Jedn\u00edm z\u00a0t\u011bchto hrdin\u016f<\/strong> byl Izual, z\u00e1stupce archand\u011bla Tyraela a dr\u017eitel and\u011blsk\u00e9 magick\u00e9 zbran\u011b\u00a0\u2013 Azurewrathu.<\/p>\n<p>Bylo to on, Izual, kdo kdysi vedl \u00fatok na Pekelnou kov\u00e1rnu. Sna\u017eil se toti\u017e zabr\u00e1nit vzniku nov\u00e9 zbran\u011b, kterou nep\u0159\u00e1telsk\u00e1 monstra p\u0159ipravovala\u00a0\u2013 Shadowfang. Jeho mise v\u0161ak nebyla \u00fasp\u011b\u0161n\u00e1. B\u011bhem boj\u016f <strong>byl p\u0159emo\u017een<\/strong> a ztratil se v\u00a0dalek\u00e9 Temnot\u011b.<\/p>\n<p>Izual je od t\u00e9 doby spojov\u00e1n s\u00a0temnou, vy\u010derpanou du\u0161\u00ed, kter\u00e1 je uv\u011bzn\u011bna v\u00a0Pekeln\u00e9 \u0159\u00ed\u0161i. Nakonec byl i\u00a0p\u0159es jeho udatnost a s\u00edlu Hlavn\u00edm zlem (tzv. Prime Evil) <strong>zkorumpov\u00e1n<\/strong> a donucen ke zrad\u011b. Ta spo\u010d\u00edvala v\u00a0tom, \u017ee m\u011bl prozradit nejtajn\u011bj\u0161\u00ed informace z\u00a0Nebes. Od tohoto okam\u017eiku, kdy Izual zradil i\u00a0s\u00e1m sebe, se z\u00a0n\u011bj stal doslova padl\u00fd and\u011bl, kter\u00e9mu nemohli v\u011b\u0159it ani ti z\u00a0Nebes, ani ti z\u00a0Pekla.<\/p>\n<p>Za to, co Izual provedl, byla jeho du\u0161e p\u0159em\u011bn\u011bna na hr\u016fzostra\u0161nou p\u0159\u00ed\u0161eru. Dnes je to ji\u017e mnoho let, co je jeho pobl\u00e1zn\u011bn\u00e1 du\u0161e ukryta pod t\u00edm odporn\u00fdm zevn\u011bj\u0161kem. A\u010dkoli ji\u017e nedr\u017e\u00ed v\u00a0rukou jeho magickou zbra\u0148 Azurewrath, jeho s\u00edla a moc byla dokonale zachov\u00e1na. D\u011bs\u00ed se ho ka\u017ed\u00fd, kdo ho spat\u0159\u00ed.<\/p>\n<h3 id=\"popis\">Popis<\/h3>\n<p>\u00dcber Izual m\u00e1 dv\u011b nov\u00e9 schopnosti, kter\u00e9 ho d\u011blaj\u00ed podstatn\u011b nebezpe\u010dn\u011bj\u0161\u00edm. M\u016f\u017ee V\u00e1s zpomalit skilly <strong>Frost Nova<\/strong> a <strong>Chilling Armor<\/strong>, potom se pomoc\u00ed dovednosti <strong>Teleport<\/strong> dostane bl\u00edzko k\u00a0Va\u0161\u00ed postav\u011b a sekne do V\u00e1s me\u010dem. Proto\u017ee je imunn\u00ed proti chladu, Va\u0161e parta mus\u00ed v\u00a0boji reagovat rychleji, kouzelnice by m\u011bly b\u00fdt p\u0159ipraven\u00e9 teleportovat se pry\u010d a Necromance\u0159i pou\u017e\u00edvat skill <strong>Bone Armor<\/strong>. \u00datok Izuala zbl\u00edzka m\u00e1 tak\u00e9 100% \u0161anci na zp\u016fsoben\u00ed +50\u201380% chladiv\u00e9ho po\u0161kozen\u00ed s\u00a0d\u00e9lkou trv\u00e1n\u00ed zpomalen\u00ed 4\u00a0sekundy. Postavy na boj zbl\u00edzka nebo tankov\u00e1n\u00ed by se m\u011bli vybavit vlastnost\u00ed <strong>Cannot be Frozen<\/strong> jako ochrana p\u0159ed zpomalen\u00edm. \u00dcber Izual zp\u016fsobuje masivn\u00ed po\u0161kozen\u00ed, proto V\u00e1m vybaven\u00ed s\u00a0redukc\u00ed fyzick\u00e9 \u0161kody a odolnost\u00ed v\u016f\u010di chladu nesm\u00edrn\u011b pom\u016f\u017ee.<\/p>\n<p>\u00dcber Izual si regeneruje \u017eivoty dvakr\u00e1t rychleji oproti b\u011b\u017en\u00fdm monstr\u016fm.<\/p>\n<h3 id=\"vlastnosti\">Vlastnosti<\/h3>\n<table style=\"text-align:center\">\n<thead>\n<tr>\n<th>Level<\/th>\n<th>Experience<\/th>\n<th>Life<\/th>\n<\/tr>\n<\/thead>\n<tbody>\n<tr>\n<td>Hell<\/td>\n<td>Hell<\/td>\n<td>Hell<\/td>\n<\/tr>\n<tr>\n<td>110<\/td>\n<td>3179200<\/td>\n<td>650000\u2013660000<\/td>\n<\/tr>\n<\/tbody>\n<\/table>\n<table style=\"text-align:center\">\n<thead>\n<tr>\n<th>Melee Attack 1<\/th>\n<th>Attack Rating 1<\/th>\n<th>Melee Attack 2<\/th>\n<th>Attack Rating 2<\/th>\n<\/tr>\n<\/thead>\n<tbody>\n<tr>\n<td>Hell<\/td>\n<td>Hell<\/td>\n<td>Hell<\/td>\n<td>Hell<\/td>\n<\/tr>\n<tr>\n<td>455\u2013520<\/td>\n<td>13064<\/td>\n<td>455\u2013520<\/td>\n<td>13064<\/td>\n<\/tr>\n<\/tbody>\n<\/table>\n<table style=\"text-align:center\">\n<thead>\n<tr>\n<th>Defense<\/th>\n<th>% Block<\/th>\n<th>Damage Resist<\/th>\n<th>Magic Resist<\/th>\n<\/tr>\n<\/thead>\n<tbody>\n<tr>\n<td>Hell<\/td>\n<td>Hell<\/td>\n<td>Hell<\/td>\n<td>Hell<\/td>\n<\/tr>\n<tr>\n<td>2520<\/td>\n<td>50<\/td>\n<td>30<\/td>\n<td>75<\/td>\n<\/tr>\n<\/tbody>\n<\/table>\n<table style=\"text-align:center\">\n<thead>\n<tr>\n<th>Fire Resist<\/th>\n<th>Cold Resist<\/th>\n<th>Lightning Resist<\/th>\n<th>Poison Resist<\/th>\n<\/tr>\n<\/thead>\n<tbody>\n<tr>\n<td>Hell<\/td>\n<td>Hell<\/td>\n<td>Hell<\/td>\n<td>Hell<\/td>\n<\/tr>\n<tr>\n<td>75<\/td>\n<td>110<\/td>\n<td>75<\/td>\n<td>75<\/td>\n<\/tr>\n<\/tbody>\n<\/table>\n<table style=\"text-align:center\">\n<thead>\n<tr>\n<th>Drain Effectiveness<\/th>\n<th>Immunities<\/th>\n<th>Chill Effectiveness<\/th>\n<\/tr>\n<\/thead>\n<tbody>\n<tr>\n<td>Hell<\/td>\n<td>Hell<\/td>\n<td>Hell<\/td>\n<\/tr>\n<tr>\n<td>50<\/td>\n<td>Cold<\/td>\n<td>25<\/td>\n<\/tr>\n<\/tbody>\n<\/table>\n<p>Vysv\u011btlivky k\u00a0vlastnostem uveden\u00fdch v\u00a0tabulk\u00e1ch:<\/p>\n<ul>\n<li>Level = \u00farove\u0148<\/li>\n<li>Experience = zku\u0161enosti<\/li>\n<li>Life = \u017eivoty<\/li>\n<li>Hell = obt\u00ed\u017enost Hell (Peklo)<\/li>\n<li>Melee Attack 1, 2 = \u00fatok zbl\u00edzka 1, 2<\/li>\n<li>Attack Rating 1, 2 = \u00fato\u010dn\u00e9 hodnocen\u00ed 1, 2<\/li>\n<li>Defense = obrana<\/li>\n<li>% Block = x-procentn\u00ed \u0161ance na blokov\u00e1n\u00ed<\/li>\n<li>Damage Resist = odolnost v\u016f\u010di po\u0161kozen\u00ed<\/li>\n<li>Magic Resist = odolnost v\u016f\u010di magii<\/li>\n<li>Fire Resist = odolnost v\u016f\u010di ohni<\/li>\n<li>Cold Resist = odolnost v\u016f\u010di chladu<\/li>\n<li>Lightning Resist = odolnost v\u016f\u010di blesk\u016fm<\/li>\n<li>Poison Resist = odolnost v\u016f\u010di jedu<\/li>\n<li>Drain Effectiveness = \u00fa\u010dinnost s\u00e1n\u00ed<\/li>\n<li>Immunities = imunity<\/li>\n<li>Chill Effectiveness = \u00fa\u010dinnost chladu<\/li>\n<\/ul>\n<p style=\"text-align:center\">&#8212;\u00a0\u2014 &#8212;\u00a0\u2014 &#8212;\u00a0\u2014 &#8212;\u00a0\u2014 &#8212;\u00a0\u2014 &#8212;\u00a0\u2014 &#8212;\u00a0\u2014 &#8212;\u00a0\u2014 &#8212;\u00a0\u2014 &#8212;\u00a0\u2014 &#8212;\u00a0\u2014\u00a0&#8212;<\/p>\n<p style=\"text-align:center\"><a href=\"https:\/\/www.diablofans.cz\/d2\/monstra-rozdeleni#uberbossove\">\u00ab Zp\u011bt do sekce Monstra\u00a0\u2013 Rozd\u011blen\u00ed.<\/a><\/p>\n<p> <!-- by Texy2! --><\/p>\n","protected":false},"excerpt":{"rendered":"<p>Typ monstra Animal. Jeden z\u00a0men\u0161\u00edch boss\u016f speci\u00e1ln\u00edho questu The Pandemonium Event. Historie V\u00e1le\u010dn\u00edci poch\u00e1zej\u00edc\u00ed ze v\u0161ech kout\u016f Nebes (od K\u0159i\u0161\u0165\u00e1lov\u00e9 klenby, tedy od samotn\u00e9ho srdce Nebes, a\u017e po tajemnou Pekelnou kov\u00e1rnu) u\u017e odjak\u017eiva usilovali o\u00a0v\u00edt\u011bzstv\u00ed ve v\u011b\u010dn\u011b trvaj\u00edc\u00ed v\u00e1lce. Z\u00a0dosud vykonan\u00fdch \u010din\u016f t\u011bchto hrdin\u016f s\u00e1lala \u00facta a uzn\u00e1n\u00ed. Jedn\u00edm z\u00a0t\u011bchto hrdin\u016f byl Izual, z\u00e1stupce archand\u011bla [&#8230;]<\/p>\n<p><a class=\"btn btn-secondary understrap-read-more-link\" href=\"https:\/\/www.diablofans.cz\/d2\/uberbossove-izual\/\">\u010c\u00edst d\u00e1le&#8230;<span class=\"screen-reader-text\"> from \u00dcber bossov\u00e9 &#8211; \u00dcber Izual<\/span><\/a><\/p>\n","protected":false},"author":1,"featured_media":0,"parent":0,"menu_order":0,"comment_status":"open","ping_status":"open","template":"","meta":{"footnotes":""},"class_list":["post-3048","page","type-page","status-publish","hentry"],"_links":{"self":[{"href":"https:\/\/www.diablofans.cz\/d2\/wp-json\/wp\/v2\/pages\/3048","targetHints":{"allow":["GET"]}}],"collection":[{"href":"https:\/\/www.diablofans.cz\/d2\/wp-json\/wp\/v2\/pages"}],"about":[{"href":"https:\/\/www.diablofans.cz\/d2\/wp-json\/wp\/v2\/types\/page"}],"author":[{"embeddable":true,"href":"https:\/\/www.diablofans.cz\/d2\/wp-json\/wp\/v2\/users\/1"}],"replies":[{"embeddable":true,"href":"https:\/\/www.diablofans.cz\/d2\/wp-json\/wp\/v2\/comments?post=3048"}],"version-history":[{"count":0,"href":"https:\/\/www.diablofans.cz\/d2\/wp-json\/wp\/v2\/pages\/3048\/revisions"}],"wp:attachment":[{"href":"https:\/\/www.diablofans.cz\/d2\/wp-json\/wp\/v2\/media?parent=3048"}],"curies":[{"name":"wp","href":"https:\/\/api.w.org\/{rel}","templated":true}]}}