{"id":3055,"date":"2018-08-25T22:08:49","date_gmt":"2018-08-25T20:08:49","guid":{"rendered":"http:\/\/diablofans.ddev.site\/d2\/normalni-predmety\/"},"modified":"2021-04-01T23:23:53","modified_gmt":"2021-04-01T21:23:53","slug":"normalni-predmety","status":"publish","type":"page","link":"https:\/\/www.diablofans.cz\/d2\/normalni-predmety\/","title":{"rendered":"P\u0159edm\u011bty &#8211; Norm\u00e1ln\u00ed"},"content":{"rendered":"<p style=\"text-align: center\"><strong><a href=\"https:\/\/www.diablofans.cz\/d2\/normalni-predmety\">Norm\u00e1ln\u00ed<\/a><\/strong>\u00a0\u2013 <a href=\"https:\/\/www.diablofans.cz\/d2\/magicke-predmety\">Magick\u00e9<\/a>\u00a0\u2013 <a href=\"https:\/\/www.diablofans.cz\/d2\/predmety-rare\">Rare<\/a>\u00a0\u2013 <a href=\"https:\/\/www.diablofans.cz\/d2\/predmety-setove\">Sety<\/a>\u00a0\u2013 <a href=\"https:\/\/www.diablofans.cz\/d2\/predmety-unique\">Unik\u00e1ty<\/a>\u00a0\u2013 <a href=\"https:\/\/www.diablofans.cz\/d2\/predmety-craftove\">Crafty<\/a>\u00a0\u2013 <a href=\"https:\/\/www.diablofans.cz\/d2\/predmety-runova-slova\">Runov\u00e1 slova<\/a>\u00a0\u2013 <a href=\"https:\/\/www.diablofans.cz\/d2\/specialni-predmety\">Speci\u00e1ln\u00ed<\/a>\u00a0\u2013 <a href=\"https:\/\/www.diablofans.cz\/d2\/vlozitelne-predmety\">Vlo\u017eiteln\u00e9<\/a><\/p>\n<p style=\"text-align: center\"><a href=\"https:\/\/www.diablofans.cz\/d2\/predmety-ostatni\">Ostatn\u00ed<\/a>\u00a0\u2013 <a href=\"https:\/\/www.diablofans.cz\/d2\/predmety-zlato-a-truhla\">Zlato a truhla<\/a>\u00a0\u2013 <a href=\"https:\/\/www.diablofans.cz\/d2\/horadric-cube\">Horadric Cube<\/a>\u00a0\u2013 <a href=\"https:\/\/www.diablofans.cz\/d2\/vlastnosti-predmetu\">Vlastnosti p\u0159edm\u011btu<\/a><\/p>\n<p>Sv\u011bt Diabla II se bez p\u0159edm\u011bt\u016f nem\u016f\u017ee obej\u00edt. Jsou to pr\u00e1v\u011b p\u0159edm\u011bty, kter\u00e9 hr\u00e1\u010di zjednodu\u0161uj\u00ed boj proti pekeln\u00fdm monstr\u016fm a zlu, kter\u00e9 ho neust\u00e1le ohro\u017euje. Ov\u0161em, takov\u00fdch p\u0159edm\u011bt\u016f je ve h\u0159e mnoho a proto se d\u011bl\u00ed do v\u00edcero kategori\u00ed. Z\u00e1kladn\u00ed kategorie p\u0159edm\u011bt\u016f jsou norm\u00e1ln\u00ed (nemagick\u00e9) p\u0159edm\u011bty. Hr\u00e1\u010d se s\u00a0nimi setk\u00e1v\u00e1 od sam\u00e9ho za\u010d\u00e1tku a\u017e po \u00fapln\u00fd konec hry. Postav\u011b poskytuj\u00ed jen z\u00e1kladn\u00ed obrann\u00e9 a \u00fato\u010dn\u00e9 vlastnosti, a proto se obvykle pou\u017e\u00edvaj\u00ed jen v\u00a0po\u010d\u00e1te\u010dn\u00edch f\u00e1z\u00edch hry. Potom u\u017e ale jejich vyu\u017eit\u00ed kles\u00e1, i\u00a0kdy\u017e nep\u0159\u00edm\u00e9 vyu\u017eit\u00ed mohou m\u00edt v\u00a0podstat\u011b po celou\u00a0hru.<\/p>\n<p>Rozd\u011blen\u00ed norm\u00e1ln\u00edch p\u0159edm\u011bt\u016f do skupin na z\u00e1klad\u011b jejich <strong>kvality<\/strong> vypad\u00e1 n\u00e1sledovn\u011b:<\/p>\n<ul>\n<li><a href=\"#lowquality\">Low Quality<\/a> (p\u0159edm\u011bty n\u00edzk\u00e9 kvality)<\/li>\n<li><a href=\"#normalni\">Normal<\/a> (norm\u00e1ln\u00ed p\u0159edm\u011bty)<\/li>\n<li><a href=\"#highquality\">High Quality<\/a> (p\u0159edm\u011bty vy\u0161\u0161\u00ed kvality)<\/li>\n<\/ul>\n<p>Rozd\u011blen\u00ed norm\u00e1ln\u00edch p\u0159edm\u011bt\u016f na z\u00e1klad\u011b ozdobitelnosti:<\/p>\n<ul>\n<li>Non-Socketed (b\u011b\u017en\u00e9 norm\u00e1ln\u00ed p\u0159edm\u011bty bez socket\u016f)<\/li>\n<li><a href=\"#socketed\">Socketed<\/a> (socketovateln\u00e9 p\u0159edm\u011bty)<\/li>\n<\/ul>\n<p>Rozd\u011blen\u00ed norm\u00e1ln\u00edch p\u0159edm\u011bt\u016f podle vlastnosti Ethereal:<\/p>\n<ul>\n<li>Non-Ethereal (klasick\u00e9 norm\u00e1ln\u00ed p\u0159edm\u011bty bez vlastnosti Ethereal)<\/li>\n<li><a href=\"#ethereal\">Ethereal<\/a> (\u00e9terick\u00e9 p\u0159edm\u011bty)<\/li>\n<\/ul>\n<p style=\"text-align: center\">&#8212;\u00a0\u2014 &#8212;\u00a0\u2014 &#8212;\u00a0\u2014 &#8212;\u00a0\u2014 &#8212;\u00a0\u2014 &#8212;\u00a0\u2014 &#8212;\u00a0\u2014 &#8212;\u00a0\u2014 &#8212;\u00a0\u2014 &#8212;\u00a0\u2014 &#8212;\u00a0\u2014\u00a0&#8212;<\/p>\n<h3 id=\"lowquality\"><a href=\"#lowquality\">Low Quality p\u0159edm\u011bty<\/a><\/h3>\n<p>P\u0159edm\u011bty n\u00edzk\u00e9 kvality, kter\u00e9 maj\u00ed sn\u00ed\u017eenou maxim\u00e1ln\u00ed hodnotu \u017eivotnosti (<strong>Durability<\/strong>) o\u00a033% oproti norm\u00e1lu. To se ale net\u00fdk\u00e1 luk\u016f (bows), kter\u00e9 jsou nezni\u010diteln\u00e9. <strong>Zbran\u011b<\/strong> n\u00edzk\u00e9 kvality maj\u00ed o\u00a025% ni\u017e\u0161\u00ed po\u0161kozen\u00ed ne\u017e <a href=\"#normal\">norm\u00e1ln\u00ed<\/a> p\u0159edm\u011bty. U\u00a0<strong>brn\u011bn\u00ed<\/strong> je tomu je\u0161t\u011b h\u016f\u0159e. Jejich obrana je sn\u00ed\u017een\u00e1 o\u00a025% a proto jim mnohdy m\u016f\u017ee klesnout i\u00a0pod jejich z\u00e1kladn\u00ed minimum. Tyto p\u0159edm\u011bty nemohou b\u00fdt ani \u00e9terick\u00e9, ani socketovateln\u00e9. Ve h\u0159e maj\u00ed jednu z\u00a0n\u00e1sleduj\u00edc\u00edch p\u0159edpon: Low Quality, Cracked, Crude, nebo Damaged.<\/p>\n<p style=\"text-align: center\">&#8212;\u00a0\u2014 &#8212;\u00a0\u2014 &#8212;\u00a0\u2014 &#8212;\u00a0\u2014 &#8212;\u00a0\u2014 &#8212;\u00a0\u2014 &#8212;\u00a0\u2014 &#8212;\u00a0\u2014 &#8212;\u00a0\u2014 &#8212;\u00a0\u2014 &#8212;\u00a0\u2014\u00a0&#8212;<\/p>\n<h3 id=\"normalni\"><a href=\"#normalni\">Norm\u00e1ln\u00ed p\u0159edm\u011bty<\/a><\/h3>\n<p>Oby\u010dejn\u00e9 p\u0159edm\u011bty, kter\u00e9 se vyskytuj\u00ed ve v\u0161ech t\u0159ech obt\u00ed\u017enostech, a proto se tak\u00e9 podle obt\u00ed\u017enost\u00ed d\u011bl\u00ed na t\u0159i skupiny:<\/p>\n<ul>\n<li><a href=\"#normalni\">Normal<\/a> (typick\u00e9 pro obt\u00ed\u017enost Normal)<\/li>\n<li><a href=\"#exceptional\">Exceptional<\/a> (typick\u00e9 pro Nightmare)<\/li>\n<li><a href=\"#elite\">Elite<\/a> (typick\u00e9 pro Hell)<\/li>\n<\/ul>\n<p>Jednotliv\u00e9 kategorie p\u0159edm\u011bt\u016f jsou podrobn\u011bji rozeps\u00e1ny v\u00a0n\u00e1sleduj\u00edc\u00edch tabulk\u00e1ch:<\/p>\n<h3 id=\"normal\" style=\"text-align: center\"><a href=\"#normal\">Normal<\/a><\/h3>\n<table>\n<thead>\n<tr>\n<th style=\"width: 190px\">Armor<\/th>\n<th style=\"width: 190px\">Weapons<\/th>\n<th>Class-Specific<\/th>\n<\/tr>\n<\/thead>\n<tbody>\n<tr>\n<td><a href=\"https:\/\/www.diablofans.cz\/d2\/predmety-normal-belts\">Belts<\/a><\/td>\n<td><a href=\"https:\/\/www.diablofans.cz\/d2\/predmety-normal-axes\">Axes<\/a><\/td>\n<td><a href=\"https:\/\/www.diablofans.cz\/d2\/predmety-normal-amazon-weapons\">Amazon Weapons<\/a><\/td>\n<\/tr>\n<tr>\n<td><a href=\"https:\/\/www.diablofans.cz\/d2\/predmety-normal-body-armor\">Body Armor<\/a><\/td>\n<td><a href=\"https:\/\/www.diablofans.cz\/d2\/predmety-normal-bows\">Bows<\/a><\/td>\n<td><a href=\"https:\/\/www.diablofans.cz\/d2\/predmety-normal-assassin-katars\">Assassin Katars<\/a><\/td>\n<\/tr>\n<tr>\n<td><a href=\"https:\/\/www.diablofans.cz\/d2\/predmety-normal-boots\">Boots<\/a><\/td>\n<td><a href=\"https:\/\/www.diablofans.cz\/d2\/predmety-normal-crossbows\">Crossbows<\/a><\/td>\n<td><a href=\"https:\/\/www.diablofans.cz\/d2\/predmety-normal-barbarian-helms\">Barbarian Helms<\/a><\/td>\n<\/tr>\n<tr>\n<td><a href=\"https:\/\/www.diablofans.cz\/d2\/predmety-normal-gloves\">Gloves<\/a><\/td>\n<td><a href=\"https:\/\/www.diablofans.cz\/d2\/predmety-normal-daggers\">Daggers<\/a><\/td>\n<td><a href=\"https:\/\/www.diablofans.cz\/d2\/predmety-normal-druid-pelts\">Druid Pelts<\/a><\/td>\n<\/tr>\n<tr>\n<td><a href=\"https:\/\/www.diablofans.cz\/d2\/predmety-normal-helms\">Helms<\/a><\/td>\n<td><a href=\"https:\/\/www.diablofans.cz\/d2\/predmety-normal-javelins\">Javelins<\/a><\/td>\n<td><a href=\"https:\/\/www.diablofans.cz\/d2\/predmety-normal-necromancer-shrunken-heads\">Necromancer Shrunken Heads<\/a><\/td>\n<\/tr>\n<tr>\n<td><a href=\"https:\/\/www.diablofans.cz\/d2\/predmety-normal-shields\">Shields<\/a><\/td>\n<td><a href=\"https:\/\/www.diablofans.cz\/d2\/predmety-normal-maces\">Maces<\/a><\/td>\n<td><a href=\"https:\/\/www.diablofans.cz\/d2\/predmety-normal-paladin-shields\">Paladin Shields<\/a><\/td>\n<\/tr>\n<tr>\n<td rowspan=\"7\"><\/td>\n<td><a href=\"https:\/\/www.diablofans.cz\/d2\/predmety-normal-polearms\">Polearms<\/a><\/td>\n<td><a href=\"https:\/\/www.diablofans.cz\/d2\/predmety-normal-sorceress-orbs\">Sorceress Orbs<\/a><\/td>\n<\/tr>\n<tr>\n<td><a href=\"https:\/\/www.diablofans.cz\/d2\/predmety-normal-scepters\">Scepters<\/a><\/td>\n<td rowspan=\"6\"><\/td>\n<\/tr>\n<tr>\n<td><a href=\"https:\/\/www.diablofans.cz\/d2\/predmety-normal-spears\">Spears<\/a><\/td>\n<\/tr>\n<tr>\n<td><a href=\"https:\/\/www.diablofans.cz\/d2\/predmety-normal-staves\">Staves<\/a><\/td>\n<\/tr>\n<tr>\n<td><a href=\"https:\/\/www.diablofans.cz\/d2\/predmety-normal-swords\">Swords<\/a><\/td>\n<\/tr>\n<tr>\n<td><a href=\"https:\/\/www.diablofans.cz\/d2\/predmety-normal-throwing\">Throwing<\/a><\/td>\n<\/tr>\n<tr>\n<td><a href=\"https:\/\/www.diablofans.cz\/d2\/predmety-normal-wands\">Wands<\/a><\/td>\n<\/tr>\n<\/tbody>\n<\/table>\n<h3 id=\"exceptional\" style=\"text-align: center\"><a href=\"#exceptional\">Exceptional<\/a><\/h3>\n<table>\n<thead>\n<tr>\n<th style=\"width: 190px\">Armor<\/th>\n<th style=\"width: 190px\">Weapons<\/th>\n<th>Class-Specific<\/th>\n<\/tr>\n<\/thead>\n<tbody>\n<tr>\n<td><a href=\"https:\/\/www.diablofans.cz\/d2\/predmety-exceptional-belts\">Belts<\/a><\/td>\n<td><a href=\"https:\/\/www.diablofans.cz\/d2\/predmety-exceptional-axes\">Axes<\/a><\/td>\n<td><a href=\"https:\/\/www.diablofans.cz\/d2\/predmety-exceptional-amazon-weapons\">Amazon Weapons<\/a><\/td>\n<\/tr>\n<tr>\n<td><a href=\"https:\/\/www.diablofans.cz\/d2\/predmety-exceptional-body-armor\">Body Armor<\/a><\/td>\n<td><a href=\"https:\/\/www.diablofans.cz\/d2\/predmety-exceptional-bows\">Bows<\/a><\/td>\n<td><a href=\"https:\/\/www.diablofans.cz\/d2\/predmety-exceptional-assassin-katars\">Assassin Katars<\/a><\/td>\n<\/tr>\n<tr>\n<td><a href=\"https:\/\/www.diablofans.cz\/d2\/predmety-exceptional-boots\">Boots<\/a><\/td>\n<td><a href=\"https:\/\/www.diablofans.cz\/d2\/predmety-exceptional-crossbows\">Crossbows<\/a><\/td>\n<td><a href=\"https:\/\/www.diablofans.cz\/d2\/predmety-exceptional-barbarian-helms\">Barbarian Helms<\/a><\/td>\n<\/tr>\n<tr>\n<td><a href=\"https:\/\/www.diablofans.cz\/d2\/predmety-exceptional-gloves\">Gloves<\/a><\/td>\n<td><a href=\"https:\/\/www.diablofans.cz\/d2\/predmety-exceptional-daggers\">Daggers<\/a><\/td>\n<td><a href=\"https:\/\/www.diablofans.cz\/d2\/predmety-exceptional-druid-pelts\">Druid Pelts<\/a><\/td>\n<\/tr>\n<tr>\n<td><a href=\"https:\/\/www.diablofans.cz\/d2\/predmety-exceptional-helms\">Helms<\/a><\/td>\n<td><a href=\"https:\/\/www.diablofans.cz\/d2\/predmety-exceptional-javelins\">Javelins<\/a><\/td>\n<td><a href=\"https:\/\/www.diablofans.cz\/d2\/predmety-exceptional-necromancer-shrunken-heads\">Necromancer Shrunken Heads<\/a><\/td>\n<\/tr>\n<tr>\n<td><a href=\"https:\/\/www.diablofans.cz\/d2\/predmety-exceptional-shields\">Shields<\/a><\/td>\n<td><a href=\"https:\/\/www.diablofans.cz\/d2\/predmety-exceptional-maces\">Maces<\/a><\/td>\n<td><a href=\"https:\/\/www.diablofans.cz\/d2\/predmety-exceptional-paladin-shields\">Paladin Shields<\/a><\/td>\n<\/tr>\n<tr>\n<td rowspan=\"7\"><\/td>\n<td><a href=\"https:\/\/www.diablofans.cz\/d2\/predmety-exceptional-polearms\">Polearms<\/a><\/td>\n<td><a href=\"https:\/\/www.diablofans.cz\/d2\/predmety-exceptional-sorceress-orbs\">Sorceress Orbs<\/a><\/td>\n<\/tr>\n<tr>\n<td><a href=\"https:\/\/www.diablofans.cz\/d2\/predmety-exceptional-scepters\">Scepters<\/a><\/td>\n<td rowspan=\"6\"><\/td>\n<\/tr>\n<tr>\n<td><a href=\"https:\/\/www.diablofans.cz\/d2\/predmety-exceptional-spears\">Spears<\/a><\/td>\n<\/tr>\n<tr>\n<td><a href=\"https:\/\/www.diablofans.cz\/d2\/predmety-exceptional-staves\">Staves<\/a><\/td>\n<\/tr>\n<tr>\n<td><a href=\"https:\/\/www.diablofans.cz\/d2\/predmety-exceptional-swords\">Swords<\/a><\/td>\n<\/tr>\n<tr>\n<td><a href=\"https:\/\/www.diablofans.cz\/d2\/predmety-exceptional-throwing\">Throwing<\/a><\/td>\n<\/tr>\n<tr>\n<td><a href=\"https:\/\/www.diablofans.cz\/d2\/predmety-exceptional-wands\">Wands<\/a><\/td>\n<\/tr>\n<\/tbody>\n<\/table>\n<h3 id=\"elite\" style=\"text-align: center\"><a href=\"#elite\">Elite<\/a><\/h3>\n<table>\n<thead>\n<tr>\n<th style=\"width: 190px\">Armor<\/th>\n<th style=\"width: 190px\">Weapons<\/th>\n<th>Class-Specific<\/th>\n<\/tr>\n<\/thead>\n<tbody>\n<tr>\n<td><a href=\"https:\/\/www.diablofans.cz\/d2\/predmety-elite-belts\">Belts<\/a><\/td>\n<td><a href=\"https:\/\/www.diablofans.cz\/d2\/predmety-elite-axes\">Axes<\/a><\/td>\n<td><a href=\"https:\/\/www.diablofans.cz\/d2\/predmety-elite-amazon-weapons\">Amazon Weapons<\/a><\/td>\n<\/tr>\n<tr>\n<td><a href=\"https:\/\/www.diablofans.cz\/d2\/predmety-elite-body-armor\">Body Armor<\/a><\/td>\n<td><a href=\"https:\/\/www.diablofans.cz\/d2\/predmety-elite-bows\">Bows<\/a><\/td>\n<td><a href=\"https:\/\/www.diablofans.cz\/d2\/predmety-elite-assassin-katars\">Assassin Katars<\/a><\/td>\n<\/tr>\n<tr>\n<td><a href=\"https:\/\/www.diablofans.cz\/d2\/predmety-elite-boots\">Boots<\/a><\/td>\n<td><a href=\"https:\/\/www.diablofans.cz\/d2\/predmety-elite-crossbows\">Crossbows<\/a><\/td>\n<td><a href=\"https:\/\/www.diablofans.cz\/d2\/predmety-elite-barbarian-helms\">Barbarian Helms<\/a><\/td>\n<\/tr>\n<tr>\n<td><a href=\"https:\/\/www.diablofans.cz\/d2\/predmety-elite-gloves\">Gloves<\/a><\/td>\n<td><a href=\"https:\/\/www.diablofans.cz\/d2\/predmety-elite-daggers\">Daggers<\/a><\/td>\n<td><a href=\"https:\/\/www.diablofans.cz\/d2\/predmety-elite-druid-pelts\">Druid Pelts<\/a><\/td>\n<\/tr>\n<tr>\n<td><a href=\"https:\/\/www.diablofans.cz\/d2\/predmety-elite-helms\">Helms<\/a><\/td>\n<td><a href=\"https:\/\/www.diablofans.cz\/d2\/predmety-elite-javelins\">Javelins<\/a><\/td>\n<td><a href=\"https:\/\/www.diablofans.cz\/d2\/predmety-elite-necromancer-shrunken-heads\">Necromancer Shrunken Heads<\/a><\/td>\n<\/tr>\n<tr>\n<td><a href=\"https:\/\/www.diablofans.cz\/d2\/predmety-elite-shields\">Shields<\/a><\/td>\n<td><a href=\"https:\/\/www.diablofans.cz\/d2\/predmety-elite-maces\">Maces<\/a><\/td>\n<td><a href=\"https:\/\/www.diablofans.cz\/d2\/predmety-elite-paladin-shields\">Paladin Shields<\/a><\/td>\n<\/tr>\n<tr>\n<td rowspan=\"7\"><\/td>\n<td><a href=\"https:\/\/www.diablofans.cz\/d2\/predmety-elite-polearms\">Polearms<\/a><\/td>\n<td><a href=\"https:\/\/www.diablofans.cz\/d2\/predmety-elite-sorceress-orbs\">Sorceress Orbs<\/a><\/td>\n<\/tr>\n<tr>\n<td><a href=\"https:\/\/www.diablofans.cz\/d2\/predmety-elite-scepters\">Scepters<\/a><\/td>\n<td rowspan=\"6\"><\/td>\n<\/tr>\n<tr>\n<td><a href=\"https:\/\/www.diablofans.cz\/d2\/predmety-elite-spears\">Spears<\/a><\/td>\n<\/tr>\n<tr>\n<td><a href=\"https:\/\/www.diablofans.cz\/d2\/predmety-elite-staves\">Staves<\/a><\/td>\n<\/tr>\n<tr>\n<td><a href=\"https:\/\/www.diablofans.cz\/d2\/predmety-elite-swords\">Swords<\/a><\/td>\n<\/tr>\n<tr>\n<td><a href=\"https:\/\/www.diablofans.cz\/d2\/predmety-elite-throwing\">Throwing<\/a><\/td>\n<\/tr>\n<tr>\n<td><a href=\"https:\/\/www.diablofans.cz\/d2\/predmety-elite-wands\">Wands<\/a><\/td>\n<\/tr>\n<\/tbody>\n<\/table>\n<p style=\"margin-top: 45px\">V\u0161echny p\u0159edm\u011bty uveden\u00e9 v\u00a0tabulk\u00e1ch jsou bu\u010f brn\u011bn\u00ed, nebo zbran\u011b. Obecn\u00fd popis jednotliv\u00fdch typ\u016f brn\u011bn\u00ed \u010di zbran\u00ed najdete v\u00a0t\u011bchto dvou odd\u011blen\u00fdch \u010dl\u00e1nc\u00edch:<\/p>\n<ul>\n<li><a href=\"https:\/\/www.diablofans.cz\/d2\/normalni-predmety-brneni\">Brn\u011bn\u00ed (Armor)<\/a><\/li>\n<li><a href=\"https:\/\/www.diablofans.cz\/d2\/normalni-predmety-zbrane\">Zbran\u011b (Weapons)<\/a><\/li>\n<\/ul>\n<p>Zvl\u00e1\u0161tn\u00ed skupinou p\u0159edm\u011bt\u016f jsou <strong><a href=\"https:\/\/www.diablofans.cz\/d2\/predmety-circlets\">Circlets<\/a><\/strong> (\u010delenky), kter\u00e9 nepat\u0159\u00ed ani do jedn\u00e9 v\u00a0tabulk\u00e1ch uveden\u00fdch skupin. Jsou to speci\u00e1ln\u00ed helmy, kter\u00e9 p\u0159i no\u0161en\u00ed nem\u011bn\u00ed vzhled hlavy postav (de facto postava vypad\u00e1 jak kdyby nenosila \u017e\u00e1dnou helmu). Tak\u00e9 maj\u00ed vlastnost <strong>Magic Level<\/strong>, d\u00edky kter\u00e9 mohou m\u00edt prefixy a suffixy vy\u0161\u0161\u00ed kvality ne\u017e norm\u00e1ln\u00ed helmy. V\u00edce informac\u00ed ohledn\u011b prefix\u016f, suffix\u016f a magic levelu naleznete v\u00a0sekci <a href=\"https:\/\/www.diablofans.cz\/d2\/magicke-predmety#magic\">Magick\u00e9 p\u0159edm\u011bty<\/a>.<\/p>\n<p style=\"text-align: center\">&#8212;\u00a0\u2014 &#8212;\u00a0\u2014 &#8212;\u00a0\u2014 &#8212;\u00a0\u2014 &#8212;\u00a0\u2014 &#8212;\u00a0\u2014 &#8212;\u00a0\u2014 &#8212;\u00a0\u2014 &#8212;\u00a0\u2014 &#8212;\u00a0\u2014 &#8212;\u00a0\u2014\u00a0&#8212;<\/p>\n<h3 id=\"highquality\"><a href=\"#highquality\">High Quality p\u0159edm\u011bty<\/a><\/h3>\n<p>P\u0159edm\u011bty vy\u0161\u0161\u00ed kvality, ve h\u0159e ozna\u010dov\u00e1ny s\u00a0p\u0159edponou \u201e<strong>Superior<\/strong>\u201c, jsou typick\u00e9 zv\u00fd\u0161enou obranou (Defense) o\u00a05\u201315% a\/nebo \u017eivotnost\u00ed (Durability) o\u00a010\u201315%. Tak\u00e9 mohou m\u00edt zv\u00fd\u0161enou \u0161anci na z\u00e1sah (Chance to Hit) o +1\u20133 Attack Rating nebo zv\u00fd\u0161en\u00e9 po\u0161kozen\u00ed (Damage) o\u00a05\u201315%, u\u00a0p\u0159edm\u011bt\u016f s\u00a0velmi mal\u00fdm po\u0161kozen\u00edm o +1\u00a0to Maximum Damage. Mohou se vyskytovat tak\u00e9 jako \u00e9terick\u00e9 nebo socketovateln\u00e9. Tyto p\u0159edm\u011bty jsou dobr\u00fdmi adepty na tvorbu <a href=\"https:\/\/www.diablofans.cz\/d2\/predmety-runova-slova\/\">runov\u00fdch slov<\/a>, ale na druhou stranu jejich oprava stoj\u00ed podstatn\u011b v\u00edce\u00a0zlata.<\/p>\n<p style=\"text-align: center\">&#8212;\u00a0\u2014 &#8212;\u00a0\u2014 &#8212;\u00a0\u2014 &#8212;\u00a0\u2014 &#8212;\u00a0\u2014 &#8212;\u00a0\u2014 &#8212;\u00a0\u2014 &#8212;\u00a0\u2014 &#8212;\u00a0\u2014 &#8212;\u00a0\u2014 &#8212;\u00a0\u2014\u00a0&#8212;<\/p>\n<h3 id=\"socketed\"><a href=\"#socketed\">Socketed p\u0159edm\u011bty<\/a><\/h3>\n<p>Socketovateln\u00e9 (ozdobiteln\u00e9) p\u0159edm\u011bty je speci\u00e1ln\u00ed skupina norm\u00e1ln\u00edch p\u0159edm\u011bt\u016f. Tyto p\u0159edm\u011bty maj\u00ed v\u00a0sob\u011b vytvo\u0159en\u00e9 tzv. sockety (d\u00edry), do kter\u00fdch je mo\u017en\u00e9 potom vlo\u017eit zvl\u00e1\u0161tn\u00ed skupinu p\u0159edm\u011bt\u016f naz\u00fdvanou <a href=\"https:\/\/www.diablofans.cz\/d2\/vlozitelne-predmety\">vlo\u017eiteln\u00e9 p\u0159edm\u011bty<\/a>. Po vlo\u017een\u00ed takov\u00e9ho p\u0159edm\u011btu jsou jeho magick\u00e9 vlastnosti p\u0159ebran\u00e9 socketovateln\u00fdm p\u0159edm\u011btem. Maxim\u00e1ln\u00ed po\u010det socket\u016f, kter\u00fd dan\u00fd p\u0159edm\u011bt m\u016f\u017ee m\u00e1t z\u00e1vis\u00ed od druhu p\u0159edm\u011bt\u016f a od jeho levelu (ilvl). V\u00a0r\u00e1mci cel\u00e9 hry je maxim\u00e1ln\u00ed mo\u017en\u00fd po\u010det socket\u016f 6, p\u0159i\u010dem\u017e minim\u00e1ln\u00ed mo\u017en\u00fd socket je samoz\u0159ejm\u011b 1.\u00a0Socketovateln\u00e9 p\u0159edm\u011bty jsou z\u00e1kladem pro tvorbu <a href=\"https:\/\/www.diablofans.cz\/d2\/specialni-predmety#runovaslova\">runov\u00fdch slov<\/a>. Ve h\u0159e jsou ozna\u010dov\u00e1ny <strong><span style=\"color: #666666\">\u0161edou barvou<\/span><\/strong> a mohou se vyskytovat i\u00a0v\u00a0\u00e9terick\u00e9 podob\u011b. Socketovateln\u00e9 p\u0159edm\u011bty je mo\u017en\u00e9 z\u00edskat n\u00e1sleduj\u00edc\u00edmi zp\u016fsoby: p\u0159\u00edm\u00fdm dropem (nalezen\u00edm), pou\u017eit\u00edm norm\u00e1ln\u00edho p\u0159edm\u011bt\u016f v\u00a0odm\u011bn\u011b za quest <a href=\"https:\/\/www.diablofans.cz\/d2\/questy-5-akt#quest1\">Siege on Harrogath<\/a>, nebo pou\u017eit\u00edm norm\u00e1ln\u00edho p\u0159edm\u011btu ve speci\u00e1ln\u00edm <a href=\"https:\/\/www.diablofans.cz\/d2\/horadric-cube\">Cube<\/a> receptu, kter\u00fd vytvo\u0159\u00ed n\u00e1hodn\u00fd po\u010det socket\u016f.<\/p>\n<p>Pozn. Tak\u00e9 v\u0161echny druhy <a href=\"https:\/\/www.diablofans.cz\/d2\/magicke-predmety\">magick\u00fdch p\u0159edm\u011bt\u016f<\/a> mohou m\u00edt sockety. V\u00a0tomto p\u0159\u00edpad\u011b jde ale o\u00a0jejich speci\u00e1ln\u00ed magickou vlastnost, a proto nepat\u0159\u00ed mezi socketovateln\u00e9 p\u0159edm\u011bty a je to tak\u00e9 d\u016fvod, pro\u010d je nelze pou\u017e\u00edt na v\u00fdrobu runov\u00fdch\u00a0slov.<\/p>\n<p style=\"text-align: center\">&#8212;\u00a0\u2014 &#8212;\u00a0\u2014 &#8212;\u00a0\u2014 &#8212;\u00a0\u2014 &#8212;\u00a0\u2014 &#8212;\u00a0\u2014 &#8212;\u00a0\u2014 &#8212;\u00a0\u2014 &#8212;\u00a0\u2014 &#8212;\u00a0\u2014 &#8212;\u00a0\u2014\u00a0&#8212;<\/p>\n<h3 id=\"ethereal\"><a href=\"#ethereal\">Ethereal p\u0159edm\u011bty<\/a><\/h3>\n<p>V\u011bt\u0161ina norm\u00e1ln\u00edch, stejn\u011b jako magick\u00fdch, p\u0159edm\u011bt\u016f m\u016f\u017ee m\u00edt vlastnost Ethereal (jde o\u00a0nemagickou vlastnost). \u00c9terick\u00e9 p\u0159edm\u011bty maj\u00ed potom oproti b\u011b\u017en\u00fdm (non-ethereal) p\u0159edm\u011bt\u016fm dan\u00e9 dodate\u010dn\u00e9 bonusy, ale \u017e\u00e1dn\u00fdm zp\u016fsobem je nelze opravit. Norm\u00e1ln\u00ed \u00e9terick\u00e9 p\u0159edm\u011bty jsou ozna\u010dovan\u00e9 stejn\u011b jako socketovateln\u00e9, tedy <strong><span style=\"color: #666666\">\u0161edou barvou<\/span><\/strong>. Jeliko\u017e skupina \u00e9terick\u00fdch p\u0159edm\u011bt\u016f se v\u00a0r\u00e1mci rozd\u011blen\u00ed p\u0159edm\u011bt\u016f nach\u00e1z\u00ed na hranici mezi norm\u00e1ln\u00edmi a magick\u00fdmi, jejich podrobn\u00fd popis najdete v\u00a0samostatn\u00e9 sekci <a href=\"https:\/\/www.diablofans.cz\/d2\/predmety-ethereal\">P\u0159edm\u011bty\u00a0\u2013 Ethereal<\/a>.<\/p>\n<p><!-- by Texy2! --><\/p>\n","protected":false},"excerpt":{"rendered":"<p>Norm\u00e1ln\u00ed\u00a0\u2013 Magick\u00e9\u00a0\u2013 Rare\u00a0\u2013 Sety\u00a0\u2013 Unik\u00e1ty\u00a0\u2013 Crafty\u00a0\u2013 Runov\u00e1 slova\u00a0\u2013 Speci\u00e1ln\u00ed\u00a0\u2013 Vlo\u017eiteln\u00e9 Ostatn\u00ed\u00a0\u2013 Zlato a truhla\u00a0\u2013 Horadric Cube\u00a0\u2013 Vlastnosti p\u0159edm\u011btu Sv\u011bt Diabla II se bez p\u0159edm\u011bt\u016f nem\u016f\u017ee obej\u00edt. Jsou to pr\u00e1v\u011b p\u0159edm\u011bty, kter\u00e9 hr\u00e1\u010di zjednodu\u0161uj\u00ed boj proti pekeln\u00fdm monstr\u016fm a zlu, kter\u00e9 ho neust\u00e1le ohro\u017euje. Ov\u0161em, takov\u00fdch p\u0159edm\u011bt\u016f je ve h\u0159e mnoho a proto se d\u011bl\u00ed do [&#8230;]<\/p>\n<p><a class=\"btn btn-secondary understrap-read-more-link\" href=\"https:\/\/www.diablofans.cz\/d2\/normalni-predmety\/\">\u010c\u00edst d\u00e1le&#8230;<span class=\"screen-reader-text\"> from P\u0159edm\u011bty &#8211; Norm\u00e1ln\u00ed<\/span><\/a><\/p>\n","protected":false},"author":1,"featured_media":0,"parent":0,"menu_order":0,"comment_status":"open","ping_status":"open","template":"","meta":{"footnotes":""},"class_list":["post-3055","page","type-page","status-publish","hentry"],"_links":{"self":[{"href":"https:\/\/www.diablofans.cz\/d2\/wp-json\/wp\/v2\/pages\/3055","targetHints":{"allow":["GET"]}}],"collection":[{"href":"https:\/\/www.diablofans.cz\/d2\/wp-json\/wp\/v2\/pages"}],"about":[{"href":"https:\/\/www.diablofans.cz\/d2\/wp-json\/wp\/v2\/types\/page"}],"author":[{"embeddable":true,"href":"https:\/\/www.diablofans.cz\/d2\/wp-json\/wp\/v2\/users\/1"}],"replies":[{"embeddable":true,"href":"https:\/\/www.diablofans.cz\/d2\/wp-json\/wp\/v2\/comments?post=3055"}],"version-history":[{"count":1,"href":"https:\/\/www.diablofans.cz\/d2\/wp-json\/wp\/v2\/pages\/3055\/revisions"}],"predecessor-version":[{"id":4186,"href":"https:\/\/www.diablofans.cz\/d2\/wp-json\/wp\/v2\/pages\/3055\/revisions\/4186"}],"wp:attachment":[{"href":"https:\/\/www.diablofans.cz\/d2\/wp-json\/wp\/v2\/media?parent=3055"}],"curies":[{"name":"wp","href":"https:\/\/api.w.org\/{rel}","templated":true}]}}