{"id":3112,"date":"2018-08-25T22:08:50","date_gmt":"2018-08-25T20:08:50","guid":{"rendered":"http:\/\/diablofans.ddev.site\/d2\/predmety-exceptional-swords\/"},"modified":"2018-08-25T22:08:50","modified_gmt":"2018-08-25T20:08:50","slug":"predmety-exceptional-swords","status":"publish","type":"page","link":"https:\/\/www.diablofans.cz\/d2\/predmety-exceptional-swords\/","title":{"rendered":"P\u0159edm\u011bty &#8211; Exceptional &#8211; Swords"},"content":{"rendered":"<br \/>\n<h3>One-Handed<\/h3>\n<table style=\"text-align:center\">\n<thead>\n<tr>\n<th><span style=\"font-size: 85%;\"> N\u00e1zev <\/span><\/th>\n<th><span style=\"font-size: 85%;\"> Min\/Max One Hand Dmg <\/span><\/th>\n<th><span style=\"font-size: 85%;\"> Level Req. <\/span><\/th>\n<th><span style=\"font-size: 85%;\"> Min Str. <\/span><\/th>\n<th><span style=\"font-size: 85%;\"> Min Dex. <\/span><\/th>\n<th><span style=\"font-size: 85%;\"> <a href=\"https:\/\/www.diablofans.cz\/d2\/dosah-a-vzdialenost#meleerange\">Rangeadder<\/a> <\/span><\/th>\n<th><span style=\"font-size: 85%;\"> Durability <\/span><\/th>\n<th><span style=\"font-size: 85%;\"> Socket\u016f <\/span><\/th>\n<th><span style=\"font-size: 85%;\"> Speed by Class <\/span><\/th>\n<th><span style=\"font-size: 85%;\"> Quality Level <\/span><\/th>\n<\/tr>\n<\/thead>\n<tbody>\n<tr>\n<td><img loading=\"lazy\" decoding=\"async\" src=\"https:\/\/www.diablofans.cz\/d2\/wp-content\/uploads\/2018\/08\/shortsword.gif\" class=\"img-center\" alt=\"nahled\" width=\"62\" height=\"118\" \/> Gladius<\/td>\n<td>8\u201322<br \/> (15 Avg)<\/td>\n<td>18<\/td>\n<td>25<\/td>\n<td>\u2013<\/td>\n<td>0<\/td>\n<td>24<\/td>\n<td>2<\/td>\n<td>[0]<br \/> Ama, Asn, B, D, N, P\u00a0\u2013 Fast<br \/> S\u00a0\u2013 Normal<\/td>\n<td>30<\/td>\n<\/tr>\n<tr>\n<td><img loading=\"lazy\" decoding=\"async\" src=\"https:\/\/www.diablofans.cz\/d2\/wp-content\/uploads\/2018\/08\/scimitar.gif\" class=\"img-center\" alt=\"nahled\" width=\"62\" height=\"118\" \/> Cutlass<\/td>\n<td>8\u201321<br \/> (14,5\u00a0Avg)<\/td>\n<td>25<\/td>\n<td>25<\/td>\n<td>52<\/td>\n<td>0<\/td>\n<td>22<\/td>\n<td>2<\/td>\n<td>[-30]<br \/> Ama, Asn, B, D, N, P, S\u00a0\u2013 Very Fast<\/td>\n<td>43<\/td>\n<\/tr>\n<tr>\n<td><img loading=\"lazy\" decoding=\"async\" src=\"https:\/\/www.diablofans.cz\/d2\/wp-content\/uploads\/2018\/08\/saber.gif\" class=\"img-center\" alt=\"nahled\" width=\"62\" height=\"118\" \/> Shamshir<\/td>\n<td>10\u201324<br \/> (17 Avg)<\/td>\n<td>23<\/td>\n<td>58<\/td>\n<td>58<\/td>\n<td>0<\/td>\n<td>32<\/td>\n<td>2<\/td>\n<td>[-10]<br \/> Asn, P\u00a0\u2013 Very Fast<br \/> Ama, B, D, N, S\u00a0\u2013 Fast<\/td>\n<td>35<\/td>\n<\/tr>\n<tr>\n<td><img loading=\"lazy\" decoding=\"async\" src=\"https:\/\/www.diablofans.cz\/d2\/wp-content\/uploads\/2018\/08\/falchion.gif\" class=\"img-center\" alt=\"nahled\" width=\"62\" height=\"118\" \/> Tulwar<\/td>\n<td>16\u201335<br \/> (25,5\u00a0Avg)<\/td>\n<td>25<\/td>\n<td>70<\/td>\n<td>42<\/td>\n<td>0<\/td>\n<td>32<\/td>\n<td>2<\/td>\n<td>[20]<br \/> Asn, P\u00a0\u2013 Normal<br \/> Ama, B, D, N, S\u00a0\u2013 Slow<\/td>\n<td>37<\/td>\n<\/tr>\n<tr>\n<td><img loading=\"lazy\" decoding=\"async\" src=\"https:\/\/www.diablofans.cz\/d2\/wp-content\/uploads\/2018\/08\/crystalsword.gif\" class=\"img-center\" alt=\"nahled\" width=\"62\" height=\"118\" \/> Dimensional Blade<\/td>\n<td>13\u201335<br \/> (24 Avg)<\/td>\n<td>25<\/td>\n<td>85<\/td>\n<td>60<\/td>\n<td>1<\/td>\n<td>20<\/td>\n<td>6<\/td>\n<td>[0]<br \/> Ama, Asn, B, D, N, P\u00a0\u2013 Fast<br \/> S\u00a0\u2013 Normal<\/td>\n<td>37<\/td>\n<\/tr>\n<tr>\n<td><img loading=\"lazy\" decoding=\"async\" src=\"https:\/\/www.diablofans.cz\/d2\/wp-content\/uploads\/2018\/08\/broadsword.gif\" class=\"img-center\" alt=\"nahled\" width=\"62\" height=\"118\" \/> Battle Sword<\/td>\n<td>16\u201334<br \/> (25 Avg)<\/td>\n<td>25<\/td>\n<td>92<\/td>\n<td>43<\/td>\n<td>0<\/td>\n<td>32<\/td>\n<td>4<\/td>\n<td>[0]<br \/> Ama, Asn, B, D, N, P\u00a0\u2013 Fast<br \/> S\u00a0\u2013 Normal<\/td>\n<td>40<\/td>\n<\/tr>\n<tr>\n<td><img loading=\"lazy\" decoding=\"async\" src=\"https:\/\/www.diablofans.cz\/d2\/wp-content\/uploads\/2018\/08\/longsword.gif\" class=\"img-center\" alt=\"nahled\" width=\"62\" height=\"118\" \/> Rune Sword<\/td>\n<td>10\u201342<br \/> (26 Avg)<\/td>\n<td>25<\/td>\n<td>103<\/td>\n<td>79<\/td>\n<td>1<\/td>\n<td>44<\/td>\n<td>4<\/td>\n<td>[-10]<br \/> Asn, P\u00a0\u2013 Very Fast<br \/> Ama, B, D, N, S\u00a0\u2013 Fast<\/td>\n<td>44<\/td>\n<\/tr>\n<tr>\n<td><img loading=\"lazy\" decoding=\"async\" src=\"https:\/\/www.diablofans.cz\/d2\/wp-content\/uploads\/2018\/08\/warsword.gif\" class=\"img-center\" alt=\"nahled\" width=\"62\" height=\"118\" \/> Ancient Sword<\/td>\n<td>18\u201343<br \/> (30,5\u00a0Avg)<\/td>\n<td>25<\/td>\n<td>127<\/td>\n<td>88<\/td>\n<td>1<\/td>\n<td>44<\/td>\n<td>3<\/td>\n<td>[0]<br \/> Ama, Asn, B, D, N, P\u00a0\u2013 Fast<br \/> S\u00a0\u2013 Normal<\/td>\n<td>49<\/td>\n<\/tr>\n<\/tbody>\n<\/table>\n<p style=\"text-align:center\">&#8212;\u00a0\u2014 &#8212;\u00a0\u2014 &#8212;\u00a0\u2014 &#8212;\u00a0\u2014 &#8212;\u00a0\u2014 &#8212;\u00a0\u2014 &#8212;\u00a0\u2014 &#8212;\u00a0\u2014 &#8212;\u00a0\u2014 &#8212;\u00a0\u2014 &#8212;\u00a0\u2014\u00a0&#8212;<\/p>\n<h3>Two-Handed<\/h3>\n<table style=\"text-align:center\">\n<thead>\n<tr>\n<th><span style=\"font-size: 80%;\"> N\u00e1zev <\/span><\/th>\n<th><span style=\"font-size: 80%;\"> Min\/Max One Hand Dmg (Barbarian Only)<\/span><\/th>\n<th><span style=\"font-size: 80%;\"> Min\/Max Two Hand Dmg <\/span><\/th>\n<th><span style=\"font-size: 80%;\"> Level Req. <\/span><\/th>\n<th><span style=\"font-size: 80%;\"> Min Str. <\/span><\/th>\n<th><span style=\"font-size: 80%;\"> Min Dex. <\/span><\/th>\n<th><span style=\"font-size: 75%;\"> <a href=\"https:\/\/www.diablofans.cz\/d2\/dosah-a-vzdialenost#meleerange\">Rangeadder<\/a> <\/span><\/th>\n<th><span style=\"font-size: 80%;\"> Dura- bility <\/span><\/th>\n<th><span style=\"font-size: 80%;\"> Socket\u016f <\/span><\/th>\n<th><span style=\"font-size: 80%;\"> Speed by Class <\/span><\/th>\n<th><span style=\"font-size: 80%;\"> Quality Level <\/span><\/th>\n<\/tr>\n<\/thead>\n<tbody>\n<tr>\n<td><img loading=\"lazy\" decoding=\"async\" src=\"https:\/\/www.diablofans.cz\/d2\/wp-content\/uploads\/2018\/08\/2hsword.gif\" class=\"img-center\" alt=\"nahled\" width=\"62\" height=\"118\" \/> Espandon<\/td>\n<td><span style=\"font-size: 80%;\"> 8\u201326<br \/> (17 Avg) <\/span><\/td>\n<td><span style=\"font-size: 80%;\"> 18\u201340<br \/> (29 Avg) <\/span><\/td>\n<td>25<\/td>\n<td>73<\/td>\n<td>61<\/td>\n<td>2<\/td>\n<td>44<\/td>\n<td>3<\/td>\n<td><span style=\"font-size: 80%;\"> [0]<br \/> Ama, Asn, B, D, N, P\u00a0\u2013 Fast<br \/> S\u00a0\u2013 Normal\u00a0<\/span><\/td>\n<td>37<\/td>\n<\/tr>\n<tr>\n<td><img loading=\"lazy\" decoding=\"async\" src=\"https:\/\/www.diablofans.cz\/d2\/wp-content\/uploads\/2018\/08\/claymore.gif\" class=\"img-center\" alt=\"nahled\" width=\"62\" height=\"118\" \/> Dacian Falx<\/td>\n<td><span style=\"font-size: 80%;\"> 13\u201330<br \/> (21,5\u00a0Avg) <\/span><\/td>\n<td><span style=\"font-size: 80%;\"> 26\u201361<br \/> (43,5\u00a0Avg) <\/span><\/td>\n<td>25<\/td>\n<td>91<\/td>\n<td>20<\/td>\n<td>2<\/td>\n<td>50<\/td>\n<td>4<\/td>\n<td><span style=\"font-size: 80%;\"> [10]<br \/> Asn, P\u00a0\u2013 Fast<br \/> Ama, B, D, N, S\u00a0\u2013 Normal\u00a0<\/span><\/td>\n<td>42<\/td>\n<\/tr>\n<tr>\n<td><img loading=\"lazy\" decoding=\"async\" src=\"https:\/\/www.diablofans.cz\/d2\/wp-content\/uploads\/2018\/08\/giantsword.gif\" class=\"img-center\" alt=\"nahled\" width=\"62\" height=\"118\" \/> Tusk Sword<\/td>\n<td><span style=\"font-size: 80%;\"> 10\u201337<br \/> (23,5\u00a0Avg) <\/span><\/td>\n<td><span style=\"font-size: 80%;\"> 19\u201358<br \/> (38,5\u00a0Avg) <\/span><\/td>\n<td>25<\/td>\n<td>104<\/td>\n<td>71<\/td>\n<td>2<\/td>\n<td>50<\/td>\n<td>4<\/td>\n<td><span style=\"font-size: 80%;\"> [0]<br \/> Ama, Asn, B, D, N, P\u00a0\u2013 Fast<br \/> S\u00a0\u2013 Normal\u00a0<\/span><\/td>\n<td>45<\/td>\n<\/tr>\n<tr>\n<td><img loading=\"lazy\" decoding=\"async\" src=\"https:\/\/www.diablofans.cz\/d2\/wp-content\/uploads\/2018\/08\/bastardsword.gif\" class=\"img-center\" alt=\"nahled\" width=\"62\" height=\"118\" \/> Gothic Sword<\/td>\n<td><span style=\"font-size: 80%;\"> 14\u201340<br \/> (27 Avg) <\/span><\/td>\n<td><span style=\"font-size: 80%;\"> 39\u201360<br \/> (49,5\u00a0Avg) <\/span><\/td>\n<td>25<\/td>\n<td>113<\/td>\n<td>20<\/td>\n<td>1<\/td>\n<td>40<\/td>\n<td>4<\/td>\n<td><span style=\"font-size: 80%;\"> [10]<br \/> Asn, P\u00a0\u2013 Fast<br \/> Ama, B, D, N, S\u00a0\u2013 Normal\u00a0<\/span><\/td>\n<td>48<\/td>\n<\/tr>\n<tr>\n<td><img loading=\"lazy\" decoding=\"async\" src=\"https:\/\/www.diablofans.cz\/d2\/wp-content\/uploads\/2018\/08\/flamberge.gif\" class=\"img-center\" alt=\"nahled\" width=\"62\" height=\"118\" \/> Zweihander<\/td>\n<td><span style=\"font-size: 80%;\"> 19\u201335<br \/> (27 Avg) <\/span><\/td>\n<td><span style=\"font-size: 80%;\"> 29\u201354<br \/> (41,5\u00a0Avg) <\/span><\/td>\n<td>25<\/td>\n<td>125<\/td>\n<td>94<\/td>\n<td>2<\/td>\n<td>50<\/td>\n<td>5<\/td>\n<td><span style=\"font-size: 80%;\"> [-10]<br \/> Asn, P\u00a0\u2013 Very Fast<br \/> Ama, B, D, N, S\u00a0\u2013 Fast\u00a0<\/span><\/td>\n<td>49<\/td>\n<\/tr>\n<tr>\n<td><img loading=\"lazy\" decoding=\"async\" src=\"https:\/\/www.diablofans.cz\/d2\/wp-content\/uploads\/2018\/08\/greatsword.gif\" class=\"img-center\" alt=\"nahled\" width=\"62\" height=\"118\" \/> Executioner Sword<\/td>\n<td><span style=\"font-size: 80%;\"> 24\u201340<br \/> (32 Avg) <\/span><\/td>\n<td><span style=\"font-size: 80%;\"> 47\u201380<br \/> (63,5\u00a0Avg) <\/span><\/td>\n<td>25<\/td>\n<td>170<\/td>\n<td>110<\/td>\n<td>2<\/td>\n<td>50<\/td>\n<td>6<\/td>\n<td><span style=\"font-size: 80%;\"> [10]<br \/> Asn, P\u00a0\u2013 Fast<br \/> Ama, B, D, N, S\u00a0\u2013 Normal\u00a0<\/span><\/td>\n<td>54<\/td>\n<\/tr>\n<\/tbody>\n<\/table>\n<p style=\"text-align:center\">&#8212;\u00a0\u2014 &#8212;\u00a0\u2014 &#8212;\u00a0\u2014 &#8212;\u00a0\u2014 &#8212;\u00a0\u2014 &#8212;\u00a0\u2014 &#8212;\u00a0\u2014 &#8212;\u00a0\u2014 &#8212;\u00a0\u2014 &#8212;\u00a0\u2014 &#8212;\u00a0\u2014\u00a0&#8212;<\/p>\n<p style=\"text-align:center\"><a href=\"https:\/\/www.diablofans.cz\/d2\/normalni-predmety#exceptional\">\u00ab Zp\u011bt na p\u0159ehled norm\u00e1ln\u00edch p\u0159edm\u011bt\u016f. \u00ab<\/a><\/p>\n<p> <!-- by Texy2! --><\/p>\n","protected":false},"excerpt":{"rendered":"<p>One-Handed N\u00e1zev Min\/Max One Hand Dmg Level Req. Min Str. Min Dex. Rangeadder Durability Socket\u016f Speed by Class Quality Level Gladius 8\u201322 (15 Avg) 18 25 \u2013 0 24 2 [0] Ama, Asn, B, D, N, P\u00a0\u2013 Fast S\u00a0\u2013 Normal 30 Cutlass 8\u201321 (14,5\u00a0Avg) 25 25 52 0 22 2 [-30] Ama, Asn, B, D, [&#8230;]<\/p>\n<p><a class=\"btn btn-secondary understrap-read-more-link\" href=\"https:\/\/www.diablofans.cz\/d2\/predmety-exceptional-swords\/\">\u010c\u00edst d\u00e1le&#8230;<span class=\"screen-reader-text\"> from P\u0159edm\u011bty &#8211; Exceptional &#8211; Swords<\/span><\/a><\/p>\n","protected":false},"author":1,"featured_media":0,"parent":0,"menu_order":0,"comment_status":"open","ping_status":"open","template":"","meta":{"footnotes":""},"class_list":["post-3112","page","type-page","status-publish","hentry"],"_links":{"self":[{"href":"https:\/\/www.diablofans.cz\/d2\/wp-json\/wp\/v2\/pages\/3112","targetHints":{"allow":["GET"]}}],"collection":[{"href":"https:\/\/www.diablofans.cz\/d2\/wp-json\/wp\/v2\/pages"}],"about":[{"href":"https:\/\/www.diablofans.cz\/d2\/wp-json\/wp\/v2\/types\/page"}],"author":[{"embeddable":true,"href":"https:\/\/www.diablofans.cz\/d2\/wp-json\/wp\/v2\/users\/1"}],"replies":[{"embeddable":true,"href":"https:\/\/www.diablofans.cz\/d2\/wp-json\/wp\/v2\/comments?post=3112"}],"version-history":[{"count":0,"href":"https:\/\/www.diablofans.cz\/d2\/wp-json\/wp\/v2\/pages\/3112\/revisions"}],"wp:attachment":[{"href":"https:\/\/www.diablofans.cz\/d2\/wp-json\/wp\/v2\/media?parent=3112"}],"curies":[{"name":"wp","href":"https:\/\/api.w.org\/{rel}","templated":true}]}}