{"id":3117,"date":"2018-08-25T22:08:50","date_gmt":"2018-08-25T20:08:50","guid":{"rendered":"http:\/\/diablofans.ddev.site\/d2\/predmety-elite-boots\/"},"modified":"2018-08-25T22:08:50","modified_gmt":"2018-08-25T20:08:50","slug":"predmety-elite-boots","status":"publish","type":"page","link":"https:\/\/www.diablofans.cz\/d2\/predmety-elite-boots\/","title":{"rendered":"P\u0159edm\u011bty &#8211; Elite &#8211; Boots"},"content":{"rendered":"<br \/>\n<table style=\"text-align:center\">\n<thead>\n<tr>\n<th>N\u00e1zev<\/th>\n<th>Min\/Max Defense<\/th>\n<th>Level Requirement<\/th>\n<th>Min Strength<\/th>\n<th>Durability<\/th>\n<th>Assassin Kick Damage<\/th>\n<th>Quality Level<\/th>\n<\/tr>\n<\/thead>\n<tbody>\n<tr>\n<td><img loading=\"lazy\" decoding=\"async\" src=\"https:\/\/www.diablofans.cz\/d2\/wp-content\/uploads\/2018\/08\/leatherboots.gif\" class=\"img-center\" alt=\"leatherboots\" width=\"62\" height=\"63\" \/><br \/> Wyrmhide Boots<\/td>\n<td>54\u201362<\/td>\n<td>45<\/td>\n<td>50<\/td>\n<td>12<\/td>\n<td>65\u2013100<\/td>\n<td>60<\/td>\n<\/tr>\n<tr>\n<td><img loading=\"lazy\" decoding=\"async\" src=\"https:\/\/www.diablofans.cz\/d2\/wp-content\/uploads\/2018\/08\/heavyboots.gif\" class=\"img-center\" alt=\"heavyboots\" width=\"62\" height=\"63\" \/><br \/> Scarabshell Boots<\/td>\n<td>56\u201365<\/td>\n<td>49<\/td>\n<td>91<\/td>\n<td>14<\/td>\n<td>60\u2013110<\/td>\n<td>66<\/td>\n<\/tr>\n<tr>\n<td><img loading=\"lazy\" decoding=\"async\" src=\"https:\/\/www.diablofans.cz\/d2\/wp-content\/uploads\/2018\/08\/chainboots.gif\" class=\"img-center\" alt=\"chainboots\" width=\"62\" height=\"63\" \/><br \/> Boneweave Boots<\/td>\n<td>59\u201367<\/td>\n<td>54<\/td>\n<td>118<\/td>\n<td>16<\/td>\n<td>69\u2013118<\/td>\n<td>72<\/td>\n<\/tr>\n<tr>\n<td><img loading=\"lazy\" decoding=\"async\" src=\"https:\/\/www.diablofans.cz\/d2\/wp-content\/uploads\/2018\/08\/lightplateboots.gif\" class=\"img-center\" alt=\"lightplateboots\" width=\"62\" height=\"63\" \/><br \/> Mirrored Boots<\/td>\n<td>59\u201368<\/td>\n<td>60<\/td>\n<td>163<\/td>\n<td>18<\/td>\n<td>50\u2013145<\/td>\n<td>81<\/td>\n<\/tr>\n<tr>\n<td><img loading=\"lazy\" decoding=\"async\" src=\"https:\/\/www.diablofans.cz\/d2\/wp-content\/uploads\/2018\/08\/plateboots.gif\" class=\"img-center\" alt=\"plateboots\" width=\"62\" height=\"63\" \/><br \/> Myrmidon Greaves<\/td>\n<td>62\u201371<\/td>\n<td>65<\/td>\n<td>208<\/td>\n<td>24<\/td>\n<td>83\u2013149<\/td>\n<td>85<\/td>\n<\/tr>\n<\/tbody>\n<\/table>\n<p style=\"text-align:center\">&#8212;\u00a0\u2014 &#8212;\u00a0\u2014 &#8212;\u00a0\u2014 &#8212;\u00a0\u2014 &#8212;\u00a0\u2014 &#8212;\u00a0\u2014 &#8212;\u00a0\u2014 &#8212;\u00a0\u2014 &#8212;\u00a0\u2014 &#8212;\u00a0\u2014 &#8212;\u00a0\u2014\u00a0&#8212;<\/p>\n<p style=\"text-align:center\"><a href=\"https:\/\/www.diablofans.cz\/d2\/normalni-predmety#elite\">\u00ab Zp\u011bt na p\u0159ehled norm\u00e1ln\u00edch p\u0159edm\u011bt\u016f. \u00ab<\/a><\/p>\n<p> <!-- by Texy2! --><\/p>\n","protected":false},"excerpt":{"rendered":"<p>N\u00e1zev Min\/Max Defense Level Requirement Min Strength Durability Assassin Kick Damage Quality Level Wyrmhide Boots 54\u201362 45 50 12 65\u2013100 60 Scarabshell Boots 56\u201365 49 91 14 60\u2013110 66 Boneweave Boots 59\u201367 54 118 16 69\u2013118 72 Mirrored Boots 59\u201368 60 163 18 50\u2013145 81 Myrmidon Greaves 62\u201371 65 208 24 83\u2013149 85 &#8212;\u00a0\u2014 &#8212;\u00a0\u2014 [&#8230;]<\/p>\n<p><a class=\"btn btn-secondary understrap-read-more-link\" href=\"https:\/\/www.diablofans.cz\/d2\/predmety-elite-boots\/\">\u010c\u00edst d\u00e1le&#8230;<span class=\"screen-reader-text\"> from P\u0159edm\u011bty &#8211; Elite &#8211; Boots<\/span><\/a><\/p>\n","protected":false},"author":1,"featured_media":0,"parent":0,"menu_order":0,"comment_status":"open","ping_status":"open","template":"","meta":{"footnotes":""},"class_list":["post-3117","page","type-page","status-publish","hentry"],"_links":{"self":[{"href":"https:\/\/www.diablofans.cz\/d2\/wp-json\/wp\/v2\/pages\/3117","targetHints":{"allow":["GET"]}}],"collection":[{"href":"https:\/\/www.diablofans.cz\/d2\/wp-json\/wp\/v2\/pages"}],"about":[{"href":"https:\/\/www.diablofans.cz\/d2\/wp-json\/wp\/v2\/types\/page"}],"author":[{"embeddable":true,"href":"https:\/\/www.diablofans.cz\/d2\/wp-json\/wp\/v2\/users\/1"}],"replies":[{"embeddable":true,"href":"https:\/\/www.diablofans.cz\/d2\/wp-json\/wp\/v2\/comments?post=3117"}],"version-history":[{"count":0,"href":"https:\/\/www.diablofans.cz\/d2\/wp-json\/wp\/v2\/pages\/3117\/revisions"}],"wp:attachment":[{"href":"https:\/\/www.diablofans.cz\/d2\/wp-json\/wp\/v2\/media?parent=3117"}],"curies":[{"name":"wp","href":"https:\/\/api.w.org\/{rel}","templated":true}]}}