{"id":3120,"date":"2018-08-25T22:08:50","date_gmt":"2018-08-25T20:08:50","guid":{"rendered":"http:\/\/diablofans.ddev.site\/d2\/predmety-elite-shields\/"},"modified":"2018-08-25T22:08:50","modified_gmt":"2018-08-25T20:08:50","slug":"predmety-elite-shields","status":"publish","type":"page","link":"https:\/\/www.diablofans.cz\/d2\/predmety-elite-shields\/","title":{"rendered":"P\u0159edm\u011bty &#8211; Elite &#8211; Shields"},"content":{"rendered":"<br \/>\n<table style=\"text-align:center\">\n<thead>\n<tr>\n<th><span style=\"font-size: 80%;\"> N\u00e1zev <\/span><\/th>\n<th><span style=\"font-size: 80%;\"> Min\/Max Defense <\/span><\/th>\n<th title=\"Level Requirement\"><span style=\"font-size: 80%;\"> Lvl Req. <\/span><\/th>\n<th><span style=\"font-size: 80%;\"> Min Str. <\/span><\/th>\n<th><span style=\"font-size: 80%;\"> % Block <\/span><\/th>\n<th><span style=\"font-size: 80%;\"> Durability <\/span><\/th>\n<th><span style=\"font-size: 80%;\"> Socket\u016f <\/span><\/th>\n<th><span style=\"font-size: 80%;\"> Paladin Smite Damage <\/span><\/th>\n<th><span style=\"font-size: 80%;\"> Typ <\/span><\/th>\n<th><span style=\"font-size: 80%;\"> Quality Level <\/span><\/th>\n<\/tr>\n<\/thead>\n<tbody>\n<tr>\n<td><img loading=\"lazy\" decoding=\"async\" src=\"https:\/\/www.diablofans.cz\/d2\/wp-content\/uploads\/2018\/08\/buckler.gif\" class=\"img-center\" alt=\"buckler\" width=\"62\" height=\"118\" \/><br \/> Heater<\/td>\n<td>95\u2013110<\/td>\n<td>43<\/td>\n<td>77<\/td>\n<td>[22]<br \/> pal: 52%<br \/> ama\/asn\/bar: 47%<br \/> dru\/nec\/sor:\u00a042%<\/td>\n<td>88<\/td>\n<td>2<\/td>\n<td>16\u201330<\/td>\n<td>Light<\/td>\n<td>58<\/td>\n<\/tr>\n<tr>\n<td><img loading=\"lazy\" decoding=\"async\" src=\"https:\/\/www.diablofans.cz\/d2\/wp-content\/uploads\/2018\/08\/smallshield.gif\" class=\"img-center\" alt=\"smallshield\" width=\"62\" height=\"118\" \/><br \/> Luna<\/td>\n<td>108\u2013123<\/td>\n<td>45<\/td>\n<td>100<\/td>\n<td>[20]<br \/> pal: 50%<br \/> ama\/asn\/bar: 45%<br \/> dru\/nec\/sor:\u00a040%<\/td>\n<td>84<\/td>\n<td>2<\/td>\n<td>17\u201329<\/td>\n<td>Light<\/td>\n<td>61<\/td>\n<\/tr>\n<tr>\n<td><img loading=\"lazy\" decoding=\"async\" src=\"https:\/\/www.diablofans.cz\/d2\/wp-content\/uploads\/2018\/08\/largeshield.gif\" class=\"img-center\" alt=\"largeshield\" width=\"62\" height=\"118\" \/><br \/> Hyperion<\/td>\n<td>119\u2013135<\/td>\n<td>48<\/td>\n<td>127<\/td>\n<td>[24]<br \/> pal: 54%<br \/> ama\/asn\/bar: 49%<br \/> dru\/nec\/sor:\u00a044%<\/td>\n<td>82<\/td>\n<td>3<\/td>\n<td>14\u201332<\/td>\n<td>Medium<\/td>\n<td>64<\/td>\n<\/tr>\n<tr>\n<td><img loading=\"lazy\" decoding=\"async\" src=\"https:\/\/www.diablofans.cz\/d2\/wp-content\/uploads\/2018\/08\/kiteshield.gif\" class=\"img-center\" alt=\"kiteshield\" width=\"62\" height=\"118\" \/><br \/> Monarch<\/td>\n<td>133\u2013148<\/td>\n<td>54<\/td>\n<td>156<\/td>\n<td>[22]<br \/> pal: 52%<br \/> ama\/asn\/bar: 47%<br \/> dru\/nec\/sor:\u00a042%<\/td>\n<td>86<\/td>\n<td>4<\/td>\n<td>12\u201334<\/td>\n<td>Light<\/td>\n<td>72<\/td>\n<\/tr>\n<tr>\n<td><img loading=\"lazy\" decoding=\"async\" src=\"https:\/\/www.diablofans.cz\/d2\/wp-content\/uploads\/2018\/08\/spikedshield.gif\" class=\"img-center\" alt=\"spikedshield\" width=\"62\" height=\"118\" \/><br \/> Blade Barrier<\/td>\n<td>147\u2013163<\/td>\n<td>51<\/td>\n<td>118<\/td>\n<td>[20]<br \/> pal: 50%<br \/> ama\/asn\/bar: 45%<br \/> dru\/nec\/sor:\u00a040%<\/td>\n<td>83<\/td>\n<td>3<\/td>\n<td>26\u201340<\/td>\n<td>Light<\/td>\n<td>68<\/td>\n<\/tr>\n<tr>\n<td><img loading=\"lazy\" decoding=\"async\" src=\"https:\/\/www.diablofans.cz\/d2\/wp-content\/uploads\/2018\/08\/towershield.gif\" class=\"img-center\" alt=\"towershield\" width=\"62\" height=\"118\" \/><br \/> Aegis<\/td>\n<td>145\u2013161<\/td>\n<td>59<\/td>\n<td>219<\/td>\n<td>[24]<br \/> pal: 54%<br \/> ama\/asn\/bar: 49%<br \/> dru\/nec\/sor:\u00a044%<\/td>\n<td>92<\/td>\n<td>4<\/td>\n<td>18\u201328<\/td>\n<td>Heavy<\/td>\n<td>79<\/td>\n<\/tr>\n<tr>\n<td><img loading=\"lazy\" decoding=\"async\" src=\"https:\/\/www.diablofans.cz\/d2\/wp-content\/uploads\/2018\/08\/boneshield.gif\" class=\"img-center\" alt=\"boneshield\" width=\"62\" height=\"118\" \/><br \/> Troll Nest<\/td>\n<td>158\u2013173<\/td>\n<td>57<\/td>\n<td>106<\/td>\n<td>[20]<br \/> pal: 50%<br \/> ama\/asn\/bar: 45%<br \/> dru\/nec\/sor:\u00a040%<\/td>\n<td>74<\/td>\n<td>3<\/td>\n<td>24\u201338<\/td>\n<td>Light<\/td>\n<td>76<\/td>\n<\/tr>\n<tr>\n<td><img loading=\"lazy\" decoding=\"async\" src=\"https:\/\/www.diablofans.cz\/d2\/wp-content\/uploads\/2018\/08\/gothicshield.gif\" class=\"img-center\" alt=\"gothicshield\" width=\"62\" height=\"118\" \/><br \/> Ward<\/td>\n<td>153\u2013170<\/td>\n<td>63<\/td>\n<td>185<\/td>\n<td>[24]<br \/> pal: 54%<br \/> ama\/asn\/bar: 49%<br \/> dru\/nec\/sor:\u00a044%<\/td>\n<td>100<\/td>\n<td>4<\/td>\n<td>11\u201335<\/td>\n<td>Medium<\/td>\n<td>84<\/td>\n<\/tr>\n<\/tbody>\n<\/table>\n<p style=\"text-align:center\">&#8212;\u00a0\u2014 &#8212;\u00a0\u2014 &#8212;\u00a0\u2014 &#8212;\u00a0\u2014 &#8212;\u00a0\u2014 &#8212;\u00a0\u2014 &#8212;\u00a0\u2014 &#8212;\u00a0\u2014 &#8212;\u00a0\u2014 &#8212;\u00a0\u2014 &#8212;\u00a0\u2014\u00a0&#8212;<\/p>\n<p style=\"text-align:center\"><a href=\"https:\/\/www.diablofans.cz\/d2\/normalni-predmety#elite\">\u00ab Zp\u011bt na p\u0159ehled norm\u00e1ln\u00edch p\u0159edm\u011bt\u016f. \u00ab<\/a><\/p>\n<p> <!-- by Texy2! --><\/p>\n","protected":false},"excerpt":{"rendered":"<p>N\u00e1zev Min\/Max Defense Lvl Req. Min Str. % Block Durability Socket\u016f Paladin Smite Damage Typ Quality Level Heater 95\u2013110 43 77 [22] pal: 52% ama\/asn\/bar: 47% dru\/nec\/sor:\u00a042% 88 2 16\u201330 Light 58 Luna 108\u2013123 45 100 [20] pal: 50% ama\/asn\/bar: 45% dru\/nec\/sor:\u00a040% 84 2 17\u201329 Light 61 Hyperion 119\u2013135 48 127 [24] pal: 54% ama\/asn\/bar: [&#8230;]<\/p>\n<p><a class=\"btn btn-secondary understrap-read-more-link\" href=\"https:\/\/www.diablofans.cz\/d2\/predmety-elite-shields\/\">\u010c\u00edst d\u00e1le&#8230;<span class=\"screen-reader-text\"> from P\u0159edm\u011bty &#8211; Elite &#8211; Shields<\/span><\/a><\/p>\n","protected":false},"author":1,"featured_media":0,"parent":0,"menu_order":0,"comment_status":"open","ping_status":"open","template":"","meta":{"footnotes":""},"class_list":["post-3120","page","type-page","status-publish","hentry"],"_links":{"self":[{"href":"https:\/\/www.diablofans.cz\/d2\/wp-json\/wp\/v2\/pages\/3120","targetHints":{"allow":["GET"]}}],"collection":[{"href":"https:\/\/www.diablofans.cz\/d2\/wp-json\/wp\/v2\/pages"}],"about":[{"href":"https:\/\/www.diablofans.cz\/d2\/wp-json\/wp\/v2\/types\/page"}],"author":[{"embeddable":true,"href":"https:\/\/www.diablofans.cz\/d2\/wp-json\/wp\/v2\/users\/1"}],"replies":[{"embeddable":true,"href":"https:\/\/www.diablofans.cz\/d2\/wp-json\/wp\/v2\/comments?post=3120"}],"version-history":[{"count":0,"href":"https:\/\/www.diablofans.cz\/d2\/wp-json\/wp\/v2\/pages\/3120\/revisions"}],"wp:attachment":[{"href":"https:\/\/www.diablofans.cz\/d2\/wp-json\/wp\/v2\/media?parent=3120"}],"curies":[{"name":"wp","href":"https:\/\/api.w.org\/{rel}","templated":true}]}}