{"id":3163,"date":"2018-08-25T22:08:51","date_gmt":"2018-08-25T20:08:51","guid":{"rendered":"http:\/\/diablofans.ddev.site\/d2\/avalon-buildy-paladin-smiter\/"},"modified":"2018-08-25T22:08:51","modified_gmt":"2018-08-25T20:08:51","slug":"avalon-buildy-paladin-smiter","status":"publish","type":"page","link":"https:\/\/www.diablofans.cz\/d2\/avalon-buildy-paladin-smiter\/","title":{"rendered":"Buildy &#8211; Avalon &#8211; Smiter"},"content":{"rendered":"\n<p>Klasick\u00fd smiter, rychl\u00fd a \u00fa\u010dinn\u00fd.<\/p>\n<h3>Skill pointy<\/h3>\n<ul>\n<li>20\u00a0Fanaticism<\/li>\n<li>20\u00a0Smite<\/li>\n<li>20\u00a0Holy Shield<\/li>\n<li>20\u00a0Defiance<\/li>\n<li>20\u00a0Charge<\/li>\n<\/ul>\n<p>Zbytek Might\u2026<\/p>\n<h3>Staty<\/h3>\n<p>V\u0161e do Vitality.<\/p>\n<h3>Vybaven\u00ed<\/h3>\n<ul>\n<li>Helma: Skull of a Brawler popr. Naga&#8217;s\u00a0Defender<\/li>\n<li>Torso: Juggernaut popr. Fabulous Powder, Pitiless Armor<\/li>\n<li>P\u00e1sek: Aurora, popr. Guardian<\/li>\n<li>Boty: Heaven Wings popr. Dwarf Shoes<\/li>\n<li>Rukavice: Ferocity Hand popr. Fist of Cruel Hate<\/li>\n<li>Prsteny: 2\u00d7 Holy Tear popr. Woe Ring, Chipped Worldstone<\/li>\n<li>Amulet: Pulverizer popr. Icon of Phoenix, Wildfire<\/li>\n<li>\u0160t\u00edt: The Trier popr. Windshield, Exile, Phoenix<\/li>\n<li>Zbra\u0148: Feral Sword popr. The Ghost<\/li>\n<\/ul>\n<h3>V\u00fdsledek<\/h3>\n<p>Dostane se v\u00e1m do ruky t\u00e9m\u011b\u0159 nesmrteln\u00fd vra\u017eedn\u00fd n\u00e1stroj s\u00a0hromadou hp a Life Tap p\u0159i ka\u017ed\u00e9m hitu. S\u00e1m zvl\u00e1dne Uber Tristram i\u00a0Pits of Acheron, pokud nen\u00ed p\u0159\u00edli\u0161 pre\u010d\u00edslen\u00fd. Zp\u011bt na seznam\u00a0build\u016f<\/p>\n<p style=\"text-align:center\">&#8212;\u00a0\u2014 &#8212;\u00a0\u2014 &#8212;\u00a0\u2014 &#8212;\u00a0\u2014 &#8212;\u00a0\u2014 &#8212;\u00a0\u2014 &#8212;\u00a0\u2014 &#8212;\u00a0\u2014 &#8212;\u00a0\u2014 &#8212;\u00a0\u2014 &#8212;\u00a0\u2014\u00a0&#8212;<\/p>\n<p style=\"text-align:center\"><a href=\"https:\/\/www.diablofans.cz\/d2\/mody-avalon\">\u00ab Zp\u011bt do sekce Mody\u00a0\u2013 Avalon.<\/a><\/p>\n<p><sub>Autor: Grammator<\/sub><\/p>\n<p> <!-- by Texy2! --><\/p>\n","protected":false},"excerpt":{"rendered":"<p>Klasick\u00fd smiter, rychl\u00fd a \u00fa\u010dinn\u00fd. Skill pointy 20\u00a0Fanaticism 20\u00a0Smite 20\u00a0Holy Shield 20\u00a0Defiance 20\u00a0Charge Zbytek Might\u2026 Staty V\u0161e do Vitality. Vybaven\u00ed Helma: Skull of a Brawler popr. Naga&#8217;s\u00a0Defender Torso: Juggernaut popr. Fabulous Powder, Pitiless Armor P\u00e1sek: Aurora, popr. Guardian Boty: Heaven Wings popr. Dwarf Shoes Rukavice: Ferocity Hand popr. Fist of Cruel Hate Prsteny: 2\u00d7 Holy [&#8230;]<\/p>\n<p><a class=\"btn btn-secondary understrap-read-more-link\" href=\"https:\/\/www.diablofans.cz\/d2\/avalon-buildy-paladin-smiter\/\">\u010c\u00edst d\u00e1le&#8230;<span class=\"screen-reader-text\"> from Buildy &#8211; Avalon &#8211; Smiter<\/span><\/a><\/p>\n","protected":false},"author":1,"featured_media":0,"parent":0,"menu_order":0,"comment_status":"open","ping_status":"open","template":"","meta":{"footnotes":""},"class_list":["post-3163","page","type-page","status-publish","hentry"],"_links":{"self":[{"href":"https:\/\/www.diablofans.cz\/d2\/wp-json\/wp\/v2\/pages\/3163","targetHints":{"allow":["GET"]}}],"collection":[{"href":"https:\/\/www.diablofans.cz\/d2\/wp-json\/wp\/v2\/pages"}],"about":[{"href":"https:\/\/www.diablofans.cz\/d2\/wp-json\/wp\/v2\/types\/page"}],"author":[{"embeddable":true,"href":"https:\/\/www.diablofans.cz\/d2\/wp-json\/wp\/v2\/users\/1"}],"replies":[{"embeddable":true,"href":"https:\/\/www.diablofans.cz\/d2\/wp-json\/wp\/v2\/comments?post=3163"}],"version-history":[{"count":0,"href":"https:\/\/www.diablofans.cz\/d2\/wp-json\/wp\/v2\/pages\/3163\/revisions"}],"wp:attachment":[{"href":"https:\/\/www.diablofans.cz\/d2\/wp-json\/wp\/v2\/media?parent=3163"}],"curies":[{"name":"wp","href":"https:\/\/api.w.org\/{rel}","templated":true}]}}