{"id":3178,"date":"2018-08-25T22:08:51","date_gmt":"2018-08-25T20:08:51","guid":{"rendered":"http:\/\/diablofans.ddev.site\/d2\/talismany-skillery-amazon\/"},"modified":"2018-08-25T22:08:51","modified_gmt":"2018-08-25T20:08:51","slug":"talismany-skillery-amazon","status":"publish","type":"page","link":"https:\/\/www.diablofans.cz\/d2\/talismany-skillery-amazon\/","title":{"rendered":"Talismany &#8211; Skillery &#8211; Amazon"},"content":{"rendered":"\n<div class=\"predmety\">\n<table>\n<tr>\n<td><img loading=\"lazy\" decoding=\"async\" src=\"https:\/\/www.diablofans.cz\/d2\/wp-content\/uploads\/2018\/08\/largecharm03.gif\" class=\"nahled\" alt=\"nahled-obrazku\" width=\"28\" height=\"84\" \/><\/td>\n<td>\n<h3 class=\"modra\"><a href=\"files\/predmety\/charmy\/skillery\/amazon\/acrobatic-grand-charm.d2i\">Acrobatic Grand Charm<\/a><\/h3>\n<ul class=\"zaklady\">\n<li>Keep in Inventory to Gain Bonus<\/li>\n<li>Required Level: 42<\/li>\n<\/ul>\n<ul class=\"vlastnosti\">\n<li>+1\u00a0to Passive and Magic Skills (Amazon Only)<\/li>\n<\/ul>\n<\/td>\n<\/tr>\n<tr>\n<td><img loading=\"lazy\" decoding=\"async\" src=\"https:\/\/www.diablofans.cz\/d2\/wp-content\/uploads\/2018\/08\/largecharm02.gif\" class=\"nahled\" alt=\"nahled-obrazku\" width=\"28\" height=\"84\" \/><\/td>\n<td>\n<h3 class=\"modra\"><a href=\"files\/predmety\/charmy\/skillery\/amazon\/acrobatic-grand-charm-of-frost.d2i\">Acrobatic Grand Charm of Frost<\/a><\/h3>\n<ul class=\"zaklady\">\n<li>Keep in Inventory to Gain Bonus<\/li>\n<li>Required Level: 42<\/li>\n<\/ul>\n<ul class=\"vlastnosti\">\n<li>Adds 1\u20132 cold damage over 1\u00a0seconds<\/li>\n<li>+1\u00a0to Passive and Magic Skills (Amazon Only)<\/li>\n<\/ul>\n<\/td>\n<\/tr>\n<tr>\n<td><img loading=\"lazy\" decoding=\"async\" src=\"https:\/\/www.diablofans.cz\/d2\/wp-content\/uploads\/2018\/08\/largecharm02.gif\" class=\"nahled\" alt=\"nahled-obrazku\" width=\"28\" height=\"84\" \/><\/td>\n<td>\n<h3 class=\"modra\"><a href=\"files\/predmety\/charmy\/skillery\/amazon\/acrobatic-grand-charm-of-incineration.d2i\">Acrobatic Grand Charm of Incineration<\/a><\/h3>\n<ul class=\"zaklady\">\n<li>Keep in Inventory to Gain Bonus<\/li>\n<li>Required Level: 42<\/li>\n<\/ul>\n<ul class=\"vlastnosti\">\n<li>Adds 6\u20139 fire damage<\/li>\n<li>+1\u00a0to Passive and Magic Skills (Amazon Only)<\/li>\n<\/ul>\n<\/td>\n<\/tr>\n<tr>\n<td><img loading=\"lazy\" decoding=\"async\" src=\"https:\/\/www.diablofans.cz\/d2\/wp-content\/uploads\/2018\/08\/largecharm03.gif\" class=\"nahled\" alt=\"nahled-obrazku\" width=\"28\" height=\"84\" \/><\/td>\n<td>\n<h3 class=\"modra\"><a href=\"files\/predmety\/charmy\/skillery\/amazon\/acrobatic-grand-charm-of-life.d2i\">Acrobatic Grand Charm of Life<\/a><\/h3>\n<ul class=\"zaklady\">\n<li>Keep in Inventory to Gain Bonus<\/li>\n<li>Required Level: 42<\/li>\n<\/ul>\n<ul class=\"vlastnosti\">\n<li>+14\u00a0to Life<\/li>\n<li>+1\u00a0to Passive and Magic Skills (Amazon Only)<\/li>\n<\/ul>\n<\/td>\n<\/tr>\n<tr>\n<td><img loading=\"lazy\" decoding=\"async\" src=\"https:\/\/www.diablofans.cz\/d2\/wp-content\/uploads\/2018\/08\/largecharm02.gif\" class=\"nahled\" alt=\"nahled-obrazku\" width=\"28\" height=\"84\" \/><\/td>\n<td>\n<h3 class=\"modra\"><a href=\"files\/predmety\/charmy\/skillery\/amazon\/acrobatic-grand-charm-of-maiming.d2i\">Acrobatic Grand Charm of Maiming<\/a><\/h3>\n<ul class=\"zaklady\">\n<li>Keep in Inventory to Gain Bonus<\/li>\n<li>Required Level: 63<\/li>\n<\/ul>\n<ul class=\"vlastnosti\">\n<li>+4\u00a0to Maximum Damage<\/li>\n<li>+1\u00a0to Passive and Magic Skills (Amazon Only)<\/li>\n<\/ul>\n<\/td>\n<\/tr>\n<tr>\n<td><img loading=\"lazy\" decoding=\"async\" src=\"https:\/\/www.diablofans.cz\/d2\/wp-content\/uploads\/2018\/08\/largecharm02.gif\" class=\"nahled\" alt=\"nahled-obrazku\" width=\"28\" height=\"84\" \/><\/td>\n<td>\n<h3 class=\"modra\"><a href=\"files\/predmety\/charmy\/skillery\/amazon\/fletchers-grand-charm.d2i\">Fletcher&#8217;s\u00a0Grand Charm<\/a><\/h3>\n<ul class=\"zaklady\">\n<li>Keep in Inventory to Gain Bonus<\/li>\n<li>Required Level: 42<\/li>\n<\/ul>\n<ul class=\"vlastnosti\">\n<li>+1\u00a0to Bow and Crossbow Skills (Amazon Only)<\/li>\n<\/ul>\n<\/td>\n<\/tr>\n<tr>\n<td><img loading=\"lazy\" decoding=\"async\" src=\"https:\/\/www.diablofans.cz\/d2\/wp-content\/uploads\/2018\/08\/largecharm02.gif\" class=\"nahled\" alt=\"nahled-obrazku\" width=\"28\" height=\"84\" \/><\/td>\n<td>\n<h3 class=\"modra\"><a href=\"files\/predmety\/charmy\/skillery\/amazon\/harpoonists-grand-charm.d2i\">Harpoonist&#8217;s\u00a0Grand Charm<\/a><\/h3>\n<ul class=\"zaklady\">\n<li>Keep in Inventory to Gain Bonus<\/li>\n<li>Required Level: 42<\/li>\n<\/ul>\n<ul class=\"vlastnosti\">\n<li>+1\u00a0to Javelin and Spear Skills (Amazon Only)<\/li>\n<\/ul>\n<\/td>\n<\/tr>\n<\/table><\/div>\n<p style=\"text-align:center\">&#8212;\u00a0\u2014 &#8212;\u00a0\u2014 &#8212;\u00a0\u2014 &#8212;\u00a0\u2014 &#8212;\u00a0\u2014 &#8212;\u00a0\u2014 &#8212;\u00a0\u2014 &#8212;\u00a0\u2014 &#8212;\u00a0\u2014 &#8212;\u00a0\u2014 &#8212;\u00a0\u2014\u00a0&#8212;<\/p>\n<p style=\"text-align:center\"><a href=\"https:\/\/www.diablofans.cz\/d2\/talismany-skillery\">\u00ab Zp\u011bt do sekce Talismany\u00a0\u2013 Skillery.<\/a><\/p>\n<p> <!-- by Texy2! --><\/p>\n","protected":false},"excerpt":{"rendered":"<p>Acrobatic Grand Charm Keep in Inventory to Gain Bonus Required Level: 42 +1\u00a0to Passive and Magic Skills (Amazon Only) Acrobatic Grand Charm of Frost Keep in Inventory to Gain Bonus Required Level: 42 Adds 1\u20132 cold damage over 1\u00a0seconds +1\u00a0to Passive and Magic Skills (Amazon Only) Acrobatic Grand Charm of Incineration Keep in Inventory to [&#8230;]<\/p>\n<p><a class=\"btn btn-secondary understrap-read-more-link\" href=\"https:\/\/www.diablofans.cz\/d2\/talismany-skillery-amazon\/\">\u010c\u00edst d\u00e1le&#8230;<span class=\"screen-reader-text\"> from Talismany &#8211; Skillery &#8211; Amazon<\/span><\/a><\/p>\n","protected":false},"author":1,"featured_media":0,"parent":0,"menu_order":0,"comment_status":"open","ping_status":"open","template":"","meta":{"footnotes":""},"class_list":["post-3178","page","type-page","status-publish","hentry"],"_links":{"self":[{"href":"https:\/\/www.diablofans.cz\/d2\/wp-json\/wp\/v2\/pages\/3178","targetHints":{"allow":["GET"]}}],"collection":[{"href":"https:\/\/www.diablofans.cz\/d2\/wp-json\/wp\/v2\/pages"}],"about":[{"href":"https:\/\/www.diablofans.cz\/d2\/wp-json\/wp\/v2\/types\/page"}],"author":[{"embeddable":true,"href":"https:\/\/www.diablofans.cz\/d2\/wp-json\/wp\/v2\/users\/1"}],"replies":[{"embeddable":true,"href":"https:\/\/www.diablofans.cz\/d2\/wp-json\/wp\/v2\/comments?post=3178"}],"version-history":[{"count":0,"href":"https:\/\/www.diablofans.cz\/d2\/wp-json\/wp\/v2\/pages\/3178\/revisions"}],"wp:attachment":[{"href":"https:\/\/www.diablofans.cz\/d2\/wp-json\/wp\/v2\/media?parent=3178"}],"curies":[{"name":"wp","href":"https:\/\/api.w.org\/{rel}","templated":true}]}}