{"id":3180,"date":"2018-08-25T22:08:51","date_gmt":"2018-08-25T20:08:51","guid":{"rendered":"http:\/\/diablofans.ddev.site\/d2\/talismany-skillery-assassin\/"},"modified":"2018-08-25T22:08:51","modified_gmt":"2018-08-25T20:08:51","slug":"talismany-skillery-assassin","status":"publish","type":"page","link":"https:\/\/www.diablofans.cz\/d2\/talismany-skillery-assassin\/","title":{"rendered":"Talismany &#8211; Skillery &#8211; Assassin"},"content":{"rendered":"\n<div class=\"predmety\">\n<table>\n<tr>\n<td><img loading=\"lazy\" decoding=\"async\" src=\"https:\/\/www.diablofans.cz\/d2\/wp-content\/uploads\/2018\/08\/largecharm02.gif\" class=\"nahled\" alt=\"nahled-obrazku\" width=\"28\" height=\"84\" \/><\/td>\n<td>\n<h3 class=\"modra\"><a href=\"files\/predmety\/charmy\/skillery\/assassin\/entrapping-grand-charm.d2i\">Entrapping Grand Charm<\/a><\/h3>\n<ul class=\"zaklady\">\n<li>Keep in Inventory to Gain Bonus<\/li>\n<li>Required Level: 42<\/li>\n<\/ul>\n<ul class=\"vlastnosti\">\n<li>+1\u00a0to Trap Skills (Assassin Only)<\/li>\n<\/ul>\n<\/td>\n<\/tr>\n<tr>\n<td><img loading=\"lazy\" decoding=\"async\" src=\"https:\/\/www.diablofans.cz\/d2\/wp-content\/uploads\/2018\/08\/largecharm01.gif\" class=\"nahled\" alt=\"nahled-obrazku\" width=\"28\" height=\"84\" \/><\/td>\n<td>\n<h3 class=\"modra\"><a href=\"files\/predmety\/charmy\/skillery\/assassin\/mentalists-grand-charm.d2i\">Mentalist&#8217;s\u00a0Grand Charm<\/a><\/h3>\n<ul class=\"zaklady\">\n<li>Keep in Inventory to Gain Bonus<\/li>\n<li>Required Level: 42<\/li>\n<\/ul>\n<ul class=\"vlastnosti\">\n<li>+1\u00a0to Shadow Discipline Skills (Assassin Only)<\/li>\n<\/ul>\n<\/td>\n<\/tr>\n<tr>\n<td><img loading=\"lazy\" decoding=\"async\" src=\"https:\/\/www.diablofans.cz\/d2\/wp-content\/uploads\/2018\/08\/largecharm02.gif\" class=\"nahled\" alt=\"nahled-obrazku\" width=\"28\" height=\"84\" \/><\/td>\n<td>\n<h3 class=\"modra\"><a href=\"files\/predmety\/charmy\/skillery\/assassin\/mentalists-grand-charm-of-craftmanship.d2i\">Mentalist&#8217;s\u00a0Grand Charm of Craftmanship<\/a><\/h3>\n<ul class=\"zaklady\">\n<li>Keep in Inventory to Gain Bonus<\/li>\n<li>Required Level: 42<\/li>\n<\/ul>\n<ul class=\"vlastnosti\">\n<li>+1\u00a0to Maximum Damage<\/li>\n<li>+1\u00a0to Shadow Discipline Skills (Assassin Only)<\/li>\n<\/ul>\n<\/td>\n<\/tr>\n<tr>\n<td><img loading=\"lazy\" decoding=\"async\" src=\"https:\/\/www.diablofans.cz\/d2\/wp-content\/uploads\/2018\/08\/largecharm01.gif\" class=\"nahled\" alt=\"nahled-obrazku\" width=\"28\" height=\"84\" \/><\/td>\n<td>\n<h3 class=\"modra\"><a href=\"files\/predmety\/charmy\/skillery\/assassin\/mentalists-grand-charm-of-life.d2i\">Mentalist&#8217;s\u00a0Grand Charm of Life<\/a><\/h3>\n<ul class=\"zaklady\">\n<li>Keep in Inventory to Gain Bonus<\/li>\n<li>Required Level: 42<\/li>\n<\/ul>\n<ul class=\"vlastnosti\">\n<li>+7\u00a0to Life<\/li>\n<li>+1\u00a0to Shadow Discipline Skills (Assassin Only)<\/li>\n<\/ul>\n<\/td>\n<\/tr>\n<tr>\n<td><img loading=\"lazy\" decoding=\"async\" src=\"https:\/\/www.diablofans.cz\/d2\/wp-content\/uploads\/2018\/08\/largecharm03.gif\" class=\"nahled\" alt=\"nahled-obrazku\" width=\"28\" height=\"84\" \/><\/td>\n<td>\n<h3 class=\"modra\"><a href=\"files\/predmety\/charmy\/skillery\/assassin\/mentalists-grand-charm-of-vita.d2i\">Mentalist&#8217;s\u00a0Grand Charm of Vita<\/a><\/h3>\n<ul class=\"zaklady\">\n<li>Keep in Inventory to Gain Bonus<\/li>\n<li>Required Level: 69<\/li>\n<\/ul>\n<ul class=\"vlastnosti\">\n<li>+37\u00a0to Life<\/li>\n<li>+1\u00a0to Shadow Discipline Skills (Assassin Only)<\/li>\n<\/ul>\n<\/td>\n<\/tr>\n<tr>\n<td><img loading=\"lazy\" decoding=\"async\" src=\"https:\/\/www.diablofans.cz\/d2\/wp-content\/uploads\/2018\/08\/largecharm02.gif\" class=\"nahled\" alt=\"nahled-obrazku\" width=\"28\" height=\"84\" \/><\/td>\n<td>\n<h3 class=\"modra\"><a href=\"files\/predmety\/charmy\/skillery\/assassin\/shogukushas-grand-charm.d2i\">Shogukusha&#8217;s\u00a0Grand Charm<\/a><\/h3>\n<ul class=\"zaklady\">\n<li>Keep in Inventory to Gain Bonus<\/li>\n<li>Required Level: 42<\/li>\n<\/ul>\n<ul class=\"vlastnosti\">\n<li>+1\u00a0to Martial Art Skills (Assassin Only)<\/li>\n<\/ul>\n<\/td>\n<\/tr>\n<tr>\n<td><img loading=\"lazy\" decoding=\"async\" src=\"https:\/\/www.diablofans.cz\/d2\/wp-content\/uploads\/2018\/08\/largecharm01.gif\" class=\"nahled\" alt=\"nahled-obrazku\" width=\"28\" height=\"84\" \/><\/td>\n<td>\n<h3 class=\"modra\"><a href=\"files\/predmety\/charmy\/skillery\/assassin\/shogukushas-grand-charm-of-greed.d2i\">Shogukusha&#8217;s\u00a0Grand Charm of Greed<\/a><\/h3>\n<ul class=\"zaklady\">\n<li>Keep in Inventory to Gain Bonus<\/li>\n<li>Required Level: 42<\/li>\n<\/ul>\n<ul class=\"vlastnosti\">\n<li>21% Extra Gold from Monsters<\/li>\n<li>+1\u00a0to Martial Art Skills (Assassin Only)<\/li>\n<\/ul>\n<\/td>\n<\/tr>\n<tr>\n<td><img loading=\"lazy\" decoding=\"async\" src=\"https:\/\/www.diablofans.cz\/d2\/wp-content\/uploads\/2018\/08\/largecharm01.gif\" class=\"nahled\" alt=\"nahled-obrazku\" width=\"28\" height=\"84\" \/><\/td>\n<td>\n<h3 class=\"modra\"><a href=\"files\/predmety\/charmy\/skillery\/assassin\/shogukushas-grand-charm-of-shock.d2i\">Shogukusha&#8217;s\u00a0Grand Charm of Shock<\/a><\/h3>\n<ul class=\"zaklady\">\n<li>Keep in Inventory to Gain Bonus<\/li>\n<li>Required Level: 64<\/li>\n<\/ul>\n<ul class=\"vlastnosti\">\n<li>Adds 1\u20133 lightning damage<\/li>\n<li>+1\u00a0to Martial Art Skills (Assassin Only)<\/li>\n<\/ul>\n<\/td>\n<\/tr>\n<\/table><\/div>\n<p style=\"text-align:center\">&#8212;\u00a0\u2014 &#8212;\u00a0\u2014 &#8212;\u00a0\u2014 &#8212;\u00a0\u2014 &#8212;\u00a0\u2014 &#8212;\u00a0\u2014 &#8212;\u00a0\u2014 &#8212;\u00a0\u2014 &#8212;\u00a0\u2014 &#8212;\u00a0\u2014 &#8212;\u00a0\u2014\u00a0&#8212;<\/p>\n<p style=\"text-align:center\"><a href=\"https:\/\/www.diablofans.cz\/d2\/talismany-skillery\">\u00ab Zp\u011bt do sekce Talismany\u00a0\u2013 Skillery.<\/a><\/p>\n<p> <!-- by Texy2! --><\/p>\n","protected":false},"excerpt":{"rendered":"<p>Entrapping Grand Charm Keep in Inventory to Gain Bonus Required Level: 42 +1\u00a0to Trap Skills (Assassin Only) Mentalist&#8217;s\u00a0Grand Charm Keep in Inventory to Gain Bonus Required Level: 42 +1\u00a0to Shadow Discipline Skills (Assassin Only) Mentalist&#8217;s\u00a0Grand Charm of Craftmanship Keep in Inventory to Gain Bonus Required Level: 42 +1\u00a0to Maximum Damage +1\u00a0to Shadow Discipline Skills (Assassin [&#8230;]<\/p>\n<p><a class=\"btn btn-secondary understrap-read-more-link\" href=\"https:\/\/www.diablofans.cz\/d2\/talismany-skillery-assassin\/\">\u010c\u00edst d\u00e1le&#8230;<span class=\"screen-reader-text\"> from Talismany &#8211; Skillery &#8211; Assassin<\/span><\/a><\/p>\n","protected":false},"author":1,"featured_media":0,"parent":0,"menu_order":0,"comment_status":"open","ping_status":"open","template":"","meta":{"footnotes":""},"class_list":["post-3180","page","type-page","status-publish","hentry"],"_links":{"self":[{"href":"https:\/\/www.diablofans.cz\/d2\/wp-json\/wp\/v2\/pages\/3180","targetHints":{"allow":["GET"]}}],"collection":[{"href":"https:\/\/www.diablofans.cz\/d2\/wp-json\/wp\/v2\/pages"}],"about":[{"href":"https:\/\/www.diablofans.cz\/d2\/wp-json\/wp\/v2\/types\/page"}],"author":[{"embeddable":true,"href":"https:\/\/www.diablofans.cz\/d2\/wp-json\/wp\/v2\/users\/1"}],"replies":[{"embeddable":true,"href":"https:\/\/www.diablofans.cz\/d2\/wp-json\/wp\/v2\/comments?post=3180"}],"version-history":[{"count":0,"href":"https:\/\/www.diablofans.cz\/d2\/wp-json\/wp\/v2\/pages\/3180\/revisions"}],"wp:attachment":[{"href":"https:\/\/www.diablofans.cz\/d2\/wp-json\/wp\/v2\/media?parent=3180"}],"curies":[{"name":"wp","href":"https:\/\/api.w.org\/{rel}","templated":true}]}}