{"id":3181,"date":"2018-08-25T22:08:51","date_gmt":"2018-08-25T20:08:51","guid":{"rendered":"http:\/\/diablofans.ddev.site\/d2\/talismany-skillery-barbarian\/"},"modified":"2018-08-25T22:08:51","modified_gmt":"2018-08-25T20:08:51","slug":"talismany-skillery-barbarian","status":"publish","type":"page","link":"https:\/\/www.diablofans.cz\/d2\/talismany-skillery-barbarian\/","title":{"rendered":"Talismany &#8211; Skillery &#8211; Barbarian"},"content":{"rendered":"\n<div class=\"predmety\">\n<table>\n<tr>\n<td><img loading=\"lazy\" decoding=\"async\" src=\"https:\/\/www.diablofans.cz\/d2\/wp-content\/uploads\/2018\/08\/largecharm02.gif\" class=\"nahled\" alt=\"nahled-obrazku\" width=\"28\" height=\"84\" \/><\/td>\n<td>\n<h3 class=\"modra\"><a href=\"files\/predmety\/charmy\/skillery\/barbarian\/experts-grand-charm.d2i\">Expert&#8217;s\u00a0Grand Charm<\/a><\/h3>\n<ul class=\"zaklady\">\n<li>Keep in Inventory to Gain Bonus<\/li>\n<li>Required Level: 42<\/li>\n<\/ul>\n<ul class=\"vlastnosti\">\n<li>+1\u00a0to Combat Skills (Barbarian Only)<\/li>\n<\/ul>\n<\/td>\n<\/tr>\n<tr>\n<td><img loading=\"lazy\" decoding=\"async\" src=\"https:\/\/www.diablofans.cz\/d2\/wp-content\/uploads\/2018\/08\/largecharm01.gif\" class=\"nahled\" alt=\"nahled-obrazku\" width=\"28\" height=\"84\" \/><\/td>\n<td>\n<h3 class=\"modra\"><a href=\"files\/predmety\/charmy\/skillery\/barbarian\/experts-grand-charm-of-maiming.d2i\">Expert&#8217;s\u00a0Grand Charm of Maiming<\/a><\/h3>\n<ul class=\"zaklady\">\n<li>Keep in Inventory to Gain Bonus<\/li>\n<li>Required Level: 63<\/li>\n<\/ul>\n<ul class=\"vlastnosti\">\n<li>+4\u00a0to Maximum Damage<\/li>\n<li>+1\u00a0to Combat Skills (Barbarian Only)<\/li>\n<\/ul>\n<\/td>\n<\/tr>\n<tr>\n<td><img loading=\"lazy\" decoding=\"async\" src=\"https:\/\/www.diablofans.cz\/d2\/wp-content\/uploads\/2018\/08\/largecharm02.gif\" class=\"nahled\" alt=\"nahled-obrazku\" width=\"28\" height=\"84\" \/><\/td>\n<td>\n<h3 class=\"modra\"><a href=\"files\/predmety\/charmy\/skillery\/barbarian\/fanatic-grand-charm.d2i\">Fanatic Grand Charm<\/a><\/h3>\n<ul class=\"zaklady\">\n<li>Keep in Inventory to Gain Bonus<\/li>\n<li>Required Level: 42<\/li>\n<\/ul>\n<ul class=\"vlastnosti\">\n<li>+1\u00a0to Masteries Skills (Barbarian Only)<\/li>\n<\/ul>\n<\/td>\n<\/tr>\n<tr>\n<td><img loading=\"lazy\" decoding=\"async\" src=\"https:\/\/www.diablofans.cz\/d2\/wp-content\/uploads\/2018\/08\/largecharm03.gif\" class=\"nahled\" alt=\"nahled-obrazku\" width=\"28\" height=\"84\" \/><\/td>\n<td>\n<h3 class=\"modra\"><a href=\"files\/predmety\/charmy\/skillery\/barbarian\/fanatic-grand-charm-of-burning.d2i\">Fanatic Grand Charm of Burning<\/a><\/h3>\n<ul class=\"zaklady\">\n<li>Keep in Inventory to Gain Bonus<\/li>\n<li>Required Level: 42<\/li>\n<\/ul>\n<ul class=\"vlastnosti\">\n<li>Adds 3\u20134 fire damage<\/li>\n<li>+1\u00a0to Masteries Skills (Barbarian Only)<\/li>\n<\/ul>\n<\/td>\n<\/tr>\n<tr>\n<td><img loading=\"lazy\" decoding=\"async\" src=\"https:\/\/www.diablofans.cz\/d2\/wp-content\/uploads\/2018\/08\/largecharm02.gif\" class=\"nahled\" alt=\"nahled-obrazku\" width=\"28\" height=\"84\" \/><\/td>\n<td>\n<h3 class=\"modra\"><a href=\"files\/predmety\/charmy\/skillery\/barbarian\/fanatic-grand-charm-of-dexterity.d2i\">Fanatic Grand Charm of Dexterity<\/a><\/h3>\n<ul class=\"zaklady\">\n<li>Keep in Inventory to Gain Bonus<\/li>\n<li>Required Level: 42<\/li>\n<\/ul>\n<ul class=\"vlastnosti\">\n<li>+6\u00a0to Dexterity<\/li>\n<li>+1\u00a0to Masteries Skills (Barbarian Only)<\/li>\n<\/ul>\n<\/td>\n<\/tr>\n<tr>\n<td><img loading=\"lazy\" decoding=\"async\" src=\"https:\/\/www.diablofans.cz\/d2\/wp-content\/uploads\/2018\/08\/largecharm03.gif\" class=\"nahled\" alt=\"nahled-obrazku\" width=\"28\" height=\"84\" \/><\/td>\n<td>\n<h3 class=\"modra\"><a href=\"files\/predmety\/charmy\/skillery\/barbarian\/sounding-grand-charm.d2i\">Sounding Grand Charm<\/a><\/h3>\n<ul class=\"zaklady\">\n<li>Keep in Inventory to Gain Bonus<\/li>\n<li>Required Level: 42<\/li>\n<\/ul>\n<ul class=\"vlastnosti\">\n<li>+1\u00a0to Warcry Skills (Barbarian Only)<\/li>\n<\/ul>\n<\/td>\n<\/tr>\n<tr>\n<td><img loading=\"lazy\" decoding=\"async\" src=\"https:\/\/www.diablofans.cz\/d2\/wp-content\/uploads\/2018\/08\/largecharm01.gif\" class=\"nahled\" alt=\"nahled-obrazku\" width=\"28\" height=\"84\" \/><\/td>\n<td>\n<h3 class=\"modra\"><a href=\"files\/predmety\/charmy\/skillery\/barbarian\/sounding-grand-charm-of-blight.d2i\">Sounding Grand Charm of Blight<\/a><\/h3>\n<ul class=\"zaklady\">\n<li>Keep in Inventory to Gain Bonus<\/li>\n<li>Required Level: 42<\/li>\n<\/ul>\n<ul class=\"vlastnosti\">\n<li>+6\u00a0poison damage over 3\u00a0seconds<\/li>\n<li>+1\u00a0to Warcry Skills (Barbarian Only)<\/li>\n<\/ul>\n<\/td>\n<\/tr>\n<tr>\n<td><img loading=\"lazy\" decoding=\"async\" src=\"https:\/\/www.diablofans.cz\/d2\/wp-content\/uploads\/2018\/08\/largecharm03.gif\" class=\"nahled\" alt=\"nahled-obrazku\" width=\"28\" height=\"84\" \/><\/td>\n<td>\n<h3 class=\"modra\"><a href=\"files\/predmety\/charmy\/skillery\/barbarian\/sounding-grand-charm-of-life.d2i\">Sounding Grand Charm of Life<\/a><\/h3>\n<ul class=\"zaklady\">\n<li>Keep in Inventory to Gain Bonus<\/li>\n<li>Required Level: 42<\/li>\n<\/ul>\n<ul class=\"vlastnosti\">\n<li>+13\u00a0to Life<\/li>\n<li>+1\u00a0to Warcry Skills (Barbarian Only)<\/li>\n<\/ul>\n<\/td>\n<\/tr>\n<\/table><\/div>\n<p style=\"text-align:center\">&#8212;\u00a0\u2014 &#8212;\u00a0\u2014 &#8212;\u00a0\u2014 &#8212;\u00a0\u2014 &#8212;\u00a0\u2014 &#8212;\u00a0\u2014 &#8212;\u00a0\u2014 &#8212;\u00a0\u2014 &#8212;\u00a0\u2014 &#8212;\u00a0\u2014 &#8212;\u00a0\u2014\u00a0&#8212;<\/p>\n<p style=\"text-align:center\"><a href=\"https:\/\/www.diablofans.cz\/d2\/talismany-skillery\">\u00ab Zp\u011bt do sekce Talismany\u00a0\u2013 Skillery.<\/a><\/p>\n<p> <!-- by Texy2! --><\/p>\n","protected":false},"excerpt":{"rendered":"<p>Expert&#8217;s\u00a0Grand Charm Keep in Inventory to Gain Bonus Required Level: 42 +1\u00a0to Combat Skills (Barbarian Only) Expert&#8217;s\u00a0Grand Charm of Maiming Keep in Inventory to Gain Bonus Required Level: 63 +4\u00a0to Maximum Damage +1\u00a0to Combat Skills (Barbarian Only) Fanatic Grand Charm Keep in Inventory to Gain Bonus Required Level: 42 +1\u00a0to Masteries Skills (Barbarian Only) Fanatic [&#8230;]<\/p>\n<p><a class=\"btn btn-secondary understrap-read-more-link\" href=\"https:\/\/www.diablofans.cz\/d2\/talismany-skillery-barbarian\/\">\u010c\u00edst d\u00e1le&#8230;<span class=\"screen-reader-text\"> from Talismany &#8211; Skillery &#8211; Barbarian<\/span><\/a><\/p>\n","protected":false},"author":1,"featured_media":0,"parent":0,"menu_order":0,"comment_status":"open","ping_status":"open","template":"","meta":{"footnotes":""},"class_list":["post-3181","page","type-page","status-publish","hentry"],"_links":{"self":[{"href":"https:\/\/www.diablofans.cz\/d2\/wp-json\/wp\/v2\/pages\/3181","targetHints":{"allow":["GET"]}}],"collection":[{"href":"https:\/\/www.diablofans.cz\/d2\/wp-json\/wp\/v2\/pages"}],"about":[{"href":"https:\/\/www.diablofans.cz\/d2\/wp-json\/wp\/v2\/types\/page"}],"author":[{"embeddable":true,"href":"https:\/\/www.diablofans.cz\/d2\/wp-json\/wp\/v2\/users\/1"}],"replies":[{"embeddable":true,"href":"https:\/\/www.diablofans.cz\/d2\/wp-json\/wp\/v2\/comments?post=3181"}],"version-history":[{"count":0,"href":"https:\/\/www.diablofans.cz\/d2\/wp-json\/wp\/v2\/pages\/3181\/revisions"}],"wp:attachment":[{"href":"https:\/\/www.diablofans.cz\/d2\/wp-json\/wp\/v2\/media?parent=3181"}],"curies":[{"name":"wp","href":"https:\/\/api.w.org\/{rel}","templated":true}]}}