{"id":3196,"date":"2018-08-25T22:08:51","date_gmt":"2018-08-25T20:08:51","guid":{"rendered":"http:\/\/diablofans.ddev.site\/d2\/dominance-dropovanych-predmetu\/"},"modified":"2018-08-25T22:08:51","modified_gmt":"2018-08-25T20:08:51","slug":"dominance-dropovanych-predmetu","status":"publish","type":"page","link":"https:\/\/www.diablofans.cz\/d2\/dominance-dropovanych-predmetu\/","title":{"rendered":"Dominance dropovan\u00fdch p\u0159edm\u011bt\u016f"},"content":{"rendered":"<br \/>\n<h3 style=\"color:#efda8e;padding-top:0;text-align:center\">u\u00a0Armor Stands a Weapon Racks<\/h3>\n<p>Ur\u010dit\u011b v\u0161ichni, kdo hrajete Diablo, zn\u00e1te rozmanit\u00e9 prost\u0159ed\u00ed t\u00e9to pro n\u00e1s dokonal\u00e9 hry, kter\u00e9 obsahuje mno\u017estv\u00ed r\u016fznorod\u00fdch objekt\u016f, jako jsou nap\u0159. svatyn\u011b (shrines), kameny, pod kter\u00fdmi se m\u016f\u017ee ukr\u00fdvat poklad, r\u016fzn\u00e9 truhly, sarkof\u00e1gy, ob\u010das se objev\u00ed i\u00a0n\u011bjak\u00e1 ta je\u0161t\u011b neoloupen\u00e1 mrtvola. Jednou z\u00a0t\u011bchto v\u011bc\u00ed, kter\u00e9 nedomysliteln\u011b pat\u0159\u00ed k\u00a0n\u011bkter\u00fdm lokac\u00ed, jsou stojany na zbran\u011b a brn\u011bn\u00ed, Armor Stands a Weapon Racks. O\u00a0t\u011bchto stojanech bude v\u00a0tomto \u010dl\u00e1nku \u0159e\u010d. N\u00e1vod je hlavn\u011b pro Single Player.<\/p>\n<p>Kdy\u017e jsem nav\u0161t\u011bvoval lokaci Lower Kurast kv\u016fli dropov\u00e1n\u00ed high run ze super chest\u016f, v\u00a0jejich\u017e bl\u00edzkosti se nach\u00e1zej\u00ed ji\u017e zm\u00edn\u011bn\u00e9 stojany, nemohl jsem si nev\u0161imnout, \u017ee z\u00a0nich n\u011bjak podez\u0159ele a \u010dasto padaj\u00ed p\u0159edm\u011bty stejn\u00e9ho druhu. Nakonec jsem dosp\u011bl k\u00a0n\u011bkolika pozoruhodn\u00fdm zji\u0161t\u011bn\u00edm:<\/p>\n<ol>\n<li>Z\u00a0t\u011bchto stojan\u016f padaj\u00ed p\u0159edm\u011bty s\u00a0ur\u010ditou dominac\u00ed, a to bu\u010f jeden, dva nebo i\u00a0v\u00edce p\u0159edm\u011bt\u016f (st\u0159\u00eddaj\u00ed se). M\u011b t\u0159eba p\u0159i hled\u00e1n\u00ed helmy Jalal\u00b4s\u00a0Mane padal p\u0159edm\u011bt Totemic Mask s\u00a062% dominanc\u00ed, tzn. \u017ee ze sta vypadnut\u00fdch p\u0159edm\u011bt\u016f padl Totemic Mask 62\u00d7. Ostatn\u00ed p\u0159edm\u011bty byly 27\u00d7 Cuirass, 2\u00d7 Hellforge Plate a 9\u00d7 Akaran\u00a0Targe.<\/li>\n<li>Z\u00a0t\u011bchto stojan\u016f nepadaj\u00ed po\u0161kozen\u00e9 p\u0159edm\u011bty typu \u201ecracked\u201c, \u201edamaged\u201c\u2026ov\u0161em verze \u201esuperior\u201c pad\u00e1 bez probl\u00e9m\u016f.<\/li>\n<li>Z\u00a0t\u011bchto stojan\u016f padaj\u00ed jak normal items, tak socketed a ethereal.<\/li>\n<li>Z\u00a0t\u011bchto stojan\u016f padaj\u00ed krom norm\u00e1ln\u00edch p\u0159edm\u011bt\u016f tak\u00e9 magic (modr\u00e9), rare (\u017elut\u00e9), set (zelen\u00e9) a unique (zlat\u00e9 p\u0159edm\u011bty).<\/li>\n<li>Dominace dropovan\u00fdch p\u0159edm\u011bt\u016f funguje u\u00a0v\u0161ech stojan\u016f, kter\u00e9 se ve h\u0159e nach\u00e1z\u00ed nez\u00e1visle na obt\u00ed\u017enosti hry (tedy na normal, nightmare i\u00a0hell).<\/li>\n<li>Ze stojan\u016f m\u016f\u017ee vypadnout jak\u00fdkoliv p\u0159edm\u011bt se stejn\u00fdm nebo men\u0161\u00edm ilvl (z\u00e1le\u017e\u00ed i\u00a0na TC), jak\u00fd m\u00e1 stojan.<\/li>\n<li>Ve h\u0159e existuje stojan s\u00a0nejvy\u0161\u0161\u00edm level 84 (nap\u0159. Ruined Fane, Disused Reliquary, Forgotten Temple, Mausoleum). To znamen\u00e1, \u017ee nelze z\u00a0t\u011bchto stojan\u016f nadropovat ty nejvz\u00e1cn\u011bj\u0161\u00ed unik\u00e1ty typu Cranium Basher\u00a0apod.<\/li>\n<li>Pokud se vyskytuj\u00ed stojany ve dvojic\u00edch (nap\u0159. Tower cellar apod.), velmi \u010dasto se stane, \u017ee p\u0159edm\u011bty tak\u00e9 po dvojic\u00edch vypad\u00e1vaj\u00ed. V\u017edy k\u00a0dan\u00e9mu druhu brn\u011bn\u00ed padne konkr\u00e9tn\u00ed\u00a0zbra\u0148.<\/li>\n<\/ol>\n<div style=\"width:610px\" class=\"img-center\"><a href=\"images\/predmety\/dominance-dropu\/screenshot1098.jpg\" onclick=\"return hs.expand(this)\"><img loading=\"lazy\" decoding=\"async\" src=\"https:\/\/www.diablofans.cz\/d2\/wp-content\/uploads\/2018\/08\/screenshot1098-nahled.jpg\" class=\"img-center\" alt=\"screenshot1098-nahled\" width=\"600\" height=\"450\" \/><\/a> <\/p>\n<p>Stojany v\u00a0Lower Kurast.<\/p>\n<\/p><\/div>\n<h3>Kde v\u0161ude se stojany nach\u00e1zej\u00ed:<\/h3>\n<p>Stojany se krom\u011b IV. Aktu nach\u00e1zej\u00ed ve v\u0161ech aktech v\u00a0dan\u00fdch lokac\u00edch. N\u00ed\u017ee je seznam, kde se mohou vygenerovat (ne ve v\u0161ech lokac\u00edch se stojany vygenerovat mus\u00ed). Co se t\u00fd\u010de \u010d\u00edsel, tak v\u00a0z\u00e1vorce jsou uvedeny levely stojan\u016f na obt\u00ed\u017enosti nightmare a fin\u00e1ln\u00ed \u010d\u00edslo je level na obt\u00ed\u017enosti\u00a0hell.<\/p>\n<h4>Akt I.<\/h4>\n<ul>\n<li>Crypt (36) <strong>82<\/strong><\/li>\n<li>Mausoleum (36) <strong>84<\/strong><\/li>\n<li>Tower Cellar level 1 (37) <strong>74<\/strong><\/li>\n<li>Tower Cellar level 2 (38) <strong>75<\/strong><\/li>\n<li>Tower Cellar level 3 (39) <strong>76<\/strong><\/li>\n<li>Tower Cellar level 4 (40) <strong>77<\/strong><\/li>\n<li>Tower Cellar level 5 (41) <strong>78<\/strong><\/li>\n<li>Barracks (39) <strong>69<\/strong><\/li>\n<li>Jail level 1 (40) <strong>70<\/strong><\/li>\n<li>Jail level 2 (40) <strong>70<\/strong><\/li>\n<li>Jail level 3 (40) <strong>70<\/strong><\/li>\n<\/ul>\n<h4>Akt II.<\/h4>\n<ul>\n<li>Stony Tomb level 1 (42) <strong>77<\/strong><\/li>\n<li>Stony Tomb level 2 (43) <strong>78<\/strong><\/li>\n<li>Halls Of The Dead level 1 (43) <strong>78<\/strong><\/li>\n<li>Halls Of The Dead level 2 (44) <strong>80<\/strong><\/li>\n<li>Halls Of The Dead level 3 (44) <strong>81<\/strong><\/li>\n<li>Claw Viper Temple level 1 (46) <strong>81<\/strong><\/li>\n<li>Tal Rasha\u00b4s\u00a0Tombs 1\u20137 (48) <strong>79<\/strong><\/li>\n<\/ul>\n<h4>Akt III.<\/h4>\n<ul>\n<li>Lower Kurast (51) <strong>79<\/strong><\/li>\n<li>Kurast Bazaar (51) <strong>80<\/strong><\/li>\n<li>Disused Fane (52) <strong>83<\/strong><\/li>\n<li>Ruined Temple (52) <strong>83<\/strong><\/li>\n<li>Upper Kurast (51) <strong>80<\/strong><\/li>\n<li>Forgotten Reliquary (52) <strong>83<\/strong><\/li>\n<li>Forgotten Temple (53) <strong>84<\/strong><\/li>\n<li>Ruined Fane (53) <strong>84<\/strong><\/li>\n<li>Disused Reliquary (53) <strong>84<\/strong><\/li>\n<li>Travincal (53) <strong>81<\/strong><\/li>\n<li>Durance Of Hate level 1 (54) <strong>82<\/strong><\/li>\n<li>Durance Of Hate level 2 (54) <strong>82<\/strong><\/li>\n<li>Durance Of Hate level 3 (54) <strong>82<\/strong><\/li>\n<\/ul>\n<h4>Akt V.<\/h4>\n<ul>\n<li>Frozen River (60) <strong>82<\/strong><\/li>\n<li>Halls Of Anguish (62) <strong>82<\/strong><\/li>\n<li>Halls Of Pain (63) <strong>83<\/strong><\/li>\n<li>Halls Of Vaught (62) <strong>83<\/strong><\/li>\n<li>Arreat Plateau (59) <strong>80<\/strong><\/li>\n<\/ul>\n<p>Nejsem si jist, zda se podobn\u011b jako v\u00a0Arreat Plateau nemohou vygenerovat stojany tak\u00e9 v\u00a0lokac\u00edch Frigid Highlands a Frozen Thundra, ale za posledn\u00ed dobu se mi tam nevygenerovali. Pokud by se tam vygenerovat mohli, tak by m\u011bli na nightmare level 58\u00a0FH a 59\u00a0FT. Jinak na hell by m\u011bly stojany v\u00a0obou lokac\u00edch level\u00a080.<\/p>\n<p>No a abych v\u00e1s neo\u0161idil, nesm\u00edm zapomenout je\u0161t\u011b na jednu lokaci, kter\u00e1 na svoji obt\u00ed\u017enost m\u00e1 p\u0159ekvapiv\u011b n\u00edzk\u00fd\u00a0level.<\/p>\n<ul>\n<li>Matron&#8217;s\u00a0Den <strong>82<\/strong><\/li>\n<\/ul>\n<div style=\"width:610px\" class=\"img-center\"><a href=\"images\/predmety\/dominance-dropu\/screenshot1040.jpg\" onclick=\"return hs.expand(this)\"><img loading=\"lazy\" decoding=\"async\" src=\"https:\/\/www.diablofans.cz\/d2\/wp-content\/uploads\/2018\/08\/screenshot1040-nahled.jpg\" class=\"img-center\" alt=\"screenshot1040-nahled\" width=\"600\" height=\"450\" \/><\/a> <\/p>\n<p><a href=\"https:\/\/www.diablofans.cz\/d2\/predmety-unique-class-specific-druid\">Jalal&#8217;s\u00a0Mane<\/a> v\u00a0Lower Kurastu.<\/p>\n<\/p><\/div>\n<h3>Co v\u0161echno lze z\u00a0t\u011bchto stojan\u016f z\u00edskat:<\/h3>\n<p>Tak obecn\u011b ze stojan\u016f nepadaj\u00ed elix\u00edry, prachy, \u0161\u00edpy, runy, charmy atp. Nepadaj\u00ed zde ani prsteny, amulety ani klenoty, jinak v\u0161e osatn\u00ed ano, tedy ve\u0161ker\u00e9 zbran\u011b a brn\u011bn\u00ed, co na sebe m\u016f\u017eete navl\u00edct (mezi zbran\u011b se po\u010d\u00edtaj\u00ed i\u00a0h\u00e1zec\u00ed elix\u00edry, ty ze stojan\u016f padnout mohou tak\u00e9). Jak jsem ji\u017e uvedl v\u00fd\u0161e, nelze z\u00a0t\u011bchto stojan\u016f dropnout nic, co m\u00e1 ilvl na levelu 85\u00a0a v\u00fd\u0161e. padaj\u00ed zde unik\u00e1ty a sety, o\u00a0kter\u00e9 n\u00e1m jde p\u0159edev\u0161\u00edm\u00a0\u2013 jen v\u00a0Lower Kurastu jsem za jeden ve\u010der dropl nap\u0159. 2\u00d7 Jalal\u00b4s\u00a0Mane, 6\u00d7 Gimmershred apod. Velmi v\u00fdhodn\u00e9 je i\u00a0dropov\u00e1n\u00ed normal item\u016f na tvo\u0159en\u00ed runewords. Nap\u0159\u00edklad na Harmony nen\u00ed probl\u00e9m dropnout superior Matriarchal nebo Grand Matron Bow s\u00a015% enhanced damage a 4\u00a0sockety.<\/p>\n<p>Seznam normal (ne magic) p\u0159edm\u011bt\u016f, kter\u00e9 maj\u00ed quality level 85\u00a0a v\u00fd\u0161e, tud\u00ed\u017e je nem\u016f\u017eete z\u00a0t\u011bchto stojan\u016f z\u00edskat:<\/p>\n<ul>\n<li>Berserker Axe<\/li>\n<li>Glorious Axe<\/li>\n<li>Unearthed Wand<\/li>\n<li>Caduceus<\/li>\n<li>Thunder Maul<\/li>\n<li>Legend Spike<\/li>\n<li>War Pike<\/li>\n<li>Hydra Bow<\/li>\n<li>Dimensional Shard<\/li>\n<li>Corona<\/li>\n<li>Scissors Suwayyah<\/li>\n<li>Giant Thresher<\/li>\n<li>Archon Staff<\/li>\n<li>Mythical Sword<\/li>\n<li>Colossus Blade<\/li>\n<li>Dream Spirit<\/li>\n<li>Guardian Crown<\/li>\n<li>Vortex Shield<\/li>\n<li>Bloodlord Skull<\/li>\n<li>Diadem<\/li>\n<li>Ogre Gauntlets<\/li>\n<li>Myrmidon Greaves<\/li>\n<li>Colossus Girdle<\/li>\n<li>Sacred Armor<\/li>\n<li>Winged Harpoon<\/li>\n<\/ul>\n<p>Seznam Unique p\u0159edm\u011bt\u016f, kter\u00e9 nem\u016f\u017eete z\u00a0t\u011bchto stojan\u016f z\u00edskat:<\/p>\n<ul>\n<li>Death Cleaver<\/li>\n<li>Executioner\u00b4s\u00a0Justice<\/li>\n<li>Windforce<\/li>\n<li>Ghostflame<\/li>\n<li>Gargoyle\u00b4s\u00a0Bite<\/li>\n<li>Earth Shifter<\/li>\n<li>The Cranium Basher<\/li>\n<li>Stormspire<\/li>\n<li>Astreon\u00b4s\u00a0Iron Ward<\/li>\n<li>Steel Pillar<\/li>\n<li>Mang Song\u00b4s\u00a0Lesson<\/li>\n<li>The Grandfather<\/li>\n<li>Death\u00b4s\u00a0Web<\/li>\n<li>Templar\u00b4s\u00a0Might<\/li>\n<li>Tyrael\u00b4s\u00a0Might<\/li>\n<li>Shadow Dancer<\/li>\n<li>Steelrend<\/li>\n<li>Crown Of Ages<\/li>\n<li>Griffon\u00b4s\u00a0Eye<\/li>\n<li>Darkforce Spawn<\/li>\n<li>Death\u00b4s\u00a0Fanthom<\/li>\n<li>Azurewrath<\/li>\n<li>Arachnid Mesh<\/li>\n<li>Tomb Reaver<\/li>\n<li>Stormlash<\/li>\n<li>The Gladiator\u00b4s\u00a0Bane<\/li>\n<li>Arkaine\u00b4s\u00a0Valor<\/li>\n<li>Alma Negra<\/li>\n<li>Shadowkiller<\/li>\n<li>Andariel\u00b4s\u00a0Visage<\/li>\n<li>Wolfhowl<\/li>\n<li>Kira\u00b4s\u00a0Guardian<\/li>\n<li>Halagerd\u00b4s\u00a0Reign<\/li>\n<li>Arioc\u00b4s\u00a0Needle<\/li>\n<\/ul>\n<p>Seznam Set p\u0159edm\u011bt\u016f, kter\u00e9 nem\u016f\u017eete z\u00a0t\u011bchto stojan\u016f z\u00edskat:<\/p>\n<ul>\n<li>Bul-Kathos\u00b4 Sacred Charge<\/li>\n<li>Bul-Kathos\u00b4 Tribal Guardian<\/li>\n<li>Griswold\u00b4s\u00a0Valor<\/li>\n<li>Griswold\u00b4s\u00a0Redemption<\/li>\n<li>Griswold\u00b4s\u00a0Honor<\/li>\n<li>Immortal King\u00b4s\u00a0Soul Cage<\/li>\n<li>M\u00b4avina\u00b4s\u00a0True Sight<\/li>\n<li>Natalya\u00b4s\u00a0Mark<\/li>\n<\/ul>\n<p>Jen pro dopln\u011bn\u00ed: n\u011bkter\u00e9 unik\u00e1tn\u00ed p\u0159edm\u011bty maj\u00ed ni\u017e\u0161\u00ed level ne\u017e je 85 (nap\u0159. Executioner&#8217;s\u00a0Justice), jsem v\u0161ak p\u0159esv\u011bd\u010den, \u017ee na to, aby mohli ze stojanu padnout, tak mus\u00ed za\u010d\u00edt padat z\u00e1kladn\u00ed verze p\u0159edm\u011btu, co\u017e v\u00a0na\u0161em p\u0159\u00edpad\u011b nen\u00ed mo\u017en\u00e9. Podobn\u00e9 je to u\u00a0setov\u00fdch p\u0159edm\u011bt\u016f, kter\u00e9 maj\u00ed velmi n\u00edzk\u00e9 levely. Pokud jde o\u00a0top elite item (level 85\u201386), nem\u016f\u017ee jednodu\u0161e padnout jeho unik\u00e1tn\u00ed ani setov\u00e1 variace.<\/p>\n<h3>Zm\u011bna (generov\u00e1n\u00ed) mapy:<\/h3>\n<p>Pokud v\u00e1m z\u00a0Armor Stand\u016f nebo Weapon Rack\u016f nepad\u00e1 zrovna to, co si p\u0159ejete, tak nezoufejte. Sta\u010d\u00ed zm\u011bnit obt\u00ed\u017enost (nap\u0159. pokud hrajete na hell, tak p\u0159epn\u011bte na normal \u010di nightmare a pak zp\u011bt) a mapa se v\u00e1m znovu vygeneruji jak s\u00a0nov\u00fdmi stojany, tak s\u00a0nov\u00fdmi dropovan\u00fdmi p\u0159edm\u011bty.<\/p>\n<div style=\"width:610px\" class=\"img-center\"><a href=\"images\/predmety\/dominance-dropu\/screenshot1114.jpg\" onclick=\"return hs.expand(this)\"><img loading=\"lazy\" decoding=\"async\" src=\"https:\/\/www.diablofans.cz\/d2\/wp-content\/uploads\/2018\/08\/screenshot1114-nahled.jpg\" class=\"img-center\" alt=\"screenshot1114-nahled\" width=\"600\" height=\"450\" \/><\/a> <\/p>\n<p>Stojany v\u00a0Lower Kurast.<\/p>\n<\/p><\/div>\n<h3>Tipy na dropov\u00e1n\u00ed:<\/h3>\n<p>Uvedu p\u00e1r oblast\u00ed, kter\u00e9 jsou velmi popul\u00e1rn\u00ed.<\/p>\n<h4>1.\u00a0The Countess<\/h4>\n<p>Nach\u00e1z\u00ed se ve Forgotten Tower, kter\u00e1 m\u00e1 5\u00a0pater (Tower Cellar 1\u20135). Stojany se mohou vygenerovat v\u00a0ka\u017ed\u00e9m pat\u0159e, nemaj\u00ed v\u0161ak vysok\u00fd level, snad jen 5.\u00a0patro (78 level). V\u00fdhodou je dropov\u00e1n\u00ed run z\u00a0The Countess spojen\u00e9 se sb\u00edr\u00e1n\u00edm jednoho ze t\u0159\u00ed kl\u00ed\u010d\u016f na spln\u011bn\u00ed questu The Pandemonium\u00a0Event.<\/p>\n<h4>2.\u00a0Pindleskin, Nihlathak<\/h4>\n<p>Oba dva se nach\u00e1zej\u00ed v\u00a0Nihlathak\u00b4s\u00a0Temple\u00a0\u2013 Pindleskin hned u\u00a0vstupu a Nihlatak v\u00a0posledn\u00edm pat\u0159e Halls of Vaught. Pad\u00e1 z\u00a0nich t\u00e9m\u011b\u0159 v\u0161e z\u00a0Nihlathaka nav\u00edc dal\u0161\u00ed kl\u00ed\u010d. Nutnost\u00ed je neaktivovat waypoint v\u00a0druh\u00e9m pat\u0159e, abyste vstupovali hned ve m\u011bst\u011b p\u0159es port\u00e1l a k\u00a0Pindlovi se nemuseli slo\u017eit\u011b vracet. Sice se daj\u00ed stojany vygenerovat ve v\u0161ech t\u0159ech patrech, ale v\u00a0Halls of Vaught se generuj\u00ed v\u017edy (1\u20132\u00d7 Armor Stand a 1\u20132\u00d7 Weapon\u00a0Rack).<\/p>\n<h4>3.\u00a0Mephisto<\/h4>\n<p>Lokace Durance of Hate je jedna z\u00a0nejpopul\u00e1rn\u011bj\u0161\u00edch a hod\u00ed se i\u00a0k\u00a0hunt\u011bn\u00ed stojan\u016f, proto\u017ee se generuj\u00ed v\u017edy ve t\u0159et\u00edm pat\u0159e hned u\u00a0Mephista a maj\u00ed i\u00a0slu\u0161n\u00fd level (82). Spojen\u00e9 je s\u00a0t\u00edm zab\u00edjen\u00ed Mephista, kter\u00fd je zejm\u00e9na na hell velmi dobr\u00fdm zdrojem prakticky\u00a0v\u0161eho.<\/p>\n<h4>4.\u00a0Kurast<\/h4>\n<p>Moje nejobl\u00edben\u011bj\u0161\u00ed lokace, a to hned z\u00a0n\u011bkolika d\u016fvod\u016f.<\/p>\n<ul>\n<li>d\u00e1 se spojit se zab\u00edjen\u00edm Mephista<\/li>\n<li>vyskytuj\u00ed se zde stojany s\u00a0nejvy\u0161\u0161\u00edm levelem\u00a0\u2013 84<\/li>\n<li>pokud m\u00e1te teleport, tak vstupy do dungeon\u016f jsou bl\u00edzko a d\u00edky vysok\u00e9mu arealevelu zde pad\u00e1 t\u00e9m\u011b\u0159 v\u0161echno (z\u00a0monster)<\/li>\n<li>lokace Lower Kurast se d\u00e1 spojit s\u00a0loven\u00edm high run ze superchest\u016f, z\u00e1rove\u0148 Lower Kurast je lokace, kde se m\u016f\u017ee vygenerovat nejv\u00edce stojan\u016f (a\u017e 5\u00a0stojan\u016f od ka\u017ed\u00e9ho druhu)\u00a0\u2013 jedinou nev\u00fdhodou Lower Kurastu je n\u00edzk\u00fd level stojan\u016f\u00a0(79)<\/li>\n<\/ul>\n<hr \/>\n<p>Ke vzniku tohoto \u010dl\u00e1nku pomohli: Tordah, Jav\u016frek, Homer_cz a Grammator.<\/p>\n<p>Autor: DamageDeath<\/p>\n<p> <!-- by Texy2! --><\/p>\n","protected":false},"excerpt":{"rendered":"<p>u\u00a0Armor Stands a Weapon Racks Ur\u010dit\u011b v\u0161ichni, kdo hrajete Diablo, zn\u00e1te rozmanit\u00e9 prost\u0159ed\u00ed t\u00e9to pro n\u00e1s dokonal\u00e9 hry, kter\u00e9 obsahuje mno\u017estv\u00ed r\u016fznorod\u00fdch objekt\u016f, jako jsou nap\u0159. svatyn\u011b (shrines), kameny, pod kter\u00fdmi se m\u016f\u017ee ukr\u00fdvat poklad, r\u016fzn\u00e9 truhly, sarkof\u00e1gy, ob\u010das se objev\u00ed i\u00a0n\u011bjak\u00e1 ta je\u0161t\u011b neoloupen\u00e1 mrtvola. Jednou z\u00a0t\u011bchto v\u011bc\u00ed, kter\u00e9 nedomysliteln\u011b pat\u0159\u00ed k\u00a0n\u011bkter\u00fdm lokac\u00ed, jsou [&#8230;]<\/p>\n<p><a class=\"btn btn-secondary understrap-read-more-link\" href=\"https:\/\/www.diablofans.cz\/d2\/dominance-dropovanych-predmetu\/\">\u010c\u00edst d\u00e1le&#8230;<span class=\"screen-reader-text\"> from Dominance dropovan\u00fdch p\u0159edm\u011bt\u016f<\/span><\/a><\/p>\n","protected":false},"author":1,"featured_media":0,"parent":0,"menu_order":0,"comment_status":"open","ping_status":"open","template":"","meta":{"footnotes":""},"class_list":["post-3196","page","type-page","status-publish","hentry"],"_links":{"self":[{"href":"https:\/\/www.diablofans.cz\/d2\/wp-json\/wp\/v2\/pages\/3196","targetHints":{"allow":["GET"]}}],"collection":[{"href":"https:\/\/www.diablofans.cz\/d2\/wp-json\/wp\/v2\/pages"}],"about":[{"href":"https:\/\/www.diablofans.cz\/d2\/wp-json\/wp\/v2\/types\/page"}],"author":[{"embeddable":true,"href":"https:\/\/www.diablofans.cz\/d2\/wp-json\/wp\/v2\/users\/1"}],"replies":[{"embeddable":true,"href":"https:\/\/www.diablofans.cz\/d2\/wp-json\/wp\/v2\/comments?post=3196"}],"version-history":[{"count":0,"href":"https:\/\/www.diablofans.cz\/d2\/wp-json\/wp\/v2\/pages\/3196\/revisions"}],"wp:attachment":[{"href":"https:\/\/www.diablofans.cz\/d2\/wp-json\/wp\/v2\/media?parent=3196"}],"curies":[{"name":"wp","href":"https:\/\/api.w.org\/{rel}","templated":true}]}}