{"id":3202,"date":"2018-08-25T22:08:51","date_gmt":"2018-08-25T20:08:51","guid":{"rendered":"http:\/\/diablofans.ddev.site\/d2\/herni-postavy-amazon-skilly-bow-and-crossbow-freezing-arrow\/"},"modified":"2018-08-25T22:08:51","modified_gmt":"2018-08-25T20:08:51","slug":"herni-postavy-amazon-skilly-bow-and-crossbow-freezing-arrow","status":"publish","type":"page","link":"https:\/\/www.diablofans.cz\/d2\/herni-postavy-amazon-skilly-bow-and-crossbow-freezing-arrow\/","title":{"rendered":"Amazon &#8211; Skilly &#8211; Bow and Crossbow &#8211; Freezing Arrow"},"content":{"rendered":"\n<div class=\"skilly\"><a href=\"https:\/\/www.diablofans.cz\/d2\/herni-postavy-amazon\">Amazonka<\/a>\u00a0\u2013 <a href=\"https:\/\/www.diablofans.cz\/d2\/herni-postavy-amazon-skilly-javelin-and-spear\">Javelin and Spear Skills<\/a>\u00a0\u2013 <a href=\"https:\/\/www.diablofans.cz\/d2\/herni-postavy-amazon-skilly-passive-and-magic\">Passive and Magic Skills<\/a>\u00a0\u2013 <strong><a href=\"https:\/\/www.diablofans.cz\/d2\/herni-postavy-amazon-skilly-bow-and-crossbow\">Bow and Crossbow\u00a0Skills<\/a><\/strong> <\/p>\n<div style=\"float: right; width: 160px; \">\n<table>\n<tbody>\n<tr>\n<td><a href=\"https:\/\/www.diablofans.cz\/d2\/herni-postavy-amazon-skilly-bow-and-crossbow-magic-arrow\">Magic Arrow<\/a><\/td>\n<\/tr>\n<tr>\n<td><a href=\"https:\/\/www.diablofans.cz\/d2\/herni-postavy-amazon-skilly-bow-and-crossbow-fire-arrow\">Fire Arrow<\/a><\/td>\n<\/tr>\n<tr>\n<td><a href=\"https:\/\/www.diablofans.cz\/d2\/herni-postavy-amazon-skilly-bow-and-crossbow-cold-arrow\">Cold Arrow<\/a><\/td>\n<\/tr>\n<tr>\n<td><a href=\"https:\/\/www.diablofans.cz\/d2\/herni-postavy-amazon-skilly-bow-and-crossbow-multiple-shot\">Multiple Shot<\/a><\/td>\n<\/tr>\n<tr>\n<td><a href=\"https:\/\/www.diablofans.cz\/d2\/herni-postavy-amazon-skilly-bow-and-crossbow-exploding-arrow\">Exploding Arrow<\/a><\/td>\n<\/tr>\n<tr>\n<td><a href=\"https:\/\/www.diablofans.cz\/d2\/herni-postavy-amazon-skilly-bow-and-crossbow-ice-arrow\">Ice Arrow<\/a><\/td>\n<\/tr>\n<tr>\n<td><a href=\"https:\/\/www.diablofans.cz\/d2\/herni-postavy-amazon-skilly-bow-and-crossbow-guided-arrow\">Guided Arrow<\/a><\/td>\n<\/tr>\n<tr>\n<td><a href=\"https:\/\/www.diablofans.cz\/d2\/herni-postavy-amazon-skilly-bow-and-crossbow-strafe\">Strafe<\/a><\/td>\n<\/tr>\n<tr>\n<td><a href=\"https:\/\/www.diablofans.cz\/d2\/herni-postavy-amazon-skilly-bow-and-crossbow-immolation-arrow\">Immolation Arrow<\/a><\/td>\n<\/tr>\n<tr>\n<td><strong><a href=\"https:\/\/www.diablofans.cz\/d2\/herni-postavy-amazon-skilly-bow-and-crossbow-freezing-arrow\">Freezing Arrow<\/a><\/strong><\/td>\n<\/tr>\n<\/tbody>\n<\/table><\/div>\n<h3 style=\"clear:none\">Freezing Arrow<\/h3>\n<div><img loading=\"lazy\" decoding=\"async\" src=\"https:\/\/www.diablofans.cz\/d2\/wp-content\/uploads\/2018\/08\/freezingarrow.jpg\" alt=\"Freezing Arrow\" class=\"img-left\" width=\"48\" height=\"48\" \/><\/div>\n<ul>\n<li>Pot\u0159ebn\u00fd level: 30<\/li>\n<li>Pot\u0159ebn\u00e9 skilly: <a href=\"https:\/\/www.diablofans.cz\/d2\/herni-postavy-amazon-skilly-bow-and-crossbow-cold-arrow\">Cold Arrow<\/a>, <a href=\"https:\/\/www.diablofans.cz\/d2\/herni-postavy-amazon-skilly-bow-and-crossbow-ice-arrow\">Ice Arrow<\/a><\/li>\n<li>Typ skillu: Dalekonosn\u00fd v\u00fdst\u0159el s\u00a0plo\u0161n\u00fdm mraziv\u00fdm \u00fa\u010dinkem, nutn\u00e9 nasadit luk nebo\u00a0ku\u0161i<\/li>\n<li>Lev\u00e9 tla\u010d\u00edtko: Ano<\/li>\n<\/ul>\n<p class=\"zelena\">Freezing Arrow dost\u00e1v\u00e1 synergick\u00e9 bonusy ze skillu:<\/p>\n<ul>\n<li><a href=\"https:\/\/www.diablofans.cz\/d2\/herni-postavy-amazon-skilly-bow-and-crossbow-cold-arrow\">Cold Arrow<\/a>: +12% ledov\u00e9ho po\u0161kozen\u00ed za \u00farove\u0148<\/li>\n<li><a href=\"https:\/\/www.diablofans.cz\/d2\/herni-postavy-amazon-skilly-bow-and-crossbow-ice-arrow\">Ice Arrow<\/a>: +5% d\u00e9lka zmra\u017een\u00ed za \u00farove\u0148<\/li>\n<\/ul>\n<p>T\u00edmto skillem vyst\u0159el\u00edte \u0161\u00edp s\u00a0plo\u0161n\u00fdm mraziv\u00fdm \u00fa\u010dinkem, kter\u00fd zas\u00e1hne nep\u0159\u00edtele tak, \u017ee ho na chv\u00edli zchlad\u00ed a mnohdy i\u00a0\u00fapln\u011b na p\u00e1r okam\u017eik\u016f zmraz\u00ed. I\u00a0ty, co stoj\u00ed opod\u00e1l. Je vysoce pravd\u011bpodobn\u00e9, \u017ee zmra\u017een\u00e1 nestv\u016fra bude po sv\u00e9 smrti rozbita na kostky ledu. Nev\u00fdhodou je ov\u0161em vysok\u00e1 spot\u0159eba many. Ale \u0161kody nap\u00e1chan\u00e9 hlou\u010dku nep\u0159\u00e1tel jsou vskutku obrovsk\u00e9, zvl\u00e1\u0161t\u011b kdy\u017e je dovednost pou\u017eit\u00e1 v\u00a0kombinaci s\u00a0<a href=\"https:\/\/www.diablofans.cz\/d2\/herni-postavy-amazon-skilly-passive-and-magic-pierce\">Piercem<\/a>.<\/p>\n<h3>Tabulka<\/h3>\n<table>\n<thead>\n<tr>\n<th style=\"width:100x\">\u00darovn\u011b<\/th>\n<th style=\"width:40px\">1<\/th>\n<th style=\"width:40px\">2<\/th>\n<th style=\"width:40px\">3<\/th>\n<th style=\"width:40px\">4<\/th>\n<th style=\"width:40px\">5<\/th>\n<th style=\"width:40px\">6<\/th>\n<th style=\"width:40px\">7<\/th>\n<th style=\"width:40px\">8<\/th>\n<th style=\"width:40px\">9<\/th>\n<th style=\"width:40px\">10<\/th>\n<\/tr>\n<\/thead>\n<tbody>\n<tr>\n<td>Mana<\/td>\n<td>9<\/td>\n<td>9,5<\/td>\n<td>10<\/td>\n<td>10,5<\/td>\n<td>11<\/td>\n<td>11,5<\/td>\n<td>12<\/td>\n<td>12,5<\/td>\n<td>13<\/td>\n<td>13,5<\/td>\n<\/tr>\n<tr>\n<td><span style=\"color: #ff3020;\">+AR(%)<\/span><\/td>\n<td>40<\/td>\n<td>49<\/td>\n<td>58<\/td>\n<td>67<\/td>\n<td>76<\/td>\n<td>85<\/td>\n<td>94<\/td>\n<td>103<\/td>\n<td>112<\/td>\n<td>121<\/td>\n<\/tr>\n<tr>\n<td rowspan=\"2\">Cold DMG<\/td>\n<td>40<\/td>\n<td>50<\/td>\n<td>60<\/td>\n<td>70<\/td>\n<td>80<\/td>\n<td>90<\/td>\n<td>100<\/td>\n<td>110<\/td>\n<td>125<\/td>\n<td>140<\/td>\n<\/tr>\n<tr>\n<td>50<\/td>\n<td>60<\/td>\n<td>70<\/td>\n<td>80<\/td>\n<td>90<\/td>\n<td>100<\/td>\n<td>110<\/td>\n<td>120<\/td>\n<td>135<\/td>\n<td>150<\/td>\n<\/tr>\n<tr>\n<td>Doba (s)<\/td>\n<td colspan=\"10\">2\u00a0sekundy<\/td>\n<\/tr>\n<tr>\n<th>\u00darovn\u011b<\/th>\n<th>11<\/th>\n<th>12<\/th>\n<th>13<\/th>\n<th>14<\/th>\n<th>15<\/th>\n<th>16<\/th>\n<th>17<\/th>\n<th>18<\/th>\n<th>19<\/th>\n<th>20<\/th>\n<\/tr>\n<tr>\n<td>Mana<\/td>\n<td>14<\/td>\n<td>14,5<\/td>\n<td>15<\/td>\n<td>15,5<\/td>\n<td>16<\/td>\n<td>16,5<\/td>\n<td>17<\/td>\n<td>17,5<\/td>\n<td>18<\/td>\n<td>18,5<\/td>\n<\/tr>\n<tr>\n<td><span style=\"color: #ff3020;\">+AR(%)<\/span><\/td>\n<td>130<\/td>\n<td>139<\/td>\n<td>148<\/td>\n<td>157<\/td>\n<td>166<\/td>\n<td>175<\/td>\n<td>184<\/td>\n<td>193<\/td>\n<td>202<\/td>\n<td>211<\/td>\n<\/tr>\n<tr>\n<td rowspan=\"2\">Cold DMG<\/td>\n<td>155<\/td>\n<td>170<\/td>\n<td>185<\/td>\n<td>200<\/td>\n<td>215<\/td>\n<td>230<\/td>\n<td>250<\/td>\n<td>270<\/td>\n<td>290<\/td>\n<td>310<\/td>\n<\/tr>\n<tr>\n<td>165<\/td>\n<td>180<\/td>\n<td>195<\/td>\n<td>210<\/td>\n<td>225<\/td>\n<td>240<\/td>\n<td>260<\/td>\n<td>280<\/td>\n<td>300<\/td>\n<td>320<\/td>\n<\/tr>\n<tr>\n<td>Doba (s)<\/td>\n<td colspan=\"10\">2\u00a0sekundy<\/td>\n<\/tr>\n<\/tbody>\n<\/table>\n<table>\n<thead>\n<tr>\n<th style=\"width:100x\">\u00darovn\u011b<\/th>\n<th style=\"width:40px\">21<\/th>\n<th style=\"width:40px\">22<\/th>\n<th style=\"width:40px\">23<\/th>\n<th style=\"width:40px\">24<\/th>\n<th style=\"width:40px\">25<\/th>\n<th style=\"width:40px\">26<\/th>\n<th style=\"width:40px\">27<\/th>\n<th style=\"width:40px\">28<\/th>\n<th style=\"width:40px\">29<\/th>\n<th style=\"width:40px\">30<\/th>\n<\/tr>\n<\/thead>\n<tbody>\n<tr>\n<td>Mana<\/td>\n<td>19<\/td>\n<td>19,5<\/td>\n<td>20<\/td>\n<td>20,5<\/td>\n<td>21<\/td>\n<td>21,5<\/td>\n<td>22<\/td>\n<td>22,5<\/td>\n<td>23<\/td>\n<td>23,5<\/td>\n<\/tr>\n<tr>\n<td><span style=\"color: #ff3020;\">+AR(%)<\/span><\/td>\n<td>220<\/td>\n<td>229<\/td>\n<td>238<\/td>\n<td>247<\/td>\n<td>256<\/td>\n<td>265<\/td>\n<td>274<\/td>\n<td>283<\/td>\n<td>292<\/td>\n<td>301<\/td>\n<\/tr>\n<tr>\n<td rowspan=\"2\">Cold DMG<\/td>\n<td>330<\/td>\n<td>350<\/td>\n<td>372<\/td>\n<td>394<\/td>\n<td>416<\/td>\n<td>438<\/td>\n<td>460<\/td>\n<td>482<\/td>\n<td>506<\/td>\n<td>530<\/td>\n<\/tr>\n<tr>\n<td>340<\/td>\n<td>360<\/td>\n<td>382<\/td>\n<td>404<\/td>\n<td>426<\/td>\n<td>448<\/td>\n<td>470<\/td>\n<td>492<\/td>\n<td>516<\/td>\n<td>540<\/td>\n<\/tr>\n<tr>\n<td>Doba (s)<\/td>\n<td colspan=\"10\">2\u00a0sekundy<\/td>\n<\/tr>\n<tr>\n<th>\u00darovn\u011b<\/th>\n<th>31<\/th>\n<th>32<\/th>\n<th>33<\/th>\n<th>34<\/th>\n<th>35<\/th>\n<th>36<\/th>\n<th>37<\/th>\n<th>38<\/th>\n<th>39<\/th>\n<th>40<\/th>\n<\/tr>\n<tr>\n<td>Mana<\/td>\n<td>24<\/td>\n<td>24,5<\/td>\n<td>25<\/td>\n<td>25,5<\/td>\n<td>26<\/td>\n<td>26,5<\/td>\n<td>27<\/td>\n<td>27,5<\/td>\n<td>28<\/td>\n<td>28,5<\/td>\n<\/tr>\n<tr>\n<td><span style=\"color: #ff3020;\">+AR(%)<\/span><\/td>\n<td>310<\/td>\n<td>319<\/td>\n<td>328<\/td>\n<td>337<\/td>\n<td>346<\/td>\n<td>355<\/td>\n<td>364<\/td>\n<td>373<\/td>\n<td>382<\/td>\n<td>391<\/td>\n<\/tr>\n<tr>\n<td rowspan=\"2\">Cold DMG<\/td>\n<td>554<\/td>\n<td>578<\/td>\n<td>602<\/td>\n<td>626<\/td>\n<td>650<\/td>\n<td>674<\/td>\n<td>698<\/td>\n<td>722<\/td>\n<td>746<\/td>\n<td>770<\/td>\n<\/tr>\n<tr>\n<td>564<\/td>\n<td>588<\/td>\n<td>612<\/td>\n<td>636<\/td>\n<td>660<\/td>\n<td>684<\/td>\n<td>708<\/td>\n<td>732<\/td>\n<td>756<\/td>\n<td>780<\/td>\n<\/tr>\n<tr>\n<td>Doba (s)<\/td>\n<td colspan=\"10\">2\u00a0sekundy<\/td>\n<\/tr>\n<\/tbody>\n<\/table>\n<p><span style=\"color: #ff3020;\">Bonus k\u00a0Attack Rating nen\u00ed z\u00a0tohoto skillu zapo\u010d\u00edt\u00e1n!<\/span> Ve h\u0159e na obrazovce se statistikami ale bonus (+AR(%)) uvid\u00edte. Ve skute\u010dnosti se kv\u016fli bugu vyu\u017e\u00edv\u00e1 Attack rating stejn\u00fd jako p\u0159i norm\u00e1ln\u00edm\u00a0\u00fatoku.<\/p>\n<p>\u0160\u00edp exploduje p\u0159i n\u00e1razu do nep\u0159\u00edtele, na kter\u00e9ho se uplatn\u00ed mraziv\u00e9 \u0161kody ze skillu, a\u0165 je z\u00e1sah jako takov\u00fd \u00fasp\u011b\u0161n\u00fd nebo ne. Plo\u0161n\u00e9 mraziv\u00e9 \u0161kody ze skillu utrp\u00ed i\u00a0v\u0161ichni, co stoj\u00ed uvnit\u0159 okruhu 3\u00a0a 1\/3 yardu od zasa\u017een\u00e9 jednotky.<\/p>\n<p>\u00dasp\u011b\u0161n\u00fd z\u00e1sah nep\u0159\u00edtele \u0161\u00edpem je v\u0161ak vy\u017eadov\u00e1n, aby se mohl uplatnit skill <a href=\"https:\/\/www.diablofans.cz\/d2\/herni-postavy-amazon-skilly-passive-and-magic-pierce\">Pierce<\/a> Pokud \u0161\u00edp prol\u00e9tne nep\u0159\u00edtelem, je dal\u0161\u00ed zasa\u017een\u00e1 potvora zasa\u017eena exploz\u00ed mrazu a okolo stoj\u00edc\u00edm jednotk\u00e1m znovu ud\u011blena plo\u0161n\u00e1 mraziv\u00e1 \u0161koda. <span style=\"color: #f0f020;\">Kdy\u017e jsou monstra srovn\u00e1na za sebou, m\u016f\u017ee se za p\u0159\u00edzniv\u00fdch podm\u00ednek \u0161\u00edp prob\u00edt skrz v\u0161echny a ka\u017ed\u00e1 utrp\u00ed plo\u0161n\u00e9 mraziv\u00e9 \u0161kody a\u017e p\u011btkr\u00e1t za jeden v\u00fdst\u0159el!!<\/span><\/p>\n<p><span style=\"color: #f0f020;\">Mraziv\u00e9 \u0161kody z\u00a0vybaven\u00ed a invent\u00e1\u0159e se p\u0159i\u010d\u00edtaj\u00ed k\u00a0plo\u0161n\u00fdm mraziv\u00fdm \u0161kod\u00e1m tohoto skillu.<\/span><\/p>\n<p>Polo\u017eka +% Cold Skill Damage zved\u00e1 pouze plo\u0161n\u00e9 mraziv\u00e9 \u0161kody. Nezved\u00e1 mraziv\u00fd \u00fatok z\u00a0vybaven\u00ed.<\/p>\n<p>K\u00a0d\u00e9lce zmra\u017een\u00ed se p\u0159i\u010dtou d\u00e9lky promrznut\u00ed z\u00a0ledov\u00fdch \u00fatok\u016f z\u00a0v\u00fdbavy.<\/p>\n<h3>V\u00fdpo\u010dty<\/h3>\n<ul>\n<li><span style=\"color: #ff3020;\">+AR(%)<\/span> = 31 + 9*slvl<\/li>\n<li>Cold DMG:<\/li>\n<\/ul>\n<table>\n<thead>\n<tr>\n<th>\u00darove\u0148<\/th>\n<th>1\u20138<\/th>\n<th>9\u201316<\/th>\n<th>17\u201322<\/th>\n<th>23\u201327<\/th>\n<th>28\u201399<\/th>\n<\/tr>\n<\/thead>\n<tbody>\n<tr>\n<td>Min Cold DMG<\/td>\n<td>10*slvl + 30<\/td>\n<td>15*slvl\u00a0\u2013 10<\/td>\n<td>20*slvl\u00a0\u2013 90<\/td>\n<td>22*slvl\u00a0\u2013 134<\/td>\n<td>24*slvl\u00a0\u2013 190<\/td>\n<\/tr>\n<tr>\n<td>Max Cold DMG<\/td>\n<td>10*slvl + 40<\/td>\n<td>15*slvl<\/td>\n<td>20*slvl\u00a0\u2013 80<\/td>\n<td>22*slvl\u00a0\u2013 124<\/td>\n<td>24*slvl\u00a0\u2013 180<\/td>\n<\/tr>\n<\/tbody>\n<\/table>\n<ul>\n<li>Mana = 8,5 + 0,5*slvl<\/li>\n<li>Doba zmra\u017een\u00ed = 2\u00a0sekundy<\/li>\n<\/ul>\n<p>(slvl = \u00farove\u0148 skillu)<\/p>\n<h3>V\u00fdskyt dovednosti<\/h3>\n<p>Dovednost se vyskytuje na \u201enabit\u00fdch\u201c p\u0159edm\u011btech (Charges):<\/p>\n<ul>\n<li>V\u00fdskyt pouze na Magic nebo Rare luku nebo ku\u0161i nebo rukavic\u00edch.<\/li>\n<li>\u00darovn\u011b: 1\u20134<\/li>\n<li>V\u00a0tabulce je zn\u00e1zorn\u011bn minim\u00e1ln\u00ed po\u017eadavek na \u00farove\u0148 p\u0159edm\u011btu (ilvl) na \u00farove\u0148 skillu spole\u010dn\u011b s\u00a0po\u010dtem n\u00e1boj\u016f (Charges)<\/li>\n<\/ul>\n<p>Pro rukavice plat\u00ed:<\/p>\n<table>\n<thead>\n<tr>\n<th>\u00darove\u0148 skillu<\/th>\n<th>1<\/th>\n<th>2<\/th>\n<\/tr>\n<\/thead>\n<tbody>\n<tr>\n<td>Minim\u00e1ln\u00ed ilvl<\/td>\n<td>64<\/td>\n<td>98<\/td>\n<\/tr>\n<tr>\n<td>Po\u010det Charges<\/td>\n<td>22<\/td>\n<td>25<\/td>\n<\/tr>\n<\/tbody>\n<\/table>\n<p>Pro luky a ku\u0161e plat\u00ed:<\/p>\n<table>\n<thead>\n<tr>\n<th>\u00darove\u0148 skillu<\/th>\n<th>1<\/th>\n<th>2<\/th>\n<th>3<\/th>\n<th>4<\/th>\n<\/tr>\n<\/thead>\n<tbody>\n<tr>\n<td>Minim\u00e1ln\u00ed ilvl<\/td>\n<td>47<\/td>\n<td>64<\/td>\n<td>81<\/td>\n<td>98<\/td>\n<\/tr>\n<tr>\n<td>Po\u010det Charges<\/td>\n<td>33<\/td>\n<td>37<\/td>\n<td>41<\/td>\n<td>45<\/td>\n<\/tr>\n<\/tbody>\n<\/table>\n<hr \/>\n<p><em>Nejmocn\u011bj\u0161\u00ed dosa\u017eiteln\u00e1 chladiv\u00e1 s\u00edla je ur\u010dena jen t\u011bm, co se zasl\u00edbili Karcheovi. O\u010daruje \u0161\u00edp velmi silnou moc\u00ed destrukce a mrazu, p\u0159ipom\u00ednaj\u00edc\u00ed lavinu sn\u011bhu a ledu. Nep\u0159\u00e1tel\u00e9 zasa\u017een\u00ed t\u00edmto mraziv\u00fdm \u0161\u00edpem i\u00a0ti stoj\u00edc\u00ed opod\u00e1l, jsou magicky zmra\u017een\u00ed a\u017e po kosti a c\u00edt\u00ed zdrcuj\u00edc\u00ed bolest, jako kdyby je p\u0159ekryla n\u011bkolik metr\u016f vysok\u00e1 vrstva bur\u00e1cej\u00edc\u00edho padaj\u00edc\u00edho\u00a0ledu.<\/em><\/p>\n<p style=\"text-align:center\">&#8212;\u00a0\u2014 &#8212;\u00a0\u2014 &#8212;\u00a0\u2014 &#8212;\u00a0\u2014 &#8212;\u00a0\u2014 &#8212;\u00a0\u2014 &#8212;\u00a0\u2014 &#8212;\u00a0\u2014 &#8212;\u00a0\u2014 &#8212;\u00a0\u2014 &#8212;\u00a0\u2014\u00a0&#8212;<\/p>\n<p style=\"text-align:center\"><a href=\"https:\/\/www.diablofans.cz\/d2\/herni-postavy-amazon-skilly-bow-and-crossbow\">\u00ab Zp\u011bt do sekce Hern\u00ed postavy\u00a0\u2013 Amazon\u00a0\u2013 Skilly\u00a0\u2013 Bow and Crossbow.<\/a><\/p>\n<\/p><\/div>\n<p> <!-- by Texy2! --><\/p>\n","protected":false},"excerpt":{"rendered":"<p>Amazonka\u00a0\u2013 Javelin and Spear Skills\u00a0\u2013 Passive and Magic Skills\u00a0\u2013 Bow and Crossbow\u00a0Skills Magic Arrow Fire Arrow Cold Arrow Multiple Shot Exploding Arrow Ice Arrow Guided Arrow Strafe Immolation Arrow Freezing Arrow Freezing Arrow Pot\u0159ebn\u00fd level: 30 Pot\u0159ebn\u00e9 skilly: Cold Arrow, Ice Arrow Typ skillu: Dalekonosn\u00fd v\u00fdst\u0159el s\u00a0plo\u0161n\u00fdm mraziv\u00fdm \u00fa\u010dinkem, nutn\u00e9 nasadit luk nebo\u00a0ku\u0161i Lev\u00e9 tla\u010d\u00edtko: [&#8230;]<\/p>\n<p><a class=\"btn btn-secondary understrap-read-more-link\" href=\"https:\/\/www.diablofans.cz\/d2\/herni-postavy-amazon-skilly-bow-and-crossbow-freezing-arrow\/\">\u010c\u00edst d\u00e1le&#8230;<span class=\"screen-reader-text\"> from Amazon &#8211; Skilly &#8211; Bow and Crossbow &#8211; Freezing Arrow<\/span><\/a><\/p>\n","protected":false},"author":1,"featured_media":0,"parent":0,"menu_order":0,"comment_status":"open","ping_status":"open","template":"","meta":{"footnotes":""},"class_list":["post-3202","page","type-page","status-publish","hentry"],"_links":{"self":[{"href":"https:\/\/www.diablofans.cz\/d2\/wp-json\/wp\/v2\/pages\/3202","targetHints":{"allow":["GET"]}}],"collection":[{"href":"https:\/\/www.diablofans.cz\/d2\/wp-json\/wp\/v2\/pages"}],"about":[{"href":"https:\/\/www.diablofans.cz\/d2\/wp-json\/wp\/v2\/types\/page"}],"author":[{"embeddable":true,"href":"https:\/\/www.diablofans.cz\/d2\/wp-json\/wp\/v2\/users\/1"}],"replies":[{"embeddable":true,"href":"https:\/\/www.diablofans.cz\/d2\/wp-json\/wp\/v2\/comments?post=3202"}],"version-history":[{"count":0,"href":"https:\/\/www.diablofans.cz\/d2\/wp-json\/wp\/v2\/pages\/3202\/revisions"}],"wp:attachment":[{"href":"https:\/\/www.diablofans.cz\/d2\/wp-json\/wp\/v2\/media?parent=3202"}],"curies":[{"name":"wp","href":"https:\/\/api.w.org\/{rel}","templated":true}]}}