{"id":3204,"date":"2018-08-25T22:08:51","date_gmt":"2018-08-25T20:08:51","guid":{"rendered":"http:\/\/diablofans.ddev.site\/d2\/herni-postavy-amazon-skilly-bow-and-crossbow-exploding-arrow\/"},"modified":"2018-08-25T22:08:51","modified_gmt":"2018-08-25T20:08:51","slug":"herni-postavy-amazon-skilly-bow-and-crossbow-exploding-arrow","status":"publish","type":"page","link":"https:\/\/www.diablofans.cz\/d2\/herni-postavy-amazon-skilly-bow-and-crossbow-exploding-arrow\/","title":{"rendered":"Amazon &#8211; Skilly &#8211; Bow and Crossbow &#8211; Exploding Arrow"},"content":{"rendered":"\n<div class=\"skilly\"><a href=\"https:\/\/www.diablofans.cz\/d2\/herni-postavy-amazon\">Amazonka<\/a> | <a href=\"https:\/\/www.diablofans.cz\/d2\/herni-postavy-amazon-skilly-javelin-and-spear\">Javelin and Spear Skills<\/a> | <a href=\"https:\/\/www.diablofans.cz\/d2\/herni-postavy-amazon-skilly-passive-and-magic\">Passive and Magic Skills<\/a> | <strong><a href=\"https:\/\/www.diablofans.cz\/d2\/herni-postavy-amazon-skilly-bow-and-crossbow\">Bow and Crossbow\u00a0Skills<\/a><\/strong> <\/p>\n<hr \/>\n<div style=\"float: right; width: 160px;\">\n<table>\n<tbody>\n<tr>\n<td><a href=\"https:\/\/www.diablofans.cz\/d2\/herni-postavy-amazon-skilly-bow-and-crossbow-magic-arrow\">Magic Arrow<\/a><\/td>\n<\/tr>\n<tr>\n<td><a href=\"https:\/\/www.diablofans.cz\/d2\/herni-postavy-amazon-skilly-bow-and-crossbow-fire-arrow\">Fire Arrow<\/a><\/td>\n<\/tr>\n<tr>\n<td><a href=\"https:\/\/www.diablofans.cz\/d2\/herni-postavy-amazon-skilly-bow-and-crossbow-cold-arrow\">Cold Arrow<\/a><\/td>\n<\/tr>\n<tr>\n<td><a href=\"https:\/\/www.diablofans.cz\/d2\/herni-postavy-amazon-skilly-bow-and-crossbow-multiple-shot\">Multiple Shot<\/a><\/td>\n<\/tr>\n<tr>\n<td><strong><a href=\"https:\/\/www.diablofans.cz\/d2\/herni-postavy-amazon-skilly-bow-and-crossbow-exploding-arrow\">Exploding Arrow<\/a><\/strong><\/td>\n<\/tr>\n<tr>\n<td><a href=\"https:\/\/www.diablofans.cz\/d2\/herni-postavy-amazon-skilly-bow-and-crossbow-ice-arrow\">Ice Arrow<\/a><\/td>\n<\/tr>\n<tr>\n<td><a href=\"https:\/\/www.diablofans.cz\/d2\/herni-postavy-amazon-skilly-bow-and-crossbow-guided-arrow\">Guided Arrow<\/a><\/td>\n<\/tr>\n<tr>\n<td><a href=\"https:\/\/www.diablofans.cz\/d2\/herni-postavy-amazon-skilly-bow-and-crossbow-strafe\">Strafe<\/a><\/td>\n<\/tr>\n<tr>\n<td><a href=\"https:\/\/www.diablofans.cz\/d2\/herni-postavy-amazon-skilly-bow-and-crossbow-immolation-arrow\">Immolation Arrow<\/a><\/td>\n<\/tr>\n<tr>\n<td><a href=\"https:\/\/www.diablofans.cz\/d2\/herni-postavy-amazon-skilly-bow-and-crossbow-freezing-arrow\">Freezing Arrow<\/a><\/td>\n<\/tr>\n<\/tbody>\n<\/table><\/div>\n<h3 style=\"clear:none\">Exploding Arrow<\/h3>\n<div><img loading=\"lazy\" decoding=\"async\" src=\"https:\/\/www.diablofans.cz\/d2\/wp-content\/uploads\/2018\/08\/explodingarrow.jpg\" alt=\"Exploding arrow\" class=\"img-left\" width=\"48\" height=\"48\" \/><\/div>\n<ul>\n<li>Pot\u0159ebn\u00fd level: 12<\/li>\n<li>Pot\u0159ebn\u00e9 skilly: <a href=\"https:\/\/www.diablofans.cz\/d2\/herni-postavy-amazon-skilly-bow-and-crossbow-magic-arrow\">Magic Arrow<\/a>, <a href=\"https:\/\/www.diablofans.cz\/d2\/herni-postavy-amazon-skilly-bow-and-crossbow-multiple-shot\">Multiple Shot<\/a>, <a href=\"https:\/\/www.diablofans.cz\/d2\/herni-postavy-amazon-skilly-bow-and-crossbow-fire-arrow\">Fire\u00a0Arrow<\/a><\/li>\n<li>Typ skillu: Dalekonosn\u00fd v\u00fdst\u0159el s\u00a0plo\u0161n\u00fdm explosivn\u00edm \u00fa\u010dinkem, nutn\u00e9 nasadit luk nebo\u00a0ku\u0161i<\/li>\n<li>Lev\u00e9 tla\u010d\u00edtko: Ano<\/li>\n<\/ul>\n<p class=\"zelena\">Exploding Arrow dost\u00e1v\u00e1 synergick\u00e9 bonusy ze skillu:<\/p>\n<ul>\n<li><a href=\"https:\/\/www.diablofans.cz\/d2\/herni-postavy-amazon-skilly-bow-and-crossbow-fire-arrow\">Fire Arrow<\/a>: +12% Ohniv\u00e9 po\u0161kozen\u00ed za \u00farove\u0148<\/li>\n<\/ul>\n<p>Amazonka vyst\u0159el\u00ed ohniv\u00fd \u0161\u00edp, kter\u00fd p\u0159i sr\u00e1\u017ece s\u00a0nep\u0159\u00edtelem vybuchne p\u0159i sr\u00e1\u017ece a ud\u011bl\u00ed mu po\u0161kozen\u00ed nejen ze st\u0159ely, ale i\u00a0\u0161kody z\u00a0plo\u0161n\u00e9ho \u00fa\u010dinku tohoto skillu (Fire DMG). Nep\u0159\u00e1tel\u00e9 se v\u00a0okruhu zasa\u017een\u00e9ho monstra nebo objektu pop\u00e1l\u00ed. Tento skill je velice efektivn\u00ed.<\/p>\n<p>Amazonka ov\u0161em nen\u00ed jedinou postavou, co tento skill r\u00e1da pou\u017e\u00edv\u00e1.<\/p>\n<h3>Tabulka<\/h3>\n<table>\n<thead>\n<tr>\n<th style=\"width:100px\">\u00darovn\u011b<\/th>\n<th style=\"width:40px\">1<\/th>\n<th style=\"width:40px\">2<\/th>\n<th style=\"width:40px\">3<\/th>\n<th style=\"width:40px\">4<\/th>\n<th style=\"width:40px\">5<\/th>\n<th style=\"width:40px\">6<\/th>\n<th style=\"width:40px\">7<\/th>\n<th style=\"width:40px\">8<\/th>\n<th style=\"width:40px\">9<\/th>\n<th style=\"width:40px\">10<\/th>\n<\/tr>\n<\/thead>\n<tbody>\n<tr>\n<td>Mana<\/td>\n<td>5<\/td>\n<td>5,5<\/td>\n<td>6<\/td>\n<td>6,5<\/td>\n<td>7<\/td>\n<td>7,5<\/td>\n<td>8<\/td>\n<td>8,5<\/td>\n<td>9<\/td>\n<td>9,5<\/td>\n<\/tr>\n<tr>\n<td><span style=\"color: #ff3020;\">+AR(%)<\/span><\/td>\n<td>20<\/td>\n<td>29<\/td>\n<td>38<\/td>\n<td>47<\/td>\n<td>56<\/td>\n<td>65<\/td>\n<td>74<\/td>\n<td>83<\/td>\n<td>92<\/td>\n<td>101<\/td>\n<\/tr>\n<tr>\n<td rowspan=\"2\">+Fire DMG<\/td>\n<td>2<\/td>\n<td>7<\/td>\n<td>12<\/td>\n<td>17<\/td>\n<td>22<\/td>\n<td>27<\/td>\n<td>32<\/td>\n<td>37<\/td>\n<td>44<\/td>\n<td>51<\/td>\n<\/tr>\n<tr>\n<td>6<\/td>\n<td>11<\/td>\n<td>16<\/td>\n<td>21<\/td>\n<td>26<\/td>\n<td>31<\/td>\n<td>36<\/td>\n<td>41<\/td>\n<td>49<\/td>\n<td>57<\/td>\n<\/tr>\n<tr>\n<th>\u00darovn\u011b<\/th>\n<th>11<\/th>\n<th>12<\/th>\n<th>13<\/th>\n<th>14<\/th>\n<th>15<\/th>\n<th>16<\/th>\n<th>17<\/th>\n<th>18<\/th>\n<th>19<\/th>\n<th>20<\/th>\n<\/tr>\n<tr>\n<td>Mana<\/td>\n<td>10<\/td>\n<td>10,5<\/td>\n<td>11<\/td>\n<td>11,5<\/td>\n<td>12<\/td>\n<td>12,5<\/td>\n<td>13<\/td>\n<td>13,5<\/td>\n<td>14<\/td>\n<td>14,5<\/td>\n<\/tr>\n<tr>\n<td><span style=\"color: #ff3020;\">+AR(%)<\/span><\/td>\n<td>110<\/td>\n<td>119<\/td>\n<td>128<\/td>\n<td>137<\/td>\n<td>146<\/td>\n<td>155<\/td>\n<td>164<\/td>\n<td>173<\/td>\n<td>182<\/td>\n<td>191<\/td>\n<\/tr>\n<tr>\n<td rowspan=\"2\">+Fire DMG<\/td>\n<td>58<\/td>\n<td>65<\/td>\n<td>72<\/td>\n<td>79<\/td>\n<td>86<\/td>\n<td>93<\/td>\n<td>102<\/td>\n<td>111<\/td>\n<td>120<\/td>\n<td>129<\/td>\n<\/tr>\n<tr>\n<td>65<\/td>\n<td>73<\/td>\n<td>81<\/td>\n<td>89<\/td>\n<td>97<\/td>\n<td>105<\/td>\n<td>116<\/td>\n<td>127<\/td>\n<td>138<\/td>\n<td>149<\/td>\n<\/tr>\n<\/tbody>\n<\/table>\n<table>\n<thead>\n<tr>\n<th style=\"width:100px\">\u00darovn\u011b<\/th>\n<th style=\"width:40px\">21<\/th>\n<th style=\"width:40px\">22<\/th>\n<th style=\"width:40px\">23<\/th>\n<th style=\"width:40px\">24<\/th>\n<th style=\"width:40px\">25<\/th>\n<th style=\"width:40px\">26<\/th>\n<th style=\"width:40px\">27<\/th>\n<th style=\"width:40px\">28<\/th>\n<th style=\"width:40px\">29<\/th>\n<th style=\"width:40px\">30<\/th>\n<\/tr>\n<\/thead>\n<tbody>\n<tr>\n<td>Mana<\/td>\n<td>15<\/td>\n<td>15,5<\/td>\n<td>16<\/td>\n<td>16,5<\/td>\n<td>17<\/td>\n<td>17,5<\/td>\n<td>18<\/td>\n<td>18,5<\/td>\n<td>19<\/td>\n<td>19,5<\/td>\n<\/tr>\n<tr>\n<td><span style=\"color: #ff3020;\">+AR(%)<\/span><\/td>\n<td>200<\/td>\n<td>209<\/td>\n<td>218<\/td>\n<td>227<\/td>\n<td>236<\/td>\n<td>245<\/td>\n<td>254<\/td>\n<td>263<\/td>\n<td>272<\/td>\n<td>281<\/td>\n<\/tr>\n<tr>\n<td rowspan=\"2\">+Fire DMG<\/td>\n<td>138<\/td>\n<td>147<\/td>\n<td>159<\/td>\n<td>171<\/td>\n<td>183<\/td>\n<td>195<\/td>\n<td>207<\/td>\n<td>219<\/td>\n<td>239<\/td>\n<td>259<\/td>\n<\/tr>\n<tr>\n<td>160<\/td>\n<td>171<\/td>\n<td>185<\/td>\n<td>199<\/td>\n<td>213<\/td>\n<td>227<\/td>\n<td>241<\/td>\n<td>255<\/td>\n<td>278<\/td>\n<td>301<\/td>\n<\/tr>\n<tr>\n<th>\u00darovn\u011b<\/th>\n<th>31<\/th>\n<th>32<\/th>\n<th>33<\/th>\n<th>34<\/th>\n<th>35<\/th>\n<th>36<\/th>\n<th>37<\/th>\n<th>38<\/th>\n<th>39<\/th>\n<th>40<\/th>\n<\/tr>\n<tr>\n<td>Mana<\/td>\n<td>20<\/td>\n<td>20,5<\/td>\n<td>21<\/td>\n<td>21,5<\/td>\n<td>22<\/td>\n<td>22,5<\/td>\n<td>23<\/td>\n<td>23,5<\/td>\n<td>24<\/td>\n<td>24,5<\/td>\n<\/tr>\n<tr>\n<td><span style=\"color: #ff3020;\">+AR(%)<\/span><\/td>\n<td>290<\/td>\n<td>299<\/td>\n<td>308<\/td>\n<td>317<\/td>\n<td>326<\/td>\n<td>335<\/td>\n<td>344<\/td>\n<td>353<\/td>\n<td>362<\/td>\n<td>371<\/td>\n<\/tr>\n<tr>\n<td rowspan=\"2\">+Fire DMG<\/td>\n<td>279<\/td>\n<td>299<\/td>\n<td>319<\/td>\n<td>339<\/td>\n<td>359<\/td>\n<td>379<\/td>\n<td>399<\/td>\n<td>419<\/td>\n<td>439<\/td>\n<td>459<\/td>\n<\/tr>\n<tr>\n<td>324<\/td>\n<td>347<\/td>\n<td>370<\/td>\n<td>393<\/td>\n<td>416<\/td>\n<td>439<\/td>\n<td>462<\/td>\n<td>485<\/td>\n<td>508<\/td>\n<td>531<\/td>\n<\/tr>\n<\/tbody>\n<\/table>\n<p><span style=\"color: #ff3020;\">Bonus k\u00a0Attack Rating nen\u00ed z\u00a0tohoto skillu zapo\u010d\u00edt\u00e1n!<\/span> Ve h\u0159e na obrazovce se statistikami ale bonus (+AR(%)) uvid\u00edte. Ve skute\u010dnosti se kv\u016fli bugu vyu\u017e\u00edv\u00e1 Attack rating stejn\u00fd jako p\u0159i norm\u00e1ln\u00edm\u00a0\u00fatoku.<\/p>\n<p>\u0160\u00edp exploduje p\u0159i n\u00e1razu do nep\u0159\u00edtele, na kter\u00e9ho se uplatn\u00ed ohniv\u00e9 \u0161kody ze skillu, a\u0165 je z\u00e1sah jako takov\u00fd \u00fasp\u011b\u0161n\u00fd nebo ne. Plo\u0161n\u00e9 ohniv\u00e9 \u0161kody ze skillu utrp\u00ed i\u00a0v\u0161ichni, co stoj\u00ed uvnit\u0159 okruhu 3\u00a0a 1\/3 yardu od zasa\u017een\u00e9 jednotky.<\/p>\n<p>\u00dasp\u011b\u0161n\u00fd z\u00e1sah nep\u0159\u00edtele \u0161\u00edpem je v\u0161ak vy\u017eadov\u00e1n, aby se mohl uplatnit skill <a href=\"https:\/\/www.diablofans.cz\/d2\/herni-postavy-amazon-skilly-passive-and-magic-pierce\">Pierce<\/a> Pokud \u0161\u00edp prol\u00e9tne nep\u0159\u00edtelem, je i\u00a0dal\u0161\u00ed jednotka zasa\u017eena ohnivou exploz\u00ed a okolo stoj\u00edc\u00edm jednotk\u00e1m znovu ud\u011blena plo\u0161n\u00e1 ohniv\u00e1 \u0161koda. <span style=\"color: #f0f020;\">Kdy\u017e jsou monstra srovn\u00e1na za sebou, m\u016f\u017ee se za p\u0159\u00edzniv\u00fdch podm\u00ednek \u0161\u00edp prob\u00edt skrz v\u0161echny a ka\u017ed\u00e1 nep\u0159\u00e1telsk\u00e1 jednotka utrp\u00ed plo\u0161n\u00e9 ohniv\u00e9 \u0161kody a\u017e p\u011btkr\u00e1t za jeden v\u00fdst\u0159el!!<\/span><\/p>\n<p><span style=\"color: #f0f020;\">Ohniv\u00e9 \u0161kody z\u00a0p\u0159edm\u011bt\u016f v\u00a0invent\u00e1\u0159i a z\u00a0ohniv\u00fdch skill\u016f <a href=\"https:\/\/www.diablofans.cz\/d2\/herni-postavy-sorceress-skilly-fire-spells-enchant\">Enchant<\/a> a <a href=\"https:\/\/www.diablofans.cz\/d2\/herni-postavy-paladin-skilly-offensive-auras-holy-fire\">Holy Fire<\/a> se p\u0159i\u010dtou nejen k\u00a0\u0161\u00edpu, ale i\u00a0k\u00a0plo\u0161n\u00fdm \u0161kod\u00e1m tohoto skillu!!<\/span><\/p>\n<p>\u0160kody z\u00a0exploze nemohou b\u00fdt blokov\u00e1ny.<\/p>\n<h3>V\u00fdpo\u010dty<\/h3>\n<ul>\n<li><span style=\"color: #ff3020;\">+AR(%)<\/span> = 11 + 9*slvl<\/li>\n<li>+Fire DMG:<\/li>\n<\/ul>\n<table>\n<thead>\n<tr>\n<th>\u00darove\u0148<\/th>\n<th>1\u20138<\/th>\n<th>9\u201316<\/th>\n<th>17\u201322<\/th>\n<th>23\u201327<\/th>\n<th>28\u201399<\/th>\n<\/tr>\n<\/thead>\n<tbody>\n<tr>\n<td>Min Fire DMG<\/td>\n<td>5*slvl\u00a0\u2013 3<\/td>\n<td>7*slvl\u00a0\u2013 19<\/td>\n<td>9*slvl\u00a0\u2013 51<\/td>\n<td>12*slvl\u00a0\u2013 117<\/td>\n<td>20*slvl\u00a0\u2013 341<\/td>\n<\/tr>\n<tr>\n<td>Max Fire DMG<\/td>\n<td>5*slvl +1<\/td>\n<td>8*slvl\u00a0\u2013 23<\/td>\n<td>11*slvl\u00a0\u2013 71<\/td>\n<td>14*slvl\u00a0\u2013 137<\/td>\n<td>23*slvl\u00a0\u2013 389<\/td>\n<\/tr>\n<\/tbody>\n<\/table>\n<ul>\n<li>Mana = 4,5 + 0,5*slvl<\/li>\n<\/ul>\n<p>(slvl = \u00farove\u0148 skillu)<\/p>\n<h3>V\u00fdskyt dovednosti<\/h3>\n<p>N\u011bkter\u00e9 p\u0159edm\u011bty poskytuj\u00ed bonus k\u00a0tomuto skillu:<\/p>\n<ul>\n<li><a href=\"https:\/\/www.diablofans.cz\/d2\/predmety-unique-normal-bows\">Blastbark Long War Bow<\/a>\u00a0\u2013 +2\u00a0to Exploding Arrow (Amazon\u00a0Only)<\/li>\n<\/ul>\n<p>N\u011bkter\u00e9 p\u0159edm\u011bty maj\u00ed schopnost <em>Fires Explosive Arrows\/Bolts<\/em>:<\/p>\n<ul>\n<li><a href=\"https:\/\/www.diablofans.cz\/d2\/predmety-unique-normal-bows\">Raven Claw Long Bow<\/a>\u00a0\u2013 lvl 3<\/li>\n<li><a href=\"https:\/\/www.diablofans.cz\/d2\/predmety-unique-normal-crossbows\">Hellcast Heavy Crossbow<\/a>\u00a0\u2013 lvl 5<\/li>\n<li><a href=\"https:\/\/www.diablofans.cz\/d2\/predmety-unique-exceptional-crossbows\">Demon Machine Chu-Ko-Nu<\/a>\u00a0\u2013 lvl 6<\/li>\n<li><a href=\"https:\/\/www.diablofans.cz\/d2\/predmety-unique-exceptional-bows\">Kuko Shakaku Cedar Bow<\/a>\u00a0\u2013 lvl 7<\/li>\n<li><a href=\"https:\/\/www.diablofans.cz\/d2\/predmety-unique-class-specific-amazon\">Blood Raven&#8217;s\u00a0Charge Matriarchal Bow<\/a>\u00a0\u2013 lvl\u00a013<\/li>\n<li><a href=\"https:\/\/www.diablofans.cz\/d2\/runova-slova-1-10#realmova\">Brand luk nebo ku\u0161e<\/a>\u00a0\u2013 lvl 15<\/li>\n<\/ul>\n<p>Pozn: Ka\u017ed\u00e1 postava pou\u017e\u00edvaj\u00edc\u00ed v\u00fd\u0161e uveden\u00e9 luky nebo ku\u0161e p\u00e1l\u00ed p\u0159i norm\u00e1ln\u00edm \u00fatoku ohniv\u00e9 \u0161\u00edpy. Amazonka uplat\u0148uje i\u00a0synergii. <span style=\"color: #ff3020;\"><a href=\"https:\/\/www.diablofans.cz\/d2\/zoldaci#rogue\">Rogue<\/a> vybaven\u00e1 n\u011bkter\u00fdm z\u00a0t\u011bchto luk\u016f m\u016f\u017ee p\u0159i \u00fato\u010den\u00ed vyslat grafick\u00fd efekt tohoto skillu, ale \u0161kody z\u00a0tohoto skillu neud\u011bl\u00ed!<\/span><\/p>\n<p>Dovednost se vyskytuje na \u201enabit\u00fdch\u201c p\u0159edm\u011btech (Charges):<\/p>\n<ul>\n<li>V\u00fdskyt pouze na Magic nebo Rare luku nebo ku\u0161i nebo rukavic\u00edch.<\/li>\n<li>\u00darovn\u011b: 1\u20136<\/li>\n<li>V\u00a0tabulce je zn\u00e1zorn\u011bn minim\u00e1ln\u00ed po\u017eadavek na \u00farove\u0148 p\u0159edm\u011btu (ilvl) na \u00farove\u0148 skillu spole\u010dn\u011b s\u00a0po\u010dtem n\u00e1boj\u016f (Charges)<\/li>\n<\/ul>\n<p>Pro rukavice plat\u00ed:<\/p>\n<table>\n<thead>\n<tr>\n<th>\u00darove\u0148 skillu<\/th>\n<th>1<\/th>\n<th>2<\/th>\n<th>3<\/th>\n<th>4<\/th>\n<\/tr>\n<\/thead>\n<tbody>\n<tr>\n<td>Minim\u00e1ln\u00ed ilvl<\/td>\n<td>33<\/td>\n<td>54<\/td>\n<td>75<\/td>\n<td>96<\/td>\n<\/tr>\n<tr>\n<td>Po\u010det Charges<\/td>\n<td>22<\/td>\n<td>25<\/td>\n<td>27<\/td>\n<td>30<\/td>\n<\/tr>\n<\/tbody>\n<\/table>\n<p>Pro luky nebo ku\u0161e plat\u00ed:<\/p>\n<table>\n<thead>\n<tr>\n<th>\u00darove\u0148 skillu<\/th>\n<th>1<\/th>\n<th>2<\/th>\n<th>3<\/th>\n<th>4<\/th>\n<th>5<\/th>\n<th>6<\/th>\n<\/tr>\n<\/thead>\n<tbody>\n<tr>\n<td>Minim\u00e1ln\u00ed ilvl<\/td>\n<td>26<\/td>\n<td>40<\/td>\n<td>54<\/td>\n<td>68<\/td>\n<td>82<\/td>\n<td>96<\/td>\n<\/tr>\n<tr>\n<td>Po\u010det Charges<\/td>\n<td>33<\/td>\n<td>37<\/td>\n<td>41<\/td>\n<td>45<\/td>\n<td>48<\/td>\n<td>52<\/td>\n<\/tr>\n<\/tbody>\n<\/table>\n<hr \/>\n<p><em>Toto je dal\u0161\u00ed Hefaetr\u016fv d\u00e1re\u010dek Amazonk\u00e1m. V\u00e1le\u010dnice ovl\u00e1daj\u00edc\u00ed tuto dovednost m\u016f\u017ee o\u010darovat \u0161\u00edpy tak, \u017ee po dopadu na nep\u0159\u00edtele exploduj\u00ed. V\u00fdbuch nezra\u0148uje jenom Amazon\u010din c\u00edl, ale umo\u017e\u0148uje zas\u00e1hnout i\u00a0okolo stoj\u00edc\u00ed nep\u0159\u00e1tele v\u00a0dosahu v\u00fdbuchu. Pohled na cel\u00fd prapor Amazonek p\u00e1l\u00edc\u00edch salvu takov\u00fdch st\u0159el je podivn\u011b kr\u00e1sn\u00fd a \u00fachvatn\u00fd. Mnoho p\u0159e\u017eiv\u0161\u00edch nep\u0159\u00e1telsk\u00fdch v\u00e1le\u010dn\u00edk\u016f, kter\u00fdm p\u0159i takov\u00e9 ohniv\u00e9 smr\u0161ti zahynula spousta kamar\u00e1d\u016f, p\u0159\u00edsahalo, \u017ee ji\u017e nikdy v\u00edce nebudou v\u00e1l\u010dit s\u00a0Amazonkami<\/em><\/p>\n<p style=\"text-align:center\">&#8212;\u00a0\u2014 &#8212;\u00a0\u2014 &#8212;\u00a0\u2014 &#8212;\u00a0\u2014 &#8212;\u00a0\u2014 &#8212;\u00a0\u2014 &#8212;\u00a0\u2014 &#8212;\u00a0\u2014 &#8212;\u00a0\u2014 &#8212;\u00a0\u2014 &#8212;\u00a0\u2014\u00a0&#8212;<\/p>\n<p style=\"text-align:center\"><a href=\"https:\/\/www.diablofans.cz\/d2\/herni-postavy-amazon-skilly-bow-and-crossbow\">\u00ab Zp\u011bt do sekce Hern\u00ed postavy\u00a0\u2013 Amazon\u00a0\u2013 Skilly\u00a0\u2013 Bow and Crossbow.<\/a><\/p>\n<\/p><\/div>\n<p> <!-- by Texy2! --><\/p>\n","protected":false},"excerpt":{"rendered":"<p>Amazonka | Javelin and Spear Skills | Passive and Magic Skills | Bow and Crossbow\u00a0Skills Magic Arrow Fire Arrow Cold Arrow Multiple Shot Exploding Arrow Ice Arrow Guided Arrow Strafe Immolation Arrow Freezing Arrow Exploding Arrow Pot\u0159ebn\u00fd level: 12 Pot\u0159ebn\u00e9 skilly: Magic Arrow, Multiple Shot, Fire\u00a0Arrow Typ skillu: Dalekonosn\u00fd v\u00fdst\u0159el s\u00a0plo\u0161n\u00fdm explosivn\u00edm \u00fa\u010dinkem, nutn\u00e9 nasadit [&#8230;]<\/p>\n<p><a class=\"btn btn-secondary understrap-read-more-link\" href=\"https:\/\/www.diablofans.cz\/d2\/herni-postavy-amazon-skilly-bow-and-crossbow-exploding-arrow\/\">\u010c\u00edst d\u00e1le&#8230;<span class=\"screen-reader-text\"> from Amazon &#8211; Skilly &#8211; Bow and Crossbow &#8211; Exploding Arrow<\/span><\/a><\/p>\n","protected":false},"author":1,"featured_media":0,"parent":0,"menu_order":0,"comment_status":"open","ping_status":"open","template":"","meta":{"footnotes":""},"class_list":["post-3204","page","type-page","status-publish","hentry"],"_links":{"self":[{"href":"https:\/\/www.diablofans.cz\/d2\/wp-json\/wp\/v2\/pages\/3204","targetHints":{"allow":["GET"]}}],"collection":[{"href":"https:\/\/www.diablofans.cz\/d2\/wp-json\/wp\/v2\/pages"}],"about":[{"href":"https:\/\/www.diablofans.cz\/d2\/wp-json\/wp\/v2\/types\/page"}],"author":[{"embeddable":true,"href":"https:\/\/www.diablofans.cz\/d2\/wp-json\/wp\/v2\/users\/1"}],"replies":[{"embeddable":true,"href":"https:\/\/www.diablofans.cz\/d2\/wp-json\/wp\/v2\/comments?post=3204"}],"version-history":[{"count":1,"href":"https:\/\/www.diablofans.cz\/d2\/wp-json\/wp\/v2\/pages\/3204\/revisions"}],"predecessor-version":[{"id":4684,"href":"https:\/\/www.diablofans.cz\/d2\/wp-json\/wp\/v2\/pages\/3204\/revisions\/4684"}],"wp:attachment":[{"href":"https:\/\/www.diablofans.cz\/d2\/wp-json\/wp\/v2\/media?parent=3204"}],"curies":[{"name":"wp","href":"https:\/\/api.w.org\/{rel}","templated":true}]}}