{"id":3249,"date":"2018-08-25T22:08:53","date_gmt":"2018-08-25T20:08:53","guid":{"rendered":"http:\/\/diablofans.ddev.site\/d2\/herni-postavy-assassin-skilly-traps-shock-web\/"},"modified":"2018-08-25T22:08:53","modified_gmt":"2018-08-25T20:08:53","slug":"herni-postavy-assassin-skilly-traps-shock-web","status":"publish","type":"page","link":"https:\/\/www.diablofans.cz\/d2\/herni-postavy-assassin-skilly-traps-shock-web\/","title":{"rendered":"Assassin &#8211; Skilly &#8211; Traps &#8211; Shock Web"},"content":{"rendered":"\n<div class=\"skilly\">\n<p style=\"text-align:center\"><a href=\"https:\/\/www.diablofans.cz\/d2\/herni-postavy-assassin\">Assassin<\/a>\u00a0\u2013 <a href=\"https:\/\/www.diablofans.cz\/d2\/herni-postavy-assassin-skilly-martial-arts\">Martial Arts<\/a>\u00a0\u2013 <a href=\"https:\/\/www.diablofans.cz\/d2\/herni-postavy-assassin-skilly-shadow-disciplines\">Shadow Disciplines<\/a>\u00a0\u2013\u00a0<strong><a href=\"https:\/\/www.diablofans.cz\/d2\/herni-postavy-assassin-skilly-traps\">Traps<\/a><\/strong><\/p>\n<div style=\"float: right; width: 170px; \">\n<table>\n<tbody>\n<tr>\n<td><a href=\"https:\/\/www.diablofans.cz\/d2\/herni-postavy-assassin-skilly-traps-fire-blast\">Fire Blast<\/a><\/td>\n<\/tr>\n<tr>\n<td><strong><a href=\"https:\/\/www.diablofans.cz\/d2\/herni-postavy-assassin-skilly-traps-shock-web\">Shock Web<\/a><\/strong><\/td>\n<\/tr>\n<tr>\n<td><a href=\"https:\/\/www.diablofans.cz\/d2\/herni-postavy-assassin-skilly-traps-blade-sentinel\">Blade Sentinel<\/a><\/td>\n<\/tr>\n<tr>\n<td><a href=\"https:\/\/www.diablofans.cz\/d2\/herni-postavy-assassin-skilly-traps-charged-bolt-sentry\">Charged Bolt Sentry<\/a><\/td>\n<\/tr>\n<tr>\n<td><a href=\"https:\/\/www.diablofans.cz\/d2\/herni-postavy-assassin-skilly-traps-wake-of-fire\">Wake of Fire<\/a><\/td>\n<\/tr>\n<tr>\n<td><a href=\"https:\/\/www.diablofans.cz\/d2\/herni-postavy-assassin-skilly-traps-blade-fury\">Blade Fury<\/a><\/td>\n<\/tr>\n<tr>\n<td><a href=\"https:\/\/www.diablofans.cz\/d2\/herni-postavy-assassin-skilly-traps-lightning-sentry\">Lightning Sentry<\/a><\/td>\n<\/tr>\n<tr>\n<td><a href=\"https:\/\/www.diablofans.cz\/d2\/herni-postavy-assassin-skilly-traps-wake-of-inferno\">Wake of Inferno<\/a><\/td>\n<\/tr>\n<tr>\n<td><a href=\"https:\/\/www.diablofans.cz\/d2\/herni-postavy-assassin-skilly-traps-death-sentry\">Death Sentry<\/a><\/td>\n<\/tr>\n<tr>\n<td><a href=\"https:\/\/www.diablofans.cz\/d2\/herni-postavy-assassin-skilly-traps-blade-shield\">Blade Shield<\/a><\/td>\n<\/tr>\n<\/tbody>\n<\/table><\/div>\n<h3 style=\"clear:none\">Shock Web<\/h3>\n<div><img loading=\"lazy\" decoding=\"async\" src=\"https:\/\/www.diablofans.cz\/d2\/wp-content\/uploads\/2018\/08\/shockweb.gif\" alt=\"shockweb\" class=\"img-left\" width=\"48\" height=\"48\" \/><\/div>\n<ul>\n<li>Pot\u0159ebn\u00fd level: 6<\/li>\n<li>Pot\u0159ebn\u00e9 skilly: <a href=\"https:\/\/www.diablofans.cz\/d2\/herni-postavy-assassin-skilly-traps-fire-blast\">Fire Blast<\/a><\/li>\n<li>Typ: Vyvol\u00e1vac\u00ed<\/li>\n<li>Lev\u00e9 tla\u010d\u00edtko: Ano<\/li>\n<li>Delay: 0,6\u00a0sekund<\/li>\n<\/ul>\n<p class=\"zelena\">Shock Web dost\u00e1v\u00e1 synergick\u00e9 bonusy ze skill\u016f:<\/p>\n<ul>\n<li><a href=\"https:\/\/www.diablofans.cz\/d2\/herni-postavy-assassin-skilly-traps-fire-blast\">Fire Blast<\/a>: +1\u00a0st\u0159ela za 3\u00a0levely<\/li>\n<li><a href=\"https:\/\/www.diablofans.cz\/d2\/herni-postavy-assassin-skilly-traps-charged-bolt-sentry\">Charged Bolt Sentry<\/a>: +11% k\u00a0bleskov\u00fdm \u0161kod\u00e1m za\u00a0level<\/li>\n<li><a href=\"https:\/\/www.diablofans.cz\/d2\/herni-postavy-assassin-skilly-traps-lightning-sentry\">Lightning Sentry<\/a>: +11% k\u00a0bleskov\u00fdm \u0161kod\u00e1m za\u00a0level<\/li>\n<li><a href=\"https:\/\/www.diablofans.cz\/d2\/herni-postavy-assassin-skilly-traps-death-sentry\">Death Sentry<\/a>: +11% k\u00a0bleskov\u00fdm \u0161kod\u00e1m za level<\/li>\n<\/ul>\n<p>Assassinka vyhod\u00ed n\u011bkolik \u010d\u00e1st\u00ed nebo st\u0159el z\u00a0vodiv\u00e9ho materi\u00e1lu, mezi nimi\u017e okam\u017eit\u011b po dopadu p\u0159eskakuje elekt\u0159ina a v\u0161ichni nep\u0159\u00e1tel\u00e9 v\u00a0tomto elektrick\u00e9m poli utrp\u00ed \u0161kodu ka\u017edou sekundu.<\/p>\n<p>Pomocnice Assassinky <a href=\"https:\/\/www.diablofans.cz\/d2\/herni-postavy-assassin-skilly-shadow-disciplines-shadow-warrior\">Shadow Warrior<\/a> a <a href=\"https:\/\/www.diablofans.cz\/d2\/herni-postavy-assassin-skilly-shadow-disciplines-shadow-master\">Shadow Master<\/a> mohou tuto schopnost pou\u017e\u00edvat\u00a0tak\u00e9.<\/p>\n<h3>Tabulka<\/h3>\n<ul>\n<li>Cena many = 6\u00a0pro v\u0161echny \u00farovn\u011b<\/li>\n<li>Next Delay = 25\u00a0sn\u00edmk\u016f (Frames)<\/li>\n<li>Doba \u00fa\u010dinku = 3,6\u00a0sekundy<\/li>\n<\/ul>\n<table>\n<thead>\n<tr>\n<th style=\"width:100px\">\u00darovn\u011b<\/th>\n<th style=\"width:40px\">1<\/th>\n<th style=\"width:40px\">2<\/th>\n<th style=\"width:40px\">3<\/th>\n<th style=\"width:40px\">4<\/th>\n<th style=\"width:40px\">5<\/th>\n<th style=\"width:40px\">6<\/th>\n<th style=\"width:40px\">7<\/th>\n<th style=\"width:40px\">8<\/th>\n<th style=\"width:40px\">9<\/th>\n<th style=\"width:40px\">10<\/th>\n<\/tr>\n<\/thead>\n<tbody>\n<tr>\n<td>Po\u010det st\u0159el<\/td>\n<td>6<\/td>\n<td>6<\/td>\n<td>6<\/td>\n<td>7<\/td>\n<td>7<\/td>\n<td>7<\/td>\n<td>7<\/td>\n<td>8<\/td>\n<td>8<\/td>\n<td>8<\/td>\n<\/tr>\n<tr>\n<td rowspan=\"2\">Light DMG<\/td>\n<td>1<\/td>\n<td>1<\/td>\n<td>1<\/td>\n<td>1<\/td>\n<td>1<\/td>\n<td>1<\/td>\n<td>1<\/td>\n<td>1<\/td>\n<td>1<\/td>\n<td>1<\/td>\n<\/tr>\n<tr>\n<td>10<\/td>\n<td>13<\/td>\n<td>16<\/td>\n<td>19<\/td>\n<td>22<\/td>\n<td>25<\/td>\n<td>28<\/td>\n<td>31<\/td>\n<td>37<\/td>\n<td>43<\/td>\n<\/tr>\n<tr>\n<th>\u00darovn\u011b<\/th>\n<th>11<\/th>\n<th>12<\/th>\n<th>13<\/th>\n<th>14<\/th>\n<th>15<\/th>\n<th>16<\/th>\n<th>17<\/th>\n<th>18<\/th>\n<th>19<\/th>\n<th>20<\/th>\n<\/tr>\n<tr>\n<td>Po\u010det st\u0159el<\/td>\n<td>8<\/td>\n<td>9<\/td>\n<td>9<\/td>\n<td>9<\/td>\n<td>9<\/td>\n<td>10<\/td>\n<td>10<\/td>\n<td>10<\/td>\n<td>10<\/td>\n<td>11<\/td>\n<\/tr>\n<tr>\n<td rowspan=\"2\">Light DMG<\/td>\n<td>1<\/td>\n<td>1<\/td>\n<td>1<\/td>\n<td>1<\/td>\n<td>1<\/td>\n<td>1<\/td>\n<td>1<\/td>\n<td>1<\/td>\n<td>1<\/td>\n<td>1<\/td>\n<\/tr>\n<tr>\n<td>49<\/td>\n<td>55<\/td>\n<td>61<\/td>\n<td>67<\/td>\n<td>73<\/td>\n<td>79<\/td>\n<td>89<\/td>\n<td>99<\/td>\n<td>109<\/td>\n<td>119<\/td>\n<\/tr>\n<\/tbody>\n<\/table>\n<table>\n<thead>\n<tr>\n<th style=\"width:100px\">\u00darovn\u011b<\/th>\n<th style=\"width:40px\">21<\/th>\n<th style=\"width:40px\">22<\/th>\n<th style=\"width:40px\">23<\/th>\n<th style=\"width:40px\">24<\/th>\n<th style=\"width:40px\">25<\/th>\n<th style=\"width:40px\">26<\/th>\n<th style=\"width:40px\">27<\/th>\n<th style=\"width:40px\">28<\/th>\n<th style=\"width:40px\">29<\/th>\n<th style=\"width:40px\">30<\/th>\n<\/tr>\n<\/thead>\n<tbody>\n<tr>\n<td>Po\u010det st\u0159el<\/td>\n<td>11<\/td>\n<td>11<\/td>\n<td>11<\/td>\n<td>12<\/td>\n<td>12<\/td>\n<td>12<\/td>\n<td>12<\/td>\n<td>13<\/td>\n<td>13<\/td>\n<td>13<\/td>\n<\/tr>\n<tr>\n<td rowspan=\"2\">Light DMG<\/td>\n<td>1<\/td>\n<td>1<\/td>\n<td>1<\/td>\n<td>1<\/td>\n<td>1<\/td>\n<td>1<\/td>\n<td>1<\/td>\n<td>1<\/td>\n<td>1<\/td>\n<td>1<\/td>\n<\/tr>\n<tr>\n<td>129<\/td>\n<td>139<\/td>\n<td>154<\/td>\n<td>169<\/td>\n<td>184<\/td>\n<td>199<\/td>\n<td>214<\/td>\n<td>229<\/td>\n<td>250<\/td>\n<td>271<\/td>\n<\/tr>\n<tr>\n<th>\u00darovn\u011b<\/th>\n<th>31<\/th>\n<th>32<\/th>\n<th>33<\/th>\n<th>34<\/th>\n<th>35<\/th>\n<th>36<\/th>\n<th>37<\/th>\n<th>38<\/th>\n<th>39<\/th>\n<th>40<\/th>\n<\/tr>\n<tr>\n<td>Po\u010det st\u0159el<\/td>\n<td>13<\/td>\n<td>14<\/td>\n<td>14<\/td>\n<td>14<\/td>\n<td>14<\/td>\n<td>15<\/td>\n<td>15<\/td>\n<td>15<\/td>\n<td>15<\/td>\n<td>16<\/td>\n<\/tr>\n<tr>\n<td rowspan=\"2\">Light DMG<\/td>\n<td>1<\/td>\n<td>1<\/td>\n<td>1<\/td>\n<td>1<\/td>\n<td>1<\/td>\n<td>1<\/td>\n<td>1<\/td>\n<td>1<\/td>\n<td>1<\/td>\n<td>1<\/td>\n<\/tr>\n<tr>\n<td>292<\/td>\n<td>313<\/td>\n<td>334<\/td>\n<td>355<\/td>\n<td>376<\/td>\n<td>397<\/td>\n<td>418<\/td>\n<td>439<\/td>\n<td>460<\/td>\n<td>481<\/td>\n<\/tr>\n<\/tbody>\n<\/table>\n<p>Assassinka vyhod\u00ed n\u011bkolik st\u0159el o\u00a0velikosti 2\u00a0na c\u00edl, kter\u00fd m\u016f\u017ee b\u00fdt zasa\u017een i\u00a0p\u0159es p\u0159ek\u00e1\u017eky a p\u0159es monstra mezi n\u00ed a\u00a0c\u00edlem.<\/p>\n<p>\u0160kody bleskem (Light DMG) jsou ud\u011blov\u00e1ny v\u0161em nep\u0159\u00e1tel\u016fm, kte\u0159\u00ed stoj\u00ed na n\u011bkter\u00e9 st\u0159ele. St\u0159ely tvo\u0159\u00ed elektrick\u00e9 pole o\u00a0t\u00edm v\u011bt\u0161\u00edm polom\u011bru, \u010d\u00edm je v\u00edce st\u0159el k\u00a0dispozici.<\/p>\n<p>Najednou lze t\u00edmto skillem polo\u017eit nanejv\u00fd\u0161 5\u00a0elektrick\u00fdch\u00a0pol\u00ed.<\/p>\n<p>Pro tento skill je uplatn\u011bn Next Delay 25\u00a0sn\u00edmk\u016f, co\u017e znamen\u00e1, \u017ee stejn\u00e9 jednotce bude podruh\u00e9 \u0161koda ud\u011blena a\u017e 26.\u00a0sn\u00edmek. \u0160koda za sekundu je vyj\u00e1d\u0159ena v\u00a0odstavci v\u00fdpo\u010dt\u016f.<\/p>\n<p>Synergie nefunguj\u00ed na minim\u00e1ln\u00ed <em>Light DMG<\/em> (minim\u00e1ln\u00ed \u0161kody bleskem).<\/p>\n<p>Funguje jak +% Lightning Skill Damage, tak -% Enemy Lightning Resistance.<\/p>\n<h3>V\u00fdpo\u010dty<\/h3>\n<ul>\n<li>Po\u010det st\u0159el = (6 + slvl) \/ 4, zaokrouhleno dol\u016f<\/li>\n<li>Polom\u011br = ((Po\u010det st\u0159el \/ 4) + 1) * 2\/3, zaokrouhleno\u00a0dol\u016f<\/li>\n<li>Light DMG:<\/li>\n<\/ul>\n<table>\n<thead>\n<tr>\n<th>\u00darove\u0148<\/th>\n<th>1\u20138<\/th>\n<th>9\u201316<\/th>\n<th>17\u201322<\/th>\n<th>23\u201327<\/th>\n<th>28\u201399<\/th>\n<\/tr>\n<\/thead>\n<tbody>\n<tr>\n<td style=\"width:100px\">Min Light DMG<\/td>\n<td>1<\/td>\n<td>1<\/td>\n<td>1<\/td>\n<td>1<\/td>\n<td>1<\/td>\n<\/tr>\n<tr>\n<td style=\"width:100px\">Max Light DMG<\/td>\n<td>3*slvl + 7<\/td>\n<td>6*slvl\u00a0\u2013 17<\/td>\n<td>10*slvl\u00a0\u2013 81<\/td>\n<td>15*slvl\u00a0\u2013 191<\/td>\n<td>21*slvl\u00a0\u2013 359<\/td>\n<\/tr>\n<\/tbody>\n<\/table>\n<ul>\n<li>Max Light DMG\/s = 25 * Max Light DMG \/ 26<\/li>\n<\/ul>\n<p>(slvl = \u00farove\u0148 skillu)<\/p>\n<h3>V\u00fdskyt dovednosti<\/h3>\n<p>N\u011bkter\u00e9 p\u0159edm\u011bty poskytuj\u00ed bonus k\u00a0tomuto skillu:<\/p>\n<ul>\n<li><a href=\"https:\/\/www.diablofans.cz\/d2\/predmety-exceptional-assassin-katars\">Exceptional<\/a> a <a href=\"https:\/\/www.diablofans.cz\/d2\/predmety-elite-assassin-katars\">Elite<\/a> dr\u00e1py (Hand Scythe a lep\u0161\u00ed)\u00a0\u2013 +1\u20133 to Shock Web (Assassin Only) (varies)<\/li>\n<\/ul>\n<hr \/>\n<p><em>Tento typ pasti se skl\u00e1d\u00e1 z\u00a0hrstky mal\u00fdch vodiv\u00fdch sou\u010d\u00e1stek, mezi nimi\u017e je udr\u017eov\u00e1n elektrick\u00fd oblouk sk\u00e1kaj\u00edc\u00ed z\u00a0jedn\u00e9 \u010d\u00e1sti na druhou. P\u0159itom ud\u011bluj\u00ed \u0161kody v\u0161em nep\u0159\u00e1tel\u016fm v\u00a0bezprost\u0159edn\u00ed bl\u00edzkosti.<\/em><\/p>\n<p style=\"text-align:center\">&#8212;\u00a0\u2014 &#8212;\u00a0\u2014 &#8212;\u00a0\u2014 &#8212;\u00a0\u2014 &#8212;\u00a0\u2014 &#8212;\u00a0\u2014 &#8212;\u00a0\u2014 &#8212;\u00a0\u2014 &#8212;\u00a0\u2014 &#8212;\u00a0\u2014 &#8212;\u00a0\u2014\u00a0&#8212;<\/p>\n<p style=\"text-align:center\"><a href=\"https:\/\/www.diablofans.cz\/d2\/herni-postavy-assassin-skilly-traps\">\u00ab Zp\u011bt do sekce Hern\u00ed postavy\u00a0\u2013 Assassin\u00a0\u2013 Skilly\u00a0\u2013\u00a0Traps<\/a><\/p>\n<\/p><\/div>\n<p> <!-- by Texy2! --><\/p>\n","protected":false},"excerpt":{"rendered":"<p>Assassin\u00a0\u2013 Martial Arts\u00a0\u2013 Shadow Disciplines\u00a0\u2013\u00a0Traps Fire Blast Shock Web Blade Sentinel Charged Bolt Sentry Wake of Fire Blade Fury Lightning Sentry Wake of Inferno Death Sentry Blade Shield Shock Web Pot\u0159ebn\u00fd level: 6 Pot\u0159ebn\u00e9 skilly: Fire Blast Typ: Vyvol\u00e1vac\u00ed Lev\u00e9 tla\u010d\u00edtko: Ano Delay: 0,6\u00a0sekund Shock Web dost\u00e1v\u00e1 synergick\u00e9 bonusy ze skill\u016f: Fire Blast: +1\u00a0st\u0159ela za [&#8230;]<\/p>\n<p><a class=\"btn btn-secondary understrap-read-more-link\" href=\"https:\/\/www.diablofans.cz\/d2\/herni-postavy-assassin-skilly-traps-shock-web\/\">\u010c\u00edst d\u00e1le&#8230;<span class=\"screen-reader-text\"> from Assassin &#8211; Skilly &#8211; Traps &#8211; Shock Web<\/span><\/a><\/p>\n","protected":false},"author":1,"featured_media":0,"parent":0,"menu_order":0,"comment_status":"open","ping_status":"open","template":"","meta":{"footnotes":""},"class_list":["post-3249","page","type-page","status-publish","hentry"],"_links":{"self":[{"href":"https:\/\/www.diablofans.cz\/d2\/wp-json\/wp\/v2\/pages\/3249","targetHints":{"allow":["GET"]}}],"collection":[{"href":"https:\/\/www.diablofans.cz\/d2\/wp-json\/wp\/v2\/pages"}],"about":[{"href":"https:\/\/www.diablofans.cz\/d2\/wp-json\/wp\/v2\/types\/page"}],"author":[{"embeddable":true,"href":"https:\/\/www.diablofans.cz\/d2\/wp-json\/wp\/v2\/users\/1"}],"replies":[{"embeddable":true,"href":"https:\/\/www.diablofans.cz\/d2\/wp-json\/wp\/v2\/comments?post=3249"}],"version-history":[{"count":0,"href":"https:\/\/www.diablofans.cz\/d2\/wp-json\/wp\/v2\/pages\/3249\/revisions"}],"wp:attachment":[{"href":"https:\/\/www.diablofans.cz\/d2\/wp-json\/wp\/v2\/media?parent=3249"}],"curies":[{"name":"wp","href":"https:\/\/api.w.org\/{rel}","templated":true}]}}