{"id":3257,"date":"2018-08-25T22:08:54","date_gmt":"2018-08-25T20:08:54","guid":{"rendered":"http:\/\/diablofans.ddev.site\/d2\/herni-postavy-assassin-skilly-traps-blade-shield\/"},"modified":"2018-08-25T22:08:54","modified_gmt":"2018-08-25T20:08:54","slug":"herni-postavy-assassin-skilly-traps-blade-shield","status":"publish","type":"page","link":"https:\/\/www.diablofans.cz\/d2\/herni-postavy-assassin-skilly-traps-blade-shield\/","title":{"rendered":"Assassin &#8211; Skilly &#8211; Traps &#8211; Blade Shield"},"content":{"rendered":"\n<div class=\"skilly\">\n<p style=\"text-align:center\"><a href=\"https:\/\/www.diablofans.cz\/d2\/herni-postavy-assassin\">Assassin<\/a>\u00a0\u2013 <a href=\"https:\/\/www.diablofans.cz\/d2\/herni-postavy-assassin-skilly-martial-arts\">Martial Arts<\/a>\u00a0\u2013 <a href=\"https:\/\/www.diablofans.cz\/d2\/herni-postavy-assassin-skilly-shadow-disciplines\">Shadow Disciplines<\/a>\u00a0\u2013\u00a0<strong><a href=\"https:\/\/www.diablofans.cz\/d2\/herni-postavy-assassin-skilly-traps\">Traps<\/a><\/strong><\/p>\n<div style=\"float: right; width: 170px; \">\n<table>\n<tbody>\n<tr>\n<td><a href=\"https:\/\/www.diablofans.cz\/d2\/herni-postavy-assassin-skilly-traps-fire-blast\">Fire Blast<\/a><\/td>\n<\/tr>\n<tr>\n<td><a href=\"https:\/\/www.diablofans.cz\/d2\/herni-postavy-assassin-skilly-traps-shock-web\">Shock Web<\/a><\/td>\n<\/tr>\n<tr>\n<td><a href=\"https:\/\/www.diablofans.cz\/d2\/herni-postavy-assassin-skilly-traps-blade-sentinel\">Blade Sentinel<\/a><\/td>\n<\/tr>\n<tr>\n<td><a href=\"https:\/\/www.diablofans.cz\/d2\/herni-postavy-assassin-skilly-traps-charged-bolt-sentry\">Charged Bolt Sentry<\/a><\/td>\n<\/tr>\n<tr>\n<td><a href=\"https:\/\/www.diablofans.cz\/d2\/herni-postavy-assassin-skilly-traps-wake-of-fire\">Wake of Fire<\/a><\/td>\n<\/tr>\n<tr>\n<td><a href=\"https:\/\/www.diablofans.cz\/d2\/herni-postavy-assassin-skilly-traps-blade-fury\">Blade Fury<\/a><\/td>\n<\/tr>\n<tr>\n<td><a href=\"https:\/\/www.diablofans.cz\/d2\/herni-postavy-assassin-skilly-traps-lightning-sentry\">Lightning Sentry<\/a><\/td>\n<\/tr>\n<tr>\n<td><a href=\"https:\/\/www.diablofans.cz\/d2\/herni-postavy-assassin-skilly-traps-wake-of-inferno\">Wake of Inferno<\/a><\/td>\n<\/tr>\n<tr>\n<td><a href=\"https:\/\/www.diablofans.cz\/d2\/herni-postavy-assassin-skilly-traps-death-sentry\">Death Sentry<\/a><\/td>\n<\/tr>\n<tr>\n<td><strong><a href=\"https:\/\/www.diablofans.cz\/d2\/herni-postavy-assassin-skilly-traps-blade-shield\">Blade Shield<\/a><\/strong><\/td>\n<\/tr>\n<\/tbody>\n<\/table><\/div>\n<h3 style=\"clear:none\">Blade Shield<\/h3>\n<div><img loading=\"lazy\" decoding=\"async\" src=\"https:\/\/www.diablofans.cz\/d2\/wp-content\/uploads\/2018\/08\/bladeshield.gif\" alt=\"bladeshield\" class=\"img-left\" width=\"48\" height=\"48\" \/><\/div>\n<ul>\n<li>Pot\u0159ebn\u00fd level: 30<\/li>\n<li>Pot\u0159ebn\u00e9 skilly: <a href=\"https:\/\/www.diablofans.cz\/d2\/herni-postavy-assassin-skilly-traps-fire-blast\">Fire Blast<\/a>, <a href=\"https:\/\/www.diablofans.cz\/d2\/herni-postavy-assassin-skilly-traps-blade-sentinel\">Blade Sentinel<\/a>, <a href=\"https:\/\/www.diablofans.cz\/d2\/herni-postavy-assassin-skilly-traps-wake-of-fire\">Wake of Fire<\/a>, <a href=\"https:\/\/www.diablofans.cz\/d2\/herni-postavy-assassin-skilly-traps-blade-fury\">Blade\u00a0Fury<\/a><\/li>\n<li>Typ: Vyvol\u00e1vac\u00ed, o\u010darov\u00e1n\u00ed<\/li>\n<li>Lev\u00e9 tla\u010d\u00edtko: Ano<\/li>\n<\/ul>\n<p>Assassinka kolem sebe vytvo\u0159\u00ed \u0161t\u00edt z\u00a0poletuj\u00edc\u00edch \u010depel\u00ed, kter\u00e9 budou zra\u0148ovat nep\u0159\u00e1tele, kte\u0159\u00ed se k\u00a0n\u00ed p\u0159ibl\u00ed\u017e\u00ed. \u0160koda je p\u0159id\u00e1na z\u00a0tohoto skillu k\u00a01\/4 \u0161kod na jedn\u00e9 ze zbran\u00ed. Pou\u017e\u00edvan\u00edm t\u00e9to dovednosti se sni\u017euje \u017eivotnost zbran\u011b.<\/p>\n<p>Pomocnice Assassinky <a href=\"https:\/\/www.diablofans.cz\/d2\/herni-postavy-assassin-skilly-shadow-disciplines-shadow-warrior\">Shadow Warrior<\/a> a <a href=\"https:\/\/www.diablofans.cz\/d2\/herni-postavy-assassin-skilly-shadow-disciplines-shadow-master\">Shadow Master<\/a> mohou tuto schopnost pou\u017e\u00edvat\u00a0tak\u00e9.<\/p>\n<h3>Tabulka<\/h3>\n<ul>\n<li>Ve\u0161ker\u00e9 \u0161kody na zbrani jsou sn\u00ed\u017eeny na 25%<\/li>\n<\/ul>\n<table>\n<thead>\n<tr>\n<th style=\"width:100px\">\u00darovn\u011b<\/th>\n<th style=\"width:40px\">1<\/th>\n<th style=\"width:40px\">2<\/th>\n<th style=\"width:40px\">3<\/th>\n<th style=\"width:40px\">4<\/th>\n<th style=\"width:40px\">5<\/th>\n<th style=\"width:40px\">6<\/th>\n<th style=\"width:40px\">7<\/th>\n<th style=\"width:40px\">8<\/th>\n<th style=\"width:40px\">9<\/th>\n<th style=\"width:40px\">10<\/th>\n<\/tr>\n<\/thead>\n<tbody>\n<tr>\n<td>Mana<\/td>\n<td>27<\/td>\n<td>29<\/td>\n<td>31<\/td>\n<td>33<\/td>\n<td>35<\/td>\n<td>37<\/td>\n<td>39<\/td>\n<td>41<\/td>\n<td>43<\/td>\n<td>45<\/td>\n<\/tr>\n<tr>\n<td rowspan=\"2\">+DMG<\/td>\n<td>1<\/td>\n<td>6<\/td>\n<td>11<\/td>\n<td>16<\/td>\n<td>21<\/td>\n<td>26<\/td>\n<td>31<\/td>\n<td>36<\/td>\n<td>42<\/td>\n<td>48<\/td>\n<\/tr>\n<tr>\n<td>30<\/td>\n<td>35<\/td>\n<td>40<\/td>\n<td>45<\/td>\n<td>50<\/td>\n<td>55<\/td>\n<td>60<\/td>\n<td>65<\/td>\n<td>71<\/td>\n<td>77<\/td>\n<\/tr>\n<tr>\n<td>Trv\u00e1n\u00ed (s)<\/td>\n<td>20<\/td>\n<td>25<\/td>\n<td>30<\/td>\n<td>35<\/td>\n<td>40<\/td>\n<td>45<\/td>\n<td>50<\/td>\n<td>55<\/td>\n<td>60<\/td>\n<td>65<\/td>\n<\/tr>\n<tr>\n<th>\u00darovn\u011b<\/th>\n<th>11<\/th>\n<th>12<\/th>\n<th>13<\/th>\n<th>14<\/th>\n<th>15<\/th>\n<th>16<\/th>\n<th>17<\/th>\n<th>18<\/th>\n<th>19<\/th>\n<th>20<\/th>\n<\/tr>\n<tr>\n<td>Mana<\/td>\n<td>47<\/td>\n<td>49<\/td>\n<td>51<\/td>\n<td>53<\/td>\n<td>55<\/td>\n<td>57<\/td>\n<td>59<\/td>\n<td>61<\/td>\n<td>63<\/td>\n<td>65<\/td>\n<\/tr>\n<tr>\n<td rowspan=\"2\">+DMG<\/td>\n<td>54<\/td>\n<td>60<\/td>\n<td>66<\/td>\n<td>72<\/td>\n<td>78<\/td>\n<td>84<\/td>\n<td>90<\/td>\n<td>97<\/td>\n<td>105<\/td>\n<td>112<\/td>\n<\/tr>\n<tr>\n<td>83<\/td>\n<td>89<\/td>\n<td>95<\/td>\n<td>101<\/td>\n<td>107<\/td>\n<td>113<\/td>\n<td>120<\/td>\n<td>127<\/td>\n<td>134<\/td>\n<td>141<\/td>\n<\/tr>\n<tr>\n<td>Trv\u00e1n\u00ed (s)<\/td>\n<td>70<\/td>\n<td>75<\/td>\n<td>80<\/td>\n<td>85<\/td>\n<td>90<\/td>\n<td>95<\/td>\n<td>100<\/td>\n<td>105<\/td>\n<td>110<\/td>\n<td>115<\/td>\n<\/tr>\n<\/tbody>\n<\/table>\n<table>\n<thead>\n<tr>\n<th style=\"width:100px\">\u00darovn\u011b<\/th>\n<th style=\"width:40px\">21<\/th>\n<th style=\"width:40px\">22<\/th>\n<th style=\"width:40px\">23<\/th>\n<th style=\"width:40px\">24<\/th>\n<th style=\"width:40px\">25<\/th>\n<th style=\"width:40px\">26<\/th>\n<th style=\"width:40px\">27<\/th>\n<th style=\"width:40px\">28<\/th>\n<th style=\"width:40px\">29<\/th>\n<th style=\"width:40px\">30<\/th>\n<\/tr>\n<\/thead>\n<tbody>\n<tr>\n<td>Mana<\/td>\n<td>67<\/td>\n<td>69<\/td>\n<td>71<\/td>\n<td>73<\/td>\n<td>75<\/td>\n<td>77<\/td>\n<td>79<\/td>\n<td>81<\/td>\n<td>83<\/td>\n<td>85<\/td>\n<\/tr>\n<tr>\n<td rowspan=\"2\">+DMG<\/td>\n<td>119<\/td>\n<td>126<\/td>\n<td>133<\/td>\n<td>140<\/td>\n<td>147<\/td>\n<td>154<\/td>\n<td>161<\/td>\n<td>168<\/td>\n<td>175<\/td>\n<td>182<\/td>\n<\/tr>\n<tr>\n<td>148<\/td>\n<td>155<\/td>\n<td>162<\/td>\n<td>169<\/td>\n<td>176<\/td>\n<td>183<\/td>\n<td>190<\/td>\n<td>197<\/td>\n<td>204<\/td>\n<td>211<\/td>\n<\/tr>\n<tr>\n<td>Trv\u00e1n\u00ed (s)<\/td>\n<td>120<\/td>\n<td>125<\/td>\n<td>130<\/td>\n<td>135<\/td>\n<td>140<\/td>\n<td>145<\/td>\n<td>150<\/td>\n<td>155<\/td>\n<td>160<\/td>\n<td>165<\/td>\n<\/tr>\n<tr>\n<th>\u00darovn\u011b<\/th>\n<th>31<\/th>\n<th>32<\/th>\n<th>33<\/th>\n<th>34<\/th>\n<th>35<\/th>\n<th>36<\/th>\n<th>37<\/th>\n<th>38<\/th>\n<th>39<\/th>\n<th>40<\/th>\n<\/tr>\n<tr>\n<td>Mana<\/td>\n<td>87<\/td>\n<td>89<\/td>\n<td>91<\/td>\n<td>93<\/td>\n<td>95<\/td>\n<td>97<\/td>\n<td>99<\/td>\n<td>101<\/td>\n<td>103<\/td>\n<td>105<\/td>\n<\/tr>\n<tr>\n<td rowspan=\"2\">+DMG<\/td>\n<td>189<\/td>\n<td>196<\/td>\n<td>203<\/td>\n<td>210<\/td>\n<td>217<\/td>\n<td>224<\/td>\n<td>231<\/td>\n<td>238<\/td>\n<td>245<\/td>\n<td>252<\/td>\n<\/tr>\n<tr>\n<td>218<\/td>\n<td>225<\/td>\n<td>232<\/td>\n<td>239<\/td>\n<td>246<\/td>\n<td>253<\/td>\n<td>260<\/td>\n<td>267<\/td>\n<td>274<\/td>\n<td>281<\/td>\n<\/tr>\n<tr>\n<td>Trv\u00e1n\u00ed (s)<\/td>\n<td>170<\/td>\n<td>175<\/td>\n<td>180<\/td>\n<td>185<\/td>\n<td>190<\/td>\n<td>195<\/td>\n<td>200<\/td>\n<td>205<\/td>\n<td>210<\/td>\n<td>215<\/td>\n<\/tr>\n<\/tbody>\n<\/table>\n<p>Vytvo\u0159\u00ed hradbu \u010depel\u00ed okolo postavy, kter\u00e1 ka\u017edou sekundu poran\u00ed v\u0161e, co kolem n\u00ed projde. Frekvenci \u00fatok\u016f lze zv\u00fd\u0161it neust\u00e1l\u00fdm p\u0159e\u010darov\u00e1v\u00e1n\u00edm tohoto skillu.<\/p>\n<p>Pokud je postava prokleta <a href=\"https:\/\/www.diablofans.cz\/d2\/herni-postavy-necromancer-skilly-curses-iron-maiden\">Iron Maiden<\/a>, nejsou \u0161kody z\u00a0tohoto skillu vr\u00e1ceny\u00a0zp\u011bt.<\/p>\n<p>\u0160koda zbran\u011b je zredukov\u00e1na na 1\/4 norm\u00e1lu. <span style=\"color: #ff3020;\">Zredukov\u00e1n je i\u00a0bonus ze skillu (+DMG)!<\/span><\/p>\n<p>P\u0159\u00edpadn\u00e1 d\u00e9lka promrznut\u00ed z\u00a0mraziv\u00fdch \u0161kod se rovn\u011b\u017e sn\u00ed\u017e\u00ed na 1\/4. Doba p\u0159\u00edpadn\u00e9 otravy se nesni\u017euje.<\/p>\n<p>Otrava jedem se po\u010d\u00edt\u00e1 pro r\u016fzn\u00fd po\u010det zdroj\u016f jedov\u00fdch \u00fatok\u016f takto: <span style=\"color: #ff3020;\">U\u00a0dvou p\u0159edm\u011bt\u016f se se\u010dtou bity jedov\u00e9 \u0161kody a p\u016fsob\u00ed po dobu sou\u010dtu d\u00e9lek otrav. U\u00a0t\u0159\u00ed a v\u00edce p\u0159edm\u011bt\u016f \u00fa\u010dinkuje sou\u010det bit\u016f jedu po dobu, je\u017e je ze v\u0161ech p\u0159edm\u011bt\u016f nejdel\u0161\u00ed.<\/span> Pokud je aktivn\u00ed <a href=\"https:\/\/www.diablofans.cz\/d2\/herni-postavy-assassin-skilly-shadow-disciplines-venom\">Venom<\/a>, je d\u00e9lka otravy pouze 0,4\u00a0sekundy.<\/p>\n<p>Pokud m\u00e1 Assassinka na sob\u011b dvoje dr\u00e1py, je \u0161koda i\u00a0s\u00a0dal\u0161\u00edmi bonusy ur\u010dena hlavn\u00ed zbran\u00ed (na prav\u00e9 stran\u011b, je-li nasazena jako prvn\u00ed, nebo na lev\u00e9 jinak).<\/p>\n<p>Narozd\u00edl od Blade Fury doch\u00e1z\u00ed k\u00a0opot\u0159ebov\u00e1n\u00ed zbran\u011b a ub\u00edr\u00e1 se <a href=\"https:\/\/www.diablofans.cz\/d2\/vlastnosti-durability\">Durability<\/a>.<\/p>\n<p>K\u00a0tomuto skillu funguj\u00ed krom\u011b v\u00fd\u0161e jmenovan\u00fdch i\u00a0tyto vlastnosti:<\/p>\n<ul>\n<li>+ Minimum\/Maximum Damage<\/li>\n<li>+X% Enhanced Damage<\/li>\n<li>Damage +X<\/li>\n<li><a href=\"https:\/\/www.diablofans.cz\/d2\/herni-postavy-assassin-skilly-shadow-disciplines-claw-mastery\">Critical Strike<\/a><\/li>\n<li><a href=\"https:\/\/www.diablofans.cz\/d2\/vlastnosti-deadly-strike\">Deadly Strike<\/a><\/li>\n<li>Magic Damage, Fire Damage, Lightning Damage, Cold Damage a Poison\u00a0Damage<\/li>\n<li>+X% Fire\/Cold\/Lightning\/Poison\/Magic Skill Damage<\/li>\n<li>-X% Fire\/Cold\/Lightning\/Poison\/Magic Enemy Resistance<\/li>\n<li><a href=\"https:\/\/www.diablofans.cz\/d2\/vlastnosti-chance-to-cast\">X% Chance to Cast Y On Attack<\/a><\/li>\n<li>+X to Attack Rating, +X% to Attack Rating<\/li>\n<li><a href=\"https:\/\/www.diablofans.cz\/d2\/vlastnosti-monster-defense-per-hit\">-X Monster Defense per hit<\/a><\/li>\n<li><a href=\"https:\/\/www.diablofans.cz\/d2\/vlastnosti-x-procent-target-defense\">-X% Target Defense<\/a><\/li>\n<li><a href=\"https:\/\/www.diablofans.cz\/d2\/vlastnosti-ignore-targets-defense\">Ignore Target&#8217;s\u00a0Defense<\/a><\/li>\n<li><a href=\"https:\/\/www.diablofans.cz\/d2\/vlatnosti-prevent-monster-heal\">Prevent Monster Heal<\/a><\/li>\n<li><a href=\"https:\/\/www.diablofans.cz\/d2\/vlastnosti-life-stolen-per-hit\">+X Life Stolen per hit<\/a><\/li>\n<li><a href=\"https:\/\/www.diablofans.cz\/d2\/vlastnosti-mana-stolen-per-hit\">+X Mana Stolen per hit<\/a><\/li>\n<\/ul>\n<p>Vlastnost +X% Enhanced Damage se neuplat\u0148uje na slo\u017eku \u0161kod ze skillu. Je zapo\u010d\u00edt\u00e1n pouze ve \u0161kod\u00e1ch na zbrani.<\/p>\n<p>\u00darove\u0148 skillu je zapo\u010d\u00edt\u00e1na v\u00a0moment\u011b vy\u010darov\u00e1n\u00ed a je a\u017e do expirace dovednosti nem\u011bnn\u00e1. Polo\u017eky upravuj\u00edc\u00ed ud\u011blen\u00e9 \u0161kody nep\u0159\u00edteli jsou po\u010d\u00edt\u00e1ny pro ka\u017ed\u00fd \u00fatok zvl\u00e1\u0161\u0165.<\/p>\n<p>Tento skill m\u016f\u017ee b\u00fdt aktivov\u00e1n spole\u010dn\u011b se skilly <a href=\"https:\/\/www.diablofans.cz\/d2\/herni-postavy-druid-skilly-elemental-cyclone-armor\">Cyclone Armor<\/a>, <a href=\"https:\/\/www.diablofans.cz\/d2\/herni-postavy-necromancer-skilly-poison-and-bone-bone-armor\">Bone Armor<\/a>, nebo jedn\u00edm z\u00a0trojice <a href=\"https:\/\/www.diablofans.cz\/d2\/herni-postavy-sorceress-skilly-cold-spells-chilling-armor\">Chilling Armor<\/a>, <a href=\"https:\/\/www.diablofans.cz\/d2\/herni-postavy-sorceress-skilly-cold-spells-frozen-armor\">Frozen Armor<\/a> a <a href=\"https:\/\/www.diablofans.cz\/d2\/herni-postavy-sorceress-skilly-cold-spells-shiver-armor\">Shiver Armor<\/a>.<\/p>\n<h3>V\u00fdpo\u010dty<\/h3>\n<ul>\n<li>Trv\u00e1n\u00ed (s) = 5*slvl + 15\u00a0sekund<\/li>\n<li>+DMG:<\/li>\n<\/ul>\n<table>\n<thead>\n<tr>\n<th>\u00darove\u0148<\/th>\n<th>1\u20138<\/th>\n<th>9\u201316<\/th>\n<th>17\u201322<\/th>\n<th>23\u201327<\/th>\n<th>28\u201399<\/th>\n<\/tr>\n<\/thead>\n<tbody>\n<tr>\n<td style=\"width:100px\">Min DMG<\/td>\n<td>5*slvl\u00a0\u2013 4<\/td>\n<td>6*slvl\u00a0\u2013 12<\/td>\n<td>7*slvl\u00a0\u2013 28<\/td>\n<td>7*slvl\u00a0\u2013 28<\/td>\n<td>7*slvl\u00a0\u2013 28<\/td>\n<\/tr>\n<tr>\n<td style=\"width:100px\">Max DMG<\/td>\n<td>5*slvl + 25<\/td>\n<td>6*slvl + 17<\/td>\n<td>7*slvl + 1<\/td>\n<td>7*slvl + 1<\/td>\n<td>7*slvl + 1<\/td>\n<\/tr>\n<\/tbody>\n<\/table>\n<ul>\n<li>Celkem DMG = A * (DMG na zbrani + (+ DMG skillu)) * (0,75 * (S\u00edla + Obratnost) + Enh. DMG) + A * element\u00e1ln\u00ed\u00a0DMG<\/li>\n<\/ul>\n<p>(slvl = \u00farove\u0148 skillu; Enh. DMG = bonusy z\u00a0Claw Mastery, aur a z\u00a0enhanced DMG mimo zbran\u011b; A =\u00a00,25)<\/p>\n<h3>V\u00fdskyt dovednosti<\/h3>\n<p>N\u011bkter\u00e9 p\u0159edm\u011bty poskytuj\u00ed bonus k\u00a0tomuto skillu:<\/p>\n<ul>\n<li><a href=\"https:\/\/www.diablofans.cz\/d2\/predmety-exceptional-assassin-katars\">Exceptional<\/a> a <a href=\"https:\/\/www.diablofans.cz\/d2\/predmety-elite-assassin-katars\">Elite<\/a> dr\u00e1py (Hand Scythe a lep\u0161\u00ed)\u00a0\u2013 +1\u20133 to Blade Shield (Assassin Only) (varies)<\/li>\n<\/ul>\n<hr \/>\n<p><em>Tento mal\u00fd vra\u017eedn\u00fd vyn\u00e1lez uvol\u0148uje mal\u00e1 ost\u0159\u00ed, kter\u00e1 zra\u0148uj\u00ed ka\u017ed\u00e9ho nep\u0159\u00edtele, jen\u017e se p\u0159\u00edbl\u00ed\u017e\u00ed p\u0159\u00edli\u0161 bl\u00edzko. \u010cepele se ot\u00e1\u010d\u00ed okolo vra\u017eednice d\u00edky vygenerovan\u00e9mu magnetick\u00e9mu\u00a0poli.<\/em><\/p>\n<p style=\"text-align:center\">&#8212;\u00a0\u2014 &#8212;\u00a0\u2014 &#8212;\u00a0\u2014 &#8212;\u00a0\u2014 &#8212;\u00a0\u2014 &#8212;\u00a0\u2014 &#8212;\u00a0\u2014 &#8212;\u00a0\u2014 &#8212;\u00a0\u2014 &#8212;\u00a0\u2014 &#8212;\u00a0\u2014\u00a0&#8212;<\/p>\n<p style=\"text-align:center\"><a href=\"https:\/\/www.diablofans.cz\/d2\/herni-postavy-assassin-skilly-traps\">\u00ab Zp\u011bt do sekce Hern\u00ed postavy\u00a0\u2013 Assassin\u00a0\u2013 Skilly\u00a0\u2013\u00a0Traps<\/a><\/p>\n<\/p><\/div>\n<p> <!-- by Texy2! --><\/p>\n","protected":false},"excerpt":{"rendered":"<p>Assassin\u00a0\u2013 Martial Arts\u00a0\u2013 Shadow Disciplines\u00a0\u2013\u00a0Traps Fire Blast Shock Web Blade Sentinel Charged Bolt Sentry Wake of Fire Blade Fury Lightning Sentry Wake of Inferno Death Sentry Blade Shield Blade Shield Pot\u0159ebn\u00fd level: 30 Pot\u0159ebn\u00e9 skilly: Fire Blast, Blade Sentinel, Wake of Fire, Blade\u00a0Fury Typ: Vyvol\u00e1vac\u00ed, o\u010darov\u00e1n\u00ed Lev\u00e9 tla\u010d\u00edtko: Ano Assassinka kolem sebe vytvo\u0159\u00ed \u0161t\u00edt z\u00a0poletuj\u00edc\u00edch [&#8230;]<\/p>\n<p><a class=\"btn btn-secondary understrap-read-more-link\" href=\"https:\/\/www.diablofans.cz\/d2\/herni-postavy-assassin-skilly-traps-blade-shield\/\">\u010c\u00edst d\u00e1le&#8230;<span class=\"screen-reader-text\"> from Assassin &#8211; Skilly &#8211; Traps &#8211; Blade Shield<\/span><\/a><\/p>\n","protected":false},"author":1,"featured_media":0,"parent":0,"menu_order":0,"comment_status":"open","ping_status":"open","template":"","meta":{"footnotes":""},"class_list":["post-3257","page","type-page","status-publish","hentry"],"_links":{"self":[{"href":"https:\/\/www.diablofans.cz\/d2\/wp-json\/wp\/v2\/pages\/3257","targetHints":{"allow":["GET"]}}],"collection":[{"href":"https:\/\/www.diablofans.cz\/d2\/wp-json\/wp\/v2\/pages"}],"about":[{"href":"https:\/\/www.diablofans.cz\/d2\/wp-json\/wp\/v2\/types\/page"}],"author":[{"embeddable":true,"href":"https:\/\/www.diablofans.cz\/d2\/wp-json\/wp\/v2\/users\/1"}],"replies":[{"embeddable":true,"href":"https:\/\/www.diablofans.cz\/d2\/wp-json\/wp\/v2\/comments?post=3257"}],"version-history":[{"count":0,"href":"https:\/\/www.diablofans.cz\/d2\/wp-json\/wp\/v2\/pages\/3257\/revisions"}],"wp:attachment":[{"href":"https:\/\/www.diablofans.cz\/d2\/wp-json\/wp\/v2\/media?parent=3257"}],"curies":[{"name":"wp","href":"https:\/\/api.w.org\/{rel}","templated":true}]}}