{"id":3260,"date":"2018-08-25T22:08:54","date_gmt":"2018-08-25T20:08:54","guid":{"rendered":"http:\/\/diablofans.ddev.site\/d2\/herni-postavy-paladin-skilly-combat-skills-sacrifice\/"},"modified":"2018-08-25T22:08:54","modified_gmt":"2018-08-25T20:08:54","slug":"herni-postavy-paladin-skilly-combat-skills-sacrifice","status":"publish","type":"page","link":"https:\/\/www.diablofans.cz\/d2\/herni-postavy-paladin-skilly-combat-skills-sacrifice\/","title":{"rendered":"Paladin &#8211; Skilly &#8211; Combat Skills &#8211; Sacrifice"},"content":{"rendered":"\n<div class=\"skilly\">\n<p style=\"text-align:center\"><a href=\"https:\/\/www.diablofans.cz\/d2\/herni-postavy-paladin\">Paladin<\/a>\u00a0\u2013 <a href=\"https:\/\/www.diablofans.cz\/d2\/herni-postavy-paladin-skilly-defensive-auras\">Defensive Auras<\/a>\u00a0\u2013 <a href=\"https:\/\/www.diablofans.cz\/d2\/herni-postavy-paladin-skilly-offensive-auras\">Offensive Auras<\/a>\u00a0\u2013 <strong><a href=\"https:\/\/www.diablofans.cz\/d2\/herni-postavy-paladin-skilly-combat-skills\">Combat\u00a0Skills<\/a><\/strong><\/p>\n<div style=\"float: right; width: 160px; \">\n<table>\n<tbody>\n<tr>\n<td><strong><a href=\"https:\/\/www.diablofans.cz\/d2\/herni-postavy-paladin-skilly-combat-skills-sacrifice\">Sacrifice<\/a><\/strong><\/td>\n<\/tr>\n<tr>\n<td><a href=\"https:\/\/www.diablofans.cz\/d2\/herni-postavy-paladin-skilly-combat-skills-smite\">Smite<\/a><\/td>\n<\/tr>\n<tr>\n<td><a href=\"https:\/\/www.diablofans.cz\/d2\/herni-postavy-paladin-skilly-combat-skills-holy-bolt\">Holy Bolt<\/a><\/td>\n<\/tr>\n<tr>\n<td><a href=\"https:\/\/www.diablofans.cz\/d2\/herni-postavy-paladin-skilly-combat-skills-zeal\">Zeal<\/a><\/td>\n<\/tr>\n<tr>\n<td><a href=\"https:\/\/www.diablofans.cz\/d2\/herni-postavy-paladin-skilly-combat-skills-charge\">Charge<\/a><\/td>\n<\/tr>\n<tr>\n<td><a href=\"https:\/\/www.diablofans.cz\/d2\/herni-postavy-paladin-skilly-combat-skills-vengeance\">Vengeance<\/a><\/td>\n<\/tr>\n<tr>\n<td><a href=\"https:\/\/www.diablofans.cz\/d2\/herni-postavy-paladin-skilly-combat-skills-blessed-hammer\">Blessed Hammer<\/a><\/td>\n<\/tr>\n<tr>\n<td><a href=\"https:\/\/www.diablofans.cz\/d2\/herni-postavy-paladin-skilly-combat-skills-conversion\">Conversion<\/a><\/td>\n<\/tr>\n<tr>\n<td><a href=\"https:\/\/www.diablofans.cz\/d2\/herni-postavy-paladin-skilly-combat-skills-holy-shield\">Holy Shield<\/a><\/td>\n<\/tr>\n<tr>\n<td><a href=\"https:\/\/www.diablofans.cz\/d2\/herni-postavy-paladin-skilly-combat-skills-fist-of-the.heavens\">Fist of the Heavens<\/a><\/td>\n<\/tr>\n<\/tbody>\n<\/table><\/div>\n<h3 style=\"clear:none\">Sacrifice<\/h3>\n<div><img loading=\"lazy\" decoding=\"async\" src=\"https:\/\/www.diablofans.cz\/d2\/wp-content\/uploads\/2018\/08\/sacrifice.jpg\" alt=\"Sacrifice\" class=\"img-left\" width=\"48\" height=\"48\" \/><\/div>\n<ul>\n<li>Pot\u0159ebn\u00fd level: 1<\/li>\n<li>Pot\u0159ebn\u00e9 skilly: \u017e\u00e1dn\u00e9<\/li>\n<li>Typ: \u00datok na bl\u00edzko<\/li>\n<li>Lev\u00e9 tla\u010d\u00edtko: Ano<\/li>\n<\/ul>\n<p class=\"zelena\">Sacrifice dost\u00e1v\u00e1 synergick\u00e9 bonusy ze skill\u016f:<\/p>\n<ul>\n<li><a href=\"https:\/\/www.diablofans.cz\/d2\/herni-postavy-paladin-skilly-offensive-auras-fanaticism\">Fanaticism<\/a>: +5\u00a0% k\u00a0fyzick\u00fdm \u0161kod\u00e1m za level<\/li>\n<li><a href=\"https:\/\/www.diablofans.cz\/d2\/herni-postavy-paladin-skilly-defensive-auras-redemption\">Redemption<\/a>: +15\u00a0% k\u00a0fyzick\u00fdm \u0161kod\u00e1m za level<\/li>\n<\/ul>\n<p>Jedn\u00e1 se o\u00a0pon\u011bkud neobvyklou dovednost, nebo\u0165 d\u00e1v\u00e1 Paladinovi mo\u017enost zp\u016fsobit nep\u0159\u00e1tel\u016fm velmi v\u00e1\u017en\u00e9 \u0161kody, ale mus\u00ed ob\u011btovat ze sv\u00e9ho zdrav\u00ed a\u017e 8\u00a0% ud\u011blen\u00fdch \u0161kod. Na prvn\u00ed pohled to m\u016f\u017ee p\u0159ipom\u00ednat faustovskou dohodu podepsanou vlastn\u00ed krv\u00ed, ale se silnou zbran\u00ed a dostate\u010dn\u00fdm s\u00e1n\u00edm nen\u00ed pou\u017e\u00edv\u00e1n\u00ed t\u00e9to schopnosti \u0161patnou volbou. Dal\u0161\u00ed v\u00fdhodou je, \u017ee jako jedna z\u00a0m\u00e1la aktivn\u00edch dovednost\u00ed nevy\u017eaduje\u00a0manu.<\/p>\n<h3>Tabulka<\/h3>\n<ul>\n<li>\u0160kody s\u00e1m sob\u011b = 8\u00a0% pro v\u0161echny \u00farovn\u011b<\/li>\n<\/ul>\n<table>\n<thead>\n<tr>\n<th style=\"width:100px\">\u00darovn\u011b<\/th>\n<th style=\"width:40px\">1<\/th>\n<th style=\"width:40px\">2<\/th>\n<th style=\"width:40px\">3<\/th>\n<th style=\"width:40px\">4<\/th>\n<th style=\"width:40px\">5<\/th>\n<th style=\"width:40px\">6<\/th>\n<th style=\"width:40px\">7<\/th>\n<th style=\"width:40px\">8<\/th>\n<th style=\"width:40px\">9<\/th>\n<th style=\"width:40px\">10<\/th>\n<\/tr>\n<\/thead>\n<tbody>\n<tr>\n<td>+AR (%)<\/td>\n<td>20<\/td>\n<td>27<\/td>\n<td>34<\/td>\n<td>41<\/td>\n<td>48<\/td>\n<td>55<\/td>\n<td>62<\/td>\n<td>69<\/td>\n<td>76<\/td>\n<td>83<\/td>\n<\/tr>\n<tr>\n<td>+DMG (%)<\/td>\n<td>180<\/td>\n<td>195<\/td>\n<td>210<\/td>\n<td>225<\/td>\n<td>240<\/td>\n<td>255<\/td>\n<td>270<\/td>\n<td>285<\/td>\n<td>300<\/td>\n<td>315<\/td>\n<\/tr>\n<tr>\n<th>\u00darovn\u011b<\/th>\n<th>11<\/th>\n<th>12<\/th>\n<th>13<\/th>\n<th>14<\/th>\n<th>15<\/th>\n<th>16<\/th>\n<th>17<\/th>\n<th>18<\/th>\n<th>19<\/th>\n<th>20<\/th>\n<\/tr>\n<tr>\n<td>+AR (%)<\/td>\n<td>90<\/td>\n<td>97<\/td>\n<td>104<\/td>\n<td>111<\/td>\n<td>118<\/td>\n<td>125<\/td>\n<td>132<\/td>\n<td>139<\/td>\n<td>146<\/td>\n<td>153<\/td>\n<\/tr>\n<tr>\n<td>+DMG (%)<\/td>\n<td>330<\/td>\n<td>345<\/td>\n<td>360<\/td>\n<td>375<\/td>\n<td>390<\/td>\n<td>405<\/td>\n<td>420<\/td>\n<td>435<\/td>\n<td>450<\/td>\n<td>465<\/td>\n<\/tr>\n<\/tbody>\n<\/table>\n<table>\n<thead>\n<tr>\n<th style=\"width:100px\">\u00darovn\u011b<\/th>\n<th style=\"width:40px\">21<\/th>\n<th style=\"width:40px\">22<\/th>\n<th style=\"width:40px\">23<\/th>\n<th style=\"width:40px\">24<\/th>\n<th style=\"width:40px\">25<\/th>\n<th style=\"width:40px\">26<\/th>\n<th style=\"width:40px\">27<\/th>\n<th style=\"width:40px\">28<\/th>\n<th style=\"width:40px\">29<\/th>\n<th style=\"width:40px\">30<\/th>\n<\/tr>\n<\/thead>\n<tbody>\n<tr>\n<td>+AR (%)<\/td>\n<td>160<\/td>\n<td>167<\/td>\n<td>174<\/td>\n<td>181<\/td>\n<td>188<\/td>\n<td>195<\/td>\n<td>202<\/td>\n<td>209<\/td>\n<td>216<\/td>\n<td>223<\/td>\n<\/tr>\n<tr>\n<td>+DMG (%)<\/td>\n<td>480<\/td>\n<td>495<\/td>\n<td>510<\/td>\n<td>525<\/td>\n<td>540<\/td>\n<td>555<\/td>\n<td>570<\/td>\n<td>585<\/td>\n<td>600<\/td>\n<td>615<\/td>\n<\/tr>\n<tr>\n<th>\u00darovn\u011b<\/th>\n<th>31<\/th>\n<th>32<\/th>\n<th>33<\/th>\n<th>34<\/th>\n<th>35<\/th>\n<th>36<\/th>\n<th>37<\/th>\n<th>38<\/th>\n<th>39<\/th>\n<th>40<\/th>\n<\/tr>\n<tr>\n<td>+AR (%)<\/td>\n<td>230<\/td>\n<td>237<\/td>\n<td>244<\/td>\n<td>251<\/td>\n<td>258<\/td>\n<td>265<\/td>\n<td>272<\/td>\n<td>279<\/td>\n<td>286<\/td>\n<td>293<\/td>\n<\/tr>\n<tr>\n<td>+DMG (%)<\/td>\n<td>630<\/td>\n<td>645<\/td>\n<td>660<\/td>\n<td>675<\/td>\n<td>690<\/td>\n<td>705<\/td>\n<td>720<\/td>\n<td>735<\/td>\n<td>750<\/td>\n<td>765<\/td>\n<\/tr>\n<\/tbody>\n<\/table>\n<p>Sebepo\u0161kozen\u00ed je uplatn\u011bno, kdy\u017e je z\u00e1sah \u00fasp\u011b\u0161n\u00fd. Animace krve se v\u0161ak zobraz\u00ed\u00a0v\u017edy.<\/p>\n<p>Po\u0161kozen\u00ed 8\u00a0% sama sebe se uplatn\u00ed z\u00a0kone\u010dn\u00fdch fyzick\u00fdch \u0161kod ud\u011blen\u00fdch nep\u0159\u00edteli po zapo\u010dten\u00ed jeho odolnost\u00ed. Nep\u0159\u00e1tel\u016fm s\u00a0imunitou na fyzick\u00e9 \u00fatoky nezp\u016fsob\u00ed postava \u0161kody \u017e\u00e1dn\u00e9, tud\u00ed\u017e ani \u017e\u00e1dn\u00e9 \u017eivoty neztrat\u00ed.<\/p>\n<p>Pokud postava ud\u011bl\u00ed nep\u0159\u00edteli zran\u011bn\u00ed za 1000, sama sob\u011b zp\u016fsob\u00ed 80\u00a0\u0161kody. Pokud je dan\u00fd nep\u0159\u00edtel z\u00a090\u00a0% odoln\u00fd v\u016f\u010di fyzick\u00fdm \u00fatok\u016fm, je \u0161koda zredukovan\u00e1 na 100\u00a0a postava sama sob\u011b zp\u016fsob\u00ed \u0161kodu pouze za 8.\u00a0Podobn\u011b to funguje, kdy\u017e nep\u0159\u00edteli zb\u00fdv\u00e1 do smrti jen 200\u00a0\u017eivota. \u0160koda za 1000\u00a0nesebere 80, ale pouze 16\u00a0\u017eivota.<\/p>\n<p>M\u00edru sebepo\u0161kozen\u00ed nelze sn\u00ed\u017eit vlastnost\u00ed <a href=\"https:\/\/www.diablofans.cz\/d2\/vlastnosti-damage-reduced-by-X\">Damage Reduced By X<\/a> ani procentn\u00ed m\u00edrou redukce.<\/p>\n<p>Kletby <a href=\"https:\/\/www.diablofans.cz\/d2\/herni-postavy-necromancer-skilly-curses-amplify-damage\">Amplify Damage<\/a> a <a href=\"https:\/\/www.diablofans.cz\/d2\/herni-postavy-necromancer-skilly-curses-decrepify\">Decrepify<\/a> m\u00edru sebepo\u0161kozen\u00ed nezv\u00fd\u0161\u00ed. Pokud je pod vlivem t\u011bchto kleteb c\u00edlov\u00e1 nestv\u016fra, jsou ud\u011blen\u00e9 \u0161kody zn\u00e1sobeny a v\u00fdsledn\u00e9 sebepo\u0161kozen\u00ed se zv\u00fd\u0161\u00ed o\u00a0tut\u00e9\u017e\u00a0m\u00edru.<\/p>\n<p><span style=\"color: #ff3020;\">S\u00a0touto dovednost\u00ed nefunguje vlastnost <a href=\"https:\/\/www.diablofans.cz\/d2\/vlastnosti-deadly-strike\">Deadly Strike<\/a> a schopnost <a href=\"https:\/\/www.diablofans.cz\/d2\/herni-postavy-amazon-skilly-passive-and-magic-critical-strike\">Critical Strike<\/a>.<\/span> To proto, \u017ee by pou\u017eit\u00ed tohoto skillu s\u00a0kritick\u00fdm \u00faderem bylo zejm\u00e9na pro hardcorov\u00e9 postavy p\u0159\u00edli\u0161 nebezpe\u010dn\u00e9. Ze \u0161kody p\u016fvodn\u011b 1000\u00a0by byly r\u00e1zem 2000\u00a0a s\u00e1m sob\u011b by si Paladin u\u0161t\u011bd\u0159il za\u00a0160.<\/p>\n<p><span style=\"color: #ff3020;\">Polo\u017eka <a href=\"https:\/\/www.diablofans.cz\/d2\/vlastnosti-life-stolen-per-hit\">Life Stolen per Hit<\/a> a \u00fa\u010dinek kletby <a href=\"https:\/\/www.diablofans.cz\/d2\/herni-postavy-necromancer-skilly-curses-life-tap\">Life Tap<\/a> se zapo\u010d\u00edt\u00e1 a\u017e pot\u00e9, co je ud\u011blena \u0161koda sama sob\u011b.<\/span> Pokud sv\u00fdm \u00fatokem postava ud\u011bl\u00ed \u0161kodu vy\u0161\u0161\u00ed ne\u017e aktu\u00e1ln\u00ed stav \u017eivota, zem\u0159e d\u0159\u00edve, ne\u017e prob\u011bhne l\u00e9\u010den\u00ed.<\/p>\n<p>8% m\u00edra sebepo\u0161kozen\u00ed nepodl\u00e9h\u00e1 redukc\u00edm obt\u00ed\u017enosti a polo\u017ece Drain Effectiveness jako <a href=\"https:\/\/www.diablofans.cz\/d2\/vlastnosti-life-stolen-per-hit\">Life Steal<\/a>. Proti v\u011bt\u0161in\u011b monster obt\u00ed\u017enosti Normal lze ob\u011btov\u00e1n\u00ed vykompenzovat 8% Life Stealem. Na vy\u0161\u0161\u00edch obt\u00ed\u017enostech je nutn\u00e9 tuto polo\u017eku nejm\u00e9n\u011b zdvojn\u00e1sobit, respektive ztrojn\u00e1sobit. I\u00a0pak je ale pot\u0159eba uva\u017eovat vliv Drain Effectiveness, je\u017e u\u00a0mnoh\u00fdch druh\u016f monster na Nightmare a Hellu kles\u00e1. Proto je nejefektivn\u011bj\u0161\u00ed metodou, jak zvr\u00e1tit sebepo\u0161kozen\u00ed, kletba <a href=\"https:\/\/www.diablofans.cz\/d2\/herni-postavy-necromancer-skilly-curses-life-tap\">Life Tap<\/a>.<\/p>\n<h3>V\u00fdpo\u010dty<\/h3>\n<ul>\n<li>+Attack Rating (%) = 13 + 7 * slvl %<\/li>\n<li>+DMG (%) = 165 + 15 * slvl %<\/li>\n<\/ul>\n<p>(slvl = \u00farove\u0148 skillu)<\/p>\n<h3>V\u00fdskyt dovednosti<\/h3>\n<p><strong>N\u011bkter\u00e9 p\u0159edm\u011bty poskytuj\u00ed bonus k\u00a0tomuto skillu:<\/strong><\/p>\n<ul>\n<li>V\u0161echny p\u0159edm\u011bty typu <a href=\"https:\/\/www.diablofans.cz\/d2\/predmety-normal-scepters\">Scepter<\/a> (ilvl&lt;25): +1\u20133 to Sacrifice (Paladin Only) (varies)<\/li>\n<li><a href=\"https:\/\/www.diablofans.cz\/d2\/predmety-unique-normal-maces\">Bloodrise Morning Star<\/a>: +3\u00a0to Sacrifice (Paladin\u00a0Only)<\/li>\n<\/ul>\n<p><strong>Dovednost se vyskytuje na \u201enabit\u00fdch\u201c p\u0159edm\u011btech (Charges):<\/strong><\/p>\n<ul>\n<li>V\u00fdskyt pouze na Magic nebo Rare p\u0159edm\u011btech typu Scepter nebo paladinsk\u00fd\u00a0\u0161t\u00edt.<\/li>\n<li>\u00darovn\u011b: 1\u201310<\/li>\n<li>V\u00a0tabulce je zn\u00e1zorn\u011bn minim\u00e1ln\u00ed po\u017eadavek na \u00farove\u0148 p\u0159edm\u011btu (ilvl) na \u00farove\u0148 skillu spole\u010dn\u011b s\u00a0po\u010dtem n\u00e1boj\u016f (Charges)<\/li>\n<\/ul>\n<table>\n<thead>\n<tr>\n<th>\u00darove\u0148 skillu<\/th>\n<th>1<\/th>\n<th>2<\/th>\n<th>3<\/th>\n<th>4<\/th>\n<th>5<\/th>\n<th>6<\/th>\n<th>7<\/th>\n<th>8<\/th>\n<th>9<\/th>\n<th>10<\/th>\n<\/tr>\n<\/thead>\n<tbody>\n<tr>\n<td>Minim\u00e1ln\u00ed ilvl<\/td>\n<td>10<\/td>\n<td>19<\/td>\n<td>28<\/td>\n<td>37<\/td>\n<td>46<\/td>\n<td>55<\/td>\n<td>64<\/td>\n<td>73<\/td>\n<td>82<\/td>\n<td>91<\/td>\n<\/tr>\n<tr>\n<td>Po\u010det Charges<\/td>\n<td>33<\/td>\n<td>37<\/td>\n<td>41<\/td>\n<td>45<\/td>\n<td>48<\/td>\n<td>52<\/td>\n<td>56<\/td>\n<td>60<\/td>\n<td>63<\/td>\n<td>67<\/td>\n<\/tr>\n<\/tbody>\n<\/table>\n<hr \/>\n<p><em>Jak\u00e1 je cena za sl\u00e1vu? T\u0159eba posv\u011bcen\u00ed vlastn\u00ed zbran\u011b vlastn\u00ed krv\u00ed. Paladinov\u00e9 ze Zakarumi jsou schopni zv\u00fd\u0161it svou zdatnost v\u00a0boji pozbyt\u00edm \u010d\u00e1sti sv\u00e9 vlastn\u00ed \u017eivotn\u00ed s\u00edly. Takov\u00e1to ob\u011b\u0165 je symbolem jejich v\u00edry ve svat\u00e9 Sv\u011btlo, p\u0159ed n\u00ed\u017e se mus\u00ed sklonit i\u00a0ti nejn\u00ed\u017ee postaven\u00ed Paladinov\u00e9, aby si mohli dok\u00e1zat, \u017ee jsou hodni v\u00edt\u011bzstv\u00ed.<\/em><\/p>\n<p style=\"text-align:center\">&#8212;\u00a0\u2014 &#8212;\u00a0\u2014 &#8212;\u00a0\u2014 &#8212;\u00a0\u2014 &#8212;\u00a0\u2014 &#8212;\u00a0\u2014 &#8212;\u00a0\u2014 &#8212;\u00a0\u2014 &#8212;\u00a0\u2014 &#8212;\u00a0\u2014 &#8212;\u00a0\u2014\u00a0&#8212;<\/p>\n<p style=\"text-align:center\"><a href=\"https:\/\/www.diablofans.cz\/d2\/herni-postavy-paladin-skilly-combat-skills\">\u00ab Zp\u011bt do sekce Hern\u00ed postavy\u00a0\u2013 Paladin\u00a0\u2013 Skilly\u00a0\u2013 Combat\u00a0Skills<\/a><\/p>\n<\/p><\/div>\n<p> <!-- by Texy2! --><\/p>\n","protected":false},"excerpt":{"rendered":"<p>Paladin\u00a0\u2013 Defensive Auras\u00a0\u2013 Offensive Auras\u00a0\u2013 Combat\u00a0Skills Sacrifice Smite Holy Bolt Zeal Charge Vengeance Blessed Hammer Conversion Holy Shield Fist of the Heavens Sacrifice Pot\u0159ebn\u00fd level: 1 Pot\u0159ebn\u00e9 skilly: \u017e\u00e1dn\u00e9 Typ: \u00datok na bl\u00edzko Lev\u00e9 tla\u010d\u00edtko: Ano Sacrifice dost\u00e1v\u00e1 synergick\u00e9 bonusy ze skill\u016f: Fanaticism: +5\u00a0% k\u00a0fyzick\u00fdm \u0161kod\u00e1m za level Redemption: +15\u00a0% k\u00a0fyzick\u00fdm \u0161kod\u00e1m za level Jedn\u00e1 [&#8230;]<\/p>\n<p><a class=\"btn btn-secondary understrap-read-more-link\" href=\"https:\/\/www.diablofans.cz\/d2\/herni-postavy-paladin-skilly-combat-skills-sacrifice\/\">\u010c\u00edst d\u00e1le&#8230;<span class=\"screen-reader-text\"> from Paladin &#8211; Skilly &#8211; Combat Skills &#8211; Sacrifice<\/span><\/a><\/p>\n","protected":false},"author":1,"featured_media":0,"parent":0,"menu_order":0,"comment_status":"open","ping_status":"open","template":"","meta":{"footnotes":""},"class_list":["post-3260","page","type-page","status-publish","hentry"],"_links":{"self":[{"href":"https:\/\/www.diablofans.cz\/d2\/wp-json\/wp\/v2\/pages\/3260","targetHints":{"allow":["GET"]}}],"collection":[{"href":"https:\/\/www.diablofans.cz\/d2\/wp-json\/wp\/v2\/pages"}],"about":[{"href":"https:\/\/www.diablofans.cz\/d2\/wp-json\/wp\/v2\/types\/page"}],"author":[{"embeddable":true,"href":"https:\/\/www.diablofans.cz\/d2\/wp-json\/wp\/v2\/users\/1"}],"replies":[{"embeddable":true,"href":"https:\/\/www.diablofans.cz\/d2\/wp-json\/wp\/v2\/comments?post=3260"}],"version-history":[{"count":0,"href":"https:\/\/www.diablofans.cz\/d2\/wp-json\/wp\/v2\/pages\/3260\/revisions"}],"wp:attachment":[{"href":"https:\/\/www.diablofans.cz\/d2\/wp-json\/wp\/v2\/media?parent=3260"}],"curies":[{"name":"wp","href":"https:\/\/api.w.org\/{rel}","templated":true}]}}