{"id":3273,"date":"2018-08-25T22:08:54","date_gmt":"2018-08-25T20:08:54","guid":{"rendered":"http:\/\/diablofans.ddev.site\/d2\/herni-postavy-sorceress-skilly-lightning-spells-charged-bolt\/"},"modified":"2018-08-25T22:08:54","modified_gmt":"2018-08-25T20:08:54","slug":"herni-postavy-sorceress-skilly-lightning-spells-charged-bolt","status":"publish","type":"page","link":"https:\/\/www.diablofans.cz\/d2\/herni-postavy-sorceress-skilly-lightning-spells-charged-bolt\/","title":{"rendered":"Sorceress &#8211; Skilly &#8211; Lightning Spells &#8211; Charged Bolt"},"content":{"rendered":"\n<div class=\"skilly\">\n<p style=\"text-align:center\"><a href=\"https:\/\/www.diablofans.cz\/d2\/herni-postavy-assassin\">Sorceress<\/a>\u00a0\u2013 <a href=\"https:\/\/www.diablofans.cz\/d2\/herni-postavy-sorceress-skilly-cold-spells\">Cold Spells<\/a>\u00a0\u2013 <strong><a href=\"https:\/\/www.diablofans.cz\/d2\/herni-postavy-sorceress-skilly-lightning-spells\">Lightning Spells<\/a><\/strong>\u00a0\u2013 <a href=\"https:\/\/www.diablofans.cz\/d2\/herni-postavy-sorceress-skilly-fire-spells\">Fire\u00a0Spells<\/a><\/p>\n<div style=\"float: right; width: 150px; \">\n<table>\n<tbody>\n<tr>\n<td><strong><a href=\"https:\/\/www.diablofans.cz\/d2\/herni-postavy-sorceress-skilly-lightning-spells-charged-bolt\">Charged Bolt<\/a><\/strong><\/td>\n<\/tr>\n<tr>\n<td><a href=\"https:\/\/www.diablofans.cz\/d2\/herni-postavy-sorceress-skilly-lightning-spells-static-field\">Static Field<\/a><\/td>\n<\/tr>\n<tr>\n<td><a href=\"https:\/\/www.diablofans.cz\/d2\/herni-postavy-sorceress-skilly-lightning-spells-telekinesis\">Telekinesis<\/a><\/td>\n<\/tr>\n<tr>\n<td><a href=\"https:\/\/www.diablofans.cz\/d2\/herni-postavy-sorceress-skilly-lightning-spells-nova\">Nova<\/a><\/td>\n<\/tr>\n<tr>\n<td><a href=\"https:\/\/www.diablofans.cz\/d2\/herni-postavy-sorceress-skilly-lightning-spells-lightning\">Lightning<\/a><\/td>\n<\/tr>\n<tr>\n<td><a href=\"https:\/\/www.diablofans.cz\/d2\/herni-postavy-sorceress-skilly-lightning-spells-chain-lightning\">Chain Lightning<\/a><\/td>\n<\/tr>\n<tr>\n<td><a href=\"https:\/\/www.diablofans.cz\/d2\/herni-postavy-sorceress-skilly-lightning-spells-teleport\">Teleport<\/a><\/td>\n<\/tr>\n<tr>\n<td><a href=\"https:\/\/www.diablofans.cz\/d2\/herni-postavy-sorceress-skilly-lightning-spells-thunder-storm\">Thunder Storm<\/a><\/td>\n<\/tr>\n<tr>\n<td><a href=\"https:\/\/www.diablofans.cz\/d2\/herni-postavy-sorceress-skilly-lightning-spells-energy-shield\">Energy Shield<\/a><\/td>\n<\/tr>\n<tr>\n<td><a href=\"https:\/\/www.diablofans.cz\/d2\/herni-postavy-sorceress-skilly-lightning-spells-lightning-mastery\">Lightning Mastery<\/a><\/td>\n<\/tr>\n<\/tbody>\n<\/table><\/div>\n<h3 style=\"clear:none\">Charged Bolt<\/h3>\n<div><img loading=\"lazy\" decoding=\"async\" src=\"https:\/\/www.diablofans.cz\/d2\/wp-content\/uploads\/2018\/08\/chargedbolt.jpg\" alt=\"Charged Bolt\" class=\"img-left\" width=\"48\" height=\"48\" \/><\/div>\n<ul>\n<li>Pot\u0159ebn\u00fd level: 1<\/li>\n<li>Pot\u0159ebn\u00e9 skilly: \u017e\u00e1dn\u00e9<\/li>\n<li>Typ: Mnohon\u00e1sobn\u00fd bleskov\u00fd v\u00fdst\u0159el<\/li>\n<li>Lev\u00e9 tla\u010d\u00edtko: Ano<\/li>\n<\/ul>\n<p class=\"zelena\">Charged Bolt dost\u00e1v\u00e1 synergick\u00e9 bonusy ze skill\u016f:<\/p>\n<ul>\n<li><a href=\"https:\/\/www.diablofans.cz\/d2\/herni-postavy-sorceress-skilly-lightning-spells-lightning\">Lightning<\/a>: +6% k\u00a0bleskov\u00fdm \u0161kod\u00e1m za level<\/li>\n<\/ul>\n<p>T\u00edmto kouzlem \u010darod\u011bjka uvoln\u00ed sm\u011brem k\u00a0c\u00edli n\u011bkolik chaoticky se pohybuj\u00edc\u00edch v\u00fdboj\u016f elektrick\u00e9ho proudu zra\u0148uj\u00edc\u00edch nep\u0159\u00e1tele. S\u00a0v\u00edce body v\u00a0t\u00e9to dovednosti postupn\u011b bude nar\u016fstat jak \u0161koda, tak po\u010det v\u00fdboj\u016f. Tyto jiskrn\u00e9 st\u0159ely je vhodn\u00e9 vyu\u017e\u00edvat pouze na za\u010d\u00e1tku hry. Pokud by se v\u0161ak na n\u011b cht\u011bla \u010darod\u011bjka zam\u011b\u0159it, je vhodn\u00e9 ji vybavit v\u011bcmi na co nejrychlej\u0161\u00ed \u010darov\u00e1n\u00ed.<\/p>\n<p>Tento skill vyu\u017e\u00edv\u00e1 i\u00a0bleskov\u00fd <a href=\"https:\/\/www.diablofans.cz\/d2\/zoldaci#ironwolf\">Iron Wolf<\/a>. Z\u00a0monster ho vyu\u017e\u00edv\u00e1 rovn\u011b\u017e <a href=\"https:\/\/www.diablofans.cz\/d2\/akt-bossove-mephisto\">Mephisto<\/a> a jeho <a href=\"https:\/\/www.diablofans.cz\/d2\/uberbossove-mephisto\">\u00fcber verze<\/a>.<\/p>\n<h3>Tabulka<\/h3>\n<table>\n<thead>\n<tr>\n<th style=\"width:100px\">\u00darovn\u011b<\/th>\n<th style=\"width:40px\">1<\/th>\n<th style=\"width:40px\">2<\/th>\n<th style=\"width:40px\">3<\/th>\n<th style=\"width:40px\">4<\/th>\n<th style=\"width:40px\">5<\/th>\n<th style=\"width:40px\">6<\/th>\n<th style=\"width:40px\">7<\/th>\n<th style=\"width:40px\">8<\/th>\n<th style=\"width:40px\">9<\/th>\n<th style=\"width:40px\">10<\/th>\n<\/tr>\n<\/thead>\n<tbody>\n<tr>\n<td>Mana<\/td>\n<td>3<\/td>\n<td>3,5<\/td>\n<td>4<\/td>\n<td>4,5<\/td>\n<td>5<\/td>\n<td>5,5<\/td>\n<td>6<\/td>\n<td>6,5<\/td>\n<td>7<\/td>\n<td>7,5<\/td>\n<\/tr>\n<tr>\n<td rowspan=\"2\">Lightning DMG<\/td>\n<td>2<\/td>\n<td>2,5<\/td>\n<td>3<\/td>\n<td>3,5<\/td>\n<td>4<\/td>\n<td>4,5<\/td>\n<td>5<\/td>\n<td>5,5<\/td>\n<td>6<\/td>\n<td>6,5<\/td>\n<\/tr>\n<tr>\n<td>4<\/td>\n<td>4,5<\/td>\n<td>5<\/td>\n<td>5,5<\/td>\n<td>6<\/td>\n<td>6,5<\/td>\n<td>7<\/td>\n<td>7,5<\/td>\n<td>8<\/td>\n<td>8,5<\/td>\n<\/tr>\n<tr>\n<td>Po\u010det jisker<\/td>\n<td>3<\/td>\n<td>4<\/td>\n<td>5<\/td>\n<td>6<\/td>\n<td>7<\/td>\n<td>8<\/td>\n<td>9<\/td>\n<td>10<\/td>\n<td>11<\/td>\n<td>12<\/td>\n<\/tr>\n<tr>\n<th>\u00darovn\u011b<\/th>\n<th>11<\/th>\n<th>12<\/th>\n<th>13<\/th>\n<th>14<\/th>\n<th>15<\/th>\n<th>16<\/th>\n<th>17<\/th>\n<th>18<\/th>\n<th>19<\/th>\n<th>20<\/th>\n<\/tr>\n<tr>\n<td>Mana<\/td>\n<td>8<\/td>\n<td>8,5<\/td>\n<td>9<\/td>\n<td>9,5<\/td>\n<td>10<\/td>\n<td>10,5<\/td>\n<td>11<\/td>\n<td>11,5<\/td>\n<td>12<\/td>\n<td>12,5<\/td>\n<\/tr>\n<tr>\n<td rowspan=\"2\">Lightning DMG<\/td>\n<td>7<\/td>\n<td>7,5<\/td>\n<td>8<\/td>\n<td>8,5<\/td>\n<td>9<\/td>\n<td>9,5<\/td>\n<td>10,5<\/td>\n<td>11,5<\/td>\n<td>12,5<\/td>\n<td>13,5<\/td>\n<\/tr>\n<tr>\n<td>9<\/td>\n<td>9,5<\/td>\n<td>10<\/td>\n<td>10,5<\/td>\n<td>11<\/td>\n<td>11,5<\/td>\n<td>12,5<\/td>\n<td>13,5<\/td>\n<td>14,5<\/td>\n<td>15,5<\/td>\n<\/tr>\n<tr>\n<td>Po\u010det jisker<\/td>\n<td>13<\/td>\n<td>14<\/td>\n<td>15<\/td>\n<td>16<\/td>\n<td>17<\/td>\n<td>18<\/td>\n<td>19<\/td>\n<td>20<\/td>\n<td>21<\/td>\n<td>22<\/td>\n<\/tr>\n<\/tbody>\n<\/table>\n<table>\n<thead>\n<tr>\n<th style=\"width:100px\">\u00darovn\u011b<\/th>\n<th style=\"width:40px\">21<\/th>\n<th style=\"width:40px\">22<\/th>\n<th style=\"width:40px\">23<\/th>\n<th style=\"width:40px\">24<\/th>\n<th style=\"width:40px\">25<\/th>\n<th style=\"width:40px\">26<\/th>\n<th style=\"width:40px\">27<\/th>\n<th style=\"width:40px\">28<\/th>\n<th style=\"width:40px\">29<\/th>\n<th style=\"width:40px\">30<\/th>\n<\/tr>\n<\/thead>\n<tbody>\n<tr>\n<td>Mana<\/td>\n<td>13<\/td>\n<td>13,5<\/td>\n<td>14<\/td>\n<td>14,5<\/td>\n<td>15<\/td>\n<td>15,5<\/td>\n<td>16<\/td>\n<td>16,5<\/td>\n<td>17<\/td>\n<td>17,5<\/td>\n<\/tr>\n<tr>\n<td rowspan=\"2\">Lightning DMG<\/td>\n<td>14,5<\/td>\n<td>15,5<\/td>\n<td>17<\/td>\n<td>18,5<\/td>\n<td>20<\/td>\n<td>21,5<\/td>\n<td>23<\/td>\n<td>24,5<\/td>\n<td>26,5<\/td>\n<td>28,5<\/td>\n<\/tr>\n<tr>\n<td>16,5<\/td>\n<td>17,5<\/td>\n<td>19<\/td>\n<td>20,5<\/td>\n<td>22<\/td>\n<td>23,5<\/td>\n<td>25<\/td>\n<td>26,5<\/td>\n<td>28,5<\/td>\n<td>30,5<\/td>\n<\/tr>\n<tr>\n<td>Po\u010det jisker<\/td>\n<td>23<\/td>\n<td>24<\/td>\n<td>24<\/td>\n<td>24<\/td>\n<td>24<\/td>\n<td>24<\/td>\n<td>24<\/td>\n<td>24<\/td>\n<td>24<\/td>\n<td>24<\/td>\n<\/tr>\n<tr>\n<th>\u00darovn\u011b<\/th>\n<th>31<\/th>\n<th>32<\/th>\n<th>33<\/th>\n<th>34<\/th>\n<th>35<\/th>\n<th>36<\/th>\n<th>37<\/th>\n<th>38<\/th>\n<th>39<\/th>\n<th>40<\/th>\n<\/tr>\n<tr>\n<td>Mana<\/td>\n<td>18<\/td>\n<td>18,5<\/td>\n<td>19<\/td>\n<td>19,5<\/td>\n<td>20<\/td>\n<td>20,5<\/td>\n<td>21<\/td>\n<td>21,5<\/td>\n<td>22<\/td>\n<td>22,5<\/td>\n<\/tr>\n<tr>\n<td rowspan=\"2\">Lightning DMG<\/td>\n<td>30,5<\/td>\n<td>32,5<\/td>\n<td>34,5<\/td>\n<td>36,5<\/td>\n<td>38,5<\/td>\n<td>40,5<\/td>\n<td>42,5<\/td>\n<td>44,5<\/td>\n<td>46,5<\/td>\n<td>48,5<\/td>\n<\/tr>\n<tr>\n<td>32,5<\/td>\n<td>34,5<\/td>\n<td>36,5<\/td>\n<td>38,5<\/td>\n<td>40,5<\/td>\n<td>42,5<\/td>\n<td>44,5<\/td>\n<td>46,5<\/td>\n<td>48,5<\/td>\n<td>50,5<\/td>\n<\/tr>\n<tr>\n<td>Po\u010det jisker<\/td>\n<td>24<\/td>\n<td>24<\/td>\n<td>24<\/td>\n<td>24<\/td>\n<td>24<\/td>\n<td>24<\/td>\n<td>24<\/td>\n<td>24<\/td>\n<td>24<\/td>\n<td>24<\/td>\n<\/tr>\n<\/tbody>\n<\/table>\n<p>Jednotliv\u00e9 jiskry maj\u00ed velikost 1\u00a0a jsou tedy zni\u010deny p\u0159i n\u00e1razu do zdi nebo do nep\u0159\u00edtele, tak\u017ee ka\u017ed\u00e1 m\u016f\u017ee zas\u00e1hnout pouze jeden c\u00edl. Nicm\u00e9n\u011b, jeden nep\u0159\u00edtel m\u016f\u017ee b\u00fdt zasa\u017een v\u00edce jiskrami najednou a d\u011bje se tak, p\u0159ev\u00e1\u017en\u011b, pokud jsou vykouzleny co nejbl\u00ed\u017e k\u00a0n\u011bmu.<\/p>\n<p>Jiskry se pohybuj\u00ed chaoticky sm\u011brem k\u00a0c\u00edli a s\u00a0v\u011bt\u0161\u00ed vzd\u00e1lenost\u00ed od m\u00edsta vy\u010darov\u00e1n\u00ed jsou od sebe v\u00edce rozpt\u00fdlen\u00e9.<\/p>\n<p>Od \u00farovn\u011b skillu 22\u00a0ji\u017e nelze vy\u010darovat v\u00edce jak 24\u00a0jisker.<\/p>\n<h3>V\u00fdpo\u010dty<\/h3>\n<ul>\n<li>Mana = 0,5 * slvl + 2,5<\/li>\n<li>Lightning DMG (zaokrouhleno dol\u016f):<\/li>\n<\/ul>\n<table>\n<thead>\n<tr>\n<th>\u00darove\u0148<\/th>\n<th>1\u20138<\/th>\n<th>9\u201316<\/th>\n<th>17\u201322<\/th>\n<th>23\u201327<\/th>\n<th>28\u201399<\/th>\n<\/tr>\n<\/thead>\n<tbody>\n<tr>\n<td style=\"width:100px\">Min Light DMG<\/td>\n<td>0,5*slvl+1,5<\/td>\n<td>0,5*slvl+1,5<\/td>\n<td>slvl-6,5<\/td>\n<td>1,5*slvl-17,5<\/td>\n<td>2*slvl-31,5<\/td>\n<\/tr>\n<tr>\n<td style=\"width:100px\">Max Light DMG<\/td>\n<td>0,5*slvl+3,5<\/td>\n<td>0,5*slvl+3,5<\/td>\n<td>slvl-4,5<\/td>\n<td>1,5*slvl-15,5<\/td>\n<td>2*slvl-29,5<\/td>\n<\/tr>\n<\/tbody>\n<\/table>\n<ul>\n<li>Po\u010det jisker = 2 + slvl, maximum = 24.<\/li>\n<\/ul>\n<p>(slvl = \u00farove\u0148 skillu)<\/p>\n<h3>V\u00fdskyt dovednosti<\/h3>\n<p>N\u011bkter\u00e9 p\u0159edm\u011bty poskytuj\u00ed bonus k\u00a0tomuto skillu:<\/p>\n<ul>\n<li>V\u0161echny p\u0159edm\u011bty typu <a href=\"https:\/\/www.diablofans.cz\/d2\/predmety-normal-sorceress-orbs\">Orb<\/a> a <a href=\"https:\/\/www.diablofans.cz\/d2\/predmety-normal-staves\">Staff<\/a> (ilvl&lt;25)\u00a0\u2013 +1\u20133 to Charged Bolt (Sorceress Only) (varies)<\/li>\n<li><a href=\"https:\/\/www.diablofans.cz\/d2\/predmety-unique-elite-armor\">Ormus&#8216; Robes Dusk Shroud<\/a>\u00a0\u2013 +3\u00a0to Charged Bolt (Sorceress\u00a0Only)<\/li>\n<\/ul>\n<p>N\u011bkter\u00e9 p\u0159edm\u011bty spou\u0161t\u00ed tento skill:<\/p>\n<ul>\n<li>Jak\u00fdkoliv magic\/rare\/crafted Amulet, brn\u011bn\u00ed nebo prsten se suffixem of Charged Bolt: 10% Chance to Cast Level 3\u00a0Charged Bolt When Struck (rlvl&gt;6)<\/li>\n<li>Jak\u00fdkoliv magic\/rare\/crafted Amulet, brn\u011bn\u00ed nebo prsten se suffixem of Charged Bolt: 12% Chance to Cast Level 4\u00a0Charged Bolt When Struck (rlvl&gt;16)<\/li>\n<li>Jak\u00fdkoliv magic\/rare\/crafted Amulet, brn\u011bn\u00ed nebo prsten se suffixem of Charged Bolt: 14% Chance to Cast Level 5\u00a0Charged Bolt When Struck (rlvl&gt;26)<\/li>\n<li><a href=\"https:\/\/www.diablofans.cz\/d2\/runova-slova-1-10#realmova\">Last Wish hammer\/sword\/axe<\/a>: 20% Chance to Cast Level 20\u00a0Charged Bolt On\u00a0Attack<\/li>\n<li><a href=\"https:\/\/www.diablofans.cz\/d2\/runova-slova-1-10\">Chaos claw<\/a>: 11% Chance to Cast Level 9\u00a0Charged Bolt On Striking<\/li>\n<li><a href=\"https:\/\/www.diablofans.cz\/d2\/predmety-unique-exceptional-axes\">Stormrider Tabar<\/a>: 10% Chance to Cast Level 13\u201320 Charged Bolt On Striking (varies)<\/li>\n<li><a href=\"https:\/\/www.diablofans.cz\/d2\/predmety-unique-exceptional-axes\">Stormrider Tabar<\/a>: 15% Chance to Cast Level 5\u00a0Charged Bolt When\u00a0Struck<\/li>\n<li><a href=\"https:\/\/www.diablofans.cz\/d2\/predmety-unique-elite-polearms\">Stormspirer Giant Thresher<\/a>: 20% Chance to Cast Level 2\u00a0Charged Bolt When\u00a0Struck<\/li>\n<li><a href=\"https:\/\/www.diablofans.cz\/d2\/predmety-unique-exceptional-daggers\">Stormspike Stiletto<\/a>: 25% Chance to Cast Level 3\u00a0Charged Bolt When\u00a0Struck<\/li>\n<li><a href=\"https:\/\/www.diablofans.cz\/d2\/predmety-setove-sady-immortal-king\">Immortal King&#8217;s\u00a0Forge War Gauntlets<\/a>: 12% Chance to Cast Level 4\u00a0Charged Bolt When\u00a0Struck<\/li>\n<\/ul>\n<p>Dovednost se vyskytuje i\u00a0na \u201enabit\u00fdch\u201c p\u0159edm\u011btech (Charges):<\/p>\n<ul>\n<li>V\u00fdskyt pouze na Magic, Rare, nebo Crafted p\u0159edm\u011btech typu Orb, Staff, Circlet, Hammer, Mace, Scepter a\u00a0Ring.<\/li>\n<li>\u00darovn\u011b: 1\u201310<\/li>\n<li>V\u00a0tabulk\u00e1ch je zn\u00e1zorn\u011bn minim\u00e1ln\u00ed po\u017eadavek na \u00farove\u0148 p\u0159edm\u011btu (ilvl) na \u00farove\u0148 skillu spole\u010dn\u011b s\u00a0po\u010dtem n\u00e1boj\u016f (Charges)<\/li>\n<li>Pro Orby a Staves plat\u00ed:<\/li>\n<\/ul>\n<table>\n<thead>\n<tr>\n<th>\u00darove\u0148 skillu<\/th>\n<th>1<\/th>\n<th>2<\/th>\n<th>3<\/th>\n<th>4<\/th>\n<th>5<\/th>\n<th>6<\/th>\n<th>7<\/th>\n<th>8<\/th>\n<th>9<\/th>\n<th>10<\/th>\n<\/tr>\n<\/thead>\n<tbody>\n<tr>\n<td>Minim\u00e1ln\u00ed ilvl<\/td>\n<td>10<\/td>\n<td>19<\/td>\n<td>28<\/td>\n<td>37<\/td>\n<td>46<\/td>\n<td>55<\/td>\n<td>64<\/td>\n<td>73<\/td>\n<td>82<\/td>\n<td>91<\/td>\n<\/tr>\n<tr>\n<td>Po\u010det Charges<\/td>\n<td>33<\/td>\n<td>37<\/td>\n<td>41<\/td>\n<td>45<\/td>\n<td>48<\/td>\n<td>52<\/td>\n<td>56<\/td>\n<td>60<\/td>\n<td>63<\/td>\n<td>67<\/td>\n<\/tr>\n<\/tbody>\n<\/table>\n<ul>\n<li>Pro Circlet, Hammer, Mace, Scepter a Ring plat\u00ed:<\/li>\n<\/ul>\n<table>\n<thead>\n<tr>\n<th>\u00darove\u0148 skillu<\/th>\n<th>1<\/th>\n<th>2<\/th>\n<th>3<\/th>\n<th>4<\/th>\n<th>5<\/th>\n<th>6<\/th>\n<\/tr>\n<\/thead>\n<tbody>\n<tr>\n<td>Minim\u00e1ln\u00ed ilvl<\/td>\n<td>17<\/td>\n<td>33<\/td>\n<td>49<\/td>\n<td>65<\/td>\n<td>81<\/td>\n<td>97<\/td>\n<\/tr>\n<tr>\n<td>Po\u010det Charges<\/td>\n<td>22<\/td>\n<td>25<\/td>\n<td>27<\/td>\n<td>30<\/td>\n<td>32<\/td>\n<td>35<\/td>\n<\/tr>\n<\/tbody>\n<\/table>\n<hr \/>\n<p><em>\u010carod\u011bjka dovede vytvo\u0159it nabit\u00edm iont\u016f v\u00a0prostoru, kter\u00fd ji obklopuje, jiskry elektrick\u00e9 energie. Ty se zm\u011bn\u00ed ve st\u0159ely \u0161\u00ed\u0159\u00edc\u00ed se nahodile, av\u0161ak respektuj\u00ed p\u016fvodn\u00ed sm\u011br. Bleskov\u00e9 v\u00fdboje dol\u00e9tnou k\u00a0jej\u00edm nep\u0159\u00e1tel\u016fm a u\u0161t\u011bd\u0159\u00ed jim m\u00edrn\u00fd\u00a0\u0161ok.<\/em><\/p>\n<p style=\"text-align:center\">&#8212;\u00a0\u2014 &#8212;\u00a0\u2014 &#8212;\u00a0\u2014 &#8212;\u00a0\u2014 &#8212;\u00a0\u2014 &#8212;\u00a0\u2014 &#8212;\u00a0\u2014 &#8212;\u00a0\u2014 &#8212;\u00a0\u2014 &#8212;\u00a0\u2014 &#8212;\u00a0\u2014\u00a0&#8212;<\/p>\n<p style=\"text-align:center\"><a href=\"https:\/\/www.diablofans.cz\/d2\/herni-postavy-sorceress-skilly-lightning-spells\">\u00ab Zp\u011bt do sekce Hern\u00ed postavy\u00a0\u2013 Sorceress\u00a0\u2013 Skilly\u00a0\u2013 Lightning\u00a0Spells<\/a><\/p>\n<\/p><\/div>\n<p> <!-- by Texy2! --><\/p>\n","protected":false},"excerpt":{"rendered":"<p>Sorceress\u00a0\u2013 Cold Spells\u00a0\u2013 Lightning Spells\u00a0\u2013 Fire\u00a0Spells Charged Bolt Static Field Telekinesis Nova Lightning Chain Lightning Teleport Thunder Storm Energy Shield Lightning Mastery Charged Bolt Pot\u0159ebn\u00fd level: 1 Pot\u0159ebn\u00e9 skilly: \u017e\u00e1dn\u00e9 Typ: Mnohon\u00e1sobn\u00fd bleskov\u00fd v\u00fdst\u0159el Lev\u00e9 tla\u010d\u00edtko: Ano Charged Bolt dost\u00e1v\u00e1 synergick\u00e9 bonusy ze skill\u016f: Lightning: +6% k\u00a0bleskov\u00fdm \u0161kod\u00e1m za level T\u00edmto kouzlem \u010darod\u011bjka uvoln\u00ed sm\u011brem [&#8230;]<\/p>\n<p><a class=\"btn btn-secondary understrap-read-more-link\" href=\"https:\/\/www.diablofans.cz\/d2\/herni-postavy-sorceress-skilly-lightning-spells-charged-bolt\/\">\u010c\u00edst d\u00e1le&#8230;<span class=\"screen-reader-text\"> from Sorceress &#8211; Skilly &#8211; Lightning Spells &#8211; Charged Bolt<\/span><\/a><\/p>\n","protected":false},"author":1,"featured_media":0,"parent":0,"menu_order":0,"comment_status":"open","ping_status":"open","template":"","meta":{"footnotes":""},"class_list":["post-3273","page","type-page","status-publish","hentry"],"_links":{"self":[{"href":"https:\/\/www.diablofans.cz\/d2\/wp-json\/wp\/v2\/pages\/3273","targetHints":{"allow":["GET"]}}],"collection":[{"href":"https:\/\/www.diablofans.cz\/d2\/wp-json\/wp\/v2\/pages"}],"about":[{"href":"https:\/\/www.diablofans.cz\/d2\/wp-json\/wp\/v2\/types\/page"}],"author":[{"embeddable":true,"href":"https:\/\/www.diablofans.cz\/d2\/wp-json\/wp\/v2\/users\/1"}],"replies":[{"embeddable":true,"href":"https:\/\/www.diablofans.cz\/d2\/wp-json\/wp\/v2\/comments?post=3273"}],"version-history":[{"count":0,"href":"https:\/\/www.diablofans.cz\/d2\/wp-json\/wp\/v2\/pages\/3273\/revisions"}],"wp:attachment":[{"href":"https:\/\/www.diablofans.cz\/d2\/wp-json\/wp\/v2\/media?parent=3273"}],"curies":[{"name":"wp","href":"https:\/\/api.w.org\/{rel}","templated":true}]}}