{"id":3275,"date":"2018-08-25T22:08:55","date_gmt":"2018-08-25T20:08:55","guid":{"rendered":"http:\/\/diablofans.ddev.site\/d2\/herni-postavy-sorceress-skilly-lightning-spells-telekinesis\/"},"modified":"2018-08-25T22:08:55","modified_gmt":"2018-08-25T20:08:55","slug":"herni-postavy-sorceress-skilly-lightning-spells-telekinesis","status":"publish","type":"page","link":"https:\/\/www.diablofans.cz\/d2\/herni-postavy-sorceress-skilly-lightning-spells-telekinesis\/","title":{"rendered":"Sorceress &#8211; Skilly &#8211; Lightning Spells &#8211; Telekinesis"},"content":{"rendered":"\n<div class=\"skilly\">\n<p style=\"text-align:center\"><a href=\"https:\/\/www.diablofans.cz\/d2\/herni-postavy-assassin\">Sorceress<\/a>\u00a0\u2013 <a href=\"https:\/\/www.diablofans.cz\/d2\/herni-postavy-sorceress-skilly-cold-spells\">Cold Spells<\/a>\u00a0\u2013 <strong><a href=\"https:\/\/www.diablofans.cz\/d2\/herni-postavy-sorceress-skilly-lightning-spells\">Lightning Spells<\/a><\/strong>\u00a0\u2013 <a href=\"https:\/\/www.diablofans.cz\/d2\/herni-postavy-sorceress-skilly-fire-spells\">Fire\u00a0Spells<\/a><\/p>\n<div style=\"float: right; width: 150px; \">\n<table>\n<tbody>\n<tr>\n<td><a href=\"https:\/\/www.diablofans.cz\/d2\/herni-postavy-sorceress-skilly-lightning-spells-charged-bolt\">Charged Bolt<\/a><\/td>\n<\/tr>\n<tr>\n<td><a href=\"https:\/\/www.diablofans.cz\/d2\/herni-postavy-sorceress-skilly-lightning-spells-static-field\">Static Field<\/a><\/td>\n<\/tr>\n<tr>\n<td><strong><a href=\"https:\/\/www.diablofans.cz\/d2\/herni-postavy-sorceress-skilly-lightning-spells-telekinesis\">Telekinesis<\/a><\/strong><\/td>\n<\/tr>\n<tr>\n<td><a href=\"https:\/\/www.diablofans.cz\/d2\/herni-postavy-sorceress-skilly-lightning-spells-nova\">Nova<\/a><\/td>\n<\/tr>\n<tr>\n<td><a href=\"https:\/\/www.diablofans.cz\/d2\/herni-postavy-sorceress-skilly-lightning-spells-lightning\">Lightning<\/a><\/td>\n<\/tr>\n<tr>\n<td><a href=\"https:\/\/www.diablofans.cz\/d2\/herni-postavy-sorceress-skilly-lightning-spells-chain-lightning\">Chain Lightning<\/a><\/td>\n<\/tr>\n<tr>\n<td><a href=\"https:\/\/www.diablofans.cz\/d2\/herni-postavy-sorceress-skilly-lightning-spells-teleport\">Teleport<\/a><\/td>\n<\/tr>\n<tr>\n<td><a href=\"https:\/\/www.diablofans.cz\/d2\/herni-postavy-sorceress-skilly-lightning-spells-thunder-storm\">Thunder Storm<\/a><\/td>\n<\/tr>\n<tr>\n<td><a href=\"https:\/\/www.diablofans.cz\/d2\/herni-postavy-sorceress-skilly-lightning-spells-energy-shield\">Energy Shield<\/a><\/td>\n<\/tr>\n<tr>\n<td><a href=\"https:\/\/www.diablofans.cz\/d2\/herni-postavy-sorceress-skilly-lightning-spells-lightning-mastery\">Lightning Mastery<\/a><\/td>\n<\/tr>\n<\/tbody>\n<\/table><\/div>\n<h3 style=\"clear:none\">Telekinesis<\/h3>\n<div><img loading=\"lazy\" decoding=\"async\" src=\"https:\/\/www.diablofans.cz\/d2\/wp-content\/uploads\/2018\/08\/telekinesis.jpg\" alt=\"Telekinesis\" class=\"img-left\" width=\"48\" height=\"48\" \/><\/div>\n<ul>\n<li>Pot\u0159ebn\u00fd level: 6<\/li>\n<li>Pot\u0159ebn\u00e9 skilly: \u017e\u00e1dn\u00e9<\/li>\n<li>Typ: \u00datok na d\u00e1lku se sra\u017een\u00edm a jin\u00e9 funkce<\/li>\n<li>Lev\u00e9 tla\u010d\u00edtko: Ne<\/li>\n<\/ul>\n<p>Telekineze umo\u017e\u0148uje \u010darod\u011bjce p\u0159edev\u0161\u00edm sb\u00edrat p\u0159edm\u011bty nebo otev\u00edrat truhly, barely a bedny. D\u00edky t\u00e9to dovednosti to m\u016f\u017ee prov\u00e1d\u011bt z\u00a0bezpe\u010dn\u00e9 vzd\u00e1lenosti, pokud v\u00a0cest\u011b stoj\u00ed nebezpe\u010dn\u00fd boss, kter\u00e9mu je lep\u0161\u00ed se vyhnout. Kdy\u017e jde do tuh\u00e9ho, lze telekinezi pou\u017e\u00edt i\u00a0jako zbra\u0148. Neud\u011bl\u00ed sice t\u00e9m\u011b\u0159 \u017e\u00e1dn\u00e9 \u0161kody, ale po\u0161le <a href=\"https:\/\/www.diablofans.cz\/d2\/vlastnosti-knockback\">knockbackem<\/a> nep\u0159\u00edtele o\u00a0p\u00e1r yard\u016f d\u00e1le od sesilatelky.<\/p>\n<p>V\u00a0praxi je v\u0161ak tento skill nejv\u00edce cen\u011bn jako synergie k\u00a0<a href=\"https:\/\/www.diablofans.cz\/d2\/herni-postavy-sorceress-skilly-lightning-spells-energy-shield\">Energy Shield<\/a>.<\/p>\n<h3>Tabulka<\/h3>\n<ul>\n<li>\u0160ance na knockback = 35%<\/li>\n<li>Dosah = 16,6\u00a0yard\u016f<\/li>\n<\/ul>\n<table>\n<thead>\n<tr>\n<th style=\"width:100px\">\u00darovn\u011b<\/th>\n<th style=\"width:40px\">1<\/th>\n<th style=\"width:40px\">2<\/th>\n<th style=\"width:40px\">3<\/th>\n<th style=\"width:40px\">4<\/th>\n<th style=\"width:40px\">5<\/th>\n<th style=\"width:40px\">6<\/th>\n<th style=\"width:40px\">7<\/th>\n<th style=\"width:40px\">8<\/th>\n<th style=\"width:40px\">9<\/th>\n<th style=\"width:40px\">10<\/th>\n<\/tr>\n<\/thead>\n<tbody>\n<tr>\n<td>Lightning DMG<\/td>\n<td>1\u20132<\/td>\n<td>2\u20133<\/td>\n<td>3\u20134<\/td>\n<td>4\u20135<\/td>\n<td>5\u20136<\/td>\n<td>6\u20137<\/td>\n<td>7\u20138<\/td>\n<td>8\u20139<\/td>\n<td>9\u201310<\/td>\n<td>10\u201311<\/td>\n<\/tr>\n<tr>\n<th>\u00darovn\u011b<\/th>\n<th>11<\/th>\n<th>12<\/th>\n<th>13<\/th>\n<th>14<\/th>\n<th>15<\/th>\n<th>16<\/th>\n<th>17<\/th>\n<th>18<\/th>\n<th>19<\/th>\n<th>20<\/th>\n<\/tr>\n<tr>\n<td>Lightning DMG<\/td>\n<td>11\u201312<\/td>\n<td>12\u201313<\/td>\n<td>13\u201314<\/td>\n<td>14\u201315<\/td>\n<td>15\u201316<\/td>\n<td>16\u201317<\/td>\n<td>17\u201318<\/td>\n<td>18\u201319<\/td>\n<td>19\u201320<\/td>\n<td>20\u201321<\/td>\n<\/tr>\n<\/tbody>\n<\/table>\n<table>\n<thead>\n<tr>\n<th style=\"width:100px\">\u00darovn\u011b<\/th>\n<th style=\"width:40px\">21<\/th>\n<th style=\"width:40px\">22<\/th>\n<th style=\"width:40px\">23<\/th>\n<th style=\"width:40px\">24<\/th>\n<th style=\"width:40px\">25<\/th>\n<th style=\"width:40px\">26<\/th>\n<th style=\"width:40px\">27<\/th>\n<th style=\"width:40px\">28<\/th>\n<th style=\"width:40px\">29<\/th>\n<th style=\"width:40px\">30<\/th>\n<\/tr>\n<\/thead>\n<tbody>\n<tr>\n<td>Lightning DMG<\/td>\n<td>21\u201322<\/td>\n<td>22\u201323<\/td>\n<td>23\u201324<\/td>\n<td>24\u201325<\/td>\n<td>25\u201326<\/td>\n<td>26\u201327<\/td>\n<td>27\u201328<\/td>\n<td>28\u201329<\/td>\n<td>29\u201330<\/td>\n<td>30\u201331<\/td>\n<\/tr>\n<tr>\n<th>\u00darovn\u011b<\/th>\n<th>31<\/th>\n<th>32<\/th>\n<th>33<\/th>\n<th>34<\/th>\n<th>35<\/th>\n<th>36<\/th>\n<th>37<\/th>\n<th>38<\/th>\n<th>39<\/th>\n<th>40<\/th>\n<\/tr>\n<tr>\n<td>Lightning DMG<\/td>\n<td>31\u201332<\/td>\n<td>32\u201333<\/td>\n<td>33\u201334<\/td>\n<td>34\u201335<\/td>\n<td>35\u201336<\/td>\n<td>36\u201337<\/td>\n<td>37\u201338<\/td>\n<td>38\u201339<\/td>\n<td>39\u201340<\/td>\n<td>40\u201341<\/td>\n<\/tr>\n<\/tbody>\n<\/table>\n<p>\u0160kody bleskem a 35% \u0161ance na sra\u017een\u00ed k\u00a0zemi funguj\u00ed na jak\u00e9hokoliv nep\u0159\u00edtele vybran\u00e9ho v\u00a0polom\u011bru dosahu. C\u00edl mus\u00ed b\u00fdt p\u0159esn\u011b zam\u011b\u0159en.<\/p>\n<p>Pomoc\u00ed tohoto skillu lze na d\u00e1lku sebrat zlato, lahvi\u010dky, kl\u00ed\u010de, \u0161\u00edpy, \u0161ipky a svitky.<\/p>\n<p>Lze na d\u00e1lku otev\u0159\u00edt, zni\u010dit nebo pou\u017e\u00edt nejr\u016fzn\u011bj\u0161\u00ed dve\u0159e, poklopy, truhly, barely, bedny, atd. Lze dokonce zam\u011b\u0159it i\u00a0truhlu ve m\u011bst\u011b. Podobn\u011b m\u016f\u017ee \u010darod\u011bjka aktivovat waypoint, svatyni (shrine), teleporty v\u00a0Arcane Sanctuary a pasti, jako nap\u0159. Evil urny nebo pe\u010det\u011b v\u00a0Chaos Sanctuary.<\/p>\n<p>M\u011bstsk\u00e9 port\u00e1ly lze t\u00edmto skillem na d\u00e1lku pou\u017e\u00edt pouze, pokud jste ve m\u011bst\u011b. \u010cerven\u00fd port\u00e1l do Tristramu lze pou\u017e\u00edt telekinez\u00ed pouze ze strany Tristramu\u00a0apod.<\/p>\n<h3>V\u00fdpo\u010dty<\/h3>\n<ul>\n<li>Min Lightning DMG = slvl<\/li>\n<li>Max Lightning DMG = slvl + 1<\/li>\n<\/ul>\n<p>(slvl = \u00farove\u0148 skillu)<\/p>\n<h3>V\u00fdskyt dovednosti<\/h3>\n<p>N\u011bkter\u00e9 p\u0159edm\u011bty poskytuj\u00ed bonus k\u00a0tomuto skillu:<\/p>\n<ul>\n<li>V\u0161echny p\u0159edm\u011bty typu <a href=\"https:\/\/www.diablofans.cz\/d2\/predmety-normal-sorceress-orbs\">Orb<\/a> a <a href=\"https:\/\/www.diablofans.cz\/d2\/predmety-normal-staves\">Staff<\/a> (ilvl&lt;37)\u00a0\u2013 +1\u20133 to Telekinesis (Sorceress Only) (varies)<\/li>\n<li><a href=\"https:\/\/www.diablofans.cz\/d2\/predmety-unique-elite-armor\">Ormus&#8216; Robes Dusk Shroud<\/a>\u00a0\u2013 +3\u00a0to Telekinesis (Sorceress\u00a0Only)<\/li>\n<li><a href=\"https:\/\/www.diablofans.cz\/d2\/predmety-unique-exceptional-staves\">Warpspear Gothic Staff<\/a>\u00a0\u2013 +3\u00a0to Telekinesis (Sorceress\u00a0Only)<\/li>\n<\/ul>\n<p>Dovednost se vyskytuje i\u00a0na \u201enabit\u00fdch\u201c p\u0159edm\u011btech (Charges):<\/p>\n<ul>\n<li>V\u00fdskyt pouze na Magic, Rare, nebo Crafted p\u0159edm\u011btech typu Orb, Staff, Circlet, Hammer, Mace, Scepter a\u00a0Ring.<\/li>\n<li>\u00darovn\u011b: 1\u20138<\/li>\n<li>V\u00a0tabulk\u00e1ch je zn\u00e1zorn\u011bn minim\u00e1ln\u00ed po\u017eadavek na \u00farove\u0148 p\u0159edm\u011btu (ilvl) na \u00farove\u0148 skillu spole\u010dn\u011b s\u00a0po\u010dtem n\u00e1boj\u016f (Charges)<\/li>\n<li>Pro Orby a Staves plat\u00ed:<\/li>\n<\/ul>\n<table>\n<thead>\n<tr>\n<th>\u00darove\u0148 skillu<\/th>\n<th>1<\/th>\n<th>2<\/th>\n<th>3<\/th>\n<th>4<\/th>\n<th>5<\/th>\n<th>6<\/th>\n<th>7<\/th>\n<th>8<\/th>\n<\/tr>\n<\/thead>\n<tbody>\n<tr>\n<td>Minim\u00e1ln\u00ed ilvl<\/td>\n<td>17<\/td>\n<td>28<\/td>\n<td>39<\/td>\n<td>50<\/td>\n<td>61<\/td>\n<td>72<\/td>\n<td>83<\/td>\n<td>94<\/td>\n<\/tr>\n<tr>\n<td>Po\u010det Charges<\/td>\n<td>33<\/td>\n<td>37<\/td>\n<td>41<\/td>\n<td>45<\/td>\n<td>48<\/td>\n<td>52<\/td>\n<td>56<\/td>\n<td>60<\/td>\n<\/tr>\n<\/tbody>\n<\/table>\n<ul>\n<li>Pro Circlet, Hammer, Mace, Scepter a Ring plat\u00ed:<\/li>\n<\/ul>\n<table>\n<thead>\n<tr>\n<th>\u00darove\u0148 skillu<\/th>\n<th>1<\/th>\n<th>2<\/th>\n<th>3<\/th>\n<th>4<\/th>\n<th>5<\/th>\n<\/tr>\n<\/thead>\n<tbody>\n<tr>\n<td>Minim\u00e1ln\u00ed ilvl<\/td>\n<td>24<\/td>\n<td>42<\/td>\n<td>60<\/td>\n<td>76<\/td>\n<td>92<\/td>\n<\/tr>\n<tr>\n<td>Po\u010det Charges<\/td>\n<td>22<\/td>\n<td>25<\/td>\n<td>27<\/td>\n<td>30<\/td>\n<td>32<\/td>\n<\/tr>\n<\/tbody>\n<\/table>\n<hr \/>\n<p><em>Touto dovednost\u00ed m\u016f\u017ee \u010darod\u011bjka pouhou my\u0161lenkou manipulovat s\u00a0p\u0159edm\u011bty mimo dosah jej\u00edch rukou. To prov\u00e1d\u00ed o\u010darov\u00e1n\u00edm \u00e9teru prostupuj\u00edc\u00edho cel\u00fd sv\u011bt. Je schopn\u00e1 i\u00a0my\u0161lenkou za\u00fato\u010dit na nep\u0159\u00edtele a srazit ho k\u00a0zemi. Telekineze je u\u017eite\u010dn\u00e1 pro mazan\u00e9 \u010darod\u011bjky, schopn\u00e9 rychl\u00e9ho \u00fasudku, aby dok\u00e1zaly vyu\u017e\u00edt v\u0161echny p\u0159\u00edle\u017eitosti, kter\u00e9 tato dovednost nab\u00edz\u00ed.<\/em><\/p>\n<p style=\"text-align:center\">&#8212;\u00a0\u2014 &#8212;\u00a0\u2014 &#8212;\u00a0\u2014 &#8212;\u00a0\u2014 &#8212;\u00a0\u2014 &#8212;\u00a0\u2014 &#8212;\u00a0\u2014 &#8212;\u00a0\u2014 &#8212;\u00a0\u2014 &#8212;\u00a0\u2014 &#8212;\u00a0\u2014\u00a0&#8212;<\/p>\n<p style=\"text-align:center\"><a href=\"https:\/\/www.diablofans.cz\/d2\/herni-postavy-sorceress-skilly-lightning-spells\">\u00ab Zp\u011bt do sekce Hern\u00ed postavy\u00a0\u2013 Sorceress\u00a0\u2013 Skilly\u00a0\u2013 Lightning\u00a0Spells<\/a><\/p>\n<\/p><\/div>\n<p> <!-- by Texy2! --><\/p>\n","protected":false},"excerpt":{"rendered":"<p>Sorceress\u00a0\u2013 Cold Spells\u00a0\u2013 Lightning Spells\u00a0\u2013 Fire\u00a0Spells Charged Bolt Static Field Telekinesis Nova Lightning Chain Lightning Teleport Thunder Storm Energy Shield Lightning Mastery Telekinesis Pot\u0159ebn\u00fd level: 6 Pot\u0159ebn\u00e9 skilly: \u017e\u00e1dn\u00e9 Typ: \u00datok na d\u00e1lku se sra\u017een\u00edm a jin\u00e9 funkce Lev\u00e9 tla\u010d\u00edtko: Ne Telekineze umo\u017e\u0148uje \u010darod\u011bjce p\u0159edev\u0161\u00edm sb\u00edrat p\u0159edm\u011bty nebo otev\u00edrat truhly, barely a bedny. D\u00edky t\u00e9to [&#8230;]<\/p>\n<p><a class=\"btn btn-secondary understrap-read-more-link\" href=\"https:\/\/www.diablofans.cz\/d2\/herni-postavy-sorceress-skilly-lightning-spells-telekinesis\/\">\u010c\u00edst d\u00e1le&#8230;<span class=\"screen-reader-text\"> from Sorceress &#8211; Skilly &#8211; Lightning Spells &#8211; Telekinesis<\/span><\/a><\/p>\n","protected":false},"author":1,"featured_media":0,"parent":0,"menu_order":0,"comment_status":"open","ping_status":"open","template":"","meta":{"footnotes":""},"class_list":["post-3275","page","type-page","status-publish","hentry"],"_links":{"self":[{"href":"https:\/\/www.diablofans.cz\/d2\/wp-json\/wp\/v2\/pages\/3275","targetHints":{"allow":["GET"]}}],"collection":[{"href":"https:\/\/www.diablofans.cz\/d2\/wp-json\/wp\/v2\/pages"}],"about":[{"href":"https:\/\/www.diablofans.cz\/d2\/wp-json\/wp\/v2\/types\/page"}],"author":[{"embeddable":true,"href":"https:\/\/www.diablofans.cz\/d2\/wp-json\/wp\/v2\/users\/1"}],"replies":[{"embeddable":true,"href":"https:\/\/www.diablofans.cz\/d2\/wp-json\/wp\/v2\/comments?post=3275"}],"version-history":[{"count":0,"href":"https:\/\/www.diablofans.cz\/d2\/wp-json\/wp\/v2\/pages\/3275\/revisions"}],"wp:attachment":[{"href":"https:\/\/www.diablofans.cz\/d2\/wp-json\/wp\/v2\/media?parent=3275"}],"curies":[{"name":"wp","href":"https:\/\/api.w.org\/{rel}","templated":true}]}}