{"id":3277,"date":"2018-08-25T22:08:55","date_gmt":"2018-08-25T20:08:55","guid":{"rendered":"http:\/\/diablofans.ddev.site\/d2\/herni-postavy-sorceress-skilly-lightning-spells-lightning\/"},"modified":"2018-08-25T22:08:55","modified_gmt":"2018-08-25T20:08:55","slug":"herni-postavy-sorceress-skilly-lightning-spells-lightning","status":"publish","type":"page","link":"https:\/\/www.diablofans.cz\/d2\/herni-postavy-sorceress-skilly-lightning-spells-lightning\/","title":{"rendered":"Sorceress &#8211; Skilly &#8211; Lightning Spells &#8211; Lightning"},"content":{"rendered":"\n<div class=\"skilly\">\n<p style=\"text-align:center\"><a href=\"https:\/\/www.diablofans.cz\/d2\/herni-postavy-assassin\">Sorceress<\/a>\u00a0\u2013 <a href=\"https:\/\/www.diablofans.cz\/d2\/herni-postavy-sorceress-skilly-cold-spells\">Cold Spells<\/a>\u00a0\u2013 <strong><a href=\"https:\/\/www.diablofans.cz\/d2\/herni-postavy-sorceress-skilly-lightning-spells\">Lightning Spells<\/a><\/strong>\u00a0\u2013 <a href=\"https:\/\/www.diablofans.cz\/d2\/herni-postavy-sorceress-skilly-fire-spells\">Fire\u00a0Spells<\/a><\/p>\n<div style=\"float: right; width: 150px; \">\n<table>\n<tbody>\n<tr>\n<td><a href=\"https:\/\/www.diablofans.cz\/d2\/herni-postavy-sorceress-skilly-lightning-spells-charged-bolt\">Charged Bolt<\/a><\/td>\n<\/tr>\n<tr>\n<td><a href=\"https:\/\/www.diablofans.cz\/d2\/herni-postavy-sorceress-skilly-lightning-spells-static-field\">Static Field<\/a><\/td>\n<\/tr>\n<tr>\n<td><a href=\"https:\/\/www.diablofans.cz\/d2\/herni-postavy-sorceress-skilly-lightning-spells-telekinesis\">Telekinesis<\/a><\/td>\n<\/tr>\n<tr>\n<td><a href=\"https:\/\/www.diablofans.cz\/d2\/herni-postavy-sorceress-skilly-lightning-spells-nova\">Nova<\/a><\/td>\n<\/tr>\n<tr>\n<td><strong><a href=\"https:\/\/www.diablofans.cz\/d2\/herni-postavy-sorceress-skilly-lightning-spells-lightning\">Lightning<\/a><\/strong><\/td>\n<\/tr>\n<tr>\n<td><a href=\"https:\/\/www.diablofans.cz\/d2\/herni-postavy-sorceress-skilly-lightning-spells-chain-lightning\">Chain Lightning<\/a><\/td>\n<\/tr>\n<tr>\n<td><a href=\"https:\/\/www.diablofans.cz\/d2\/herni-postavy-sorceress-skilly-lightning-spells-teleport\">Teleport<\/a><\/td>\n<\/tr>\n<tr>\n<td><a href=\"https:\/\/www.diablofans.cz\/d2\/herni-postavy-sorceress-skilly-lightning-spells-thunder-storm\">Thunder Storm<\/a><\/td>\n<\/tr>\n<tr>\n<td><a href=\"https:\/\/www.diablofans.cz\/d2\/herni-postavy-sorceress-skilly-lightning-spells-energy-shield\">Energy Shield<\/a><\/td>\n<\/tr>\n<tr>\n<td><a href=\"https:\/\/www.diablofans.cz\/d2\/herni-postavy-sorceress-skilly-lightning-spells-lightning-mastery\">Lightning Mastery<\/a><\/td>\n<\/tr>\n<\/tbody>\n<\/table><\/div>\n<h3 style=\"clear:none\">Lightning<\/h3>\n<div><img loading=\"lazy\" decoding=\"async\" src=\"https:\/\/www.diablofans.cz\/d2\/wp-content\/uploads\/2018\/08\/lightning.jpg\" alt=\"Lightning\" class=\"img-left\" width=\"48\" height=\"48\" \/><\/div>\n<ul>\n<li>Pot\u0159ebn\u00fd level: 12<\/li>\n<li>Pot\u0159ebn\u00e9 skilly: <a href=\"https:\/\/www.diablofans.cz\/d2\/herni-postavy-sorceress-skilly-lightning-spells-charged-bolt\">Charged Bolt<\/a><\/li>\n<li>Typ: P\u0159\u00edm\u00fd bleskov\u00fd v\u00fdst\u0159el<\/li>\n<li>Lev\u00e9 tla\u010d\u00edtko: Ano<\/li>\n<\/ul>\n<p class=\"zelena\">Lightning dost\u00e1v\u00e1 synergick\u00e9 bonusy ze skill\u016f:<\/p>\n<ul>\n<li><a href=\"https:\/\/www.diablofans.cz\/d2\/herni-postavy-sorceress-skilly-lightning-spells-charged-bolt\">Charged Bolt<\/a>: +8% k\u00a0bleskov\u00fdm \u0161kod\u00e1m za level<\/li>\n<li><a href=\"https:\/\/www.diablofans.cz\/d2\/herni-postavy-sorceress-skilly-lightning-spells-nova\">Nova<\/a>: +8% k\u00a0bleskov\u00fdm \u0161kod\u00e1m za level<\/li>\n<li><a href=\"https:\/\/www.diablofans.cz\/d2\/herni-postavy-sorceress-skilly-lightning-spells-chain-lightning\">Chain Lightning<\/a>: +8% k\u00a0bleskov\u00fdm \u0161kod\u00e1m za\u00a0level<\/li>\n<\/ul>\n<p>\u010carod\u011bjka m\u016f\u017ee vy\u010darovat blesk, kter\u00fd proch\u00e1z\u00ed rovn\u011b sm\u011brem od n\u00ed v\u0161emi c\u00edli a ka\u017ed\u00e9mu u\u0161t\u011bd\u0159uje nezanedbatelnou m\u00edru poran\u011bn\u00ed. Pokud nep\u0159\u00e1tel\u00e9 utvo\u0159ili t\u011bsn\u00fd hlou\u010dek, je tato schopnost smrt\u00edc\u00ed, zvl\u00e1\u0161t\u011b pokud je podpo\u0159ena mistrovstv\u00edm blesku a synergiemi.<\/p>\n<p>Tento skill vyu\u017e\u00edv\u00e1 i\u00a0bleskov\u00fd <a href=\"https:\/\/www.diablofans.cz\/d2\/zoldaci#ironwolf\">Iron Wolf<\/a> a mnoh\u00e9 \u010daruj\u00edc\u00ed nestv\u016fry jako <a href=\"https:\/\/www.diablofans.cz\/d2\/bestiar-2-akt#lightningspire\">Lightning Spire<\/a>, <a href=\"https:\/\/www.diablofans.cz\/d2\/bestiar-3-akt#willowisp\">Willowisp<\/a> a <a href=\"https:\/\/www.diablofans.cz\/d2\/bestiar-3-akt#zakarumpriest\">Zakarum Priest<\/a>. Z\u00a0boss\u016f tuto schopnost ovl\u00e1d\u00e1 <a href=\"https:\/\/www.diablofans.cz\/d2\/akt-bossove-mephisto\">Mephisto<\/a> i\u00a0jeho <a href=\"https:\/\/www.diablofans.cz\/d2\/uberbossove-mephisto\">\u00fcber verze<\/a>.<\/p>\n<h3>Tabulka<\/h3>\n<table>\n<thead>\n<tr>\n<th style=\"width:100px\">\u00darovn\u011b<\/th>\n<th style=\"width:40px\">1<\/th>\n<th style=\"width:40px\">2<\/th>\n<th style=\"width:40px\">3<\/th>\n<th style=\"width:40px\">4<\/th>\n<th style=\"width:40px\">5<\/th>\n<th style=\"width:40px\">6<\/th>\n<th style=\"width:40px\">7<\/th>\n<th style=\"width:40px\">8<\/th>\n<th style=\"width:40px\">9<\/th>\n<th style=\"width:40px\">10<\/th>\n<\/tr>\n<\/thead>\n<tbody>\n<tr>\n<td>Mana<\/td>\n<td>8<\/td>\n<td>8,5<\/td>\n<td>9<\/td>\n<td>9,5<\/td>\n<td>10<\/td>\n<td>10,5<\/td>\n<td>11<\/td>\n<td>11,5<\/td>\n<td>12<\/td>\n<td>12,5<\/td>\n<\/tr>\n<tr>\n<td rowspan=\"2\">Lightning DMG<\/td>\n<td>1<\/td>\n<td>1<\/td>\n<td>1<\/td>\n<td>1<\/td>\n<td>1<\/td>\n<td>1<\/td>\n<td>1<\/td>\n<td>1<\/td>\n<td>1<\/td>\n<td>1<\/td>\n<\/tr>\n<tr>\n<td>40<\/td>\n<td>48<\/td>\n<td>56<\/td>\n<td>64<\/td>\n<td>72<\/td>\n<td>80<\/td>\n<td>88<\/td>\n<td>96<\/td>\n<td>108<\/td>\n<td>120<\/td>\n<\/tr>\n<tr>\n<th>\u00darovn\u011b<\/th>\n<th>11<\/th>\n<th>12<\/th>\n<th>13<\/th>\n<th>14<\/th>\n<th>15<\/th>\n<th>16<\/th>\n<th>17<\/th>\n<th>18<\/th>\n<th>19<\/th>\n<th>20<\/th>\n<\/tr>\n<tr>\n<td>Mana<\/td>\n<td>13<\/td>\n<td>13,5<\/td>\n<td>14<\/td>\n<td>14,5<\/td>\n<td>15<\/td>\n<td>15,5<\/td>\n<td>16<\/td>\n<td>16,5<\/td>\n<td>17<\/td>\n<td>17,5<\/td>\n<\/tr>\n<tr>\n<td rowspan=\"2\">Lightning DMG<\/td>\n<td>1<\/td>\n<td>1<\/td>\n<td>1<\/td>\n<td>1<\/td>\n<td>1<\/td>\n<td>1<\/td>\n<td>1<\/td>\n<td>1<\/td>\n<td>1<\/td>\n<td>1<\/td>\n<\/tr>\n<tr>\n<td>132<\/td>\n<td>144<\/td>\n<td>156<\/td>\n<td>168<\/td>\n<td>180<\/td>\n<td>192<\/td>\n<td>212<\/td>\n<td>232<\/td>\n<td>252<\/td>\n<td>272<\/td>\n<\/tr>\n<\/tbody>\n<\/table>\n<table>\n<thead>\n<tr>\n<th style=\"width:100px\">\u00darovn\u011b<\/th>\n<th style=\"width:40px\">21<\/th>\n<th style=\"width:40px\">22<\/th>\n<th style=\"width:40px\">23<\/th>\n<th style=\"width:40px\">24<\/th>\n<th style=\"width:40px\">25<\/th>\n<th style=\"width:40px\">26<\/th>\n<th style=\"width:40px\">27<\/th>\n<th style=\"width:40px\">28<\/th>\n<th style=\"width:40px\">29<\/th>\n<th style=\"width:40px\">30<\/th>\n<\/tr>\n<\/thead>\n<tbody>\n<tr>\n<td>Mana<\/td>\n<td>18<\/td>\n<td>18,5<\/td>\n<td>19<\/td>\n<td>19,5<\/td>\n<td>20<\/td>\n<td>20,5<\/td>\n<td>21<\/td>\n<td>21,5<\/td>\n<td>22<\/td>\n<td>22,5<\/td>\n<\/tr>\n<tr>\n<td rowspan=\"2\">Lightning DMG<\/td>\n<td>1<\/td>\n<td>1<\/td>\n<td>1<\/td>\n<td>1<\/td>\n<td>1<\/td>\n<td>1<\/td>\n<td>1<\/td>\n<td>1<\/td>\n<td>1<\/td>\n<td>1<\/td>\n<\/tr>\n<tr>\n<td>292<\/td>\n<td>312<\/td>\n<td>340<\/td>\n<td>368<\/td>\n<td>396<\/td>\n<td>424<\/td>\n<td>452<\/td>\n<td>480<\/td>\n<td>516<\/td>\n<td>552<\/td>\n<\/tr>\n<tr>\n<th>\u00darovn\u011b<\/th>\n<th>31<\/th>\n<th>32<\/th>\n<th>33<\/th>\n<th>34<\/th>\n<th>35<\/th>\n<th>36<\/th>\n<th>37<\/th>\n<th>38<\/th>\n<th>39<\/th>\n<th>40<\/th>\n<\/tr>\n<tr>\n<td>Mana<\/td>\n<td>23<\/td>\n<td>23,5<\/td>\n<td>24<\/td>\n<td>24,5<\/td>\n<td>25<\/td>\n<td>25,5<\/td>\n<td>26<\/td>\n<td>26,5<\/td>\n<td>27<\/td>\n<td>27,5<\/td>\n<\/tr>\n<tr>\n<td rowspan=\"2\">Lightning DMG<\/td>\n<td>1<\/td>\n<td>1<\/td>\n<td>1<\/td>\n<td>1<\/td>\n<td>1<\/td>\n<td>1<\/td>\n<td>1<\/td>\n<td>1<\/td>\n<td>1<\/td>\n<td>1<\/td>\n<\/tr>\n<tr>\n<td>588<\/td>\n<td>624<\/td>\n<td>660<\/td>\n<td>696<\/td>\n<td>732<\/td>\n<td>768<\/td>\n<td>804<\/td>\n<td>840<\/td>\n<td>876<\/td>\n<td>912<\/td>\n<\/tr>\n<\/tbody>\n<\/table>\n<p>Blesk se \u0161\u00ed\u0159\u00ed jedn\u00edm sm\u011brem a zas\u00e1hne v\u0161echna monstra, kter\u00e9 stoj\u00ed v\u00a0cest\u011b.<\/p>\n<p>V\u00fdboj m\u00e1 velkost 2\u00a0a m\u00e1 zapnutou vlastnost <em>Last Collide<\/em>, d\u00edky n\u00ed\u017e m\u016f\u017ee blesk po z\u00e1sahu nep\u0159\u00e1tel pokra\u010dovat\u00a0d\u00e1le.<\/p>\n<p>D\u00edky tomu a tak\u00e9 faktu, \u017ee je technicky vzato tento blesk s\u00e1m o\u00a0sob\u011b \u201evelmi dlouh\u00fdm \u0161\u00edpem\u201c (trv\u00e1 3\u20134 sn\u00edmky, ne\u017e blesk svou d\u00e9lkou \u00fapln\u011b protne objekt o\u00a0velikosti 2, a 4\u00a0sn\u00edmky u\u00a0objektu velikosti 3), <span style=\"color: #d0f000;\">m\u016f\u017ee se st\u00e1t, \u017ee pokud stoj\u00ed dva c\u00edle bl\u00edzko sebe, je ka\u017ed\u00fd z\u00a0nich zasa\u017een t\u00edmto skillem dvakr\u00e1t.<\/span><\/p>\n<p>Synergick\u00e9 bonusy se neuplatn\u00ed na minim\u00e1ln\u00ed \u0161kody.<\/p>\n<h3>V\u00fdpo\u010dty<\/h3>\n<ul>\n<li>Mana = 0,5 * slvl + 7,5<\/li>\n<li>Lightning DMG:<\/li>\n<\/ul>\n<table>\n<thead>\n<tr>\n<th>\u00darove\u0148<\/th>\n<th>1\u20138<\/th>\n<th>9\u201316<\/th>\n<th>17\u201322<\/th>\n<th>23\u201327<\/th>\n<th>28\u201399<\/th>\n<\/tr>\n<\/thead>\n<tbody>\n<tr>\n<td style=\"width:100px\">Min Light DMG<\/td>\n<td>1<\/td>\n<td>1<\/td>\n<td>1<\/td>\n<td>1<\/td>\n<td>1<\/td>\n<\/tr>\n<tr>\n<td style=\"width:100px\">Max Light DMG<\/td>\n<td>8*slvl+32<\/td>\n<td>12*slvl<\/td>\n<td>20*slvl-128<\/td>\n<td>28*slvl-304<\/td>\n<td>36*slvl-528<\/td>\n<\/tr>\n<\/tbody>\n<\/table>\n<p>(slvl = \u00farove\u0148 skillu)<\/p>\n<h3>V\u00fdskyt dovednosti<\/h3>\n<p>N\u011bkter\u00e9 p\u0159edm\u011bty poskytuj\u00ed bonus k\u00a0tomuto skillu:<\/p>\n<ul>\n<li>V\u0161echny p\u0159edm\u011bty typu <a href=\"https:\/\/www.diablofans.cz\/d2\/predmety-normal-sorceress-orbs\">Orb<\/a> a <a href=\"https:\/\/www.diablofans.cz\/d2\/predmety-normal-staves\">Staff<\/a> (ilvl&gt;11)\u00a0\u2013 +1\u20133 to Lightning (Sorceress Only) (varies)<\/li>\n<li><a href=\"https:\/\/www.diablofans.cz\/d2\/predmety-unique-elite-armor\">Ormus&#8216; Robes Dusk Shroud<\/a>\u00a0\u2013 +3\u00a0to Lightning (Sorceress\u00a0Only)<\/li>\n<li><a href=\"https:\/\/www.diablofans.cz\/d2\/predmety-unique-normal-staves\">Spire of Lazarus Gnarled Staff<\/a>\u00a0\u2013 +2\u00a0to Lightning (Sorceress\u00a0Only)<\/li>\n<\/ul>\n<p>N\u011bkter\u00e9 p\u0159edm\u011bty spou\u0161t\u00ed tento skill:<\/p>\n<ul>\n<li>Jak\u00e1koliv magic\/rare\/crafted zbra\u0148 (krom luk\u016f a ku\u0161\u00ed) se suffixem of Lightning: 5% Chance to Cast Level 3\u00a0Lightning On Attack (rlvl&gt;13)<\/li>\n<li><a href=\"https:\/\/www.diablofans.cz\/d2\/predmety-unique-class-specific-amazon\">Thunderstroke Matriarchal Javelin<\/a>: 20% Chance to Cast Level 14\u00a0Lightning On Striking<\/li>\n<li><a href=\"https:\/\/www.diablofans.cz\/d2\/predmety-unique-ostatni-rings\">Wisp Projector Ring<\/a>: 10% Chance to Cast Level 16\u00a0Lightning On Striking<\/li>\n<\/ul>\n<p>Dovednost se vyskytuje i\u00a0na \u201enabit\u00fdch\u201c p\u0159edm\u011btech (Charges):<\/p>\n<ul>\n<li>V\u00fdskyt pouze na Magic, Rare, nebo Crafted p\u0159edm\u011btech typu Orb, Staff, Axe a Hammer.<\/li>\n<li>\u00darovn\u011b: 1\u20137<\/li>\n<li>V\u00a0tabulk\u00e1ch je zn\u00e1zorn\u011bn minim\u00e1ln\u00ed po\u017eadavek na \u00farove\u0148 p\u0159edm\u011btu (ilvl) na \u00farove\u0148 skillu spole\u010dn\u011b s\u00a0po\u010dtem n\u00e1boj\u016f (Charges)<\/li>\n<li>Pro Orby a Staves plat\u00ed:<\/li>\n<\/ul>\n<table>\n<thead>\n<tr>\n<th>\u00darove\u0148 skillu<\/th>\n<th>1<\/th>\n<th>2<\/th>\n<th>3<\/th>\n<th>4<\/th>\n<th>5<\/th>\n<th>6<\/th>\n<th>7<\/th>\n<\/tr>\n<\/thead>\n<tbody>\n<tr>\n<td>Minim\u00e1ln\u00ed ilvl<\/td>\n<td>24<\/td>\n<td>36<\/td>\n<td>48<\/td>\n<td>60<\/td>\n<td>72<\/td>\n<td>84<\/td>\n<td>96<\/td>\n<\/tr>\n<tr>\n<td>Po\u010det Charges<\/td>\n<td>33<\/td>\n<td>37<\/td>\n<td>41<\/td>\n<td>45<\/td>\n<td>48<\/td>\n<td>52<\/td>\n<td>56<\/td>\n<\/tr>\n<\/tbody>\n<\/table>\n<ul>\n<li>Pro Axe a Hammer plat\u00ed:<\/li>\n<\/ul>\n<table>\n<thead>\n<tr>\n<th>\u00darove\u0148 skillu<\/th>\n<th>1<\/th>\n<th>2<\/th>\n<th>3<\/th>\n<th>4<\/th>\n<\/tr>\n<\/thead>\n<tbody>\n<tr>\n<td>Minim\u00e1ln\u00ed ilvl<\/td>\n<td>33<\/td>\n<td>54<\/td>\n<td>75<\/td>\n<td>96<\/td>\n<\/tr>\n<tr>\n<td>Po\u010det Charges<\/td>\n<td>22<\/td>\n<td>25<\/td>\n<td>27<\/td>\n<td>30<\/td>\n<\/tr>\n<\/tbody>\n<\/table>\n<hr \/>\n<p><em>Toto kouzlo umo\u017e\u0148uje \u010darod\u011bjce p\u0159ivolat samu s\u00edlu nebes a vyvolat ohlu\u0161uj\u00edc\u00ed smr\u0161\u0165 elektrick\u00e9 energie. Vytvo\u0159en\u00fd sloup blesku je ihned p\u0159esm\u011brov\u00e1n rovnou na sv\u016fj c\u00edl a cestou prop\u00e1l\u00ed v\u0161echny nep\u0159\u00e1tele s\u00a0dokonalou p\u0159esnost\u00ed.<\/em><\/p>\n<p style=\"text-align:center\">&#8212;\u00a0\u2014 &#8212;\u00a0\u2014 &#8212;\u00a0\u2014 &#8212;\u00a0\u2014 &#8212;\u00a0\u2014 &#8212;\u00a0\u2014 &#8212;\u00a0\u2014 &#8212;\u00a0\u2014 &#8212;\u00a0\u2014 &#8212;\u00a0\u2014 &#8212;\u00a0\u2014\u00a0&#8212;<\/p>\n<p style=\"text-align:center\"><a href=\"https:\/\/www.diablofans.cz\/d2\/herni-postavy-sorceress-skilly-lightning-spells\">\u00ab Zp\u011bt do sekce Hern\u00ed postavy\u00a0\u2013 Sorceress\u00a0\u2013 Skilly\u00a0\u2013 Lightning\u00a0Spells<\/a><\/p>\n<\/p><\/div>\n<p> <!-- by Texy2! --><\/p>\n","protected":false},"excerpt":{"rendered":"<p>Sorceress\u00a0\u2013 Cold Spells\u00a0\u2013 Lightning Spells\u00a0\u2013 Fire\u00a0Spells Charged Bolt Static Field Telekinesis Nova Lightning Chain Lightning Teleport Thunder Storm Energy Shield Lightning Mastery Lightning Pot\u0159ebn\u00fd level: 12 Pot\u0159ebn\u00e9 skilly: Charged Bolt Typ: P\u0159\u00edm\u00fd bleskov\u00fd v\u00fdst\u0159el Lev\u00e9 tla\u010d\u00edtko: Ano Lightning dost\u00e1v\u00e1 synergick\u00e9 bonusy ze skill\u016f: Charged Bolt: +8% k\u00a0bleskov\u00fdm \u0161kod\u00e1m za level Nova: +8% k\u00a0bleskov\u00fdm \u0161kod\u00e1m za [&#8230;]<\/p>\n<p><a class=\"btn btn-secondary understrap-read-more-link\" href=\"https:\/\/www.diablofans.cz\/d2\/herni-postavy-sorceress-skilly-lightning-spells-lightning\/\">\u010c\u00edst d\u00e1le&#8230;<span class=\"screen-reader-text\"> from Sorceress &#8211; Skilly &#8211; Lightning Spells &#8211; Lightning<\/span><\/a><\/p>\n","protected":false},"author":1,"featured_media":0,"parent":0,"menu_order":0,"comment_status":"open","ping_status":"open","template":"","meta":{"footnotes":""},"class_list":["post-3277","page","type-page","status-publish","hentry"],"_links":{"self":[{"href":"https:\/\/www.diablofans.cz\/d2\/wp-json\/wp\/v2\/pages\/3277","targetHints":{"allow":["GET"]}}],"collection":[{"href":"https:\/\/www.diablofans.cz\/d2\/wp-json\/wp\/v2\/pages"}],"about":[{"href":"https:\/\/www.diablofans.cz\/d2\/wp-json\/wp\/v2\/types\/page"}],"author":[{"embeddable":true,"href":"https:\/\/www.diablofans.cz\/d2\/wp-json\/wp\/v2\/users\/1"}],"replies":[{"embeddable":true,"href":"https:\/\/www.diablofans.cz\/d2\/wp-json\/wp\/v2\/comments?post=3277"}],"version-history":[{"count":0,"href":"https:\/\/www.diablofans.cz\/d2\/wp-json\/wp\/v2\/pages\/3277\/revisions"}],"wp:attachment":[{"href":"https:\/\/www.diablofans.cz\/d2\/wp-json\/wp\/v2\/media?parent=3277"}],"curies":[{"name":"wp","href":"https:\/\/api.w.org\/{rel}","templated":true}]}}