{"id":3279,"date":"2018-08-25T22:08:55","date_gmt":"2018-08-25T20:08:55","guid":{"rendered":"http:\/\/diablofans.ddev.site\/d2\/herni-postavy-sorceress-skilly-lightning-spells-teleport\/"},"modified":"2018-08-25T22:08:55","modified_gmt":"2018-08-25T20:08:55","slug":"herni-postavy-sorceress-skilly-lightning-spells-teleport","status":"publish","type":"page","link":"https:\/\/www.diablofans.cz\/d2\/herni-postavy-sorceress-skilly-lightning-spells-teleport\/","title":{"rendered":"Sorceress &#8211; Skilly &#8211; Lightning Spells &#8211; Teleport"},"content":{"rendered":"\n<div class=\"skilly\">\n<p style=\"text-align:center\"><a href=\"https:\/\/www.diablofans.cz\/d2\/herni-postavy-assassin\">Sorceress<\/a>\u00a0\u2013 <a href=\"https:\/\/www.diablofans.cz\/d2\/herni-postavy-sorceress-skilly-cold-spells\">Cold Spells<\/a>\u00a0\u2013 <strong><a href=\"https:\/\/www.diablofans.cz\/d2\/herni-postavy-sorceress-skilly-lightning-spells\">Lightning Spells<\/a><\/strong>\u00a0\u2013 <a href=\"https:\/\/www.diablofans.cz\/d2\/herni-postavy-sorceress-skilly-fire-spells\">Fire\u00a0Spells<\/a><\/p>\n<div style=\"float: right; width: 150px; \">\n<table>\n<tbody>\n<tr>\n<td><a href=\"https:\/\/www.diablofans.cz\/d2\/herni-postavy-sorceress-skilly-lightning-spells-charged-bolt\">Charged Bolt<\/a><\/td>\n<\/tr>\n<tr>\n<td><a href=\"https:\/\/www.diablofans.cz\/d2\/herni-postavy-sorceress-skilly-lightning-spells-static-field\">Static Field<\/a><\/td>\n<\/tr>\n<tr>\n<td><a href=\"https:\/\/www.diablofans.cz\/d2\/herni-postavy-sorceress-skilly-lightning-spells-telekinesis\">Telekinesis<\/a><\/td>\n<\/tr>\n<tr>\n<td><a href=\"https:\/\/www.diablofans.cz\/d2\/herni-postavy-sorceress-skilly-lightning-spells-nova\">Nova<\/a><\/td>\n<\/tr>\n<tr>\n<td><a href=\"https:\/\/www.diablofans.cz\/d2\/herni-postavy-sorceress-skilly-lightning-spells-lightning\">Lightning<\/a><\/td>\n<\/tr>\n<tr>\n<td><a href=\"https:\/\/www.diablofans.cz\/d2\/herni-postavy-sorceress-skilly-lightning-spells-chain-lightning\">Chain Lightning<\/a><\/td>\n<\/tr>\n<tr>\n<td><strong><a href=\"https:\/\/www.diablofans.cz\/d2\/herni-postavy-sorceress-skilly-lightning-spells-teleport\">Teleport<\/a><\/strong><\/td>\n<\/tr>\n<tr>\n<td><a href=\"https:\/\/www.diablofans.cz\/d2\/herni-postavy-sorceress-skilly-lightning-spells-thunder-storm\">Thunder Storm<\/a><\/td>\n<\/tr>\n<tr>\n<td><a href=\"https:\/\/www.diablofans.cz\/d2\/herni-postavy-sorceress-skilly-lightning-spells-energy-shield\">Energy Shield<\/a><\/td>\n<\/tr>\n<tr>\n<td><a href=\"https:\/\/www.diablofans.cz\/d2\/herni-postavy-sorceress-skilly-lightning-spells-lightning-mastery\">Lightning Mastery<\/a><\/td>\n<\/tr>\n<\/tbody>\n<\/table><\/div>\n<h3 style=\"clear:none\">Teleport<\/h3>\n<div><img loading=\"lazy\" decoding=\"async\" src=\"https:\/\/www.diablofans.cz\/d2\/wp-content\/uploads\/2018\/08\/teleport.jpg\" alt=\"Teleport\" class=\"img-left\" width=\"48\" height=\"48\" \/><\/div>\n<ul>\n<li>Pot\u0159ebn\u00fd level: 18<\/li>\n<li>Pot\u0159ebn\u00e9 skilly: <a href=\"https:\/\/www.diablofans.cz\/d2\/herni-postavy-sorceress-skilly-lightning-spells-telekinesis\">Telekinesis<\/a><\/li>\n<li>Typ: Teleport<\/li>\n<li>Lev\u00e9 tla\u010d\u00edtko: Ne<\/li>\n<\/ul>\n<p>Teleportace p\u0159em\u00edst\u00ed v\u00a0m\u017eiku \u010darod\u011bjku nebo jin\u00e9ho sesilatele do m\u00edsta, kam uk\u00e1\u017ee my\u0161\u00ed. Toto kouzlo je velice u\u017eite\u010dn\u00e9 a dovede zachra\u0148ovat \u017eivoty. Nebo je mo\u017en\u00e9 pou\u017e\u00edt teleportaci opakovan\u011b pro p\u0159enos na dlouh\u00e9 vzd\u00e1lenosti. M\u00e1 to v\u0161ak sv\u00e1 omezen\u00ed, proto\u017ee se nelze teleportovat do m\u00edst, kter\u00e1 jsou b\u011b\u017en\u011b nedostupn\u00e1, a postava nam\u00edsto p\u0159enosu z\u016fstane tam, kde stoj\u00ed. Na to je t\u0159eba d\u00e1vat pozor zejm\u00e9na v\u00a0m\u00edstech se sme\u010dkou nebezpe\u010dn\u00fdch nep\u0159\u00e1tel.<\/p>\n<p>Tuto schopnost ovl\u00e1daj\u00ed i\u00a0monstra typu <a href=\"https:\/\/www.diablofans.cz\/d2\/bestiar-3-akt#zakarumpriest\">Zakarum Priest<\/a> a <a href=\"https:\/\/www.diablofans.cz\/d2\/bestiar-5-akt#demonimp\">Demon Imp<\/a>, akt boss <a href=\"https:\/\/www.diablofans.cz\/d2\/akt-bossove-baal\">Baal<\/a>, \u00fcber bossov\u00e9 <a href=\"https:\/\/www.diablofans.cz\/d2\/uberbossove-baal\">\u00dcber Baal<\/a> s\u00a0<a href=\"https:\/\/www.diablofans.cz\/d2\/uberbossove-izual\">\u00dcber Izualem<\/a> a v\u0161echna unik\u00e1tn\u00ed a superunik\u00e1tn\u00ed monstra, jim\u017e se vygenerovala vlastnost <em>teleportation<\/em>.<\/p>\n<h3>Tabulka<\/h3>\n<table>\n<thead>\n<tr>\n<th style=\"width:100px\">\u00darovn\u011b<\/th>\n<th style=\"width:40px\">1<\/th>\n<th style=\"width:40px\">2<\/th>\n<th style=\"width:40px\">3<\/th>\n<th style=\"width:40px\">4<\/th>\n<th style=\"width:40px\">5<\/th>\n<th style=\"width:40px\">6<\/th>\n<th style=\"width:40px\">7<\/th>\n<th style=\"width:40px\">8<\/th>\n<th style=\"width:40px\">9<\/th>\n<th style=\"width:40px\">10<\/th>\n<\/tr>\n<\/thead>\n<tbody>\n<tr>\n<td>Mana<\/td>\n<td>24<\/td>\n<td>23<\/td>\n<td>22<\/td>\n<td>21<\/td>\n<td>20<\/td>\n<td>19<\/td>\n<td>18<\/td>\n<td>17<\/td>\n<td>16<\/td>\n<td>15<\/td>\n<\/tr>\n<tr>\n<th>\u00darovn\u011b<\/th>\n<th>11<\/th>\n<th>12<\/th>\n<th>13<\/th>\n<th>14<\/th>\n<th>15<\/th>\n<th>16<\/th>\n<th>17<\/th>\n<th>18<\/th>\n<th>19<\/th>\n<th>20<\/th>\n<\/tr>\n<tr>\n<td>Mana<\/td>\n<td>14<\/td>\n<td>13<\/td>\n<td>12<\/td>\n<td>11<\/td>\n<td>10<\/td>\n<td>9<\/td>\n<td>8<\/td>\n<td>7<\/td>\n<td>6<\/td>\n<td>5<\/td>\n<\/tr>\n<\/tbody>\n<\/table>\n<table>\n<thead>\n<tr>\n<th style=\"width:100px\">\u00darovn\u011b<\/th>\n<th style=\"width:40px\">21<\/th>\n<th style=\"width:40px\">22<\/th>\n<th style=\"width:40px\">23<\/th>\n<th style=\"width:40px\">24<\/th>\n<th style=\"width:40px\">25<\/th>\n<th style=\"width:40px\">26<\/th>\n<th style=\"width:40px\">27<\/th>\n<th style=\"width:40px\">28<\/th>\n<th style=\"width:40px\">29<\/th>\n<th style=\"width:40px\">30<\/th>\n<\/tr>\n<\/thead>\n<tbody>\n<tr>\n<td>Mana<\/td>\n<td>4<\/td>\n<td>3<\/td>\n<td>2<\/td>\n<td>1<\/td>\n<td>1<\/td>\n<td>1<\/td>\n<td>1<\/td>\n<td>1<\/td>\n<td>1<\/td>\n<td>1<\/td>\n<\/tr>\n<tr>\n<th>\u00darovn\u011b<\/th>\n<th>31<\/th>\n<th>32<\/th>\n<th>33<\/th>\n<th>34<\/th>\n<th>35<\/th>\n<th>36<\/th>\n<th>37<\/th>\n<th>38<\/th>\n<th>39<\/th>\n<th>40<\/th>\n<\/tr>\n<tr>\n<td>Mana<\/td>\n<td>1<\/td>\n<td>1<\/td>\n<td>1<\/td>\n<td>1<\/td>\n<td>1<\/td>\n<td>1<\/td>\n<td>1<\/td>\n<td>1<\/td>\n<td>1<\/td>\n<td>1<\/td>\n<\/tr>\n<\/tbody>\n<\/table>\n<p>P\u0159em\u00edst\u00ed sesilatele i\u00a0jeho \u017eold\u00e1ka a vyvolan\u00e9 jednotky na ur\u010den\u00e9 m\u00edsto. C\u00edl nemus\u00ed b\u00fdt v\u00a0zorn\u00e9m \u00fahlu, ale mus\u00ed tam b\u00fdt m\u00edsto. Jednotky nep\u0159\u00e1tel pod vlivem <a href=\"https:\/\/www.diablofans.cz\/d2\/herni-postavy-paladin-skilly-combat-skills-conversion\">konverze<\/a> a kostlivci vyvolan\u00ed pomoc\u00ed p\u0159edm\u011btu s\u00a0vlastnost\u00ed <em>Reanimate as: Returned<\/em> teleportov\u00e1ni nebudou.<\/p>\n<p>P\u0159i teleportu jsou sesilatel, \u017eoldn\u00e9\u0159 i\u00a0vyvolan\u00ed naskl\u00e1d\u00e1ni na jednom m\u00edst\u011b. Pokud jsou hned pot\u00e9 zasa\u017eeni \u0161\u00edpy, \u0161kody utrp\u00ed p\u0159ednostn\u011b vyvolan\u00ed a \u017eoldn\u00e9\u0159, pokud nemaj\u00ed nep\u0159\u00e1tel\u00e9 schopnost <a href=\"https:\/\/www.diablofans.cz\/d2\/herni-postavy-amazon-skilly-passive-and-magic-pierce\">Pierce<\/a>. Proti \u00fatok\u016fm nabl\u00edzko v\u0161ak ji\u017e \u017eoldn\u00e9\u0159 s\u00a0vyvolan\u00fdmi hr\u00e1\u010de ochr\u00e1nit nemus\u00ed.<\/p>\n<h3>V\u00fdpo\u010dty<\/h3>\n<ul>\n<li>Mana = 25\u00a0\u2013 slvl, minimum = 1<\/li>\n<\/ul>\n<p>(slvl = \u00farove\u0148 skillu)<\/p>\n<h3>V\u00fdskyt dovednosti<\/h3>\n<p>N\u011bkter\u00e9 p\u0159edm\u011bty poskytuj\u00ed bonus k\u00a0tomuto skillu:<\/p>\n<ul>\n<li>V\u0161echny p\u0159edm\u011bty typu <a href=\"https:\/\/www.diablofans.cz\/d2\/predmety-normal-sorceress-orbs\">Orb<\/a> a <a href=\"https:\/\/www.diablofans.cz\/d2\/predmety-normal-staves\">Staff<\/a> (ilvl&gt;18)\u00a0\u2013 +1\u20133 to Teleport (Sorceress Only) (varies)<\/li>\n<li><a href=\"https:\/\/www.diablofans.cz\/d2\/predmety-unique-elite-armor\">Ormus&#8216; Robes Dusk Shroud<\/a>\u00a0\u2013 +3\u00a0to Teleport (Sorceress\u00a0Only)<\/li>\n<li><a href=\"https:\/\/www.diablofans.cz\/d2\/predmety-unique-exceptional-staves\">Warpspear Gothic Staff<\/a>\u00a0\u2013 +3\u00a0to Teleport (Sorceress\u00a0Only)<\/li>\n<li><a href=\"https:\/\/www.diablofans.cz\/d2\/runova-slova-1-10\">Enigma Body Armor<\/a>\u00a0\u2013 +1\u00a0to Teleport\u00a0\u2013 <a href=\"https:\/\/www.diablofans.cz\/d2\/dovednosti#oskills\">Oskill<\/a><\/li>\n<\/ul>\n<p>N\u011bkter\u00e9 p\u0159edm\u011bty spou\u0161t\u00ed tento skill:<\/p>\n<ul>\n<li><a href=\"https:\/\/www.diablofans.cz\/d2\/predmety-unique-class-specific-sorceress\">The Oculus Swirling Crystal<\/a>: 25% Chance to Cast Level 1\u00a0Teleport When Struck (\u010darod\u011bjka je p\u0159esunuta na n\u00e1hodn\u00e9 viditeln\u00e9\u00a0m\u00edsto)<\/li>\n<\/ul>\n<p>Dovednost se vyskytuje i\u00a0na \u201enabit\u00fdch\u201c p\u0159edm\u011btech (Charges):<\/p>\n<ul>\n<li><a href=\"https:\/\/www.diablofans.cz\/d2\/predmety-unique-exceptional-axes\">Spellsteel Bearded Axe<\/a>\u00a0\u2013 Level 1, 20\u00a0Charges<\/li>\n<li><a href=\"https:\/\/www.diablofans.cz\/d2\/predmety-setove-sady-najs-ancient-vestige\">Naj&#8217;s\u00a0Puzzler Elder Staff<\/a>\u00a0\u2013 Level 11, 69\u00a0Charges<\/li>\n<li>D\u00e1le v\u00fdskyt i\u00a0na Magic, Rare, nebo Crafted p\u0159edm\u011btech typu Orb, Staff, Circlet a Amulet.<\/li>\n<li>\u00darovn\u011b: 1\u20136<\/li>\n<li>V\u00a0tabulk\u00e1ch je zn\u00e1zorn\u011bn minim\u00e1ln\u00ed po\u017eadavek na \u00farove\u0148 p\u0159edm\u011btu (ilvl) na \u00farove\u0148 skillu spole\u010dn\u011b s\u00a0po\u010dtem n\u00e1boj\u016f (Charges)<\/li>\n<li>Pro Orby a Staves plat\u00ed:<\/li>\n<\/ul>\n<table>\n<thead>\n<tr>\n<th>\u00darove\u0148 skillu<\/th>\n<th>1<\/th>\n<th>2<\/th>\n<th>3<\/th>\n<th>4<\/th>\n<th>5<\/th>\n<th>6<\/th>\n<\/tr>\n<\/thead>\n<tbody>\n<tr>\n<td>Minim\u00e1ln\u00ed ilvl<\/td>\n<td>31<\/td>\n<td>44<\/td>\n<td>57<\/td>\n<td>70<\/td>\n<td>83<\/td>\n<td>96<\/td>\n<\/tr>\n<tr>\n<td>Po\u010det Charges<\/td>\n<td>33<\/td>\n<td>37<\/td>\n<td>41<\/td>\n<td>45<\/td>\n<td>48<\/td>\n<td>52<\/td>\n<\/tr>\n<\/tbody>\n<\/table>\n<ul>\n<li>Pro Circlet a Amulet plat\u00ed:<\/li>\n<\/ul>\n<table>\n<thead>\n<tr>\n<th>\u00darove\u0148 skillu<\/th>\n<th>1<\/th>\n<th>2<\/th>\n<th>3<\/th>\n<\/tr>\n<\/thead>\n<tbody>\n<tr>\n<td>Minim\u00e1ln\u00ed ilvl<\/td>\n<td>45<\/td>\n<td>72<\/td>\n<td>99<\/td>\n<\/tr>\n<tr>\n<td>Po\u010det Charges<\/td>\n<td>22<\/td>\n<td>25<\/td>\n<td>27<\/td>\n<\/tr>\n<\/tbody>\n<\/table>\n<hr \/>\n<p><em>\u010carod\u011bjka ovl\u00e1daj\u00edc\u00ed tuto tajuplnou dovednost se m\u016f\u017ee rozplynout a p\u0159esunout okam\u017eit\u011b \u00e9terem, aby se objevila v\u00a0jin\u00e9m m\u00edst\u011b. D\u00edky tomu se m\u016f\u017ee teleportovat na kr\u00e1tkou vzd\u00e1lenost, ani\u017e by k\u00a0tomu pot\u0159ebovala port\u00e1ly nebo jin\u00e9 pom\u016fcky. Je nejv\u00edce u\u017eite\u010dn\u00fd p\u0159i \u00faniku nep\u0159\u00e1tel\u016fm, z\u00a0past\u00ed \u010di v\u011bzen\u00ed, nebo se pou\u017e\u00edv\u00e1 k\u00a0p\u0159em\u00edst\u011bni na jinak obt\u00ed\u017en\u011b p\u0159\u00edstupn\u00e1\u00a0m\u00edsta.<\/em><\/p>\n<p style=\"text-align:center\">&#8212;\u00a0\u2014 &#8212;\u00a0\u2014 &#8212;\u00a0\u2014 &#8212;\u00a0\u2014 &#8212;\u00a0\u2014 &#8212;\u00a0\u2014 &#8212;\u00a0\u2014 &#8212;\u00a0\u2014 &#8212;\u00a0\u2014 &#8212;\u00a0\u2014 &#8212;\u00a0\u2014\u00a0&#8212;<\/p>\n<p style=\"text-align:center\"><a href=\"https:\/\/www.diablofans.cz\/d2\/herni-postavy-sorceress-skilly-lightning-spells\">\u00ab Zp\u011bt do sekce Hern\u00ed postavy\u00a0\u2013 Sorceress\u00a0\u2013 Skilly\u00a0\u2013 Lightning\u00a0Spells<\/a><\/p>\n<\/p><\/div>\n<p> <!-- by Texy2! --><\/p>\n","protected":false},"excerpt":{"rendered":"<p>Sorceress\u00a0\u2013 Cold Spells\u00a0\u2013 Lightning Spells\u00a0\u2013 Fire\u00a0Spells Charged Bolt Static Field Telekinesis Nova Lightning Chain Lightning Teleport Thunder Storm Energy Shield Lightning Mastery Teleport Pot\u0159ebn\u00fd level: 18 Pot\u0159ebn\u00e9 skilly: Telekinesis Typ: Teleport Lev\u00e9 tla\u010d\u00edtko: Ne Teleportace p\u0159em\u00edst\u00ed v\u00a0m\u017eiku \u010darod\u011bjku nebo jin\u00e9ho sesilatele do m\u00edsta, kam uk\u00e1\u017ee my\u0161\u00ed. Toto kouzlo je velice u\u017eite\u010dn\u00e9 a dovede zachra\u0148ovat \u017eivoty. [&#8230;]<\/p>\n<p><a class=\"btn btn-secondary understrap-read-more-link\" href=\"https:\/\/www.diablofans.cz\/d2\/herni-postavy-sorceress-skilly-lightning-spells-teleport\/\">\u010c\u00edst d\u00e1le&#8230;<span class=\"screen-reader-text\"> from Sorceress &#8211; Skilly &#8211; Lightning Spells &#8211; Teleport<\/span><\/a><\/p>\n","protected":false},"author":1,"featured_media":0,"parent":0,"menu_order":0,"comment_status":"open","ping_status":"open","template":"","meta":{"footnotes":""},"class_list":["post-3279","page","type-page","status-publish","hentry"],"_links":{"self":[{"href":"https:\/\/www.diablofans.cz\/d2\/wp-json\/wp\/v2\/pages\/3279","targetHints":{"allow":["GET"]}}],"collection":[{"href":"https:\/\/www.diablofans.cz\/d2\/wp-json\/wp\/v2\/pages"}],"about":[{"href":"https:\/\/www.diablofans.cz\/d2\/wp-json\/wp\/v2\/types\/page"}],"author":[{"embeddable":true,"href":"https:\/\/www.diablofans.cz\/d2\/wp-json\/wp\/v2\/users\/1"}],"replies":[{"embeddable":true,"href":"https:\/\/www.diablofans.cz\/d2\/wp-json\/wp\/v2\/comments?post=3279"}],"version-history":[{"count":0,"href":"https:\/\/www.diablofans.cz\/d2\/wp-json\/wp\/v2\/pages\/3279\/revisions"}],"wp:attachment":[{"href":"https:\/\/www.diablofans.cz\/d2\/wp-json\/wp\/v2\/media?parent=3279"}],"curies":[{"name":"wp","href":"https:\/\/api.w.org\/{rel}","templated":true}]}}