{"id":3280,"date":"2018-08-25T22:08:55","date_gmt":"2018-08-25T20:08:55","guid":{"rendered":"http:\/\/diablofans.ddev.site\/d2\/herni-postavy-sorceress-skilly-lightning-spells-thunder-storm\/"},"modified":"2018-08-25T22:08:55","modified_gmt":"2018-08-25T20:08:55","slug":"herni-postavy-sorceress-skilly-lightning-spells-thunder-storm","status":"publish","type":"page","link":"https:\/\/www.diablofans.cz\/d2\/herni-postavy-sorceress-skilly-lightning-spells-thunder-storm\/","title":{"rendered":"Sorceress &#8211; Skilly &#8211; Lightning Spells &#8211; Thunder Storm"},"content":{"rendered":"\n<div class=\"skilly\">\n<p style=\"text-align:center\"><a href=\"https:\/\/www.diablofans.cz\/d2\/herni-postavy-assassin\">Sorceress<\/a>\u00a0\u2013 <a href=\"https:\/\/www.diablofans.cz\/d2\/herni-postavy-sorceress-skilly-cold-spells\">Cold Spells<\/a>\u00a0\u2013 <strong><a href=\"https:\/\/www.diablofans.cz\/d2\/herni-postavy-sorceress-skilly-lightning-spells\">Lightning Spells<\/a><\/strong>\u00a0\u2013 <a href=\"https:\/\/www.diablofans.cz\/d2\/herni-postavy-sorceress-skilly-fire-spells\">Fire\u00a0Spells<\/a><\/p>\n<div style=\"float: right; width: 150px; \">\n<table>\n<tbody>\n<tr>\n<td><a href=\"https:\/\/www.diablofans.cz\/d2\/herni-postavy-sorceress-skilly-lightning-spells-charged-bolt\">Charged Bolt<\/a><\/td>\n<\/tr>\n<tr>\n<td><a href=\"https:\/\/www.diablofans.cz\/d2\/herni-postavy-sorceress-skilly-lightning-spells-static-field\">Static Field<\/a><\/td>\n<\/tr>\n<tr>\n<td><a href=\"https:\/\/www.diablofans.cz\/d2\/herni-postavy-sorceress-skilly-lightning-spells-telekinesis\">Telekinesis<\/a><\/td>\n<\/tr>\n<tr>\n<td><a href=\"https:\/\/www.diablofans.cz\/d2\/herni-postavy-sorceress-skilly-lightning-spells-nova\">Nova<\/a><\/td>\n<\/tr>\n<tr>\n<td><a href=\"https:\/\/www.diablofans.cz\/d2\/herni-postavy-sorceress-skilly-lightning-spells-lightning\">Lightning<\/a><\/td>\n<\/tr>\n<tr>\n<td><a href=\"https:\/\/www.diablofans.cz\/d2\/herni-postavy-sorceress-skilly-lightning-spells-chain-lightning\">Chain Lightning<\/a><\/td>\n<\/tr>\n<tr>\n<td><a href=\"https:\/\/www.diablofans.cz\/d2\/herni-postavy-sorceress-skilly-lightning-spells-teleport\">Teleport<\/a><\/td>\n<\/tr>\n<tr>\n<td><strong><a href=\"https:\/\/www.diablofans.cz\/d2\/herni-postavy-sorceress-skilly-lightning-spells-thunder-storm\">Thunder Storm<\/a><\/strong><\/td>\n<\/tr>\n<tr>\n<td><a href=\"https:\/\/www.diablofans.cz\/d2\/herni-postavy-sorceress-skilly-lightning-spells-energy-shield\">Energy Shield<\/a><\/td>\n<\/tr>\n<tr>\n<td><a href=\"https:\/\/www.diablofans.cz\/d2\/herni-postavy-sorceress-skilly-lightning-spells-lightning-mastery\">Lightning Mastery<\/a><\/td>\n<\/tr>\n<\/tbody>\n<\/table><\/div>\n<h3 style=\"clear:none\">Thunder Storm<\/h3>\n<div><img loading=\"lazy\" decoding=\"async\" src=\"https:\/\/www.diablofans.cz\/d2\/wp-content\/uploads\/2018\/08\/thunderstorm.jpg\" alt=\"Thunder Storm\" class=\"img-left\" width=\"48\" height=\"48\" \/><\/div>\n<ul>\n<li>Pot\u0159ebn\u00fd level: 24<\/li>\n<li>Pot\u0159ebn\u00e9 skilly: <a href=\"https:\/\/www.diablofans.cz\/d2\/herni-postavy-sorceress-skilly-lightning-spells-charged-bolt\">Charged Bolt<\/a>, <a href=\"https:\/\/www.diablofans.cz\/d2\/herni-postavy-sorceress-skilly-lightning-spells-static-field\">Static Field<\/a>, <a href=\"https:\/\/www.diablofans.cz\/d2\/herni-postavy-sorceress-skilly-lightning-spells-nova\">Nova<\/a>, <a href=\"https:\/\/www.diablofans.cz\/d2\/herni-postavy-sorceress-skilly-lightning-spells-lightning\">Lightning<\/a>, <a href=\"https:\/\/www.diablofans.cz\/d2\/herni-postavy-sorceress-skilly-lightning-spells-chain-lightning\">Chain Lightning<\/a><\/li>\n<li>Typ: O\u010darov\u00e1n\u00ed; periodick\u00fd automatick\u00fd v\u00fdst\u0159el na st\u0159edn\u00ed vzd\u00e1lenost<\/li>\n<li>Lev\u00e9 tla\u010d\u00edtko: Ne<\/li>\n<\/ul>\n<p>Touto dovednost\u00ed \u010darod\u011bjka vyvol\u00e1 bou\u0159i, kter\u00e1 zasahuje jednou za ur\u010dit\u00fd kr\u00e1tk\u00fd \u010dasov\u00fd \u00fasek n\u00e1hodn\u011b jednoho z\u00a0okoln\u00edch nep\u0159\u00e1tel. Funguje tedy vlastn\u011b jako jak\u00e1si aura. V\u00fdhodou je, \u017ee se po sesl\u00e1n\u00ed schopnost zam\u011b\u0159uje sama, tak\u017ee \u010darod\u011bjka m\u016f\u017ee aktivn\u011b pou\u017e\u00edvat jin\u00fd skill. Nev\u00fdhodou je v\u0161ak to, \u017ee tato schopnost nem\u00e1 ve v\u011bt\u0161in\u011b p\u0159\u00edpad\u016f odpov\u00eddaj\u00edc\u00ed razanci \u00fatoku, ani dostate\u010dnou rychlost frekvence z\u00e1sah\u016f. Nav\u00edc je velmi obt\u00ed\u017en\u011b zac\u00edlit blesk do hlou\u010dku nestv\u016fr na konkr\u00e9tn\u00edho jedince, i\u00a0kdy\u017e to mo\u017en\u00e9 teoreticky\u00a0je.<\/p>\n<h3>Tabulka<\/h3>\n<ul>\n<li>Cena many = 19<\/li>\n<li>Polom\u011br dosahu blesku = 11,3\u00a0yard\u016f<\/li>\n<\/ul>\n<table>\n<thead>\n<tr>\n<th style=\"width:100px\">\u00darovn\u011b<\/th>\n<th style=\"width:40px\">1<\/th>\n<th style=\"width:40px\">2<\/th>\n<th style=\"width:40px\">3<\/th>\n<th style=\"width:40px\">4<\/th>\n<th style=\"width:40px\">5<\/th>\n<th style=\"width:40px\">6<\/th>\n<th style=\"width:40px\">7<\/th>\n<th style=\"width:40px\">8<\/th>\n<th style=\"width:40px\">9<\/th>\n<th style=\"width:40px\">10<\/th>\n<\/tr>\n<\/thead>\n<tbody>\n<tr>\n<td rowspan=\"2\">Lightning DMG<\/td>\n<td>1<\/td>\n<td>11<\/td>\n<td>21<\/td>\n<td>31<\/td>\n<td>41<\/td>\n<td>51<\/td>\n<td>61<\/td>\n<td>71<\/td>\n<td>81<\/td>\n<td>91<\/td>\n<\/tr>\n<tr>\n<td>100<\/td>\n<td>110<\/td>\n<td>120<\/td>\n<td>130<\/td>\n<td>140<\/td>\n<td>150<\/td>\n<td>160<\/td>\n<td>170<\/td>\n<td>180<\/td>\n<td>190<\/td>\n<\/tr>\n<tr>\n<td>Interval (s)<\/td>\n<td>4,4<\/td>\n<td>3,92<\/td>\n<td>3,56<\/td>\n<td>3,24<\/td>\n<td>3<\/td>\n<td>2,8<\/td>\n<td>2,64<\/td>\n<td>2,52<\/td>\n<td>2,36<\/td>\n<td>2,28<\/td>\n<\/tr>\n<tr>\n<td>Trv\u00e1n\u00ed (s)<\/td>\n<td>32<\/td>\n<td>40<\/td>\n<td>48<\/td>\n<td>56<\/td>\n<td>64<\/td>\n<td>72<\/td>\n<td>80<\/td>\n<td>88<\/td>\n<td>96<\/td>\n<td>104<\/td>\n<\/tr>\n<tr>\n<th>\u00darovn\u011b<\/th>\n<th>11<\/th>\n<th>12<\/th>\n<th>13<\/th>\n<th>14<\/th>\n<th>15<\/th>\n<th>16<\/th>\n<th>17<\/th>\n<th>18<\/th>\n<th>19<\/th>\n<th>20<\/th>\n<\/tr>\n<tr>\n<td rowspan=\"2\">Lightning DMG<\/td>\n<td>101<\/td>\n<td>111<\/td>\n<td>121<\/td>\n<td>131<\/td>\n<td>141<\/td>\n<td>151<\/td>\n<td>162<\/td>\n<td>173<\/td>\n<td>184<\/td>\n<td>195<\/td>\n<\/tr>\n<tr>\n<td>200<\/td>\n<td>210<\/td>\n<td>220<\/td>\n<td>230<\/td>\n<td>240<\/td>\n<td>250<\/td>\n<td>261<\/td>\n<td>272<\/td>\n<td>283<\/td>\n<td>294<\/td>\n<\/tr>\n<tr>\n<td>Interval (s)<\/td>\n<td>2,16<\/td>\n<td>2,08<\/td>\n<td>2<\/td>\n<td>1,92<\/td>\n<td>1,88<\/td>\n<td>1,8<\/td>\n<td>1,76<\/td>\n<td>1,72<\/td>\n<td>1,68<\/td>\n<td>1,64<\/td>\n<\/tr>\n<tr>\n<td>Trv\u00e1n\u00ed (s)<\/td>\n<td>112<\/td>\n<td>120<\/td>\n<td>128<\/td>\n<td>136<\/td>\n<td>144<\/td>\n<td>152<\/td>\n<td>160<\/td>\n<td>168<\/td>\n<td>176<\/td>\n<td>184<\/td>\n<\/tr>\n<\/tbody>\n<\/table>\n<table>\n<thead>\n<tr>\n<th style=\"width:100px\">\u00darovn\u011b<\/th>\n<th style=\"width:40px\">21<\/th>\n<th style=\"width:40px\">22<\/th>\n<th style=\"width:40px\">23<\/th>\n<th style=\"width:40px\">24<\/th>\n<th style=\"width:40px\">25<\/th>\n<th style=\"width:40px\">26<\/th>\n<th style=\"width:40px\">27<\/th>\n<th style=\"width:40px\">28<\/th>\n<th style=\"width:40px\">29<\/th>\n<th style=\"width:40px\">30<\/th>\n<\/tr>\n<\/thead>\n<tbody>\n<tr>\n<td rowspan=\"2\">Lightning DMG<\/td>\n<td>206<\/td>\n<td>217<\/td>\n<td>228<\/td>\n<td>239<\/td>\n<td>250<\/td>\n<td>261<\/td>\n<td>272<\/td>\n<td>283<\/td>\n<td>294<\/td>\n<td>305<\/td>\n<\/tr>\n<tr>\n<td>305<\/td>\n<td>316<\/td>\n<td>327<\/td>\n<td>338<\/td>\n<td>349<\/td>\n<td>360<\/td>\n<td>371<\/td>\n<td>382<\/td>\n<td>393<\/td>\n<td>404<\/td>\n<\/tr>\n<tr>\n<td>Interval (s)<\/td>\n<td>1,6<\/td>\n<td>1,56<\/td>\n<td>1,52<\/td>\n<td>1,48<\/td>\n<td>1,48<\/td>\n<td>1,44<\/td>\n<td>1,4<\/td>\n<td>1,4<\/td>\n<td>1,36<\/td>\n<td>1,36<\/td>\n<\/tr>\n<tr>\n<td>Trv\u00e1n\u00ed (s)<\/td>\n<td>192<\/td>\n<td>200<\/td>\n<td>208<\/td>\n<td>216<\/td>\n<td>224<\/td>\n<td>232<\/td>\n<td>240<\/td>\n<td>248<\/td>\n<td>256<\/td>\n<td>264<\/td>\n<\/tr>\n<tr>\n<th>\u00darovn\u011b<\/th>\n<th>31<\/th>\n<th>32<\/th>\n<th>33<\/th>\n<th>34<\/th>\n<th>35<\/th>\n<th>36<\/th>\n<th>37<\/th>\n<th>38<\/th>\n<th>39<\/th>\n<th>40<\/th>\n<\/tr>\n<tr>\n<td rowspan=\"2\">Lightning DMG<\/td>\n<td>316<\/td>\n<td>327<\/td>\n<td>338<\/td>\n<td>349<\/td>\n<td>360<\/td>\n<td>371<\/td>\n<td>382<\/td>\n<td>393<\/td>\n<td>404<\/td>\n<td>415<\/td>\n<\/tr>\n<tr>\n<td>415<\/td>\n<td>426<\/td>\n<td>437<\/td>\n<td>448<\/td>\n<td>459<\/td>\n<td>470<\/td>\n<td>481<\/td>\n<td>492<\/td>\n<td>503<\/td>\n<td>514<\/td>\n<\/tr>\n<tr>\n<td>Interval (s)<\/td>\n<td>1,32<\/td>\n<td>1,32<\/td>\n<td>1,28<\/td>\n<td>1,28<\/td>\n<td>1,28<\/td>\n<td>1,24<\/td>\n<td>1,24<\/td>\n<td>1,2<\/td>\n<td>1,2<\/td>\n<td>1,2<\/td>\n<\/tr>\n<tr>\n<td>Trv\u00e1n\u00ed (s)<\/td>\n<td>272<\/td>\n<td>280<\/td>\n<td>288<\/td>\n<td>296<\/td>\n<td>304<\/td>\n<td>312<\/td>\n<td>320<\/td>\n<td>328<\/td>\n<td>336<\/td>\n<td>344<\/td>\n<\/tr>\n<\/tbody>\n<\/table>\n<p>Pokud je tato schopnost vyvol\u00e1na, je po uplynut\u00ed intervalu mezi \u00fadery zasa\u017een pr\u00e1v\u011b jeden c\u00edl, kter\u00fd je n\u00e1hodn\u011b vybr\u00e1n ze skupiny, je\u017e se nach\u00e1z\u00ed v\u00a0dosahu bou\u0159kov\u00e9ho oblaku.<\/p>\n<p>Nep\u0159\u00edtel m\u016f\u017ee b\u00fdt znovu zasa\u017een a\u017e pot\u00e9, co jsou zasa\u017eeni i\u00a0v\u0161ichni ostatn\u00ed nep\u0159\u00e1tel\u00e9 v\u00a0dosahu, nebo kdy\u017e je v\u00a0dosahu kouzla jedin\u00fdm mo\u017en\u00fdm c\u00edlem. Pro zac\u00edlen\u00ed na konkr\u00e9tn\u00ed monstrum je pot\u0159eba udr\u017eet ostatn\u00ed nep\u0159\u00e1tele mimo dosah bou\u0159e. Dal\u0161\u00ed mo\u017enost\u00ed je vy\u010darovat tuto schopnost po prvn\u00edm \u00faderu bleskem znovu. Dal\u0161\u00ed v\u00fdboj by m\u011bl zas\u00e1hnout tut\u00e9\u017e nestv\u016fru jako ten p\u0159edchoz\u00ed.<\/p>\n<p>\u00darove\u0148 skillu je pro v\u0161echny \u00fadery po dobu trv\u00e1n\u00ed stejn\u00e1 a je tedy ur\u010dena p\u0159i vy\u010darov\u00e1n\u00ed schopnosti. T\u00fdk\u00e1 se to z\u00e1kladu \u0161kod bleskem, intervalu mezi jednotliv\u00fdmi \u00fadery a trv\u00e1n\u00ed bou\u0159kov\u00e9ho mraku. Schopnost lze p\u0159e\u010darovat, pokud je nov\u011b na vy\u0161\u0161\u00ed nebo stejn\u00e9 \u00farovni.<\/p>\n<p><a href=\"https:\/\/www.diablofans.cz\/d2\/herni-postavy-sorceress-skilly-lightning-spells-lightning-mastery\">Lightning Mastery<\/a> a vlastnost +% Lightning Skill Damage na p\u0159edm\u011btech se aplikuj\u00ed pro ka\u017ed\u00fd blesk zvl\u00e1\u0161\u0165. Proto je v\u00fdhodn\u00e9 m\u00edt neust\u00e1le aspo\u0148 ten skill na co nejvy\u0161\u0161\u00ed \u00farovni.<\/p>\n<p>Pokud je skill pou\u017eit pouze z\u00a0p\u0159edm\u011btu, ani\u017e by byl investov\u00e1n aspo\u0148 jeden bod, bude aktivn\u00ed, dokud m\u00e1 postava na sob\u011b i\u00a0doty\u010dn\u00fd p\u0159edm\u011bt. Po jeho odstran\u011bn\u00ed a n\u00e1sledn\u00e9mu obl\u00e9knut\u00ed se v\u0161ak skill neobnov\u00ed a mus\u00ed se vyvolat\u00a0znovu.<\/p>\n<h3>V\u00fdpo\u010dty<\/h3>\n<ul>\n<li>Lightning DMG (zaokrouhleno dol\u016f):<\/li>\n<\/ul>\n<table>\n<thead>\n<tr>\n<th>\u00darove\u0148<\/th>\n<th>1\u20138<\/th>\n<th>9\u201316<\/th>\n<th>17\u201322<\/th>\n<th>23\u201327<\/th>\n<th>28\u201399<\/th>\n<\/tr>\n<\/thead>\n<tbody>\n<tr>\n<td style=\"width:100px\">Min Light DMG<\/td>\n<td>10*slvl-9<\/td>\n<td>10*slvl-9<\/td>\n<td>11*slvl-25<\/td>\n<td>11*slvl-25<\/td>\n<td>11*slvl-25<\/td>\n<\/tr>\n<tr>\n<td style=\"width:100px\">Max Light DMG<\/td>\n<td>10*slvl+90<\/td>\n<td>10*slvl+90<\/td>\n<td>11*slvl+74<\/td>\n<td>11*slvl+74<\/td>\n<td>11*slvl+74<\/td>\n<\/tr>\n<\/tbody>\n<\/table>\n<ul>\n<li>Interval (s) = 5\u00a0\u2013 ((110 * slvl)\/(slvl + 6))\/25 sekund, z\u00e1vorka zaokrouhlena\u00a0nahoru<\/li>\n<li>Trv\u00e1n\u00ed (s) = 8 * slvl + 24\u00a0sekund<\/li>\n<\/ul>\n<p>(slvl = \u00farove\u0148 skillu)<\/p>\n<h3>V\u00fdskyt dovednosti<\/h3>\n<p>N\u011bkter\u00e9 p\u0159edm\u011bty poskytuj\u00ed bonus k\u00a0tomuto skillu:<\/p>\n<ul>\n<li>V\u0161echny p\u0159edm\u011bty typu <a href=\"https:\/\/www.diablofans.cz\/d2\/predmety-normal-sorceress-orbs\">Orb<\/a> a <a href=\"https:\/\/www.diablofans.cz\/d2\/predmety-normal-staves\">Staff<\/a> (ilvl&gt;24)\u00a0\u2013 +1\u20133 to Thunder Storm (Sorceress Only) (varies)<\/li>\n<li><a href=\"https:\/\/www.diablofans.cz\/d2\/predmety-unique-elite-armor\">Ormus&#8216; Robes Dusk Shroud<\/a>\u00a0\u2013 +3\u00a0to Thunder Storm (Sorceress\u00a0Only)<\/li>\n<\/ul>\n<hr \/>\n<p><em>Poru\u010dit po\u010das\u00ed je jednou z\u00a0nejp\u016fsobiv\u011bj\u0161\u00edch forem element\u00e1ln\u00ed magie, j\u00ed\u017e se \u010darod\u011bjky u\u010d\u00ed. Pokud ovl\u00e1dne tuto dovednost, m\u016f\u017ee vyvolat temn\u00e9 bou\u0159kov\u00e9 mra\u010dno, kter\u00e9 ji n\u00e1sleduje, kamkoliv se pohne. Ka\u017ed\u00fd, kdo se k\u00a0oblaku p\u0159ibl\u00ed\u017e\u00ed, m\u016f\u017ee podlehnout pln\u00e9 s\u00edle vich\u0159ice a zejm\u00e9na siln\u00e9mu \u00faderu blesku.<\/em><\/p>\n<p style=\"text-align:center\">&#8212;\u00a0\u2014 &#8212;\u00a0\u2014 &#8212;\u00a0\u2014 &#8212;\u00a0\u2014 &#8212;\u00a0\u2014 &#8212;\u00a0\u2014 &#8212;\u00a0\u2014 &#8212;\u00a0\u2014 &#8212;\u00a0\u2014 &#8212;\u00a0\u2014 &#8212;\u00a0\u2014\u00a0&#8212;<\/p>\n<p style=\"text-align:center\"><a href=\"https:\/\/www.diablofans.cz\/d2\/herni-postavy-sorceress-skilly-lightning-spells\">\u00ab Zp\u011bt do sekce Hern\u00ed postavy\u00a0\u2013 Sorceress\u00a0\u2013 Skilly\u00a0\u2013 Lightning\u00a0Spells<\/a><\/p>\n<\/p><\/div>\n<p> <!-- by Texy2! --><\/p>\n","protected":false},"excerpt":{"rendered":"<p>Sorceress\u00a0\u2013 Cold Spells\u00a0\u2013 Lightning Spells\u00a0\u2013 Fire\u00a0Spells Charged Bolt Static Field Telekinesis Nova Lightning Chain Lightning Teleport Thunder Storm Energy Shield Lightning Mastery Thunder Storm Pot\u0159ebn\u00fd level: 24 Pot\u0159ebn\u00e9 skilly: Charged Bolt, Static Field, Nova, Lightning, Chain Lightning Typ: O\u010darov\u00e1n\u00ed; periodick\u00fd automatick\u00fd v\u00fdst\u0159el na st\u0159edn\u00ed vzd\u00e1lenost Lev\u00e9 tla\u010d\u00edtko: Ne Touto dovednost\u00ed \u010darod\u011bjka vyvol\u00e1 bou\u0159i, kter\u00e1 zasahuje [&#8230;]<\/p>\n<p><a class=\"btn btn-secondary understrap-read-more-link\" href=\"https:\/\/www.diablofans.cz\/d2\/herni-postavy-sorceress-skilly-lightning-spells-thunder-storm\/\">\u010c\u00edst d\u00e1le&#8230;<span class=\"screen-reader-text\"> from Sorceress &#8211; Skilly &#8211; Lightning Spells &#8211; Thunder Storm<\/span><\/a><\/p>\n","protected":false},"author":1,"featured_media":0,"parent":0,"menu_order":0,"comment_status":"open","ping_status":"open","template":"","meta":{"footnotes":""},"class_list":["post-3280","page","type-page","status-publish","hentry"],"_links":{"self":[{"href":"https:\/\/www.diablofans.cz\/d2\/wp-json\/wp\/v2\/pages\/3280","targetHints":{"allow":["GET"]}}],"collection":[{"href":"https:\/\/www.diablofans.cz\/d2\/wp-json\/wp\/v2\/pages"}],"about":[{"href":"https:\/\/www.diablofans.cz\/d2\/wp-json\/wp\/v2\/types\/page"}],"author":[{"embeddable":true,"href":"https:\/\/www.diablofans.cz\/d2\/wp-json\/wp\/v2\/users\/1"}],"replies":[{"embeddable":true,"href":"https:\/\/www.diablofans.cz\/d2\/wp-json\/wp\/v2\/comments?post=3280"}],"version-history":[{"count":0,"href":"https:\/\/www.diablofans.cz\/d2\/wp-json\/wp\/v2\/pages\/3280\/revisions"}],"wp:attachment":[{"href":"https:\/\/www.diablofans.cz\/d2\/wp-json\/wp\/v2\/media?parent=3280"}],"curies":[{"name":"wp","href":"https:\/\/api.w.org\/{rel}","templated":true}]}}