{"id":3281,"date":"2018-08-25T22:08:55","date_gmt":"2018-08-25T20:08:55","guid":{"rendered":"http:\/\/diablofans.ddev.site\/d2\/herni-postavy-sorceress-skilly-lightning-spells-energy-shield\/"},"modified":"2018-08-25T22:08:55","modified_gmt":"2018-08-25T20:08:55","slug":"herni-postavy-sorceress-skilly-lightning-spells-energy-shield","status":"publish","type":"page","link":"https:\/\/www.diablofans.cz\/d2\/herni-postavy-sorceress-skilly-lightning-spells-energy-shield\/","title":{"rendered":"Sorceress &#8211; Skilly &#8211; Lightning Spells &#8211; Energy Shield"},"content":{"rendered":"\n<div class=\"skilly\">\n<p style=\"text-align:center\"><a href=\"https:\/\/www.diablofans.cz\/d2\/herni-postavy-assassin\">Sorceress<\/a>\u00a0\u2013 <a href=\"https:\/\/www.diablofans.cz\/d2\/herni-postavy-sorceress-skilly-cold-spells\">Cold Spells<\/a>\u00a0\u2013 <strong><a href=\"https:\/\/www.diablofans.cz\/d2\/herni-postavy-sorceress-skilly-lightning-spells\">Lightning Spells<\/a><\/strong>\u00a0\u2013 <a href=\"https:\/\/www.diablofans.cz\/d2\/herni-postavy-sorceress-skilly-fire-spells\">Fire\u00a0Spells<\/a><\/p>\n<div style=\"float: right; width: 150px; \">\n<table>\n<tbody>\n<tr>\n<td><a href=\"https:\/\/www.diablofans.cz\/d2\/herni-postavy-sorceress-skilly-lightning-spells-charged-bolt\">Charged Bolt<\/a><\/td>\n<\/tr>\n<tr>\n<td><a href=\"https:\/\/www.diablofans.cz\/d2\/herni-postavy-sorceress-skilly-lightning-spells-static-field\">Static Field<\/a><\/td>\n<\/tr>\n<tr>\n<td><a href=\"https:\/\/www.diablofans.cz\/d2\/herni-postavy-sorceress-skilly-lightning-spells-telekinesis\">Telekinesis<\/a><\/td>\n<\/tr>\n<tr>\n<td><a href=\"https:\/\/www.diablofans.cz\/d2\/herni-postavy-sorceress-skilly-lightning-spells-nova\">Nova<\/a><\/td>\n<\/tr>\n<tr>\n<td><a href=\"https:\/\/www.diablofans.cz\/d2\/herni-postavy-sorceress-skilly-lightning-spells-lightning\">Lightning<\/a><\/td>\n<\/tr>\n<tr>\n<td><a href=\"https:\/\/www.diablofans.cz\/d2\/herni-postavy-sorceress-skilly-lightning-spells-chain-lightning\">Chain Lightning<\/a><\/td>\n<\/tr>\n<tr>\n<td><a href=\"https:\/\/www.diablofans.cz\/d2\/herni-postavy-sorceress-skilly-lightning-spells-teleport\">Teleport<\/a><\/td>\n<\/tr>\n<tr>\n<td><a href=\"https:\/\/www.diablofans.cz\/d2\/herni-postavy-sorceress-skilly-lightning-spells-thunder-storm\">Thunder Storm<\/a><\/td>\n<\/tr>\n<tr>\n<td><strong><a href=\"https:\/\/www.diablofans.cz\/d2\/herni-postavy-sorceress-skilly-lightning-spells-energy-shield\">Energy Shield<\/a><\/strong><\/td>\n<\/tr>\n<tr>\n<td><a href=\"https:\/\/www.diablofans.cz\/d2\/herni-postavy-sorceress-skilly-lightning-spells-lightning-mastery\">Lightning Mastery<\/a><\/td>\n<\/tr>\n<\/tbody>\n<\/table><\/div>\n<h3 style=\"clear:none\">Energy Shield<\/h3>\n<div><img loading=\"lazy\" decoding=\"async\" src=\"https:\/\/www.diablofans.cz\/d2\/wp-content\/uploads\/2018\/08\/energyshield.jpg\" alt=\"Energy Shield\" class=\"img-left\" width=\"48\" height=\"48\" \/><\/div>\n<ul>\n<li>Pot\u0159ebn\u00fd level: 24<\/li>\n<li>Pot\u0159ebn\u00e9 skilly: <a href=\"https:\/\/www.diablofans.cz\/d2\/herni-postavy-sorceress-skilly-lightning-spells-charged-bolt\">Charged Bolt<\/a>, <a href=\"https:\/\/www.diablofans.cz\/d2\/herni-postavy-sorceress-skilly-lightning-spells-telekinesis\">Telekinesis<\/a>, <a href=\"https:\/\/www.diablofans.cz\/d2\/herni-postavy-sorceress-skilly-lightning-spells-lightning\">Lightning<\/a>, <a href=\"https:\/\/www.diablofans.cz\/d2\/herni-postavy-sorceress-skilly-lightning-spells-chain-lightning\">Chain Lightning<\/a>, <a href=\"https:\/\/www.diablofans.cz\/d2\/herni-postavy-sorceress-skilly-lightning-spells-teleport\">Teleport<\/a><\/li>\n<li>Typ: O\u010darov\u00e1n\u00ed<\/li>\n<li>Lev\u00e9 tla\u010d\u00edtko: Ne<\/li>\n<\/ul>\n<p class=\"zelena\">Energy Shield dost\u00e1v\u00e1 synergick\u00e9 bonusy ze skill\u016f:<\/p>\n<ul>\n<li><a href=\"https:\/\/www.diablofans.cz\/d2\/herni-postavy-sorceress-skilly-lightning-spells-telekinesis\">Telekinesis<\/a>:\u00a0\u20136,25% k\u00a0spot\u0159eb\u011b many za level<\/li>\n<\/ul>\n<p>Energetick\u00fd \u0161t\u00edt vytvo\u0159\u00ed okolo postavy ochrannou bari\u00e9ru, kter\u00e1 p\u0159esm\u011brov\u00e1v\u00e1 \u010d\u00e1st utrp\u011bn\u00fdch \u0161kod od nep\u0159\u00e1tel do many. P\u0159esm\u011brovan\u00e9 \u0161kody sp\u00e1l\u00ed postav\u011b manu, ale neodeberou j\u00ed body \u017eivota (pouze zbyl\u00e1 nepohlcen\u00e1 \u010d\u00e1st \u0161kod ano). Toto kouzlo je vhodn\u00e9 vyu\u017e\u00edvat pouze s\u00a0velkou z\u00e1sobou many, jinak hroz\u00ed, \u017ee se postava ocitne v\u00a0oble\u017een\u00ed nep\u0159\u00e1tel, bez \u0161t\u00edtu, bez many, tud\u00ed\u017e bez prost\u0159edk\u016f, jak se ze \u0161lamastiky dostat. Bez synergie je nav\u00edc spot\u0159eba many na absorpci \u0161kod dvojn\u00e1sobn\u00e1 oproti inkasovan\u00fdm \u0161kod\u00e1m.<\/p>\n<h3>Tabulka<\/h3>\n<ul>\n<li>Cena many = 5<\/li>\n<\/ul>\n<table>\n<thead>\n<tr>\n<th style=\"width:100px\">\u00darovn\u011b<\/th>\n<th style=\"width:40px\">1<\/th>\n<th style=\"width:40px\">2<\/th>\n<th style=\"width:40px\">3<\/th>\n<th style=\"width:40px\">4<\/th>\n<th style=\"width:40px\">5<\/th>\n<th style=\"width:40px\">6<\/th>\n<th style=\"width:40px\">7<\/th>\n<th style=\"width:40px\">8<\/th>\n<th style=\"width:40px\">9<\/th>\n<th style=\"width:40px\">10<\/th>\n<\/tr>\n<\/thead>\n<tbody>\n<tr>\n<td>DMG Absorb(%)<\/td>\n<td>20<\/td>\n<td>25<\/td>\n<td>30<\/td>\n<td>35<\/td>\n<td>40<\/td>\n<td>45<\/td>\n<td>50<\/td>\n<td>55<\/td>\n<td>57<\/td>\n<td>59<\/td>\n<\/tr>\n<tr>\n<td>Trv\u00e1n\u00ed (s)<\/td>\n<td>144<\/td>\n<td>204<\/td>\n<td>264<\/td>\n<td>324<\/td>\n<td>384<\/td>\n<td>444<\/td>\n<td>504<\/td>\n<td>564<\/td>\n<td>624<\/td>\n<td>684<\/td>\n<\/tr>\n<tr>\n<th>\u00darovn\u011b<\/th>\n<th>11<\/th>\n<th>12<\/th>\n<th>13<\/th>\n<th>14<\/th>\n<th>15<\/th>\n<th>16<\/th>\n<th>17<\/th>\n<th>18<\/th>\n<th>19<\/th>\n<th>20<\/th>\n<\/tr>\n<tr>\n<td>DMG Absorb(%)<\/td>\n<td>61<\/td>\n<td>63<\/td>\n<td>65<\/td>\n<td>67<\/td>\n<td>69<\/td>\n<td>71<\/td>\n<td>72<\/td>\n<td>73<\/td>\n<td>74<\/td>\n<td>75<\/td>\n<\/tr>\n<tr>\n<td>Trv\u00e1n\u00ed (s)<\/td>\n<td>744<\/td>\n<td>804<\/td>\n<td>864<\/td>\n<td>924<\/td>\n<td>984<\/td>\n<td>1044<\/td>\n<td>1104<\/td>\n<td>1164<\/td>\n<td>1224<\/td>\n<td>1284<\/td>\n<\/tr>\n<\/tbody>\n<\/table>\n<table>\n<thead>\n<tr>\n<th style=\"width:100px\">\u00darovn\u011b<\/th>\n<th style=\"width:40px\">21<\/th>\n<th style=\"width:40px\">22<\/th>\n<th style=\"width:40px\">23<\/th>\n<th style=\"width:40px\">24<\/th>\n<th style=\"width:40px\">25<\/th>\n<th style=\"width:40px\">26<\/th>\n<th style=\"width:40px\">27<\/th>\n<th style=\"width:40px\">28<\/th>\n<th style=\"width:40px\">29<\/th>\n<th style=\"width:40px\">30<\/th>\n<\/tr>\n<\/thead>\n<tbody>\n<tr>\n<td>DMG Absorb(%)<\/td>\n<td>76<\/td>\n<td>77<\/td>\n<td>78<\/td>\n<td>79<\/td>\n<td>80<\/td>\n<td>81<\/td>\n<td>82<\/td>\n<td>83<\/td>\n<td>84<\/td>\n<td>85<\/td>\n<\/tr>\n<tr>\n<td>Trv\u00e1n\u00ed (s)<\/td>\n<td>1344<\/td>\n<td>1404<\/td>\n<td>1464<\/td>\n<td>1524<\/td>\n<td>1584<\/td>\n<td>1644<\/td>\n<td>1704<\/td>\n<td>1764<\/td>\n<td>1824<\/td>\n<td>1884<\/td>\n<\/tr>\n<tr>\n<th>\u00darovn\u011b<\/th>\n<th>31<\/th>\n<th>32<\/th>\n<th>33<\/th>\n<th>34<\/th>\n<th>35<\/th>\n<th>36<\/th>\n<th>37<\/th>\n<th>38<\/th>\n<th>39<\/th>\n<th>40<\/th>\n<\/tr>\n<tr>\n<td>DMG Absorb(%)<\/td>\n<td>86<\/td>\n<td>87<\/td>\n<td>88<\/td>\n<td>89<\/td>\n<td>90<\/td>\n<td>91<\/td>\n<td>92<\/td>\n<td>93<\/td>\n<td>94<\/td>\n<td>95<\/td>\n<\/tr>\n<tr>\n<td>Trv\u00e1n\u00ed (s)<\/td>\n<td>1944<\/td>\n<td>2004<\/td>\n<td>2064<\/td>\n<td>2124<\/td>\n<td>2184<\/td>\n<td>2244<\/td>\n<td>2304<\/td>\n<td>2364<\/td>\n<td>2424<\/td>\n<td>2484<\/td>\n<\/tr>\n<\/tbody>\n<\/table>\n<p>\u0160t\u00edt absorbuje \u0161kody a\u017e potom, kdy\u017e je m\u016f\u017ee absorbovat <a href=\"https:\/\/www.diablofans.cz\/d2\/herni-postavy-necromancer-skilly-poison-and-bone-bone-armor\">Bone Armor<\/a> a <a href=\"https:\/\/www.diablofans.cz\/d2\/herni-postavy-druid-skilly-elemental-cyclone-armor\">Cyclone\u00a0Armor<\/a><\/p>\n<p>Absorbuje fyzick\u00e9 \u0161kody, ohe\u0148, chlad, blesky, s\u00e1n\u00ed staminy, magick\u00e9 i\u00a0manov\u00e9 \u0161kody. Jedov\u00e9 \u0161kody v\u0161ak neabsorbuje, a to ani v\u00a0prvn\u00edm sn\u00edmku p\u0159i n\u00e1kaze.<\/p>\n<p>Funguje i\u00a0proti vr\u00e1cen\u00fdm \u0161kod\u00e1m ze skill\u016f <a href=\"https:\/\/www.diablofans.cz\/d2\/herni-postavy-paladin-skilly-offensive-auras-thorns\">Thorns<\/a>, <a href=\"https:\/\/www.diablofans.cz\/d2\/herni-postavy-necromancer-skilly-curses-iron-maiden\">Iron Maiden<\/a> a <a href=\"https:\/\/www.diablofans.cz\/d2\/herni-postavy-druid-skilly-summoning-spirit-of-barbs\">Spirit of Barbs<\/a>. \u0160kody ze <a href=\"https:\/\/www.diablofans.cz\/d2\/herni-postavy-sorceress-skilly-lightning-spells-static-field\">Static Fieldu<\/a> jsou tak\u00e9 absorbov\u00e1ny.<\/p>\n<p>\u0160t\u00edt v\u0161ak nezabr\u00e1n\u00ed sebezran\u011bn\u00ed ze skillu <a href=\"https:\/\/www.diablofans.cz\/d2\/herni-postavy-paladin-skilly-combat-sacrifice\">Sacrifice<\/a>. Proti <a href=\"https:\/\/www.diablofans.cz\/d2\/vlastnosti-open-wounds\">Open Wounds<\/a> a <a href=\"https:\/\/www.diablofans.cz\/d2\/vlastnosti-crushing-blow\">Crushing Blow<\/a> tak\u00e9 nepom\u016f\u017ee.<\/p>\n<p>Pokud nen\u00ed ani jeden bod investov\u00e1n do Telekineze, je do many p\u0159eveden dvojn\u00e1sobek absorbovan\u00e9 \u0161kody. V\u00a0tabulce je zn\u00e1zorn\u011bno, jak Telekineze ovliv\u0148uje \u00fa\u010dinnost manov\u00e9ho \u0161t\u00edtu. Od 17.\u00a0\u00farovn\u011b Telekineze je do many p\u0159evedeno m\u00e9n\u011b jak 100% absorbovan\u00e9 \u0161kody, tak\u017ee postava ztrat\u00ed m\u00e9n\u011b \u017eivota+many, ne\u017e by jinak\u00a0m\u011bla.<\/p>\n<table>\n<thead>\n<tr>\n<th style=\"width:100px\">\u00darove\u0148 Telekineze<\/th>\n<th style=\"width:40px\">1<\/th>\n<th style=\"width:40px\">2<\/th>\n<th style=\"width:40px\">3<\/th>\n<th style=\"width:40px\">4<\/th>\n<th style=\"width:40px\">5<\/th>\n<th style=\"width:40px\">6<\/th>\n<th style=\"width:40px\">7<\/th>\n<th style=\"width:40px\">8<\/th>\n<th style=\"width:40px\">9<\/th>\n<th style=\"width:40px\">10<\/th>\n<\/tr>\n<\/thead>\n<tbody>\n<tr>\n<td>\u0160kody p\u0159esm\u011brov\u00e1ny do many (%)<\/td>\n<td>193,75<\/td>\n<td>187,5<\/td>\n<td>181,25<\/td>\n<td>175<\/td>\n<td>168,75<\/td>\n<td>162,5<\/td>\n<td>156,25<\/td>\n<td>150<\/td>\n<td>143,75<\/td>\n<td>137,5<\/td>\n<\/tr>\n<tr>\n<th>\u00darovn\u011b<\/th>\n<th>11<\/th>\n<th>12<\/th>\n<th>13<\/th>\n<th>14<\/th>\n<th>15<\/th>\n<th>16<\/th>\n<th>17<\/th>\n<th>18<\/th>\n<th>19<\/th>\n<th>20<\/th>\n<\/tr>\n<tr>\n<td>\u0160kody p\u0159esm\u011brov\u00e1ny do many (%)<\/td>\n<td>131,25<\/td>\n<td>125<\/td>\n<td>118,75<\/td>\n<td>112,5<\/td>\n<td>106,25<\/td>\n<td>100<\/td>\n<td>93,75<\/td>\n<td>87,5<\/td>\n<td>81,25<\/td>\n<td>75<\/td>\n<\/tr>\n<\/tbody>\n<\/table>\n<p>Pokud je na absorpci pot\u0159eba v\u00edce many, ne\u017e je moment\u00e1ln\u011b k\u00a0dispozici, je o\u010darov\u00e1n\u00ed energetick\u00fdm \u0161t\u00edtem odstran\u011bno. \u010c\u00e1st \u0161kody, kter\u00e1 nemohla b\u00fdt z\u00a0nedostatku many absorbovan\u00e1, je p\u0159evedena zp\u011bt do \u017eivota. Energetick\u00fd \u0161t\u00edt je odstran\u011bn i\u00a0v\u00a0p\u0159\u00edpad\u011b, \u017ee uplyne trv\u00e1n\u00ed kouzla.<\/p>\n<p>Polo\u017eka <a href=\"https:\/\/www.diablofans.cz\/d2\/vlastnosti-x-procent-damage-taken-goes-to-mana\">Damage Taken Goes To Mana<\/a> (DTGM) je uplatn\u011bna a\u017e po absorbci. To znamen\u00e1, \u017ee postava ztrat\u00ed \u0161t\u00edt p\u0159i \u00fapln\u00e9m vy\u010derp\u00e1n\u00ed i\u00a0p\u0159esto, \u017ee by manu DTGM zcela obnovil. I\u00a0p\u0159esto je u\u017eite\u010dn\u00e9 pomoc\u00ed t\u00e9to vlastnosti manu dob\u00edjet\u00a0zp\u011bt.<\/p>\n<p>Manov\u00e9 \u0161kody od monster typu <a href=\"https:\/\/www.diablofans.cz\/d2\/bestiar-3-akt#willowisp\">Willowisp<\/a>, <a href=\"https:\/\/www.diablofans.cz\/d2\/bestiar-1-akt#wraith\">Wraith<\/a> a od unik\u00e1tn\u00edch boss\u016f s\u00a0vlastnost\u00ed Mana Burn (a jejich p\u0159isluhova\u010d\u016fm-minion\u016fm na Nightmaru a Hellu) zna\u010dn\u011b zt\u011b\u017euj\u00ed pou\u017e\u00edv\u00e1n\u00ed energetick\u00e9ho \u0161t\u00edtu. <span style=\"color: #ff3020;\">\u00datok takov\u00fdch monster nabl\u00edzko saje manu 256\u00d7 v\u00edce, ne\u017e by m\u011bl. Na jednu r\u00e1nu tak m\u016f\u017ee postava p\u0159ij\u00edt o\u00a0v\u0161echnu manu i\u00a0\u0161t\u00edt.<\/span><\/p>\n<h3>V\u00fdpo\u010dty<\/h3>\n<table>\n<thead>\n<tr>\n<th>\u00darove\u0148<\/th>\n<th>1\u20138<\/th>\n<th>9\u201316<\/th>\n<th>17\u201322<\/th>\n<th>23\u201327<\/th>\n<th>28\u201399<\/th>\n<\/tr>\n<\/thead>\n<tbody>\n<tr>\n<td style=\"width:100px\">DMG Absorb(%)<\/td>\n<td>5*slvl + 15<\/td>\n<td>2*slvl + 39<\/td>\n<td>slvl + 55<\/td>\n<td>slvl + 55<\/td>\n<td>slvl + 55 (max=95)<\/td>\n<\/tr>\n<\/tbody>\n<\/table>\n<ul>\n<li>Trv\u00e1n\u00ed (s) = 60*slvl + 84\u00a0sekund<\/li>\n<li>Absorbovan\u00e9 \u0161kody p\u0159eveden\u00e9 do many = 200\u00a0\u2013 6,25*blvl<\/li>\n<\/ul>\n<p>(slvl = \u00farove\u0148 skillu, blvl = po\u010det investovan\u00fdch bod\u016f v\u00a0Telekinezi)<\/p>\n<h3>V\u00fdskyt dovednosti<\/h3>\n<p>N\u011bkter\u00e9 p\u0159edm\u011bty poskytuj\u00ed bonus k\u00a0tomuto skillu:<\/p>\n<ul>\n<li>V\u0161echny p\u0159edm\u011bty typu <a href=\"https:\/\/www.diablofans.cz\/d2\/predmety-normal-sorceress-orbs\">Orb<\/a> a <a href=\"https:\/\/www.diablofans.cz\/d2\/predmety-normal-staves\">Staff<\/a> (ilvl&gt;24)\u00a0\u2013 +1\u20133 to Energy Shield (Sorceress Only) (varies)<\/li>\n<li><a href=\"https:\/\/www.diablofans.cz\/d2\/predmety-unique-elite-armor\">Ormus&#8216; Robes Dusk Shroud<\/a>\u00a0\u2013 +3\u00a0to Energy Shield (Sorceress\u00a0Only)<\/li>\n<li><a href=\"https:\/\/www.diablofans.cz\/d2\/predmety-unique-exceptional-staves\">Warpspear Gothic Staff<\/a>\u00a0\u2013 +3\u00a0to Energy Shield (Sorceress\u00a0Only)<\/li>\n<li><a href=\"https:\/\/www.diablofans.cz\/d2\/runova-slova-1-09\">Memory Staff<\/a>\u00a0\u2013 +3\u00a0to Energy Shield (Sorceress\u00a0Only)<\/li>\n<\/ul>\n<hr \/>\n<p><em>\u010carod\u011bjka, j\u00ed\u017e kryje z\u00e1da \u010dist\u00e1 energie, kr\u00e1\u010d\u00ed do bitvy obvykle neohro\u017een\u011b, proto\u017ee dokud je schopn\u00e1 soust\u0159e\u010fovat a udr\u017eet tuto magickou hr\u00e1z, dok\u00e1\u017ee p\u0159esm\u011brovat \u0161kodlivou element\u00e1ln\u00ed energii i\u00a0absorbovan\u00e9 fyzick\u00e9 po\u0161kozen\u00ed do sv\u00fdch z\u00e1sob\u00a0many.<\/em><\/p>\n<p style=\"text-align:center\">&#8212;\u00a0\u2014 &#8212;\u00a0\u2014 &#8212;\u00a0\u2014 &#8212;\u00a0\u2014 &#8212;\u00a0\u2014 &#8212;\u00a0\u2014 &#8212;\u00a0\u2014 &#8212;\u00a0\u2014 &#8212;\u00a0\u2014 &#8212;\u00a0\u2014 &#8212;\u00a0\u2014\u00a0&#8212;<\/p>\n<p style=\"text-align:center\"><a href=\"https:\/\/www.diablofans.cz\/d2\/herni-postavy-sorceress-skilly-lightning-spells\">\u00ab Zp\u011bt do sekce Hern\u00ed postavy\u00a0\u2013 Sorceress\u00a0\u2013 Skilly\u00a0\u2013 Lightning\u00a0Spells<\/a><\/p>\n<\/p><\/div>\n<p> <!-- by Texy2! --><\/p>\n","protected":false},"excerpt":{"rendered":"<p>Sorceress\u00a0\u2013 Cold Spells\u00a0\u2013 Lightning Spells\u00a0\u2013 Fire\u00a0Spells Charged Bolt Static Field Telekinesis Nova Lightning Chain Lightning Teleport Thunder Storm Energy Shield Lightning Mastery Energy Shield Pot\u0159ebn\u00fd level: 24 Pot\u0159ebn\u00e9 skilly: Charged Bolt, Telekinesis, Lightning, Chain Lightning, Teleport Typ: O\u010darov\u00e1n\u00ed Lev\u00e9 tla\u010d\u00edtko: Ne Energy Shield dost\u00e1v\u00e1 synergick\u00e9 bonusy ze skill\u016f: Telekinesis:\u00a0\u20136,25% k\u00a0spot\u0159eb\u011b many za level Energetick\u00fd \u0161t\u00edt [&#8230;]<\/p>\n<p><a class=\"btn btn-secondary understrap-read-more-link\" href=\"https:\/\/www.diablofans.cz\/d2\/herni-postavy-sorceress-skilly-lightning-spells-energy-shield\/\">\u010c\u00edst d\u00e1le&#8230;<span class=\"screen-reader-text\"> from Sorceress &#8211; Skilly &#8211; Lightning Spells &#8211; Energy Shield<\/span><\/a><\/p>\n","protected":false},"author":1,"featured_media":0,"parent":0,"menu_order":0,"comment_status":"open","ping_status":"open","template":"","meta":{"footnotes":""},"class_list":["post-3281","page","type-page","status-publish","hentry"],"_links":{"self":[{"href":"https:\/\/www.diablofans.cz\/d2\/wp-json\/wp\/v2\/pages\/3281","targetHints":{"allow":["GET"]}}],"collection":[{"href":"https:\/\/www.diablofans.cz\/d2\/wp-json\/wp\/v2\/pages"}],"about":[{"href":"https:\/\/www.diablofans.cz\/d2\/wp-json\/wp\/v2\/types\/page"}],"author":[{"embeddable":true,"href":"https:\/\/www.diablofans.cz\/d2\/wp-json\/wp\/v2\/users\/1"}],"replies":[{"embeddable":true,"href":"https:\/\/www.diablofans.cz\/d2\/wp-json\/wp\/v2\/comments?post=3281"}],"version-history":[{"count":0,"href":"https:\/\/www.diablofans.cz\/d2\/wp-json\/wp\/v2\/pages\/3281\/revisions"}],"wp:attachment":[{"href":"https:\/\/www.diablofans.cz\/d2\/wp-json\/wp\/v2\/media?parent=3281"}],"curies":[{"name":"wp","href":"https:\/\/api.w.org\/{rel}","templated":true}]}}