{"id":3286,"date":"2018-08-25T22:08:55","date_gmt":"2018-08-25T20:08:55","guid":{"rendered":"http:\/\/diablofans.ddev.site\/d2\/herni-postavy-sorceress-skilly-fire-spells-warmth\/"},"modified":"2018-08-25T22:08:55","modified_gmt":"2018-08-25T20:08:55","slug":"herni-postavy-sorceress-skilly-fire-spells-warmth","status":"publish","type":"page","link":"https:\/\/www.diablofans.cz\/d2\/herni-postavy-sorceress-skilly-fire-spells-warmth\/","title":{"rendered":"Sorceress &#8211; Skilly &#8211; Fire Spells &#8211; Warmth"},"content":{"rendered":"\n<div class=\"skilly\">\n<p style=\"text-align:center\"><a href=\"https:\/\/www.diablofans.cz\/d2\/herni-postavy-assassin\">Sorceress<\/a>\u00a0\u2013 <a href=\"https:\/\/www.diablofans.cz\/d2\/herni-postavy-sorceress-skilly-cold-spells\">Cold Spells<\/a>\u00a0\u2013 <a href=\"https:\/\/www.diablofans.cz\/d2\/herni-postavy-sorceress-skilly-lightning-spells\">Lightning Spells<\/a>\u00a0\u2013 <strong><a href=\"https:\/\/www.diablofans.cz\/d2\/herni-postavy-sorceress-skilly-fire-spells\">Fire\u00a0Spells<\/a><\/strong><\/p>\n<div style=\"float: right; width: 120px; \">\n<table>\n<tbody>\n<tr>\n<td><a href=\"https:\/\/www.diablofans.cz\/d2\/herni-postavy-sorceress-skilly-fire-spells-fire-bolt\">Fire Bolt<\/a><\/td>\n<\/tr>\n<tr>\n<td><strong><a href=\"https:\/\/www.diablofans.cz\/d2\/herni-postavy-sorceress-skilly-fire-spells-warmth\">Warmth<\/a><\/strong><\/td>\n<\/tr>\n<tr>\n<td><a href=\"https:\/\/www.diablofans.cz\/d2\/herni-postavy-sorceress-skilly-fire-spells-inferno\">Inferno<\/a><\/td>\n<\/tr>\n<tr>\n<td><a href=\"https:\/\/www.diablofans.cz\/d2\/herni-postavy-sorceress-skilly-fire-spells-blaze\">Blaze<\/a><\/td>\n<\/tr>\n<tr>\n<td><a href=\"https:\/\/www.diablofans.cz\/d2\/herni-postavy-sorceress-skilly-fire-spells-fire-ball\">Fire Ball<\/a><\/td>\n<\/tr>\n<tr>\n<td><a href=\"https:\/\/www.diablofans.cz\/d2\/herni-postavy-sorceress-skilly-fire-spells-fire-wall\">Fire Wall<\/a><\/td>\n<\/tr>\n<tr>\n<td><a href=\"https:\/\/www.diablofans.cz\/d2\/herni-postavy-sorceress-skilly-fire-spells-enchant\">Enchant<\/a><\/td>\n<\/tr>\n<tr>\n<td><a href=\"https:\/\/www.diablofans.cz\/d2\/herni-postavy-sorceress-skilly-fire-spells-meteor\">Meteor<\/a><\/td>\n<\/tr>\n<tr>\n<td><a href=\"https:\/\/www.diablofans.cz\/d2\/herni-postavy-sorceress-skilly-fire-spells-fire-mastery\">Fire Mastery<\/a><\/td>\n<\/tr>\n<tr>\n<td><a href=\"https:\/\/www.diablofans.cz\/d2\/herni-postavy-sorceress-skilly-fire-spells-hydra\">Hydra<\/a><\/td>\n<\/tr>\n<\/tbody>\n<\/table><\/div>\n<h3 style=\"clear:none\">Warmth<\/h3>\n<div><img loading=\"lazy\" decoding=\"async\" src=\"https:\/\/www.diablofans.cz\/d2\/wp-content\/uploads\/2018\/08\/warmth.jpg\" alt=\"Warmth\" class=\"img-left\" width=\"48\" height=\"48\" \/><\/div>\n<ul>\n<li>Pot\u0159ebn\u00fd level: 1<\/li>\n<li>Pot\u0159ebn\u00e9 skilly: \u017e\u00e1dn\u00e9<\/li>\n<li>Typ: Pas\u00edvn\u00ed regenerace<\/li>\n<\/ul>\n<p>Toto je pas\u00edvn\u00ed dovednost, kter\u00e1 \u010darod\u011bjk\u00e1m zvy\u0161uje p\u0159irozenou schopnost regenerace many. \u010carod\u011bjka ke kouzlen\u00ed v\u011bt\u0161inou pot\u0159ebuje many hodn\u011b a \u010dasto se m\u016f\u017ee pot\u00fdkat s\u00a0jej\u00edm nedostatkem, tak\u017ee se doporu\u010duje minim\u00e1ln\u011b jeden bod do dovednosti vlo\u017eit. Rozhodn\u011b j\u00ed to usnadn\u00ed \u017eivot. Zvl\u00e1\u0161\u0165 na ni\u017e\u0161\u00edch \u00farovn\u00edch je p\u0159\u00ednos t\u00e9to dovednosti dost zn\u00e1t. \u010carod\u011bjky specializuj\u00edc\u00ed se na v\u011bt\u0161\u00ed vyu\u017eit\u00ed <a href=\"https:\/\/www.diablofans.cz\/d2\/herni-postavy-sorceress-skilly-lightning-spells-energy-shield\">Energy Shieldu<\/a> se bez t\u00e9to regenerce neobejdou.<\/p>\n<p>Ji\u017e na sedm\u00e9 \u00farovni je rychlost obnovy z\u00e1sob many dvojn\u00e1sobn\u00e9 oproti b\u011b\u017en\u00e9 rychlosti.<\/p>\n<h3>Tabulka<\/h3>\n<table>\n<thead>\n<tr>\n<th style=\"width:100px\">\u00darovn\u011b<\/th>\n<th style=\"width:40px\">1<\/th>\n<th style=\"width:40px\">2<\/th>\n<th style=\"width:40px\">3<\/th>\n<th style=\"width:40px\">4<\/th>\n<th style=\"width:40px\">5<\/th>\n<th style=\"width:40px\">6<\/th>\n<th style=\"width:40px\">7<\/th>\n<th style=\"width:40px\">8<\/th>\n<th style=\"width:40px\">9<\/th>\n<th style=\"width:40px\">10<\/th>\n<\/tr>\n<\/thead>\n<tbody>\n<tr>\n<td>Regenerace many (%)<\/td>\n<td>30<\/td>\n<td>42<\/td>\n<td>54<\/td>\n<td>66<\/td>\n<td>78<\/td>\n<td>90<\/td>\n<td>102<\/td>\n<td>114<\/td>\n<td>126<\/td>\n<td>138<\/td>\n<\/tr>\n<tr>\n<th>\u00darovn\u011b<\/th>\n<th>11<\/th>\n<th>12<\/th>\n<th>13<\/th>\n<th>14<\/th>\n<th>15<\/th>\n<th>16<\/th>\n<th>17<\/th>\n<th>18<\/th>\n<th>19<\/th>\n<th>20<\/th>\n<\/tr>\n<tr>\n<td>Regenerace many (%)<\/td>\n<td>150<\/td>\n<td>162<\/td>\n<td>174<\/td>\n<td>186<\/td>\n<td>198<\/td>\n<td>210<\/td>\n<td>222<\/td>\n<td>234<\/td>\n<td>246<\/td>\n<td>258<\/td>\n<\/tr>\n<\/tbody>\n<\/table>\n<table>\n<thead>\n<tr>\n<th style=\"width:100px\">\u00darovn\u011b<\/th>\n<th style=\"width:40px\">21<\/th>\n<th style=\"width:40px\">22<\/th>\n<th style=\"width:40px\">23<\/th>\n<th style=\"width:40px\">24<\/th>\n<th style=\"width:40px\">25<\/th>\n<th style=\"width:40px\">26<\/th>\n<th style=\"width:40px\">27<\/th>\n<th style=\"width:40px\">28<\/th>\n<th style=\"width:40px\">29<\/th>\n<th style=\"width:40px\">30<\/th>\n<\/tr>\n<\/thead>\n<tbody>\n<tr>\n<td>Regenerace many (%)<\/td>\n<td>270<\/td>\n<td>282<\/td>\n<td>294<\/td>\n<td>306<\/td>\n<td>318<\/td>\n<td>330<\/td>\n<td>342<\/td>\n<td>354<\/td>\n<td>366<\/td>\n<td>378<\/td>\n<\/tr>\n<tr>\n<th>\u00darovn\u011b<\/th>\n<th>31<\/th>\n<th>32<\/th>\n<th>33<\/th>\n<th>34<\/th>\n<th>35<\/th>\n<th>36<\/th>\n<th>37<\/th>\n<th>38<\/th>\n<th>39<\/th>\n<th>40<\/th>\n<\/tr>\n<tr>\n<td>Regenerace many (%)<\/td>\n<td>390<\/td>\n<td>402<\/td>\n<td>414<\/td>\n<td>426<\/td>\n<td>438<\/td>\n<td>450<\/td>\n<td>462<\/td>\n<td>474<\/td>\n<td>486<\/td>\n<td>498<\/td>\n<\/tr>\n<\/tbody>\n<\/table>\n<p>Hodnoty regenerace z\u00a0tohoto skillu se s\u010d\u00edtaj\u00ed s\u00a0hodnotami ze skillu <a href=\"https:\/\/www.diablofans.cz\/d2\/herni-postavy-paladin-skilly-defensive-auras-meditation\">Meditation<\/a> a s\u00a0hodnotami vlastnosti <a href=\"https:\/\/www.diablofans.cz\/d2\/vlastnosti-regenerate-mana\">Regenerate mana<\/a> na p\u0159edm\u011btech.<\/p>\n<p>S\u00a0nulovou regenerac\u00ed many trv\u00e1 2\u00a0minuty, ne\u017e se z\u00e1soby many zcela obnov\u00ed. Na 7.\u00a0\u00farovni skillu to ji\u017e d\u011bl\u00e1 jen necelou minutu a na 20.\u00a0\u00farovni pouh\u00fdch 33\u00a0sekund.<\/p>\n<h3>V\u00fdpo\u010dty<\/h3>\n<p>Regenerace many (%) = 12 * slvl + 18<\/p>\n<p>(slvl = \u00farove\u0148 skillu)<\/p>\n<h3>V\u00fdskyt dovednosti<\/h3>\n<p><strong>N\u011bkter\u00e9 p\u0159edm\u011bty poskytuj\u00ed bonus k\u00a0tomuto skillu:<\/strong><\/p>\n<ul>\n<li>V\u0161echny p\u0159edm\u011bty typu <a href=\"https:\/\/www.diablofans.cz\/d2\/predmety-normal-sorceress-orbs\">Orb<\/a> a <a href=\"https:\/\/www.diablofans.cz\/d2\/predmety-normal-staves\">Staff<\/a> (ilvl&lt;25): +1\u20133 to Warmth (Sorceress Only) (varies)<\/li>\n<li><a href=\"https:\/\/www.diablofans.cz\/d2\/predmety-unique-elite-armor\">Ormus&#8216; Robes Dusk Shroud<\/a>: +3\u00a0to Warmth (Sorceress\u00a0Only)<\/li>\n<li><a href=\"https:\/\/www.diablofans.cz\/d2\/predmety-unique-normal-staves\">Bane Ash Short Staff<\/a>: +2\u00a0to Warmth (Sorceress\u00a0Only)<\/li>\n<li><a href=\"https:\/\/www.diablofans.cz\/d2\/predmety-unique-normal-staves\">The Salamander Battle Staff<\/a>: +3\u00a0to Warmth (Sorceress\u00a0Only)<\/li>\n<li><a href=\"https:\/\/www.diablofans.cz\/d2\/runova-slova-1-09\">Leaf staff<\/a>: +3\u00a0to Warmth (Sorceress Only)<\/li>\n<li><a href=\"https:\/\/www.diablofans.cz\/d2\/runova-slova-1-11\">Enlightenment armor<\/a>: +1\u00a0to Warmth\u00a0\u2013 <a href=\"https:\/\/www.diablofans.cz\/d2\/dovednosti#oskills\">Oskill<\/a><\/li>\n<\/ul>\n<hr \/>\n<p><em>Pokud se \u010darod\u011bjka chce st\u00e1t opravdu respektovan\u00fdm u\u017eivatelem magie, v\u011bnuje se i\u00a0t\u00e9to schopnosti, kter\u00e1 spo\u010d\u00edv\u00e1 ve sb\u011bru podstaty tepla okoln\u00edho vzduchu. To p\u0159em\u011b\u0148uje na energii a d\u00e1le na mystickou s\u00edlu, pomoc\u00ed n\u00ed\u017e ovl\u00e1d\u00e1 sv\u00e1 kouzla. D\u00edky tomu se p\u0159i pou\u017e\u00edv\u00e1n\u00ed magie rychleji vzpamatuje z\u00a0vy\u010derp\u00e1n\u00ed.<\/em><\/p>\n<p style=\"text-align:center\">&#8212;\u00a0\u2014 &#8212;\u00a0\u2014 &#8212;\u00a0\u2014 &#8212;\u00a0\u2014 &#8212;\u00a0\u2014 &#8212;\u00a0\u2014 &#8212;\u00a0\u2014 &#8212;\u00a0\u2014 &#8212;\u00a0\u2014 &#8212;\u00a0\u2014 &#8212;\u00a0\u2014\u00a0&#8212;<\/p>\n<p style=\"text-align:center\"><a href=\"https:\/\/www.diablofans.cz\/d2\/herni-postavy-sorceress-skilly-fire-spells\">\u00ab Zp\u011bt do sekce Hern\u00ed postavy\u00a0\u2013 Sorceress\u00a0\u2013 Skilly\u00a0\u2013 Fire\u00a0Spells<\/a><\/p>\n<\/p><\/div>\n<p> <!-- by Texy2! --><\/p>\n","protected":false},"excerpt":{"rendered":"<p>Sorceress\u00a0\u2013 Cold Spells\u00a0\u2013 Lightning Spells\u00a0\u2013 Fire\u00a0Spells Fire Bolt Warmth Inferno Blaze Fire Ball Fire Wall Enchant Meteor Fire Mastery Hydra Warmth Pot\u0159ebn\u00fd level: 1 Pot\u0159ebn\u00e9 skilly: \u017e\u00e1dn\u00e9 Typ: Pas\u00edvn\u00ed regenerace Toto je pas\u00edvn\u00ed dovednost, kter\u00e1 \u010darod\u011bjk\u00e1m zvy\u0161uje p\u0159irozenou schopnost regenerace many. \u010carod\u011bjka ke kouzlen\u00ed v\u011bt\u0161inou pot\u0159ebuje many hodn\u011b a \u010dasto se m\u016f\u017ee pot\u00fdkat s\u00a0jej\u00edm nedostatkem, [&#8230;]<\/p>\n<p><a class=\"btn btn-secondary understrap-read-more-link\" href=\"https:\/\/www.diablofans.cz\/d2\/herni-postavy-sorceress-skilly-fire-spells-warmth\/\">\u010c\u00edst d\u00e1le&#8230;<span class=\"screen-reader-text\"> from Sorceress &#8211; Skilly &#8211; Fire Spells &#8211; Warmth<\/span><\/a><\/p>\n","protected":false},"author":1,"featured_media":0,"parent":0,"menu_order":0,"comment_status":"open","ping_status":"open","template":"","meta":{"footnotes":""},"class_list":["post-3286","page","type-page","status-publish","hentry"],"_links":{"self":[{"href":"https:\/\/www.diablofans.cz\/d2\/wp-json\/wp\/v2\/pages\/3286","targetHints":{"allow":["GET"]}}],"collection":[{"href":"https:\/\/www.diablofans.cz\/d2\/wp-json\/wp\/v2\/pages"}],"about":[{"href":"https:\/\/www.diablofans.cz\/d2\/wp-json\/wp\/v2\/types\/page"}],"author":[{"embeddable":true,"href":"https:\/\/www.diablofans.cz\/d2\/wp-json\/wp\/v2\/users\/1"}],"replies":[{"embeddable":true,"href":"https:\/\/www.diablofans.cz\/d2\/wp-json\/wp\/v2\/comments?post=3286"}],"version-history":[{"count":0,"href":"https:\/\/www.diablofans.cz\/d2\/wp-json\/wp\/v2\/pages\/3286\/revisions"}],"wp:attachment":[{"href":"https:\/\/www.diablofans.cz\/d2\/wp-json\/wp\/v2\/media?parent=3286"}],"curies":[{"name":"wp","href":"https:\/\/api.w.org\/{rel}","templated":true}]}}