{"id":3289,"date":"2018-08-25T22:08:55","date_gmt":"2018-08-25T20:08:55","guid":{"rendered":"http:\/\/diablofans.ddev.site\/d2\/herni-postavy-sorceress-skilly-fire-spells-blaze\/"},"modified":"2018-08-25T22:08:55","modified_gmt":"2018-08-25T20:08:55","slug":"herni-postavy-sorceress-skilly-fire-spells-blaze","status":"publish","type":"page","link":"https:\/\/www.diablofans.cz\/d2\/herni-postavy-sorceress-skilly-fire-spells-blaze\/","title":{"rendered":"Sorceress &#8211; Skilly &#8211; Fire Spells &#8211; Blaze"},"content":{"rendered":"\n<div class=\"skilly\">\n<p style=\"text-align:center\"><a href=\"https:\/\/www.diablofans.cz\/d2\/herni-postavy-assassin\">Sorceress<\/a>\u00a0\u2013 <a href=\"https:\/\/www.diablofans.cz\/d2\/herni-postavy-sorceress-skilly-cold-spells\">Cold Spells<\/a>\u00a0\u2013 <a href=\"https:\/\/www.diablofans.cz\/d2\/herni-postavy-sorceress-skilly-lightning-spells\">Lightning Spells<\/a>\u00a0\u2013 <strong><a href=\"https:\/\/www.diablofans.cz\/d2\/herni-postavy-sorceress-skilly-fire-spells\">Fire\u00a0Spells<\/a><\/strong><\/p>\n<div style=\"float: right; width: 120px; \">\n<table>\n<tbody>\n<tr>\n<td><a href=\"https:\/\/www.diablofans.cz\/d2\/herni-postavy-sorceress-skilly-fire-spells-fire-bolt\">Fire Bolt<\/a><\/td>\n<\/tr>\n<tr>\n<td><a href=\"https:\/\/www.diablofans.cz\/d2\/herni-postavy-sorceress-skilly-fire-spells-warmth\">Warmth<\/a><\/td>\n<\/tr>\n<tr>\n<td><a href=\"https:\/\/www.diablofans.cz\/d2\/herni-postavy-sorceress-skilly-fire-spells-inferno\">Inferno<\/a><\/td>\n<\/tr>\n<tr>\n<td><strong><a href=\"https:\/\/www.diablofans.cz\/d2\/herni-postavy-sorceress-skilly-fire-spells-blaze\">Blaze<\/a><\/strong><\/td>\n<\/tr>\n<tr>\n<td><a href=\"https:\/\/www.diablofans.cz\/d2\/herni-postavy-sorceress-skilly-fire-spells-fire-ball\">Fire Ball<\/a><\/td>\n<\/tr>\n<tr>\n<td><a href=\"https:\/\/www.diablofans.cz\/d2\/herni-postavy-sorceress-skilly-fire-spells-fire-wall\">Fire Wall<\/a><\/td>\n<\/tr>\n<tr>\n<td><a href=\"https:\/\/www.diablofans.cz\/d2\/herni-postavy-sorceress-skilly-fire-spells-enchant\">Enchant<\/a><\/td>\n<\/tr>\n<tr>\n<td><a href=\"https:\/\/www.diablofans.cz\/d2\/herni-postavy-sorceress-skilly-fire-spells-meteor\">Meteor<\/a><\/td>\n<\/tr>\n<tr>\n<td><a href=\"https:\/\/www.diablofans.cz\/d2\/herni-postavy-sorceress-skilly-fire-spells-fire-mastery\">Fire Mastery<\/a><\/td>\n<\/tr>\n<tr>\n<td><a href=\"https:\/\/www.diablofans.cz\/d2\/herni-postavy-sorceress-skilly-fire-spells-hydra\">Hydra<\/a><\/td>\n<\/tr>\n<\/tbody>\n<\/table><\/div>\n<h3 style=\"clear:none\">Blaze<\/h3>\n<div><img loading=\"lazy\" decoding=\"async\" src=\"https:\/\/www.diablofans.cz\/d2\/wp-content\/uploads\/2018\/08\/blaze.jpg\" alt=\"Blaze\" class=\"img-left\" width=\"48\" height=\"48\" \/><\/div>\n<ul>\n<li>Pot\u0159ebn\u00fd level: 12<\/li>\n<li>Pot\u0159ebn\u00e9 skilly: <a href=\"https:\/\/www.diablofans.cz\/d2\/herni-postavy-sorceress-skilly-fire-spells-inferno\">Inferno<\/a><\/li>\n<li>Typ: \u010casov\u011b omezen\u00e1 ohniv\u00e1 past<\/li>\n<li>Lev\u00e9 tla\u010d\u00edtko: Ne<\/li>\n<\/ul>\n<p class=\"zelena\">Blaze dost\u00e1v\u00e1 synergick\u00e9 bonusy ze skill\u016f:<\/p>\n<ul>\n<li><a href=\"https:\/\/www.diablofans.cz\/d2\/herni-postavy-sorceress-skilly-fire-spells-warmth\">Warmth<\/a>: +4% k\u00a0ohniv\u00e9mu po\u0161kozen\u00ed za level<\/li>\n<li><a href=\"https:\/\/www.diablofans.cz\/d2\/herni-postavy-sorceress-skilly-fire-spells-fire-wall\">Fire Wall<\/a>: +1% k\u00a0ohniv\u00e9mu po\u0161kozen\u00ed za level<\/li>\n<\/ul>\n<p>Ohniv\u00fd \u017e\u00e1r vytvo\u0159\u00ed ohni\u0161t\u011b na m\u00edstech, kudy \u010darod\u011bjka pro\u0161la, tak\u017ee je mo\u017en\u00e9 tento skill takticky vyu\u017e\u00edt. Lze nap\u0159\u00edklad obkl\u00ed\u010dit skupinu nep\u0159\u00e1tel ohn\u011bm t\u00edm, \u017ee kolem nich bude \u010darod\u011bjka ob\u00edhat v\u00a0kruhu. Vyu\u017e\u00edt se d\u00e1 rovn\u011b\u017e p\u0159i \u00faprku, kdy\u017e se monstrum sp\u00e1l\u00ed plameny zalo\u017een\u00fdmi za \u010darod\u011bjkou. Vzhledem k\u00a0tomu, \u017ee \u017e\u00e1r na vy\u0161\u0161\u00edch \u00farovn\u00edch zp\u016fsob\u00ed za vte\u0159inu velmi rozs\u00e1hl\u00e1 zran\u011bn\u00ed, je v\u011bt\u0161ina monster v\u00a0ohni brzy zahubena.<\/p>\n<h3>Tabulka<\/h3>\n<table>\n<thead>\n<tr>\n<th style=\"width:100px\">\u00darovn\u011b<\/th>\n<th style=\"width:40px\">1<\/th>\n<th style=\"width:40px\">2<\/th>\n<th style=\"width:40px\">3<\/th>\n<th style=\"width:40px\">4<\/th>\n<th style=\"width:40px\">5<\/th>\n<th style=\"width:40px\">6<\/th>\n<th style=\"width:40px\">7<\/th>\n<th style=\"width:40px\">8<\/th>\n<th style=\"width:40px\">9<\/th>\n<th style=\"width:40px\">10<\/th>\n<\/tr>\n<\/thead>\n<tbody>\n<tr>\n<td>Mana<\/td>\n<td>11<\/td>\n<td>12<\/td>\n<td>13<\/td>\n<td>14<\/td>\n<td>15<\/td>\n<td>16<\/td>\n<td>17<\/td>\n<td>18<\/td>\n<td>19<\/td>\n<td>20<\/td>\n<\/tr>\n<tr>\n<td rowspan=\"2\"><span style=\"color: #dfef00;\">Fire DMG\/s<\/span><\/td>\n<td>18<\/td>\n<td>28<\/td>\n<td>37<\/td>\n<td>46<\/td>\n<td>56<\/td>\n<td>65<\/td>\n<td>75<\/td>\n<td>84<\/td>\n<td>98<\/td>\n<td>112<\/td>\n<\/tr>\n<tr>\n<td>37<\/td>\n<td>46<\/td>\n<td>56<\/td>\n<td>65<\/td>\n<td>75<\/td>\n<td>84<\/td>\n<td>93<\/td>\n<td>103<\/td>\n<td>117<\/td>\n<td>131<\/td>\n<\/tr>\n<tr>\n<td>Trv\u00e1n\u00ed (s)<\/td>\n<td>4,6<\/td>\n<td>5,6<\/td>\n<td>6,6<\/td>\n<td>7,6<\/td>\n<td>8,6<\/td>\n<td>9,6<\/td>\n<td>10,6<\/td>\n<td>11,6<\/td>\n<td>12,6<\/td>\n<td>13,6<\/td>\n<\/tr>\n<tr>\n<th>\u00darovn\u011b<\/th>\n<th>11<\/th>\n<th>12<\/th>\n<th>13<\/th>\n<th>14<\/th>\n<th>15<\/th>\n<th>16<\/th>\n<th>17<\/th>\n<th>18<\/th>\n<th>19<\/th>\n<th>20<\/th>\n<\/tr>\n<tr>\n<td>Mana<\/td>\n<td>21<\/td>\n<td>22<\/td>\n<td>23<\/td>\n<td>24<\/td>\n<td>25<\/td>\n<td>26<\/td>\n<td>27<\/td>\n<td>28<\/td>\n<td>29<\/td>\n<td>30<\/td>\n<\/tr>\n<tr>\n<td rowspan=\"2\"><span style=\"color: #dfef00;\">Fire DMG\/s<\/span><\/td>\n<td>126<\/td>\n<td>140<\/td>\n<td>154<\/td>\n<td>168<\/td>\n<td>182<\/td>\n<td>196<\/td>\n<td>215<\/td>\n<td>234<\/td>\n<td>253<\/td>\n<td>271<\/td>\n<\/tr>\n<tr>\n<td>145<\/td>\n<td>159<\/td>\n<td>173<\/td>\n<td>187<\/td>\n<td>201<\/td>\n<td>215<\/td>\n<td>234<\/td>\n<td>253<\/td>\n<td>271<\/td>\n<td>290<\/td>\n<\/tr>\n<tr>\n<td>Trv\u00e1n\u00ed (s)<\/td>\n<td>14,6<\/td>\n<td>15,6<\/td>\n<td>16,6<\/td>\n<td>17,6<\/td>\n<td>18,6<\/td>\n<td>19,6<\/td>\n<td>20,6<\/td>\n<td>21,6<\/td>\n<td>22,6<\/td>\n<td>23,6<\/td>\n<\/tr>\n<\/tbody>\n<\/table>\n<table>\n<thead>\n<tr>\n<th style=\"width:100px\">\u00darovn\u011b<\/th>\n<th style=\"width:40px\">21<\/th>\n<th style=\"width:40px\">22<\/th>\n<th style=\"width:40px\">23<\/th>\n<th style=\"width:40px\">24<\/th>\n<th style=\"width:40px\">25<\/th>\n<th style=\"width:40px\">26<\/th>\n<th style=\"width:40px\">27<\/th>\n<th style=\"width:40px\">28<\/th>\n<th style=\"width:40px\">29<\/th>\n<th style=\"width:40px\">30<\/th>\n<\/tr>\n<\/thead>\n<tbody>\n<tr>\n<td>Mana<\/td>\n<td>31<\/td>\n<td>32<\/td>\n<td>33<\/td>\n<td>34<\/td>\n<td>35<\/td>\n<td>36<\/td>\n<td>37<\/td>\n<td>38<\/td>\n<td>39<\/td>\n<td>40<\/td>\n<\/tr>\n<tr>\n<td rowspan=\"2\"><span style=\"color: #dfef00;\">Fire DMG\/s<\/span><\/td>\n<td>290<\/td>\n<td>309<\/td>\n<td>337<\/td>\n<td>365<\/td>\n<td>393<\/td>\n<td>421<\/td>\n<td>450<\/td>\n<td>478<\/td>\n<td>520<\/td>\n<td>562<\/td>\n<\/tr>\n<tr>\n<td>309<\/td>\n<td>328<\/td>\n<td>356<\/td>\n<td>384<\/td>\n<td>412<\/td>\n<td>440<\/td>\n<td>468<\/td>\n<td>496<\/td>\n<td>539<\/td>\n<td>581<\/td>\n<\/tr>\n<tr>\n<td>Trv\u00e1n\u00ed (s)<\/td>\n<td>24,6<\/td>\n<td>25,6<\/td>\n<td>26,6<\/td>\n<td>27,6<\/td>\n<td>28,6<\/td>\n<td>29,6<\/td>\n<td>30,6<\/td>\n<td>31,6<\/td>\n<td>32,6<\/td>\n<td>33,6<\/td>\n<\/tr>\n<tr>\n<th>\u00darovn\u011b<\/th>\n<th>31<\/th>\n<th>32<\/th>\n<th>33<\/th>\n<th>34<\/th>\n<th>35<\/th>\n<th>36<\/th>\n<th>37<\/th>\n<th>38<\/th>\n<th>39<\/th>\n<th>40<\/th>\n<\/tr>\n<tr>\n<td>Mana<\/td>\n<td>41<\/td>\n<td>42<\/td>\n<td>43<\/td>\n<td>44<\/td>\n<td>45<\/td>\n<td>46<\/td>\n<td>47<\/td>\n<td>48<\/td>\n<td>49<\/td>\n<td>50<\/td>\n<\/tr>\n<tr>\n<td rowspan=\"2\"><span style=\"color: #dfef00;\">Fire DMG\/s<\/span><\/td>\n<td>604<\/td>\n<td>646<\/td>\n<td>689<\/td>\n<td>731<\/td>\n<td>773<\/td>\n<td>815<\/td>\n<td>857<\/td>\n<td>900<\/td>\n<td>942<\/td>\n<td>984<\/td>\n<\/tr>\n<tr>\n<td>623<\/td>\n<td>665<\/td>\n<td>707<\/td>\n<td>750<\/td>\n<td>792<\/td>\n<td>834<\/td>\n<td>876<\/td>\n<td>918<\/td>\n<td>960<\/td>\n<td>1003<\/td>\n<\/tr>\n<tr>\n<td>Trv\u00e1n\u00ed (s)<\/td>\n<td>34,6<\/td>\n<td>35,6<\/td>\n<td>36,6<\/td>\n<td>37,6<\/td>\n<td>38,6<\/td>\n<td>39,6<\/td>\n<td>40,6<\/td>\n<td>41,6<\/td>\n<td>42,6<\/td>\n<td>43,6<\/td>\n<\/tr>\n<\/tbody>\n<\/table>\n<p>P\u0159i pohybu \u010darod\u011bjka vy\u010daruje plameny na zem, kter\u00e9 trvaj\u00ed a\u017e do vy\u010derp\u00e1n\u00ed kouzla. Ka\u017ed\u00fd plamen zra\u0148uje nep\u0159\u00e1tele jako bitov\u00e9 \u0161kody za ka\u017ed\u00fd sn\u00edmek.<\/p>\n<p>Zobrazen\u00e9 ohniv\u00e9 \u0161kody p\u0159edpokl\u00e1daj\u00ed, \u017ee nep\u0159\u00edtele zran\u00ed a\u017e 3\u00a0plameny najednou. <span style=\"color: #dfef20;\">Ve skute\u010dnosti v\u0161ak mohou b\u00fdt mnohem v\u011bt\u0161\u00ed, nebo\u0165 lze u\u00a0tohoto skillu ch\u016fz\u00ed p\u0159es stejn\u00e1 m\u00edsta polo\u017eit v\u00edce plamen\u016f na jedno\u00a0m\u00edsto.<\/span><\/p>\n<p>Monstra neimunn\u00ed proti ohni, kter\u00e1 jsou zasahov\u00e1na ohn\u011bm z\u00a0tohoto skillu, se neregeneruj\u00ed, nebo\u0165 dost\u00e1vaj\u00ed n\u011bjak\u00e9 \u0161kody ka\u017ed\u00fd sn\u00edmek.<\/p>\n<h3>V\u00fdpo\u010dty<\/h3>\n<ul>\n<li>Mana = 10 + slvl<\/li>\n<li>Fire Bit Damage:<\/li>\n<\/ul>\n<table>\n<thead>\n<tr>\n<th>\u00darove\u0148<\/th>\n<th>1\u20138<\/th>\n<th>9\u201316<\/th>\n<th>17\u201322<\/th>\n<th>23\u201327<\/th>\n<th>28\u201399<\/th>\n<\/tr>\n<\/thead>\n<tbody>\n<tr>\n<td style=\"width:110px\"><span style=\"color: #dfef00;\">Min Fire DMG\/s<\/span><\/td>\n<td>32*slvl+32<\/td>\n<td>48*slvl-96<\/td>\n<td>64*slvl-352<\/td>\n<td>96*slvl-1056<\/td>\n<td>144*slvl-2400<\/td>\n<\/tr>\n<tr>\n<td style=\"width:110px\"><span style=\"color: #dfef00;\">Max Fire DMG\/s<\/span><\/td>\n<td>32*slvl+96<\/td>\n<td>48*slvl-32<\/td>\n<td>64*slvl-288<\/td>\n<td>96*slvl-992<\/td>\n<td>144*slvl-2336<\/td>\n<\/tr>\n<\/tbody>\n<\/table>\n<ul>\n<li>Zobrazen\u00e9 Fire DMG\/s = (Min Fire DMG\/s) * 3 * 25\/256\u00a0\u2013 (Max Fire DMG\/s) * 3 *\u00a025\/256<\/li>\n<li><strong>Skute\u010dn\u00e9 Fire DMG\/s<\/strong> = (Min Fire DMG\/s) * pyres * 25\/256\u00a0\u2013 (Max Fire DMG\/s) * pyres *\u00a025\/256<\/li>\n<\/ul>\n<p>(slvl = \u00farove\u0148 skillu, pyres = po\u010det plam\u00ednk\u016f)<\/p>\n<h3>V\u00fdskyt dovednosti<\/h3>\n<p><strong>N\u011bkter\u00e9 p\u0159edm\u011bty poskytuj\u00ed bonus k\u00a0tomuto skillu:<\/strong><\/p>\n<ul>\n<li>V\u0161echny p\u0159edm\u011bty typu <a href=\"https:\/\/www.diablofans.cz\/d2\/predmety-normal-sorceress-orbs\">Orb<\/a> a <a href=\"https:\/\/www.diablofans.cz\/d2\/predmety-normal-staves\">Staff<\/a> (ilvl&lt;37): +1\u20133 to Blaze (Sorceress Only) (varies)<\/li>\n<li><a href=\"https:\/\/www.diablofans.cz\/d2\/predmety-unique-elite-armor\">Ormus&#8216; Robes Dusk Shroud<\/a>: +3\u00a0to Blaze (Sorceress\u00a0Only)<\/li>\n<li><a href=\"https:\/\/www.diablofans.cz\/d2\/predmety-unique-normal-staves\">The Iron Jang Bong War Staff<\/a>: +2\u00a0to Blaze (Sorceress\u00a0Only)<\/li>\n<\/ul>\n<p><strong>N\u011bkter\u00e9 p\u0159edm\u011bty spou\u0161t\u00ed tento skill:<\/strong><\/p>\n<ul>\n<li><a href=\"https:\/\/www.diablofans.cz\/d2\/predmety-unique-exceptional-boots\">Infernostride Demonhide Boots<\/a>: 5% Chance to Cast Level 8\u00a0Blaze When\u00a0Struck<\/li>\n<li><a href=\"https:\/\/www.diablofans.cz\/d2\/runova-slova-1-11\">Enlightment armor<\/a>: 5% Chance to Cast Level 15\u00a0Blaze When\u00a0Struck<\/li>\n<li><a href=\"https:\/\/www.diablofans.cz\/d2\/predmety-unique-ostatni-jewels\">Rainbow Facet Jewel<\/a>: 100% Chance to Cast Level 27\u00a0Blaze When You Level-up<\/li>\n<li><a href=\"https:\/\/www.diablofans.cz\/d2\/runova-slova-1-10\">Hand of Justice weapon<\/a>: 100% Chance to Cast Level 36\u00a0Blaze When You Level-up<\/li>\n<li><a href=\"https:\/\/www.diablofans.cz\/d2\/runova-slova-1-10#realmova\">Phoenix weapon\/shield<\/a>: 100% Chance to Cast Level 40\u00a0Blaze When You Level-up<\/li>\n<\/ul>\n<hr \/>\n<p><em>T\u00edmto kouzlem \u010darod\u011bjka zap\u00e1l\u00ed samotnou zem, po n\u00ed\u017e kr\u00e1\u010d\u00ed. Nech\u00e1v\u00e1 za sebou ohnivou hradbu.<\/em><\/p>\n<p style=\"text-align:center\">&#8212;\u00a0\u2014 &#8212;\u00a0\u2014 &#8212;\u00a0\u2014 &#8212;\u00a0\u2014 &#8212;\u00a0\u2014 &#8212;\u00a0\u2014 &#8212;\u00a0\u2014 &#8212;\u00a0\u2014 &#8212;\u00a0\u2014 &#8212;\u00a0\u2014 &#8212;\u00a0\u2014\u00a0&#8212;<\/p>\n<p style=\"text-align:center\"><a href=\"https:\/\/www.diablofans.cz\/d2\/herni-postavy-sorceress-skilly-fire-spells\">\u00ab Zp\u011bt do sekce Hern\u00ed postavy\u00a0\u2013 Sorceress\u00a0\u2013 Skilly\u00a0\u2013 Fire\u00a0Spells<\/a><\/p>\n<\/p><\/div>\n<p> <!-- by Texy2! --><\/p>\n","protected":false},"excerpt":{"rendered":"<p>Sorceress\u00a0\u2013 Cold Spells\u00a0\u2013 Lightning Spells\u00a0\u2013 Fire\u00a0Spells Fire Bolt Warmth Inferno Blaze Fire Ball Fire Wall Enchant Meteor Fire Mastery Hydra Blaze Pot\u0159ebn\u00fd level: 12 Pot\u0159ebn\u00e9 skilly: Inferno Typ: \u010casov\u011b omezen\u00e1 ohniv\u00e1 past Lev\u00e9 tla\u010d\u00edtko: Ne Blaze dost\u00e1v\u00e1 synergick\u00e9 bonusy ze skill\u016f: Warmth: +4% k\u00a0ohniv\u00e9mu po\u0161kozen\u00ed za level Fire Wall: +1% k\u00a0ohniv\u00e9mu po\u0161kozen\u00ed za level Ohniv\u00fd [&#8230;]<\/p>\n<p><a class=\"btn btn-secondary understrap-read-more-link\" href=\"https:\/\/www.diablofans.cz\/d2\/herni-postavy-sorceress-skilly-fire-spells-blaze\/\">\u010c\u00edst d\u00e1le&#8230;<span class=\"screen-reader-text\"> from Sorceress &#8211; Skilly &#8211; Fire Spells &#8211; Blaze<\/span><\/a><\/p>\n","protected":false},"author":1,"featured_media":0,"parent":0,"menu_order":0,"comment_status":"open","ping_status":"open","template":"","meta":{"footnotes":""},"class_list":["post-3289","page","type-page","status-publish","hentry"],"_links":{"self":[{"href":"https:\/\/www.diablofans.cz\/d2\/wp-json\/wp\/v2\/pages\/3289","targetHints":{"allow":["GET"]}}],"collection":[{"href":"https:\/\/www.diablofans.cz\/d2\/wp-json\/wp\/v2\/pages"}],"about":[{"href":"https:\/\/www.diablofans.cz\/d2\/wp-json\/wp\/v2\/types\/page"}],"author":[{"embeddable":true,"href":"https:\/\/www.diablofans.cz\/d2\/wp-json\/wp\/v2\/users\/1"}],"replies":[{"embeddable":true,"href":"https:\/\/www.diablofans.cz\/d2\/wp-json\/wp\/v2\/comments?post=3289"}],"version-history":[{"count":0,"href":"https:\/\/www.diablofans.cz\/d2\/wp-json\/wp\/v2\/pages\/3289\/revisions"}],"wp:attachment":[{"href":"https:\/\/www.diablofans.cz\/d2\/wp-json\/wp\/v2\/media?parent=3289"}],"curies":[{"name":"wp","href":"https:\/\/api.w.org\/{rel}","templated":true}]}}