{"id":3290,"date":"2018-08-25T22:08:55","date_gmt":"2018-08-25T20:08:55","guid":{"rendered":"http:\/\/diablofans.ddev.site\/d2\/herni-postavy-sorceress-skilly-fire-spells-fire-wall\/"},"modified":"2018-08-25T22:08:55","modified_gmt":"2018-08-25T20:08:55","slug":"herni-postavy-sorceress-skilly-fire-spells-fire-wall","status":"publish","type":"page","link":"https:\/\/www.diablofans.cz\/d2\/herni-postavy-sorceress-skilly-fire-spells-fire-wall\/","title":{"rendered":"Sorceress &#8211; Skilly &#8211; Fire Spells &#8211; Fire Wall"},"content":{"rendered":"\n<div class=\"skilly\">\n<p style=\"text-align:center\"><a href=\"https:\/\/www.diablofans.cz\/d2\/herni-postavy-assassin\">Sorceress<\/a>\u00a0\u2013 <a href=\"https:\/\/www.diablofans.cz\/d2\/herni-postavy-sorceress-skilly-cold-spells\">Cold Spells<\/a>\u00a0\u2013 <a href=\"https:\/\/www.diablofans.cz\/d2\/herni-postavy-sorceress-skilly-lightning-spells\">Lightning Spells<\/a>\u00a0\u2013 <strong><a href=\"https:\/\/www.diablofans.cz\/d2\/herni-postavy-sorceress-skilly-fire-spells\">Fire\u00a0Spells<\/a><\/strong><\/p>\n<div style=\"float: right; width: 120px; \">\n<table>\n<tbody>\n<tr>\n<td><a href=\"https:\/\/www.diablofans.cz\/d2\/herni-postavy-sorceress-skilly-fire-spells-fire-bolt\">Fire Bolt<\/a><\/td>\n<\/tr>\n<tr>\n<td><a href=\"https:\/\/www.diablofans.cz\/d2\/herni-postavy-sorceress-skilly-fire-spells-warmth\">Warmth<\/a><\/td>\n<\/tr>\n<tr>\n<td><a href=\"https:\/\/www.diablofans.cz\/d2\/herni-postavy-sorceress-skilly-fire-spells-inferno\">Inferno<\/a><\/td>\n<\/tr>\n<tr>\n<td><a href=\"https:\/\/www.diablofans.cz\/d2\/herni-postavy-sorceress-skilly-fire-spells-blaze\">Blaze<\/a><\/td>\n<\/tr>\n<tr>\n<td><a href=\"https:\/\/www.diablofans.cz\/d2\/herni-postavy-sorceress-skilly-fire-spells-fire-ball\">Fire Ball<\/a><\/td>\n<\/tr>\n<tr>\n<td><strong><a href=\"https:\/\/www.diablofans.cz\/d2\/herni-postavy-sorceress-skilly-fire-spells-fire-wall\">Fire Wall<\/a><\/strong><\/td>\n<\/tr>\n<tr>\n<td><a href=\"https:\/\/www.diablofans.cz\/d2\/herni-postavy-sorceress-skilly-fire-spells-enchant\">Enchant<\/a><\/td>\n<\/tr>\n<tr>\n<td><a href=\"https:\/\/www.diablofans.cz\/d2\/herni-postavy-sorceress-skilly-fire-spells-meteor\">Meteor<\/a><\/td>\n<\/tr>\n<tr>\n<td><a href=\"https:\/\/www.diablofans.cz\/d2\/herni-postavy-sorceress-skilly-fire-spells-fire-mastery\">Fire Mastery<\/a><\/td>\n<\/tr>\n<tr>\n<td><a href=\"https:\/\/www.diablofans.cz\/d2\/herni-postavy-sorceress-skilly-fire-spells-hydra\">Hydra<\/a><\/td>\n<\/tr>\n<\/tbody>\n<\/table><\/div>\n<h3 style=\"clear:none\">Fire Wall<\/h3>\n<div><img loading=\"lazy\" decoding=\"async\" src=\"https:\/\/www.diablofans.cz\/d2\/wp-content\/uploads\/2018\/08\/firewall.jpg\" alt=\"Fire Wall\" class=\"img-left\" width=\"48\" height=\"48\" \/><\/div>\n<ul>\n<li>Pot\u0159ebn\u00fd level: 18<\/li>\n<li>Pot\u0159ebn\u00e9 skilly: <a href=\"https:\/\/www.diablofans.cz\/d2\/herni-postavy-sorceress-skilly-fire-spells-inferno\">Inferno<\/a>, <a href=\"https:\/\/www.diablofans.cz\/d2\/herni-postavy-sorceress-skilly-fire-spells-blaze\">Blaze<\/a><\/li>\n<li>Typ: \u010casov\u011b omezen\u00e1 ohniv\u00e1 past<\/li>\n<li>Lev\u00e9 tla\u010d\u00edtko: Ne<\/li>\n<li>Delay = 1,4\u00a0sekund<\/li>\n<\/ul>\n<p class=\"zelena\">Fire Wall dost\u00e1v\u00e1 synergick\u00e9 bonusy ze skill\u016f:<\/p>\n<ul>\n<li><a href=\"https:\/\/www.diablofans.cz\/d2\/herni-postavy-sorceress-skilly-fire-spells-warmth\">Warmth<\/a>: +4% k\u00a0ohniv\u00e9mu po\u0161kozen\u00ed za level<\/li>\n<li><a href=\"https:\/\/www.diablofans.cz\/d2\/herni-postavy-sorceress-skilly-fire-spells-inferno\">Inferno<\/a>: +1% k\u00a0ohniv\u00e9mu po\u0161kozen\u00ed za level<\/li>\n<\/ul>\n<p>Fire Wall vytvo\u0159\u00ed bari\u00e9ru z\u00a0plamen\u016f, kter\u00e9 se\u017eehnou ka\u017ed\u00e9ho nep\u0159\u00edtele, jen\u017e se pokus\u00ed ji p\u0159ekro\u010dit. Dovednost lze pou\u017e\u00edt na skupinky nep\u0159\u00e1tel zaseknut\u00fdch o\u00a0roh nebo o\u00a0\u017eold\u00e1ka, na stoj\u00edc\u00ed \u010di nehybn\u00e1 monstra nebo z\u00a0n\u011bkolika bari\u00e9r ud\u011blat ohnivou cestu, po kter\u00e9 budou nep\u0159\u00e1tel\u00e9 \u010darod\u011bjku pron\u00e1sledovat.<\/p>\n<p>Tento skill um\u00ed krom\u011b \u010darod\u011bjky pou\u017e\u00edt t\u00e9\u017e <a href=\"https:\/\/www.diablofans.cz\/d2\/super-unikatni-bossove-1-akt#thecountess\">The Countess<\/a>, <a href=\"https:\/\/www.diablofans.cz\/d2\/super-unikatni-bossove-2-akt-summoner\">Summoner<\/a> a nep\u0159\u00e1tel\u00e9 typu <a href=\"https:\/\/www.diablofans.cz\/d2\/bestiar-1-akt#vampire\">Vampire<\/a>.<\/p>\n<h3>Tabulka<\/h3>\n<ul>\n<li>Trv\u00e1n\u00ed = 89\u00a0sn\u00edmk\u016f = 3,56\u00a0sekund<\/li>\n<\/ul>\n<table>\n<thead>\n<tr>\n<th style=\"width:100px\">\u00darovn\u011b<\/th>\n<th style=\"width:40px\">1<\/th>\n<th style=\"width:40px\">2<\/th>\n<th style=\"width:40px\">3<\/th>\n<th style=\"width:40px\">4<\/th>\n<th style=\"width:40px\">5<\/th>\n<th style=\"width:40px\">6<\/th>\n<th style=\"width:40px\">7<\/th>\n<th style=\"width:40px\">8<\/th>\n<th style=\"width:40px\">9<\/th>\n<th style=\"width:40px\">10<\/th>\n<\/tr>\n<\/thead>\n<tbody>\n<tr>\n<td>Mana<\/td>\n<td>22<\/td>\n<td>23<\/td>\n<td>24<\/td>\n<td>25<\/td>\n<td>26<\/td>\n<td>27<\/td>\n<td>28<\/td>\n<td>29<\/td>\n<td>30<\/td>\n<td>31<\/td>\n<\/tr>\n<tr>\n<td rowspan=\"2\"><span style=\"color: #dfef00;\">Fire DMG\/s<\/span><\/td>\n<td>70<\/td>\n<td>112<\/td>\n<td>154<\/td>\n<td>196<\/td>\n<td>239<\/td>\n<td>281<\/td>\n<td>323<\/td>\n<td>365<\/td>\n<td>431<\/td>\n<td>496<\/td>\n<\/tr>\n<tr>\n<td>93<\/td>\n<td>135<\/td>\n<td>178<\/td>\n<td>220<\/td>\n<td>262<\/td>\n<td>304<\/td>\n<td>346<\/td>\n<td>389<\/td>\n<td>454<\/td>\n<td>520<\/td>\n<\/tr>\n<tr>\n<td>D\u00e9lka (y)<\/td>\n<td>4,6<\/td>\n<td>6<\/td>\n<td>7,3<\/td>\n<td>8,6<\/td>\n<td>10<\/td>\n<td>11,3<\/td>\n<td>12,6<\/td>\n<td>14<\/td>\n<td>15,3<\/td>\n<td>16,6<\/td>\n<\/tr>\n<tr>\n<th>\u00darovn\u011b<\/th>\n<th>11<\/th>\n<th>12<\/th>\n<th>13<\/th>\n<th>14<\/th>\n<th>15<\/th>\n<th>16<\/th>\n<th>17<\/th>\n<th>18<\/th>\n<th>19<\/th>\n<th>20<\/th>\n<\/tr>\n<tr>\n<td>Mana<\/td>\n<td>32<\/td>\n<td>33<\/td>\n<td>34<\/td>\n<td>35<\/td>\n<td>36<\/td>\n<td>37<\/td>\n<td>38<\/td>\n<td>39<\/td>\n<td>40<\/td>\n<td>41<\/td>\n<\/tr>\n<tr>\n<td rowspan=\"2\"><span style=\"color: #dfef00;\">Fire DMG\/s<\/span><\/td>\n<td>562<\/td>\n<td>628<\/td>\n<td>693<\/td>\n<td>759<\/td>\n<td>825<\/td>\n<td>890<\/td>\n<td>989<\/td>\n<td>1087<\/td>\n<td>1185<\/td>\n<td>1284<\/td>\n<\/tr>\n<tr>\n<td>585<\/td>\n<td>651<\/td>\n<td>717<\/td>\n<td>782<\/td>\n<td>848<\/td>\n<td>914<\/td>\n<td>1012<\/td>\n<td>1110<\/td>\n<td>1209<\/td>\n<td>1307<\/td>\n<\/tr>\n<tr>\n<td>D\u00e9lka (y)<\/td>\n<td>18<\/td>\n<td>19,3<\/td>\n<td>20,6<\/td>\n<td>22<\/td>\n<td>23,3<\/td>\n<td>24,6<\/td>\n<td>26<\/td>\n<td>27,3<\/td>\n<td>28,6<\/td>\n<td>30<\/td>\n<\/tr>\n<\/tbody>\n<\/table>\n<table>\n<thead>\n<tr>\n<th style=\"width:100px\">\u00darovn\u011b<\/th>\n<th style=\"width:40px\">21<\/th>\n<th style=\"width:40px\">22<\/th>\n<th style=\"width:40px\">23<\/th>\n<th style=\"width:40px\">24<\/th>\n<th style=\"width:40px\">25<\/th>\n<th style=\"width:40px\">26<\/th>\n<th style=\"width:40px\">27<\/th>\n<th style=\"width:40px\">28<\/th>\n<th style=\"width:40px\">29<\/th>\n<th style=\"width:40px\">30<\/th>\n<\/tr>\n<\/thead>\n<tbody>\n<tr>\n<td>Mana<\/td>\n<td>42<\/td>\n<td>43<\/td>\n<td>44<\/td>\n<td>45<\/td>\n<td>46<\/td>\n<td>47<\/td>\n<td>48<\/td>\n<td>49<\/td>\n<td>50<\/td>\n<td>51<\/td>\n<\/tr>\n<tr>\n<td rowspan=\"2\"><span style=\"color: #dfef00;\">Fire DMG\/s<\/span><\/td>\n<td>1382<\/td>\n<td>1481<\/td>\n<td>1579<\/td>\n<td>1678<\/td>\n<td>1776<\/td>\n<td>1875<\/td>\n<td>1973<\/td>\n<td>2071<\/td>\n<td>2170<\/td>\n<td>2268<\/td>\n<\/tr>\n<tr>\n<td>1406<\/td>\n<td>1504<\/td>\n<td>1603<\/td>\n<td>1701<\/td>\n<td>1800<\/td>\n<td>1898<\/td>\n<td>1996<\/td>\n<td>2095<\/td>\n<td>2193<\/td>\n<td>2292<\/td>\n<\/tr>\n<tr>\n<td>D\u00e9lka (y)<\/td>\n<td>31,3<\/td>\n<td>32,6<\/td>\n<td>34<\/td>\n<td>35,3<\/td>\n<td>36,6<\/td>\n<td>38<\/td>\n<td>39,3<\/td>\n<td>40,6<\/td>\n<td>42<\/td>\n<td>43,3<\/td>\n<\/tr>\n<tr>\n<th>\u00darovn\u011b<\/th>\n<th>31<\/th>\n<th>32<\/th>\n<th>33<\/th>\n<th>34<\/th>\n<th>35<\/th>\n<th>36<\/th>\n<th>37<\/th>\n<th>38<\/th>\n<th>39<\/th>\n<th>40<\/th>\n<\/tr>\n<tr>\n<td>Mana<\/td>\n<td>52<\/td>\n<td>53<\/td>\n<td>54<\/td>\n<td>55<\/td>\n<td>56<\/td>\n<td>57<\/td>\n<td>58<\/td>\n<td>59<\/td>\n<td>60<\/td>\n<td>61<\/td>\n<\/tr>\n<tr>\n<td rowspan=\"2\"><span style=\"color: #dfef00;\">Fire DMG\/s<\/span><\/td>\n<td>2367<\/td>\n<td>2465<\/td>\n<td>2564<\/td>\n<td>2662<\/td>\n<td>2760<\/td>\n<td>2859<\/td>\n<td>2957<\/td>\n<td>3056<\/td>\n<td>3154<\/td>\n<td>3253<\/td>\n<\/tr>\n<tr>\n<td>2390<\/td>\n<td>2489<\/td>\n<td>2587<\/td>\n<td>2685<\/td>\n<td>2784<\/td>\n<td>2882<\/td>\n<td>2981<\/td>\n<td>3079<\/td>\n<td>3178<\/td>\n<td>3276<\/td>\n<\/tr>\n<tr>\n<td>D\u00e9lka (y)<\/td>\n<td>44,6<\/td>\n<td>46<\/td>\n<td>47,3<\/td>\n<td>48,6<\/td>\n<td>50<\/td>\n<td>51,3<\/td>\n<td>52,6<\/td>\n<td>54<\/td>\n<td>55,3<\/td>\n<td>56,6<\/td>\n<\/tr>\n<\/tbody>\n<\/table>\n<p>\u010carod\u011bjka vy\u010daruje na zem plameny, kter\u00e9 trvaj\u00ed p\u0159ibli\u017en\u011b 3,5\u00a0sekundy. Ka\u017ed\u00fd plamen zra\u0148uje nep\u0159\u00e1tele jako bitov\u00e9 \u0161kody za ka\u017ed\u00fd sn\u00edmek.<\/p>\n<p>Plameny se od m\u00edsta vyvol\u00e1n\u00ed \u0161\u00ed\u0159\u00ed ka\u017ed\u00fd sn\u00edmek do obou stran kolmo na spojnici mezi bodem vyvol\u00e1n\u00ed a \u010darod\u011bjkou. Na \u00farovni 20\u00a0bude dokon\u010den\u00ed tvorby ohniv\u00e9 hradby trvat 22\u00a0sn\u00edmk\u016f = 0,88\u00a0sekund.<\/p>\n<p>Zobrazen\u00e9 ohniv\u00e9 \u0161kody p\u0159edpokl\u00e1daj\u00ed, \u017ee nep\u0159\u00edtele zran\u00ed a\u017e 3\u00a0plameny najednou. To plat\u00ed v\u017edy pro nep\u0159\u00e1tele o\u00a0velikosti 3.\u00a0Nep\u0159\u00e1tele velikosti 2\u00a0z\u00e1s\u00e1hnou 3\u00a0plameny pouze v\u00a0p\u0159\u00edpad\u011b, \u017ee je ohniv\u00e1 hradba um\u00edst\u011bna tak, aby byla rovnob\u011b\u017en\u00e1 s\u00a0uhlop\u0159\u00ed\u010dkou hern\u00ed obrazovky. Jinak bude monstrum zasa\u017eeno pouze t\u0159etinov\u00fdmi nebo dvout\u0159etinov\u00fdmi ohniv\u00fdmi \u0161kodami. Monstra o\u00a0velikosti 1\u00a0utrp\u00ed pouze t\u0159etinov\u00e9\u00a0\u0161kody.<\/p>\n<p>Monstra neimunn\u00ed proti ohni, kter\u00e1 jsou zasahov\u00e1na ohn\u011bm z\u00a0tohoto skillu, se neregeneruj\u00ed, nebo\u0165 dost\u00e1vaj\u00ed n\u011bjak\u00e9 \u0161kody ka\u017ed\u00fd sn\u00edmek.<\/p>\n<h3>V\u00fdpo\u010dty<\/h3>\n<ul>\n<li>Mana = 21 + slvl<\/li>\n<li>Fire Bit Damage:<\/li>\n<\/ul>\n<table>\n<thead>\n<tr>\n<th>\u00darove\u0148<\/th>\n<th>1\u20138<\/th>\n<th>9\u201316<\/th>\n<th>17\u201322<\/th>\n<th>23\u201327<\/th>\n<th>28\u201399<\/th>\n<\/tr>\n<\/thead>\n<tbody>\n<tr>\n<td style=\"width:110px\"><span style=\"color: #dfef00;\">Min Fire DMG\/s<\/span><\/td>\n<td>144*slvl+96<\/td>\n<td>224*slvl-544<\/td>\n<td>366*slvl-2336<\/td>\n<td>366*slvl-2336<\/td>\n<td>366*slvl-2336<\/td>\n<\/tr>\n<tr>\n<td style=\"width:110px\"><span style=\"color: #dfef00;\">Max Fire DMG\/s<\/span><\/td>\n<td>144*slvl+176<\/td>\n<td>224*slvl-464<\/td>\n<td>366*slvl-2256<\/td>\n<td>366*slvl-2256<\/td>\n<td>366*slvl-2256<\/td>\n<\/tr>\n<\/tbody>\n<\/table>\n<ul>\n<li>Zobrazen\u00e9 Fire DMG\/s = (Min Fire DMG\/s) * 3 * 25\/256\u00a0\u2013 (Max Fire DMG\/s) * 3 *\u00a025\/256<\/li>\n<li><strong>Skute\u010dn\u00e9 Fire DMG\/s<\/strong> = (Min Fire DMG\/s) * pyres * 25\/256\u00a0\u2013 (Max Fire DMG\/s) * pyres *\u00a025\/256<\/li>\n<li>D\u00e9lka (y) = 3,333 + 1,333*slvl<\/li>\n<li>Doba pot\u0159ebn\u00e1 na vytvo\u0159en\u00ed valu = (D\u00e9lka\u00a0\u2013 0,666) \/ 2\u00a0sn\u00edmk\u016f (25 sn\u00edmk\u016f = 1\u00a0sekunda)<\/li>\n<\/ul>\n<p>(slvl = \u00farove\u0148 skillu, pyres = po\u010det plam\u00ednk\u016f)<\/p>\n<h3>V\u00fdskyt dovednosti<\/h3>\n<p><strong>N\u011bkter\u00e9 p\u0159edm\u011bty poskytuj\u00ed bonus k\u00a0tomuto skillu:<\/strong><\/p>\n<ul>\n<li>V\u0161echny p\u0159edm\u011bty typu <a href=\"https:\/\/www.diablofans.cz\/d2\/predmety-normal-sorceress-orbs\">Orb<\/a> a <a href=\"https:\/\/www.diablofans.cz\/d2\/predmety-normal-staves\">Staff<\/a> (ilvl&gt;18): +1\u20133 to Fire Wall (Sorceress Only) (varies)<\/li>\n<li><a href=\"https:\/\/www.diablofans.cz\/d2\/predmety-unique-elite-armor\">Ormus&#8216; Robes Dusk Shroud<\/a>: +3\u00a0to Fire Wall (Sorceress\u00a0Only)<\/li>\n<li><a href=\"https:\/\/www.diablofans.cz\/d2\/predmety-unique-normal-staves\">The Salamander Battle Staff<\/a>: +1\u00a0to Fire Wall (Sorceress\u00a0Only)<\/li>\n<li><a href=\"https:\/\/www.diablofans.cz\/d2\/predmety-setove-sady-trang-ouls-avatar\">Trang-Oul&#8217;s\u00a0Avatar (3 \u010d\u00e1sti setu)<\/a>: +13\u00a0to Fire Wall\u00a0\u2013\u00a0<a href=\"https:\/\/www.diablofans.cz\/d2\/dovednosti#oskills\">oskill<\/a><\/li>\n<\/ul>\n<p><strong>N\u011bkter\u00e9 p\u0159edm\u011bty spou\u0161t\u00ed tento skill:<\/strong><\/p>\n<ul>\n<li><a href=\"https:\/\/www.diablofans.cz\/d2\/runova-slova-1-10#realmova\">Pride polearm<\/a>: 25% Chance to Cast Level 17\u00a0Fire Wall When\u00a0Struck<\/li>\n<\/ul>\n<p><strong>Dovednost se vyskytuje i\u00a0na \u201enabit\u00fdch\u201c p\u0159edm\u011btech (Charges):<\/strong><\/p>\n<ul>\n<li><a href=\"https:\/\/www.diablofans.cz\/d2\/predmety-unique-exceptional-swords\">Todesfaelle Flamme Zweihander<\/a>: Level 10, 20\u00a0Charges<\/li>\n<\/ul>\n<hr \/>\n<p><em>Tato dovednost umo\u017en\u00ed \u010darod\u011bjce vzty\u010dit ohnivou bari\u00e9ru, kter\u00e1 ji i\u00a0jej\u00ed spojence takticky odd\u011bl\u00ed od nep\u0159\u00e1tel. Ka\u017ed\u00e1 dostate\u010dn\u011b neopatrn\u00e1 nestv\u016fra poc\u00edt\u00ed s\u00edlu t\u011bchto plamen\u016f, je\u017e budou znamenat jej\u00ed z\u00e1hubu.<\/em><\/p>\n<p style=\"text-align:center\">&#8212;\u00a0\u2014 &#8212;\u00a0\u2014 &#8212;\u00a0\u2014 &#8212;\u00a0\u2014 &#8212;\u00a0\u2014 &#8212;\u00a0\u2014 &#8212;\u00a0\u2014 &#8212;\u00a0\u2014 &#8212;\u00a0\u2014 &#8212;\u00a0\u2014 &#8212;\u00a0\u2014\u00a0&#8212;<\/p>\n<p style=\"text-align:center\"><a href=\"https:\/\/www.diablofans.cz\/d2\/herni-postavy-sorceress-skilly-fire-spells\">\u00ab Zp\u011bt do sekce Hern\u00ed postavy\u00a0\u2013 Sorceress\u00a0\u2013 Skilly\u00a0\u2013 Fire\u00a0Spells<\/a><\/p>\n<\/p><\/div>\n<p> <!-- by Texy2! --><\/p>\n","protected":false},"excerpt":{"rendered":"<p>Sorceress\u00a0\u2013 Cold Spells\u00a0\u2013 Lightning Spells\u00a0\u2013 Fire\u00a0Spells Fire Bolt Warmth Inferno Blaze Fire Ball Fire Wall Enchant Meteor Fire Mastery Hydra Fire Wall Pot\u0159ebn\u00fd level: 18 Pot\u0159ebn\u00e9 skilly: Inferno, Blaze Typ: \u010casov\u011b omezen\u00e1 ohniv\u00e1 past Lev\u00e9 tla\u010d\u00edtko: Ne Delay = 1,4\u00a0sekund Fire Wall dost\u00e1v\u00e1 synergick\u00e9 bonusy ze skill\u016f: Warmth: +4% k\u00a0ohniv\u00e9mu po\u0161kozen\u00ed za level Inferno: +1% [&#8230;]<\/p>\n<p><a class=\"btn btn-secondary understrap-read-more-link\" href=\"https:\/\/www.diablofans.cz\/d2\/herni-postavy-sorceress-skilly-fire-spells-fire-wall\/\">\u010c\u00edst d\u00e1le&#8230;<span class=\"screen-reader-text\"> from Sorceress &#8211; Skilly &#8211; Fire Spells &#8211; Fire Wall<\/span><\/a><\/p>\n","protected":false},"author":1,"featured_media":0,"parent":0,"menu_order":0,"comment_status":"open","ping_status":"open","template":"","meta":{"footnotes":""},"class_list":["post-3290","page","type-page","status-publish","hentry"],"_links":{"self":[{"href":"https:\/\/www.diablofans.cz\/d2\/wp-json\/wp\/v2\/pages\/3290","targetHints":{"allow":["GET"]}}],"collection":[{"href":"https:\/\/www.diablofans.cz\/d2\/wp-json\/wp\/v2\/pages"}],"about":[{"href":"https:\/\/www.diablofans.cz\/d2\/wp-json\/wp\/v2\/types\/page"}],"author":[{"embeddable":true,"href":"https:\/\/www.diablofans.cz\/d2\/wp-json\/wp\/v2\/users\/1"}],"replies":[{"embeddable":true,"href":"https:\/\/www.diablofans.cz\/d2\/wp-json\/wp\/v2\/comments?post=3290"}],"version-history":[{"count":0,"href":"https:\/\/www.diablofans.cz\/d2\/wp-json\/wp\/v2\/pages\/3290\/revisions"}],"wp:attachment":[{"href":"https:\/\/www.diablofans.cz\/d2\/wp-json\/wp\/v2\/media?parent=3290"}],"curies":[{"name":"wp","href":"https:\/\/api.w.org\/{rel}","templated":true}]}}