{"id":3313,"date":"2018-08-25T22:08:56","date_gmt":"2018-08-25T20:08:56","guid":{"rendered":"http:\/\/diablofans.ddev.site\/d2\/herni-postavy-barbarian-skilly-combat-skills-leap\/"},"modified":"2018-08-25T22:08:56","modified_gmt":"2018-08-25T20:08:56","slug":"herni-postavy-barbarian-skilly-combat-skills-leap","status":"publish","type":"page","link":"https:\/\/www.diablofans.cz\/d2\/herni-postavy-barbarian-skilly-combat-skills-leap\/","title":{"rendered":"Barbarian &#8211; Skilly &#8211; Combat Skills &#8211; Leap"},"content":{"rendered":"\n<div class=\"skilly\">\n<p style=\"text-align:center\"><a href=\"https:\/\/www.diablofans.cz\/d2\/herni-postavy-barbarian\">Barbarian<\/a>\u00a0\u2013 <a href=\"https:\/\/www.diablofans.cz\/d2\/herni-postavy-barbarian-skilly-warcries\">Warcries<\/a>\u00a0\u2013 <a href=\"https:\/\/www.diablofans.cz\/d2\/herni-postavy-barbarian-skilly-combat-masteries\">Combat Masteries<\/a>\u00a0\u2013 <strong><a href=\"https:\/\/www.diablofans.cz\/d2\/herni-postavy-barbarian-skilly-combat-skills\">Combat\u00a0Skills<\/a><\/strong><\/p>\n<div style=\"float: right; width: 120px; \">\n<table>\n<tbody>\n<tr>\n<td><a href=\"https:\/\/www.diablofans.cz\/d2\/herni-postavy-barbarian-skilly-combat-skills-bash\">Bash<\/a><\/td>\n<\/tr>\n<tr>\n<td><strong><a href=\"https:\/\/www.diablofans.cz\/d2\/herni-postavy-barbarian-skilly-combat-skills-leap\">Leap<\/a><\/strong><\/td>\n<\/tr>\n<tr>\n<td><a href=\"https:\/\/www.diablofans.cz\/d2\/herni-postavy-barbarian-skilly-combat-skills-double-swing\">Double Swing<\/a><\/td>\n<\/tr>\n<tr>\n<td><a href=\"https:\/\/www.diablofans.cz\/d2\/herni-postavy-barbarian-skilly-combat-skills-stun\">Stun<\/a><\/td>\n<\/tr>\n<tr>\n<td><a href=\"https:\/\/www.diablofans.cz\/d2\/herni-postavy-barbarian-skilly-combat-skills-double-throw\">Double Throw<\/a><\/td>\n<\/tr>\n<tr>\n<td><a href=\"https:\/\/www.diablofans.cz\/d2\/herni-postavy-barbarian-skilly-combat-skills-leap-attack\">Leap Attack<\/a><\/td>\n<\/tr>\n<tr>\n<td><a href=\"https:\/\/www.diablofans.cz\/d2\/herni-postavy-barbarian-skilly-combat-skills-concentrate\">Concentrate<\/a><\/td>\n<\/tr>\n<tr>\n<td><a href=\"https:\/\/www.diablofans.cz\/d2\/herni-postavy-barbarian-skilly-combat-skills-frenzy\">Frenzy<\/a><\/td>\n<\/tr>\n<tr>\n<td><a href=\"https:\/\/www.diablofans.cz\/d2\/herni-postavy-barbarian-skilly-combat-skills-whirlwind\">Whirlwind<\/a><\/td>\n<\/tr>\n<tr>\n<td><a href=\"https:\/\/www.diablofans.cz\/d2\/herni-postavy-barbarian-skilly-combat-skills-berserk\">Berserk<\/a><\/td>\n<\/tr>\n<\/tbody>\n<\/table><\/div>\n<h3 style=\"clear:none\">Leap<\/h3>\n<div><img loading=\"lazy\" decoding=\"async\" src=\"https:\/\/www.diablofans.cz\/d2\/wp-content\/uploads\/2018\/08\/leap.jpg\" alt=\"Leap\" class=\"img-left\" width=\"48\" height=\"48\" \/><\/div>\n<ul>\n<li>Pot\u0159ebn\u00fd level: 6<\/li>\n<li>Pot\u0159ebn\u00e9 skilly: \u017e\u00e1dn\u00e9<\/li>\n<li>Typ: Skok a plo\u0161n\u00e9 sra\u017een\u00ed k\u00a0zemi<\/li>\n<li>Lev\u00e9 tla\u010d\u00edtko: Ano<\/li>\n<\/ul>\n<p>Sk\u00e1k\u00e1n\u00ed je u\u017eite\u010dn\u00e1 a v\u0161estrann\u00e1 dovednost, proto\u017ee umo\u017e\u0148uje pohodln\u00fd p\u0159esun z\u00a0m\u00edsta na m\u00edsto, p\u0159es p\u0159ek\u00e1\u017eky a na b\u011b\u017en\u011b nedostupn\u00e1 m\u00edsta podobn\u011b jako nap\u0159\u00edklad \u010darod\u011bjky pomoc\u00ed teleportace. D\u00edky skoku m\u016f\u017ee Barbar d\u011blat i\u00a0v\u011bci, kter\u00e9 ostatn\u00ed postavy d\u011blat nemohou, nap\u0159\u00edklad pro\u010distit okol\u00ed dopadu t\u00edm, \u017ee nep\u0159\u00e1tele v\u00a0oblasti sraz\u00ed k\u00a0zemi. V\u00fdhodou je tak\u00e9, \u017ee ve vzduchu nelze Barbara zas\u00e1hnout.<\/p>\n<p>Aby m\u011bl skok n\u011bjak\u00fd v\u00fdznam, mus\u00ed m\u00edt velk\u00fd dosah, tedy by do n\u011bj m\u011blo b\u00fdt zainvestov\u00e1no n\u011bkolik\u00a0bod\u016f.<\/p>\n<h3>Tabulka<\/h3>\n<ul>\n<li>Cena Many = 2\u00a0pro v\u0161echny \u00farovn\u011b<\/li>\n<\/ul>\n<table>\n<thead>\n<tr>\n<th style=\"width:100px\">\u00darovn\u011b<\/th>\n<th style=\"width:40px\">1<\/th>\n<th style=\"width:40px\">2<\/th>\n<th style=\"width:40px\">3<\/th>\n<th style=\"width:40px\">4<\/th>\n<th style=\"width:40px\">5<\/th>\n<th style=\"width:40px\">6<\/th>\n<th style=\"width:40px\">7<\/th>\n<th style=\"width:40px\">8<\/th>\n<th style=\"width:40px\">9<\/th>\n<th style=\"width:40px\">10<\/th>\n<\/tr>\n<\/thead>\n<tbody>\n<tr>\n<td>Dosah skoku (y)<\/td>\n<td>4,6<\/td>\n<td>7,3<\/td>\n<td>8,6<\/td>\n<td>10<\/td>\n<td>11,3<\/td>\n<td>12<\/td>\n<td>12,6<\/td>\n<td>13,3<\/td>\n<td>14<\/td>\n<td>14<\/td>\n<\/tr>\n<tr>\n<td>Knockback (y)<\/td>\n<td>2,6<\/td>\n<td>3,3<\/td>\n<td>4<\/td>\n<td>4,6<\/td>\n<td>5,3<\/td>\n<td>6<\/td>\n<td>6,6<\/td>\n<td>7,3<\/td>\n<td>8<\/td>\n<td>8,6<\/td>\n<\/tr>\n<tr>\n<th>\u00darovn\u011b<\/th>\n<th>11<\/th>\n<th>12<\/th>\n<th>13<\/th>\n<th>14<\/th>\n<th>15<\/th>\n<th>16<\/th>\n<th>17<\/th>\n<th>18<\/th>\n<th>19<\/th>\n<th>20<\/th>\n<\/tr>\n<tr>\n<td>Dosah skoku (y)<\/td>\n<td>14,6<\/td>\n<td>14,6<\/td>\n<td>15,3<\/td>\n<td>16<\/td>\n<td>16<\/td>\n<td>16<\/td>\n<td>16,6<\/td>\n<td>16,6<\/td>\n<td>16,6<\/td>\n<td>16,6<\/td>\n<\/tr>\n<tr>\n<td>Knockback (y)<\/td>\n<td>9,3<\/td>\n<td>10<\/td>\n<td>10,6<\/td>\n<td>11,3<\/td>\n<td>12<\/td>\n<td>12,6<\/td>\n<td>13,3<\/td>\n<td>14<\/td>\n<td>14,6<\/td>\n<td>15,3<\/td>\n<\/tr>\n<\/tbody>\n<\/table>\n<table>\n<thead>\n<tr>\n<th style=\"width:100px\">\u00darovn\u011b<\/th>\n<th style=\"width:40px\">21<\/th>\n<th style=\"width:40px\">22<\/th>\n<th style=\"width:40px\">23<\/th>\n<th style=\"width:40px\">24<\/th>\n<th style=\"width:40px\">25<\/th>\n<th style=\"width:40px\">26<\/th>\n<th style=\"width:40px\">27<\/th>\n<th style=\"width:40px\">28<\/th>\n<th style=\"width:40px\">29<\/th>\n<th style=\"width:40px\">30<\/th>\n<\/tr>\n<\/thead>\n<tbody>\n<tr>\n<td>Dosah skoku (y)<\/td>\n<td>17,3<\/td>\n<td>17,3<\/td>\n<td>17,3<\/td>\n<td>17,3<\/td>\n<td>17,3<\/td>\n<td>18<\/td>\n<td>18<\/td>\n<td>18<\/td>\n<td>18<\/td>\n<td>18<\/td>\n<\/tr>\n<tr>\n<td>Knockback (y)<\/td>\n<td>16<\/td>\n<td>16,6<\/td>\n<td>17,3<\/td>\n<td>18<\/td>\n<td>18,6<\/td>\n<td>19,3<\/td>\n<td>20<\/td>\n<td>20,6<\/td>\n<td>21,3<\/td>\n<td>22<\/td>\n<\/tr>\n<tr>\n<th>\u00darovn\u011b<\/th>\n<th>31<\/th>\n<th>32<\/th>\n<th>33<\/th>\n<th>34<\/th>\n<th>35<\/th>\n<th>36<\/th>\n<th>37<\/th>\n<th>38<\/th>\n<th>39<\/th>\n<th>40<\/th>\n<\/tr>\n<tr>\n<td>Dosah skoku (y)<\/td>\n<td>18<\/td>\n<td>18<\/td>\n<td>18,3<\/td>\n<td>18,3<\/td>\n<td>18,3<\/td>\n<td>18,3<\/td>\n<td>18,3<\/td>\n<td>18,3<\/td>\n<td>18,3<\/td>\n<td>18,3<\/td>\n<\/tr>\n<tr>\n<td>Knockback (y)<\/td>\n<td>22,6<\/td>\n<td>23,3<\/td>\n<td>24<\/td>\n<td>24,6<\/td>\n<td>25,3<\/td>\n<td>26<\/td>\n<td>26,6<\/td>\n<td>27,3<\/td>\n<td>28<\/td>\n<td>28,6<\/td>\n<\/tr>\n<\/tbody>\n<\/table>\n<p>Barbar m\u016f\u017ee sko\u010dit p\u0159es p\u0159ek\u00e1\u017eky, nep\u0159\u00e1tele, hr\u00e1\u010de a jejich \u017eold\u00e1ky a zv\u00ed\u0159ata na dan\u00e9 m\u00edsto, kter\u00e9 mus\u00ed b\u00fdt v\u00a0zorn\u00e9m \u00fahlu a v\u00a0r\u00e1mci dosahu\u00a0skoku.<\/p>\n<p>Ka\u017ed\u00fd nep\u0159\u00edtel v\u00a0polom\u011bru definovan\u00e9m v\u00a0tabulce jako <em><a href=\"https:\/\/www.diablofans.cz\/d2\/vlastnosti-knockbask\">Knockback (y)<\/a><\/em> je sra\u017een zp\u011bt. Od \u00farovn\u011b 23\u00a0je okruh sra\u017een\u00ed nep\u0159\u00e1tel k\u00a0zemi v\u011bt\u0161\u00ed ne\u017e dosah\u00a0skoku.<\/p>\n<p>B\u011bhem skoku nelze na Barbara za\u00fato\u010dit ani seslat kouzlo.<\/p>\n<h3>V\u00fdpo\u010dty<\/h3>\n<ul>\n<li>Dosah skoku (y)= 4 + 0,26 * [( 110 * slvl) \/ (lvl + 6)] * 2\/3 yard\u016f, maximum = 20\u00a0y<\/li>\n<li>Knockback (y) = 2 + 2\/3 * slvl<\/li>\n<\/ul>\n<p>(slvl = \u00farove\u0148 skillu)<\/p>\n<h3>V\u00fdskyt dovednosti<\/h3>\n<p><strong>N\u011bkter\u00e9 p\u0159edm\u011bty poskytuj\u00ed bonus k\u00a0tomuto skillu:<\/strong><\/p>\n<ul>\n<li>V\u0161echny p\u0159edm\u011bty typu <a href=\"https:\/\/www.diablofans.cz\/d2\/predmety-normal-barbarian-helms\">Barbaian Helms<\/a> (ilvl&lt;37): +1\u20133 to Leap (Barbarian Only) (varies)<\/li>\n<li><a href=\"https:\/\/www.diablofans.cz\/d2\/predmety-unique-normal-boots\">Gorefoot Heavy Boots<\/a>: +2\u00a0to Leap (Barbarian\u00a0Only)<\/li>\n<\/ul>\n<hr \/>\n<p><em>D\u00edky sv\u00e9 velk\u00e9 s\u00edle dovede vytr\u00e9novan\u00fd barbarsk\u00fd v\u00e1le\u010dn\u00edk prov\u00e9st dalek\u00e9 skoky. Jsou velice pozoruhodn\u00e9, nebo\u0165 umo\u017e\u0148uj\u00ed Barbar\u016fm voln\u011b p\u0159eskakovat nebezpe\u010dn\u00e9 roje nep\u0159\u00e1tel nebo sko\u010dit p\u0159\u00edmo mezi n\u011b, aby je sv\u00fdm dopadem odhodil z\u00a0m\u00edsta.<\/em><\/p>\n<p style=\"text-align:center\">&#8212;\u00a0\u2014 &#8212;\u00a0\u2014 &#8212;\u00a0\u2014 &#8212;\u00a0\u2014 &#8212;\u00a0\u2014 &#8212;\u00a0\u2014 &#8212;\u00a0\u2014 &#8212;\u00a0\u2014 &#8212;\u00a0\u2014 &#8212;\u00a0\u2014 &#8212;\u00a0\u2014\u00a0&#8212;<\/p>\n<p style=\"text-align:center\"><a href=\"https:\/\/www.diablofans.cz\/d2\/herni-postavy-barbarian-skilly-combat-skills\">\u00ab Zp\u011bt do sekce Hern\u00ed postavy\u00a0\u2013 Barbarian\u00a0\u2013 Skilly\u00a0\u2013 Combat\u00a0Skills<\/a><\/p>\n<\/p><\/div>\n<p> <!-- by Texy2! --><\/p>\n","protected":false},"excerpt":{"rendered":"<p>Barbarian\u00a0\u2013 Warcries\u00a0\u2013 Combat Masteries\u00a0\u2013 Combat\u00a0Skills Bash Leap Double Swing Stun Double Throw Leap Attack Concentrate Frenzy Whirlwind Berserk Leap Pot\u0159ebn\u00fd level: 6 Pot\u0159ebn\u00e9 skilly: \u017e\u00e1dn\u00e9 Typ: Skok a plo\u0161n\u00e9 sra\u017een\u00ed k\u00a0zemi Lev\u00e9 tla\u010d\u00edtko: Ano Sk\u00e1k\u00e1n\u00ed je u\u017eite\u010dn\u00e1 a v\u0161estrann\u00e1 dovednost, proto\u017ee umo\u017e\u0148uje pohodln\u00fd p\u0159esun z\u00a0m\u00edsta na m\u00edsto, p\u0159es p\u0159ek\u00e1\u017eky a na b\u011b\u017en\u011b nedostupn\u00e1 m\u00edsta podobn\u011b [&#8230;]<\/p>\n<p><a class=\"btn btn-secondary understrap-read-more-link\" href=\"https:\/\/www.diablofans.cz\/d2\/herni-postavy-barbarian-skilly-combat-skills-leap\/\">\u010c\u00edst d\u00e1le&#8230;<span class=\"screen-reader-text\"> from Barbarian &#8211; Skilly &#8211; Combat Skills &#8211; Leap<\/span><\/a><\/p>\n","protected":false},"author":1,"featured_media":0,"parent":0,"menu_order":0,"comment_status":"open","ping_status":"open","template":"","meta":{"footnotes":""},"class_list":["post-3313","page","type-page","status-publish","hentry"],"_links":{"self":[{"href":"https:\/\/www.diablofans.cz\/d2\/wp-json\/wp\/v2\/pages\/3313","targetHints":{"allow":["GET"]}}],"collection":[{"href":"https:\/\/www.diablofans.cz\/d2\/wp-json\/wp\/v2\/pages"}],"about":[{"href":"https:\/\/www.diablofans.cz\/d2\/wp-json\/wp\/v2\/types\/page"}],"author":[{"embeddable":true,"href":"https:\/\/www.diablofans.cz\/d2\/wp-json\/wp\/v2\/users\/1"}],"replies":[{"embeddable":true,"href":"https:\/\/www.diablofans.cz\/d2\/wp-json\/wp\/v2\/comments?post=3313"}],"version-history":[{"count":0,"href":"https:\/\/www.diablofans.cz\/d2\/wp-json\/wp\/v2\/pages\/3313\/revisions"}],"wp:attachment":[{"href":"https:\/\/www.diablofans.cz\/d2\/wp-json\/wp\/v2\/media?parent=3313"}],"curies":[{"name":"wp","href":"https:\/\/api.w.org\/{rel}","templated":true}]}}