{"id":3315,"date":"2018-08-25T22:08:56","date_gmt":"2018-08-25T20:08:56","guid":{"rendered":"http:\/\/diablofans.ddev.site\/d2\/herni-postavy-barbarian-skilly-combat-skills-stun\/"},"modified":"2018-08-25T22:08:56","modified_gmt":"2018-08-25T20:08:56","slug":"herni-postavy-barbarian-skilly-combat-skills-stun","status":"publish","type":"page","link":"https:\/\/www.diablofans.cz\/d2\/herni-postavy-barbarian-skilly-combat-skills-stun\/","title":{"rendered":"Barbarian &#8211; Skilly &#8211; Combat Skills &#8211; Stun"},"content":{"rendered":"\n<div class=\"skilly\">\n<p style=\"text-align:center\"><a href=\"https:\/\/www.diablofans.cz\/d2\/herni-postavy-barbarian\">Barbarian<\/a>\u00a0\u2013 <a href=\"https:\/\/www.diablofans.cz\/d2\/herni-postavy-barbarian-skilly-warcries\">Warcries<\/a>\u00a0\u2013 <a href=\"https:\/\/www.diablofans.cz\/d2\/herni-postavy-barbarian-skilly-combat-masteries\">Combat Masteries<\/a>\u00a0\u2013 <strong><a href=\"https:\/\/www.diablofans.cz\/d2\/herni-postavy-barbarian-skilly-combat-skills\">Combat\u00a0Skills<\/a><\/strong><\/p>\n<div style=\"float: right; width: 120px; \">\n<table>\n<tbody>\n<tr>\n<td><a href=\"https:\/\/www.diablofans.cz\/d2\/herni-postavy-barbarian-skilly-combat-skills-bash\">Bash<\/a><\/td>\n<\/tr>\n<tr>\n<td><a href=\"https:\/\/www.diablofans.cz\/d2\/herni-postavy-barbarian-skilly-combat-skills-leap\">Leap<\/a><\/td>\n<\/tr>\n<tr>\n<td><a href=\"https:\/\/www.diablofans.cz\/d2\/herni-postavy-barbarian-skilly-combat-skills-double-swing\">Double Swing<\/a><\/td>\n<\/tr>\n<tr>\n<td><strong><a href=\"https:\/\/www.diablofans.cz\/d2\/herni-postavy-barbarian-skilly-combat-skills-stun\">Stun<\/a><\/strong><\/td>\n<\/tr>\n<tr>\n<td><a href=\"https:\/\/www.diablofans.cz\/d2\/herni-postavy-barbarian-skilly-combat-skills-double-throw\">Double Throw<\/a><\/td>\n<\/tr>\n<tr>\n<td><a href=\"https:\/\/www.diablofans.cz\/d2\/herni-postavy-barbarian-skilly-combat-skills-leap-attack\">Leap Attack<\/a><\/td>\n<\/tr>\n<tr>\n<td><a href=\"https:\/\/www.diablofans.cz\/d2\/herni-postavy-barbarian-skilly-combat-skills-concentrate\">Concentrate<\/a><\/td>\n<\/tr>\n<tr>\n<td><a href=\"https:\/\/www.diablofans.cz\/d2\/herni-postavy-barbarian-skilly-combat-skills-frenzy\">Frenzy<\/a><\/td>\n<\/tr>\n<tr>\n<td><a href=\"https:\/\/www.diablofans.cz\/d2\/herni-postavy-barbarian-skilly-combat-skills-whirlwind\">Whirlwind<\/a><\/td>\n<\/tr>\n<tr>\n<td><a href=\"https:\/\/www.diablofans.cz\/d2\/herni-postavy-barbarian-skilly-combat-skills-berserk\">Berserk<\/a><\/td>\n<\/tr>\n<\/tbody>\n<\/table><\/div>\n<h3 style=\"clear:none\">Stun<\/h3>\n<div><img loading=\"lazy\" decoding=\"async\" src=\"https:\/\/www.diablofans.cz\/d2\/wp-content\/uploads\/2018\/08\/stun.jpg\" alt=\"Stun\" class=\"img-left\" width=\"48\" height=\"48\" \/><\/div>\n<ul>\n<li>Pot\u0159ebn\u00fd level: 12<\/li>\n<li>Pot\u0159ebn\u00e9 skilly: <a href=\"https:\/\/www.diablofans.cz\/d2\/herni-postavy-barbarian-skilly-combat-skills-bash\">Bash<\/a><\/li>\n<li>Typ: Omra\u010duj\u00edc\u00ed \u00fatok na bl\u00edzko<\/li>\n<li>Lev\u00e9 tla\u010d\u00edtko: Ano<\/li>\n<\/ul>\n<p class=\"zelena\">Stun dost\u00e1v\u00e1 synergick\u00e9 bonusy ze skill\u016f:<\/p>\n<ul>\n<li><a href=\"https:\/\/www.diablofans.cz\/d2\/herni-postavy-barbarian-skilly-combat-skills-bash\">Bash<\/a>: +8\u00a0% k\u00a0fyzick\u00fdm \u0161kod\u00e1m za level<\/li>\n<li><a href=\"https:\/\/www.diablofans.cz\/d2\/herni-postavy-barbarian-skilly-combat-skills-concentrate\">Concentrate<\/a>: +5\u00a0% k\u00a0Attack Rating za level<\/li>\n<li><a href=\"https:\/\/www.diablofans.cz\/d2\/herni-postavy-barbarian-skilly-warcries-war-cry\">War Cry<\/a>: +5\u00a0% k\u00a0dob\u011b omr\u00e1\u010den\u00ed za level<\/li>\n<\/ul>\n<p>Barbar m\u016f\u017ee nep\u0159\u00edtele ochromit omr\u00e1\u010den\u00edm. Sice mu t\u00edm nezp\u016fsob\u00ed v\u00fdrazn\u011b vy\u0161\u0161\u00ed \u0161kody, ale zcela mu znemo\u017en\u00ed na p\u00e1r sekund pohybovat se a \u00fato\u010dit. Po ochromen\u00ed nep\u0159\u00e1tel lze pou\u017e\u00edvat dal\u0161\u00ed bojov\u00e9 dovednosti, ani\u017e by se musel ob\u00e1vat jeho proti\u00faderu.<\/p>\n<p>Stun vyu\u017e\u00edv\u00e1 i\u00a0<a href=\"https:\/\/www.diablofans.cz\/d2\/zoldaci#barbarian\">barbarsk\u00fd \u017eoldn\u00e9\u0159<\/a>.<\/p>\n<h3>Tabulka<\/h3>\n<ul>\n<li>Cena Many = 2\u00a0pro v\u0161echny \u00farovn\u011b<\/li>\n<\/ul>\n<table>\n<thead>\n<tr>\n<th style=\"width:100px\">\u00darovn\u011b<\/th>\n<th style=\"width:40px\">1<\/th>\n<th style=\"width:40px\">2<\/th>\n<th style=\"width:40px\">3<\/th>\n<th style=\"width:40px\">4<\/th>\n<th style=\"width:40px\">5<\/th>\n<th style=\"width:40px\">6<\/th>\n<th style=\"width:40px\">7<\/th>\n<th style=\"width:40px\">8<\/th>\n<th style=\"width:40px\">9<\/th>\n<th style=\"width:40px\">10<\/th>\n<\/tr>\n<\/thead>\n<tbody>\n<tr>\n<td>+AR (%)<\/td>\n<td>15<\/td>\n<td>20<\/td>\n<td>25<\/td>\n<td>30<\/td>\n<td>35<\/td>\n<td>40<\/td>\n<td>45<\/td>\n<td>50<\/td>\n<td>55<\/td>\n<td>60<\/td>\n<\/tr>\n<tr>\n<td>Omr\u00e1\u010den\u00ed (s)<\/td>\n<td>1,2<\/td>\n<td>1,4<\/td>\n<td>1,6<\/td>\n<td>1,8<\/td>\n<td>2,0<\/td>\n<td>2,2<\/td>\n<td>2,4<\/td>\n<td>2,6<\/td>\n<td>2,8<\/td>\n<td>3,0<\/td>\n<\/tr>\n<tr>\n<th>\u00darovn\u011b<\/th>\n<th>11<\/th>\n<th>12<\/th>\n<th>13<\/th>\n<th>14<\/th>\n<th>15<\/th>\n<th>16<\/th>\n<th>17<\/th>\n<th>18<\/th>\n<th>19<\/th>\n<th>20<\/th>\n<\/tr>\n<tr>\n<td>+AR (%)<\/td>\n<td>65<\/td>\n<td>70<\/td>\n<td>75<\/td>\n<td>80<\/td>\n<td>85<\/td>\n<td>90<\/td>\n<td>95<\/td>\n<td>100<\/td>\n<td>105<\/td>\n<td>110<\/td>\n<\/tr>\n<tr>\n<td>Omr\u00e1\u010den\u00ed (s)<\/td>\n<td>3,2<\/td>\n<td>3,4<\/td>\n<td>3,6<\/td>\n<td>3,8<\/td>\n<td>4,0<\/td>\n<td>4,2<\/td>\n<td>4,28<\/td>\n<td>4,36<\/td>\n<td>4,44<\/td>\n<td>4,52<\/td>\n<\/tr>\n<\/tbody>\n<\/table>\n<table>\n<thead>\n<tr>\n<th style=\"width:100px\">\u00darovn\u011b<\/th>\n<th style=\"width:40px\">21<\/th>\n<th style=\"width:40px\">22<\/th>\n<th style=\"width:40px\">23<\/th>\n<th style=\"width:40px\">24<\/th>\n<th style=\"width:40px\">25<\/th>\n<th style=\"width:40px\">26<\/th>\n<th style=\"width:40px\">27<\/th>\n<th style=\"width:40px\">28<\/th>\n<th style=\"width:40px\">29<\/th>\n<th style=\"width:40px\">30<\/th>\n<\/tr>\n<\/thead>\n<tbody>\n<tr>\n<td>+AR (%)<\/td>\n<td>115<\/td>\n<td>120<\/td>\n<td>125<\/td>\n<td>130<\/td>\n<td>135<\/td>\n<td>140<\/td>\n<td>145<\/td>\n<td>150<\/td>\n<td>155<\/td>\n<td>160<\/td>\n<\/tr>\n<tr>\n<td>Omr\u00e1\u010den\u00ed (s)<\/td>\n<td>4,60<\/td>\n<td>4,68<\/td>\n<td>4,76<\/td>\n<td>4,84<\/td>\n<td>4,92<\/td>\n<td>5,00<\/td>\n<td>5,08<\/td>\n<td>5,16<\/td>\n<td>5,24<\/td>\n<td>5,32<\/td>\n<\/tr>\n<tr>\n<th>\u00darovn\u011b<\/th>\n<th>31<\/th>\n<th>32<\/th>\n<th>33<\/th>\n<th>34<\/th>\n<th>35<\/th>\n<th>36<\/th>\n<th>37<\/th>\n<th>38<\/th>\n<th>39<\/th>\n<th>40<\/th>\n<\/tr>\n<tr>\n<td>+AR (%)<\/td>\n<td>165<\/td>\n<td>170<\/td>\n<td>175<\/td>\n<td>180<\/td>\n<td>185<\/td>\n<td>190<\/td>\n<td>195<\/td>\n<td>200<\/td>\n<td>205<\/td>\n<td>210<\/td>\n<\/tr>\n<tr>\n<td>Omr\u00e1\u010den\u00ed (s)<\/td>\n<td>5,40<\/td>\n<td>5,48<\/td>\n<td>5,56<\/td>\n<td>5,64<\/td>\n<td>5,72<\/td>\n<td>5,80<\/td>\n<td>5,88<\/td>\n<td>5,96<\/td>\n<td>6,04<\/td>\n<td>6,12<\/td>\n<\/tr>\n<\/tbody>\n<\/table>\n<p>\u00dasp\u011b\u0161n\u011b proveden\u00fd \u00fatok omr\u00e1\u010d\u00ed nep\u0159\u00edtele.<\/p>\n<p>Pokud je zasa\u017een\u00fd nep\u0159\u00edtel \u0161ampi\u00f3nem, unik\u00e1tn\u00edm bossem, nebo superunik\u00e1tn\u00edm bossem, bude omr\u00e1\u010den pouze s\u00a010% pravd\u011bpodobnost\u00ed. Jedin\u00ed, kdo jsou v\u016f\u010di omr\u00e1\u010den\u00ed zcela imunn\u00ed, jsou akt bossov\u00e9 a bossov\u00e9 (Blood Raven, Griswold, Radament, Summoner, Izual a Nihlathak).<\/p>\n<p>Doba omr\u00e1\u010den\u00ed je po uplatn\u011bn\u00ed synergie zaokrouhlena na nejbli\u017e\u0161\u00ed sn\u00edmek (na 0,04sekundov\u00e9 \u010d\u00e1sti) a je nem\u011bnn\u00e1 pro v\u0161echny typy nep\u0159\u00e1tel.<\/p>\n<p>Maxim\u00e1ln\u00ed doba omr\u00e1\u010den\u00ed je omezen\u00e1 na 10\u00a0sekund. Toho m\u016f\u017ee Barbar dos\u00e1hnout maxim\u00e1ln\u00ed \u00farovni synergick\u00e9ho skillu a alespo\u0148 26.\u00a0\u00farovn\u00ed tohoto skillu nebo bez synergi\u00ed 99.\u00a0\u00farovn\u011b tohoto skillu.<\/p>\n<h3>V\u00fdpo\u010dty<\/h3>\n<ul>\n<li>+Attack Rating (%) = 10 + 5 * slvl %<\/li>\n<li>Omr\u00e1\u010den\u00ed (s):<\/li>\n<\/ul>\n<table>\n<thead>\n<tr>\n<th>\u00darove\u0148<\/th>\n<th>1\u20138<\/th>\n<th>9\u201316<\/th>\n<th>17\u201322<\/th>\n<th>23\u201327<\/th>\n<th>28\u201399<\/th>\n<\/tr>\n<\/thead>\n<tbody>\n<tr>\n<td style=\"width:75px\">Omr\u00e1\u010den\u00ed (s)<\/td>\n<td>0,2*slvl + 1<\/td>\n<td>0,2*slvl + 1<\/td>\n<td>0,08*slvl + 2,92<\/td>\n<td>0,08*slvl + 2,92<\/td>\n<td>0,08*slvl + 2,92<\/td>\n<\/tr>\n<\/tbody>\n<\/table>\n<p>(slvl = \u00farove\u0148 skillu)<\/p>\n<h3>V\u00fdskyt dovednosti<\/h3>\n<p><strong>N\u011bkter\u00e9 p\u0159edm\u011bty poskytuj\u00ed bonus k\u00a0tomuto skillu:<\/strong><\/p>\n<ul>\n<li>V\u0161echny p\u0159edm\u011bty typu <a href=\"https:\/\/www.diablofans.cz\/d2\/predmety-normal-barbarian-helms\">Barbaian Helms<\/a> (ilvl&gt;11): +1\u20133 to Stun (Barbarian Only) (varies)<\/li>\n<\/ul>\n<p><strong>Dovednost se vyskytuje na \u201enabit\u00fdch\u201c p\u0159edm\u011btech (Charges):<\/strong><\/p>\n<ul>\n<li>V\u00fdskyt pouze na Magic nebo Rare barbarsk\u00fdch helm\u00e1ch nebo zbran\u00edch nabl\u00edzko v\u0161eho druhu krom hol\u00ed a\u00a0h\u016flek.<\/li>\n<li>\u00darovn\u011b: 1\u20137<\/li>\n<li>V\u00a0tabulce je zn\u00e1zorn\u011bn minim\u00e1ln\u00ed po\u017eadavek na \u00farove\u0148 p\u0159edm\u011btu (ilvl) na \u00farove\u0148 skillu spole\u010dn\u011b s\u00a0po\u010dtem n\u00e1boj\u016f (Charges)<\/li>\n<\/ul>\n<p>Pro barbarsk\u00e9 helmy plat\u00ed:<\/p>\n<table>\n<thead>\n<tr>\n<th>\u00darove\u0148 skillu<\/th>\n<th>1<\/th>\n<th>2<\/th>\n<th>3<\/th>\n<th>4<\/th>\n<th>5<\/th>\n<th>6<\/th>\n<th>7<\/th>\n<\/tr>\n<\/thead>\n<tbody>\n<tr>\n<td>Minim\u00e1ln\u00ed ilvl<\/td>\n<td>24<\/td>\n<td>36<\/td>\n<td>48<\/td>\n<td>60<\/td>\n<td>72<\/td>\n<td>84<\/td>\n<td>96<\/td>\n<\/tr>\n<tr>\n<td>Po\u010det Charges<\/td>\n<td>67<\/td>\n<td>75<\/td>\n<td>82<\/td>\n<td>90<\/td>\n<td>97<\/td>\n<td>105<\/td>\n<td>112<\/td>\n<\/tr>\n<\/tbody>\n<\/table>\n<p>Pro zbran\u011b plat\u00ed:<\/p>\n<table>\n<thead>\n<tr>\n<th>\u00darove\u0148 skillu<\/th>\n<th>1<\/th>\n<th>2<\/th>\n<th>3<\/th>\n<th>4<\/th>\n<\/tr>\n<\/thead>\n<tbody>\n<tr>\n<td>Minim\u00e1ln\u00ed ilvl<\/td>\n<td>33<\/td>\n<td>54<\/td>\n<td>75<\/td>\n<td>96<\/td>\n<\/tr>\n<tr>\n<td>Po\u010det Charges<\/td>\n<td>22<\/td>\n<td>25<\/td>\n<td>27<\/td>\n<td>30<\/td>\n<\/tr>\n<\/tbody>\n<\/table>\n<hr \/>\n<p><em>Zku\u0161en\u00fd barbarsk\u00fd v\u00e1le\u010dn\u00edk se lehce nau\u010d\u00ed trefovat nep\u0159\u00edtele na ta m\u00edsta, kde je \u00fader nej\u00fa\u010dinn\u011bj\u0161\u00ed. K\u00a0ochromen\u00ed oponenta tedy posta\u010d\u00ed jen nutn\u00e1 d\u00e1vka s\u00edly, aby pak na chv\u00edli nemohl \u00fatok op\u011btovat ani pokusit se o\u00a0\u00fat\u011bk.<\/em><\/p>\n<p style=\"text-align:center\">&#8212;\u00a0\u2014 &#8212;\u00a0\u2014 &#8212;\u00a0\u2014 &#8212;\u00a0\u2014 &#8212;\u00a0\u2014 &#8212;\u00a0\u2014 &#8212;\u00a0\u2014 &#8212;\u00a0\u2014 &#8212;\u00a0\u2014 &#8212;\u00a0\u2014 &#8212;\u00a0\u2014\u00a0&#8212;<\/p>\n<p style=\"text-align:center\"><a href=\"https:\/\/www.diablofans.cz\/d2\/herni-postavy-barbarian-skilly-combat-skills\">\u00ab Zp\u011bt do sekce Hern\u00ed postavy\u00a0\u2013 Barbarian\u00a0\u2013 Skilly\u00a0\u2013 Combat\u00a0Skills<\/a><\/p>\n<\/p><\/div>\n<p> <!-- by Texy2! --><\/p>\n","protected":false},"excerpt":{"rendered":"<p>Barbarian\u00a0\u2013 Warcries\u00a0\u2013 Combat Masteries\u00a0\u2013 Combat\u00a0Skills Bash Leap Double Swing Stun Double Throw Leap Attack Concentrate Frenzy Whirlwind Berserk Stun Pot\u0159ebn\u00fd level: 12 Pot\u0159ebn\u00e9 skilly: Bash Typ: Omra\u010duj\u00edc\u00ed \u00fatok na bl\u00edzko Lev\u00e9 tla\u010d\u00edtko: Ano Stun dost\u00e1v\u00e1 synergick\u00e9 bonusy ze skill\u016f: Bash: +8\u00a0% k\u00a0fyzick\u00fdm \u0161kod\u00e1m za level Concentrate: +5\u00a0% k\u00a0Attack Rating za level War Cry: +5\u00a0% k\u00a0dob\u011b [&#8230;]<\/p>\n<p><a class=\"btn btn-secondary understrap-read-more-link\" href=\"https:\/\/www.diablofans.cz\/d2\/herni-postavy-barbarian-skilly-combat-skills-stun\/\">\u010c\u00edst d\u00e1le&#8230;<span class=\"screen-reader-text\"> from Barbarian &#8211; Skilly &#8211; Combat Skills &#8211; Stun<\/span><\/a><\/p>\n","protected":false},"author":1,"featured_media":0,"parent":0,"menu_order":0,"comment_status":"open","ping_status":"open","template":"","meta":{"footnotes":""},"class_list":["post-3315","page","type-page","status-publish","hentry"],"_links":{"self":[{"href":"https:\/\/www.diablofans.cz\/d2\/wp-json\/wp\/v2\/pages\/3315","targetHints":{"allow":["GET"]}}],"collection":[{"href":"https:\/\/www.diablofans.cz\/d2\/wp-json\/wp\/v2\/pages"}],"about":[{"href":"https:\/\/www.diablofans.cz\/d2\/wp-json\/wp\/v2\/types\/page"}],"author":[{"embeddable":true,"href":"https:\/\/www.diablofans.cz\/d2\/wp-json\/wp\/v2\/users\/1"}],"replies":[{"embeddable":true,"href":"https:\/\/www.diablofans.cz\/d2\/wp-json\/wp\/v2\/comments?post=3315"}],"version-history":[{"count":0,"href":"https:\/\/www.diablofans.cz\/d2\/wp-json\/wp\/v2\/pages\/3315\/revisions"}],"wp:attachment":[{"href":"https:\/\/www.diablofans.cz\/d2\/wp-json\/wp\/v2\/media?parent=3315"}],"curies":[{"name":"wp","href":"https:\/\/api.w.org\/{rel}","templated":true}]}}