{"id":3319,"date":"2018-08-25T22:08:56","date_gmt":"2018-08-25T20:08:56","guid":{"rendered":"http:\/\/diablofans.ddev.site\/d2\/herni-postavy-barbarian-skilly-combat-skills-frenzy\/"},"modified":"2018-08-25T22:08:56","modified_gmt":"2018-08-25T20:08:56","slug":"herni-postavy-barbarian-skilly-combat-skills-frenzy","status":"publish","type":"page","link":"https:\/\/www.diablofans.cz\/d2\/herni-postavy-barbarian-skilly-combat-skills-frenzy\/","title":{"rendered":"Barbarian &#8211; Skilly &#8211; Combat Skills &#8211; Frenzy"},"content":{"rendered":"\n<div class=\"skilly\">\n<p style=\"text-align:center\"><a href=\"https:\/\/www.diablofans.cz\/d2\/herni-postavy-barbarian\">Barbarian<\/a>\u00a0\u2013 <a href=\"https:\/\/www.diablofans.cz\/d2\/herni-postavy-barbarian-skilly-warcries\">Warcries<\/a>\u00a0\u2013 <a href=\"https:\/\/www.diablofans.cz\/d2\/herni-postavy-barbarian-skilly-combat-masteries\">Combat Masteries<\/a>\u00a0\u2013 <strong><a href=\"https:\/\/www.diablofans.cz\/d2\/herni-postavy-barbarian-skilly-combat-skills\">Combat\u00a0Skills<\/a><\/strong><\/p>\n<div style=\"float: right; width: 120px; \">\n<table>\n<tbody>\n<tr>\n<td><a href=\"https:\/\/www.diablofans.cz\/d2\/herni-postavy-barbarian-skilly-combat-skills-bash\">Bash<\/a><\/td>\n<\/tr>\n<tr>\n<td><a href=\"https:\/\/www.diablofans.cz\/d2\/herni-postavy-barbarian-skilly-combat-skills-leap\">Leap<\/a><\/td>\n<\/tr>\n<tr>\n<td><a href=\"https:\/\/www.diablofans.cz\/d2\/herni-postavy-barbarian-skilly-combat-skills-double-swing\">Double Swing<\/a><\/td>\n<\/tr>\n<tr>\n<td><a href=\"https:\/\/www.diablofans.cz\/d2\/herni-postavy-barbarian-skilly-combat-skills-stun\">Stun<\/a><\/td>\n<\/tr>\n<tr>\n<td><a href=\"https:\/\/www.diablofans.cz\/d2\/herni-postavy-barbarian-skilly-combat-skills-double-throw\">Double Throw<\/a><\/td>\n<\/tr>\n<tr>\n<td><a href=\"https:\/\/www.diablofans.cz\/d2\/herni-postavy-barbarian-skilly-combat-skills-leap-attack\">Leap Attack<\/a><\/td>\n<\/tr>\n<tr>\n<td><a href=\"https:\/\/www.diablofans.cz\/d2\/herni-postavy-barbarian-skilly-combat-skills-concentrate\">Concentrate<\/a><\/td>\n<\/tr>\n<tr>\n<td><strong><a href=\"https:\/\/www.diablofans.cz\/d2\/herni-postavy-barbarian-skilly-combat-skills-frenzy\">Frenzy<\/a><\/strong><\/td>\n<\/tr>\n<tr>\n<td><a href=\"https:\/\/www.diablofans.cz\/d2\/herni-postavy-barbarian-skilly-combat-skills-whirlwind\">Whirlwind<\/a><\/td>\n<\/tr>\n<tr>\n<td><a href=\"https:\/\/www.diablofans.cz\/d2\/herni-postavy-barbarian-skilly-combat-skills-berserk\">Berserk<\/a><\/td>\n<\/tr>\n<\/tbody>\n<\/table><\/div>\n<h3 style=\"clear:none\">Frenzy<\/h3>\n<div><img loading=\"lazy\" decoding=\"async\" src=\"https:\/\/www.diablofans.cz\/d2\/wp-content\/uploads\/2018\/08\/frenzy.jpg\" alt=\"Frenzy\" class=\"img-left\" width=\"48\" height=\"48\" \/><\/div>\n<ul>\n<li>Pot\u0159ebn\u00fd level: 24<\/li>\n<li>Pot\u0159ebn\u00e9 skilly: <a href=\"https:\/\/www.diablofans.cz\/d2\/herni-postavy-barbarian-skilly-combat-skills-bash\">Bash<\/a>, <a href=\"https:\/\/www.diablofans.cz\/d2\/herni-postavy-barbarian-skilly-combat-skills-double-swing\">Double Swing<\/a>, <a href=\"https:\/\/www.diablofans.cz\/d2\/herni-postavy-barbarian-skilly-combat-skills-double-throw\">Double\u00a0Throw<\/a><\/li>\n<li>Typ: \u00datok dv\u011bma zbran\u011bmi na bl\u00edzko<\/li>\n<li>Lev\u00e9 tla\u010d\u00edtko: Ano<\/li>\n<\/ul>\n<p class=\"zelena\">Frenzy dost\u00e1v\u00e1 synergick\u00e9 bonusy ze skill\u016f:<\/p>\n<ul>\n<li><a href=\"https:\/\/www.diablofans.cz\/d2\/herni-postavy-barbarian-skilly-combat-skills-double-swing\">Double Swing<\/a>: +8\u00a0% k\u00a0fyzick\u00fdm \u0161kod\u00e1m za level<\/li>\n<li><a href=\"https:\/\/www.diablofans.cz\/d2\/herni-postavy-barbarian-skilly-warcries-taunt\">Taunt<\/a>: +8\u00a0% k\u00a0fyzick\u00fdm \u0161kod\u00e1m za level<\/li>\n<li><a href=\"https:\/\/www.diablofans.cz\/d2\/herni-postavy-barbarian-skilly-combat-skills-berserk\">Berserk<\/a>: 1\u00a0% fyzick\u00fdch \u0161kod p\u0159evedeno na magick\u00e9\u00a0\u0161kody<\/li>\n<\/ul>\n<p>P\u0159i aktivaci t\u00e9to dovednosti ka\u017ed\u00fd \u00fasp\u011b\u0161n\u00fd z\u00e1sah zvy\u0161uje rychlost n\u00e1sleduj\u00edc\u00edho \u00fatoku a rychlost b\u011bhu Barbara. Velmi cen\u011bn\u00fd je i\u00a0ob\u0159\u00ed n\u00e1r\u016fst do zp\u016fsoben\u00fdch \u0161kod. Zu\u0159ivost je velice u\u017eite\u010dnou dovednost\u00ed, nebo\u0165 b\u011bhem kr\u00e1tk\u00e9 chv\u00edle m\u016f\u017ee vyu\u017e\u00edt jej\u00edch v\u00fdhod i\u00a0pro ostatn\u00ed bojov\u00e1 um\u011bn\u00ed. Nejv\u00edc cenn\u00e9 bude zv\u00fd\u0161en\u00ed rychlosti.<\/p>\n<p>T\u00e9to schopnosti vyu\u017e\u00edvaj\u00ed i\u00a0v\u0161echna monstra typu <a href=\"https:\/\/www.diablofans.cz\/d2\/bestiar-5-akt#bloodlord\">Blood Lord<\/a>.<\/p>\n<h3>Tabulka<\/h3>\n<p>Cena many = 3\u00a0pro v\u0161echny \u00farovn\u011b D\u00e9lka trv\u00e1n\u00ed zu\u0159ivosti = 6\u00a0sekund pro v\u0161echny \u00farovn\u011b Zv\u00fd\u0161en\u00ed rychlosti animace \u00fatoku pro prvn\u00ed \u00fader = +7\u00a0pro v\u0161echny \u00farovn\u011b Zv\u00fd\u0161en\u00ed rychlosti animace b\u011bhu pro prvn\u00ed \u00fader = +47\u00a0pro v\u0161echny\u00a0\u00farovn\u011b<\/p>\n<table>\n<thead>\n<tr>\n<th style=\"width:100px\">\u00darovn\u011b<\/th>\n<th style=\"width:40px\">1<\/th>\n<th style=\"width:40px\">2<\/th>\n<th style=\"width:40px\">3<\/th>\n<th style=\"width:40px\">4<\/th>\n<th style=\"width:40px\">5<\/th>\n<th style=\"width:40px\">6<\/th>\n<th style=\"width:40px\">7<\/th>\n<th style=\"width:40px\">8<\/th>\n<th style=\"width:40px\">9<\/th>\n<th style=\"width:40px\">10<\/th>\n<\/tr>\n<\/thead>\n<tbody>\n<tr>\n<td>+AR (%)<\/td>\n<td>100<\/td>\n<td>107<\/td>\n<td>114<\/td>\n<td>121<\/td>\n<td>128<\/td>\n<td>135<\/td>\n<td>142<\/td>\n<td>149<\/td>\n<td>156<\/td>\n<td>163<\/td>\n<\/tr>\n<tr>\n<td>+DMG (%)<\/td>\n<td>90<\/td>\n<td>95<\/td>\n<td>100<\/td>\n<td>105<\/td>\n<td>110<\/td>\n<td>115<\/td>\n<td>120<\/td>\n<td>125<\/td>\n<td>130<\/td>\n<td>135<\/td>\n<\/tr>\n<tr>\n<td>Max +<a href=\"https:\/\/www.diablofans.cz\/d2\/vlastnosti-increased-attack-speed#EIAS\">EIAS<\/a><\/td>\n<td>7<\/td>\n<td>13<\/td>\n<td>18<\/td>\n<td>22<\/td>\n<td>25<\/td>\n<td>27<\/td>\n<td>29<\/td>\n<td>31<\/td>\n<td>33<\/td>\n<td>34<\/td>\n<\/tr>\n<tr>\n<td>Max +<a href=\"https:\/\/www.diablofans.cz\/d2\/vlastnosti-faster-run-walk\">rychlost<\/a><\/td>\n<td>47<\/td>\n<td>68<\/td>\n<td>84<\/td>\n<td>99<\/td>\n<td>110<\/td>\n<td>119<\/td>\n<td>126<\/td>\n<td>131<\/td>\n<td>138<\/td>\n<td>142<\/td>\n<\/tr>\n<tr>\n<th>\u00darovn\u011b<\/th>\n<th>11<\/th>\n<th>12<\/th>\n<th>13<\/th>\n<th>14<\/th>\n<th>15<\/th>\n<th>16<\/th>\n<th>17<\/th>\n<th>18<\/th>\n<th>19<\/th>\n<th>20<\/th>\n<\/tr>\n<tr>\n<td>+AR (%)<\/td>\n<td>170<\/td>\n<td>177<\/td>\n<td>184<\/td>\n<td>191<\/td>\n<td>198<\/td>\n<td>205<\/td>\n<td>212<\/td>\n<td>219<\/td>\n<td>226<\/td>\n<td>233<\/td>\n<\/tr>\n<tr>\n<td>+DMG (%)<\/td>\n<td>140<\/td>\n<td>145<\/td>\n<td>150<\/td>\n<td>155<\/td>\n<td>160<\/td>\n<td>165<\/td>\n<td>170<\/td>\n<td>175<\/td>\n<td>180<\/td>\n<td>185<\/td>\n<\/tr>\n<tr>\n<td>Max +<a href=\"https:\/\/www.diablofans.cz\/d2\/vlastnosti-increased-attack-speed#EIAS\">EIAS<\/a><\/td>\n<td>35<\/td>\n<td>36<\/td>\n<td>37<\/td>\n<td>38<\/td>\n<td>39<\/td>\n<td>40<\/td>\n<td>40<\/td>\n<td>41<\/td>\n<td>41<\/td>\n<td>42<\/td>\n<\/tr>\n<tr>\n<td>Max +<a href=\"https:\/\/www.diablofans.cz\/d2\/vlastnosti-faster-run-walk\">rychlost<\/a><\/td>\n<td>147<\/td>\n<td>151<\/td>\n<td>155<\/td>\n<td>158<\/td>\n<td>160<\/td>\n<td>164<\/td>\n<td>165<\/td>\n<td>167<\/td>\n<td>169<\/td>\n<td>171<\/td>\n<\/tr>\n<\/tbody>\n<\/table>\n<table>\n<thead>\n<tr>\n<th style=\"width:100px\">\u00darovn\u011b<\/th>\n<th style=\"width:40px\">21<\/th>\n<th style=\"width:40px\">22<\/th>\n<th style=\"width:40px\">23<\/th>\n<th style=\"width:40px\">24<\/th>\n<th style=\"width:40px\">25<\/th>\n<th style=\"width:40px\">26<\/th>\n<th style=\"width:40px\">27<\/th>\n<th style=\"width:40px\">28<\/th>\n<th style=\"width:40px\">29<\/th>\n<th style=\"width:40px\">30<\/th>\n<\/tr>\n<\/thead>\n<tbody>\n<tr>\n<td>+AR (%)<\/td>\n<td>240<\/td>\n<td>247<\/td>\n<td>254<\/td>\n<td>261<\/td>\n<td>268<\/td>\n<td>275<\/td>\n<td>282<\/td>\n<td>289<\/td>\n<td>296<\/td>\n<td>303<\/td>\n<\/tr>\n<tr>\n<td>+DMG (%)<\/td>\n<td>190<\/td>\n<td>195<\/td>\n<td>200<\/td>\n<td>205<\/td>\n<td>210<\/td>\n<td>215<\/td>\n<td>220<\/td>\n<td>225<\/td>\n<td>230<\/td>\n<td>235<\/td>\n<\/tr>\n<tr>\n<td>Max +<a href=\"https:\/\/www.diablofans.cz\/d2\/vlastnosti-increased-attack-speed#EIAS\">EIAS<\/a><\/td>\n<td>42<\/td>\n<td>43<\/td>\n<td>43<\/td>\n<td>44<\/td>\n<td>44<\/td>\n<td>44<\/td>\n<td>45<\/td>\n<td>45<\/td>\n<td>45<\/td>\n<td>45<\/td>\n<\/tr>\n<tr>\n<td>Max +<a href=\"https:\/\/www.diablofans.cz\/d2\/vlastnosti-faster-run-walk\">rychlost<\/a><\/td>\n<td>173<\/td>\n<td>174<\/td>\n<td>176<\/td>\n<td>178<\/td>\n<td>178<\/td>\n<td>180<\/td>\n<td>182<\/td>\n<td>182<\/td>\n<td>183<\/td>\n<td>183<\/td>\n<\/tr>\n<tr>\n<th>\u00darovn\u011b<\/th>\n<th>31<\/th>\n<th>32<\/th>\n<th>33<\/th>\n<th>34<\/th>\n<th>35<\/th>\n<th>36<\/th>\n<th>37<\/th>\n<th>38<\/th>\n<th>39<\/th>\n<th>40<\/th>\n<\/tr>\n<tr>\n<td>+AR (%)<\/td>\n<td>310<\/td>\n<td>317<\/td>\n<td>324<\/td>\n<td>331<\/td>\n<td>338<\/td>\n<td>345<\/td>\n<td>352<\/td>\n<td>359<\/td>\n<td>366<\/td>\n<td>373<\/td>\n<\/tr>\n<tr>\n<td>+DMG (%)<\/td>\n<td>240<\/td>\n<td>245<\/td>\n<td>250<\/td>\n<td>255<\/td>\n<td>260<\/td>\n<td>265<\/td>\n<td>270<\/td>\n<td>275<\/td>\n<td>280<\/td>\n<td>285<\/td>\n<\/tr>\n<tr>\n<td>Max +<a href=\"https:\/\/www.diablofans.cz\/d2\/vlastnosti-increased-attack-speed#EIAS\">EIAS<\/a><\/td>\n<td>46<\/td>\n<td>46<\/td>\n<td>46<\/td>\n<td>46<\/td>\n<td>46<\/td>\n<td>47<\/td>\n<td>47<\/td>\n<td>47<\/td>\n<td>47<\/td>\n<td>47<\/td>\n<\/tr>\n<tr>\n<td>Max +<a href=\"https:\/\/www.diablofans.cz\/d2\/vlastnosti-faster-run-walk\">rychlost<\/a><\/td>\n<td>185<\/td>\n<td>185<\/td>\n<td>187<\/td>\n<td>187<\/td>\n<td>187<\/td>\n<td>189<\/td>\n<td>189<\/td>\n<td>191<\/td>\n<td>191<\/td>\n<td>191<\/td>\n<\/tr>\n<\/tbody>\n<\/table>\n<p>Barbar t\u00edmto skillem postupn\u011b zasahuje v\u0161echny nep\u0159\u00e1tele v\u00a0dosahu sv\u00fdch zbran\u00ed. Pokud je v\u00a0dosahu pouze jedin\u00fd c\u00edl, zasahuj\u00ed ob\u011b zbran\u011b jen\u00a0jeho.<\/p>\n<p>Prvn\u00ed \u00fasp\u011b\u0161n\u00fd \u00fatok t\u00edmto skillem zapne zu\u0159ivost a nastav\u00ed jej\u00ed d\u00e9lku na 6\u00a0sekund. Po celou dobu trv\u00e1n\u00ed zu\u0159ivosti se zrychl\u00ed \u00fatok i\u00a0b\u011bh\u00e1n\u00ed.<\/p>\n<p>Prvn\u00ed \u00fader zrychl\u00ed \u00fatok a b\u011bh\u00e1n\u00ed v\u017edy dle \u00fadaje na prvn\u00ed \u00farovni. Ka\u017ed\u00fd n\u00e1sleduj\u00edc\u00ed \u00fatok pot\u00e9 vyresetuje d\u00e9lku zu\u0159ivosti zp\u011bt na 6\u00a0sekund a zv\u00fd\u0161\u00ed rychlost \u00fatoku a b\u011bh\u00e1n\u00ed dle dal\u0161\u00ed \u00farovn\u011b skillu, ne\u017e se dosp\u011bje do stropu, kter\u00fdm je nau\u010den\u00e1 \u00farove\u0148 skillu.<\/p>\n<p>Aby byla rychlost \u00fatoku a b\u011bhu rovna \u00fadaj\u016fm nap\u0159\u00edklad na 20.\u00a0\u00farovni skillu, mus\u00ed Barbar nejprve nab\u00edt schopnost 20\u00a0\u00fasp\u011b\u0161n\u00fdmi ranami.<\/p>\n<p>B\u011bhem trv\u00e1n\u00ed zu\u0159ivosti m\u016f\u017ee Barbar vyu\u017e\u00edvat i\u00a0jin\u00e9 schopnosti a vyu\u017e\u00edt bonus\u016f k\u00a0rychlosti \u00fatoku a b\u011bhu, ne\u017e zu\u0159ivost vyprch\u00e1. Pro jej\u00ed udr\u017een\u00ed na stanoven\u00e9 \u00farovni je nutn\u00e9 zu\u0159ivost jedn\u00edm z\u00e1sahem t\u00edmto skillem op\u011bt obnovit.<\/p>\n<p>Vlastn\u00ed \u00fato\u010dn\u00e1 sekvence nem\u016f\u017ee b\u00fdt p\u0159eru\u0161ena blokov\u00e1n\u00edm \u0161t\u00edtem, \u010darov\u00e1n\u00edm, <a href=\"https:\/\/www.diablofans.cz\/d2\/vlastnosti-faster-hit-recovery\">hit recovery<\/a>, <a href=\"https:\/\/www.diablofans.cz\/d2\/vlastnosti-knockback\">knockbackem<\/a> nebo omr\u00e1\u010den\u00edm.<\/p>\n<p><span style=\"color: #ff3020;\">Mana se spot\u0159ebuje pro ka\u017edou zbra\u0148 zvl\u00e1\u0161\u0165.<\/span> Proto na ka\u017ed\u00fd \u00fatok Barbar vyu\u017eije jen polovinu uveden\u00e9ho mno\u017estv\u00ed many. Zu\u0159ivost je mo\u017en\u00e9 zah\u00e1jit i\u00a0s\u00a0pouze 1,5\u00a0body many, i\u00a0kdy\u017e je uveden\u00e9 minimum\u00a03.<\/p>\n<p>Konverze ze synergie p\u0159evede po zapo\u010dten\u00ed v\u0161ech bonus\u016f \u010d\u00e1st fyzick\u00e9 \u0161kody na magickou. Zapo\u010d\u00edt\u00e1vaj\u00ed se i\u00a0kritick\u00e9 \u00fadery z\u00a0<a href=\"https:\/\/www.diablofans.cz\/d2\/herni-postavy-barbarian-skilly-combat-masteries\">mistrovstv\u00ed<\/a> a z\u00a0<a href=\"https:\/\/www.diablofans.cz\/d2\/vlastnosti-deadly-strike\">deadly strike<\/a>. Na p\u0159evedenou \u010d\u00e1st \u0161kod nefunguj\u00ed <a href=\"https:\/\/www.diablofans.cz\/d2\/herni-postavy-necromancer-skilly-curses-life-tap\">Life Tap<\/a>, <a href=\"https:\/\/www.diablofans.cz\/d2\/vlastnosti-life-stolen-per-hit\">Life steal<\/a> a <a href=\"https:\/\/www.diablofans.cz\/d2\/vlastnosti-mana-stolen-per-hit\">Mana Steal<\/a>, ani se nevrac\u00ed \u0161kody z\u00a0nep\u0159\u00edtelova \u00fa\u010dinku aury <a href=\"https:\/\/www.diablofans.cz\/d2\/herni-postavy-paladin-skilly-offensive-auras-thorns\">Thorns<\/a>, <a href=\"https:\/\/www.diablofans.cz\/d2\/herni-postavy-druid-skilly-summoning-spirit-of-barbs\">Spirit of Barbs<\/a> a kletby Iron <a href=\"https:\/\/www.diablofans.cz\/d2\/herni-postavy-necromancer-skilly-curses-iron-maiden\">Maiden<\/a>.<\/p>\n<p>P\u0159i \u00fatoku se pro magickou slo\u017eku ignoruj\u00ed nep\u0159\u00edtelovy rezistence na fyzick\u00e9 \u00fatoky a pro fyzick\u00e9 \u0161kody rezistence v\u016f\u010di\u00a0magii.<\/p>\n<p><span style=\"color: #ff3020;\">V\u00a0popisu skillu ve h\u0159e je chybn\u011b uvedeno, \u017ee synergie p\u0159id\u00e1v\u00e1 za ka\u017edou \u00farove\u0148 1\u00a0% k\u00a0magick\u00fdm \u0161kod\u00e1m nav\u00edc.<\/span> Ve skute\u010dnosti p\u0159i \u00farovni 1\u00a0v\u00a0Berserku bude magick\u00e1 slo\u017eka tvo\u0159it 1\u00a0% \u0161kod a zbyl\u00fdch 99\u00a0% bude tvo\u0159it fyzick\u00e9 \u0161kody. K\u00a0\u017e\u00e1dn\u00e9mu n\u00e1r\u016fstu nedoch\u00e1z\u00ed.<\/p>\n<h3>V\u00fdpo\u010dty<\/h3>\n<ul>\n<li>+Attack Rating (%) = 93 + 7 * slvl %<\/li>\n<li>+DMG (%) = 85 + 5 * slvl %<\/li>\n<li>Maximum +EIAS = 0,5 * [(110 * slvl) \/ (slvl + 6)], zaokrouhleno dol\u016f, maximum =\u00a050<\/li>\n<li>Maximum rychlosti b\u011bhu = 20 + [180 * [(110 * slvl) \/ (slvl + 6)] \/ 100], zaokrouhleno dol\u016f, maximum =\u00a0200<\/li>\n<\/ul>\n<p>(slvl = \u00farove\u0148 skillu)<\/p>\n<h3>V\u00fdskyt dovednosti<\/h3>\n<p><strong>N\u011bkter\u00e9 p\u0159edm\u011bty poskytuj\u00ed bonus k\u00a0tomuto skillu:<\/strong><\/p>\n<ul>\n<li>V\u0161echny p\u0159edm\u011bty typu <a href=\"https:\/\/www.diablofans.cz\/d2\/predmety-normal-barbarian-helms\">Barbaian Helms<\/a> (ilvl&gt;24): +1\u20133 to Frenzy (Barbarian Only) (varies)<\/li>\n<li><a href=\"https:\/\/www.diablofans.cz\/d2\/runova-slova-1-09\">Fury<\/a> zbra\u0148 na bl\u00edzko: +5\u00a0to Frenzy (Barbarian\u00a0Only)<\/li>\n<\/ul>\n<hr \/>\n<p><em>A\u010dkoliv jsou Barba\u0159i tak\u00e9 schopn\u00ed spo\u010d\u00edtat si s\u00edlu sv\u00e9 r\u00e1ny a chladn\u011b takticky kalkulovat, jsou od ostatn\u00edch odli\u0161n\u00ed svou prudkou v\u00e1\u0161n\u00ed pro boj. Kdy\u017e u\u017e\u00edvaj\u00ed zu\u0159ivosti, dovedou d\u00e1t do ka\u017ed\u00e9 dal\u0161\u00ed r\u00e1ny v\u00edce a v\u00edce s\u00edly stejnou m\u011brou, jakou roste jejich zloba a m\u00edra krve\u017e\u00edznivosti.<\/em><\/p>\n<p style=\"text-align:center\">&#8212;\u00a0\u2014 &#8212;\u00a0\u2014 &#8212;\u00a0\u2014 &#8212;\u00a0\u2014 &#8212;\u00a0\u2014 &#8212;\u00a0\u2014 &#8212;\u00a0\u2014 &#8212;\u00a0\u2014 &#8212;\u00a0\u2014 &#8212;\u00a0\u2014 &#8212;\u00a0\u2014\u00a0&#8212;<\/p>\n<p style=\"text-align:center\"><a href=\"https:\/\/www.diablofans.cz\/d2\/herni-postavy-barbarian-skilly-combat-skills\">\u00ab Zp\u011bt do sekce Hern\u00ed postavy\u00a0\u2013 Barbarian\u00a0\u2013 Skilly\u00a0\u2013 Combat\u00a0Skills<\/a><\/p>\n<\/p><\/div>\n<p> <!-- by Texy2! --><\/p>\n","protected":false},"excerpt":{"rendered":"<p>Barbarian\u00a0\u2013 Warcries\u00a0\u2013 Combat Masteries\u00a0\u2013 Combat\u00a0Skills Bash Leap Double Swing Stun Double Throw Leap Attack Concentrate Frenzy Whirlwind Berserk Frenzy Pot\u0159ebn\u00fd level: 24 Pot\u0159ebn\u00e9 skilly: Bash, Double Swing, Double\u00a0Throw Typ: \u00datok dv\u011bma zbran\u011bmi na bl\u00edzko Lev\u00e9 tla\u010d\u00edtko: Ano Frenzy dost\u00e1v\u00e1 synergick\u00e9 bonusy ze skill\u016f: Double Swing: +8\u00a0% k\u00a0fyzick\u00fdm \u0161kod\u00e1m za level Taunt: +8\u00a0% k\u00a0fyzick\u00fdm \u0161kod\u00e1m za [&#8230;]<\/p>\n<p><a class=\"btn btn-secondary understrap-read-more-link\" href=\"https:\/\/www.diablofans.cz\/d2\/herni-postavy-barbarian-skilly-combat-skills-frenzy\/\">\u010c\u00edst d\u00e1le&#8230;<span class=\"screen-reader-text\"> from Barbarian &#8211; Skilly &#8211; Combat Skills &#8211; Frenzy<\/span><\/a><\/p>\n","protected":false},"author":1,"featured_media":0,"parent":0,"menu_order":0,"comment_status":"open","ping_status":"open","template":"","meta":{"footnotes":""},"class_list":["post-3319","page","type-page","status-publish","hentry"],"_links":{"self":[{"href":"https:\/\/www.diablofans.cz\/d2\/wp-json\/wp\/v2\/pages\/3319","targetHints":{"allow":["GET"]}}],"collection":[{"href":"https:\/\/www.diablofans.cz\/d2\/wp-json\/wp\/v2\/pages"}],"about":[{"href":"https:\/\/www.diablofans.cz\/d2\/wp-json\/wp\/v2\/types\/page"}],"author":[{"embeddable":true,"href":"https:\/\/www.diablofans.cz\/d2\/wp-json\/wp\/v2\/users\/1"}],"replies":[{"embeddable":true,"href":"https:\/\/www.diablofans.cz\/d2\/wp-json\/wp\/v2\/comments?post=3319"}],"version-history":[{"count":0,"href":"https:\/\/www.diablofans.cz\/d2\/wp-json\/wp\/v2\/pages\/3319\/revisions"}],"wp:attachment":[{"href":"https:\/\/www.diablofans.cz\/d2\/wp-json\/wp\/v2\/media?parent=3319"}],"curies":[{"name":"wp","href":"https:\/\/api.w.org\/{rel}","templated":true}]}}