{"id":3323,"date":"2018-08-25T22:08:57","date_gmt":"2018-08-25T20:08:57","guid":{"rendered":"http:\/\/diablofans.ddev.site\/d2\/herni-postavy-paladin-skilly-combat-skills-smite\/"},"modified":"2018-08-25T22:08:57","modified_gmt":"2018-08-25T20:08:57","slug":"herni-postavy-paladin-skilly-combat-skills-smite","status":"publish","type":"page","link":"https:\/\/www.diablofans.cz\/d2\/herni-postavy-paladin-skilly-combat-skills-smite\/","title":{"rendered":"Paladin &#8211; Skilly &#8211; Combat Skills &#8211; Smite"},"content":{"rendered":"\n<div class=\"skilly\">\n<p style=\"text-align:center\"><a href=\"https:\/\/www.diablofans.cz\/d2\/herni-postavy-paladin\">Paladin<\/a>\u00a0\u2013 <a href=\"https:\/\/www.diablofans.cz\/d2\/herni-postavy-paladin-skilly-defensive-auras\">Defensive Auras<\/a>\u00a0\u2013 <a href=\"https:\/\/www.diablofans.cz\/d2\/herni-postavy-paladin-skilly-offensive-auras\">Offensive Auras<\/a>\u00a0\u2013 <strong><a href=\"https:\/\/www.diablofans.cz\/d2\/herni-postavy-paladin-skilly-combat-skills\">Combat\u00a0Skills<\/a><\/strong><\/p>\n<div style=\"float: right; width: 160px; \">\n<table>\n<tbody>\n<tr>\n<td><a href=\"https:\/\/www.diablofans.cz\/d2\/herni-postavy-paladin-skilly-combat-skills-sacrifice\">Sacrifice<\/a><\/td>\n<\/tr>\n<tr>\n<td><strong><a href=\"https:\/\/www.diablofans.cz\/d2\/herni-postavy-paladin-skilly-combat-skills-smite\">Smite<\/a><\/strong><\/td>\n<\/tr>\n<tr>\n<td><a href=\"https:\/\/www.diablofans.cz\/d2\/herni-postavy-paladin-skilly-combat-skills-holy-bolt\">Holy Bolt<\/a><\/td>\n<\/tr>\n<tr>\n<td><a href=\"https:\/\/www.diablofans.cz\/d2\/herni-postavy-paladin-skilly-combat-skills-zeal\">Zeal<\/a><\/td>\n<\/tr>\n<tr>\n<td><a href=\"https:\/\/www.diablofans.cz\/d2\/herni-postavy-paladin-skilly-combat-skills-charge\">Charge<\/a><\/td>\n<\/tr>\n<tr>\n<td><a href=\"https:\/\/www.diablofans.cz\/d2\/herni-postavy-paladin-skilly-combat-skills-vengeance\">Vengeance<\/a><\/td>\n<\/tr>\n<tr>\n<td><a href=\"https:\/\/www.diablofans.cz\/d2\/herni-postavy-paladin-skilly-combat-skills-blessed-hammer\">Blessed Hammer<\/a><\/td>\n<\/tr>\n<tr>\n<td><a href=\"https:\/\/www.diablofans.cz\/d2\/herni-postavy-paladin-skilly-combat-skills-conversion\">Conversion<\/a><\/td>\n<\/tr>\n<tr>\n<td><a href=\"https:\/\/www.diablofans.cz\/d2\/herni-postavy-paladin-skilly-combat-skills-holy-shield\">Holy Shield<\/a><\/td>\n<\/tr>\n<tr>\n<td><a href=\"https:\/\/www.diablofans.cz\/d2\/herni-postavy-paladin-skilly-combat-skills-fist-of-the.heavens\">Fist of the Heavens<\/a><\/td>\n<\/tr>\n<\/tbody>\n<\/table><\/div>\n<h3 style=\"clear:none\">Smite<\/h3>\n<div><img loading=\"lazy\" decoding=\"async\" src=\"https:\/\/www.diablofans.cz\/d2\/wp-content\/uploads\/2018\/08\/smite.jpg\" alt=\"smite\" class=\"img-left\" width=\"48\" height=\"48\" \/><\/div>\n<ul>\n<li>Pot\u0159ebn\u00fd level: 1<\/li>\n<li>Pot\u0159ebn\u00e9 skilly: \u017e\u00e1dn\u00e9<\/li>\n<li>Typ: \u00dader \u0161t\u00edtem, omr\u00e1\u010den\u00ed<\/li>\n<li>Lev\u00e9 tla\u010d\u00edtko: Ano<\/li>\n<\/ul>\n<p>P\u0159i \u00faderu nep\u0159\u00edtele \u0161t\u00edtem je c\u00edl poran\u011bn a sra\u017een zp\u011bt. Nejv\u011bt\u0161\u00ed v\u00fdhodou je v\u0161ak omr\u00e1\u010den\u00ed, je\u017e funguje i\u00a0proti boss\u016fm a akt bos\u016fm. S\u00a0dostate\u010dn\u011b rychl\u00fdmi \u00fadery pak lze nep\u0159\u00edtele bez probl\u00e9mu udolat, nebo\u0165 ten se na ur\u010ditou dobu v\u016fbec nebude moci h\u00fdbat ani \u00fato\u010dit. Pokud m\u00e1 Paladin \u0161t\u00edt, m\u011bl by do t\u00e9to dovednosti rozhodn\u011b investovat aspo\u0148 jeden bod. Vyplat\u00ed\u00a0se.<\/p>\n<p>Tuto dovednost krom\u011b Paladina vyu\u017e\u00edvaj\u00ed i\u00a0tito netvorov\u00e9: <a href=\"https:\/\/www.diablofans.cz\/d2\/bestiar-2-akt#blunderbore\">Blunderbore<\/a> a <a href=\"https:\/\/www.diablofans.cz\/d2\/bestiar-5-akt#minionofdestruction\">Minion of Destruction<\/a> i\u00a0jejich velitel <a href=\"https:\/\/www.diablofans.cz\/d2\/super-unikatni-bossove-5-akt#lister\">Lister the Tormentor<\/a>. Z\u00a0\u00fcber boss\u016f tuto dovednost pou\u017e\u00edv\u00e1 <a href=\"https:\/\/www.diablofans.cz\/d2\/uberbossove-duriel\">\u00dcber\u00a0Duriel<\/a><\/p>\n<h3>Tabulka<\/h3>\n<ul>\n<li>Cena many = 2\u00a0pro v\u0161echny \u00farovn\u011b<\/li>\n<\/ul>\n<table>\n<thead>\n<tr>\n<th style=\"width:100px\">\u00darovn\u011b<\/th>\n<th style=\"width:40px\">1<\/th>\n<th style=\"width:40px\">2<\/th>\n<th style=\"width:40px\">3<\/th>\n<th style=\"width:40px\">4<\/th>\n<th style=\"width:40px\">5<\/th>\n<th style=\"width:40px\">6<\/th>\n<th style=\"width:40px\">7<\/th>\n<th style=\"width:40px\">8<\/th>\n<th style=\"width:40px\">9<\/th>\n<th style=\"width:40px\">10<\/th>\n<\/tr>\n<\/thead>\n<tbody>\n<tr>\n<td>+DMG (%)<\/td>\n<td>15<\/td>\n<td>30<\/td>\n<td>45<\/td>\n<td>60<\/td>\n<td>75<\/td>\n<td>90<\/td>\n<td>105<\/td>\n<td>120<\/td>\n<td>135<\/td>\n<td>150<\/td>\n<\/tr>\n<tr>\n<td>Omr\u00e1\u010den\u00ed (s)<\/td>\n<td>0,6<\/td>\n<td>0,8<\/td>\n<td>1,0<\/td>\n<td>1,2<\/td>\n<td>1,4<\/td>\n<td>1,6<\/td>\n<td>1,8<\/td>\n<td>2,0<\/td>\n<td>2,2<\/td>\n<td>2,4<\/td>\n<\/tr>\n<tr>\n<th>\u00darovn\u011b<\/th>\n<th>11<\/th>\n<th>12<\/th>\n<th>13<\/th>\n<th>14<\/th>\n<th>15<\/th>\n<th>16<\/th>\n<th>17<\/th>\n<th>18<\/th>\n<th>19<\/th>\n<th>20<\/th>\n<\/tr>\n<tr>\n<td>+DMG (%)<\/td>\n<td>165<\/td>\n<td>180<\/td>\n<td>195<\/td>\n<td>210<\/td>\n<td>225<\/td>\n<td>240<\/td>\n<td>255<\/td>\n<td>270<\/td>\n<td>285<\/td>\n<td>300<\/td>\n<\/tr>\n<tr>\n<td>Omr\u00e1\u010den\u00ed (s)<\/td>\n<td>2,6<\/td>\n<td>2,8<\/td>\n<td>3,0<\/td>\n<td>3,2<\/td>\n<td>3,4<\/td>\n<td>3,6<\/td>\n<td>3,8<\/td>\n<td>4,0<\/td>\n<td>4,2<\/td>\n<td>4,4<\/td>\n<\/tr>\n<\/tbody>\n<\/table>\n<table>\n<thead>\n<tr>\n<th style=\"width:100px\">\u00darovn\u011b<\/th>\n<th style=\"width:40px\">21<\/th>\n<th style=\"width:40px\">22<\/th>\n<th style=\"width:40px\">23<\/th>\n<th style=\"width:40px\">24<\/th>\n<th style=\"width:40px\">25<\/th>\n<th style=\"width:40px\">26<\/th>\n<th style=\"width:40px\">27<\/th>\n<th style=\"width:40px\">28<\/th>\n<th style=\"width:40px\">29<\/th>\n<th style=\"width:40px\">30<\/th>\n<\/tr>\n<\/thead>\n<tbody>\n<tr>\n<td>+DMG (%)<\/td>\n<td>315<\/td>\n<td>330<\/td>\n<td>345<\/td>\n<td>360<\/td>\n<td>375<\/td>\n<td>390<\/td>\n<td>405<\/td>\n<td>420<\/td>\n<td>435<\/td>\n<td>450<\/td>\n<\/tr>\n<tr>\n<td>Omr\u00e1\u010den\u00ed (s)<\/td>\n<td>4,6<\/td>\n<td>4,8<\/td>\n<td>5,0<\/td>\n<td>5,2<\/td>\n<td>5,4<\/td>\n<td>5,6<\/td>\n<td>5,8<\/td>\n<td>6,0<\/td>\n<td>6,2<\/td>\n<td>6,4<\/td>\n<\/tr>\n<tr>\n<th>\u00darovn\u011b<\/th>\n<th>31<\/th>\n<th>32<\/th>\n<th>33<\/th>\n<th>34<\/th>\n<th>35<\/th>\n<th>36<\/th>\n<th>37<\/th>\n<th>38<\/th>\n<th>39<\/th>\n<th>40<\/th>\n<\/tr>\n<tr>\n<td>+DMG (%)<\/td>\n<td>465<\/td>\n<td>480<\/td>\n<td>495<\/td>\n<td>510<\/td>\n<td>525<\/td>\n<td>540<\/td>\n<td>555<\/td>\n<td>570<\/td>\n<td>585<\/td>\n<td>600<\/td>\n<\/tr>\n<tr>\n<td>Omr\u00e1\u010den\u00ed (s)<\/td>\n<td>6,6<\/td>\n<td>6,8<\/td>\n<td>7,0<\/td>\n<td>7,2<\/td>\n<td>7,4<\/td>\n<td>7,6<\/td>\n<td>7,8<\/td>\n<td>8,0<\/td>\n<td>8,2<\/td>\n<td>8,4<\/td>\n<\/tr>\n<\/tbody>\n<\/table>\n<p>Paladin ud\u011bl\u00ed \u0161kody nam\u00edsto zbran\u011b \u0161t\u00edtem. \u00dader je v\u017edy \u00fasp\u011b\u0161n\u00fd a nem\u016f\u017ee b\u00fdt zblokov\u00e1n. Pokud ho vyu\u017e\u00edv\u00e1 Paladin, je c\u00edl \u00fatoku \u0161t\u00edtem v\u017edy sra\u017een <a href=\"https:\/\/www.diablofans.cz\/d2\/vlastnosti-knockback\">knockbackem<\/a>.<\/p>\n<p>Z\u00e1kladem pro v\u00fdpo\u010det \u0161kody \u0161t\u00edtem je \u0161koda uveden\u00e1 na \u0161t\u00edtu. K\u00a0n\u011bmu se p\u0159ipo\u010dtou bonusov\u00e9 \u0161kody z\u00a0<a href=\"https:\/\/www.diablofans.cz\/d2\/herni-postavy-paladin-skilly-combat-skills-holy-shield\">Holy Shieldu<\/a> a z\u00a0vlastnosti <a href=\"https:\/\/www.diablofans.cz\/d2\/vlastnosti-damage-plus\">Damage +X<\/a>. <span style=\"color: #ff3020;\">N\u00e1r\u016fst \u0161kody z\u00a0Damage +X v\u0161ak nebude zobrazeno.<\/span><\/p>\n<p>V\u00fdsledn\u00e1 \u0161koda na \u0161t\u00edtu je pak zn\u00e1sobena procentn\u00edm p\u0159\u00edr\u016fstkem z <em>+DMG (%)<\/em>, kter\u00e1 se s\u010d\u00edt\u00e1 s\u00a0body investovan\u00fdmi do s\u00edly (ka\u017ed\u00fd bod v\u00a0s\u00edle p\u0159id\u00e1 1\u00a0% ke \u0161kod\u00e1m p\u0159i \u00fatoku \u0161t\u00edtem), s\u00a0\u00fa\u010dinkem aury p\u0159id\u00e1vaj\u00edc\u00ed fyzick\u00e9 \u0161kody, a s\u00a0modifik\u00e1torem \u0161kod mimo zbra\u0148. <span style=\"color: #ff3020;\">V\u00a0menu se pouze zobraz\u00ed, \u017ee procentn\u00ed n\u00e1r\u016fst \u0161kody z\u00a0p\u0159edm\u011bt\u016f krom\u011b zbran\u00ed v\u017edy zv\u00fd\u0161\u00ed \u0161kody o\u00a0jeden bod. Ve skute\u010dnosti je \u0161koda ud\u011blena ve v\u00fd\u0161i, v\u00a0jak\u00e9\u00a0m\u00e1.<\/span><\/p>\n<p>Do \u00fatoku \u0161t\u00edtem nebudou zahrnuty tyto \u0161kody:<\/p>\n<ul>\n<li>\u0161kody na zbrani, procentn\u00ed zv\u00fd\u0161en\u00ed \u0161kody na zbrani, + Min\/Max Damage, +% Damage to Demons\/Undead<\/li>\n<li><a href=\"https:\/\/www.diablofans.cz\/d2\/herni-postavy-amazon-skilly-passive-and-magic-critical-strike\">Critical Strike<\/a>, <a href=\"https:\/\/www.diablofans.cz\/d2\/vlastnosti-deadly-strike\">Deadly Strike<\/a><\/li>\n<li>Element\u00e1ln\u00ed \u0161kody (Magic, Fire, Cold, Lightning, Poison Damage)<\/li>\n<li>Ohniv\u00e9 \u0161kody ze skillu <a href=\"https:\/\/www.diablofans.cz\/d2\/herni-postavy-sorceress-skilly-fire-spells-enchant\">Enchant<\/a>. <span style=\"color: #ff3020;\">Enchant m\u016f\u017ee \u00fadaje ve statistik\u00e1ch za\u010dervenit, ve skute\u010dnosti se \u017e\u00e1dn\u00e9 \u0161kody ohn\u011bm neud\u011bl\u00ed a ani \u0161kody nebudou zv\u00fd\u0161eny.<\/span><\/li>\n<\/ul>\n<p>P\u0159i \u00fatoku \u0161t\u00edtem nebudou fungovat vlastnosti <a href=\"https:\/\/www.diablofans.cz\/d2\/vlastnosti-life-stolen-per-hit\">% Life Stolen per hit<\/a> a <a href=\"https:\/\/www.diablofans.cz\/d2\/vlastnosti-mana-stolen-per-hit\">% Mana Stolen per hit<\/a>. S\u00e1n\u00ed \u00faderem \u0161t\u00edtu je mo\u017en\u00e9 pouze s\u00a0kletbou <a href=\"https:\/\/www.diablofans.cz\/d2\/herni-postavy-necromancer-skilly-curses-life-tap\">Life\u00a0Tap<\/a><\/p>\n<p><span style=\"color: #ff3020;\">Kdy\u017e je na zbrani p\u0159i \u00faderu \u0161t\u00edtem vynulov\u00e1na Durability, nebude rozbita a ani nebude ozna\u010dena jako nepou\u017eiteln\u00e1. Rozbije se a\u017e p\u0159i n\u00e1sleduj\u00edc\u00edm \u00fatoku zbran\u00ed.<\/span> Kdy\u017e tuto zbra\u0148 hr\u00e1\u010d n\u00e1sleduj\u00edc\u00edm \u00fatokem zbran\u00ed nerozbije, m\u016f\u017ee ji zkusit vym\u011bnit. Zbrani nad\u00e1le z\u016fstane polo\u017eka u\u00a0Durability na nule a z\u016fstane \u201enerozbita\u201c i\u00a0po ukon\u010den\u00ed hry a zalo\u017een\u00ed\u00a0nov\u00e9.<\/p>\n<p>Monstra, je\u017e jsou schopn\u00e1 pou\u017e\u00edvat \u00fader \u0161t\u00edtem, mohou na rozd\u00edl od Paladina m\u00edjet, jejich \u00fadery mohou b\u00fdt vykryty a polo\u017eka <em>+DMG (%)<\/em> jimi nebude uplatn\u011bna.<\/p>\n<h3>V\u00fdpo\u010dty<\/h3>\n<ul>\n<li>+DMG (%) = 15 * slvl %<\/li>\n<li>Doba omr\u00e1\u010den\u00ed (s) = 0,4 + 0,2 * slvl sekund, maximum = 10\u00a0sekund<\/li>\n<li>Celkov\u00e9 DMG ud\u011blen\u00e9 \u0161t\u00edtem = (DMG na \u0161t\u00edtu + DMG z\u00a0<a href=\"https:\/\/www.diablofans.cz\/d2\/herni-postavy-paladin-skilly-combat-skills-holy-shield\">Holy Shieldu<\/a> + <a href=\"https:\/\/www.diablofans.cz\/d2\/vlastnosti-damage-plus\">Damage +X<\/a>) * Enhanced DMG\u00a0(%)<\/li>\n<\/ul>\n<p>(slvl = \u00farove\u0148 skillu)<\/p>\n<h3>V\u00fdskyt dovednosti<\/h3>\n<p><strong>N\u011bkter\u00e9 p\u0159edm\u011bty poskytuj\u00ed bonus k\u00a0tomuto skillu:<\/strong><\/p>\n<ul>\n<li>V\u0161echny p\u0159edm\u011bty typu <a href=\"https:\/\/www.diablofans.cz\/d2\/predmety-normal-scepters\">Scepter<\/a> (ilvl&lt;25): +1\u20133 to Smite (Paladin Only) (varies)<\/li>\n<\/ul>\n<hr \/>\n<p><em>Paladin\u016fv me\u010d symbolizuje moc spravedlnosti a jeho \u0161t\u00edt zase jeho v\u011brnost v\u00ed\u0159e. Spravedlnost a v\u00edra jsou od nepam\u011bti n\u00e1stroji, jich\u017e se vyu\u017e\u00edv\u00e1 k\u00a0vynucen\u00ed pr\u00e1va. Spravedlnost toti\u017e m\u016f\u017ee dodat Paladinovi ze sv\u00e9 duchovn\u00ed podstaty odvahu k\u00a0p\u0159ekon\u00e1n\u00ed k\u0159ivd a l\u017e\u00ed, zat\u00edmco z\u00a0v\u00edry se st\u00e1v\u00e1 zbra\u0148 pou\u017eiteln\u00e1 k\u00a0odvr\u00e1cen\u00ed \u00fatoku t\u011bch, kdo j\u00ed opovrhuj\u00ed a po\u0161lap\u00e1vaj\u00ed ji. Paladinov\u00e9 tedy na z\u00e1klad\u011b tohoto sm\u00fd\u0161len\u00ed vyvinuli p\u00e1r technik boje se \u0161t\u00edtem nikoliv pouze pro defensivn\u00ed \u00fakoly, ale vyu\u017e\u00edvaj\u00ed ho i\u00a0jako mocnou \u00fato\u010dnou\u00a0zbra\u0148.<\/em><\/p>\n<p style=\"text-align:center\">&#8212;\u00a0\u2014 &#8212;\u00a0\u2014 &#8212;\u00a0\u2014 &#8212;\u00a0\u2014 &#8212;\u00a0\u2014 &#8212;\u00a0\u2014 &#8212;\u00a0\u2014 &#8212;\u00a0\u2014 &#8212;\u00a0\u2014 &#8212;\u00a0\u2014 &#8212;\u00a0\u2014\u00a0&#8212;<\/p>\n<p style=\"text-align:center\"><a href=\"https:\/\/www.diablofans.cz\/d2\/herni-postavy-paladin-skilly-combat-skills\">\u00ab Zp\u011bt do sekce Hern\u00ed postavy\u00a0\u2013 Paladin\u00a0\u2013 Skilly\u00a0\u2013 Combat\u00a0Skills<\/a><\/p>\n<\/p><\/div>\n<p> <!-- by Texy2! --><\/p>\n","protected":false},"excerpt":{"rendered":"<p>Paladin\u00a0\u2013 Defensive Auras\u00a0\u2013 Offensive Auras\u00a0\u2013 Combat\u00a0Skills Sacrifice Smite Holy Bolt Zeal Charge Vengeance Blessed Hammer Conversion Holy Shield Fist of the Heavens Smite Pot\u0159ebn\u00fd level: 1 Pot\u0159ebn\u00e9 skilly: \u017e\u00e1dn\u00e9 Typ: \u00dader \u0161t\u00edtem, omr\u00e1\u010den\u00ed Lev\u00e9 tla\u010d\u00edtko: Ano P\u0159i \u00faderu nep\u0159\u00edtele \u0161t\u00edtem je c\u00edl poran\u011bn a sra\u017een zp\u011bt. Nejv\u011bt\u0161\u00ed v\u00fdhodou je v\u0161ak omr\u00e1\u010den\u00ed, je\u017e funguje i\u00a0proti boss\u016fm [&#8230;]<\/p>\n<p><a class=\"btn btn-secondary understrap-read-more-link\" href=\"https:\/\/www.diablofans.cz\/d2\/herni-postavy-paladin-skilly-combat-skills-smite\/\">\u010c\u00edst d\u00e1le&#8230;<span class=\"screen-reader-text\"> from Paladin &#8211; Skilly &#8211; Combat Skills &#8211; Smite<\/span><\/a><\/p>\n","protected":false},"author":1,"featured_media":0,"parent":0,"menu_order":0,"comment_status":"open","ping_status":"open","template":"","meta":{"footnotes":""},"class_list":["post-3323","page","type-page","status-publish","hentry"],"_links":{"self":[{"href":"https:\/\/www.diablofans.cz\/d2\/wp-json\/wp\/v2\/pages\/3323","targetHints":{"allow":["GET"]}}],"collection":[{"href":"https:\/\/www.diablofans.cz\/d2\/wp-json\/wp\/v2\/pages"}],"about":[{"href":"https:\/\/www.diablofans.cz\/d2\/wp-json\/wp\/v2\/types\/page"}],"author":[{"embeddable":true,"href":"https:\/\/www.diablofans.cz\/d2\/wp-json\/wp\/v2\/users\/1"}],"replies":[{"embeddable":true,"href":"https:\/\/www.diablofans.cz\/d2\/wp-json\/wp\/v2\/comments?post=3323"}],"version-history":[{"count":0,"href":"https:\/\/www.diablofans.cz\/d2\/wp-json\/wp\/v2\/pages\/3323\/revisions"}],"wp:attachment":[{"href":"https:\/\/www.diablofans.cz\/d2\/wp-json\/wp\/v2\/media?parent=3323"}],"curies":[{"name":"wp","href":"https:\/\/api.w.org\/{rel}","templated":true}]}}