{"id":3324,"date":"2018-08-25T22:08:57","date_gmt":"2018-08-25T20:08:57","guid":{"rendered":"http:\/\/diablofans.ddev.site\/d2\/herni-postavy-paladin-skilly-combat-skills-holy-bolt\/"},"modified":"2018-08-25T22:08:57","modified_gmt":"2018-08-25T20:08:57","slug":"herni-postavy-paladin-skilly-combat-skills-holy-bolt","status":"publish","type":"page","link":"https:\/\/www.diablofans.cz\/d2\/herni-postavy-paladin-skilly-combat-skills-holy-bolt\/","title":{"rendered":"Paladin &#8211; Skilly &#8211; Combat Skills &#8211; Holy Bolt"},"content":{"rendered":"\n<div class=\"skilly\">\n<p style=\"text-align:center\"><a href=\"https:\/\/www.diablofans.cz\/d2\/herni-postavy-paladin\">Paladin<\/a>\u00a0\u2013 <a href=\"https:\/\/www.diablofans.cz\/d2\/herni-postavy-paladin-skilly-defensive-auras\">Defensive Auras<\/a>\u00a0\u2013 <a href=\"https:\/\/www.diablofans.cz\/d2\/herni-postavy-paladin-skilly-offensive-auras\">Offensive Auras<\/a>\u00a0\u2013 <strong><a href=\"https:\/\/www.diablofans.cz\/d2\/herni-postavy-paladin-skilly-combat-skills\">Combat\u00a0Skills<\/a><\/strong><\/p>\n<div style=\"float: right; width: 160px; \">\n<table>\n<tbody>\n<tr>\n<td><a href=\"https:\/\/www.diablofans.cz\/d2\/herni-postavy-paladin-skilly-combat-skills-sacrifice\">Sacrifice<\/a><\/td>\n<\/tr>\n<tr>\n<td><a href=\"https:\/\/www.diablofans.cz\/d2\/herni-postavy-paladin-skilly-combat-skills-smite\">Smite<\/a><\/td>\n<\/tr>\n<tr>\n<td><strong><a href=\"https:\/\/www.diablofans.cz\/d2\/herni-postavy-paladin-skilly-combat-skills-holy-bolt\">Holy Bolt<\/a><\/strong><\/td>\n<\/tr>\n<tr>\n<td><a href=\"https:\/\/www.diablofans.cz\/d2\/herni-postavy-paladin-skilly-combat-skills-zeal\">Zeal<\/a><\/td>\n<\/tr>\n<tr>\n<td><a href=\"https:\/\/www.diablofans.cz\/d2\/herni-postavy-paladin-skilly-combat-skills-charge\">Charge<\/a><\/td>\n<\/tr>\n<tr>\n<td><a href=\"https:\/\/www.diablofans.cz\/d2\/herni-postavy-paladin-skilly-combat-skills-vengeance\">Vengeance<\/a><\/td>\n<\/tr>\n<tr>\n<td><a href=\"https:\/\/www.diablofans.cz\/d2\/herni-postavy-paladin-skilly-combat-skills-blessed-hammer\">Blessed Hammer<\/a><\/td>\n<\/tr>\n<tr>\n<td><a href=\"https:\/\/www.diablofans.cz\/d2\/herni-postavy-paladin-skilly-combat-skills-conversion\">Conversion<\/a><\/td>\n<\/tr>\n<tr>\n<td><a href=\"https:\/\/www.diablofans.cz\/d2\/herni-postavy-paladin-skilly-combat-skills-holy-shield\">Holy Shield<\/a><\/td>\n<\/tr>\n<tr>\n<td><a href=\"https:\/\/www.diablofans.cz\/d2\/herni-postavy-paladin-skilly-combat-skills-fist-of-the.heavens\">Fist of the Heavens<\/a><\/td>\n<\/tr>\n<\/tbody>\n<\/table><\/div>\n<h3 style=\"clear:none\">Holy Bolt<\/h3>\n<div><img loading=\"lazy\" decoding=\"async\" src=\"https:\/\/www.diablofans.cz\/d2\/wp-content\/uploads\/2018\/08\/holybolt.jpg\" alt=\"Holy Bolt\" class=\"img-left\" width=\"48\" height=\"48\" \/><\/div>\n<ul>\n<li>Pot\u0159ebn\u00fd level: 6<\/li>\n<li>Pot\u0159ebn\u00e9 skilly: \u017e\u00e1dn\u00e9<\/li>\n<li>Typ: L\u00e9\u010dev\u00e1 st\u0159ela, pora\u0148uje nemrtv\u00e9<\/li>\n<li>Lev\u00e9 tla\u010d\u00edtko: Ano<\/li>\n<\/ul>\n<p class=\"zelena\">Holy Bolt dost\u00e1v\u00e1 synergick\u00e9 bonusy ze skill\u016f:<\/p>\n<ul>\n<li><a href=\"https:\/\/www.diablofans.cz\/d2\/herni-postavy-paladin-skilly-defensive-auras-prayer\">Prayer<\/a>: +15\u00a0% k\u00a0l\u00e9\u010den\u00ed za level<\/li>\n<li><a href=\"https:\/\/www.diablofans.cz\/d2\/herni-postavy-paladin-skilly-combat-skills-blessed-hammer\">Blessed Hammer<\/a>: +50\u00a0% k\u00a0magick\u00fdm \u0161kod\u00e1m za\u00a0level<\/li>\n<li><a href=\"https:\/\/www.diablofans.cz\/d2\/herni-postavy-paladin-skilly-combat-skills-fist-of-the.heavens\">Fist of the Heavens<\/a>: +50\u00a0% k\u00a0magick\u00fdm \u0161kod\u00e1m za\u00a0level<\/li>\n<\/ul>\n<p>Svat\u00e1 st\u0159ela je vytvo\u0159ena z\u00a0\u010dir\u00e9 energie Sv\u011btla a siln\u011b pora\u0148uje nemrtv\u00e1 monstra. \u010casto je jedin\u00fdm z\u00e1sahem zlikviduje. V\u011bt\u0161ina nep\u0159\u00e1tel v\u0161ak nen\u00ed nemrtv\u00e1, tak\u017ee v\u00a0mnoha p\u0159\u00edpadech nelze tuto dovednost vyu\u017e\u00edt k\u00a0\u00fato\u010den\u00ed. P\u0159esto v\u0161ak m\u016f\u017ee b\u00fdt u\u017eite\u010dn\u00e1. P\u0159i boji lze vyu\u017e\u00edt svat\u00e9 st\u0159ely k\u00a0l\u00e9\u010den\u00ed sv\u00fdch spojenc\u016f. Ka\u017ed\u00fd z\u00e1sah jim pov\u00e1\u017eliv\u011b usnadn\u00ed p\u0159e\u017eit\u00ed! Proto se vyplat\u00ed do t\u00e9to dovednosti investovat, pokud m\u00e1te v\u00a0part\u011b za \u00fakol zejm\u00e9na podporu ostatn\u00edch\u00a0bijc\u016f.<\/p>\n<h3>Tabulka<\/h3>\n<table>\n<thead>\n<tr>\n<th style=\"width:100px\">\u00darovn\u011b<\/th>\n<th style=\"width:40px\">1<\/th>\n<th style=\"width:40px\">2<\/th>\n<th style=\"width:40px\">3<\/th>\n<th style=\"width:40px\">4<\/th>\n<th style=\"width:40px\">5<\/th>\n<th style=\"width:40px\">6<\/th>\n<th style=\"width:40px\">7<\/th>\n<th style=\"width:40px\">8<\/th>\n<th style=\"width:40px\">9<\/th>\n<th style=\"width:40px\">10<\/th>\n<\/tr>\n<\/thead>\n<tbody>\n<tr>\n<td>Mana<\/td>\n<td>2<\/td>\n<td>2<\/td>\n<td>2,1<\/td>\n<td>2,1<\/td>\n<td>2,2<\/td>\n<td>2,3<\/td>\n<td>2,3<\/td>\n<td>2,4<\/td>\n<td>2,5<\/td>\n<td>2,5<\/td>\n<\/tr>\n<tr>\n<td rowspan=\"2\">L\u00e9\u010den\u00ed<\/td>\n<td>1<\/td>\n<td>3<\/td>\n<td>5<\/td>\n<td>7<\/td>\n<td>9<\/td>\n<td>11<\/td>\n<td>13<\/td>\n<td>15<\/td>\n<td>17<\/td>\n<td>19<\/td>\n<\/tr>\n<tr>\n<td>6<\/td>\n<td>10<\/td>\n<td>14<\/td>\n<td>18<\/td>\n<td>22<\/td>\n<td>26<\/td>\n<td>30<\/td>\n<td>34<\/td>\n<td>38<\/td>\n<td>42<\/td>\n<\/tr>\n<tr>\n<td rowspan=\"2\">Magic DMG<\/td>\n<td>8<\/td>\n<td>16<\/td>\n<td>24<\/td>\n<td>32<\/td>\n<td>40<\/td>\n<td>48<\/td>\n<td>56<\/td>\n<td>64<\/td>\n<td>74<\/td>\n<td>84<\/td>\n<\/tr>\n<tr>\n<td>16<\/td>\n<td>24<\/td>\n<td>32<\/td>\n<td>40<\/td>\n<td>48<\/td>\n<td>56<\/td>\n<td>64<\/td>\n<td>72<\/td>\n<td>83<\/td>\n<td>94<\/td>\n<\/tr>\n<tr>\n<th>\u00darovn\u011b<\/th>\n<th>11<\/th>\n<th>12<\/th>\n<th>13<\/th>\n<th>14<\/th>\n<th>15<\/th>\n<th>16<\/th>\n<th>17<\/th>\n<th>18<\/th>\n<th>19<\/th>\n<th>20<\/th>\n<\/tr>\n<tr>\n<td>Mana<\/td>\n<td>2,6<\/td>\n<td>2,6<\/td>\n<td>2,7<\/td>\n<td>2,8<\/td>\n<td>2,8<\/td>\n<td>2,9<\/td>\n<td>3<\/td>\n<td>3<\/td>\n<td>3,1<\/td>\n<td>3,1<\/td>\n<\/tr>\n<tr>\n<td rowspan=\"2\">L\u00e9\u010den\u00ed<\/td>\n<td>21<\/td>\n<td>23<\/td>\n<td>25<\/td>\n<td>27<\/td>\n<td>29<\/td>\n<td>31<\/td>\n<td>33<\/td>\n<td>35<\/td>\n<td>37<\/td>\n<td>39<\/td>\n<\/tr>\n<tr>\n<td>46<\/td>\n<td>50<\/td>\n<td>54<\/td>\n<td>58<\/td>\n<td>62<\/td>\n<td>66<\/td>\n<td>70<\/td>\n<td>74<\/td>\n<td>78<\/td>\n<td>82<\/td>\n<\/tr>\n<tr>\n<td rowspan=\"2\">Magic DMG<\/td>\n<td>94<\/td>\n<td>104<\/td>\n<td>114<\/td>\n<td>124<\/td>\n<td>134<\/td>\n<td>144<\/td>\n<td>157<\/td>\n<td>170<\/td>\n<td>183<\/td>\n<td>196<\/td>\n<\/tr>\n<tr>\n<td>105<\/td>\n<td>116<\/td>\n<td>127<\/td>\n<td>138<\/td>\n<td>149<\/td>\n<td>160<\/td>\n<td>175<\/td>\n<td>190<\/td>\n<td>205<\/td>\n<td>220<\/td>\n<\/tr>\n<\/tbody>\n<\/table>\n<table>\n<thead>\n<tr>\n<th style=\"width:100px\">\u00darovn\u011b<\/th>\n<th style=\"width:40px\">21<\/th>\n<th style=\"width:40px\">22<\/th>\n<th style=\"width:40px\">23<\/th>\n<th style=\"width:40px\">24<\/th>\n<th style=\"width:40px\">25<\/th>\n<th style=\"width:40px\">26<\/th>\n<th style=\"width:40px\">27<\/th>\n<th style=\"width:40px\">28<\/th>\n<th style=\"width:40px\">29<\/th>\n<th style=\"width:40px\">30<\/th>\n<\/tr>\n<\/thead>\n<tbody>\n<tr>\n<td>Mana<\/td>\n<td>3,2<\/td>\n<td>3,3<\/td>\n<td>3,4<\/td>\n<td>3,4<\/td>\n<td>3,5<\/td>\n<td>3,5<\/td>\n<td>3,6<\/td>\n<td>3,6<\/td>\n<td>3,7<\/td>\n<td>3,8<\/td>\n<\/tr>\n<tr>\n<td rowspan=\"2\">L\u00e9\u010den\u00ed<\/td>\n<td>41<\/td>\n<td>43<\/td>\n<td>45<\/td>\n<td>47<\/td>\n<td>49<\/td>\n<td>51<\/td>\n<td>53<\/td>\n<td>55<\/td>\n<td>57<\/td>\n<td>59<\/td>\n<\/tr>\n<tr>\n<td>86<\/td>\n<td>90<\/td>\n<td>94<\/td>\n<td>98<\/td>\n<td>102<\/td>\n<td>106<\/td>\n<td>110<\/td>\n<td>114<\/td>\n<td>118<\/td>\n<td>122<\/td>\n<\/tr>\n<tr>\n<td rowspan=\"2\">Magic DMG<\/td>\n<td>209<\/td>\n<td>222<\/td>\n<td>238<\/td>\n<td>254<\/td>\n<td>270<\/td>\n<td>286<\/td>\n<td>302<\/td>\n<td>318<\/td>\n<td>338<\/td>\n<td>358<\/td>\n<\/tr>\n<tr>\n<td>235<\/td>\n<td>250<\/td>\n<td>268<\/td>\n<td>286<\/td>\n<td>304<\/td>\n<td>322<\/td>\n<td>340<\/td>\n<td>358<\/td>\n<td>381<\/td>\n<td>404<\/td>\n<\/tr>\n<tr>\n<th>\u00darovn\u011b<\/th>\n<th>31<\/th>\n<th>32<\/th>\n<th>33<\/th>\n<th>34<\/th>\n<th>35<\/th>\n<th>36<\/th>\n<th>37<\/th>\n<th>38<\/th>\n<th>39<\/th>\n<th>40<\/th>\n<\/tr>\n<tr>\n<td>Mana<\/td>\n<td>3,8<\/td>\n<td>3,9<\/td>\n<td>4<\/td>\n<td>4<\/td>\n<td>4,1<\/td>\n<td>4,1<\/td>\n<td>4,2<\/td>\n<td>4,3<\/td>\n<td>4,3<\/td>\n<td>4,4<\/td>\n<\/tr>\n<tr>\n<td rowspan=\"2\">L\u00e9\u010den\u00ed<\/td>\n<td>61<\/td>\n<td>63<\/td>\n<td>65<\/td>\n<td>67<\/td>\n<td>69<\/td>\n<td>71<\/td>\n<td>73<\/td>\n<td>75<\/td>\n<td>77<\/td>\n<td>79<\/td>\n<\/tr>\n<tr>\n<td>126<\/td>\n<td>130<\/td>\n<td>134<\/td>\n<td>138<\/td>\n<td>142<\/td>\n<td>146<\/td>\n<td>150<\/td>\n<td>154<\/td>\n<td>158<\/td>\n<td>162<\/td>\n<\/tr>\n<tr>\n<td rowspan=\"2\">Magic DMG<\/td>\n<td>378<\/td>\n<td>398<\/td>\n<td>418<\/td>\n<td>438<\/td>\n<td>458<\/td>\n<td>478<\/td>\n<td>498<\/td>\n<td>518<\/td>\n<td>538<\/td>\n<td>558<\/td>\n<\/tr>\n<tr>\n<td>427<\/td>\n<td>450<\/td>\n<td>473<\/td>\n<td>496<\/td>\n<td>519<\/td>\n<td>542<\/td>\n<td>565<\/td>\n<td>588<\/td>\n<td>611<\/td>\n<td>634<\/td>\n<\/tr>\n<\/tbody>\n<\/table>\n<p>Svat\u00e9 st\u0159ely dovedou l\u00e9\u010dit ostatn\u00ed hr\u00e1\u010de, \u017eoldn\u00e9\u0159e, vyvolan\u00e1 zv\u00ed\u0159ata, nekromantovy kostlivce a ob\u017eivl\u00e9 nestv\u016fry.<\/p>\n<p>St\u0159ely poran\u00ed pouze nemrtv\u00e9 nep\u0159\u00e1tele. T\u011bm nav\u00edc pror\u00e1\u017e\u00ed jejich imunitu nebo odolnost proti magii a ud\u011bl\u00ed jim pln\u00e9\u00a0\u0161kody.<\/p>\n<p>Svat\u00e9 st\u0159ely jsou p\u0159i z\u00e1sahu c\u00edle zni\u010deny. Pokud je v\u0161ak c\u00edl touto st\u0159elou nezraniteln\u00fd nebo nevyl\u00e9\u010diteln\u00fd, projde skrz n\u011bj. D\u00edky tomu je mo\u017en\u00e9 l\u00e9\u010dit spojence i\u00a0p\u0159es hordu nep\u0159\u00e1tel, kte\u0159\u00ed nejsou nemrtv\u00ed.<\/p>\n<h3>V\u00fdpo\u010dty<\/h3>\n<ul>\n<li>Mana = 1,9375 + 0,0625 * slvl<\/li>\n<li>Minimum L\u00e9\u010den\u00ed = 2 * slvl\u00a0\u2013 1<\/li>\n<li>Maximum l\u00e9\u010den\u00ed = 4 * slvl + 2<\/li>\n<li>Magic (Holy Bolt) DMG:<\/li>\n<\/ul>\n<table>\n<thead>\n<tr>\n<th>\u00darove\u0148<\/th>\n<th>1\u20138<\/th>\n<th>9\u201316<\/th>\n<th>17\u201322<\/th>\n<th>23\u201327<\/th>\n<th>28\u201399<\/th>\n<\/tr>\n<\/thead>\n<tbody>\n<tr>\n<td style=\"width:100px\">Min Magic DMG<\/td>\n<td>8*slvl<\/td>\n<td>10*slvl\u00a0\u2013 16<\/td>\n<td>13*slvl\u00a0\u2013 64<\/td>\n<td>16*slvl\u00a0\u2013 130<\/td>\n<td>20*slvl\u00a0\u2013 242<\/td>\n<\/tr>\n<tr>\n<td style=\"width:100px\">Max Magic DMG<\/td>\n<td>8*slvl + 8<\/td>\n<td>11*slvl\u00a0\u2013 16<\/td>\n<td>15*slvl\u00a0\u2013 80<\/td>\n<td>18*slvl\u00a0\u2013 146<\/td>\n<td>23*slvl\u00a0\u2013 286<\/td>\n<\/tr>\n<\/tbody>\n<\/table>\n<p>(slvl = \u00farove\u0148 skillu)<\/p>\n<h3>V\u00fdskyt dovednosti<\/h3>\n<p><strong>N\u011bkter\u00e9 p\u0159edm\u011bty poskytuj\u00ed bonus k\u00a0tomuto skillu:<\/strong><\/p>\n<ul>\n<li>V\u0161echny p\u0159edm\u011bty typu <a href=\"https:\/\/www.diablofans.cz\/d2\/predmety-normal-scepters\">Scepter<\/a> (ilvl&lt;37): +1\u20133 to Holy Bolt (Paladin Only) (varies)<\/li>\n<li><a href=\"https:\/\/www.diablofans.cz\/d2\/predmety-unique-elite-scepters\">The Redeemer Mighty Scepter<\/a>: +2\u20134 to Holy Bolt (Paladin Only) (varies)<\/li>\n<li><a href=\"https:\/\/www.diablofans.cz\/d2\/predmety-unique-exceptional-scepters\">Hand of Blessed Light Divine Scepter<\/a>: +4\u00a0to Holy Bolt (Paladin\u00a0Only)<\/li>\n<\/ul>\n<p><strong>N\u011bkter\u00e9 p\u0159edm\u011bty spou\u0161t\u00ed tento skill:<\/strong><\/p>\n<ul>\n<li><a href=\"https:\/\/www.diablofans.cz\/d2\/predmety-unique-exceptional-axes\">Boneslayer Blade Gothic Axe<\/a>: 50% Chance to Cast Level 12\u201320 Holy Bolt When Struck (varies)<\/li>\n<li><a href=\"https:\/\/www.diablofans.cz\/d2\/predmety-setove-sady-the-disciple\">Laying of Hands Bramble Mitts<\/a>: 10% Chance to Cast Level 3\u00a0Holy Bolt On Striking<\/li>\n<li><a href=\"https:\/\/www.diablofans.cz\/d2\/runova-slova-1-11\">Principle<\/a> brn\u011bn\u00ed: 100% Chance to Cast Level 5\u00a0Holy Bolt On Striking<\/li>\n<\/ul>\n<p><strong>Dovednost se vyskytuje na \u201enabit\u00fdch\u201c p\u0159edm\u011btech (Charges):<\/strong><\/p>\n<ul>\n<li><a href=\"https:\/\/www.diablofans.cz\/d2\/predmety-unique-exceptional-axes\">Spellsteel Bearded Axe<\/a>: Level 10, 100\u00a0Charges<\/li>\n<li><a href=\"https:\/\/www.diablofans.cz\/d2\/predmety-unique-exceptional-axes\">Boneslayer Blade Gothic Axe<\/a>: Level 20, 200\u00a0Charges<\/li>\n<li>D\u00e1le se vyskytuje na Magic nebo Rare p\u0159edm\u011btech typu Scepter nebo paladinsk\u00fd\u00a0\u0161t\u00edt.<\/li>\n<li>\u00darovn\u011b: 1\u20138<\/li>\n<li>V\u00a0tabulce je zn\u00e1zorn\u011bn minim\u00e1ln\u00ed po\u017eadavek na \u00farove\u0148 p\u0159edm\u011btu (ilvl) na \u00farove\u0148 skillu spole\u010dn\u011b s\u00a0po\u010dtem n\u00e1boj\u016f (Charges)<\/li>\n<\/ul>\n<table>\n<thead>\n<tr>\n<th>\u00darove\u0148 skillu<\/th>\n<th>1<\/th>\n<th>2<\/th>\n<th>3<\/th>\n<th>4<\/th>\n<th>5<\/th>\n<th>6<\/th>\n<th>7<\/th>\n<th>8<\/th>\n<\/tr>\n<\/thead>\n<tbody>\n<tr>\n<td>Minim\u00e1ln\u00ed ilvl<\/td>\n<td>17<\/td>\n<td>28<\/td>\n<td>39<\/td>\n<td>50<\/td>\n<td>61<\/td>\n<td>72<\/td>\n<td>83<\/td>\n<td>94<\/td>\n<\/tr>\n<tr>\n<td>Po\u010det Charges<\/td>\n<td>33<\/td>\n<td>37<\/td>\n<td>41<\/td>\n<td>45<\/td>\n<td>48<\/td>\n<td>52<\/td>\n<td>56<\/td>\n<td>60<\/td>\n<\/tr>\n<\/tbody>\n<\/table>\n<hr \/>\n<p><em>Paladin se dovede nau\u010dit vyvol\u00e1vat \u0161\u00edpy z\u00a0\u010dist\u00e9 energie spravedlnosti. Tyto projektily jsou nositelem \u017eivota, zk\u00e1zou nemrtv\u00fdch a pomocnou rukou pro v\u0161echny pravov\u011brn\u00e9. P\u0159i bitv\u011b o\u00a0most Taelohn se obyvatel\u00e9 p\u0159ilehl\u00e9 vesnice ob\u00e1vali, \u017ee v\u0161e bude ztraceno, kdy\u017e se arm\u00e1d\u011b smrti povede most p\u0159ekro\u010dit. T\u011bsn\u011b p\u0159ed por\u00e1\u017ekou zdatn\u00fdch domobr\u00e1nc\u016f se ve vesnici objevila mal\u00e1 skupina Paladin\u016f. Ti se za\u010dali prod\u00edrat hordami zpr\u00e1chniv\u011bl\u00fdch nemrtv\u00fdch v\u00e1le\u010dn\u00edk\u016f, p\u0159i\u010dem\u017e po nich metali mal\u00e9 sv\u00edt\u00edc\u00ed st\u0159ely kulovit\u00e9ho tvaru z\u00a0\u010dist\u00e9ho Sv\u011btla, kter\u00e9 vyhnalo zlo z\u00a0ka\u017ed\u00e9ho nemrtv\u00e9ho t\u011bla a zran\u011bn\u00fdm domobr\u00e1nc\u016fm z\u00e1rove\u0148 navr\u00e1tila\u00a0s\u00edly.<\/em><\/p>\n<p style=\"text-align:center\">&#8212;\u00a0\u2014 &#8212;\u00a0\u2014 &#8212;\u00a0\u2014 &#8212;\u00a0\u2014 &#8212;\u00a0\u2014 &#8212;\u00a0\u2014 &#8212;\u00a0\u2014 &#8212;\u00a0\u2014 &#8212;\u00a0\u2014 &#8212;\u00a0\u2014 &#8212;\u00a0\u2014\u00a0&#8212;<\/p>\n<p style=\"text-align:center\"><a href=\"https:\/\/www.diablofans.cz\/d2\/herni-postavy-paladin-skilly-combat-skills\">\u00ab Zp\u011bt do sekce Hern\u00ed postavy\u00a0\u2013 Paladin\u00a0\u2013 Skilly\u00a0\u2013 Combat\u00a0Skills<\/a><\/p>\n<\/p><\/div>\n<p> <!-- by Texy2! --><\/p>\n","protected":false},"excerpt":{"rendered":"<p>Paladin\u00a0\u2013 Defensive Auras\u00a0\u2013 Offensive Auras\u00a0\u2013 Combat\u00a0Skills Sacrifice Smite Holy Bolt Zeal Charge Vengeance Blessed Hammer Conversion Holy Shield Fist of the Heavens Holy Bolt Pot\u0159ebn\u00fd level: 6 Pot\u0159ebn\u00e9 skilly: \u017e\u00e1dn\u00e9 Typ: L\u00e9\u010dev\u00e1 st\u0159ela, pora\u0148uje nemrtv\u00e9 Lev\u00e9 tla\u010d\u00edtko: Ano Holy Bolt dost\u00e1v\u00e1 synergick\u00e9 bonusy ze skill\u016f: Prayer: +15\u00a0% k\u00a0l\u00e9\u010den\u00ed za level Blessed Hammer: +50\u00a0% k\u00a0magick\u00fdm \u0161kod\u00e1m [&#8230;]<\/p>\n<p><a class=\"btn btn-secondary understrap-read-more-link\" href=\"https:\/\/www.diablofans.cz\/d2\/herni-postavy-paladin-skilly-combat-skills-holy-bolt\/\">\u010c\u00edst d\u00e1le&#8230;<span class=\"screen-reader-text\"> from Paladin &#8211; Skilly &#8211; Combat Skills &#8211; Holy Bolt<\/span><\/a><\/p>\n","protected":false},"author":1,"featured_media":0,"parent":0,"menu_order":0,"comment_status":"open","ping_status":"open","template":"","meta":{"footnotes":""},"class_list":["post-3324","page","type-page","status-publish","hentry"],"_links":{"self":[{"href":"https:\/\/www.diablofans.cz\/d2\/wp-json\/wp\/v2\/pages\/3324","targetHints":{"allow":["GET"]}}],"collection":[{"href":"https:\/\/www.diablofans.cz\/d2\/wp-json\/wp\/v2\/pages"}],"about":[{"href":"https:\/\/www.diablofans.cz\/d2\/wp-json\/wp\/v2\/types\/page"}],"author":[{"embeddable":true,"href":"https:\/\/www.diablofans.cz\/d2\/wp-json\/wp\/v2\/users\/1"}],"replies":[{"embeddable":true,"href":"https:\/\/www.diablofans.cz\/d2\/wp-json\/wp\/v2\/comments?post=3324"}],"version-history":[{"count":0,"href":"https:\/\/www.diablofans.cz\/d2\/wp-json\/wp\/v2\/pages\/3324\/revisions"}],"wp:attachment":[{"href":"https:\/\/www.diablofans.cz\/d2\/wp-json\/wp\/v2\/media?parent=3324"}],"curies":[{"name":"wp","href":"https:\/\/api.w.org\/{rel}","templated":true}]}}