{"id":3326,"date":"2018-08-25T22:08:57","date_gmt":"2018-08-25T20:08:57","guid":{"rendered":"http:\/\/diablofans.ddev.site\/d2\/herni-postavy-paladin-skilly-combat-skills-charge\/"},"modified":"2018-08-25T22:08:57","modified_gmt":"2018-08-25T20:08:57","slug":"herni-postavy-paladin-skilly-combat-skills-charge","status":"publish","type":"page","link":"https:\/\/www.diablofans.cz\/d2\/herni-postavy-paladin-skilly-combat-skills-charge\/","title":{"rendered":"Paladin &#8211; Skilly &#8211; Combat Skills &#8211; Charge"},"content":{"rendered":"\n<div class=\"skilly\">\n<p style=\"text-align:center\"><a href=\"https:\/\/www.diablofans.cz\/d2\/herni-postavy-paladin\">Paladin<\/a>\u00a0\u2013 <a href=\"https:\/\/www.diablofans.cz\/d2\/herni-postavy-paladin-skilly-defensive-auras\">Defensive Auras<\/a>\u00a0\u2013 <a href=\"https:\/\/www.diablofans.cz\/d2\/herni-postavy-paladin-skilly-offensive-auras\">Offensive Auras<\/a>\u00a0\u2013 <strong><a href=\"https:\/\/www.diablofans.cz\/d2\/herni-postavy-paladin-skilly-combat-skills\">Combat\u00a0Skills<\/a><\/strong><\/p>\n<div style=\"float: right; width: 160px; \">\n<table>\n<tbody>\n<tr>\n<td><a href=\"https:\/\/www.diablofans.cz\/d2\/herni-postavy-paladin-skilly-combat-skills-sacrifice\">Sacrifice<\/a><\/td>\n<\/tr>\n<tr>\n<td><a href=\"https:\/\/www.diablofans.cz\/d2\/herni-postavy-paladin-skilly-combat-skills-smite\">Smite<\/a><\/td>\n<\/tr>\n<tr>\n<td><a href=\"https:\/\/www.diablofans.cz\/d2\/herni-postavy-paladin-skilly-combat-skills-holy-bolt\">Holy Bolt<\/a><\/td>\n<\/tr>\n<tr>\n<td><a href=\"https:\/\/www.diablofans.cz\/d2\/herni-postavy-paladin-skilly-combat-skills-zeal\">Zeal<\/a><\/td>\n<\/tr>\n<tr>\n<td><strong><a href=\"https:\/\/www.diablofans.cz\/d2\/herni-postavy-paladin-skilly-combat-skills-charge\">Charge<\/a><\/strong><\/td>\n<\/tr>\n<tr>\n<td><a href=\"https:\/\/www.diablofans.cz\/d2\/herni-postavy-paladin-skilly-combat-skills-vengeance\">Vengeance<\/a><\/td>\n<\/tr>\n<tr>\n<td><a href=\"https:\/\/www.diablofans.cz\/d2\/herni-postavy-paladin-skilly-combat-skills-blessed-hammer\">Blessed Hammer<\/a><\/td>\n<\/tr>\n<tr>\n<td><a href=\"https:\/\/www.diablofans.cz\/d2\/herni-postavy-paladin-skilly-combat-skills-conversion\">Conversion<\/a><\/td>\n<\/tr>\n<tr>\n<td><a href=\"https:\/\/www.diablofans.cz\/d2\/herni-postavy-paladin-skilly-combat-skills-holy-shield\">Holy Shield<\/a><\/td>\n<\/tr>\n<tr>\n<td><a href=\"https:\/\/www.diablofans.cz\/d2\/herni-postavy-paladin-skilly-combat-skills-fist-of-the.heavens\">Fist of the Heavens<\/a><\/td>\n<\/tr>\n<\/tbody>\n<\/table><\/div>\n<h3 style=\"clear:none\">Charge<\/h3>\n<div><img loading=\"lazy\" decoding=\"async\" src=\"https:\/\/www.diablofans.cz\/d2\/wp-content\/uploads\/2018\/08\/charge.jpg\" alt=\"Charge\" class=\"img-left\" width=\"48\" height=\"48\" \/><\/div>\n<ul>\n<li>Pot\u0159ebn\u00fd level: 12<\/li>\n<li>Pot\u0159ebn\u00e9 skilly: <a href=\"https:\/\/www.diablofans.cz\/d2\/herni-postavy-paladin-skilly-combat-skills-smite\">Smite<\/a><\/li>\n<li>Typ: \u00datok s\u00a0rozeb\u011bhem na jeden c\u00edl<\/li>\n<li>Lev\u00e9 tla\u010d\u00edtko: Ano<\/li>\n<\/ul>\n<p class=\"zelena\">Charge dost\u00e1v\u00e1 synergick\u00e9 bonusy ze skill\u016f:<\/p>\n<ul>\n<li><a href=\"https:\/\/www.diablofans.cz\/d2\/herni-postavy-paladin-skilly-offensive-auras-might\">Might<\/a>: +20\u00a0% k\u00a0fyzick\u00fdm \u0161kod\u00e1m za level<\/li>\n<li><a href=\"https:\/\/www.diablofans.cz\/d2\/herni-postavy-paladin-skilly-defensive-auras-vigor\">Vigor<\/a>: +20\u00a0% k\u00a0fyzick\u00fdm \u0161kod\u00e1m za level<\/li>\n<\/ul>\n<p>Tato dovednost se dost podob\u00e1 \u00faderu \u0161t\u00edtem. Paladin se rozb\u011bhne proti nep\u0159\u00edteli, za\u00fato\u010d\u00ed v\u0161ak nakonec zbran\u00ed nebo jen hol\u00fdma rukama. Zte\u010d velmi v\u00fdrazn\u011b zesiluje zp\u016fsoben\u00e9 poran\u011bn\u00ed a \u010dastokr\u00e1t jedin\u00fd z\u00e1sah sta\u010d\u00ed k\u00a0likvidaci oponenta. D\u00edky velmi rychl\u00e9mu rozeb\u011bhu lze tuto dovednost pou\u017e\u00edt i\u00a0m\u00edsto teleportace.<\/p>\n<p>Nestv\u016fry typu <a href=\"https:\/\/www.diablofans.cz\/d2\/bestiar-2-akt#clawviper\">Claw Viper<\/a> a <a href=\"https:\/\/www.diablofans.cz\/d2\/bestiar-5-akt#reanimatedhorde\">Reanimated Horde<\/a> u\u017e\u00edvaj\u00ed tuto dovednost\u00a0tak\u00e9.<\/p>\n<h3>Tabulka<\/h3>\n<ul>\n<li>Cena Many = 9\u00a0pro v\u0161echny \u00farovn\u011b<\/li>\n<li>Rychlost b\u011bhu = +150\u00a0% pro v\u0161echny \u00farovn\u011b<\/li>\n<\/ul>\n<table>\n<thead>\n<tr>\n<th style=\"width:100px\">\u00darovn\u011b<\/th>\n<th style=\"width:40px\">1<\/th>\n<th style=\"width:40px\">2<\/th>\n<th style=\"width:40px\">3<\/th>\n<th style=\"width:40px\">4<\/th>\n<th style=\"width:40px\">5<\/th>\n<th style=\"width:40px\">6<\/th>\n<th style=\"width:40px\">7<\/th>\n<th style=\"width:40px\">8<\/th>\n<th style=\"width:40px\">9<\/th>\n<th style=\"width:40px\">10<\/th>\n<\/tr>\n<\/thead>\n<tbody>\n<tr>\n<td>+AR (%)<\/td>\n<td>50<\/td>\n<td>65<\/td>\n<td>80<\/td>\n<td>95<\/td>\n<td>110<\/td>\n<td>125<\/td>\n<td>140<\/td>\n<td>155<\/td>\n<td>170<\/td>\n<td>185<\/td>\n<\/tr>\n<tr>\n<td>+DMG (%)<\/td>\n<td>100<\/td>\n<td>125<\/td>\n<td>150<\/td>\n<td>175<\/td>\n<td>200<\/td>\n<td>225<\/td>\n<td>250<\/td>\n<td>275<\/td>\n<td>300<\/td>\n<td>325<\/td>\n<\/tr>\n<tr>\n<th>\u00darovn\u011b<\/th>\n<th>11<\/th>\n<th>12<\/th>\n<th>13<\/th>\n<th>14<\/th>\n<th>15<\/th>\n<th>16<\/th>\n<th>17<\/th>\n<th>18<\/th>\n<th>19<\/th>\n<th>20<\/th>\n<\/tr>\n<tr>\n<td>+AR (%)<\/td>\n<td>200<\/td>\n<td>215<\/td>\n<td>230<\/td>\n<td>245<\/td>\n<td>260<\/td>\n<td>275<\/td>\n<td>290<\/td>\n<td>305<\/td>\n<td>320<\/td>\n<td>335<\/td>\n<\/tr>\n<tr>\n<td>+DMG (%)<\/td>\n<td>350<\/td>\n<td>375<\/td>\n<td>400<\/td>\n<td>425<\/td>\n<td>450<\/td>\n<td>475<\/td>\n<td>500<\/td>\n<td>525<\/td>\n<td>550<\/td>\n<td>575<\/td>\n<\/tr>\n<\/tbody>\n<\/table>\n<table>\n<thead>\n<tr>\n<th style=\"width:100px\">\u00darovn\u011b<\/th>\n<th style=\"width:40px\">21<\/th>\n<th style=\"width:40px\">22<\/th>\n<th style=\"width:40px\">23<\/th>\n<th style=\"width:40px\">24<\/th>\n<th style=\"width:40px\">25<\/th>\n<th style=\"width:40px\">26<\/th>\n<th style=\"width:40px\">27<\/th>\n<th style=\"width:40px\">28<\/th>\n<th style=\"width:40px\">29<\/th>\n<th style=\"width:40px\">30<\/th>\n<\/tr>\n<\/thead>\n<tbody>\n<tr>\n<td>+AR (%)<\/td>\n<td>350<\/td>\n<td>365<\/td>\n<td>380<\/td>\n<td>395<\/td>\n<td>410<\/td>\n<td>425<\/td>\n<td>440<\/td>\n<td>455<\/td>\n<td>470<\/td>\n<td>485<\/td>\n<\/tr>\n<tr>\n<td>+DMG (%)<\/td>\n<td>600<\/td>\n<td>625<\/td>\n<td>650<\/td>\n<td>675<\/td>\n<td>700<\/td>\n<td>725<\/td>\n<td>750<\/td>\n<td>775<\/td>\n<td>800<\/td>\n<td>825<\/td>\n<\/tr>\n<tr>\n<th>\u00darovn\u011b<\/th>\n<th>31<\/th>\n<th>32<\/th>\n<th>33<\/th>\n<th>34<\/th>\n<th>35<\/th>\n<th>36<\/th>\n<th>37<\/th>\n<th>38<\/th>\n<th>39<\/th>\n<th>40<\/th>\n<\/tr>\n<tr>\n<td>+AR (%)<\/td>\n<td>500<\/td>\n<td>515<\/td>\n<td>530<\/td>\n<td>545<\/td>\n<td>560<\/td>\n<td>575<\/td>\n<td>590<\/td>\n<td>605<\/td>\n<td>620<\/td>\n<td>635<\/td>\n<\/tr>\n<tr>\n<td>+DMG (%)<\/td>\n<td>850<\/td>\n<td>875<\/td>\n<td>900<\/td>\n<td>925<\/td>\n<td>950<\/td>\n<td>975<\/td>\n<td>1000<\/td>\n<td>1025<\/td>\n<td>1050<\/td>\n<td>1075<\/td>\n<\/tr>\n<\/tbody>\n<\/table>\n<p>P\u0159i Zte\u010di mus\u00ed b\u00fdt vybr\u00e1n c\u00edl, aby se ud\u011blily \u0161kody, jinak dojde pouze k\u00a0zrychlen\u00e9mu p\u0159esunu.<\/p>\n<p>Schopnost lze na c\u00edl pou\u017e\u00edt pouze v\u00a0p\u0159\u00edpad\u011b, \u017ee se nach\u00e1z\u00ed mimo t\u011bsn\u00fd dosah zbran\u011b. Pokud je c\u00edl na dosah zbran\u011b, vykon\u00e1 se pouze norm\u00e1ln\u00ed\u00a0\u00fatok.<\/p>\n<p><a href=\"https:\/\/www.diablofans.cz\/d2\/vlastnosti-increased-attack-speed\">IAS<\/a> ani <a href=\"https:\/\/www.diablofans.cz\/d2\/vlastnosti-faster-run-walk\">Faster run\/walk<\/a> nem\u00e1 na rychlost zte\u010de vliv. Jin\u00e9 modifik\u00e1tory rychlosti pohybu v\u0161ak ano, ale jejich vliv je\u00a0mal\u00fd.<\/p>\n<p>Modifik\u00e1tory rychlosti zte\u010de jsou tyto:<\/p>\n<ul>\n<li>Penalizace za brn\u011bn\u00ed a \u0161t\u00edt<\/li>\n<li>Zmra\u017een\u00ed<\/li>\n<li><a href=\"https:\/\/www.diablofans.cz\/d2\/herni-postavy-paladin-skilly-offensive-auras-holy-freeze\">Holy Freeze<\/a><\/li>\n<li><a href=\"https:\/\/www.diablofans.cz\/d2\/[herni-postavy-necromancer-skilly-curses-decrepify\">Decrepify<\/a><\/li>\n<li><a href=\"https:\/\/www.diablofans.cz\/d2\/vlastnosti-slows-target\">Slows Target<\/a><\/li>\n<li><a href=\"https:\/\/www.diablofans.cz\/d2\/herni-postavy-paladin-skilly-defensive-auras-vigor\">Vigor<\/a><\/li>\n<\/ul>\n<p>Rychlost b\u011bhu p\u0159i zte\u010di vzroste p\u0159i absenci jak\u00fdchkoliv modifik\u00e1tor\u016f rychlosti pohybu o\u00a0225\u00a0%. Rychlost zte\u010de je tedy norm\u00e1ln\u011b 22,5\u00a0yard\u016f\/s. D\u00edky t\u00e9to rychlosti je skill velice obl\u00edben\u00fdm p\u0159i pohybu.<\/p>\n<p>Vybran\u00fd c\u00edl je v\u017edy sra\u017een <a href=\"https:\/\/www.diablofans.cz\/d2\/vlastnosti-knockback\">knockbackem<\/a> bez ohledu na to, zda je z\u00e1sah \u00fasp\u011b\u0161n\u00fd nebo zda v\u016fbec (nap\u0159. imunn\u00edmu monstru) ud\u011blil n\u011bjak\u00e9\u00a0\u0161kody.<\/p>\n<p>P\u0159i Zte\u010di je \u0161ance na blokov\u00e1n\u00ed \u0161t\u00edtem sn\u00ed\u017eena na 1\/3 sv\u00e9 hodnoty. Maxim\u00e1ln\u00ed \u0161ance na blokov\u00e1n\u00ed se tedy sn\u00ed\u017e\u00ed na 25\u00a0%, nicm\u00e9n\u011b na rozd\u00edl od norm\u00e1ln\u00edho b\u011bhu nen\u00ed \u0161ance na blok z\u00e1sahu nep\u0159\u00edtelem ignorov\u00e1na.<\/p>\n<p>Pokud postava pou\u017e\u00edv\u00e1 k\u00a0p\u0159esunu pouze ch\u016fzi, je na Zte\u010d zapnut b\u011bh a po dokon\u010den\u00ed animace je b\u011bh op\u011bt vypnut.<\/p>\n<p><span style=\"color: #ff3020;\">Kdy\u017e m\u00e1 nep\u0159\u00e1telsk\u00fd boss pou\u017e\u00edt Zte\u010d a je z\u00e1rove\u0148 nositelem aury <a href=\"https:\/\/www.diablofans.cz\/d2\/herni-postavy-paladin-skilly-offensive-auras-might\">Might<\/a>, jsou jeho \u0161kody zn\u011bkolikan\u00e1sobeny jak bonusem ze skillu, tak z\u00a0aury, tak zejm\u00e9na synergi\u00ed!<\/span> Hardcorov\u00e9 postavy by se m\u011bly m\u00edt p\u0159ed takov\u00fdmi nep\u0159\u00e1teli maxim\u00e1ln\u011b na pozoru, nebo\u0165 se v\u00a0drtiv\u00e9 v\u011bt\u0161in\u011b p\u0159\u00edpad\u016f jedn\u00e1 o\u00a0tzv. <em>\u201eone hit killery\u201c<\/em>.<\/p>\n<h3>V\u00fdpo\u010dty<\/h3>\n<ul>\n<li>+Attack Rating (%) = 35 + 15 * slvl %<\/li>\n<li>+DMG (%) = 75 + 25 * slvl %<\/li>\n<li>Rychlost b\u011bhu p\u0159i Charge (y\/s) = 9 * (100 + speed) \/ 100) + (9 * 150\/100)\u00a0y\/s<\/li>\n<\/ul>\n<p>(slvl = \u00farove\u0148 skillu, speed = modifik\u00e1tor <a href=\"https:\/\/www.diablofans.cz\/d2\/rychlost-pohybu\">rychlosti<\/a>)<\/p>\n<h3>V\u00fdskyt dovednosti<\/h3>\n<p><strong>N\u011bkter\u00e9 p\u0159edm\u011bty poskytuj\u00ed bonus k\u00a0tomuto skillu:<\/strong><\/p>\n<ul>\n<li>V\u0161echny p\u0159edm\u011bty typu <a href=\"https:\/\/www.diablofans.cz\/d2\/predmety-normal-scepters\">Scepter<\/a> (ilvl&gt;11): +1\u20133 to Charge (Paladin Only) (varies)<\/li>\n<\/ul>\n<hr \/>\n<p><em>Kdy\u017e se Paladin boj\u00ed, znamen\u00e1 to jedin\u011b nedostatek v\u00edry. A\u00a0nev\u011b\u0159\u00edc\u00ed Paladin nen\u00ed spr\u00e1vn\u00fd mu\u017e, nato\u017e pak ryt\u00ed\u0159. Je nutn\u00e9 myslet na jedno: pokud nic dal\u0161\u00edho nevyjde, Paladina k\u00a0v\u00edt\u011bzstv\u00ed dostane jedin\u011b a\u017e v\u00edra. V\u011b\u0159\u00edci v\u00e1le\u010dn\u00edci se nikdy nevyh\u00fdbaj\u00ed boji. Rad\u011bji provedou rychl\u00fd v\u00fdpad se sklon\u011bnou hlavou, krytou \u0161t\u00edtem, aby dovolili sv\u00e9 zbrani zasadit v\u00a0bitv\u011b prvn\u00ed a dost mo\u017en\u00e1 i\u00a0jedinou\u00a0r\u00e1nu.<\/em><\/p>\n<p style=\"text-align:center\">&#8212;\u00a0\u2014 &#8212;\u00a0\u2014 &#8212;\u00a0\u2014 &#8212;\u00a0\u2014 &#8212;\u00a0\u2014 &#8212;\u00a0\u2014 &#8212;\u00a0\u2014 &#8212;\u00a0\u2014 &#8212;\u00a0\u2014 &#8212;\u00a0\u2014 &#8212;\u00a0\u2014\u00a0&#8212;<\/p>\n<p style=\"text-align:center\"><a href=\"https:\/\/www.diablofans.cz\/d2\/herni-postavy-paladin-skilly-combat-skills\">\u00ab Zp\u011bt do sekce Hern\u00ed postavy\u00a0\u2013 Paladin\u00a0\u2013 Skilly\u00a0\u2013 Combat\u00a0Skills<\/a><\/p>\n<\/p><\/div>\n<p> <!-- by Texy2! --><\/p>\n","protected":false},"excerpt":{"rendered":"<p>Paladin\u00a0\u2013 Defensive Auras\u00a0\u2013 Offensive Auras\u00a0\u2013 Combat\u00a0Skills Sacrifice Smite Holy Bolt Zeal Charge Vengeance Blessed Hammer Conversion Holy Shield Fist of the Heavens Charge Pot\u0159ebn\u00fd level: 12 Pot\u0159ebn\u00e9 skilly: Smite Typ: \u00datok s\u00a0rozeb\u011bhem na jeden c\u00edl Lev\u00e9 tla\u010d\u00edtko: Ano Charge dost\u00e1v\u00e1 synergick\u00e9 bonusy ze skill\u016f: Might: +20\u00a0% k\u00a0fyzick\u00fdm \u0161kod\u00e1m za level Vigor: +20\u00a0% k\u00a0fyzick\u00fdm \u0161kod\u00e1m za [&#8230;]<\/p>\n<p><a class=\"btn btn-secondary understrap-read-more-link\" href=\"https:\/\/www.diablofans.cz\/d2\/herni-postavy-paladin-skilly-combat-skills-charge\/\">\u010c\u00edst d\u00e1le&#8230;<span class=\"screen-reader-text\"> from Paladin &#8211; Skilly &#8211; Combat Skills &#8211; Charge<\/span><\/a><\/p>\n","protected":false},"author":1,"featured_media":0,"parent":0,"menu_order":0,"comment_status":"open","ping_status":"open","template":"","meta":{"footnotes":""},"class_list":["post-3326","page","type-page","status-publish","hentry"],"_links":{"self":[{"href":"https:\/\/www.diablofans.cz\/d2\/wp-json\/wp\/v2\/pages\/3326","targetHints":{"allow":["GET"]}}],"collection":[{"href":"https:\/\/www.diablofans.cz\/d2\/wp-json\/wp\/v2\/pages"}],"about":[{"href":"https:\/\/www.diablofans.cz\/d2\/wp-json\/wp\/v2\/types\/page"}],"author":[{"embeddable":true,"href":"https:\/\/www.diablofans.cz\/d2\/wp-json\/wp\/v2\/users\/1"}],"replies":[{"embeddable":true,"href":"https:\/\/www.diablofans.cz\/d2\/wp-json\/wp\/v2\/comments?post=3326"}],"version-history":[{"count":0,"href":"https:\/\/www.diablofans.cz\/d2\/wp-json\/wp\/v2\/pages\/3326\/revisions"}],"wp:attachment":[{"href":"https:\/\/www.diablofans.cz\/d2\/wp-json\/wp\/v2\/media?parent=3326"}],"curies":[{"name":"wp","href":"https:\/\/api.w.org\/{rel}","templated":true}]}}