{"id":3327,"date":"2018-08-25T22:08:57","date_gmt":"2018-08-25T20:08:57","guid":{"rendered":"http:\/\/diablofans.ddev.site\/d2\/herni-postavy-paladin-skilly-combat-skills-vengeance\/"},"modified":"2018-08-25T22:08:57","modified_gmt":"2018-08-25T20:08:57","slug":"herni-postavy-paladin-skilly-combat-skills-vengeance","status":"publish","type":"page","link":"https:\/\/www.diablofans.cz\/d2\/herni-postavy-paladin-skilly-combat-skills-vengeance\/","title":{"rendered":"Paladin &#8211; Skilly &#8211; Combat Skills &#8211; Vengeance"},"content":{"rendered":"\n<div class=\"skilly\">\n<p style=\"text-align:center\"><a href=\"https:\/\/www.diablofans.cz\/d2\/herni-postavy-paladin\">Paladin<\/a>\u00a0\u2013 <a href=\"https:\/\/www.diablofans.cz\/d2\/herni-postavy-paladin-skilly-defensive-auras\">Defensive Auras<\/a>\u00a0\u2013 <a href=\"https:\/\/www.diablofans.cz\/d2\/herni-postavy-paladin-skilly-offensive-auras\">Offensive Auras<\/a>\u00a0\u2013 <strong><a href=\"https:\/\/www.diablofans.cz\/d2\/herni-postavy-paladin-skilly-combat-skills\">Combat\u00a0Skills<\/a><\/strong><\/p>\n<div style=\"float: right; width: 160px; \">\n<table>\n<tbody>\n<tr>\n<td><a href=\"https:\/\/www.diablofans.cz\/d2\/herni-postavy-paladin-skilly-combat-skills-sacrifice\">Sacrifice<\/a><\/td>\n<\/tr>\n<tr>\n<td><a href=\"https:\/\/www.diablofans.cz\/d2\/herni-postavy-paladin-skilly-combat-skills-smite\">Smite<\/a><\/td>\n<\/tr>\n<tr>\n<td><a href=\"https:\/\/www.diablofans.cz\/d2\/herni-postavy-paladin-skilly-combat-skills-holy-bolt\">Holy Bolt<\/a><\/td>\n<\/tr>\n<tr>\n<td><a href=\"https:\/\/www.diablofans.cz\/d2\/herni-postavy-paladin-skilly-combat-skills-zeal\">Zeal<\/a><\/td>\n<\/tr>\n<tr>\n<td><a href=\"https:\/\/www.diablofans.cz\/d2\/herni-postavy-paladin-skilly-combat-skills-charge\">Charge<\/a><\/td>\n<\/tr>\n<tr>\n<td><strong><a href=\"https:\/\/www.diablofans.cz\/d2\/herni-postavy-paladin-skilly-combat-skills-vengeance\">Vengeance<\/a><\/strong><\/td>\n<\/tr>\n<tr>\n<td><a href=\"https:\/\/www.diablofans.cz\/d2\/herni-postavy-paladin-skilly-combat-skills-blessed-hammer\">Blessed Hammer<\/a><\/td>\n<\/tr>\n<tr>\n<td><a href=\"https:\/\/www.diablofans.cz\/d2\/herni-postavy-paladin-skilly-combat-skills-conversion\">Conversion<\/a><\/td>\n<\/tr>\n<tr>\n<td><a href=\"https:\/\/www.diablofans.cz\/d2\/herni-postavy-paladin-skilly-combat-skills-holy-shield\">Holy Shield<\/a><\/td>\n<\/tr>\n<tr>\n<td><a href=\"https:\/\/www.diablofans.cz\/d2\/herni-postavy-paladin-skilly-combat-skills-fist-of-the.heavens\">Fist of the Heavens<\/a><\/td>\n<\/tr>\n<\/tbody>\n<\/table><\/div>\n<h3 style=\"clear:none\">Vengeance<\/h3>\n<div><img loading=\"lazy\" decoding=\"async\" src=\"https:\/\/www.diablofans.cz\/d2\/wp-content\/uploads\/2018\/08\/vengeance.jpg\" alt=\"Vengeance\" class=\"img-left\" width=\"48\" height=\"48\" \/><\/div>\n<ul>\n<li>Pot\u0159ebn\u00fd level: 18<\/li>\n<li>Pot\u0159ebn\u00e9 skilly: <a href=\"https:\/\/www.diablofans.cz\/d2\/herni-postavy-paladin-skilly-combat-skills-sacrifice\">Sacrifice<\/a>, <a href=\"https:\/\/www.diablofans.cz\/d2\/herni-postavy-paladin-skilly-combat-skills-zeal\">Zeal<\/a><\/li>\n<li>Typ: Element\u00e1ln\u00ed \u00fatok na bl\u00edzko<\/li>\n<li>Lev\u00e9 tla\u010d\u00edtko: Ano<\/li>\n<\/ul>\n<p class=\"zelena\">Vengeance dost\u00e1v\u00e1 synergick\u00e9 bonusy ze skill\u016f:<\/p>\n<ul>\n<li><a href=\"https:\/\/www.diablofans.cz\/d2\/herni-postavy-paladin-skilly-defensive-auras-resist-fire\">Resist Fire<\/a>: +10\u00a0% k\u00a0ohniv\u00fdm \u0161kod\u00e1m za level<\/li>\n<li><a href=\"https:\/\/www.diablofans.cz\/d2\/herni-postavy-paladin-skilly-defensive-auras-resist-cold\">Resist Cold<\/a>: +10\u00a0% k\u00a0ledov\u00fdm \u0161kod\u00e1m za level<\/li>\n<li><a href=\"https:\/\/www.diablofans.cz\/d2\/herni-postavy-paladin-skilly-defensive-auras-resist-lightning\">Resist Lightning<\/a>: +10\u00a0% k\u00a0bleskov\u00fdm \u0161kod\u00e1m za\u00a0level<\/li>\n<li><a href=\"https:\/\/www.diablofans.cz\/d2\/herni-postavy-paladin-skilly-defensive-auras-salvation\">Salvation<\/a>: +2% k\u00a0element\u00e1ln\u00edm \u0161kod\u00e1m za level<\/li>\n<\/ul>\n<p>Odplata je velmi pozoruhodn\u00e1 dovednost, kter\u00e1 zp\u016fsob\u00ed jak standardn\u00ed zran\u011bn\u00ed norm\u00e1ln\u00edm \u00fatokem, tak \u0161kody pos\u00edlen\u00e9 o\u00a0ohnivou, ledovou a bleskovou slo\u017eku. Z\u00a0toho plyne, \u017ee nep\u0159\u00edtel bez odolnost\u00ed utrp\u00ed jedin\u00fdm \u00faderem opravdu velmi v\u00e1\u017en\u00e1 zran\u011bn\u00ed. Vhodn\u00fd je i\u00a0proti monstr\u016fm, je\u017e jsou vybaveny n\u011bkterou z\u00a0imunit a vysok\u00fdmi odolnostmi. Hod\u00ed se proto kdykoliv. Paladin v\u0161ak tuto schopnost nejv\u00edce ocen\u00ed v\u00a0moment\u011b, kdy na n\u011bj za\u00fato\u010d\u00ed nep\u0159\u00e1tel\u00e9 s\u00a0imunitou v\u016f\u010di fyzick\u00fdm \u00fatok\u016fm. Ty toti\u017e Paladinov\u00e9 vyu\u017e\u00edvaj\u00ed nej\u010dast\u011bji a setk\u00e1n\u00ed s\u00a0t\u011bmito typy monster b\u00fdvaj\u00ed problematick\u00e1.<\/p>\n<h3>Tabulka<\/h3>\n<table>\n<thead>\n<tr>\n<th style=\"width:100px\">\u00darovn\u011b<\/th>\n<th style=\"width:40px\">1<\/th>\n<th style=\"width:40px\">2<\/th>\n<th style=\"width:40px\">3<\/th>\n<th style=\"width:40px\">4<\/th>\n<th style=\"width:40px\">5<\/th>\n<th style=\"width:40px\">6<\/th>\n<th style=\"width:40px\">7<\/th>\n<th style=\"width:40px\">8<\/th>\n<th style=\"width:40px\">9<\/th>\n<th style=\"width:40px\">10<\/th>\n<\/tr>\n<\/thead>\n<tbody>\n<tr>\n<td>Mana<\/td>\n<td>4<\/td>\n<td>4,25<\/td>\n<td>4,5<\/td>\n<td>4,75<\/td>\n<td>5<\/td>\n<td>5,25<\/td>\n<td>5,5<\/td>\n<td>5,75<\/td>\n<td>6<\/td>\n<td>6,25<\/td>\n<\/tr>\n<tr>\n<td>+AR (%)<\/td>\n<td>20<\/td>\n<td>30<\/td>\n<td>40<\/td>\n<td>50<\/td>\n<td>60<\/td>\n<td>70<\/td>\n<td>80<\/td>\n<td>90<\/td>\n<td>100<\/td>\n<td>110<\/td>\n<\/tr>\n<tr>\n<td>+Element\u00e1ln\u00ed DMG (%)<\/td>\n<td>70<\/td>\n<td>76<\/td>\n<td>82<\/td>\n<td>88<\/td>\n<td>94<\/td>\n<td>100<\/td>\n<td>106<\/td>\n<td>112<\/td>\n<td>118<\/td>\n<td>124<\/td>\n<\/tr>\n<tr>\n<td>Doba (s)<\/td>\n<td>1,2<\/td>\n<td>1,8<\/td>\n<td>2,4<\/td>\n<td>3,0<\/td>\n<td>3,6<\/td>\n<td>4,2<\/td>\n<td>4,8<\/td>\n<td>5,4<\/td>\n<td>6,0<\/td>\n<td>6,6<\/td>\n<\/tr>\n<tr>\n<th>\u00darovn\u011b<\/th>\n<th>11<\/th>\n<th>12<\/th>\n<th>13<\/th>\n<th>14<\/th>\n<th>15<\/th>\n<th>16<\/th>\n<th>17<\/th>\n<th>18<\/th>\n<th>19<\/th>\n<th>20<\/th>\n<\/tr>\n<tr>\n<td>Mana<\/td>\n<td>6,5<\/td>\n<td>6,75<\/td>\n<td>7<\/td>\n<td>7,25<\/td>\n<td>7,5<\/td>\n<td>7,75<\/td>\n<td>8<\/td>\n<td>8,25<\/td>\n<td>8,5<\/td>\n<td>8,75<\/td>\n<\/tr>\n<tr>\n<td>+AR (%)<\/td>\n<td>120<\/td>\n<td>130<\/td>\n<td>140<\/td>\n<td>150<\/td>\n<td>160<\/td>\n<td>170<\/td>\n<td>180<\/td>\n<td>190<\/td>\n<td>200<\/td>\n<td>210<\/td>\n<\/tr>\n<tr>\n<td>+Element\u00e1ln\u00ed DMG (%)<\/td>\n<td>130<\/td>\n<td>136<\/td>\n<td>142<\/td>\n<td>148<\/td>\n<td>154<\/td>\n<td>160<\/td>\n<td>166<\/td>\n<td>172<\/td>\n<td>178<\/td>\n<td>184<\/td>\n<\/tr>\n<tr>\n<td>Doba (s)<\/td>\n<td>7,2<\/td>\n<td>7,8<\/td>\n<td>8,4<\/td>\n<td>9,0<\/td>\n<td>9,6<\/td>\n<td>10,2<\/td>\n<td>10,8<\/td>\n<td>11,4<\/td>\n<td>12,0<\/td>\n<td>12,6<\/td>\n<\/tr>\n<\/tbody>\n<\/table>\n<table>\n<thead>\n<tr>\n<th style=\"width:100px\">\u00darovn\u011b<\/th>\n<th style=\"width:40px\">21<\/th>\n<th style=\"width:40px\">22<\/th>\n<th style=\"width:40px\">23<\/th>\n<th style=\"width:40px\">24<\/th>\n<th style=\"width:40px\">25<\/th>\n<th style=\"width:40px\">26<\/th>\n<th style=\"width:40px\">27<\/th>\n<th style=\"width:40px\">28<\/th>\n<th style=\"width:40px\">29<\/th>\n<th style=\"width:40px\">30<\/th>\n<\/tr>\n<\/thead>\n<tbody>\n<tr>\n<td>Mana<\/td>\n<td>9<\/td>\n<td>9,25<\/td>\n<td>9,5<\/td>\n<td>9,75<\/td>\n<td>10<\/td>\n<td>10,25<\/td>\n<td>10,5<\/td>\n<td>10,75<\/td>\n<td>11<\/td>\n<td>11,25<\/td>\n<\/tr>\n<tr>\n<td>+AR (%)<\/td>\n<td>220<\/td>\n<td>230<\/td>\n<td>240<\/td>\n<td>250<\/td>\n<td>260<\/td>\n<td>270<\/td>\n<td>280<\/td>\n<td>290<\/td>\n<td>300<\/td>\n<td>310<\/td>\n<\/tr>\n<tr>\n<td>+Element\u00e1ln\u00ed DMG (%)<\/td>\n<td>190<\/td>\n<td>196<\/td>\n<td>202<\/td>\n<td>208<\/td>\n<td>214<\/td>\n<td>220<\/td>\n<td>226<\/td>\n<td>232<\/td>\n<td>238<\/td>\n<td>244<\/td>\n<\/tr>\n<tr>\n<td>Doba (s)<\/td>\n<td>13,2<\/td>\n<td>13,8<\/td>\n<td>14,4<\/td>\n<td>15,0<\/td>\n<td>15,6<\/td>\n<td>16,2<\/td>\n<td>16,8<\/td>\n<td>17,4<\/td>\n<td>18,0<\/td>\n<td>18,6<\/td>\n<\/tr>\n<tr>\n<th>\u00darovn\u011b<\/th>\n<th>31<\/th>\n<th>32<\/th>\n<th>33<\/th>\n<th>34<\/th>\n<th>35<\/th>\n<th>36<\/th>\n<th>37<\/th>\n<th>38<\/th>\n<th>39<\/th>\n<th>40<\/th>\n<\/tr>\n<tr>\n<td>Mana<\/td>\n<td>11,5<\/td>\n<td>11,75<\/td>\n<td>12<\/td>\n<td>12,25<\/td>\n<td>12,5<\/td>\n<td>12,75<\/td>\n<td>13<\/td>\n<td>13,25<\/td>\n<td>13,5<\/td>\n<td>13,75<\/td>\n<\/tr>\n<tr>\n<td>+AR (%)<\/td>\n<td>320<\/td>\n<td>330<\/td>\n<td>340<\/td>\n<td>350<\/td>\n<td>360<\/td>\n<td>370<\/td>\n<td>380<\/td>\n<td>390<\/td>\n<td>400<\/td>\n<td>410<\/td>\n<\/tr>\n<tr>\n<td>+Element\u00e1ln\u00ed DMG (%)<\/td>\n<td>250<\/td>\n<td>256<\/td>\n<td>262<\/td>\n<td>268<\/td>\n<td>274<\/td>\n<td>280<\/td>\n<td>286<\/td>\n<td>292<\/td>\n<td>298<\/td>\n<td>304<\/td>\n<\/tr>\n<tr>\n<td>Doba (s)<\/td>\n<td>19,2<\/td>\n<td>19,8<\/td>\n<td>20,4<\/td>\n<td>21,0<\/td>\n<td>21,6<\/td>\n<td>22,2<\/td>\n<td>22,8<\/td>\n<td>23,4<\/td>\n<td>24,0<\/td>\n<td>24,6<\/td>\n<\/tr>\n<\/tbody>\n<\/table>\n<p>Odplatou postava ud\u011bl\u00ed monstru nejen fyzick\u00e9 \u0161kody, ale i\u00a0ohniv\u00e9, ledov\u00e9 a bleskov\u00e9 \u0161kody (v\u0161e dohromady jsou element\u00e1ln\u00ed \u0161kody), vypo\u010d\u00edtan\u00e9 ze z\u00e1kladu na zbrani. Spolu s\u00a0t\u00edm je nep\u0159\u00e1telsk\u00e1 potvora na ur\u010ditou dobu zpomalena.<\/p>\n<p>Do kalkulace element\u00e1ln\u00edch \u0161kod se vych\u00e1z\u00ed z\u00a0fyzick\u00e9 \u0161kody zbran\u011b. K\u00a0t\u00e9 se p\u0159i\u010dte i\u00a0bonus 50\u00a0% za \u00e9teri\u010dnost (Ethereal). Ke \u0161kod\u011b na zbrani se p\u0159ipo\u010dtou je\u0161t\u011b polo\u017eky +Minimum a +Maximum Damage, v\u010detn\u011b t\u011bch, kter\u00e9 jsou odvozeny od levlu postavy.<\/p>\n<p>Do kalkulace element\u00e1ln\u00edch \u0161kod nebudou zapo\u010d\u00edt\u00e1ny:<\/p>\n<ul>\n<li>procentn\u00ed modifik\u00e1tory fyzick\u00fdch \u0161kod z\u00a0aur a z\u00a0faktoru\u00a0s\u00edly.<\/li>\n<li><a href=\"https:\/\/www.diablofans.cz\/d2\/vlastnosti-damage-plus\">Damage +<\/a><\/li>\n<li><a href=\"https:\/\/www.diablofans.cz\/d2\/herni-postavy-amazon-skilly-passive-and-magic-critical-strike\">Critical Strike<\/a><\/li>\n<li><a href=\"https:\/\/www.diablofans.cz\/d2\/vlastnosti-deadly-strike\">Deadly Strike<\/a>.<\/li>\n<\/ul>\n<p>Po proveden\u00ed kalkulace element\u00e1ln\u00edch \u0161kod jsou v\u0161echny v\u00fd\u0161e uveden\u00e9 vlastnosti uplatn\u011bny pouze na fyzickou slo\u017eku.<\/p>\n<p>Skilly <a href=\"https:\/\/www.diablofans.cz\/d2\/herni-postavy-sorceress-skilly-fire-spells-fire-mastery\">Fire Mastery<\/a> a <a href=\"https:\/\/www.diablofans.cz\/d2\/herni-postavy-sorceress-skilly-lightning-spells-lightning-mastery\">Lightning Mastery<\/a> a vlastnosti <a href=\"https:\/\/www.diablofans.cz\/d2\/vlastnosti-skill-damage\">+% Skill Damage<\/a> jsou uplatn\u011bny a\u017e po p\u0159id\u00e1n\u00ed element\u00e1ln\u00edch \u0161kod na zbra\u0148. Proto je jejich n\u00e1r\u016fst vskutku velmi\u00a0velk\u00fd.<\/p>\n<p>D\u00edky p\u0159\u00edtomnosti v\u0161ech element\u016f krom\u011b jedu a magie je tento skill univerz\u00e1ln\u00ed a jeho u\u017eivatel by nem\u011bl narazit na probl\u00e9my s\u00a0imunitami.<\/p>\n<h3>V\u00fdpo\u010dty<\/h3>\n<ul>\n<li>Mana = 3,75 + 0,25 * slvl<\/li>\n<li>+AR (%) = 10 + 10 * slvl %<\/li>\n<li>+Fire Damage (%) = 64 + 6 * slvl %<\/li>\n<li>+Cold Damage (%) = 64 + 6 * slvl %<\/li>\n<li>+Lightning Damage (%) = 64 + 6 * slvl %<\/li>\n<li>Doba zmra\u017een\u00ed (s) = 0,6 + 0,6 * slvl<\/li>\n<\/ul>\n<p>(slvl = \u00farove\u0148 skillu)<\/p>\n<h3>V\u00fdskyt dovednosti<\/h3>\n<p><strong>N\u011bkter\u00e9 p\u0159edm\u011bty poskytuj\u00ed bonus k\u00a0tomuto skillu:<\/strong><\/p>\n<ul>\n<li>V\u0161echny p\u0159edm\u011bty typu <a href=\"https:\/\/www.diablofans.cz\/d2\/predmety-normal-scepters\">Scepter<\/a> (ilvl&gt;18): +1\u20133 to Vengeance (Paladin Only) (varies)<\/li>\n<li><a href=\"https:\/\/www.diablofans.cz\/d2\/predmety-unique-normal-scepters\">Rusthandle Grand Scepter<\/a>: +1\u20133 to Vengeance (Paladin Only) (varies)<\/li>\n<li><a href=\"https:\/\/www.diablofans.cz\/d2\/runova-slova-1-10#realmova\">Kingslayer<\/a> me\u010d\/sekyra: +1\u00a0to Vengeance\u00a0\u2013\u00a0<a href=\"https:\/\/www.diablofans.cz\/d2\/dovednosti#oskills\">oskill<\/a><\/li>\n<\/ul>\n<p><strong>Dovednost se vyskytuje na \u201enabit\u00fdch\u201c p\u0159edm\u011btech (Charges):<\/strong><\/p>\n<ul>\n<li>Vyskytuje se na Magic nebo Rare p\u0159edm\u011btech typu Scepter, paladinsk\u00fd \u0161t\u00edt, sekera,\u00a0me\u010d.<\/li>\n<li>\u00darovn\u011b: 1\u20136<\/li>\n<li>V\u00a0tabulce je zn\u00e1zorn\u011bn minim\u00e1ln\u00ed po\u017eadavek na \u00farove\u0148 p\u0159edm\u011btu (ilvl) na \u00farove\u0148 skillu spole\u010dn\u011b s\u00a0po\u010dtem n\u00e1boj\u016f (Charges)<\/li>\n<\/ul>\n<p>Pro Sceptery a paladinsk\u00e9 \u0161t\u00edty plat\u00ed:<\/p>\n<table>\n<thead>\n<tr>\n<th>\u00darove\u0148 skillu<\/th>\n<th>1<\/th>\n<th>2<\/th>\n<th>3<\/th>\n<th>4<\/th>\n<th>5<\/th>\n<th>6<\/th>\n<\/tr>\n<\/thead>\n<tbody>\n<tr>\n<td>Minim\u00e1ln\u00ed ilvl<\/td>\n<td>31<\/td>\n<td>44<\/td>\n<td>57<\/td>\n<td>70<\/td>\n<td>83<\/td>\n<td>96<\/td>\n<\/tr>\n<tr>\n<td>Po\u010det Charges<\/td>\n<td>33<\/td>\n<td>37<\/td>\n<td>41<\/td>\n<td>45<\/td>\n<td>48<\/td>\n<td>52<\/td>\n<\/tr>\n<\/tbody>\n<\/table>\n<p>Pro sekery a me\u010de plat\u00ed:<\/p>\n<table>\n<thead>\n<tr>\n<th>\u00darove\u0148 skillu<\/th>\n<th>1<\/th>\n<th>2<\/th>\n<th>3<\/th>\n<\/tr>\n<\/thead>\n<tbody>\n<tr>\n<td>Minim\u00e1ln\u00ed ilvl<\/td>\n<td>45<\/td>\n<td>72<\/td>\n<td>99<\/td>\n<\/tr>\n<tr>\n<td>Po\u010det Charges<\/td>\n<td>22<\/td>\n<td>25<\/td>\n<td>27<\/td>\n<\/tr>\n<\/tbody>\n<\/table>\n<hr \/>\n<p><em>Paladin\u016fm, kte\u0159\u00ed se vydaj\u00ed na k\u0159\u00ed\u017eovou v\u00fdpravu proti sil\u00e1m zla, je povoleno vz\u00fdvat du\u0161e zem\u0159el\u00fdch z\u00a0p\u0159edchoz\u00edch v\u00fdprav. Paladinovi se uk\u00e1\u017e\u00ed duchov\u00e9 zem\u0159el\u00fdch po\u010destn\u00fdch hrdin\u016f, kte\u0159\u00ed mu pomohou prop\u016fj\u010den\u00edm sv\u00e9 element\u00e1ln\u00ed energie na Paladinovu\u00a0zbra\u0148.<\/em><\/p>\n<p style=\"text-align:center\">&#8212;\u00a0\u2014 &#8212;\u00a0\u2014 &#8212;\u00a0\u2014 &#8212;\u00a0\u2014 &#8212;\u00a0\u2014 &#8212;\u00a0\u2014 &#8212;\u00a0\u2014 &#8212;\u00a0\u2014 &#8212;\u00a0\u2014 &#8212;\u00a0\u2014 &#8212;\u00a0\u2014\u00a0&#8212;<\/p>\n<p style=\"text-align:center\"><a href=\"https:\/\/www.diablofans.cz\/d2\/herni-postavy-paladin-skilly-combat-skills\">\u00ab Zp\u011bt do sekce Hern\u00ed postavy\u00a0\u2013 Paladin\u00a0\u2013 Skilly\u00a0\u2013 Combat\u00a0Skills<\/a><\/p>\n<\/p><\/div>\n<p> <!-- by Texy2! --><\/p>\n","protected":false},"excerpt":{"rendered":"<p>Paladin\u00a0\u2013 Defensive Auras\u00a0\u2013 Offensive Auras\u00a0\u2013 Combat\u00a0Skills Sacrifice Smite Holy Bolt Zeal Charge Vengeance Blessed Hammer Conversion Holy Shield Fist of the Heavens Vengeance Pot\u0159ebn\u00fd level: 18 Pot\u0159ebn\u00e9 skilly: Sacrifice, Zeal Typ: Element\u00e1ln\u00ed \u00fatok na bl\u00edzko Lev\u00e9 tla\u010d\u00edtko: Ano Vengeance dost\u00e1v\u00e1 synergick\u00e9 bonusy ze skill\u016f: Resist Fire: +10\u00a0% k\u00a0ohniv\u00fdm \u0161kod\u00e1m za level Resist Cold: +10\u00a0% k\u00a0ledov\u00fdm [&#8230;]<\/p>\n<p><a class=\"btn btn-secondary understrap-read-more-link\" href=\"https:\/\/www.diablofans.cz\/d2\/herni-postavy-paladin-skilly-combat-skills-vengeance\/\">\u010c\u00edst d\u00e1le&#8230;<span class=\"screen-reader-text\"> from Paladin &#8211; Skilly &#8211; Combat Skills &#8211; Vengeance<\/span><\/a><\/p>\n","protected":false},"author":1,"featured_media":0,"parent":0,"menu_order":0,"comment_status":"open","ping_status":"open","template":"","meta":{"footnotes":""},"class_list":["post-3327","page","type-page","status-publish","hentry"],"_links":{"self":[{"href":"https:\/\/www.diablofans.cz\/d2\/wp-json\/wp\/v2\/pages\/3327","targetHints":{"allow":["GET"]}}],"collection":[{"href":"https:\/\/www.diablofans.cz\/d2\/wp-json\/wp\/v2\/pages"}],"about":[{"href":"https:\/\/www.diablofans.cz\/d2\/wp-json\/wp\/v2\/types\/page"}],"author":[{"embeddable":true,"href":"https:\/\/www.diablofans.cz\/d2\/wp-json\/wp\/v2\/users\/1"}],"replies":[{"embeddable":true,"href":"https:\/\/www.diablofans.cz\/d2\/wp-json\/wp\/v2\/comments?post=3327"}],"version-history":[{"count":0,"href":"https:\/\/www.diablofans.cz\/d2\/wp-json\/wp\/v2\/pages\/3327\/revisions"}],"wp:attachment":[{"href":"https:\/\/www.diablofans.cz\/d2\/wp-json\/wp\/v2\/media?parent=3327"}],"curies":[{"name":"wp","href":"https:\/\/api.w.org\/{rel}","templated":true}]}}